{"id":9240,"date":"2023-07-21T09:10:36","date_gmt":"2023-07-21T07:10:36","guid":{"rendered":"https:\/\/callidusprolab.com\/smartfense\/recursos\/"},"modified":"2024-09-16T13:05:26","modified_gmt":"2024-09-16T11:05:26","slug":"recursos","status":"publish","type":"page","link":"https:\/\/smartfense.com\/pt-pt\/recursos\/","title":{"rendered":"Recursos"},"content":{"rendered":"\t\t<div data-elementor-type=\"wp-page\" data-elementor-id=\"9240\" class=\"elementor elementor-9240 elementor-3959\">\n\t\t\t\t<div class=\"elementor-element elementor-element-baf7a35 e-flex e-con-boxed e-con e-parent\" data-id=\"baf7a35\" data-element_type=\"container\">\n\t\t\t\t\t<div class=\"e-con-inner\">\n\t\t<div class=\"elementor-element elementor-element-0acf31b e-con-full e-flex e-con e-child\" data-id=\"0acf31b\" data-element_type=\"container\">\n\t\t\t\t<div class=\"elementor-element elementor-element-d177bc8 elementor-widget elementor-widget-heading bdevs-el heading\" data-id=\"d177bc8\" data-element_type=\"widget\" data-widget_type=\"heading.default\">\n\t\t\t\t<div class=\"elementor-widget-container\">\n\t\t\t\n\n\n \n <div class=\"section__title-wrapper wow fadeInUp2 section-heading p-0\" data-wow-delay=\".3s\">\n\n \n\n\n <h2 class=\"section__title section-title\">Ferramentas gratuitas\n<\/h2>\n \n <p>Colocamos \u00e0 sua disposi\u00e7\u00e3o uma s\u00e9rie de ferramentas que o podem ajudar a conhecer melhor a sua organiza\u00e7\u00e3o e a sua exposi\u00e7\u00e3o \u00e0 ciberfraude.<\/p>\n\n \n <\/div>\n\n \n\n \t\t<\/div>\n\t\t\t\t<\/div>\n\t\t\t\t<div class=\"elementor-element elementor-element-6e5d6f1 elementor-widget elementor-widget-html\" data-id=\"6e5d6f1\" data-element_type=\"widget\" data-widget_type=\"html.default\">\n\t\t\t\t<div class=\"elementor-widget-container\">\n\t\t\t<a href=\"https:\/\/smartfense.com\/pt-pt\/recursos\/herramientas\/\" class=\"w-btn\">\nVer ferramentas<\/a>\t\t<\/div>\n\t\t\t\t<\/div>\n\t\t\t\t<\/div>\n\t\t<div class=\"elementor-element elementor-element-dae0d6d e-con-full e-flex elementor-invisible e-con e-child\" data-id=\"dae0d6d\" data-element_type=\"container\" data-settings=\"{&quot;animation&quot;:&quot;fadeInRight&quot;}\">\n\t\t\t\t<div class=\"elementor-element elementor-element-a1d5304 elementor-widget elementor-widget-image\" data-id=\"a1d5304\" data-element_type=\"widget\" data-widget_type=\"image.default\">\n\t\t\t\t<div class=\"elementor-widget-container\">\n\t\t\t\t\t\t\t\t\t\t\t\t\t<img fetchpriority=\"high\" decoding=\"async\" width=\"640\" height=\"336\" src=\"https:\/\/smartfense.com\/file\/2023\/08\/free-tools-1024x538.jpg\" class=\"attachment-large size-large wp-image-10646\" alt=\"\" srcset=\"https:\/\/smartfense.com\/file\/2023\/08\/free-tools-1024x538.jpg 1024w, https:\/\/smartfense.com\/file\/2023\/08\/free-tools-300x158.jpg 300w, https:\/\/smartfense.com\/file\/2023\/08\/free-tools-768x403.jpg 768w, https:\/\/smartfense.com\/file\/2023\/08\/free-tools.jpg 1200w\" sizes=\"(max-width: 640px) 100vw, 640px\" \/>\t\t\t\t\t\t\t\t\t\t\t\t\t<\/div>\n\t\t\t\t<\/div>\n\t\t\t\t<\/div>\n\t\t\t\t\t<\/div>\n\t\t\t\t<\/div>\n\t\t<div class=\"elementor-element elementor-element-4fbc8a6 e-flex e-con-boxed e-con e-parent\" data-id=\"4fbc8a6\" data-element_type=\"container\" data-settings=\"{&quot;background_background&quot;:&quot;classic&quot;}\">\n\t\t\t\t\t<div class=\"e-con-inner\">\n\t\t<div class=\"elementor-element elementor-element-1c65dce e-con-full e-flex elementor-invisible e-con e-child\" data-id=\"1c65dce\" data-element_type=\"container\" data-settings=\"{&quot;animation&quot;:&quot;fadeInLeft&quot;}\">\n\t\t\t\t<div class=\"elementor-element elementor-element-eb1a01b elementor-widget elementor-widget-image\" data-id=\"eb1a01b\" data-element_type=\"widget\" data-widget_type=\"image.default\">\n\t\t\t\t<div class=\"elementor-widget-container\">\n\t\t\t\t\t\t\t\t\t\t\t\t\t<img decoding=\"async\" width=\"640\" height=\"336\" src=\"https:\/\/smartfense.com\/file\/2023\/08\/whitepapers-1024x538.jpg\" class=\"attachment-large size-large wp-image-10657\" alt=\"\" srcset=\"https:\/\/smartfense.com\/file\/2023\/08\/whitepapers-1024x538.jpg 1024w, https:\/\/smartfense.com\/file\/2023\/08\/whitepapers-300x158.jpg 300w, https:\/\/smartfense.com\/file\/2023\/08\/whitepapers-768x403.jpg 768w, https:\/\/smartfense.com\/file\/2023\/08\/whitepapers.jpg 1200w\" sizes=\"(max-width: 640px) 100vw, 640px\" \/>\t\t\t\t\t\t\t\t\t\t\t\t\t<\/div>\n\t\t\t\t<\/div>\n\t\t\t\t<\/div>\n\t\t<div class=\"elementor-element elementor-element-08a267f e-con-full e-flex e-con e-child\" data-id=\"08a267f\" data-element_type=\"container\">\n\t\t\t\t<div class=\"elementor-element elementor-element-6d676fc elementor-widget elementor-widget-heading bdevs-el heading\" data-id=\"6d676fc\" data-element_type=\"widget\" data-widget_type=\"heading.default\">\n\t\t\t\t<div class=\"elementor-widget-container\">\n\t\t\t\n\n\n \n <div class=\"section__title-wrapper wow fadeInUp2 section-heading p-0\" data-wow-delay=\".3s\">\n\n \n\n\n <h2 class=\"section__title section-title\">Guias e documentos t\u00e9cnicos<\/h2>\n \n <p>Com a premissa de fornecer informa\u00e7\u00e3o de qualidade aos CISO, a SMARTFENSE desenvolveu uma s\u00e9rie de documentos sobre temas de Seguran\u00e7a da Informa\u00e7\u00e3o que disponibilizamos gratuitamente.<\/p>\n\n \n <\/div>\n\n \n\n \t\t<\/div>\n\t\t\t\t<\/div>\n\t\t\t\t<div class=\"elementor-element elementor-element-b1f99e2 elementor-widget elementor-widget-html\" data-id=\"b1f99e2\" data-element_type=\"widget\" data-widget_type=\"html.default\">\n\t\t\t\t<div class=\"elementor-widget-container\">\n\t\t\t<a href=\"https:\/\/smartfense.com\/pt-pt\/recursos\/guias-y-whitepapers\/\" class=\"w-btn\">\nMais informa\u00e7\u00e3o<\/a>\t\t<\/div>\n\t\t\t\t<\/div>\n\t\t\t\t<\/div>\n\t\t\t\t\t<\/div>\n\t\t\t\t<\/div>\n\t\t<div class=\"elementor-element elementor-element-799f9d5 e-flex e-con-boxed e-con e-parent\" data-id=\"799f9d5\" data-element_type=\"container\">\n\t\t\t\t\t<div class=\"e-con-inner\">\n\t\t<div class=\"elementor-element elementor-element-29f9d59 e-con-full e-flex e-con e-child\" data-id=\"29f9d59\" data-element_type=\"container\">\n\t\t\t\t<div class=\"elementor-element elementor-element-f20ad34 elementor-widget elementor-widget-heading bdevs-el heading\" data-id=\"f20ad34\" data-element_type=\"widget\" data-widget_type=\"heading.default\">\n\t\t\t\t<div class=\"elementor-widget-container\">\n\t\t\t\n\n\n \n <div class=\"section__title-wrapper wow fadeInUp2 section-heading p-0\" data-wow-delay=\".3s\">\n\n \n\n\n <h2 class=\"section__title section-title\">Casos de sucesso<\/h2>\n \n <p>Saiba como a SMARTFENSE ajudou organiza\u00e7\u00f5es de diferentes sectores a reduzir o risco do fator humano, a melhorar o comportamento dos utilizadores e a garantir a conformidade.<\/p>\n\n \n <\/div>\n\n \n\n \t\t<\/div>\n\t\t\t\t<\/div>\n\t\t\t\t<div class=\"elementor-element elementor-element-dfcfac6 elementor-widget elementor-widget-html\" data-id=\"dfcfac6\" data-element_type=\"widget\" data-widget_type=\"html.default\">\n\t\t\t\t<div class=\"elementor-widget-container\">\n\t\t\t<a href=\"https:\/\/smartfense.com\/pt-pt\/recursos\/casos-de-exito\/\" class=\"w-btn\">\nMais informa\u00e7\u00e3o<\/a>\t\t<\/div>\n\t\t\t\t<\/div>\n\t\t\t\t<\/div>\n\t\t<div class=\"elementor-element elementor-element-bb7b980 e-con-full e-flex elementor-invisible e-con e-child\" data-id=\"bb7b980\" data-element_type=\"container\" data-settings=\"{&quot;animation&quot;:&quot;fadeInRight&quot;}\">\n\t\t\t\t<div class=\"elementor-element elementor-element-30b6a98 elementor-widget elementor-widget-image\" data-id=\"30b6a98\" data-element_type=\"widget\" data-widget_type=\"image.default\">\n\t\t\t\t<div class=\"elementor-widget-container\">\n\t\t\t\t\t\t\t\t\t\t\t\t\t<img decoding=\"async\" width=\"640\" height=\"336\" src=\"https:\/\/smartfense.com\/file\/2023\/07\/casos-de-exito-1024x538.jpg\" class=\"attachment-large size-large wp-image-5223\" alt=\"\" srcset=\"https:\/\/smartfense.com\/file\/2023\/07\/casos-de-exito-1024x538.jpg 1024w, https:\/\/smartfense.com\/file\/2023\/07\/casos-de-exito-300x158.jpg 300w, https:\/\/smartfense.com\/file\/2023\/07\/casos-de-exito-768x403.jpg 768w, https:\/\/smartfense.com\/file\/2023\/07\/casos-de-exito.jpg 1200w\" sizes=\"(max-width: 640px) 100vw, 640px\" \/>\t\t\t\t\t\t\t\t\t\t\t\t\t<\/div>\n\t\t\t\t<\/div>\n\t\t\t\t<\/div>\n\t\t\t\t\t<\/div>\n\t\t\t\t<\/div>\n\t\t<div class=\"elementor-element elementor-element-e9684a9 e-flex e-con-boxed e-con e-parent\" data-id=\"e9684a9\" data-element_type=\"container\" data-settings=\"{&quot;background_background&quot;:&quot;classic&quot;}\">\n\t\t\t\t\t<div class=\"e-con-inner\">\n\t\t<div class=\"elementor-element elementor-element-66c52a1 e-con-full e-flex elementor-invisible e-con e-child\" data-id=\"66c52a1\" data-element_type=\"container\" data-settings=\"{&quot;animation&quot;:&quot;fadeInLeft&quot;}\">\n\t\t\t\t<div class=\"elementor-element elementor-element-157f113 elementor-widget elementor-widget-image\" data-id=\"157f113\" data-element_type=\"widget\" data-widget_type=\"image.default\">\n\t\t\t\t<div class=\"elementor-widget-container\">\n\t\t\t\t\t\t\t\t\t\t\t\t\t<img loading=\"lazy\" decoding=\"async\" width=\"640\" height=\"336\" src=\"https:\/\/smartfense.com\/file\/2023\/08\/videogames-1024x538.jpg\" class=\"attachment-large size-large wp-image-10663\" alt=\"\" srcset=\"https:\/\/smartfense.com\/file\/2023\/08\/videogames-1024x538.jpg 1024w, https:\/\/smartfense.com\/file\/2023\/08\/videogames-300x158.jpg 300w, https:\/\/smartfense.com\/file\/2023\/08\/videogames-768x403.jpg 768w, https:\/\/smartfense.com\/file\/2023\/08\/videogames.jpg 1200w\" sizes=\"(max-width: 640px) 100vw, 640px\" \/>\t\t\t\t\t\t\t\t\t\t\t\t\t<\/div>\n\t\t\t\t<\/div>\n\t\t\t\t<\/div>\n\t\t<div class=\"elementor-element elementor-element-6005602 e-con-full e-flex e-con e-child\" data-id=\"6005602\" data-element_type=\"container\">\n\t\t\t\t<div class=\"elementor-element elementor-element-02f65ee elementor-widget elementor-widget-heading bdevs-el heading\" data-id=\"02f65ee\" data-element_type=\"widget\" data-widget_type=\"heading.default\">\n\t\t\t\t<div class=\"elementor-widget-container\">\n\t\t\t\n\n\n \n <div class=\"section__title-wrapper wow fadeInUp2 section-heading p-0\" data-wow-delay=\".3s\">\n\n \n\n\n <h2 class=\"section__title section-title\">Videojogos<\/h2>\n \n <p>Jogar e aprender andam de m\u00e3os dadas. A aprendizagem baseada em jogos consiste em apresentar os conte\u00fados de um processo de forma\u00e7\u00e3o atrav\u00e9s de um jogo de v\u00eddeo.<\/p>\n\n \n <\/div>\n\n \n\n \t\t<\/div>\n\t\t\t\t<\/div>\n\t\t\t\t<div class=\"elementor-element elementor-element-168158f elementor-widget elementor-widget-html\" data-id=\"168158f\" data-element_type=\"widget\" data-widget_type=\"html.default\">\n\t\t\t\t<div class=\"elementor-widget-container\">\n\t\t\t<a href=\"https:\/\/smartfense.com\/pt-pt\/recursos\/juega-online\/\" class=\"w-btn\">\nMais informa\u00e7\u00e3o<\/a>\t\t<\/div>\n\t\t\t\t<\/div>\n\t\t\t\t<\/div>\n\t\t\t\t\t<\/div>\n\t\t\t\t<\/div>\n\t\t\t\t<\/div>\n\t\t","protected":false},"excerpt":{"rendered":"<p>Ferramentas gratuitas Colocamos \u00e0 sua disposi\u00e7\u00e3o uma s\u00e9rie de ferramentas que o podem ajudar a conhecer melhor a sua organiza\u00e7\u00e3o e a sua exposi\u00e7\u00e3o \u00e0 ciberfraude. Ver ferramentas Guias e [&hellip;]<\/p>\n","protected":false},"author":1,"featured_media":10646,"parent":0,"menu_order":0,"comment_status":"closed","ping_status":"closed","template":"elementor_header_footer","meta":{"_acf_changed":false,"footnotes":""},"class_list":["post-9240","page","type-page","status-publish","has-post-thumbnail","hentry"],"acf":[],"yoast_head":" \n<title>Recursos - Ferramentas gratuitas - SMARTFENSE - Sensibiliza\u00e7\u00e3o para a ciberseguran\u00e7a<\/title>\n<meta name=\"description\" content=\"Na se\u00e7\u00e3o Recursos voc\u00ea encontrar\u00e1: Ferramentas gratuitas \u00fateis para sua organiza\u00e7\u00e3o, Guias e Whitepapers, Casos de sucesso, Videojogos.\" \/>\n<meta name=\"robots\" content=\"index, follow, max-snippet:-1, max-image-preview:large, max-video-preview:-1\" \/>\n<link rel=\"canonical\" href=\"https:\/\/smartfense.com\/pt-pt\/recursos\/\" \/>\n<meta property=\"og:locale\" content=\"pt_PT\" \/>\n<meta property=\"og:type\" content=\"article\" \/>\n<meta property=\"og:title\" content=\"Recursos - Ferramentas gratuitas - SMARTFENSE - Sensibiliza\u00e7\u00e3o para a ciberseguran\u00e7a\" \/>\n<meta property=\"og:description\" content=\"Na se\u00e7\u00e3o Recursos voc\u00ea encontrar\u00e1: Ferramentas gratuitas \u00fateis para sua organiza\u00e7\u00e3o, Guias e Whitepapers, Casos de sucesso, Videojogos.\" \/>\n<meta property=\"og:url\" content=\"https:\/\/smartfense.com\/pt-pt\/recursos\/\" \/>\n<meta property=\"og:site_name\" content=\"SMARTFENSE - Sensibiliza\u00e7\u00e3o para a ciberseguran\u00e7a\" \/>\n<meta property=\"article:modified_time\" content=\"2024-09-16T11:05:26+00:00\" \/>\n<meta property=\"og:image\" content=\"https:\/\/smartfense.com\/file\/2023\/08\/free-tools.jpg\" \/>\n\t<meta property=\"og:image:width\" content=\"1200\" \/>\n\t<meta property=\"og:image:height\" content=\"630\" \/>\n\t<meta property=\"og:image:type\" content=\"image\/jpeg\" \/>\n<meta name=\"twitter:card\" content=\"summary_large_image\" \/>\n<meta name=\"twitter:label1\" content=\"Tempo estimado de leitura\" \/>\n\t<meta name=\"twitter:data1\" content=\"2 minutos\" \/>\n<script type=\"application\/ld+json\" class=\"yoast-schema-graph\">{\"@context\":\"https:\\\/\\\/schema.org\",\"@graph\":[{\"@type\":\"WebPage\",\"@id\":\"https:\\\/\\\/smartfense.com\\\/pt-pt\\\/recursos\\\/\",\"url\":\"https:\\\/\\\/smartfense.com\\\/pt-pt\\\/recursos\\\/\",\"name\":\"Recursos - Ferramentas gratuitas - SMARTFENSE - Sensibiliza\u00e7\u00e3o para a ciberseguran\u00e7a\",\"isPartOf\":{\"@id\":\"https:\\\/\\\/smartfense.com\\\/pt-pt\\\/#website\"},\"primaryImageOfPage\":{\"@id\":\"https:\\\/\\\/smartfense.com\\\/pt-pt\\\/recursos\\\/#primaryimage\"},\"image\":{\"@id\":\"https:\\\/\\\/smartfense.com\\\/pt-pt\\\/recursos\\\/#primaryimage\"},\"thumbnailUrl\":\"https:\\\/\\\/smartfense.com\\\/wp-content\\\/uploads\\\/2023\\\/08\\\/free-tools.jpg\",\"datePublished\":\"2023-07-21T07:10:36+00:00\",\"dateModified\":\"2024-09-16T11:05:26+00:00\",\"description\":\"Na se\u00e7\u00e3o Recursos voc\u00ea encontrar\u00e1: Ferramentas gratuitas \u00fateis para sua organiza\u00e7\u00e3o, Guias e Whitepapers, Casos de sucesso, Videojogos.\",\"breadcrumb\":{\"@id\":\"https:\\\/\\\/smartfense.com\\\/pt-pt\\\/recursos\\\/#breadcrumb\"},\"inLanguage\":\"pt-PT\",\"potentialAction\":[{\"@type\":\"ReadAction\",\"target\":[\"https:\\\/\\\/smartfense.com\\\/pt-pt\\\/recursos\\\/\"]}]},{\"@type\":\"ImageObject\",\"inLanguage\":\"pt-PT\",\"@id\":\"https:\\\/\\\/smartfense.com\\\/pt-pt\\\/recursos\\\/#primaryimage\",\"url\":\"https:\\\/\\\/smartfense.com\\\/wp-content\\\/uploads\\\/2023\\\/08\\\/free-tools.jpg\",\"contentUrl\":\"https:\\\/\\\/smartfense.com\\\/wp-content\\\/uploads\\\/2023\\\/08\\\/free-tools.jpg\",\"width\":1200,\"height\":630},{\"@type\":\"BreadcrumbList\",\"@id\":\"https:\\\/\\\/smartfense.com\\\/pt-pt\\\/recursos\\\/#breadcrumb\",\"itemListElement\":[{\"@type\":\"ListItem\",\"position\":1,\"name\":\"Portada\",\"item\":\"https:\\\/\\\/smartfense.com\\\/pt-pt\\\/\"},{\"@type\":\"ListItem\",\"position\":2,\"name\":\"Recursos\"}]},{\"@type\":\"WebSite\",\"@id\":\"https:\\\/\\\/smartfense.com\\\/pt-pt\\\/#website\",\"url\":\"https:\\\/\\\/smartfense.com\\\/pt-pt\\\/\",\"name\":\"SMARTFENSE - Concienciaci\u00f3n en Ciberseguridad\",\"description\":\"\",\"publisher\":{\"@id\":\"https:\\\/\\\/smartfense.com\\\/pt-pt\\\/#organization\"},\"potentialAction\":[{\"@type\":\"SearchAction\",\"target\":{\"@type\":\"EntryPoint\",\"urlTemplate\":\"https:\\\/\\\/smartfense.com\\\/pt-pt\\\/?s={search_term_string}\"},\"query-input\":{\"@type\":\"PropertyValueSpecification\",\"valueRequired\":true,\"valueName\":\"search_term_string\"}}],\"inLanguage\":\"pt-PT\"},{\"@type\":\"Organization\",\"@id\":\"https:\\\/\\\/smartfense.com\\\/pt-pt\\\/#organization\",\"name\":\"SMARTFENSE\",\"url\":\"https:\\\/\\\/smartfense.com\\\/pt-pt\\\/\",\"logo\":{\"@type\":\"ImageObject\",\"inLanguage\":\"pt-PT\",\"@id\":\"https:\\\/\\\/smartfense.com\\\/pt-pt\\\/#\\\/schema\\\/logo\\\/image\\\/\",\"url\":\"https:\\\/\\\/smartfense.com\\\/wp-content\\\/uploads\\\/2023\\\/08\\\/logo-smartfense-240x40-1.png\",\"contentUrl\":\"https:\\\/\\\/smartfense.com\\\/wp-content\\\/uploads\\\/2023\\\/08\\\/logo-smartfense-240x40-1.png\",\"width\":241,\"height\":40,\"caption\":\"SMARTFENSE\"},\"image\":{\"@id\":\"https:\\\/\\\/smartfense.com\\\/pt-pt\\\/#\\\/schema\\\/logo\\\/image\\\/\"}}]}<\/script>\n ","yoast_head_json":{"title":"Recursos - Ferramentas gratuitas - SMARTFENSE - Sensibiliza\u00e7\u00e3o para a ciberseguran\u00e7a","description":"Na se\u00e7\u00e3o Recursos voc\u00ea encontrar\u00e1: Ferramentas gratuitas \u00fateis para sua organiza\u00e7\u00e3o, Guias e Whitepapers, Casos de sucesso, Videojogos.","robots":{"index":"index","follow":"follow","max-snippet":"max-snippet:-1","max-image-preview":"max-image-preview:large","max-video-preview":"max-video-preview:-1"},"canonical":"https:\/\/smartfense.com\/pt-pt\/recursos\/","og_locale":"pt_PT","og_type":"article","og_title":"Recursos - Ferramentas gratuitas - SMARTFENSE - Sensibiliza\u00e7\u00e3o para a ciberseguran\u00e7a","og_description":"Na se\u00e7\u00e3o Recursos voc\u00ea encontrar\u00e1: Ferramentas gratuitas \u00fateis para sua organiza\u00e7\u00e3o, Guias e Whitepapers, Casos de sucesso, Videojogos.","og_url":"https:\/\/smartfense.com\/pt-pt\/recursos\/","og_site_name":"SMARTFENSE - Sensibiliza\u00e7\u00e3o para a ciberseguran\u00e7a","article_modified_time":"2024-09-16T11:05:26+00:00","og_image":[{"width":1200,"height":630,"url":"https:\/\/smartfense.com\/file\/2023\/08\/free-tools.jpg","type":"image\/jpeg"}],"twitter_card":"summary_large_image","twitter_misc":{"Tempo estimado de leitura":"2 minutos"},"schema":{"@context":"https:\/\/schema.org","@graph":[{"@type":"WebPage","@id":"https:\/\/smartfense.com\/pt-pt\/recursos\/","url":"https:\/\/smartfense.com\/pt-pt\/recursos\/","name":"Recursos - Ferramentas gratuitas - SMARTFENSE - Sensibiliza\u00e7\u00e3o para a ciberseguran\u00e7a","isPartOf":{"@id":"https:\/\/smartfense.com\/pt-pt\/#website"},"primaryImageOfPage":{"@id":"https:\/\/smartfense.com\/pt-pt\/recursos\/#primaryimage"},"image":{"@id":"https:\/\/smartfense.com\/pt-pt\/recursos\/#primaryimage"},"thumbnailUrl":"https:\/\/smartfense.com\/file\/2023\/08\/free-tools.jpg","datePublished":"2023-07-21T07:10:36+00:00","dateModified":"2024-09-16T11:05:26+00:00","description":"Na se\u00e7\u00e3o Recursos voc\u00ea encontrar\u00e1: Ferramentas gratuitas \u00fateis para sua organiza\u00e7\u00e3o, Guias e Whitepapers, Casos de sucesso, Videojogos.","breadcrumb":{"@id":"https:\/\/smartfense.com\/pt-pt\/recursos\/#breadcrumb"},"inLanguage":"pt-PT","potentialAction":[{"@type":"ReadAction","target":["https:\/\/smartfense.com\/pt-pt\/recursos\/"]}]},{"@type":"ImageObject","inLanguage":"pt-PT","@id":"https:\/\/smartfense.com\/pt-pt\/recursos\/#primaryimage","url":"https:\/\/smartfense.com\/file\/2023\/08\/free-tools.jpg","contentUrl":"https:\/\/smartfense.com\/file\/2023\/08\/free-tools.jpg","width":1200,"height":630},{"@type":"BreadcrumbList","@id":"https:\/\/smartfense.com\/pt-pt\/recursos\/#breadcrumb","itemListElement":[{"@type":"ListItem","position":1,"name":"Portada","item":"https:\/\/smartfense.com\/pt-pt\/"},{"@type":"ListItem","position":2,"name":"Recursos"}]},{"@type":"WebSite","@id":"https:\/\/smartfense.com\/pt-pt\/#website","url":"https:\/\/smartfense.com\/pt-pt\/","name":"SMARTFENSE - Concienciaci\u00f3n en Ciberseguridad","description":"","publisher":{"@id":"https:\/\/smartfense.com\/pt-pt\/#organization"},"potentialAction":[{"@type":"SearchAction","target":{"@type":"EntryPoint","urlTemplate":"https:\/\/smartfense.com\/pt-pt\/?s={search_term_string}"},"query-input":{"@type":"PropertyValueSpecification","valueRequired":true,"valueName":"search_term_string"}}],"inLanguage":"pt-PT"},{"@type":"Organization","@id":"https:\/\/smartfense.com\/pt-pt\/#organization","name":"SMARTFENSE","url":"https:\/\/smartfense.com\/pt-pt\/","logo":{"@type":"ImageObject","inLanguage":"pt-PT","@id":"https:\/\/smartfense.com\/pt-pt\/#\/schema\/logo\/image\/","url":"https:\/\/smartfense.com\/file\/2023\/08\/logo-smartfense-240x40-1.png","contentUrl":"https:\/\/smartfense.com\/file\/2023\/08\/logo-smartfense-240x40-1.png","width":241,"height":40,"caption":"SMARTFENSE"},"image":{"@id":"https:\/\/smartfense.com\/pt-pt\/#\/schema\/logo\/image\/"}}]}},"_links":{"self":[{"href":"https:\/\/smartfense.com\/pt-pt\/wp-json\/wp\/v2\/pages\/9240","targetHints":{"allow":["GET"]}}],"collection":[{"href":"https:\/\/smartfense.com\/pt-pt\/wp-json\/wp\/v2\/pages"}],"about":[{"href":"https:\/\/smartfense.com\/pt-pt\/wp-json\/wp\/v2\/types\/page"}],"author":[{"embeddable":true,"href":"https:\/\/smartfense.com\/pt-pt\/wp-json\/wp\/v2\/users\/1"}],"replies":[{"embeddable":true,"href":"https:\/\/smartfense.com\/pt-pt\/wp-json\/wp\/v2\/comments?post=9240"}],"version-history":[{"count":4,"href":"https:\/\/smartfense.com\/pt-pt\/wp-json\/wp\/v2\/pages\/9240\/revisions"}],"predecessor-version":[{"id":29114,"href":"https:\/\/smartfense.com\/pt-pt\/wp-json\/wp\/v2\/pages\/9240\/revisions\/29114"}],"wp:featuredmedia":[{"embeddable":true,"href":"https:\/\/smartfense.com\/pt-pt\/wp-json\/wp\/v2\/media\/10646"}],"wp:attachment":[{"href":"https:\/\/smartfense.com\/pt-pt\/wp-json\/wp\/v2\/media?parent=9240"}],"curies":[{"name":"wp","href":"https:\/\/api.w.org\/{rel}","templated":true}]}}