{"id":9160,"date":"2023-07-24T06:49:35","date_gmt":"2023-07-24T04:49:35","guid":{"rendered":"https:\/\/callidusprolab.com\/smartfense\/fraude-del-ceo\/"},"modified":"2024-09-18T11:20:07","modified_gmt":"2024-09-18T09:20:07","slug":"bec","status":"publish","type":"page","link":"https:\/\/smartfense.com\/pt-pt\/recursos\/ferramentas\/bec\/","title":{"rendered":"Fraude do CEO"},"content":{"rendered":"\t\t<div data-elementor-type=\"wp-page\" data-elementor-id=\"9160\" class=\"elementor elementor-9160 elementor-4518\">\n\t\t\t\t<div class=\"elementor-element elementor-element-baf7a35 e-flex e-con-boxed e-con e-parent\" data-id=\"baf7a35\" data-element_type=\"container\">\n\t\t\t\t\t<div class=\"e-con-inner\">\n\t\t<div class=\"elementor-element elementor-element-0acf31b e-con-full e-flex e-con e-child\" data-id=\"0acf31b\" data-element_type=\"container\">\n\t\t\t\t<div class=\"elementor-element elementor-element-ea301a2 elementor-widget elementor-widget-text-editor\" data-id=\"ea301a2\" data-element_type=\"widget\" data-widget_type=\"text-editor.default\">\n\t\t\t\t<div class=\"elementor-widget-container\">\n\t\t\t\t\t\t\t<p>A fraude do CEO, tamb\u00e9m conhecida como Business Email Compromise (BEC), \u00e9 um esquema em que um cibercriminoso se faz passar por uma pessoa interna de uma organiza\u00e7\u00e3o. Assim, um criminoso que se fa\u00e7a passar pelo CEO, por exemplo, pode fazer pedidos aos utilizadores da organiza\u00e7\u00e3o por correio eletr\u00f3nico, com o objetivo final de fazer transfer\u00eancias banc\u00e1rias, espalhar um ataque de Ransomware ou roubar credenciais, entre outros.<\/p><p>Uma configura\u00e7\u00e3o incorrecta do servidor de correio eletr\u00f3nico da sua organiza\u00e7\u00e3o pode permitir que um cibercriminoso o utilize para enviar e-mails internos fazendo-se passar por qualquer pessoa da sua organiza\u00e7\u00e3o e contornando os controlos de seguran\u00e7a, como os filtros de SPAM ou os registos SPF, DKIM e DMARC.<\/p><p>Descubra com a nossa ferramenta gratuita se o servidor de correio eletr\u00f3nico da sua organiza\u00e7\u00e3o \u00e9 vulner\u00e1vel \u00e0 Fraude CEO.<\/p><p>Ser\u00e3o efectuados testes n\u00e3o intrusivos no seu dom\u00ednio. Se desejar, pode introduzir um n\u00famero de porta do seu servidor de correio para o teste; caso contr\u00e1rio, ser\u00e1 utilizada a porta predefinida do sistema operativo.<\/p>\t\t\t\t\t\t<\/div>\n\t\t\t\t<\/div>\n\t\t\t\t<\/div>\n\t\t<div class=\"elementor-element elementor-element-dae0d6d e-con-full e-flex elementor-invisible e-con e-child\" data-id=\"dae0d6d\" data-element_type=\"container\" data-settings=\"{&quot;animation&quot;:&quot;fadeInRight&quot;}\">\n\t\t\t\t<div class=\"elementor-element elementor-element-a1d5304 elementor-widget elementor-widget-image\" data-id=\"a1d5304\" data-element_type=\"widget\" data-widget_type=\"image.default\">\n\t\t\t\t<div class=\"elementor-widget-container\">\n\t\t\t\t\t\t\t\t\t\t\t\t\t<img fetchpriority=\"high\" decoding=\"async\" width=\"640\" height=\"336\" src=\"https:\/\/smartfense.com\/file\/2023\/08\/fraude-ceo-1200-1024x538.jpg\" class=\"attachment-large size-large wp-image-8366\" alt=\"\" srcset=\"https:\/\/smartfense.com\/file\/2023\/08\/fraude-ceo-1200-1024x538.jpg 1024w, https:\/\/smartfense.com\/file\/2023\/08\/fraude-ceo-1200-300x158.jpg 300w, https:\/\/smartfense.com\/file\/2023\/08\/fraude-ceo-1200-768x403.jpg 768w, https:\/\/smartfense.com\/file\/2023\/08\/fraude-ceo-1200.jpg 1200w\" sizes=\"(max-width: 640px) 100vw, 640px\" \/>\t\t\t\t\t\t\t\t\t\t\t\t\t<\/div>\n\t\t\t\t<\/div>\n\t\t\t\t<\/div>\n\t\t\t\t\t<\/div>\n\t\t\t\t<\/div>\n\t\t<div class=\"elementor-element elementor-element-4fbc8a6 e-flex e-con-boxed e-con e-parent\" data-id=\"4fbc8a6\" data-element_type=\"container\" data-settings=\"{&quot;background_background&quot;:&quot;classic&quot;,&quot;animation&quot;:&quot;none&quot;}\">\n\t\t\t\t\t<div class=\"e-con-inner\">\n\t\t\t\t<div class=\"elementor-element elementor-element-59d89dd elementor-widget elementor-widget-text-editor\" data-id=\"59d89dd\" data-element_type=\"widget\" data-widget_type=\"text-editor.default\">\n\t\t\t\t<div class=\"elementor-widget-container\">\n\t\t\t\t\t\t\t<h4>RECEBA AGORA UMA AN\u00c1LISE COMPLETA PARA SABER SE O SEU DOM\u00cdNIO EST\u00c1 VULNER\u00c1VEL<\/h4>\t\t\t\t\t\t<\/div>\n\t\t\t\t<\/div>\n\t\t\t\t<div class=\"elementor-element elementor-element-c7407a5 elementor-widget elementor-widget-spacer\" data-id=\"c7407a5\" data-element_type=\"widget\" data-widget_type=\"spacer.default\">\n\t\t\t\t<div class=\"elementor-widget-container\">\n\t\t\t\t\t<div class=\"elementor-spacer\">\n\t\t\t<div class=\"elementor-spacer-inner\"><\/div>\n\t\t<\/div>\n\t\t\t\t<\/div>\n\t\t\t\t<\/div>\n\t\t\t\t<div class=\"elementor-element elementor-element-55443e6 elementor-widget elementor-widget-text-editor\" data-id=\"55443e6\" data-element_type=\"widget\" data-widget_type=\"text-editor.default\">\n\t\t\t\t<div class=\"elementor-widget-container\">\n\t\t\t\t\t\t\t<div id=\"quform-e8fbf8\" class=\"quform quform-9 quform-support-page-caching\"><form id=\"quform-form-e8fbf8\" class=\"quform-form quform-form-9\" action=\"\/pt-pt\/wp-json\/wp\/v2\/pages\/9160#quform-e8fbf8\" method=\"post\" enctype=\"multipart\/form-data\" novalidate=\"novalidate\" data-options=\"{&quot;id&quot;:9,&quot;uniqueId&quot;:&quot;e8fbf8&quot;,&quot;theme&quot;:&quot;&quot;,&quot;ajax&quot;:true,&quot;logic&quot;:{&quot;logic&quot;:[],&quot;dependents&quot;:[],&quot;elementIds&quot;:[],&quot;dependentElementIds&quot;:[],&quot;animate&quot;:true},&quot;currentPageId&quot;:1,&quot;errorsIcon&quot;:&quot;&quot;,&quot;updateFancybox&quot;:true,&quot;hasPages&quot;:false,&quot;pages&quot;:[1],&quot;pageProgressType&quot;:&quot;numbers&quot;,&quot;tooltipsEnabled&quot;:true,&quot;tooltipClasses&quot;:&quot;qtip-quform-dark qtip-shadow&quot;,&quot;tooltipMy&quot;:&quot;left center&quot;,&quot;tooltipAt&quot;:&quot;right center&quot;,&quot;isRtl&quot;:false,&quot;scrollOffset&quot;:-50,&quot;scrollSpeed&quot;:800}\"><button class=\"quform-default-submit\" name=\"quform_submit\" type=\"submit\" value=\"submit\" aria-hidden=\"true\" tabindex=\"-1\"><\/button><div class=\"quform-form-inner quform-form-inner-9\"><input type=\"hidden\" name=\"quform_form_id\" value=\"9\" \/><input type=\"hidden\" name=\"quform_form_uid\" value=\"e8fbf8\" \/><input type=\"hidden\" name=\"quform_count\" value=\"1\" \/><input type=\"hidden\" name=\"form_url\" value=\"https:\/\/smartfense.com\/pt-pt\/wp-json\/wp\/v2\/pages\/9160\" \/><input type=\"hidden\" name=\"referring_url\" value=\"\" \/><input type=\"hidden\" name=\"post_id\" value=\"\" \/><input type=\"hidden\" name=\"post_title\" value=\"\" \/><input type=\"hidden\" name=\"quform_current_page_id\" value=\"1\" \/><input type=\"hidden\" name=\"quform_csrf_token\" value=\"P11Zju3eGvwupDJJ8naiRcw2iHjv4XIvjdn8Us6W\" \/><div class=\"quform-elements quform-elements-9 quform-cf quform-responsive-elements-phone-portrait\"><div class=\"quform-element quform-element-page quform-page-1 quform-page-9_1 quform-cf quform-group-style-plain quform-first-page quform-last-page quform-current-page\"><div class=\"quform-child-elements\"><div class=\"quform-element quform-element-row quform-element-row-9_30 quform-2-columns quform-element-row-size-fixed quform-responsive-columns-phone-portrait\"><div class=\"quform-element quform-element-column quform-element-9_31\"><div class=\"quform-element quform-element-name quform-element-9_4 quform-cf quform-element-required\"><div class=\"quform-spacer\"><div class=\"quform-label quform-label-9_4\"><span class=\"quform-label-icon\"><i class=\"fa fa-user\"><\/i><\/span><label class=\"quform-label-text\" id=\"quform_9_4_e8fbf8_label\">Nome e apelido<span class=\"quform-required\">*<\/span><\/label><\/div><div class=\"quform-inner quform-inner-name quform-inner-9_4\"><div class=\"quform-input quform-input-name quform-input-9_4 quform-cf\"><div class=\"quform-element-row quform-1-columns quform-element-row-size-fixed quform-responsive-columns-phone-portrait\"><div class=\"quform-element-column\"><div class=\"quform-element quform-element-text quform-element-9_4_4 quform-cf quform-element-required\"><div class=\"quform-spacer\"><div class=\"quform-inner quform-inner-text quform-inner-9_4_4\"><div class=\"quform-input quform-input-text quform-input-9_4_4 quform-cf\"><input type=\"text\" id=\"quform_9_4_4_e8fbf8\" name=\"quform_9_4[4]\" class=\"quform-field quform-field-text quform-field-9_4_4\" aria-labelledby=\"quform_9_4_e8fbf8_label\" \/><\/div><\/div><\/div><\/div><\/div><\/div><\/div><\/div><\/div><\/div><\/div><div class=\"quform-element quform-element-column quform-element-9_32\"><div class=\"quform-element quform-element-row quform-element-row-9_22 quform-2-columns quform-element-row-size-fixed quform-responsive-columns-phone-portrait\"><div class=\"quform-element quform-element-column quform-element-9_23\"><div class=\"quform-element quform-element-email quform-element-9_35 quform-cf quform-element-required\"><div class=\"quform-spacer\"><div class=\"quform-label quform-label-9_35\"><span class=\"quform-label-icon\"><i class=\"fa fa-envelope\"><\/i><\/span><label class=\"quform-label-text\" for=\"quform_9_35_e8fbf8\">Correio eletr\u00f3nico da empresa<span class=\"quform-required\">*<\/span><\/label><\/div><div class=\"quform-inner quform-inner-email quform-inner-9_35\"><div class=\"quform-input quform-input-email quform-input-9_35 quform-cf\"><input type=\"email\" id=\"quform_9_35_e8fbf8\" name=\"quform_9_35\" class=\"quform-field quform-field-email quform-field-9_35\" \/><\/div><\/div><\/div><\/div><\/div><div class=\"quform-element quform-element-column quform-element-9_24\"><div class=\"quform-element quform-element-text quform-element-9_25 quform-cf quform-element-required\"><div class=\"quform-spacer\"><div class=\"quform-label quform-label-9_25\"><span class=\"quform-label-icon\"><i class=\"fa fa-building-o\"><\/i><\/span><label class=\"quform-label-text\" for=\"quform_9_25_e8fbf8\">Empresa<span class=\"quform-required\">*<\/span><\/label><\/div><div class=\"quform-inner quform-inner-text quform-inner-9_25\"><div class=\"quform-input quform-input-text quform-input-9_25 quform-cf\"><input type=\"text\" id=\"quform_9_25_e8fbf8\" name=\"quform_9_25\" class=\"quform-field quform-field-text quform-field-9_25\" \/><\/div><\/div><\/div><\/div><\/div><\/div><\/div><\/div><div class=\"quform-element quform-element-row quform-element-row-9_19 quform-2-columns quform-element-row-size-fixed quform-responsive-columns-phone-portrait\"><div class=\"quform-element quform-element-column quform-element-9_20\"><div class=\"quform-element quform-element-row quform-element-row-9_15 quform-2-columns quform-element-row-size-fixed quform-responsive-columns-phone-portrait\"><div class=\"quform-element quform-element-column quform-element-9_16\"><div class=\"quform-element quform-element-text quform-element-9_37 quform-cf quform-element-required\"><div class=\"quform-spacer\"><div class=\"quform-label quform-label-9_37\"><label class=\"quform-label-text\" for=\"quform_9_37_e8fbf8\">Dom\u00ednio empresarial a analisar<span class=\"quform-required\">*<\/span><\/label><\/div><div class=\"quform-inner quform-inner-text quform-inner-9_37\"><div class=\"quform-input quform-input-text quform-input-9_37 quform-cf\"><input type=\"text\" id=\"quform_9_37_e8fbf8\" name=\"quform_9_37\" class=\"quform-field quform-field-text quform-field-9_37\" \/><\/div><\/div><\/div><\/div><\/div><div class=\"quform-element quform-element-column quform-element-9_17\"><div class=\"quform-element quform-element-text quform-element-9_29 quform-cf quform-element-optional\"><div class=\"quform-spacer\"><div class=\"quform-label quform-label-9_29\"><span class=\"quform-label-icon\"><i class=\"fa fa-plug\"><\/i><\/span><label class=\"quform-label-text\" for=\"quform_9_29_e8fbf8\">Porto<\/label><\/div><div class=\"quform-inner quform-inner-text quform-inner-9_29\"><div class=\"quform-input quform-input-text quform-input-9_29 quform-cf\"><input type=\"text\" id=\"quform_9_29_e8fbf8\" name=\"quform_9_29\" class=\"quform-field quform-field-text quform-field-9_29\" \/><\/div><p class=\"quform-description quform-description-below\">O porto 25 \u00e9 utilizado por defeito<\/p><\/div><\/div><\/div><\/div><\/div><\/div><div class=\"quform-element quform-element-column quform-element-9_21\"><div class=\"quform-element quform-element-checkbox quform-element-9_28 quform-cf quform-element-required\"><div class=\"quform-spacer\"><div class=\"quform-label quform-label-9_28\"><label class=\"quform-label-text\" id=\"quform_9_28_e8fbf8_label\">Privacy Policy<span class=\"quform-required\">*<\/span><\/label><\/div><div class=\"quform-inner quform-inner-checkbox quform-inner-9_28\"><div class=\"quform-input quform-input-checkbox quform-input-9_28 quform-cf\"><div class=\"quform-options quform-cf quform-options-block quform-options-simple\" role=\"group\" aria-labelledby=\"quform_9_28_e8fbf8_label\"><div class=\"quform-option\"><input type=\"checkbox\" name=\"quform_9_28[]\" id=\"quform_9_28_e8fbf8_1\" class=\"quform-field quform-field-checkbox quform-field-9_28 quform-field-9_28_1\" value=\"He le\u00eddo, comprendo y acepto la &lt;a href=&quot;https:\/\/callidusprolab.com\/smartfense\/politica-de-privacidad\/&quot; target=&quot;_blank&quot;&gt;pol\u00edtica de privacidad&lt;\/a&gt;\" \/><label for=\"quform_9_28_e8fbf8_1\" class=\"quform-option-label quform-option-label-9_28_1\"><span class=\"quform-option-text\">Li, compreendi e aceito as <a href=\"https:\/\/callidusprolab.com\/smartfense\/politica-de-privacidad\/\" target=\"_blank\">pol\u00edtica de privacidade<\/a><\/span><\/label><\/div><\/div><\/div><\/div><\/div><\/div><\/div><\/div><div class=\"quform-element quform-element-recaptcha quform-element-9_33 quform-cf quform-element-required quform-recaptcha-no-size\"><div class=\"quform-spacer\"><div class=\"quform-inner quform-inner-recaptcha quform-inner-9_33\"><div class=\"quform-input quform-input-recaptcha quform-input-9_33 quform-cf\"><div class=\"quform-recaptcha\" data-config=\"{&quot;sitekey&quot;:&quot;6LcHbQUpAAAAACiW4CedsUFcHBkeoK26KnIPhrRC&quot;,&quot;_version&quot;:&quot;v3&quot;,&quot;size&quot;:&quot;invisible&quot;,&quot;type&quot;:&quot;image&quot;,&quot;theme&quot;:&quot;light&quot;,&quot;badge&quot;:&quot;bottomright&quot;}\"><\/div><noscript>Please enable JavaScript to submit this form.<\/noscript><\/div><\/div><\/div><\/div><input type=\"hidden\" name=\"quform_9_34\" class=\"quform-field quform-field-hidden quform-field-9_34\" data-default=\"\" \/><div class=\"quform-element quform-element-submit quform-element-9_2 quform-cf quform-button-style-hollow-rounded quform-button-width-small\"><div class=\"quform-button-submit quform-button-submit-default quform-button-submit-9_2 quform-button-icon-right\" data-animation=\"one\"><button name=\"quform_submit\" type=\"submit\" class=\"quform-submit\" value=\"submit\"><span class=\"quform-button-text quform-button-submit-text\">Obter relat\u00f3rio<\/span><span class=\"quform-button-icon quform-button-submit-icon\"><i class=\"qicon-send\"><\/i><\/span><\/button><\/div><\/div><div class=\"quform-element-tree\"><label for=\"quform_9_0_e8fbf8\">This field should be left blank<\/label><input type=\"text\" id=\"quform_9_0_e8fbf8\" name=\"quform_9_0\" class=\"quform-field quform-field-tree quform-field-9_0\" tabindex=\"-1\" autocomplete=\"off\" \/><\/div><\/div><\/div><\/div><\/div><\/form><\/div>\t\t\t\t\t\t<\/div>\n\t\t\t\t<\/div>\n\t\t\t\t\t<\/div>\n\t\t\t\t<\/div>\n\t\t\t\t<\/div>\n\t\t","protected":false},"excerpt":{"rendered":"<p>A fraude do CEO, tamb\u00e9m conhecida como Business Email Compromise (BEC), \u00e9 um esquema em que um cibercriminoso se faz passar por uma pessoa interna de uma organiza\u00e7\u00e3o. Assim, um [&hellip;]<\/p>\n","protected":false},"author":1,"featured_media":8366,"parent":9236,"menu_order":0,"comment_status":"closed","ping_status":"closed","template":"elementor_header_footer","meta":{"_acf_changed":false,"footnotes":""},"class_list":["post-9160","page","type-page","status-publish","has-post-thumbnail","hentry"],"acf":[],"yoast_head":" \n<title>Fraude do CEO - SMARTFENSE - Sensibiliza\u00e7\u00e3o para a ciberseguran\u00e7a<\/title>\n<meta name=\"description\" content=\"A fraude do CEO \u00e9 um golpe em que um cibercriminoso se faz passar pela identidade de uma pessoa interna de uma organiza\u00e7\u00e3o.\" \/>\n<meta name=\"robots\" content=\"index, follow, max-snippet:-1, max-image-preview:large, max-video-preview:-1\" \/>\n<link rel=\"canonical\" href=\"https:\/\/smartfense.com\/pt-pt\/recursos\/ferramentas\/bec\/\" \/>\n<meta property=\"og:locale\" content=\"pt_PT\" \/>\n<meta property=\"og:type\" content=\"article\" \/>\n<meta property=\"og:title\" content=\"Fraude do CEO - SMARTFENSE - Sensibiliza\u00e7\u00e3o para a ciberseguran\u00e7a\" \/>\n<meta property=\"og:description\" content=\"A fraude do CEO \u00e9 um golpe em que um cibercriminoso se faz passar pela identidade de uma pessoa interna de uma organiza\u00e7\u00e3o.\" \/>\n<meta property=\"og:url\" content=\"https:\/\/smartfense.com\/pt-pt\/recursos\/ferramentas\/bec\/\" \/>\n<meta property=\"og:site_name\" content=\"SMARTFENSE - Sensibiliza\u00e7\u00e3o para a ciberseguran\u00e7a\" \/>\n<meta property=\"article:modified_time\" content=\"2024-09-18T09:20:07+00:00\" \/>\n<meta property=\"og:image\" content=\"https:\/\/smartfense.com\/file\/2023\/08\/fraude-ceo-1200.jpg\" \/>\n\t<meta property=\"og:image:width\" content=\"1200\" \/>\n\t<meta property=\"og:image:height\" content=\"630\" \/>\n\t<meta property=\"og:image:type\" content=\"image\/jpeg\" \/>\n<meta name=\"twitter:card\" content=\"summary_large_image\" \/>\n<meta name=\"twitter:label1\" content=\"Tempo estimado de leitura\" \/>\n\t<meta name=\"twitter:data1\" content=\"2 minutos\" \/>\n<script type=\"application\/ld+json\" class=\"yoast-schema-graph\">{\"@context\":\"https:\\\/\\\/schema.org\",\"@graph\":[{\"@type\":\"WebPage\",\"@id\":\"https:\\\/\\\/smartfense.com\\\/pt-pt\\\/recursos\\\/ferramentas\\\/bec\\\/\",\"url\":\"https:\\\/\\\/smartfense.com\\\/pt-pt\\\/recursos\\\/ferramentas\\\/bec\\\/\",\"name\":\"Fraude do CEO - SMARTFENSE - Sensibiliza\u00e7\u00e3o para a ciberseguran\u00e7a\",\"isPartOf\":{\"@id\":\"https:\\\/\\\/smartfense.com\\\/pt-pt\\\/#website\"},\"primaryImageOfPage\":{\"@id\":\"https:\\\/\\\/smartfense.com\\\/pt-pt\\\/recursos\\\/ferramentas\\\/bec\\\/#primaryimage\"},\"image\":{\"@id\":\"https:\\\/\\\/smartfense.com\\\/pt-pt\\\/recursos\\\/ferramentas\\\/bec\\\/#primaryimage\"},\"thumbnailUrl\":\"https:\\\/\\\/smartfense.com\\\/wp-content\\\/uploads\\\/2023\\\/08\\\/fraude-ceo-1200.jpg\",\"datePublished\":\"2023-07-24T04:49:35+00:00\",\"dateModified\":\"2024-09-18T09:20:07+00:00\",\"description\":\"A fraude do CEO \u00e9 um golpe em que um cibercriminoso se faz passar pela identidade de uma pessoa interna de uma organiza\u00e7\u00e3o.\",\"breadcrumb\":{\"@id\":\"https:\\\/\\\/smartfense.com\\\/pt-pt\\\/recursos\\\/ferramentas\\\/bec\\\/#breadcrumb\"},\"inLanguage\":\"pt-PT\",\"potentialAction\":[{\"@type\":\"ReadAction\",\"target\":[\"https:\\\/\\\/smartfense.com\\\/pt-pt\\\/recursos\\\/ferramentas\\\/bec\\\/\"]}]},{\"@type\":\"ImageObject\",\"inLanguage\":\"pt-PT\",\"@id\":\"https:\\\/\\\/smartfense.com\\\/pt-pt\\\/recursos\\\/ferramentas\\\/bec\\\/#primaryimage\",\"url\":\"https:\\\/\\\/smartfense.com\\\/wp-content\\\/uploads\\\/2023\\\/08\\\/fraude-ceo-1200.jpg\",\"contentUrl\":\"https:\\\/\\\/smartfense.com\\\/wp-content\\\/uploads\\\/2023\\\/08\\\/fraude-ceo-1200.jpg\",\"width\":1200,\"height\":630},{\"@type\":\"BreadcrumbList\",\"@id\":\"https:\\\/\\\/smartfense.com\\\/pt-pt\\\/recursos\\\/ferramentas\\\/bec\\\/#breadcrumb\",\"itemListElement\":[{\"@type\":\"ListItem\",\"position\":1,\"name\":\"Portada\",\"item\":\"https:\\\/\\\/smartfense.com\\\/pt-pt\\\/\"},{\"@type\":\"ListItem\",\"position\":2,\"name\":\"Recursos\",\"item\":\"https:\\\/\\\/smartfense.com\\\/pt-pt\\\/recursos\\\/\"},{\"@type\":\"ListItem\",\"position\":3,\"name\":\"Ferramentas gratuitas\",\"item\":\"https:\\\/\\\/smartfense.com\\\/pt-pt\\\/recursos\\\/ferramentas\\\/\"},{\"@type\":\"ListItem\",\"position\":4,\"name\":\"Fraude do CEO\"}]},{\"@type\":\"WebSite\",\"@id\":\"https:\\\/\\\/smartfense.com\\\/pt-pt\\\/#website\",\"url\":\"https:\\\/\\\/smartfense.com\\\/pt-pt\\\/\",\"name\":\"SMARTFENSE - Concienciaci\u00f3n en Ciberseguridad\",\"description\":\"\",\"publisher\":{\"@id\":\"https:\\\/\\\/smartfense.com\\\/pt-pt\\\/#organization\"},\"potentialAction\":[{\"@type\":\"SearchAction\",\"target\":{\"@type\":\"EntryPoint\",\"urlTemplate\":\"https:\\\/\\\/smartfense.com\\\/pt-pt\\\/?s={search_term_string}\"},\"query-input\":{\"@type\":\"PropertyValueSpecification\",\"valueRequired\":true,\"valueName\":\"search_term_string\"}}],\"inLanguage\":\"pt-PT\"},{\"@type\":\"Organization\",\"@id\":\"https:\\\/\\\/smartfense.com\\\/pt-pt\\\/#organization\",\"name\":\"SMARTFENSE\",\"url\":\"https:\\\/\\\/smartfense.com\\\/pt-pt\\\/\",\"logo\":{\"@type\":\"ImageObject\",\"inLanguage\":\"pt-PT\",\"@id\":\"https:\\\/\\\/smartfense.com\\\/pt-pt\\\/#\\\/schema\\\/logo\\\/image\\\/\",\"url\":\"https:\\\/\\\/smartfense.com\\\/wp-content\\\/uploads\\\/2023\\\/08\\\/logo-smartfense-240x40-1.png\",\"contentUrl\":\"https:\\\/\\\/smartfense.com\\\/wp-content\\\/uploads\\\/2023\\\/08\\\/logo-smartfense-240x40-1.png\",\"width\":241,\"height\":40,\"caption\":\"SMARTFENSE\"},\"image\":{\"@id\":\"https:\\\/\\\/smartfense.com\\\/pt-pt\\\/#\\\/schema\\\/logo\\\/image\\\/\"}}]}<\/script>\n ","yoast_head_json":{"title":"Fraude do CEO - SMARTFENSE - Sensibiliza\u00e7\u00e3o para a ciberseguran\u00e7a","description":"A fraude do CEO \u00e9 um golpe em que um cibercriminoso se faz passar pela identidade de uma pessoa interna de uma organiza\u00e7\u00e3o.","robots":{"index":"index","follow":"follow","max-snippet":"max-snippet:-1","max-image-preview":"max-image-preview:large","max-video-preview":"max-video-preview:-1"},"canonical":"https:\/\/smartfense.com\/pt-pt\/recursos\/ferramentas\/bec\/","og_locale":"pt_PT","og_type":"article","og_title":"Fraude do CEO - SMARTFENSE - Sensibiliza\u00e7\u00e3o para a ciberseguran\u00e7a","og_description":"A fraude do CEO \u00e9 um golpe em que um cibercriminoso se faz passar pela identidade de uma pessoa interna de uma organiza\u00e7\u00e3o.","og_url":"https:\/\/smartfense.com\/pt-pt\/recursos\/ferramentas\/bec\/","og_site_name":"SMARTFENSE - Sensibiliza\u00e7\u00e3o para a ciberseguran\u00e7a","article_modified_time":"2024-09-18T09:20:07+00:00","og_image":[{"width":1200,"height":630,"url":"https:\/\/smartfense.com\/file\/2023\/08\/fraude-ceo-1200.jpg","type":"image\/jpeg"}],"twitter_card":"summary_large_image","twitter_misc":{"Tempo estimado de leitura":"2 minutos"},"schema":{"@context":"https:\/\/schema.org","@graph":[{"@type":"WebPage","@id":"https:\/\/smartfense.com\/pt-pt\/recursos\/ferramentas\/bec\/","url":"https:\/\/smartfense.com\/pt-pt\/recursos\/ferramentas\/bec\/","name":"Fraude do CEO - SMARTFENSE - Sensibiliza\u00e7\u00e3o para a ciberseguran\u00e7a","isPartOf":{"@id":"https:\/\/smartfense.com\/pt-pt\/#website"},"primaryImageOfPage":{"@id":"https:\/\/smartfense.com\/pt-pt\/recursos\/ferramentas\/bec\/#primaryimage"},"image":{"@id":"https:\/\/smartfense.com\/pt-pt\/recursos\/ferramentas\/bec\/#primaryimage"},"thumbnailUrl":"https:\/\/smartfense.com\/file\/2023\/08\/fraude-ceo-1200.jpg","datePublished":"2023-07-24T04:49:35+00:00","dateModified":"2024-09-18T09:20:07+00:00","description":"A fraude do CEO \u00e9 um golpe em que um cibercriminoso se faz passar pela identidade de uma pessoa interna de uma organiza\u00e7\u00e3o.","breadcrumb":{"@id":"https:\/\/smartfense.com\/pt-pt\/recursos\/ferramentas\/bec\/#breadcrumb"},"inLanguage":"pt-PT","potentialAction":[{"@type":"ReadAction","target":["https:\/\/smartfense.com\/pt-pt\/recursos\/ferramentas\/bec\/"]}]},{"@type":"ImageObject","inLanguage":"pt-PT","@id":"https:\/\/smartfense.com\/pt-pt\/recursos\/ferramentas\/bec\/#primaryimage","url":"https:\/\/smartfense.com\/file\/2023\/08\/fraude-ceo-1200.jpg","contentUrl":"https:\/\/smartfense.com\/file\/2023\/08\/fraude-ceo-1200.jpg","width":1200,"height":630},{"@type":"BreadcrumbList","@id":"https:\/\/smartfense.com\/pt-pt\/recursos\/ferramentas\/bec\/#breadcrumb","itemListElement":[{"@type":"ListItem","position":1,"name":"Portada","item":"https:\/\/smartfense.com\/pt-pt\/"},{"@type":"ListItem","position":2,"name":"Recursos","item":"https:\/\/smartfense.com\/pt-pt\/recursos\/"},{"@type":"ListItem","position":3,"name":"Ferramentas gratuitas","item":"https:\/\/smartfense.com\/pt-pt\/recursos\/ferramentas\/"},{"@type":"ListItem","position":4,"name":"Fraude do CEO"}]},{"@type":"WebSite","@id":"https:\/\/smartfense.com\/pt-pt\/#website","url":"https:\/\/smartfense.com\/pt-pt\/","name":"SMARTFENSE - Concienciaci\u00f3n en Ciberseguridad","description":"","publisher":{"@id":"https:\/\/smartfense.com\/pt-pt\/#organization"},"potentialAction":[{"@type":"SearchAction","target":{"@type":"EntryPoint","urlTemplate":"https:\/\/smartfense.com\/pt-pt\/?s={search_term_string}"},"query-input":{"@type":"PropertyValueSpecification","valueRequired":true,"valueName":"search_term_string"}}],"inLanguage":"pt-PT"},{"@type":"Organization","@id":"https:\/\/smartfense.com\/pt-pt\/#organization","name":"SMARTFENSE","url":"https:\/\/smartfense.com\/pt-pt\/","logo":{"@type":"ImageObject","inLanguage":"pt-PT","@id":"https:\/\/smartfense.com\/pt-pt\/#\/schema\/logo\/image\/","url":"https:\/\/smartfense.com\/file\/2023\/08\/logo-smartfense-240x40-1.png","contentUrl":"https:\/\/smartfense.com\/file\/2023\/08\/logo-smartfense-240x40-1.png","width":241,"height":40,"caption":"SMARTFENSE"},"image":{"@id":"https:\/\/smartfense.com\/pt-pt\/#\/schema\/logo\/image\/"}}]}},"_links":{"self":[{"href":"https:\/\/smartfense.com\/pt-pt\/wp-json\/wp\/v2\/pages\/9160","targetHints":{"allow":["GET"]}}],"collection":[{"href":"https:\/\/smartfense.com\/pt-pt\/wp-json\/wp\/v2\/pages"}],"about":[{"href":"https:\/\/smartfense.com\/pt-pt\/wp-json\/wp\/v2\/types\/page"}],"author":[{"embeddable":true,"href":"https:\/\/smartfense.com\/pt-pt\/wp-json\/wp\/v2\/users\/1"}],"replies":[{"embeddable":true,"href":"https:\/\/smartfense.com\/pt-pt\/wp-json\/wp\/v2\/comments?post=9160"}],"version-history":[{"count":3,"href":"https:\/\/smartfense.com\/pt-pt\/wp-json\/wp\/v2\/pages\/9160\/revisions"}],"predecessor-version":[{"id":29592,"href":"https:\/\/smartfense.com\/pt-pt\/wp-json\/wp\/v2\/pages\/9160\/revisions\/29592"}],"up":[{"embeddable":true,"href":"https:\/\/smartfense.com\/pt-pt\/wp-json\/wp\/v2\/pages\/9236"}],"wp:featuredmedia":[{"embeddable":true,"href":"https:\/\/smartfense.com\/pt-pt\/wp-json\/wp\/v2\/media\/8366"}],"wp:attachment":[{"href":"https:\/\/smartfense.com\/pt-pt\/wp-json\/wp\/v2\/media?parent=9160"}],"curies":[{"name":"wp","href":"https:\/\/api.w.org\/{rel}","templated":true}]}}