{"id":9152,"date":"2023-07-24T07:03:20","date_gmt":"2023-07-24T05:03:20","guid":{"rendered":"https:\/\/callidusprolab.com\/smartfense\/spoof-check\/"},"modified":"2024-09-18T11:40:25","modified_gmt":"2024-09-18T09:40:25","slug":"spoof-check","status":"publish","type":"page","link":"https:\/\/smartfense.com\/pt-pt\/recursos\/ferramentas\/spoof-check\/","title":{"rendered":"Spoof Check"},"content":{"rendered":"\t\t<div data-elementor-type=\"wp-page\" data-elementor-id=\"9152\" class=\"elementor elementor-9152 elementor-4549\">\n\t\t\t\t<div class=\"elementor-element elementor-element-baf7a35 e-flex e-con-boxed e-con e-parent\" data-id=\"baf7a35\" data-element_type=\"container\">\n\t\t\t\t\t<div class=\"e-con-inner\">\n\t\t<div class=\"elementor-element elementor-element-0acf31b e-con-full e-flex e-con e-child\" data-id=\"0acf31b\" data-element_type=\"container\">\n\t\t\t\t<div class=\"elementor-element elementor-element-ea301a2 elementor-widget elementor-widget-text-editor\" data-id=\"ea301a2\" data-element_type=\"widget\" data-widget_type=\"text-editor.default\">\n\t\t\t\t<div class=\"elementor-widget-container\">\n\t\t\t\t\t\t\t<p><strong>Uma pessoa mal-intencionada pode falsificar um membro da sua organiza\u00e7\u00e3o atrav\u00e9s de uma mensagem de correio eletr\u00f3nico?<\/strong><\/p><p>Quer saber o que \u00e9 spoofing e se o seu dom\u00ednio \u00e9 vulner\u00e1vel a esta t\u00e9cnica criminosa?<\/p><p>Descubra-o analisando as defini\u00e7\u00f5es SPF e DMARC do seu dom\u00ednio com esta ferramenta gratuita da SMARTFENSE.<\/p><p>Executa o Spoof Check abaixo!<\/p>\t\t\t\t\t\t<\/div>\n\t\t\t\t<\/div>\n\t\t\t\t<\/div>\n\t\t<div class=\"elementor-element elementor-element-dae0d6d e-con-full e-flex elementor-invisible e-con e-child\" data-id=\"dae0d6d\" data-element_type=\"container\" data-settings=\"{&quot;animation&quot;:&quot;fadeInRight&quot;}\">\n\t\t\t\t<div class=\"elementor-element elementor-element-a1d5304 elementor-widget elementor-widget-image\" data-id=\"a1d5304\" data-element_type=\"widget\" data-widget_type=\"image.default\">\n\t\t\t\t<div class=\"elementor-widget-container\">\n\t\t\t\t\t\t\t\t\t\t\t\t\t<img fetchpriority=\"high\" decoding=\"async\" width=\"640\" height=\"336\" src=\"https:\/\/smartfense.com\/file\/2023\/07\/spoofCheck-1200px-1024x538.jpg\" class=\"attachment-large size-large wp-image-5003\" alt=\"\" srcset=\"https:\/\/smartfense.com\/file\/2023\/07\/spoofCheck-1200px-1024x538.jpg 1024w, https:\/\/smartfense.com\/file\/2023\/07\/spoofCheck-1200px-300x158.jpg 300w, https:\/\/smartfense.com\/file\/2023\/07\/spoofCheck-1200px-768x403.jpg 768w, https:\/\/smartfense.com\/file\/2023\/07\/spoofCheck-1200px.jpg 1200w\" sizes=\"(max-width: 640px) 100vw, 640px\" \/>\t\t\t\t\t\t\t\t\t\t\t\t\t<\/div>\n\t\t\t\t<\/div>\n\t\t\t\t<\/div>\n\t\t\t\t\t<\/div>\n\t\t\t\t<\/div>\n\t\t<div class=\"elementor-element elementor-element-4fbc8a6 e-flex e-con-boxed e-con e-parent\" data-id=\"4fbc8a6\" data-element_type=\"container\" data-settings=\"{&quot;background_background&quot;:&quot;classic&quot;,&quot;animation&quot;:&quot;none&quot;}\">\n\t\t\t\t\t<div class=\"e-con-inner\">\n\t\t\t\t<div class=\"elementor-element elementor-element-55443e6 elementor-widget elementor-widget-text-editor\" data-id=\"55443e6\" data-element_type=\"widget\" data-widget_type=\"text-editor.default\">\n\t\t\t\t<div class=\"elementor-widget-container\">\n\t\t\t\t\t\t\t<h4 style=\"text-align: center;\">Quero saber se o meu dom\u00ednio \u00e9 spoofeable:<\/h4>\t\t\t\t\t\t<\/div>\n\t\t\t\t<\/div>\n\t\t\t\t<div class=\"elementor-element elementor-element-49afc85 elementor-widget elementor-widget-spacer\" data-id=\"49afc85\" data-element_type=\"widget\" data-widget_type=\"spacer.default\">\n\t\t\t\t<div class=\"elementor-widget-container\">\n\t\t\t\t\t<div class=\"elementor-spacer\">\n\t\t\t<div class=\"elementor-spacer-inner\"><\/div>\n\t\t<\/div>\n\t\t\t\t<\/div>\n\t\t\t\t<\/div>\n\t\t\t\t<div class=\"elementor-element elementor-element-b5aa3db elementor-widget elementor-widget-text-editor\" data-id=\"b5aa3db\" data-element_type=\"widget\" data-widget_type=\"text-editor.default\">\n\t\t\t\t<div class=\"elementor-widget-container\">\n\t\t\t\t\t\t\t<div id=\"quform-fc0da9\" class=\"quform quform-11 quform-support-page-caching\"><form id=\"quform-form-fc0da9\" class=\"quform-form quform-form-11\" action=\"\/pt-pt\/wp-json\/wp\/v2\/pages\/9152#quform-fc0da9\" method=\"post\" enctype=\"multipart\/form-data\" novalidate=\"novalidate\" data-options=\"{&quot;id&quot;:11,&quot;uniqueId&quot;:&quot;fc0da9&quot;,&quot;theme&quot;:&quot;&quot;,&quot;ajax&quot;:true,&quot;logic&quot;:{&quot;logic&quot;:[],&quot;dependents&quot;:[],&quot;elementIds&quot;:[],&quot;dependentElementIds&quot;:[],&quot;animate&quot;:true},&quot;currentPageId&quot;:1,&quot;errorsIcon&quot;:&quot;&quot;,&quot;updateFancybox&quot;:true,&quot;hasPages&quot;:false,&quot;pages&quot;:[1],&quot;pageProgressType&quot;:&quot;numbers&quot;,&quot;tooltipsEnabled&quot;:true,&quot;tooltipClasses&quot;:&quot;qtip-quform-dark qtip-shadow&quot;,&quot;tooltipMy&quot;:&quot;left center&quot;,&quot;tooltipAt&quot;:&quot;right center&quot;,&quot;isRtl&quot;:false,&quot;scrollOffset&quot;:-50,&quot;scrollSpeed&quot;:800}\"><button class=\"quform-default-submit\" name=\"quform_submit\" type=\"submit\" value=\"submit\" aria-hidden=\"true\" tabindex=\"-1\"><\/button><div class=\"quform-form-inner quform-form-inner-11\"><input type=\"hidden\" name=\"quform_form_id\" value=\"11\" \/><input type=\"hidden\" name=\"quform_form_uid\" value=\"fc0da9\" \/><input type=\"hidden\" name=\"quform_count\" value=\"1\" \/><input type=\"hidden\" name=\"form_url\" value=\"https:\/\/smartfense.com\/pt-pt\/wp-json\/wp\/v2\/pages\/9152\" \/><input type=\"hidden\" name=\"referring_url\" value=\"\" \/><input type=\"hidden\" name=\"post_id\" value=\"\" \/><input type=\"hidden\" name=\"post_title\" value=\"\" \/><input type=\"hidden\" name=\"quform_current_page_id\" value=\"1\" \/><input type=\"hidden\" name=\"quform_csrf_token\" value=\"uQDKUW3xdSrX8Yqb4TAZ2BDY1gLdXIZgPA3tEZtO\" \/><div class=\"quform-elements quform-elements-11 quform-cf quform-responsive-elements-phone-portrait\"><div class=\"quform-element quform-element-page quform-page-1 quform-page-11_1 quform-cf quform-group-style-plain quform-first-page quform-last-page quform-current-page\"><div class=\"quform-child-elements\"><div class=\"quform-element quform-element-row quform-element-row-11_19 quform-2-columns quform-element-row-size-fixed quform-responsive-columns-phone-portrait\"><div class=\"quform-element quform-element-column quform-element-11_20\"><div class=\"quform-element quform-element-text quform-element-11_7 quform-cf quform-element-required\"><div class=\"quform-spacer\"><div class=\"quform-label quform-label-11_7\"><span class=\"quform-label-icon\"><i class=\"fa fa-globe\"><\/i><\/span><label class=\"quform-label-text\" for=\"quform_11_7_fc0da9\">Dom\u00ednio a analisar<span class=\"quform-required\">*<\/span><\/label><\/div><div class=\"quform-inner quform-inner-text quform-inner-11_7\"><div class=\"quform-input quform-input-text quform-input-11_7 quform-cf\"><input type=\"text\" id=\"quform_11_7_fc0da9\" name=\"quform_11_7\" class=\"quform-field quform-field-text quform-field-11_7\" \/><\/div><\/div><\/div><\/div><\/div><div class=\"quform-element quform-element-column quform-element-11_21\"><div class=\"quform-element quform-element-checkbox quform-element-11_28 quform-cf quform-element-required\"><div class=\"quform-spacer\"><div class=\"quform-label quform-label-11_28\"><label class=\"quform-label-text\" id=\"quform_11_28_fc0da9_label\">Privacy Policy<span class=\"quform-required\">*<\/span><\/label><\/div><div class=\"quform-inner quform-inner-checkbox quform-inner-11_28\"><div class=\"quform-input quform-input-checkbox quform-input-11_28 quform-cf\"><div class=\"quform-options quform-cf quform-options-block quform-options-simple\" role=\"group\" aria-labelledby=\"quform_11_28_fc0da9_label\"><div class=\"quform-option\"><input type=\"checkbox\" name=\"quform_11_28[]\" id=\"quform_11_28_fc0da9_1\" class=\"quform-field quform-field-checkbox quform-field-11_28 quform-field-11_28_1\" value=\"He le\u00eddo, comprendo y acepto la &lt;a href=&quot;https:\/\/smartfense.com\/politica-de-privacidad\/&quot; target=&quot;_blank&quot;&gt;pol\u00edtica de privacidad&lt;\/a&gt;\" \/><label for=\"quform_11_28_fc0da9_1\" class=\"quform-option-label quform-option-label-11_28_1\"><span class=\"quform-option-text\">Li, compreendi e aceito as <a href=\"https:\/\/smartfense.com\/pt-pt\/politica-de-privacidade\/\" target=\"_blank\">pol\u00edtica de privacidade<\/a><\/span><\/label><\/div><\/div><\/div><\/div><\/div><\/div><\/div><\/div><input type=\"hidden\" name=\"quform_11_32\" class=\"quform-field quform-field-hidden quform-field-11_32\" data-default=\"ciao\" value=\"ciao\" \/><div class=\"quform-element quform-element-recaptcha quform-element-11_33 quform-cf quform-element-required quform-recaptcha-no-size\"><div class=\"quform-spacer\"><div class=\"quform-inner quform-inner-recaptcha quform-inner-11_33\"><div class=\"quform-input quform-input-recaptcha quform-input-11_33 quform-cf\"><div class=\"quform-recaptcha\" data-config=\"{&quot;sitekey&quot;:&quot;6LcHbQUpAAAAACiW4CedsUFcHBkeoK26KnIPhrRC&quot;,&quot;_version&quot;:&quot;v3&quot;,&quot;size&quot;:&quot;invisible&quot;,&quot;type&quot;:&quot;image&quot;,&quot;theme&quot;:&quot;light&quot;,&quot;badge&quot;:&quot;bottomright&quot;}\"><\/div><noscript>Please enable JavaScript to submit this form.<\/noscript><\/div><\/div><\/div><\/div><div class=\"quform-element quform-element-submit quform-element-11_2 quform-cf quform-button-style-hollow-rounded quform-button-width-large\"><div class=\"quform-button-submit quform-button-submit-default quform-button-submit-11_2 quform-button-icon-right\" data-animation=\"one\"><button name=\"quform_submit\" type=\"submit\" class=\"quform-submit\" value=\"submit\"><span class=\"quform-button-text quform-button-submit-text\">Executar verifica\u00e7\u00e3o de spoofing<\/span><span class=\"quform-button-icon quform-button-submit-icon\"><i class=\"qicon-send\"><\/i><\/span><\/button><\/div><\/div><div class=\"quform-element-tree\"><label for=\"quform_11_0_fc0da9\">This field should be left blank<\/label><input type=\"text\" id=\"quform_11_0_fc0da9\" name=\"quform_11_0\" class=\"quform-field quform-field-tree quform-field-11_0\" tabindex=\"-1\" autocomplete=\"off\" \/><\/div><\/div><\/div><\/div><\/div><\/form><\/div>\t\t\t\t\t\t<\/div>\n\t\t\t\t<\/div>\n\t\t\t\t\t<\/div>\n\t\t\t\t<\/div>\n\t\t\t\t<\/div>\n\t\t","protected":false},"excerpt":{"rendered":"<p>Uma pessoa mal-intencionada pode falsificar um membro da sua organiza\u00e7\u00e3o atrav\u00e9s de uma mensagem de correio eletr\u00f3nico? Quer saber o que \u00e9 spoofing e se o seu dom\u00ednio \u00e9 vulner\u00e1vel [&hellip;]<\/p>\n","protected":false},"author":1,"featured_media":5003,"parent":9236,"menu_order":0,"comment_status":"closed","ping_status":"closed","template":"elementor_header_footer","meta":{"_acf_changed":false,"footnotes":""},"class_list":["post-9152","page","type-page","status-publish","has-post-thumbnail","hentry"],"acf":[],"yoast_head":" \n<title>Spoof Check - SMARTFENSE<\/title>\n<meta name=\"description\" content=\"Spoof Check, em seguran\u00e7a cibern\u00e9tica, envolve a verifica\u00e7\u00e3o da autenticidade de um e-mail, site ou endere\u00e7o IP para evitar fraudes ou ataques de phishing.\" \/>\n<meta name=\"robots\" content=\"index, follow, max-snippet:-1, max-image-preview:large, max-video-preview:-1\" \/>\n<link rel=\"canonical\" href=\"https:\/\/smartfense.com\/pt-pt\/recursos\/ferramentas\/spoof-check\/\" \/>\n<meta property=\"og:locale\" content=\"pt_PT\" \/>\n<meta property=\"og:type\" content=\"article\" \/>\n<meta property=\"og:title\" content=\"Spoof Check - SMARTFENSE\" \/>\n<meta property=\"og:description\" content=\"Spoof Check, em seguran\u00e7a cibern\u00e9tica, envolve a verifica\u00e7\u00e3o da autenticidade de um e-mail, site ou endere\u00e7o IP para evitar fraudes ou ataques de phishing.\" \/>\n<meta property=\"og:url\" content=\"https:\/\/smartfense.com\/pt-pt\/recursos\/ferramentas\/spoof-check\/\" \/>\n<meta property=\"og:site_name\" content=\"SMARTFENSE - Sensibiliza\u00e7\u00e3o para a ciberseguran\u00e7a\" \/>\n<meta property=\"article:modified_time\" content=\"2024-09-18T09:40:25+00:00\" \/>\n<meta property=\"og:image\" content=\"https:\/\/smartfense.com\/file\/2023\/07\/spoofCheck-1200px.jpg\" \/>\n\t<meta property=\"og:image:width\" content=\"1200\" \/>\n\t<meta property=\"og:image:height\" content=\"630\" \/>\n\t<meta property=\"og:image:type\" content=\"image\/jpeg\" \/>\n<meta name=\"twitter:card\" content=\"summary_large_image\" \/>\n<meta name=\"twitter:label1\" content=\"Tempo estimado de leitura\" \/>\n\t<meta name=\"twitter:data1\" content=\"1 minuto\" \/>\n<script type=\"application\/ld+json\" class=\"yoast-schema-graph\">{\"@context\":\"https:\\\/\\\/schema.org\",\"@graph\":[{\"@type\":\"WebPage\",\"@id\":\"https:\\\/\\\/smartfense.com\\\/pt-pt\\\/recursos\\\/ferramentas\\\/spoof-check\\\/\",\"url\":\"https:\\\/\\\/smartfense.com\\\/pt-pt\\\/recursos\\\/ferramentas\\\/spoof-check\\\/\",\"name\":\"Spoof Check - SMARTFENSE\",\"isPartOf\":{\"@id\":\"https:\\\/\\\/smartfense.com\\\/pt-pt\\\/#website\"},\"primaryImageOfPage\":{\"@id\":\"https:\\\/\\\/smartfense.com\\\/pt-pt\\\/recursos\\\/ferramentas\\\/spoof-check\\\/#primaryimage\"},\"image\":{\"@id\":\"https:\\\/\\\/smartfense.com\\\/pt-pt\\\/recursos\\\/ferramentas\\\/spoof-check\\\/#primaryimage\"},\"thumbnailUrl\":\"https:\\\/\\\/smartfense.com\\\/wp-content\\\/uploads\\\/2023\\\/07\\\/spoofCheck-1200px.jpg\",\"datePublished\":\"2023-07-24T05:03:20+00:00\",\"dateModified\":\"2024-09-18T09:40:25+00:00\",\"description\":\"Spoof Check, em seguran\u00e7a cibern\u00e9tica, envolve a verifica\u00e7\u00e3o da autenticidade de um e-mail, site ou endere\u00e7o IP para evitar fraudes ou ataques de phishing.\",\"breadcrumb\":{\"@id\":\"https:\\\/\\\/smartfense.com\\\/pt-pt\\\/recursos\\\/ferramentas\\\/spoof-check\\\/#breadcrumb\"},\"inLanguage\":\"pt-PT\",\"potentialAction\":[{\"@type\":\"ReadAction\",\"target\":[\"https:\\\/\\\/smartfense.com\\\/pt-pt\\\/recursos\\\/ferramentas\\\/spoof-check\\\/\"]}]},{\"@type\":\"ImageObject\",\"inLanguage\":\"pt-PT\",\"@id\":\"https:\\\/\\\/smartfense.com\\\/pt-pt\\\/recursos\\\/ferramentas\\\/spoof-check\\\/#primaryimage\",\"url\":\"https:\\\/\\\/smartfense.com\\\/wp-content\\\/uploads\\\/2023\\\/07\\\/spoofCheck-1200px.jpg\",\"contentUrl\":\"https:\\\/\\\/smartfense.com\\\/wp-content\\\/uploads\\\/2023\\\/07\\\/spoofCheck-1200px.jpg\",\"width\":1200,\"height\":630},{\"@type\":\"BreadcrumbList\",\"@id\":\"https:\\\/\\\/smartfense.com\\\/pt-pt\\\/recursos\\\/ferramentas\\\/spoof-check\\\/#breadcrumb\",\"itemListElement\":[{\"@type\":\"ListItem\",\"position\":1,\"name\":\"Portada\",\"item\":\"https:\\\/\\\/smartfense.com\\\/pt-pt\\\/\"},{\"@type\":\"ListItem\",\"position\":2,\"name\":\"Recursos\",\"item\":\"https:\\\/\\\/smartfense.com\\\/pt-pt\\\/recursos\\\/\"},{\"@type\":\"ListItem\",\"position\":3,\"name\":\"Ferramentas gratuitas\",\"item\":\"https:\\\/\\\/smartfense.com\\\/pt-pt\\\/recursos\\\/ferramentas\\\/\"},{\"@type\":\"ListItem\",\"position\":4,\"name\":\"Spoof Check\"}]},{\"@type\":\"WebSite\",\"@id\":\"https:\\\/\\\/smartfense.com\\\/pt-pt\\\/#website\",\"url\":\"https:\\\/\\\/smartfense.com\\\/pt-pt\\\/\",\"name\":\"SMARTFENSE - Concienciaci\u00f3n en Ciberseguridad\",\"description\":\"\",\"publisher\":{\"@id\":\"https:\\\/\\\/smartfense.com\\\/pt-pt\\\/#organization\"},\"potentialAction\":[{\"@type\":\"SearchAction\",\"target\":{\"@type\":\"EntryPoint\",\"urlTemplate\":\"https:\\\/\\\/smartfense.com\\\/pt-pt\\\/?s={search_term_string}\"},\"query-input\":{\"@type\":\"PropertyValueSpecification\",\"valueRequired\":true,\"valueName\":\"search_term_string\"}}],\"inLanguage\":\"pt-PT\"},{\"@type\":\"Organization\",\"@id\":\"https:\\\/\\\/smartfense.com\\\/pt-pt\\\/#organization\",\"name\":\"SMARTFENSE\",\"url\":\"https:\\\/\\\/smartfense.com\\\/pt-pt\\\/\",\"logo\":{\"@type\":\"ImageObject\",\"inLanguage\":\"pt-PT\",\"@id\":\"https:\\\/\\\/smartfense.com\\\/pt-pt\\\/#\\\/schema\\\/logo\\\/image\\\/\",\"url\":\"https:\\\/\\\/smartfense.com\\\/wp-content\\\/uploads\\\/2023\\\/08\\\/logo-smartfense-240x40-1.png\",\"contentUrl\":\"https:\\\/\\\/smartfense.com\\\/wp-content\\\/uploads\\\/2023\\\/08\\\/logo-smartfense-240x40-1.png\",\"width\":241,\"height\":40,\"caption\":\"SMARTFENSE\"},\"image\":{\"@id\":\"https:\\\/\\\/smartfense.com\\\/pt-pt\\\/#\\\/schema\\\/logo\\\/image\\\/\"}}]}<\/script>\n ","yoast_head_json":{"title":"Spoof Check - SMARTFENSE","description":"Spoof Check, em seguran\u00e7a cibern\u00e9tica, envolve a verifica\u00e7\u00e3o da autenticidade de um e-mail, site ou endere\u00e7o IP para evitar fraudes ou ataques de phishing.","robots":{"index":"index","follow":"follow","max-snippet":"max-snippet:-1","max-image-preview":"max-image-preview:large","max-video-preview":"max-video-preview:-1"},"canonical":"https:\/\/smartfense.com\/pt-pt\/recursos\/ferramentas\/spoof-check\/","og_locale":"pt_PT","og_type":"article","og_title":"Spoof Check - SMARTFENSE","og_description":"Spoof Check, em seguran\u00e7a cibern\u00e9tica, envolve a verifica\u00e7\u00e3o da autenticidade de um e-mail, site ou endere\u00e7o IP para evitar fraudes ou ataques de phishing.","og_url":"https:\/\/smartfense.com\/pt-pt\/recursos\/ferramentas\/spoof-check\/","og_site_name":"SMARTFENSE - Sensibiliza\u00e7\u00e3o para a ciberseguran\u00e7a","article_modified_time":"2024-09-18T09:40:25+00:00","og_image":[{"width":1200,"height":630,"url":"https:\/\/smartfense.com\/file\/2023\/07\/spoofCheck-1200px.jpg","type":"image\/jpeg"}],"twitter_card":"summary_large_image","twitter_misc":{"Tempo estimado de leitura":"1 minuto"},"schema":{"@context":"https:\/\/schema.org","@graph":[{"@type":"WebPage","@id":"https:\/\/smartfense.com\/pt-pt\/recursos\/ferramentas\/spoof-check\/","url":"https:\/\/smartfense.com\/pt-pt\/recursos\/ferramentas\/spoof-check\/","name":"Spoof Check - SMARTFENSE","isPartOf":{"@id":"https:\/\/smartfense.com\/pt-pt\/#website"},"primaryImageOfPage":{"@id":"https:\/\/smartfense.com\/pt-pt\/recursos\/ferramentas\/spoof-check\/#primaryimage"},"image":{"@id":"https:\/\/smartfense.com\/pt-pt\/recursos\/ferramentas\/spoof-check\/#primaryimage"},"thumbnailUrl":"https:\/\/smartfense.com\/file\/2023\/07\/spoofCheck-1200px.jpg","datePublished":"2023-07-24T05:03:20+00:00","dateModified":"2024-09-18T09:40:25+00:00","description":"Spoof Check, em seguran\u00e7a cibern\u00e9tica, envolve a verifica\u00e7\u00e3o da autenticidade de um e-mail, site ou endere\u00e7o IP para evitar fraudes ou ataques de phishing.","breadcrumb":{"@id":"https:\/\/smartfense.com\/pt-pt\/recursos\/ferramentas\/spoof-check\/#breadcrumb"},"inLanguage":"pt-PT","potentialAction":[{"@type":"ReadAction","target":["https:\/\/smartfense.com\/pt-pt\/recursos\/ferramentas\/spoof-check\/"]}]},{"@type":"ImageObject","inLanguage":"pt-PT","@id":"https:\/\/smartfense.com\/pt-pt\/recursos\/ferramentas\/spoof-check\/#primaryimage","url":"https:\/\/smartfense.com\/file\/2023\/07\/spoofCheck-1200px.jpg","contentUrl":"https:\/\/smartfense.com\/file\/2023\/07\/spoofCheck-1200px.jpg","width":1200,"height":630},{"@type":"BreadcrumbList","@id":"https:\/\/smartfense.com\/pt-pt\/recursos\/ferramentas\/spoof-check\/#breadcrumb","itemListElement":[{"@type":"ListItem","position":1,"name":"Portada","item":"https:\/\/smartfense.com\/pt-pt\/"},{"@type":"ListItem","position":2,"name":"Recursos","item":"https:\/\/smartfense.com\/pt-pt\/recursos\/"},{"@type":"ListItem","position":3,"name":"Ferramentas gratuitas","item":"https:\/\/smartfense.com\/pt-pt\/recursos\/ferramentas\/"},{"@type":"ListItem","position":4,"name":"Spoof Check"}]},{"@type":"WebSite","@id":"https:\/\/smartfense.com\/pt-pt\/#website","url":"https:\/\/smartfense.com\/pt-pt\/","name":"SMARTFENSE - Concienciaci\u00f3n en Ciberseguridad","description":"","publisher":{"@id":"https:\/\/smartfense.com\/pt-pt\/#organization"},"potentialAction":[{"@type":"SearchAction","target":{"@type":"EntryPoint","urlTemplate":"https:\/\/smartfense.com\/pt-pt\/?s={search_term_string}"},"query-input":{"@type":"PropertyValueSpecification","valueRequired":true,"valueName":"search_term_string"}}],"inLanguage":"pt-PT"},{"@type":"Organization","@id":"https:\/\/smartfense.com\/pt-pt\/#organization","name":"SMARTFENSE","url":"https:\/\/smartfense.com\/pt-pt\/","logo":{"@type":"ImageObject","inLanguage":"pt-PT","@id":"https:\/\/smartfense.com\/pt-pt\/#\/schema\/logo\/image\/","url":"https:\/\/smartfense.com\/file\/2023\/08\/logo-smartfense-240x40-1.png","contentUrl":"https:\/\/smartfense.com\/file\/2023\/08\/logo-smartfense-240x40-1.png","width":241,"height":40,"caption":"SMARTFENSE"},"image":{"@id":"https:\/\/smartfense.com\/pt-pt\/#\/schema\/logo\/image\/"}}]}},"_links":{"self":[{"href":"https:\/\/smartfense.com\/pt-pt\/wp-json\/wp\/v2\/pages\/9152","targetHints":{"allow":["GET"]}}],"collection":[{"href":"https:\/\/smartfense.com\/pt-pt\/wp-json\/wp\/v2\/pages"}],"about":[{"href":"https:\/\/smartfense.com\/pt-pt\/wp-json\/wp\/v2\/types\/page"}],"author":[{"embeddable":true,"href":"https:\/\/smartfense.com\/pt-pt\/wp-json\/wp\/v2\/users\/1"}],"replies":[{"embeddable":true,"href":"https:\/\/smartfense.com\/pt-pt\/wp-json\/wp\/v2\/comments?post=9152"}],"version-history":[{"count":3,"href":"https:\/\/smartfense.com\/pt-pt\/wp-json\/wp\/v2\/pages\/9152\/revisions"}],"predecessor-version":[{"id":29707,"href":"https:\/\/smartfense.com\/pt-pt\/wp-json\/wp\/v2\/pages\/9152\/revisions\/29707"}],"up":[{"embeddable":true,"href":"https:\/\/smartfense.com\/pt-pt\/wp-json\/wp\/v2\/pages\/9236"}],"wp:featuredmedia":[{"embeddable":true,"href":"https:\/\/smartfense.com\/pt-pt\/wp-json\/wp\/v2\/media\/5003"}],"wp:attachment":[{"href":"https:\/\/smartfense.com\/pt-pt\/wp-json\/wp\/v2\/media?parent=9152"}],"curies":[{"name":"wp","href":"https:\/\/api.w.org\/{rel}","templated":true}]}}