{"id":9128,"date":"2023-07-24T07:30:23","date_gmt":"2023-07-24T05:30:23","guid":{"rendered":"https:\/\/callidusprolab.com\/smartfense\/kit-de-autodiagnostico-sobre-teletrabajo-seguro\/"},"modified":"2024-09-18T11:27:15","modified_gmt":"2024-09-18T09:27:15","slug":"kit-de-autodiagnostico-sobre-teletrabalho-seguro","status":"publish","type":"page","link":"https:\/\/smartfense.com\/pt-pt\/recursos\/ferramentas\/kit-de-autodiagnostico-sobre-teletrabalho-seguro\/","title":{"rendered":"Kit de Autodiagn\u00f3stico sobre Teletrabalho Seguro"},"content":{"rendered":"\t\t<div data-elementor-type=\"wp-page\" data-elementor-id=\"9128\" class=\"elementor elementor-9128 elementor-4631\">\n\t\t\t\t<div class=\"elementor-element elementor-element-baf7a35 e-flex e-con-boxed e-con e-parent\" data-id=\"baf7a35\" data-element_type=\"container\">\n\t\t\t\t\t<div class=\"e-con-inner\">\n\t\t<div class=\"elementor-element elementor-element-0acf31b e-con-full e-flex e-con e-child\" data-id=\"0acf31b\" data-element_type=\"container\">\n\t\t\t\t<div class=\"elementor-element elementor-element-ea301a2 elementor-widget elementor-widget-text-editor\" data-id=\"ea301a2\" data-element_type=\"widget\" data-widget_type=\"text-editor.default\">\n\t\t\t\t<div class=\"elementor-widget-container\">\n\t\t\t\t\t\t\t<p>Descubra o n\u00edvel de risco da sua organiza\u00e7\u00e3o relativamente ao teletrabalho e obtenha recomenda\u00e7\u00f5es de implementa\u00e7\u00e3o das melhores pr\u00e1ticas, juntamente com um plano de atenua\u00e7\u00e3o dos riscos identificados.<\/p><p>Como qualquer ferramenta de an\u00e1lise e autoavalia\u00e7\u00e3o de riscos, o KATS permite-lhe determinar o n\u00edvel de exposi\u00e7\u00e3o da sua organiza\u00e7\u00e3o a potenciais ataques com base numa s\u00e9rie de perguntas simples. \u00c9 tamb\u00e9m muito f\u00e1cil de utilizar e \u00e9 gratuito. Basta descarregar um ficheiro Excel (sem macros) e responder \u00e0s perguntas.<\/p><p>Este trabalho n\u00e3o teria sido poss\u00edvel sem o empenho e o profissionalismo de Cristian Borghello, da Segu-Info; Alejandra Gim\u00e9nez, da IniciACtiva; Marcelo Temperini e Maximiliano Macedo, da AsegurarTE; e Mauro Graziosi, Mauro S\u00e1nchez e Nicol\u00e1s Bruna, da SMARTFENSE.<\/p>\t\t\t\t\t\t<\/div>\n\t\t\t\t<\/div>\n\t\t\t\t<\/div>\n\t\t<div class=\"elementor-element elementor-element-dae0d6d e-con-full e-flex elementor-invisible e-con e-child\" data-id=\"dae0d6d\" data-element_type=\"container\" data-settings=\"{&quot;animation&quot;:&quot;fadeInRight&quot;}\">\n\t\t\t\t<div class=\"elementor-element elementor-element-a1d5304 elementor-widget elementor-widget-image\" data-id=\"a1d5304\" data-element_type=\"widget\" data-widget_type=\"image.default\">\n\t\t\t\t<div class=\"elementor-widget-container\">\n\t\t\t\t\t\t\t\t\t\t\t\t\t<img fetchpriority=\"high\" decoding=\"async\" width=\"640\" height=\"336\" src=\"https:\/\/smartfense.com\/file\/2023\/07\/kats-1200px-1-1024x538.jpg\" class=\"attachment-large size-large wp-image-5028\" alt=\"\" srcset=\"https:\/\/smartfense.com\/file\/2023\/07\/kats-1200px-1-1024x538.jpg 1024w, https:\/\/smartfense.com\/file\/2023\/07\/kats-1200px-1-300x158.jpg 300w, https:\/\/smartfense.com\/file\/2023\/07\/kats-1200px-1-768x403.jpg 768w, https:\/\/smartfense.com\/file\/2023\/07\/kats-1200px-1.jpg 1200w\" sizes=\"(max-width: 640px) 100vw, 640px\" \/>\t\t\t\t\t\t\t\t\t\t\t\t\t<\/div>\n\t\t\t\t<\/div>\n\t\t\t\t<\/div>\n\t\t\t\t\t<\/div>\n\t\t\t\t<\/div>\n\t\t<div class=\"elementor-element elementor-element-664a5f60 e-flex e-con-boxed e-con e-parent\" data-id=\"664a5f60\" data-element_type=\"container\">\n\t\t\t\t\t<div class=\"e-con-inner\">\n\t\t<div class=\"elementor-element elementor-element-3c502833 e-con-full e-flex e-con e-child\" data-id=\"3c502833\" data-element_type=\"container\">\n\t\t\t\t<div class=\"elementor-element elementor-element-79f3b8ad elementor-widget elementor-widget-iconbox bdevs-el iconbox\" data-id=\"79f3b8ad\" data-element_type=\"widget\" data-widget_type=\"iconbox.default\">\n\t\t\t\t<div class=\"elementor-widget-container\">\n\t\t\t\n\n\n <div class=\"services__inner hover__active mb-30 wow fadeInUp2\" data-wow-delay=\".3s\">\n\n <div class=\"services__item white-bg text-center transition-3 \">\n\n\n\n <div class=\"services__icon d-flex align-items-end justify-content-center\">\n\n \n <figure>\n\n <img decoding=\"async\" width=\"150\" height=\"150\" src=\"https:\/\/smartfense.com\/file\/2023\/07\/secure-shield-150x150.png\" class=\"elementor-animation-disable-animation attachment-thumbnail size-thumbnail wp-image-4904\" alt=\"\" srcset=\"https:\/\/smartfense.com\/file\/2023\/07\/secure-shield-150x150.png 150w, https:\/\/smartfense.com\/file\/2023\/07\/secure-shield-300x300.png 300w, https:\/\/smartfense.com\/file\/2023\/07\/secure-shield.png 512w\" sizes=\"(max-width: 150px) 100vw, 150px\" \/>\n <\/figure>\n\n \n <\/div>\n\n\n\n <div class=\"services__content\">\n\n <h3 class=\"services__title\">Transversal<\/h3>\n\n\n \n <p>O inqu\u00e9rito tem em conta v\u00e1rios t\u00f3picos: Acesso Remoto, Equipamento do Utilizador, H\u00e1bitos do Utilizador, Conformidade, Gest\u00e3o e Organiza\u00e7\u00e3o da Seguran\u00e7a e Monitoriza\u00e7\u00e3o do Projeto.\n<\/p>\n\n \n\n\n <\/div>\n\n\n\n <\/div>\n\n <\/div>\n\n\n\n \t\t<\/div>\n\t\t\t\t<\/div>\n\t\t\t\t<\/div>\n\t\t<div class=\"elementor-element elementor-element-2ec681fc e-con-full e-flex e-con e-child\" data-id=\"2ec681fc\" data-element_type=\"container\">\n\t\t\t\t<div class=\"elementor-element elementor-element-59058003 elementor-widget elementor-widget-iconbox bdevs-el iconbox\" data-id=\"59058003\" data-element_type=\"widget\" data-widget_type=\"iconbox.default\">\n\t\t\t\t<div class=\"elementor-widget-container\">\n\t\t\t\n\n\n <div class=\"services__inner hover__active mb-30 wow fadeInUp2\" data-wow-delay=\".3s\">\n\n <div class=\"services__item white-bg text-center transition-3 \">\n\n\n\n <div class=\"services__icon d-flex align-items-end justify-content-center\">\n\n \n <figure>\n\n <img decoding=\"async\" width=\"150\" height=\"150\" src=\"https:\/\/smartfense.com\/file\/2023\/07\/mundo-200-150x150.png\" class=\"elementor-animation-disable-animation attachment-thumbnail size-thumbnail wp-image-3344\" alt=\"\" srcset=\"https:\/\/smartfense.com\/file\/2023\/07\/mundo-200-150x150.png 150w, https:\/\/smartfense.com\/file\/2023\/07\/mundo-200.png 200w\" sizes=\"(max-width: 150px) 100vw, 150px\" \/>\n <\/figure>\n\n \n <\/div>\n\n\n\n <div class=\"services__content\">\n\n <h3 class=\"services__title\">Internacional<\/h3>\n\n\n \n <p>As recomenda\u00e7\u00f5es e o plano de a\u00e7\u00e3o para atenuar os riscos identificados baseiam-se nas melhores pr\u00e1ticas internacionais: ISO, PCI, CSA, NIST, etc..<br><br><\/p>\n\n \n\n\n <\/div>\n\n\n\n <\/div>\n\n <\/div>\n\n\n\n \t\t<\/div>\n\t\t\t\t<\/div>\n\t\t\t\t<\/div>\n\t\t<div class=\"elementor-element elementor-element-4e86f072 e-con-full e-flex e-con e-child\" data-id=\"4e86f072\" data-element_type=\"container\">\n\t\t\t\t<div class=\"elementor-element elementor-element-12a7ad76 elementor-widget elementor-widget-iconbox bdevs-el iconbox\" data-id=\"12a7ad76\" data-element_type=\"widget\" data-widget_type=\"iconbox.default\">\n\t\t\t\t<div class=\"elementor-widget-container\">\n\t\t\t\n\n\n <div class=\"services__inner hover__active mb-30 wow fadeInUp2\" data-wow-delay=\".3s\">\n\n <div class=\"services__item white-bg text-center transition-3 \">\n\n\n\n <div class=\"services__icon d-flex align-items-end justify-content-center\">\n\n \n <figure>\n\n <img loading=\"lazy\" decoding=\"async\" width=\"150\" height=\"150\" src=\"https:\/\/smartfense.com\/file\/2023\/07\/loading-150x150.png\" class=\"elementor-animation-disable-animation attachment-thumbnail size-thumbnail wp-image-4044\" alt=\"loading Direct Message Injection\" srcset=\"https:\/\/smartfense.com\/file\/2023\/07\/loading-150x150.png 150w, https:\/\/smartfense.com\/file\/2023\/07\/loading-300x300.png 300w, https:\/\/smartfense.com\/file\/2023\/07\/loading.png 512w\" sizes=\"(max-width: 150px) 100vw, 150px\" \/>\n <\/figure>\n\n \n <\/div>\n\n\n\n <div class=\"services__content\">\n\n <h3 class=\"services__title\">Efetivo<\/h3>\n\n\n \n <p>O KATS \u00e9 f\u00e1cil de utilizar e os seus resultados s\u00e3o claros e concretos. Al\u00e9m disso, a sua utilidade n\u00e3o se esgota no diagn\u00f3stico, mas d\u00e1 \u00eanfase ao acompanhamento da execu\u00e7\u00e3o do plano de a\u00e7\u00e3o.<br><br><\/p>\n\n \n\n\n <\/div>\n\n\n\n <\/div>\n\n <\/div>\n\n\n\n \t\t<\/div>\n\t\t\t\t<\/div>\n\t\t\t\t<\/div>\n\t\t\t\t\t<\/div>\n\t\t\t\t<\/div>\n\t\t<div class=\"elementor-element elementor-element-d2926f3 e-flex e-con-boxed e-con e-parent\" data-id=\"d2926f3\" data-element_type=\"container\" data-settings=\"{&quot;background_background&quot;:&quot;classic&quot;}\">\n\t\t\t\t\t<div class=\"e-con-inner\">\n\t\t\t\t<div class=\"elementor-element elementor-element-41067e0 elementor-widget elementor-widget-text-editor\" data-id=\"41067e0\" data-element_type=\"widget\" data-widget_type=\"text-editor.default\">\n\t\t\t\t<div class=\"elementor-widget-container\">\n\t\t\t\t\t\t\t<h4 style=\"text-align: center;\">DESCARREGUE AGORA O KIT GRATUITAMENTE<\/h4>\t\t\t\t\t\t<\/div>\n\t\t\t\t<\/div>\n\t\t\t\t<div class=\"elementor-element elementor-element-dbf5895 elementor-align-center elementor-widget elementor-widget-button\" data-id=\"dbf5895\" data-element_type=\"widget\" data-widget_type=\"button.default\">\n\t\t\t\t<div class=\"elementor-widget-container\">\n\t\t\t\t\t\t\t\t<a class=\"elementor-button elementor-button-link elementor-size-sm\" href=\"https:\/\/github.com\/seguinfo\/KATS\" target=\"_blank\">\n\t\t\t\t\t\t<span class=\"elementor-button-content-wrapper\">\n\t\t\t\t\t\t\t\t\t<span class=\"elementor-button-text\">Descarga<\/span>\n\t\t\t\t\t<\/span>\n\t\t\t\t\t<\/a>\n\t\t\t\t\t\t<\/div>\n\t\t\t\t<\/div>\n\t\t\t\t\t<\/div>\n\t\t\t\t<\/div>\n\t\t\t\t<\/div>\n\t\t","protected":false},"excerpt":{"rendered":"<p>Descubra o n\u00edvel de risco da sua organiza\u00e7\u00e3o relativamente ao teletrabalho e obtenha recomenda\u00e7\u00f5es de implementa\u00e7\u00e3o das melhores pr\u00e1ticas, juntamente com um plano de atenua\u00e7\u00e3o dos riscos identificados. Como qualquer [&hellip;]<\/p>\n","protected":false},"author":1,"featured_media":5028,"parent":9236,"menu_order":0,"comment_status":"closed","ping_status":"closed","template":"elementor_header_footer","meta":{"_acf_changed":false,"footnotes":""},"class_list":["post-9128","page","type-page","status-publish","has-post-thumbnail","hentry"],"acf":[],"yoast_head":" \n<title>Kit de Autodiagn\u00f3stico sobre Teletrabalho Seguro - SMARTFENSE<\/title>\n<meta name=\"description\" content=\"O kit de autodiagn\u00f3stico de teletrabalho permite determinar o n\u00edvel de exposi\u00e7\u00e3o da organiza\u00e7\u00e3o a poss\u00edveis ataques.\" \/>\n<meta name=\"robots\" content=\"index, follow, max-snippet:-1, max-image-preview:large, max-video-preview:-1\" \/>\n<link rel=\"canonical\" href=\"https:\/\/smartfense.com\/pt-pt\/recursos\/ferramentas\/kit-de-autodiagnostico-sobre-teletrabalho-seguro\/\" \/>\n<meta property=\"og:locale\" content=\"pt_PT\" \/>\n<meta property=\"og:type\" content=\"article\" \/>\n<meta property=\"og:title\" content=\"Kit de Autodiagn\u00f3stico sobre Teletrabalho Seguro - SMARTFENSE\" \/>\n<meta property=\"og:description\" content=\"O kit de autodiagn\u00f3stico de teletrabalho permite determinar o n\u00edvel de exposi\u00e7\u00e3o da organiza\u00e7\u00e3o a poss\u00edveis ataques.\" \/>\n<meta property=\"og:url\" content=\"https:\/\/smartfense.com\/pt-pt\/recursos\/ferramentas\/kit-de-autodiagnostico-sobre-teletrabalho-seguro\/\" \/>\n<meta property=\"og:site_name\" content=\"SMARTFENSE - Sensibiliza\u00e7\u00e3o para a ciberseguran\u00e7a\" \/>\n<meta property=\"article:modified_time\" content=\"2024-09-18T09:27:15+00:00\" \/>\n<meta property=\"og:image\" content=\"https:\/\/smartfense.com\/file\/2023\/07\/kats-1200px-1.jpg\" \/>\n\t<meta property=\"og:image:width\" content=\"1200\" \/>\n\t<meta property=\"og:image:height\" content=\"630\" \/>\n\t<meta property=\"og:image:type\" content=\"image\/jpeg\" \/>\n<meta name=\"twitter:card\" content=\"summary_large_image\" \/>\n<meta name=\"twitter:label1\" content=\"Tempo estimado de leitura\" \/>\n\t<meta name=\"twitter:data1\" content=\"2 minutos\" \/>\n<script type=\"application\/ld+json\" class=\"yoast-schema-graph\">{\"@context\":\"https:\\\/\\\/schema.org\",\"@graph\":[{\"@type\":\"WebPage\",\"@id\":\"https:\\\/\\\/smartfense.com\\\/pt-pt\\\/recursos\\\/ferramentas\\\/kit-de-autodiagnostico-sobre-teletrabalho-seguro\\\/\",\"url\":\"https:\\\/\\\/smartfense.com\\\/pt-pt\\\/recursos\\\/ferramentas\\\/kit-de-autodiagnostico-sobre-teletrabalho-seguro\\\/\",\"name\":\"Kit de Autodiagn\u00f3stico sobre Teletrabalho Seguro - SMARTFENSE\",\"isPartOf\":{\"@id\":\"https:\\\/\\\/smartfense.com\\\/pt-pt\\\/#website\"},\"primaryImageOfPage\":{\"@id\":\"https:\\\/\\\/smartfense.com\\\/pt-pt\\\/recursos\\\/ferramentas\\\/kit-de-autodiagnostico-sobre-teletrabalho-seguro\\\/#primaryimage\"},\"image\":{\"@id\":\"https:\\\/\\\/smartfense.com\\\/pt-pt\\\/recursos\\\/ferramentas\\\/kit-de-autodiagnostico-sobre-teletrabalho-seguro\\\/#primaryimage\"},\"thumbnailUrl\":\"https:\\\/\\\/smartfense.com\\\/wp-content\\\/uploads\\\/2023\\\/07\\\/kats-1200px-1.jpg\",\"datePublished\":\"2023-07-24T05:30:23+00:00\",\"dateModified\":\"2024-09-18T09:27:15+00:00\",\"description\":\"O kit de autodiagn\u00f3stico de teletrabalho permite determinar o n\u00edvel de exposi\u00e7\u00e3o da organiza\u00e7\u00e3o a poss\u00edveis ataques.\",\"breadcrumb\":{\"@id\":\"https:\\\/\\\/smartfense.com\\\/pt-pt\\\/recursos\\\/ferramentas\\\/kit-de-autodiagnostico-sobre-teletrabalho-seguro\\\/#breadcrumb\"},\"inLanguage\":\"pt-PT\",\"potentialAction\":[{\"@type\":\"ReadAction\",\"target\":[\"https:\\\/\\\/smartfense.com\\\/pt-pt\\\/recursos\\\/ferramentas\\\/kit-de-autodiagnostico-sobre-teletrabalho-seguro\\\/\"]}]},{\"@type\":\"ImageObject\",\"inLanguage\":\"pt-PT\",\"@id\":\"https:\\\/\\\/smartfense.com\\\/pt-pt\\\/recursos\\\/ferramentas\\\/kit-de-autodiagnostico-sobre-teletrabalho-seguro\\\/#primaryimage\",\"url\":\"https:\\\/\\\/smartfense.com\\\/wp-content\\\/uploads\\\/2023\\\/07\\\/kats-1200px-1.jpg\",\"contentUrl\":\"https:\\\/\\\/smartfense.com\\\/wp-content\\\/uploads\\\/2023\\\/07\\\/kats-1200px-1.jpg\",\"width\":1200,\"height\":630},{\"@type\":\"BreadcrumbList\",\"@id\":\"https:\\\/\\\/smartfense.com\\\/pt-pt\\\/recursos\\\/ferramentas\\\/kit-de-autodiagnostico-sobre-teletrabalho-seguro\\\/#breadcrumb\",\"itemListElement\":[{\"@type\":\"ListItem\",\"position\":1,\"name\":\"Portada\",\"item\":\"https:\\\/\\\/smartfense.com\\\/pt-pt\\\/\"},{\"@type\":\"ListItem\",\"position\":2,\"name\":\"Recursos\",\"item\":\"https:\\\/\\\/smartfense.com\\\/pt-pt\\\/recursos\\\/\"},{\"@type\":\"ListItem\",\"position\":3,\"name\":\"Ferramentas gratuitas\",\"item\":\"https:\\\/\\\/smartfense.com\\\/pt-pt\\\/recursos\\\/ferramentas\\\/\"},{\"@type\":\"ListItem\",\"position\":4,\"name\":\"Kit de Autodiagn\u00f3stico sobre Teletrabalho Seguro\"}]},{\"@type\":\"WebSite\",\"@id\":\"https:\\\/\\\/smartfense.com\\\/pt-pt\\\/#website\",\"url\":\"https:\\\/\\\/smartfense.com\\\/pt-pt\\\/\",\"name\":\"SMARTFENSE - Concienciaci\u00f3n en Ciberseguridad\",\"description\":\"\",\"publisher\":{\"@id\":\"https:\\\/\\\/smartfense.com\\\/pt-pt\\\/#organization\"},\"potentialAction\":[{\"@type\":\"SearchAction\",\"target\":{\"@type\":\"EntryPoint\",\"urlTemplate\":\"https:\\\/\\\/smartfense.com\\\/pt-pt\\\/?s={search_term_string}\"},\"query-input\":{\"@type\":\"PropertyValueSpecification\",\"valueRequired\":true,\"valueName\":\"search_term_string\"}}],\"inLanguage\":\"pt-PT\"},{\"@type\":\"Organization\",\"@id\":\"https:\\\/\\\/smartfense.com\\\/pt-pt\\\/#organization\",\"name\":\"SMARTFENSE\",\"url\":\"https:\\\/\\\/smartfense.com\\\/pt-pt\\\/\",\"logo\":{\"@type\":\"ImageObject\",\"inLanguage\":\"pt-PT\",\"@id\":\"https:\\\/\\\/smartfense.com\\\/pt-pt\\\/#\\\/schema\\\/logo\\\/image\\\/\",\"url\":\"https:\\\/\\\/smartfense.com\\\/wp-content\\\/uploads\\\/2023\\\/08\\\/logo-smartfense-240x40-1.png\",\"contentUrl\":\"https:\\\/\\\/smartfense.com\\\/wp-content\\\/uploads\\\/2023\\\/08\\\/logo-smartfense-240x40-1.png\",\"width\":241,\"height\":40,\"caption\":\"SMARTFENSE\"},\"image\":{\"@id\":\"https:\\\/\\\/smartfense.com\\\/pt-pt\\\/#\\\/schema\\\/logo\\\/image\\\/\"}}]}<\/script>\n ","yoast_head_json":{"title":"Kit de Autodiagn\u00f3stico sobre Teletrabalho Seguro - SMARTFENSE","description":"O kit de autodiagn\u00f3stico de teletrabalho permite determinar o n\u00edvel de exposi\u00e7\u00e3o da organiza\u00e7\u00e3o a poss\u00edveis ataques.","robots":{"index":"index","follow":"follow","max-snippet":"max-snippet:-1","max-image-preview":"max-image-preview:large","max-video-preview":"max-video-preview:-1"},"canonical":"https:\/\/smartfense.com\/pt-pt\/recursos\/ferramentas\/kit-de-autodiagnostico-sobre-teletrabalho-seguro\/","og_locale":"pt_PT","og_type":"article","og_title":"Kit de Autodiagn\u00f3stico sobre Teletrabalho Seguro - SMARTFENSE","og_description":"O kit de autodiagn\u00f3stico de teletrabalho permite determinar o n\u00edvel de exposi\u00e7\u00e3o da organiza\u00e7\u00e3o a poss\u00edveis ataques.","og_url":"https:\/\/smartfense.com\/pt-pt\/recursos\/ferramentas\/kit-de-autodiagnostico-sobre-teletrabalho-seguro\/","og_site_name":"SMARTFENSE - Sensibiliza\u00e7\u00e3o para a ciberseguran\u00e7a","article_modified_time":"2024-09-18T09:27:15+00:00","og_image":[{"width":1200,"height":630,"url":"https:\/\/smartfense.com\/file\/2023\/07\/kats-1200px-1.jpg","type":"image\/jpeg"}],"twitter_card":"summary_large_image","twitter_misc":{"Tempo estimado de leitura":"2 minutos"},"schema":{"@context":"https:\/\/schema.org","@graph":[{"@type":"WebPage","@id":"https:\/\/smartfense.com\/pt-pt\/recursos\/ferramentas\/kit-de-autodiagnostico-sobre-teletrabalho-seguro\/","url":"https:\/\/smartfense.com\/pt-pt\/recursos\/ferramentas\/kit-de-autodiagnostico-sobre-teletrabalho-seguro\/","name":"Kit de Autodiagn\u00f3stico sobre Teletrabalho Seguro - SMARTFENSE","isPartOf":{"@id":"https:\/\/smartfense.com\/pt-pt\/#website"},"primaryImageOfPage":{"@id":"https:\/\/smartfense.com\/pt-pt\/recursos\/ferramentas\/kit-de-autodiagnostico-sobre-teletrabalho-seguro\/#primaryimage"},"image":{"@id":"https:\/\/smartfense.com\/pt-pt\/recursos\/ferramentas\/kit-de-autodiagnostico-sobre-teletrabalho-seguro\/#primaryimage"},"thumbnailUrl":"https:\/\/smartfense.com\/file\/2023\/07\/kats-1200px-1.jpg","datePublished":"2023-07-24T05:30:23+00:00","dateModified":"2024-09-18T09:27:15+00:00","description":"O kit de autodiagn\u00f3stico de teletrabalho permite determinar o n\u00edvel de exposi\u00e7\u00e3o da organiza\u00e7\u00e3o a poss\u00edveis ataques.","breadcrumb":{"@id":"https:\/\/smartfense.com\/pt-pt\/recursos\/ferramentas\/kit-de-autodiagnostico-sobre-teletrabalho-seguro\/#breadcrumb"},"inLanguage":"pt-PT","potentialAction":[{"@type":"ReadAction","target":["https:\/\/smartfense.com\/pt-pt\/recursos\/ferramentas\/kit-de-autodiagnostico-sobre-teletrabalho-seguro\/"]}]},{"@type":"ImageObject","inLanguage":"pt-PT","@id":"https:\/\/smartfense.com\/pt-pt\/recursos\/ferramentas\/kit-de-autodiagnostico-sobre-teletrabalho-seguro\/#primaryimage","url":"https:\/\/smartfense.com\/file\/2023\/07\/kats-1200px-1.jpg","contentUrl":"https:\/\/smartfense.com\/file\/2023\/07\/kats-1200px-1.jpg","width":1200,"height":630},{"@type":"BreadcrumbList","@id":"https:\/\/smartfense.com\/pt-pt\/recursos\/ferramentas\/kit-de-autodiagnostico-sobre-teletrabalho-seguro\/#breadcrumb","itemListElement":[{"@type":"ListItem","position":1,"name":"Portada","item":"https:\/\/smartfense.com\/pt-pt\/"},{"@type":"ListItem","position":2,"name":"Recursos","item":"https:\/\/smartfense.com\/pt-pt\/recursos\/"},{"@type":"ListItem","position":3,"name":"Ferramentas gratuitas","item":"https:\/\/smartfense.com\/pt-pt\/recursos\/ferramentas\/"},{"@type":"ListItem","position":4,"name":"Kit de Autodiagn\u00f3stico sobre Teletrabalho Seguro"}]},{"@type":"WebSite","@id":"https:\/\/smartfense.com\/pt-pt\/#website","url":"https:\/\/smartfense.com\/pt-pt\/","name":"SMARTFENSE - Concienciaci\u00f3n en Ciberseguridad","description":"","publisher":{"@id":"https:\/\/smartfense.com\/pt-pt\/#organization"},"potentialAction":[{"@type":"SearchAction","target":{"@type":"EntryPoint","urlTemplate":"https:\/\/smartfense.com\/pt-pt\/?s={search_term_string}"},"query-input":{"@type":"PropertyValueSpecification","valueRequired":true,"valueName":"search_term_string"}}],"inLanguage":"pt-PT"},{"@type":"Organization","@id":"https:\/\/smartfense.com\/pt-pt\/#organization","name":"SMARTFENSE","url":"https:\/\/smartfense.com\/pt-pt\/","logo":{"@type":"ImageObject","inLanguage":"pt-PT","@id":"https:\/\/smartfense.com\/pt-pt\/#\/schema\/logo\/image\/","url":"https:\/\/smartfense.com\/file\/2023\/08\/logo-smartfense-240x40-1.png","contentUrl":"https:\/\/smartfense.com\/file\/2023\/08\/logo-smartfense-240x40-1.png","width":241,"height":40,"caption":"SMARTFENSE"},"image":{"@id":"https:\/\/smartfense.com\/pt-pt\/#\/schema\/logo\/image\/"}}]}},"_links":{"self":[{"href":"https:\/\/smartfense.com\/pt-pt\/wp-json\/wp\/v2\/pages\/9128","targetHints":{"allow":["GET"]}}],"collection":[{"href":"https:\/\/smartfense.com\/pt-pt\/wp-json\/wp\/v2\/pages"}],"about":[{"href":"https:\/\/smartfense.com\/pt-pt\/wp-json\/wp\/v2\/types\/page"}],"author":[{"embeddable":true,"href":"https:\/\/smartfense.com\/pt-pt\/wp-json\/wp\/v2\/users\/1"}],"replies":[{"embeddable":true,"href":"https:\/\/smartfense.com\/pt-pt\/wp-json\/wp\/v2\/comments?post=9128"}],"version-history":[{"count":3,"href":"https:\/\/smartfense.com\/pt-pt\/wp-json\/wp\/v2\/pages\/9128\/revisions"}],"predecessor-version":[{"id":29629,"href":"https:\/\/smartfense.com\/pt-pt\/wp-json\/wp\/v2\/pages\/9128\/revisions\/29629"}],"up":[{"embeddable":true,"href":"https:\/\/smartfense.com\/pt-pt\/wp-json\/wp\/v2\/pages\/9236"}],"wp:featuredmedia":[{"embeddable":true,"href":"https:\/\/smartfense.com\/pt-pt\/wp-json\/wp\/v2\/media\/5028"}],"wp:attachment":[{"href":"https:\/\/smartfense.com\/pt-pt\/wp-json\/wp\/v2\/media?parent=9128"}],"curies":[{"name":"wp","href":"https:\/\/api.w.org\/{rel}","templated":true}]}}