{"id":9100,"date":"2023-07-25T14:12:42","date_gmt":"2023-07-25T12:12:42","guid":{"rendered":"https:\/\/callidusprolab.com\/smartfense\/run-ciso-run\/"},"modified":"2024-09-18T11:47:01","modified_gmt":"2024-09-18T09:47:01","slug":"run-ciso-run","status":"publish","type":"page","link":"https:\/\/smartfense.com\/pt-pt\/recursos\/jogar-online\/run-ciso-run\/","title":{"rendered":"RUN CISO RUN"},"content":{"rendered":"\t\t<div data-elementor-type=\"wp-page\" data-elementor-id=\"9100\" class=\"elementor elementor-9100 elementor-4916\">\n\t\t\t\t<div class=\"elementor-element elementor-element-baf7a35 e-flex e-con-boxed e-con e-parent\" data-id=\"baf7a35\" data-element_type=\"container\">\n\t\t\t\t\t<div class=\"e-con-inner\">\n\t\t<div class=\"elementor-element elementor-element-0acf31b e-con-full e-flex e-con e-child\" data-id=\"0acf31b\" data-element_type=\"container\">\n\t\t\t\t<div class=\"elementor-element elementor-element-ea301a2 elementor-widget elementor-widget-text-editor\" data-id=\"ea301a2\" data-element_type=\"widget\" data-widget_type=\"text-editor.default\">\n\t\t\t\t<div class=\"elementor-widget-container\">\n\t\t\t\t\t\t\t<p>No nosso papel de gestores de seguran\u00e7a da informa\u00e7\u00e3o, podemos encontrar-nos em tr\u00eas cen\u00e1rios diferentes no que diz respeito \u00e0 sensibiliza\u00e7\u00e3o: nenhuma sensibiliza\u00e7\u00e3o, sensibiliza\u00e7\u00e3o conforme necess\u00e1rio ou utiliza\u00e7\u00e3o da SMARTFENSE para um plano de sensibiliza\u00e7\u00e3o cont\u00ednuo.<\/p><p>Qual \u00e9 o cen\u00e1rio mais eficaz? Descubra por si mesmo, colocando-se na pele de um CISO que aumenta a sensibiliza\u00e7\u00e3o a pedido. Conseguir\u00e1 diminuir os seus incidentes de seguran\u00e7a e manter-se dentro do seu or\u00e7amento?<\/p><p class=\"caracteristicas-contenido\">\u00a0<\/p>\t\t\t\t\t\t<\/div>\n\t\t\t\t<\/div>\n\t\t\t\t<\/div>\n\t\t<div class=\"elementor-element elementor-element-dae0d6d e-con-full e-flex elementor-invisible e-con e-child\" data-id=\"dae0d6d\" data-element_type=\"container\" data-settings=\"{&quot;animation&quot;:&quot;fadeInRight&quot;}\">\n\t\t\t\t<div class=\"elementor-element elementor-element-a1d5304 elementor-widget elementor-widget-image\" data-id=\"a1d5304\" data-element_type=\"widget\" data-widget_type=\"image.default\">\n\t\t\t\t<div class=\"elementor-widget-container\">\n\t\t\t\t\t\t\t\t\t\t\t\t\t<img fetchpriority=\"high\" decoding=\"async\" width=\"640\" height=\"336\" src=\"https:\/\/smartfense.com\/file\/2023\/07\/run-ciso-run-1200px-1024x538.jpg\" class=\"attachment-large size-large wp-image-5109\" alt=\"\" srcset=\"https:\/\/smartfense.com\/file\/2023\/07\/run-ciso-run-1200px-1024x538.jpg 1024w, https:\/\/smartfense.com\/file\/2023\/07\/run-ciso-run-1200px-300x158.jpg 300w, https:\/\/smartfense.com\/file\/2023\/07\/run-ciso-run-1200px-768x403.jpg 768w, https:\/\/smartfense.com\/file\/2023\/07\/run-ciso-run-1200px.jpg 1200w\" sizes=\"(max-width: 640px) 100vw, 640px\" \/>\t\t\t\t\t\t\t\t\t\t\t\t\t<\/div>\n\t\t\t\t<\/div>\n\t\t\t\t<\/div>\n\t\t\t\t\t<\/div>\n\t\t\t\t<\/div>\n\t\t<div class=\"elementor-element elementor-element-d2926f3 e-flex e-con-boxed e-con e-parent\" data-id=\"d2926f3\" data-element_type=\"container\" data-settings=\"{&quot;background_background&quot;:&quot;classic&quot;}\">\n\t\t\t\t\t<div class=\"e-con-inner\">\n\t\t\t\t<div class=\"elementor-element elementor-element-41067e0 elementor-widget elementor-widget-text-editor\" data-id=\"41067e0\" data-element_type=\"widget\" data-widget_type=\"text-editor.default\">\n\t\t\t\t<div class=\"elementor-widget-container\">\n\t\t\t\t\t\t\t<h4 style=\"text-align: center;\">DESCUBRA OS BENEF\u00cdCIOS DA UTILIZA\u00c7\u00c3O DO SMARTFENSE<\/h4>\t\t\t\t\t\t<\/div>\n\t\t\t\t<\/div>\n\t\t\t\t<div class=\"elementor-element elementor-element-9ed2215 elementor-widget elementor-widget-html\" data-id=\"9ed2215\" data-element_type=\"widget\" data-widget_type=\"html.default\">\n\t\t\t\t<div class=\"elementor-widget-container\">\n\t\t\t<a href=\"https:\/\/runcisorun.smartfense.com\/\" class=\"w-btn\" target=\"_blank\">\nQUERO JOGAR AGORA !<\/a>\t\t<\/div>\n\t\t\t\t<\/div>\n\t\t\t\t\t<\/div>\n\t\t\t\t<\/div>\n\t\t<div class=\"elementor-element elementor-element-4a88fbeb e-flex e-con-boxed e-con e-parent\" data-id=\"4a88fbeb\" data-element_type=\"container\">\n\t\t\t\t\t<div class=\"e-con-inner\">\n\t\t<div class=\"elementor-element elementor-element-444f6c4e e-con-full e-flex e-con e-child\" data-id=\"444f6c4e\" data-element_type=\"container\">\n\t\t\t\t<div class=\"elementor-element elementor-element-572e618a elementor-widget elementor-widget-iconbox bdevs-el iconbox\" data-id=\"572e618a\" data-element_type=\"widget\" data-widget_type=\"iconbox.default\">\n\t\t\t\t<div class=\"elementor-widget-container\">\n\t\t\t\n\n\n <div class=\"services__inner hover__active mb-30 wow fadeInUp2\" data-wow-delay=\".3s\">\n\n <div class=\"services__item white-bg text-center transition-3 \">\n\n\n\n <div class=\"services__icon d-flex align-items-end justify-content-center\">\n\n \n <figure>\n\n <img decoding=\"async\" width=\"150\" height=\"150\" src=\"https:\/\/smartfense.com\/file\/2023\/07\/secure-shield-150x150.png\" class=\"elementor-animation-disable-animation attachment-thumbnail size-thumbnail wp-image-4904\" alt=\"\" srcset=\"https:\/\/smartfense.com\/file\/2023\/07\/secure-shield-150x150.png 150w, https:\/\/smartfense.com\/file\/2023\/07\/secure-shield-300x300.png 300w, https:\/\/smartfense.com\/file\/2023\/07\/secure-shield.png 512w\" sizes=\"(max-width: 150px) 100vw, 150px\" \/>\n <\/figure>\n\n \n <\/div>\n\n\n\n <div class=\"services__content\">\n\n <h3 class=\"services__title\">Desafiador<\/h3>\n\n\n \n <p>Aja de forma reactiva \u00e0s amea\u00e7as e tente manter as suas informa\u00e7\u00f5es seguras.<\/p>\n\n \n\n\n <\/div>\n\n\n\n <\/div>\n\n <\/div>\n\n\n\n \t\t<\/div>\n\t\t\t\t<\/div>\n\t\t\t\t<\/div>\n\t\t<div class=\"elementor-element elementor-element-2c5cb95e e-con-full e-flex e-con e-child\" data-id=\"2c5cb95e\" data-element_type=\"container\">\n\t\t\t\t<div class=\"elementor-element elementor-element-45a30c8e elementor-widget elementor-widget-iconbox bdevs-el iconbox\" data-id=\"45a30c8e\" data-element_type=\"widget\" data-widget_type=\"iconbox.default\">\n\t\t\t\t<div class=\"elementor-widget-container\">\n\t\t\t\n\n\n <div class=\"services__inner hover__active mb-30 wow fadeInUp2\" data-wow-delay=\".3s\">\n\n <div class=\"services__item white-bg text-center transition-3 \">\n\n\n\n <div class=\"services__icon d-flex align-items-end justify-content-center\">\n\n \n <figure>\n\n <img decoding=\"async\" width=\"150\" height=\"150\" src=\"https:\/\/smartfense.com\/file\/2023\/07\/give-money-150x150.png\" class=\"elementor-animation-disable-animation attachment-thumbnail size-thumbnail wp-image-4930\" alt=\"\" srcset=\"https:\/\/smartfense.com\/file\/2023\/07\/give-money-150x150.png 150w, https:\/\/smartfense.com\/file\/2023\/07\/give-money-300x300.png 300w, https:\/\/smartfense.com\/file\/2023\/07\/give-money.png 512w\" sizes=\"(max-width: 150px) 100vw, 150px\" \/>\n <\/figure>\n\n \n <\/div>\n\n\n\n <div class=\"services__content\">\n\n <h3 class=\"services__title\">Esclarecedor<\/h3>\n\n\n \n <p>Ser\u00e1 capaz de manter o seu or\u00e7amento e reduzir os incidentes de seguran\u00e7a com o m\u00ednimo de esfor\u00e7o?<\/p>\n\n \n\n\n <\/div>\n\n\n\n <\/div>\n\n <\/div>\n\n\n\n \t\t<\/div>\n\t\t\t\t<\/div>\n\t\t\t\t<\/div>\n\t\t<div class=\"elementor-element elementor-element-4c92a79 e-con-full e-flex e-con e-child\" data-id=\"4c92a79\" data-element_type=\"container\">\n\t\t\t\t<div class=\"elementor-element elementor-element-56a612ae elementor-widget elementor-widget-iconbox bdevs-el iconbox\" data-id=\"56a612ae\" data-element_type=\"widget\" data-widget_type=\"iconbox.default\">\n\t\t\t\t<div class=\"elementor-widget-container\">\n\t\t\t\n\n\n <div class=\"services__inner hover__active mb-30 wow fadeInUp2\" data-wow-delay=\".3s\">\n\n <div class=\"services__item white-bg text-center transition-3 \">\n\n\n\n <div class=\"services__icon d-flex align-items-end justify-content-center\">\n\n \n <figure>\n\n <img loading=\"lazy\" decoding=\"async\" width=\"150\" height=\"150\" src=\"https:\/\/smartfense.com\/file\/2023\/07\/loading-150x150.png\" class=\"elementor-animation-disable-animation attachment-thumbnail size-thumbnail wp-image-4044\" alt=\"loading Direct Message Injection\" srcset=\"https:\/\/smartfense.com\/file\/2023\/07\/loading-150x150.png 150w, https:\/\/smartfense.com\/file\/2023\/07\/loading-300x300.png 300w, https:\/\/smartfense.com\/file\/2023\/07\/loading.png 512w\" sizes=\"(max-width: 150px) 100vw, 150px\" \/>\n <\/figure>\n\n \n <\/div>\n\n\n\n <div class=\"services__content\">\n\n <h3 class=\"services__title\">Efetivo<\/h3>\n\n\n \n <p>A SMARTFENSE garante a cria\u00e7\u00e3o de h\u00e1bitos de utiliza\u00e7\u00e3o seguros com um investimento reduzido.<\/p>\n\n \n\n\n <\/div>\n\n\n\n <\/div>\n\n <\/div>\n\n\n\n \t\t<\/div>\n\t\t\t\t<\/div>\n\t\t\t\t<\/div>\n\t\t\t\t\t<\/div>\n\t\t\t\t<\/div>\n\t\t\t\t<\/div>\n\t\t","protected":false},"excerpt":{"rendered":"<p>No nosso papel de gestores de seguran\u00e7a da informa\u00e7\u00e3o, podemos encontrar-nos em tr\u00eas cen\u00e1rios diferentes no que diz respeito \u00e0 sensibiliza\u00e7\u00e3o: nenhuma sensibiliza\u00e7\u00e3o, sensibiliza\u00e7\u00e3o conforme necess\u00e1rio ou utiliza\u00e7\u00e3o da SMARTFENSE [&hellip;]<\/p>\n","protected":false},"author":1,"featured_media":5109,"parent":9196,"menu_order":0,"comment_status":"closed","ping_status":"closed","template":"elementor_header_footer","meta":{"_acf_changed":false,"footnotes":""},"class_list":["post-9100","page","type-page","status-publish","has-post-thumbnail","hentry"],"acf":[],"yoast_head":" \n<title>RUN CISO RUN - SMARTFENSE - Sensibiliza\u00e7\u00e3o para a ciberseguran\u00e7a<\/title>\n<meta name=\"robots\" content=\"index, follow, max-snippet:-1, max-image-preview:large, max-video-preview:-1\" \/>\n<link rel=\"canonical\" href=\"https:\/\/smartfense.com\/pt-pt\/recursos\/jogar-online\/run-ciso-run\/\" \/>\n<meta property=\"og:locale\" content=\"pt_PT\" \/>\n<meta property=\"og:type\" content=\"article\" \/>\n<meta property=\"og:title\" content=\"RUN CISO RUN - SMARTFENSE - Sensibiliza\u00e7\u00e3o para a ciberseguran\u00e7a\" \/>\n<meta property=\"og:description\" content=\"No nosso papel de gestores de seguran\u00e7a da informa\u00e7\u00e3o, podemos encontrar-nos em tr\u00eas cen\u00e1rios diferentes no que diz respeito \u00e0 sensibiliza\u00e7\u00e3o: nenhuma sensibiliza\u00e7\u00e3o, sensibiliza\u00e7\u00e3o conforme necess\u00e1rio ou utiliza\u00e7\u00e3o da SMARTFENSE [&hellip;]\" \/>\n<meta property=\"og:url\" content=\"https:\/\/smartfense.com\/pt-pt\/recursos\/jogar-online\/run-ciso-run\/\" \/>\n<meta property=\"og:site_name\" content=\"SMARTFENSE - Sensibiliza\u00e7\u00e3o para a ciberseguran\u00e7a\" \/>\n<meta property=\"article:modified_time\" content=\"2024-09-18T09:47:01+00:00\" \/>\n<meta property=\"og:image\" content=\"https:\/\/smartfense.com\/file\/2023\/07\/run-ciso-run-1200px.jpg\" \/>\n\t<meta property=\"og:image:width\" content=\"1200\" \/>\n\t<meta property=\"og:image:height\" content=\"630\" \/>\n\t<meta property=\"og:image:type\" content=\"image\/jpeg\" \/>\n<meta name=\"twitter:card\" content=\"summary_large_image\" \/>\n<meta name=\"twitter:label1\" content=\"Tempo estimado de leitura\" \/>\n\t<meta name=\"twitter:data1\" content=\"2 minutos\" \/>\n<script type=\"application\/ld+json\" class=\"yoast-schema-graph\">{\"@context\":\"https:\\\/\\\/schema.org\",\"@graph\":[{\"@type\":\"WebPage\",\"@id\":\"https:\\\/\\\/smartfense.com\\\/pt-pt\\\/recursos\\\/jogar-online\\\/run-ciso-run\\\/\",\"url\":\"https:\\\/\\\/smartfense.com\\\/pt-pt\\\/recursos\\\/jogar-online\\\/run-ciso-run\\\/\",\"name\":\"RUN CISO RUN - SMARTFENSE - Sensibiliza\u00e7\u00e3o para a ciberseguran\u00e7a\",\"isPartOf\":{\"@id\":\"https:\\\/\\\/smartfense.com\\\/pt-pt\\\/#website\"},\"primaryImageOfPage\":{\"@id\":\"https:\\\/\\\/smartfense.com\\\/pt-pt\\\/recursos\\\/jogar-online\\\/run-ciso-run\\\/#primaryimage\"},\"image\":{\"@id\":\"https:\\\/\\\/smartfense.com\\\/pt-pt\\\/recursos\\\/jogar-online\\\/run-ciso-run\\\/#primaryimage\"},\"thumbnailUrl\":\"https:\\\/\\\/smartfense.com\\\/wp-content\\\/uploads\\\/2023\\\/07\\\/run-ciso-run-1200px.jpg\",\"datePublished\":\"2023-07-25T12:12:42+00:00\",\"dateModified\":\"2024-09-18T09:47:01+00:00\",\"breadcrumb\":{\"@id\":\"https:\\\/\\\/smartfense.com\\\/pt-pt\\\/recursos\\\/jogar-online\\\/run-ciso-run\\\/#breadcrumb\"},\"inLanguage\":\"pt-PT\",\"potentialAction\":[{\"@type\":\"ReadAction\",\"target\":[\"https:\\\/\\\/smartfense.com\\\/pt-pt\\\/recursos\\\/jogar-online\\\/run-ciso-run\\\/\"]}]},{\"@type\":\"ImageObject\",\"inLanguage\":\"pt-PT\",\"@id\":\"https:\\\/\\\/smartfense.com\\\/pt-pt\\\/recursos\\\/jogar-online\\\/run-ciso-run\\\/#primaryimage\",\"url\":\"https:\\\/\\\/smartfense.com\\\/wp-content\\\/uploads\\\/2023\\\/07\\\/run-ciso-run-1200px.jpg\",\"contentUrl\":\"https:\\\/\\\/smartfense.com\\\/wp-content\\\/uploads\\\/2023\\\/07\\\/run-ciso-run-1200px.jpg\",\"width\":1200,\"height\":630},{\"@type\":\"BreadcrumbList\",\"@id\":\"https:\\\/\\\/smartfense.com\\\/pt-pt\\\/recursos\\\/jogar-online\\\/run-ciso-run\\\/#breadcrumb\",\"itemListElement\":[{\"@type\":\"ListItem\",\"position\":1,\"name\":\"Portada\",\"item\":\"https:\\\/\\\/smartfense.com\\\/pt-pt\\\/\"},{\"@type\":\"ListItem\",\"position\":2,\"name\":\"Recursos\",\"item\":\"https:\\\/\\\/smartfense.com\\\/pt-pt\\\/recursos\\\/\"},{\"@type\":\"ListItem\",\"position\":3,\"name\":\"Jogar online\",\"item\":\"https:\\\/\\\/smartfense.com\\\/pt-pt\\\/recursos\\\/juega-online\\\/\"},{\"@type\":\"ListItem\",\"position\":4,\"name\":\"RUN CISO RUN\"}]},{\"@type\":\"WebSite\",\"@id\":\"https:\\\/\\\/smartfense.com\\\/pt-pt\\\/#website\",\"url\":\"https:\\\/\\\/smartfense.com\\\/pt-pt\\\/\",\"name\":\"SMARTFENSE - Concienciaci\u00f3n en Ciberseguridad\",\"description\":\"\",\"publisher\":{\"@id\":\"https:\\\/\\\/smartfense.com\\\/pt-pt\\\/#organization\"},\"potentialAction\":[{\"@type\":\"SearchAction\",\"target\":{\"@type\":\"EntryPoint\",\"urlTemplate\":\"https:\\\/\\\/smartfense.com\\\/pt-pt\\\/?s={search_term_string}\"},\"query-input\":{\"@type\":\"PropertyValueSpecification\",\"valueRequired\":true,\"valueName\":\"search_term_string\"}}],\"inLanguage\":\"pt-PT\"},{\"@type\":\"Organization\",\"@id\":\"https:\\\/\\\/smartfense.com\\\/pt-pt\\\/#organization\",\"name\":\"SMARTFENSE\",\"url\":\"https:\\\/\\\/smartfense.com\\\/pt-pt\\\/\",\"logo\":{\"@type\":\"ImageObject\",\"inLanguage\":\"pt-PT\",\"@id\":\"https:\\\/\\\/smartfense.com\\\/pt-pt\\\/#\\\/schema\\\/logo\\\/image\\\/\",\"url\":\"https:\\\/\\\/smartfense.com\\\/wp-content\\\/uploads\\\/2023\\\/08\\\/logo-smartfense-240x40-1.png\",\"contentUrl\":\"https:\\\/\\\/smartfense.com\\\/wp-content\\\/uploads\\\/2023\\\/08\\\/logo-smartfense-240x40-1.png\",\"width\":241,\"height\":40,\"caption\":\"SMARTFENSE\"},\"image\":{\"@id\":\"https:\\\/\\\/smartfense.com\\\/pt-pt\\\/#\\\/schema\\\/logo\\\/image\\\/\"}}]}<\/script>\n ","yoast_head_json":{"title":"RUN CISO RUN - SMARTFENSE - Sensibiliza\u00e7\u00e3o para a ciberseguran\u00e7a","robots":{"index":"index","follow":"follow","max-snippet":"max-snippet:-1","max-image-preview":"max-image-preview:large","max-video-preview":"max-video-preview:-1"},"canonical":"https:\/\/smartfense.com\/pt-pt\/recursos\/jogar-online\/run-ciso-run\/","og_locale":"pt_PT","og_type":"article","og_title":"RUN CISO RUN - SMARTFENSE - Sensibiliza\u00e7\u00e3o para a ciberseguran\u00e7a","og_description":"No nosso papel de gestores de seguran\u00e7a da informa\u00e7\u00e3o, podemos encontrar-nos em tr\u00eas cen\u00e1rios diferentes no que diz respeito \u00e0 sensibiliza\u00e7\u00e3o: nenhuma sensibiliza\u00e7\u00e3o, sensibiliza\u00e7\u00e3o conforme necess\u00e1rio ou utiliza\u00e7\u00e3o da SMARTFENSE [&hellip;]","og_url":"https:\/\/smartfense.com\/pt-pt\/recursos\/jogar-online\/run-ciso-run\/","og_site_name":"SMARTFENSE - Sensibiliza\u00e7\u00e3o para a ciberseguran\u00e7a","article_modified_time":"2024-09-18T09:47:01+00:00","og_image":[{"width":1200,"height":630,"url":"https:\/\/smartfense.com\/file\/2023\/07\/run-ciso-run-1200px.jpg","type":"image\/jpeg"}],"twitter_card":"summary_large_image","twitter_misc":{"Tempo estimado de leitura":"2 minutos"},"schema":{"@context":"https:\/\/schema.org","@graph":[{"@type":"WebPage","@id":"https:\/\/smartfense.com\/pt-pt\/recursos\/jogar-online\/run-ciso-run\/","url":"https:\/\/smartfense.com\/pt-pt\/recursos\/jogar-online\/run-ciso-run\/","name":"RUN CISO RUN - SMARTFENSE - Sensibiliza\u00e7\u00e3o para a ciberseguran\u00e7a","isPartOf":{"@id":"https:\/\/smartfense.com\/pt-pt\/#website"},"primaryImageOfPage":{"@id":"https:\/\/smartfense.com\/pt-pt\/recursos\/jogar-online\/run-ciso-run\/#primaryimage"},"image":{"@id":"https:\/\/smartfense.com\/pt-pt\/recursos\/jogar-online\/run-ciso-run\/#primaryimage"},"thumbnailUrl":"https:\/\/smartfense.com\/file\/2023\/07\/run-ciso-run-1200px.jpg","datePublished":"2023-07-25T12:12:42+00:00","dateModified":"2024-09-18T09:47:01+00:00","breadcrumb":{"@id":"https:\/\/smartfense.com\/pt-pt\/recursos\/jogar-online\/run-ciso-run\/#breadcrumb"},"inLanguage":"pt-PT","potentialAction":[{"@type":"ReadAction","target":["https:\/\/smartfense.com\/pt-pt\/recursos\/jogar-online\/run-ciso-run\/"]}]},{"@type":"ImageObject","inLanguage":"pt-PT","@id":"https:\/\/smartfense.com\/pt-pt\/recursos\/jogar-online\/run-ciso-run\/#primaryimage","url":"https:\/\/smartfense.com\/file\/2023\/07\/run-ciso-run-1200px.jpg","contentUrl":"https:\/\/smartfense.com\/file\/2023\/07\/run-ciso-run-1200px.jpg","width":1200,"height":630},{"@type":"BreadcrumbList","@id":"https:\/\/smartfense.com\/pt-pt\/recursos\/jogar-online\/run-ciso-run\/#breadcrumb","itemListElement":[{"@type":"ListItem","position":1,"name":"Portada","item":"https:\/\/smartfense.com\/pt-pt\/"},{"@type":"ListItem","position":2,"name":"Recursos","item":"https:\/\/smartfense.com\/pt-pt\/recursos\/"},{"@type":"ListItem","position":3,"name":"Jogar online","item":"https:\/\/smartfense.com\/pt-pt\/recursos\/juega-online\/"},{"@type":"ListItem","position":4,"name":"RUN CISO RUN"}]},{"@type":"WebSite","@id":"https:\/\/smartfense.com\/pt-pt\/#website","url":"https:\/\/smartfense.com\/pt-pt\/","name":"SMARTFENSE - Concienciaci\u00f3n en Ciberseguridad","description":"","publisher":{"@id":"https:\/\/smartfense.com\/pt-pt\/#organization"},"potentialAction":[{"@type":"SearchAction","target":{"@type":"EntryPoint","urlTemplate":"https:\/\/smartfense.com\/pt-pt\/?s={search_term_string}"},"query-input":{"@type":"PropertyValueSpecification","valueRequired":true,"valueName":"search_term_string"}}],"inLanguage":"pt-PT"},{"@type":"Organization","@id":"https:\/\/smartfense.com\/pt-pt\/#organization","name":"SMARTFENSE","url":"https:\/\/smartfense.com\/pt-pt\/","logo":{"@type":"ImageObject","inLanguage":"pt-PT","@id":"https:\/\/smartfense.com\/pt-pt\/#\/schema\/logo\/image\/","url":"https:\/\/smartfense.com\/file\/2023\/08\/logo-smartfense-240x40-1.png","contentUrl":"https:\/\/smartfense.com\/file\/2023\/08\/logo-smartfense-240x40-1.png","width":241,"height":40,"caption":"SMARTFENSE"},"image":{"@id":"https:\/\/smartfense.com\/pt-pt\/#\/schema\/logo\/image\/"}}]}},"_links":{"self":[{"href":"https:\/\/smartfense.com\/pt-pt\/wp-json\/wp\/v2\/pages\/9100","targetHints":{"allow":["GET"]}}],"collection":[{"href":"https:\/\/smartfense.com\/pt-pt\/wp-json\/wp\/v2\/pages"}],"about":[{"href":"https:\/\/smartfense.com\/pt-pt\/wp-json\/wp\/v2\/types\/page"}],"author":[{"embeddable":true,"href":"https:\/\/smartfense.com\/pt-pt\/wp-json\/wp\/v2\/users\/1"}],"replies":[{"embeddable":true,"href":"https:\/\/smartfense.com\/pt-pt\/wp-json\/wp\/v2\/comments?post=9100"}],"version-history":[{"count":3,"href":"https:\/\/smartfense.com\/pt-pt\/wp-json\/wp\/v2\/pages\/9100\/revisions"}],"predecessor-version":[{"id":29745,"href":"https:\/\/smartfense.com\/pt-pt\/wp-json\/wp\/v2\/pages\/9100\/revisions\/29745"}],"up":[{"embeddable":true,"href":"https:\/\/smartfense.com\/pt-pt\/wp-json\/wp\/v2\/pages\/9196"}],"wp:featuredmedia":[{"embeddable":true,"href":"https:\/\/smartfense.com\/pt-pt\/wp-json\/wp\/v2\/media\/5109"}],"wp:attachment":[{"href":"https:\/\/smartfense.com\/pt-pt\/wp-json\/wp\/v2\/media?parent=9100"}],"curies":[{"name":"wp","href":"https:\/\/api.w.org\/{rel}","templated":true}]}}