{"id":9096,"date":"2023-07-26T10:11:00","date_gmt":"2023-07-26T08:11:00","guid":{"rendered":"https:\/\/callidusprolab.com\/smartfense\/casos-de-exito\/"},"modified":"2024-07-30T13:10:22","modified_gmt":"2024-07-30T11:10:22","slug":"casos-de-sucesso","status":"publish","type":"page","link":"https:\/\/smartfense.com\/pt-pt\/recursos\/casos-de-sucesso\/","title":{"rendered":"Casos de sucesso"},"content":{"rendered":"\t\t<div data-elementor-type=\"wp-page\" data-elementor-id=\"9096\" class=\"elementor elementor-9096 elementor-5215\">\n\t\t\t\t<div class=\"elementor-element elementor-element-baf7a35 e-flex e-con-boxed e-con e-parent\" data-id=\"baf7a35\" data-element_type=\"container\">\n\t\t\t\t\t<div class=\"e-con-inner\">\n\t\t<div class=\"elementor-element elementor-element-0acf31b e-con-full e-flex e-con e-child\" data-id=\"0acf31b\" data-element_type=\"container\">\n\t\t\t\t<div class=\"elementor-element elementor-element-a093e87 elementor-widget elementor-widget-text-editor\" data-id=\"a093e87\" data-element_type=\"widget\" data-widget_type=\"text-editor.default\">\n\t\t\t\t<div class=\"elementor-widget-container\">\n\t\t\t\t\t\t\t<p>Descubra como a SMARTFENSE ajudou organiza\u00e7\u00f5es de diferentes sectores a reduzir o risco do fator humano, a melhorar o comportamento dos utilizadores e a garantir a conformidade regulamentar.<\/p>\t\t\t\t\t\t<\/div>\n\t\t\t\t<\/div>\n\t\t\t\t<\/div>\n\t\t<div class=\"elementor-element elementor-element-dae0d6d e-con-full e-flex elementor-invisible e-con e-child\" data-id=\"dae0d6d\" data-element_type=\"container\" data-settings=\"{&quot;animation&quot;:&quot;fadeInLeft&quot;}\">\n\t\t\t\t<div class=\"elementor-element elementor-element-a1d5304 elementor-widget elementor-widget-image\" data-id=\"a1d5304\" data-element_type=\"widget\" data-widget_type=\"image.default\">\n\t\t\t\t<div class=\"elementor-widget-container\">\n\t\t\t\t\t\t\t\t\t\t\t\t\t<img fetchpriority=\"high\" decoding=\"async\" width=\"640\" height=\"336\" src=\"https:\/\/smartfense.com\/file\/2023\/07\/casos-de-exito-1024x538.jpg\" class=\"attachment-large size-large wp-image-5223\" alt=\"\" srcset=\"https:\/\/smartfense.com\/file\/2023\/07\/casos-de-exito-1024x538.jpg 1024w, https:\/\/smartfense.com\/file\/2023\/07\/casos-de-exito-300x158.jpg 300w, https:\/\/smartfense.com\/file\/2023\/07\/casos-de-exito-768x403.jpg 768w, https:\/\/smartfense.com\/file\/2023\/07\/casos-de-exito.jpg 1200w\" sizes=\"(max-width: 640px) 100vw, 640px\" \/>\t\t\t\t\t\t\t\t\t\t\t\t\t<\/div>\n\t\t\t\t<\/div>\n\t\t\t\t<\/div>\n\t\t\t\t\t<\/div>\n\t\t\t\t<\/div>\n\t\t<div class=\"elementor-element elementor-element-4fbc8a6 e-flex e-con-boxed e-con e-parent\" data-id=\"4fbc8a6\" data-element_type=\"container\" data-settings=\"{&quot;background_background&quot;:&quot;classic&quot;}\">\n\t\t\t\t\t<div class=\"e-con-inner\">\n\t\t<div class=\"elementor-element elementor-element-1c65dce e-con-full e-flex elementor-invisible e-con e-child\" data-id=\"1c65dce\" data-element_type=\"container\" data-settings=\"{&quot;animation&quot;:&quot;fadeInRight&quot;}\">\n\t\t\t\t<div class=\"elementor-element elementor-element-eb1a01b elementor-widget elementor-widget-image\" data-id=\"eb1a01b\" data-element_type=\"widget\" data-widget_type=\"image.default\">\n\t\t\t\t<div class=\"elementor-widget-container\">\n\t\t\t\t\t\t\t\t\t\t\t\t\t<img decoding=\"async\" width=\"640\" height=\"336\" src=\"https:\/\/smartfense.com\/file\/2023\/09\/caso-exito-mercado-libre-1-1024x538.jpg\" class=\"attachment-large size-large wp-image-14422\" alt=\"\" srcset=\"https:\/\/smartfense.com\/file\/2023\/09\/caso-exito-mercado-libre-1-1024x538.jpg 1024w, https:\/\/smartfense.com\/file\/2023\/09\/caso-exito-mercado-libre-1-300x158.jpg 300w, https:\/\/smartfense.com\/file\/2023\/09\/caso-exito-mercado-libre-1-768x403.jpg 768w, https:\/\/smartfense.com\/file\/2023\/09\/caso-exito-mercado-libre-1.jpg 1200w\" sizes=\"(max-width: 640px) 100vw, 640px\" \/>\t\t\t\t\t\t\t\t\t\t\t\t\t<\/div>\n\t\t\t\t<\/div>\n\t\t\t\t<\/div>\n\t\t<div class=\"elementor-element elementor-element-08a267f e-con-full e-flex e-con e-child\" data-id=\"08a267f\" data-element_type=\"container\">\n\t\t\t\t<div class=\"elementor-element elementor-element-6d676fc elementor-widget elementor-widget-heading bdevs-el heading\" data-id=\"6d676fc\" data-element_type=\"widget\" data-widget_type=\"heading.default\">\n\t\t\t\t<div class=\"elementor-widget-container\">\n\t\t\t\n\n\n \n <div class=\"section__title-wrapper wow fadeInUp2 section-heading p-0\" data-wow-delay=\".3s\">\n\n \n\n\n <h2 class=\"section__title section-title\">Mercado Libre<\/h2>\n \n <p>Como a maior empresa de com\u00e9rcio eletr\u00f3nico e tecnologia fintech da Am\u00e9rica Latina, Mercado Libre, utiliza a SMARTFENSE para sensibilizar milhares de utilizadores.<\/p>\n\n \n <\/div>\n\n \n\n \t\t<\/div>\n\t\t\t\t<\/div>\n\t\t\t\t<div class=\"elementor-element elementor-element-4f8f9da elementor-widget elementor-widget-html\" data-id=\"4f8f9da\" data-element_type=\"widget\" data-widget_type=\"html.default\">\n\t\t\t\t<div class=\"elementor-widget-container\">\n\t\t\t<a href=\"https:\/\/smartfense.com\/pt-pt\/recursos\/casos-de-sucesso\/caso-de-sucesso-mercado-libre\/\" target=\"_blank\" class=\"w-btn\">\nLer o estudo de caso<\/a>\t\t<\/div>\n\t\t\t\t<\/div>\n\t\t\t\t<\/div>\n\t\t\t\t\t<\/div>\n\t\t\t\t<\/div>\n\t\t<div class=\"elementor-element elementor-element-2542010 e-flex e-con-boxed e-con e-parent\" data-id=\"2542010\" data-element_type=\"container\">\n\t\t\t\t\t<div class=\"e-con-inner\">\n\t\t<div class=\"elementor-element elementor-element-8c62865 e-con-full e-flex e-con e-child\" data-id=\"8c62865\" data-element_type=\"container\">\n\t\t\t\t<div class=\"elementor-element elementor-element-6272fd3 elementor-widget elementor-widget-heading bdevs-el heading\" data-id=\"6272fd3\" data-element_type=\"widget\" data-widget_type=\"heading.default\">\n\t\t\t\t<div class=\"elementor-widget-container\">\n\t\t\t\n\n\n \n <div class=\"section__title-wrapper wow fadeInUp2 section-heading p-0\" data-wow-delay=\".3s\">\n\n \n\n\n <h2 class=\"section__title section-title\">Banco Provincia<\/h2>\n \n <p>Como a SMARTFENSE ajudou o Banco Provincia a cumprir os regulamentos do banco central atrav\u00e9s da forma\u00e7\u00e3o e rastreabilidade dos utilizadores<\/p>\n\n \n <\/div>\n\n \n\n \t\t<\/div>\n\t\t\t\t<\/div>\n\t\t\t\t<div class=\"elementor-element elementor-element-5d9d58a elementor-widget elementor-widget-html\" data-id=\"5d9d58a\" data-element_type=\"widget\" data-widget_type=\"html.default\">\n\t\t\t\t<div class=\"elementor-widget-container\">\n\t\t\t<a href=\"https:\/\/smartfense.com\/file\/2023\/11\/caso-de-exito-banco-provincia.pdf\" target=\"_blank\" class=\"w-btn\">\nDescarregar o estudo de caso<\/a>\t\t<\/div>\n\t\t\t\t<\/div>\n\t\t\t\t<\/div>\n\t\t<div class=\"elementor-element elementor-element-36b684c e-con-full e-flex elementor-invisible e-con e-child\" data-id=\"36b684c\" data-element_type=\"container\" data-settings=\"{&quot;animation&quot;:&quot;fadeInLeft&quot;}\">\n\t\t\t\t<div class=\"elementor-element elementor-element-158a763 elementor-widget elementor-widget-image\" data-id=\"158a763\" data-element_type=\"widget\" data-widget_type=\"image.default\">\n\t\t\t\t<div class=\"elementor-widget-container\">\n\t\t\t\t\t\t\t\t\t\t\t\t\t<img decoding=\"async\" width=\"640\" height=\"336\" src=\"https:\/\/smartfense.com\/file\/2023\/09\/caso-exito-banco-provincia-1024x538.jpg\" class=\"attachment-large size-large wp-image-14430\" alt=\"\" srcset=\"https:\/\/smartfense.com\/file\/2023\/09\/caso-exito-banco-provincia-1024x538.jpg 1024w, https:\/\/smartfense.com\/file\/2023\/09\/caso-exito-banco-provincia-300x158.jpg 300w, https:\/\/smartfense.com\/file\/2023\/09\/caso-exito-banco-provincia-768x403.jpg 768w, https:\/\/smartfense.com\/file\/2023\/09\/caso-exito-banco-provincia.jpg 1200w\" sizes=\"(max-width: 640px) 100vw, 640px\" \/>\t\t\t\t\t\t\t\t\t\t\t\t\t<\/div>\n\t\t\t\t<\/div>\n\t\t\t\t<\/div>\n\t\t\t\t\t<\/div>\n\t\t\t\t<\/div>\n\t\t<div class=\"elementor-element elementor-element-4f787ac e-con-full e-flex e-con e-parent\" data-id=\"4f787ac\" data-element_type=\"container\">\n\t\t\t\t<div class=\"elementor-element elementor-element-dcc66fb elementor-widget elementor-widget-text-editor\" data-id=\"dcc66fb\" data-element_type=\"widget\" data-widget_type=\"text-editor.default\">\n\t\t\t\t<div class=\"elementor-widget-container\">\n\t\t\t\t\t\t\t<div data-post-id=\"11310\" class=\"insert-page insert-page-11310 \">\t\t<div data-elementor-type=\"section\" data-elementor-id=\"11310\" class=\"elementor elementor-11310 elementor-11311 elementor-11311\">\n\t\t\t\t<div class=\"elementor-element elementor-element-ed232bf e-con-full e-flex e-con e-parent\" data-id=\"ed232bf\" data-element_type=\"container\" data-settings=\"{&quot;background_background&quot;:&quot;gradient&quot;}\">\n\t\t<div class=\"elementor-element elementor-element-458b0d2 e-flex e-con-boxed e-con e-child\" data-id=\"458b0d2\" data-element_type=\"container\">\n\t\t\t\t\t<div class=\"e-con-inner\">\n\t\t<div class=\"elementor-element elementor-element-eb50263 e-flex e-con-boxed e-con e-child\" data-id=\"eb50263\" data-element_type=\"container\" data-settings=\"{&quot;background_background&quot;:&quot;classic&quot;}\">\n\t\t\t\t\t<div class=\"e-con-inner\">\n\t\t\t\t<div class=\"elementor-element elementor-element-ec768ba elementor-widget elementor-widget-text-editor\" data-id=\"ec768ba\" data-element_type=\"widget\" data-widget_type=\"text-editor.default\">\n\t\t\t\t<div class=\"elementor-widget-container\">\n\t\t\t\t\t\t\t<h2>Os nossos recursos e ferramentas gratuitos<\/h2>\t\t\t\t\t\t<\/div>\n\t\t\t\t<\/div>\n\t\t\t\t<div class=\"elementor-element elementor-element-e3d5f13 elementor-widget elementor-widget-text-editor\" data-id=\"e3d5f13\" data-element_type=\"widget\" data-widget_type=\"text-editor.default\">\n\t\t\t\t<div class=\"elementor-widget-container\">\n\t\t\t\t\t\t\t<p><span style=\"color: #ffffff;\">Todos os Guias e Whitepapers, Simulador de Ransomware, Spoof Check, Email Harvester e outras ferramentas dispon\u00edveis.<\/span><\/p>\t\t\t\t\t\t<\/div>\n\t\t\t\t<\/div>\n\t\t\t\t<div class=\"elementor-element elementor-element-90576ec elementor-widget elementor-widget-button\" data-id=\"90576ec\" data-element_type=\"widget\" data-widget_type=\"button.default\">\n\t\t\t\t<div class=\"elementor-widget-container\">\n\t\t\t\t\t\t\t\t<a class=\"elementor-button elementor-button-link elementor-size-sm\" href=\"https:\/\/smartfense.com\/pt-pt\/recursos\/\">\n\t\t\t\t\t\t<span class=\"elementor-button-content-wrapper\">\n\t\t\t\t\t\t\t\t\t<span class=\"elementor-button-text\">Obter ferramentas<\/span>\n\t\t\t\t\t<\/span>\n\t\t\t\t\t<\/a>\n\t\t\t\t\t\t<\/div>\n\t\t\t\t<\/div>\n\t\t\t\t\t<\/div>\n\t\t\t\t<\/div>\n\t\t<div class=\"elementor-element elementor-element-6909bd7 e-con-full e-flex e-con e-child\" data-id=\"6909bd7\" data-element_type=\"container\" data-settings=\"{&quot;background_background&quot;:&quot;classic&quot;}\">\n\t\t\t\t<div class=\"elementor-element elementor-element-262667e elementor-widget elementor-widget-text-editor\" data-id=\"262667e\" data-element_type=\"widget\" data-widget_type=\"text-editor.default\">\n\t\t\t\t<div class=\"elementor-widget-container\">\n\t\t\t\t\t\t\t<h2>Subscrever a nossa newsletter<\/h2>\t\t\t\t\t\t<\/div>\n\t\t\t\t<\/div>\n\t\t\t\t<div class=\"elementor-element elementor-element-65434b7 elementor-widget elementor-widget-text-editor\" data-id=\"65434b7\" data-element_type=\"widget\" data-widget_type=\"text-editor.default\">\n\t\t\t\t<div class=\"elementor-widget-container\">\n\t\t\t\t\t\t\t[mc4wp_form id=12480]\t\t\t\t\t\t<\/div>\n\t\t\t\t<\/div>\n\t\t\t\t<\/div>\n\t\t\t\t\t<\/div>\n\t\t\t\t<\/div>\n\t\t\t\t<\/div>\n\t\t\t\t<\/div>\n\t\t<\/div>\t\t\t\t\t\t<\/div>\n\t\t\t\t<\/div>\n\t\t\t\t<\/div>\n\t\t\t\t<\/div>\n\t\t","protected":false},"excerpt":{"rendered":"<p>Descubra como a SMARTFENSE ajudou organiza\u00e7\u00f5es de diferentes sectores a reduzir o risco do fator humano, a melhorar o comportamento dos utilizadores e a garantir a conformidade regulamentar. Mercado Libre [&hellip;]<\/p>\n","protected":false},"author":1,"featured_media":5223,"parent":9240,"menu_order":0,"comment_status":"closed","ping_status":"closed","template":"elementor_header_footer","meta":{"_acf_changed":false,"footnotes":""},"class_list":["post-9096","page","type-page","status-publish","has-post-thumbnail","hentry"],"acf":[],"yoast_head":" \n<title>Casos de sucesso - SMARTFENSE - Sensibiliza\u00e7\u00e3o para a ciberseguran\u00e7a<\/title>\n<meta name=\"description\" content=\"Descubra como a SMARTFENSE ajudou organiza\u00e7\u00f5es de diferentes sectores a reduzir o risco do fator humano.\" \/>\n<meta name=\"robots\" content=\"index, follow, max-snippet:-1, max-image-preview:large, max-video-preview:-1\" \/>\n<link rel=\"canonical\" href=\"https:\/\/smartfense.com\/pt-pt\/recursos\/casos-de-sucesso\/\" \/>\n<meta property=\"og:locale\" content=\"pt_PT\" \/>\n<meta property=\"og:type\" content=\"article\" \/>\n<meta property=\"og:title\" content=\"Casos de sucesso - SMARTFENSE - Sensibiliza\u00e7\u00e3o para a ciberseguran\u00e7a\" \/>\n<meta property=\"og:description\" content=\"Descubra como a SMARTFENSE ajudou organiza\u00e7\u00f5es de diferentes sectores a reduzir o risco do fator humano.\" \/>\n<meta property=\"og:url\" content=\"https:\/\/smartfense.com\/pt-pt\/recursos\/casos-de-sucesso\/\" \/>\n<meta property=\"og:site_name\" content=\"SMARTFENSE - Sensibiliza\u00e7\u00e3o para a ciberseguran\u00e7a\" \/>\n<meta property=\"article:modified_time\" content=\"2024-07-30T11:10:22+00:00\" \/>\n<meta property=\"og:image\" content=\"https:\/\/smartfense.com\/file\/2023\/07\/casos-de-exito.jpg\" \/>\n\t<meta property=\"og:image:width\" content=\"1200\" \/>\n\t<meta property=\"og:image:height\" content=\"630\" \/>\n\t<meta property=\"og:image:type\" content=\"image\/jpeg\" \/>\n<meta name=\"twitter:card\" content=\"summary_large_image\" \/>\n<meta name=\"twitter:label1\" content=\"Tempo estimado de leitura\" \/>\n\t<meta name=\"twitter:data1\" content=\"2 minutos\" \/>\n<script type=\"application\/ld+json\" class=\"yoast-schema-graph\">{\"@context\":\"https:\\\/\\\/schema.org\",\"@graph\":[{\"@type\":\"WebPage\",\"@id\":\"https:\\\/\\\/smartfense.com\\\/pt-pt\\\/recursos\\\/casos-de-sucesso\\\/\",\"url\":\"https:\\\/\\\/smartfense.com\\\/pt-pt\\\/recursos\\\/casos-de-sucesso\\\/\",\"name\":\"Casos de sucesso - SMARTFENSE - Sensibiliza\u00e7\u00e3o para a ciberseguran\u00e7a\",\"isPartOf\":{\"@id\":\"https:\\\/\\\/smartfense.com\\\/pt-pt\\\/#website\"},\"primaryImageOfPage\":{\"@id\":\"https:\\\/\\\/smartfense.com\\\/pt-pt\\\/recursos\\\/casos-de-sucesso\\\/#primaryimage\"},\"image\":{\"@id\":\"https:\\\/\\\/smartfense.com\\\/pt-pt\\\/recursos\\\/casos-de-sucesso\\\/#primaryimage\"},\"thumbnailUrl\":\"https:\\\/\\\/smartfense.com\\\/wp-content\\\/uploads\\\/2023\\\/07\\\/casos-de-exito.jpg\",\"datePublished\":\"2023-07-26T08:11:00+00:00\",\"dateModified\":\"2024-07-30T11:10:22+00:00\",\"description\":\"Descubra como a SMARTFENSE ajudou organiza\u00e7\u00f5es de diferentes sectores a reduzir o risco do fator humano.\",\"breadcrumb\":{\"@id\":\"https:\\\/\\\/smartfense.com\\\/pt-pt\\\/recursos\\\/casos-de-sucesso\\\/#breadcrumb\"},\"inLanguage\":\"pt-PT\",\"potentialAction\":[{\"@type\":\"ReadAction\",\"target\":[\"https:\\\/\\\/smartfense.com\\\/pt-pt\\\/recursos\\\/casos-de-sucesso\\\/\"]}]},{\"@type\":\"ImageObject\",\"inLanguage\":\"pt-PT\",\"@id\":\"https:\\\/\\\/smartfense.com\\\/pt-pt\\\/recursos\\\/casos-de-sucesso\\\/#primaryimage\",\"url\":\"https:\\\/\\\/smartfense.com\\\/wp-content\\\/uploads\\\/2023\\\/07\\\/casos-de-exito.jpg\",\"contentUrl\":\"https:\\\/\\\/smartfense.com\\\/wp-content\\\/uploads\\\/2023\\\/07\\\/casos-de-exito.jpg\",\"width\":1200,\"height\":630},{\"@type\":\"BreadcrumbList\",\"@id\":\"https:\\\/\\\/smartfense.com\\\/pt-pt\\\/recursos\\\/casos-de-sucesso\\\/#breadcrumb\",\"itemListElement\":[{\"@type\":\"ListItem\",\"position\":1,\"name\":\"Portada\",\"item\":\"https:\\\/\\\/smartfense.com\\\/pt-pt\\\/\"},{\"@type\":\"ListItem\",\"position\":2,\"name\":\"Recursos\",\"item\":\"https:\\\/\\\/smartfense.com\\\/pt-pt\\\/recursos\\\/\"},{\"@type\":\"ListItem\",\"position\":3,\"name\":\"Casos de sucesso\"}]},{\"@type\":\"WebSite\",\"@id\":\"https:\\\/\\\/smartfense.com\\\/pt-pt\\\/#website\",\"url\":\"https:\\\/\\\/smartfense.com\\\/pt-pt\\\/\",\"name\":\"SMARTFENSE - Concienciaci\u00f3n en Ciberseguridad\",\"description\":\"\",\"publisher\":{\"@id\":\"https:\\\/\\\/smartfense.com\\\/pt-pt\\\/#organization\"},\"potentialAction\":[{\"@type\":\"SearchAction\",\"target\":{\"@type\":\"EntryPoint\",\"urlTemplate\":\"https:\\\/\\\/smartfense.com\\\/pt-pt\\\/?s={search_term_string}\"},\"query-input\":{\"@type\":\"PropertyValueSpecification\",\"valueRequired\":true,\"valueName\":\"search_term_string\"}}],\"inLanguage\":\"pt-PT\"},{\"@type\":\"Organization\",\"@id\":\"https:\\\/\\\/smartfense.com\\\/pt-pt\\\/#organization\",\"name\":\"SMARTFENSE\",\"url\":\"https:\\\/\\\/smartfense.com\\\/pt-pt\\\/\",\"logo\":{\"@type\":\"ImageObject\",\"inLanguage\":\"pt-PT\",\"@id\":\"https:\\\/\\\/smartfense.com\\\/pt-pt\\\/#\\\/schema\\\/logo\\\/image\\\/\",\"url\":\"https:\\\/\\\/smartfense.com\\\/wp-content\\\/uploads\\\/2023\\\/08\\\/logo-smartfense-240x40-1.png\",\"contentUrl\":\"https:\\\/\\\/smartfense.com\\\/wp-content\\\/uploads\\\/2023\\\/08\\\/logo-smartfense-240x40-1.png\",\"width\":241,\"height\":40,\"caption\":\"SMARTFENSE\"},\"image\":{\"@id\":\"https:\\\/\\\/smartfense.com\\\/pt-pt\\\/#\\\/schema\\\/logo\\\/image\\\/\"}}]}<\/script>\n ","yoast_head_json":{"title":"Casos de sucesso - SMARTFENSE - Sensibiliza\u00e7\u00e3o para a ciberseguran\u00e7a","description":"Descubra como a SMARTFENSE ajudou organiza\u00e7\u00f5es de diferentes sectores a reduzir o risco do fator humano.","robots":{"index":"index","follow":"follow","max-snippet":"max-snippet:-1","max-image-preview":"max-image-preview:large","max-video-preview":"max-video-preview:-1"},"canonical":"https:\/\/smartfense.com\/pt-pt\/recursos\/casos-de-sucesso\/","og_locale":"pt_PT","og_type":"article","og_title":"Casos de sucesso - SMARTFENSE - Sensibiliza\u00e7\u00e3o para a ciberseguran\u00e7a","og_description":"Descubra como a SMARTFENSE ajudou organiza\u00e7\u00f5es de diferentes sectores a reduzir o risco do fator humano.","og_url":"https:\/\/smartfense.com\/pt-pt\/recursos\/casos-de-sucesso\/","og_site_name":"SMARTFENSE - Sensibiliza\u00e7\u00e3o para a ciberseguran\u00e7a","article_modified_time":"2024-07-30T11:10:22+00:00","og_image":[{"width":1200,"height":630,"url":"https:\/\/smartfense.com\/file\/2023\/07\/casos-de-exito.jpg","type":"image\/jpeg"}],"twitter_card":"summary_large_image","twitter_misc":{"Tempo estimado de leitura":"2 minutos"},"schema":{"@context":"https:\/\/schema.org","@graph":[{"@type":"WebPage","@id":"https:\/\/smartfense.com\/pt-pt\/recursos\/casos-de-sucesso\/","url":"https:\/\/smartfense.com\/pt-pt\/recursos\/casos-de-sucesso\/","name":"Casos de sucesso - SMARTFENSE - Sensibiliza\u00e7\u00e3o para a ciberseguran\u00e7a","isPartOf":{"@id":"https:\/\/smartfense.com\/pt-pt\/#website"},"primaryImageOfPage":{"@id":"https:\/\/smartfense.com\/pt-pt\/recursos\/casos-de-sucesso\/#primaryimage"},"image":{"@id":"https:\/\/smartfense.com\/pt-pt\/recursos\/casos-de-sucesso\/#primaryimage"},"thumbnailUrl":"https:\/\/smartfense.com\/file\/2023\/07\/casos-de-exito.jpg","datePublished":"2023-07-26T08:11:00+00:00","dateModified":"2024-07-30T11:10:22+00:00","description":"Descubra como a SMARTFENSE ajudou organiza\u00e7\u00f5es de diferentes sectores a reduzir o risco do fator humano.","breadcrumb":{"@id":"https:\/\/smartfense.com\/pt-pt\/recursos\/casos-de-sucesso\/#breadcrumb"},"inLanguage":"pt-PT","potentialAction":[{"@type":"ReadAction","target":["https:\/\/smartfense.com\/pt-pt\/recursos\/casos-de-sucesso\/"]}]},{"@type":"ImageObject","inLanguage":"pt-PT","@id":"https:\/\/smartfense.com\/pt-pt\/recursos\/casos-de-sucesso\/#primaryimage","url":"https:\/\/smartfense.com\/file\/2023\/07\/casos-de-exito.jpg","contentUrl":"https:\/\/smartfense.com\/file\/2023\/07\/casos-de-exito.jpg","width":1200,"height":630},{"@type":"BreadcrumbList","@id":"https:\/\/smartfense.com\/pt-pt\/recursos\/casos-de-sucesso\/#breadcrumb","itemListElement":[{"@type":"ListItem","position":1,"name":"Portada","item":"https:\/\/smartfense.com\/pt-pt\/"},{"@type":"ListItem","position":2,"name":"Recursos","item":"https:\/\/smartfense.com\/pt-pt\/recursos\/"},{"@type":"ListItem","position":3,"name":"Casos de sucesso"}]},{"@type":"WebSite","@id":"https:\/\/smartfense.com\/pt-pt\/#website","url":"https:\/\/smartfense.com\/pt-pt\/","name":"SMARTFENSE - Concienciaci\u00f3n en Ciberseguridad","description":"","publisher":{"@id":"https:\/\/smartfense.com\/pt-pt\/#organization"},"potentialAction":[{"@type":"SearchAction","target":{"@type":"EntryPoint","urlTemplate":"https:\/\/smartfense.com\/pt-pt\/?s={search_term_string}"},"query-input":{"@type":"PropertyValueSpecification","valueRequired":true,"valueName":"search_term_string"}}],"inLanguage":"pt-PT"},{"@type":"Organization","@id":"https:\/\/smartfense.com\/pt-pt\/#organization","name":"SMARTFENSE","url":"https:\/\/smartfense.com\/pt-pt\/","logo":{"@type":"ImageObject","inLanguage":"pt-PT","@id":"https:\/\/smartfense.com\/pt-pt\/#\/schema\/logo\/image\/","url":"https:\/\/smartfense.com\/file\/2023\/08\/logo-smartfense-240x40-1.png","contentUrl":"https:\/\/smartfense.com\/file\/2023\/08\/logo-smartfense-240x40-1.png","width":241,"height":40,"caption":"SMARTFENSE"},"image":{"@id":"https:\/\/smartfense.com\/pt-pt\/#\/schema\/logo\/image\/"}}]}},"_links":{"self":[{"href":"https:\/\/smartfense.com\/pt-pt\/wp-json\/wp\/v2\/pages\/9096","targetHints":{"allow":["GET"]}}],"collection":[{"href":"https:\/\/smartfense.com\/pt-pt\/wp-json\/wp\/v2\/pages"}],"about":[{"href":"https:\/\/smartfense.com\/pt-pt\/wp-json\/wp\/v2\/types\/page"}],"author":[{"embeddable":true,"href":"https:\/\/smartfense.com\/pt-pt\/wp-json\/wp\/v2\/users\/1"}],"replies":[{"embeddable":true,"href":"https:\/\/smartfense.com\/pt-pt\/wp-json\/wp\/v2\/comments?post=9096"}],"version-history":[{"count":3,"href":"https:\/\/smartfense.com\/pt-pt\/wp-json\/wp\/v2\/pages\/9096\/revisions"}],"predecessor-version":[{"id":25753,"href":"https:\/\/smartfense.com\/pt-pt\/wp-json\/wp\/v2\/pages\/9096\/revisions\/25753"}],"up":[{"embeddable":true,"href":"https:\/\/smartfense.com\/pt-pt\/wp-json\/wp\/v2\/pages\/9240"}],"wp:featuredmedia":[{"embeddable":true,"href":"https:\/\/smartfense.com\/pt-pt\/wp-json\/wp\/v2\/media\/5223"}],"wp:attachment":[{"href":"https:\/\/smartfense.com\/pt-pt\/wp-json\/wp\/v2\/media?parent=9096"}],"curies":[{"name":"wp","href":"https:\/\/api.w.org\/{rel}","templated":true}]}}