{"id":9080,"date":"2023-07-27T09:26:43","date_gmt":"2023-07-27T07:26:43","guid":{"rendered":"https:\/\/callidusprolab.com\/smartfense\/sellos-de-confianza\/"},"modified":"2024-09-03T15:23:38","modified_gmt":"2024-09-03T13:23:38","slug":"selos-de-confianca","status":"publish","type":"page","link":"https:\/\/smartfense.com\/pt-pt\/sobre-nos\/selos-de-confianca\/","title":{"rendered":"Selos de Confian\u00e7a"},"content":{"rendered":"\t\t<div data-elementor-type=\"wp-page\" data-elementor-id=\"9080\" class=\"elementor elementor-9080 elementor-5841\">\n\t\t\t\t<div class=\"elementor-element elementor-element-baf7a35 e-flex e-con-boxed e-con e-parent\" data-id=\"baf7a35\" data-element_type=\"container\">\n\t\t\t\t\t<div class=\"e-con-inner\">\n\t\t<div class=\"elementor-element elementor-element-0acf31b e-con-full e-flex e-con e-child\" data-id=\"0acf31b\" data-element_type=\"container\">\n\t\t\t\t<div class=\"elementor-element elementor-element-d177bc8 elementor-widget elementor-widget-heading bdevs-el heading\" data-id=\"d177bc8\" data-element_type=\"widget\" data-widget_type=\"heading.default\">\n\t\t\t\t<div class=\"elementor-widget-container\">\n\t\t\t\n\n\n \n <div class=\"section__title-wrapper wow fadeInUp2 section-heading p-0\" data-wow-delay=\".3s\">\n\n \n <span class=\"section__pre-title sub-title\">INCIBE<\/span>\n\n \n\n\n <h2 class=\"section__title section-title\">Instituto Nacional de Ciberseguridad, INCIBE<\/h2>\n \n <p>Com a certeza do nosso diferencial, em junho de 2017 particip\u00e1mos no Programa de Acelera\u00e7\u00e3o INCIBE Cybersecurity Ventures. Em fevereiro de 2018 fomos proclamados vencedores do programa, obtendo o primeiro lugar, avaliando o grau de inova\u00e7\u00e3o e vantagem competitiva, a identifica\u00e7\u00e3o do mercado-alvo, o modelo de neg\u00f3cio e escalabilidade, a tra\u00e7\u00e3o comercial atual e futura, e a adequa\u00e7\u00e3o da equipa da SMARTFENSE para o cumprimento de marcos futuros.<\/p>\n\n \n <\/div>\n\n \n\n \t\t<\/div>\n\t\t\t\t<\/div>\n\t\t\t\t<div class=\"elementor-element elementor-element-da8e1c7 elementor-widget elementor-widget-html\" data-id=\"da8e1c7\" data-element_type=\"widget\" data-widget_type=\"html.default\">\n\t\t\t\t<div class=\"elementor-widget-container\">\n\t\t\t<a href=\"https:\/\/smartfense.com\/es-ar\/2018\/02\/26\/smartfense-ganadora-del-programa-cybersecurity-ventures-de-incibe\/\" class=\"w-btn\" target=\"_blank\">\nSaiba mais sobre este marco<\/a>\t\t<\/div>\n\t\t\t\t<\/div>\n\t\t\t\t<\/div>\n\t\t<div class=\"elementor-element elementor-element-dae0d6d e-con-full e-flex elementor-invisible e-con e-child\" data-id=\"dae0d6d\" data-element_type=\"container\" data-settings=\"{&quot;animation&quot;:&quot;fadeInRight&quot;}\">\n\t\t\t\t<div class=\"elementor-element elementor-element-a1d5304 elementor-widget elementor-widget-image\" data-id=\"a1d5304\" data-element_type=\"widget\" data-widget_type=\"image.default\">\n\t\t\t\t<div class=\"elementor-widget-container\">\n\t\t\t\t\t\t\t\t\t\t\t\t\t<img fetchpriority=\"high\" decoding=\"async\" width=\"640\" height=\"336\" src=\"https:\/\/smartfense.com\/file\/2023\/08\/incibe-1024x538.jpg\" class=\"attachment-large size-large wp-image-12695\" alt=\"\" srcset=\"https:\/\/smartfense.com\/file\/2023\/08\/incibe-1024x538.jpg 1024w, https:\/\/smartfense.com\/file\/2023\/08\/incibe-300x158.jpg 300w, https:\/\/smartfense.com\/file\/2023\/08\/incibe-768x403.jpg 768w, https:\/\/smartfense.com\/file\/2023\/08\/incibe.jpg 1200w\" sizes=\"(max-width: 640px) 100vw, 640px\" \/>\t\t\t\t\t\t\t\t\t\t\t\t\t<\/div>\n\t\t\t\t<\/div>\n\t\t\t\t<\/div>\n\t\t\t\t\t<\/div>\n\t\t\t\t<\/div>\n\t\t<div class=\"elementor-element elementor-element-4fbc8a6 e-flex e-con-boxed e-con e-parent\" data-id=\"4fbc8a6\" data-element_type=\"container\" data-settings=\"{&quot;background_background&quot;:&quot;classic&quot;}\">\n\t\t\t\t\t<div class=\"e-con-inner\">\n\t\t<div class=\"elementor-element elementor-element-1c65dce e-con-full e-flex elementor-invisible e-con e-child\" data-id=\"1c65dce\" data-element_type=\"container\" data-settings=\"{&quot;animation&quot;:&quot;fadeInLeft&quot;}\">\n\t\t\t\t<div class=\"elementor-element elementor-element-eb1a01b elementor-widget elementor-widget-image\" data-id=\"eb1a01b\" data-element_type=\"widget\" data-widget_type=\"image.default\">\n\t\t\t\t<div class=\"elementor-widget-container\">\n\t\t\t\t\t\t\t\t\t\t\t\t\t<img decoding=\"async\" width=\"640\" height=\"336\" src=\"https:\/\/smartfense.com\/file\/2023\/09\/oc-ccn-logo-1200-1024x538.jpg\" class=\"attachment-large size-large wp-image-14392\" alt=\"\" srcset=\"https:\/\/smartfense.com\/file\/2023\/09\/oc-ccn-logo-1200-1024x538.jpg 1024w, https:\/\/smartfense.com\/file\/2023\/09\/oc-ccn-logo-1200-300x158.jpg 300w, https:\/\/smartfense.com\/file\/2023\/09\/oc-ccn-logo-1200-768x403.jpg 768w, https:\/\/smartfense.com\/file\/2023\/09\/oc-ccn-logo-1200.jpg 1200w\" sizes=\"(max-width: 640px) 100vw, 640px\" \/>\t\t\t\t\t\t\t\t\t\t\t\t\t<\/div>\n\t\t\t\t<\/div>\n\t\t\t\t<\/div>\n\t\t<div class=\"elementor-element elementor-element-08a267f e-con-full e-flex e-con e-child\" data-id=\"08a267f\" data-element_type=\"container\">\n\t\t\t\t<div class=\"elementor-element elementor-element-6d676fc elementor-widget elementor-widget-heading bdevs-el heading\" data-id=\"6d676fc\" data-element_type=\"widget\" data-widget_type=\"heading.default\">\n\t\t\t\t<div class=\"elementor-widget-container\">\n\t\t\t\n\n\n \n <div class=\"section__title-wrapper wow fadeInUp2 section-heading p-0\" data-wow-delay=\".3s\">\n\n \n <span class=\"section__pre-title sub-title\">Centro Criptol\u00f3gico Nacional<\/span>\n\n \n\n\n <h2 class=\"section__title section-title\">Qualifica\u00e7\u00e3o CCN<\/h2>\n \n <p>No \u00e2mbito do seu compromisso de fornecer os mais elevados padr\u00f5es de ciberseguran\u00e7a para os seus produtos, a SMARTFENSE cumpriu os requisitos de seguran\u00e7a exigidos e, por conseguinte, recebe a qualifica\u00e7\u00e3o do CCN para o tratamento de informa\u00e7\u00f5es sens\u00edveis no ENS (Esquema de Seguran\u00e7a Nacional).\n\n<\/p>\n\n \n <\/div>\n\n \n\n \t\t<\/div>\n\t\t\t\t<\/div>\n\t\t\t\t<div class=\"elementor-element elementor-element-fe91e3a elementor-widget elementor-widget-html\" data-id=\"fe91e3a\" data-element_type=\"widget\" data-widget_type=\"html.default\">\n\t\t\t\t<div class=\"elementor-widget-container\">\n\t\t\t<a href=\"https:\/\/smartfense.com\/2022\/11\/02\/foco-y-dedicacion-smartfense-consigue-la-cualificacion-del-ccn\/\" class=\"w-btn\" target=\"_blank\">\nMais informa\u00e7\u00f5es sobre esta qualifica\u00e7\u00e3o<\/a>\t\t<\/div>\n\t\t\t\t<\/div>\n\t\t\t\t<\/div>\n\t\t\t\t\t<\/div>\n\t\t\t\t<\/div>\n\t\t<div class=\"elementor-element elementor-element-79fb6aa e-flex e-con-boxed e-con e-parent\" data-id=\"79fb6aa\" data-element_type=\"container\">\n\t\t\t\t\t<div class=\"e-con-inner\">\n\t\t<div class=\"elementor-element elementor-element-6fbc868 e-con-full e-flex e-con e-child\" data-id=\"6fbc868\" data-element_type=\"container\">\n\t\t\t\t<div class=\"elementor-element elementor-element-1069720 elementor-widget elementor-widget-heading bdevs-el heading\" data-id=\"1069720\" data-element_type=\"widget\" data-widget_type=\"heading.default\">\n\t\t\t\t<div class=\"elementor-widget-container\">\n\t\t\t\n\n\n \n <div class=\"section__title-wrapper wow fadeInUp2 section-heading p-0\" data-wow-delay=\".3s\">\n\n \n <span class=\"section__pre-title sub-title\">Cloud Security Alliance<\/span>\n\n \n\n\n <h2 class=\"section__title section-title\">Cloud Security Alliance<\/h2>\n \n <p>Um servi\u00e7o de nuvem deve garantir a seguran\u00e7a das informa\u00e7\u00f5es dos seus clientes. \u00c9 por isso que a SMARTFENSE faz parte do programa de seguran\u00e7a na nuvem mais poderoso do sector.<\/p>\n\n \n <\/div>\n\n \n\n \t\t<\/div>\n\t\t\t\t<\/div>\n\t\t\t\t<div class=\"elementor-element elementor-element-ecb1fd3 elementor-widget elementor-widget-html\" data-id=\"ecb1fd3\" data-element_type=\"widget\" data-widget_type=\"html.default\">\n\t\t\t\t<div class=\"elementor-widget-container\">\n\t\t\t<a href=\"https:\/\/cloudsecurityalliance.org\/star\/registry\/digital-content-machine-s-a\/\" class=\"w-btn\" target=\"_blank\">\nMais informa\u00e7\u00f5es sobre o programa<\/a>\t\t<\/div>\n\t\t\t\t<\/div>\n\t\t\t\t<\/div>\n\t\t<div class=\"elementor-element elementor-element-be8b1ee e-con-full e-flex elementor-invisible e-con e-child\" data-id=\"be8b1ee\" data-element_type=\"container\" data-settings=\"{&quot;animation&quot;:&quot;fadeInRight&quot;}\">\n\t\t\t\t<div class=\"elementor-element elementor-element-019010c elementor-widget elementor-widget-image\" data-id=\"019010c\" data-element_type=\"widget\" data-widget_type=\"image.default\">\n\t\t\t\t<div class=\"elementor-widget-container\">\n\t\t\t\t\t\t\t\t\t\t\t\t\t<img decoding=\"async\" width=\"640\" height=\"336\" src=\"https:\/\/smartfense.com\/file\/2023\/07\/csa-1024x538.jpg\" class=\"attachment-large size-large wp-image-5859\" alt=\"\" srcset=\"https:\/\/smartfense.com\/file\/2023\/07\/csa-1024x538.jpg 1024w, https:\/\/smartfense.com\/file\/2023\/07\/csa-300x158.jpg 300w, https:\/\/smartfense.com\/file\/2023\/07\/csa-768x403.jpg 768w, https:\/\/smartfense.com\/file\/2023\/07\/csa.jpg 1200w\" sizes=\"(max-width: 640px) 100vw, 640px\" \/>\t\t\t\t\t\t\t\t\t\t\t\t\t<\/div>\n\t\t\t\t<\/div>\n\t\t\t\t<\/div>\n\t\t\t\t\t<\/div>\n\t\t\t\t<\/div>\n\t\t<div class=\"elementor-element elementor-element-f0326d5 e-flex e-con-boxed e-con e-parent\" data-id=\"f0326d5\" data-element_type=\"container\" data-settings=\"{&quot;background_background&quot;:&quot;classic&quot;}\">\n\t\t\t\t\t<div class=\"e-con-inner\">\n\t\t<div class=\"elementor-element elementor-element-5ad3365 e-con-full e-flex elementor-invisible e-con e-child\" data-id=\"5ad3365\" data-element_type=\"container\" data-settings=\"{&quot;animation&quot;:&quot;fadeInLeft&quot;}\">\n\t\t\t\t<div class=\"elementor-element elementor-element-490945c elementor-widget elementor-widget-image\" data-id=\"490945c\" data-element_type=\"widget\" data-widget_type=\"image.default\">\n\t\t\t\t<div class=\"elementor-widget-container\">\n\t\t\t\t\t\t\t\t\t\t\t\t\t<img loading=\"lazy\" decoding=\"async\" width=\"640\" height=\"336\" src=\"https:\/\/smartfense.com\/file\/2023\/08\/mcafee-trusted-site-1024x538.jpg\" class=\"attachment-large size-large wp-image-12703\" alt=\"\" srcset=\"https:\/\/smartfense.com\/file\/2023\/08\/mcafee-trusted-site-1024x538.jpg 1024w, https:\/\/smartfense.com\/file\/2023\/08\/mcafee-trusted-site-300x158.jpg 300w, https:\/\/smartfense.com\/file\/2023\/08\/mcafee-trusted-site-768x403.jpg 768w, https:\/\/smartfense.com\/file\/2023\/08\/mcafee-trusted-site.jpg 1200w\" sizes=\"(max-width: 640px) 100vw, 640px\" \/>\t\t\t\t\t\t\t\t\t\t\t\t\t<\/div>\n\t\t\t\t<\/div>\n\t\t\t\t<\/div>\n\t\t<div class=\"elementor-element elementor-element-6b7f02f e-con-full e-flex e-con e-child\" data-id=\"6b7f02f\" data-element_type=\"container\">\n\t\t\t\t<div class=\"elementor-element elementor-element-742140a elementor-widget elementor-widget-heading bdevs-el heading\" data-id=\"742140a\" data-element_type=\"widget\" data-widget_type=\"heading.default\">\n\t\t\t\t<div class=\"elementor-widget-container\">\n\t\t\t\n\n\n \n <div class=\"section__title-wrapper wow fadeInUp2 section-heading p-0\" data-wow-delay=\".3s\">\n\n \n <span class=\"section__pre-title sub-title\">McAfee Secure<\/span>\n\n \n\n\n <h2 class=\"section__title section-title\">Certifica\u00e7\u00e3o TrustedSite <\/h2>\n \n <p>Depois de analisar minuciosamente o dom\u00ednio que aloja o nosso site e a nossa plataforma em busca de malware, v\u00edrus, ataques de phishing e outras actividades maliciosas, a McAfee concedeu \u00e0 SMARTFENSE o seu selo de aprova\u00e7\u00e3o.<\/p>\n\n \n <\/div>\n\n \n\n \t\t<\/div>\n\t\t\t\t<\/div>\n\t\t\t\t<div class=\"elementor-element elementor-element-0e8b302 elementor-widget elementor-widget-html\" data-id=\"0e8b302\" data-element_type=\"widget\" data-widget_type=\"html.default\">\n\t\t\t\t<div class=\"elementor-widget-container\">\n\t\t\t<a href=\"https:\/\/www.trustedsite.com\/verify?host=smartfense.com&utm_campaign=mfes_redirect&utm_medium=referral&utm_source=mcafeesecure.com\" class=\"w-btn\" target=\"_blank\">\nVer Selo de Confian\u00e7a<\/a>\t\t<\/div>\n\t\t\t\t<\/div>\n\t\t\t\t<\/div>\n\t\t\t\t\t<\/div>\n\t\t\t\t<\/div>\n\t\t<div class=\"elementor-element elementor-element-1562d3a e-flex e-con-boxed e-con e-parent\" data-id=\"1562d3a\" data-element_type=\"container\">\n\t\t\t\t\t<div class=\"e-con-inner\">\n\t\t<div class=\"elementor-element elementor-element-7c42380 e-con-full e-flex e-con e-child\" data-id=\"7c42380\" data-element_type=\"container\">\n\t\t\t\t<div class=\"elementor-element elementor-element-bf0bf5a elementor-widget elementor-widget-heading bdevs-el heading\" data-id=\"bf0bf5a\" data-element_type=\"widget\" data-widget_type=\"heading.default\">\n\t\t\t\t<div class=\"elementor-widget-container\">\n\t\t\t\n\n\n \n <div class=\"section__title-wrapper wow fadeInUp2 section-heading p-0\" data-wow-delay=\".3s\">\n\n \n <span class=\"section__pre-title sub-title\">Ciberseguran\u00e7a sustent\u00e1vel<\/span>\n\n \n\n\n <h2 class=\"section__title section-title\">Cyber Green Proof<\/h2>\n \n <p>A SMARTFENSE adere ao Pacto para uma Ciberseguran\u00e7a Sustent\u00e1vel. Este pacto foi criado com a consci\u00eancia de proteger n\u00e3o s\u00f3 os dados, mas tamb\u00e9m o ambiente e a sociedade. Baseia-se em 8 pilares de a\u00e7\u00e3o concretos: Governa\u00e7\u00e3o Respons\u00e1vel, Transpar\u00eancia e Responsabilidade, Efici\u00eancia Energ\u00e9tica, Economia Circular, Gest\u00e3o de Res\u00edduos Electr\u00f3nicos, Colabora\u00e7\u00e3o e Divulga\u00e7\u00e3o, Normas Sustent\u00e1veis, Colabora\u00e7\u00e3o na Cadeia de Fornecimento.<\/p>\n\n \n <\/div>\n\n \n\n \t\t<\/div>\n\t\t\t\t<\/div>\n\t\t\t\t<div class=\"elementor-element elementor-element-23ea1bc elementor-widget elementor-widget-html\" data-id=\"23ea1bc\" data-element_type=\"widget\" data-widget_type=\"html.default\">\n\t\t\t\t<div class=\"elementor-widget-container\">\n\t\t\t<a href=\"https:\/\/www.ismsforum.es\/ciberseguridad-sostenible\/index.php\" class=\"w-btn\" target=\"_blank\">\nSaiba mais sobre o pacto<\/a>\t\t<\/div>\n\t\t\t\t<\/div>\n\t\t\t\t<\/div>\n\t\t<div class=\"elementor-element elementor-element-3e767b4 e-con-full e-flex elementor-invisible e-con e-child\" data-id=\"3e767b4\" data-element_type=\"container\" data-settings=\"{&quot;animation&quot;:&quot;fadeInRight&quot;}\">\n\t\t\t\t<div class=\"elementor-element elementor-element-686d5ce elementor-widget elementor-widget-image\" data-id=\"686d5ce\" data-element_type=\"widget\" data-widget_type=\"image.default\">\n\t\t\t\t<div class=\"elementor-widget-container\">\n\t\t\t\t\t\t\t\t\t\t\t\t\t<img loading=\"lazy\" decoding=\"async\" width=\"640\" height=\"336\" src=\"https:\/\/smartfense.com\/file\/2023\/10\/cyber-green-proof-1-1024x538.jpg\" class=\"attachment-large size-large wp-image-16441\" alt=\"\" srcset=\"https:\/\/smartfense.com\/file\/2023\/10\/cyber-green-proof-1-1024x538.jpg 1024w, https:\/\/smartfense.com\/file\/2023\/10\/cyber-green-proof-1-300x158.jpg 300w, https:\/\/smartfense.com\/file\/2023\/10\/cyber-green-proof-1-768x403.jpg 768w, https:\/\/smartfense.com\/file\/2023\/10\/cyber-green-proof-1.jpg 1200w\" sizes=\"(max-width: 640px) 100vw, 640px\" \/>\t\t\t\t\t\t\t\t\t\t\t\t\t<\/div>\n\t\t\t\t<\/div>\n\t\t\t\t<\/div>\n\t\t\t\t\t<\/div>\n\t\t\t\t<\/div>\n\t\t\t\t<\/div>\n\t\t","protected":false},"excerpt":{"rendered":"<p>INCIBE Instituto Nacional de Ciberseguridad, INCIBE Com a certeza do nosso diferencial, em junho de 2017 particip\u00e1mos no Programa de Acelera\u00e7\u00e3o INCIBE Cybersecurity Ventures. Em fevereiro de 2018 fomos proclamados [&hellip;]<\/p>\n","protected":false},"author":1,"featured_media":17691,"parent":9092,"menu_order":0,"comment_status":"closed","ping_status":"closed","template":"elementor_header_footer","meta":{"_acf_changed":false,"footnotes":""},"class_list":["post-9080","page","type-page","status-publish","has-post-thumbnail","hentry"],"acf":[],"yoast_head":" \n<title>Selos de Confian\u00e7a - SMARTFENSE - Hardening do usu\u00e1rios<\/title>\n<meta name=\"description\" content=\"Selos de confian\u00e7a obtidos pela SMARTFENSE, alinhados com as diferentes pr\u00e1ticas de \u00e9tica e seguran\u00e7a na internet.\" \/>\n<meta name=\"robots\" content=\"index, follow, max-snippet:-1, max-image-preview:large, max-video-preview:-1\" \/>\n<link rel=\"canonical\" href=\"https:\/\/smartfense.com\/pt-pt\/sobre-nos\/selos-de-confianca\/\" \/>\n<meta property=\"og:locale\" content=\"pt_PT\" \/>\n<meta property=\"og:type\" content=\"article\" \/>\n<meta property=\"og:title\" content=\"Selos de Confian\u00e7a - SMARTFENSE - Hardening do usu\u00e1rios\" \/>\n<meta property=\"og:description\" content=\"Selos de confian\u00e7a obtidos pela SMARTFENSE, alinhados com as diferentes pr\u00e1ticas de \u00e9tica e seguran\u00e7a na internet.\" \/>\n<meta property=\"og:url\" content=\"https:\/\/smartfense.com\/pt-pt\/sobre-nos\/selos-de-confianca\/\" \/>\n<meta property=\"og:site_name\" content=\"SMARTFENSE - Sensibiliza\u00e7\u00e3o para a ciberseguran\u00e7a\" \/>\n<meta property=\"article:modified_time\" content=\"2024-09-03T13:23:38+00:00\" \/>\n<meta property=\"og:image\" content=\"https:\/\/smartfense.com\/file\/2023\/11\/smartfense-logo3d.jpg\" \/>\n\t<meta property=\"og:image:width\" content=\"1200\" \/>\n\t<meta property=\"og:image:height\" content=\"630\" \/>\n\t<meta property=\"og:image:type\" content=\"image\/jpeg\" \/>\n<meta name=\"twitter:card\" content=\"summary_large_image\" \/>\n<meta name=\"twitter:label1\" content=\"Tempo estimado de leitura\" \/>\n\t<meta name=\"twitter:data1\" content=\"3 minutos\" \/>\n<script type=\"application\/ld+json\" class=\"yoast-schema-graph\">{\"@context\":\"https:\\\/\\\/schema.org\",\"@graph\":[{\"@type\":\"WebPage\",\"@id\":\"https:\\\/\\\/smartfense.com\\\/pt-pt\\\/sobre-nos\\\/selos-de-confianca\\\/\",\"url\":\"https:\\\/\\\/smartfense.com\\\/pt-pt\\\/sobre-nos\\\/selos-de-confianca\\\/\",\"name\":\"Selos de Confian\u00e7a - SMARTFENSE - Hardening do usu\u00e1rios\",\"isPartOf\":{\"@id\":\"https:\\\/\\\/smartfense.com\\\/pt-pt\\\/#website\"},\"primaryImageOfPage\":{\"@id\":\"https:\\\/\\\/smartfense.com\\\/pt-pt\\\/sobre-nos\\\/selos-de-confianca\\\/#primaryimage\"},\"image\":{\"@id\":\"https:\\\/\\\/smartfense.com\\\/pt-pt\\\/sobre-nos\\\/selos-de-confianca\\\/#primaryimage\"},\"thumbnailUrl\":\"https:\\\/\\\/smartfense.com\\\/wp-content\\\/uploads\\\/2023\\\/11\\\/smartfense-logo3d.jpg\",\"datePublished\":\"2023-07-27T07:26:43+00:00\",\"dateModified\":\"2024-09-03T13:23:38+00:00\",\"description\":\"Selos de confian\u00e7a obtidos pela SMARTFENSE, alinhados com as diferentes pr\u00e1ticas de \u00e9tica e seguran\u00e7a na internet.\",\"breadcrumb\":{\"@id\":\"https:\\\/\\\/smartfense.com\\\/pt-pt\\\/sobre-nos\\\/selos-de-confianca\\\/#breadcrumb\"},\"inLanguage\":\"pt-PT\",\"potentialAction\":[{\"@type\":\"ReadAction\",\"target\":[\"https:\\\/\\\/smartfense.com\\\/pt-pt\\\/sobre-nos\\\/selos-de-confianca\\\/\"]}]},{\"@type\":\"ImageObject\",\"inLanguage\":\"pt-PT\",\"@id\":\"https:\\\/\\\/smartfense.com\\\/pt-pt\\\/sobre-nos\\\/selos-de-confianca\\\/#primaryimage\",\"url\":\"https:\\\/\\\/smartfense.com\\\/wp-content\\\/uploads\\\/2023\\\/11\\\/smartfense-logo3d.jpg\",\"contentUrl\":\"https:\\\/\\\/smartfense.com\\\/wp-content\\\/uploads\\\/2023\\\/11\\\/smartfense-logo3d.jpg\",\"width\":1200,\"height\":630},{\"@type\":\"BreadcrumbList\",\"@id\":\"https:\\\/\\\/smartfense.com\\\/pt-pt\\\/sobre-nos\\\/selos-de-confianca\\\/#breadcrumb\",\"itemListElement\":[{\"@type\":\"ListItem\",\"position\":1,\"name\":\"Portada\",\"item\":\"https:\\\/\\\/smartfense.com\\\/pt-pt\\\/\"},{\"@type\":\"ListItem\",\"position\":2,\"name\":\"Sobre n\u00f3s\",\"item\":\"https:\\\/\\\/smartfense.com\\\/pt-pt\\\/nosotros\\\/\"},{\"@type\":\"ListItem\",\"position\":3,\"name\":\"Selos de Confian\u00e7a\"}]},{\"@type\":\"WebSite\",\"@id\":\"https:\\\/\\\/smartfense.com\\\/pt-pt\\\/#website\",\"url\":\"https:\\\/\\\/smartfense.com\\\/pt-pt\\\/\",\"name\":\"SMARTFENSE - Concienciaci\u00f3n en Ciberseguridad\",\"description\":\"\",\"publisher\":{\"@id\":\"https:\\\/\\\/smartfense.com\\\/pt-pt\\\/#organization\"},\"potentialAction\":[{\"@type\":\"SearchAction\",\"target\":{\"@type\":\"EntryPoint\",\"urlTemplate\":\"https:\\\/\\\/smartfense.com\\\/pt-pt\\\/?s={search_term_string}\"},\"query-input\":{\"@type\":\"PropertyValueSpecification\",\"valueRequired\":true,\"valueName\":\"search_term_string\"}}],\"inLanguage\":\"pt-PT\"},{\"@type\":\"Organization\",\"@id\":\"https:\\\/\\\/smartfense.com\\\/pt-pt\\\/#organization\",\"name\":\"SMARTFENSE\",\"url\":\"https:\\\/\\\/smartfense.com\\\/pt-pt\\\/\",\"logo\":{\"@type\":\"ImageObject\",\"inLanguage\":\"pt-PT\",\"@id\":\"https:\\\/\\\/smartfense.com\\\/pt-pt\\\/#\\\/schema\\\/logo\\\/image\\\/\",\"url\":\"https:\\\/\\\/smartfense.com\\\/wp-content\\\/uploads\\\/2023\\\/08\\\/logo-smartfense-240x40-1.png\",\"contentUrl\":\"https:\\\/\\\/smartfense.com\\\/wp-content\\\/uploads\\\/2023\\\/08\\\/logo-smartfense-240x40-1.png\",\"width\":241,\"height\":40,\"caption\":\"SMARTFENSE\"},\"image\":{\"@id\":\"https:\\\/\\\/smartfense.com\\\/pt-pt\\\/#\\\/schema\\\/logo\\\/image\\\/\"}}]}<\/script>\n ","yoast_head_json":{"title":"Selos de Confian\u00e7a - SMARTFENSE - Hardening do usu\u00e1rios","description":"Selos de confian\u00e7a obtidos pela SMARTFENSE, alinhados com as diferentes pr\u00e1ticas de \u00e9tica e seguran\u00e7a na internet.","robots":{"index":"index","follow":"follow","max-snippet":"max-snippet:-1","max-image-preview":"max-image-preview:large","max-video-preview":"max-video-preview:-1"},"canonical":"https:\/\/smartfense.com\/pt-pt\/sobre-nos\/selos-de-confianca\/","og_locale":"pt_PT","og_type":"article","og_title":"Selos de Confian\u00e7a - SMARTFENSE - Hardening do usu\u00e1rios","og_description":"Selos de confian\u00e7a obtidos pela SMARTFENSE, alinhados com as diferentes pr\u00e1ticas de \u00e9tica e seguran\u00e7a na internet.","og_url":"https:\/\/smartfense.com\/pt-pt\/sobre-nos\/selos-de-confianca\/","og_site_name":"SMARTFENSE - Sensibiliza\u00e7\u00e3o para a ciberseguran\u00e7a","article_modified_time":"2024-09-03T13:23:38+00:00","og_image":[{"width":1200,"height":630,"url":"https:\/\/smartfense.com\/file\/2023\/11\/smartfense-logo3d.jpg","type":"image\/jpeg"}],"twitter_card":"summary_large_image","twitter_misc":{"Tempo estimado de leitura":"3 minutos"},"schema":{"@context":"https:\/\/schema.org","@graph":[{"@type":"WebPage","@id":"https:\/\/smartfense.com\/pt-pt\/sobre-nos\/selos-de-confianca\/","url":"https:\/\/smartfense.com\/pt-pt\/sobre-nos\/selos-de-confianca\/","name":"Selos de Confian\u00e7a - SMARTFENSE - Hardening do usu\u00e1rios","isPartOf":{"@id":"https:\/\/smartfense.com\/pt-pt\/#website"},"primaryImageOfPage":{"@id":"https:\/\/smartfense.com\/pt-pt\/sobre-nos\/selos-de-confianca\/#primaryimage"},"image":{"@id":"https:\/\/smartfense.com\/pt-pt\/sobre-nos\/selos-de-confianca\/#primaryimage"},"thumbnailUrl":"https:\/\/smartfense.com\/file\/2023\/11\/smartfense-logo3d.jpg","datePublished":"2023-07-27T07:26:43+00:00","dateModified":"2024-09-03T13:23:38+00:00","description":"Selos de confian\u00e7a obtidos pela SMARTFENSE, alinhados com as diferentes pr\u00e1ticas de \u00e9tica e seguran\u00e7a na internet.","breadcrumb":{"@id":"https:\/\/smartfense.com\/pt-pt\/sobre-nos\/selos-de-confianca\/#breadcrumb"},"inLanguage":"pt-PT","potentialAction":[{"@type":"ReadAction","target":["https:\/\/smartfense.com\/pt-pt\/sobre-nos\/selos-de-confianca\/"]}]},{"@type":"ImageObject","inLanguage":"pt-PT","@id":"https:\/\/smartfense.com\/pt-pt\/sobre-nos\/selos-de-confianca\/#primaryimage","url":"https:\/\/smartfense.com\/file\/2023\/11\/smartfense-logo3d.jpg","contentUrl":"https:\/\/smartfense.com\/file\/2023\/11\/smartfense-logo3d.jpg","width":1200,"height":630},{"@type":"BreadcrumbList","@id":"https:\/\/smartfense.com\/pt-pt\/sobre-nos\/selos-de-confianca\/#breadcrumb","itemListElement":[{"@type":"ListItem","position":1,"name":"Portada","item":"https:\/\/smartfense.com\/pt-pt\/"},{"@type":"ListItem","position":2,"name":"Sobre n\u00f3s","item":"https:\/\/smartfense.com\/pt-pt\/nosotros\/"},{"@type":"ListItem","position":3,"name":"Selos de Confian\u00e7a"}]},{"@type":"WebSite","@id":"https:\/\/smartfense.com\/pt-pt\/#website","url":"https:\/\/smartfense.com\/pt-pt\/","name":"SMARTFENSE - Concienciaci\u00f3n en Ciberseguridad","description":"","publisher":{"@id":"https:\/\/smartfense.com\/pt-pt\/#organization"},"potentialAction":[{"@type":"SearchAction","target":{"@type":"EntryPoint","urlTemplate":"https:\/\/smartfense.com\/pt-pt\/?s={search_term_string}"},"query-input":{"@type":"PropertyValueSpecification","valueRequired":true,"valueName":"search_term_string"}}],"inLanguage":"pt-PT"},{"@type":"Organization","@id":"https:\/\/smartfense.com\/pt-pt\/#organization","name":"SMARTFENSE","url":"https:\/\/smartfense.com\/pt-pt\/","logo":{"@type":"ImageObject","inLanguage":"pt-PT","@id":"https:\/\/smartfense.com\/pt-pt\/#\/schema\/logo\/image\/","url":"https:\/\/smartfense.com\/file\/2023\/08\/logo-smartfense-240x40-1.png","contentUrl":"https:\/\/smartfense.com\/file\/2023\/08\/logo-smartfense-240x40-1.png","width":241,"height":40,"caption":"SMARTFENSE"},"image":{"@id":"https:\/\/smartfense.com\/pt-pt\/#\/schema\/logo\/image\/"}}]}},"_links":{"self":[{"href":"https:\/\/smartfense.com\/pt-pt\/wp-json\/wp\/v2\/pages\/9080","targetHints":{"allow":["GET"]}}],"collection":[{"href":"https:\/\/smartfense.com\/pt-pt\/wp-json\/wp\/v2\/pages"}],"about":[{"href":"https:\/\/smartfense.com\/pt-pt\/wp-json\/wp\/v2\/types\/page"}],"author":[{"embeddable":true,"href":"https:\/\/smartfense.com\/pt-pt\/wp-json\/wp\/v2\/users\/1"}],"replies":[{"embeddable":true,"href":"https:\/\/smartfense.com\/pt-pt\/wp-json\/wp\/v2\/comments?post=9080"}],"version-history":[{"count":3,"href":"https:\/\/smartfense.com\/pt-pt\/wp-json\/wp\/v2\/pages\/9080\/revisions"}],"predecessor-version":[{"id":28119,"href":"https:\/\/smartfense.com\/pt-pt\/wp-json\/wp\/v2\/pages\/9080\/revisions\/28119"}],"up":[{"embeddable":true,"href":"https:\/\/smartfense.com\/pt-pt\/wp-json\/wp\/v2\/pages\/9092"}],"wp:featuredmedia":[{"embeddable":true,"href":"https:\/\/smartfense.com\/pt-pt\/wp-json\/wp\/v2\/media\/17691"}],"wp:attachment":[{"href":"https:\/\/smartfense.com\/pt-pt\/wp-json\/wp\/v2\/media?parent=9080"}],"curies":[{"name":"wp","href":"https:\/\/api.w.org\/{rel}","templated":true}]}}