{"id":9068,"date":"2023-08-01T15:09:30","date_gmt":"2023-08-01T13:09:30","guid":{"rendered":"https:\/\/callidusprolab.com\/smartfense\/cumplimiento\/"},"modified":"2023-11-23T08:27:47","modified_gmt":"2023-11-23T08:27:47","slug":"conformidade","status":"publish","type":"page","link":"https:\/\/smartfense.com\/pt-pt\/recursos\/conformidade\/","title":{"rendered":"Conformidade"},"content":{"rendered":"\t\t<div data-elementor-type=\"wp-page\" data-elementor-id=\"9068\" class=\"elementor elementor-9068 elementor-7179\">\n\t\t\t\t<div class=\"elementor-element elementor-element-baf7a35 e-flex e-con-boxed e-con e-parent\" data-id=\"baf7a35\" data-element_type=\"container\">\n\t\t\t\t\t<div class=\"e-con-inner\">\n\t\t<div class=\"elementor-element elementor-element-0acf31b e-con-full e-flex e-con e-parent\" data-id=\"0acf31b\" data-element_type=\"container\">\n\t\t\t\t<div class=\"elementor-element elementor-element-a093e87 elementor-widget elementor-widget-text-editor\" data-id=\"a093e87\" data-element_type=\"widget\" data-widget_type=\"text-editor.default\">\n\t\t\t\t<div class=\"elementor-widget-container\">\n\t\t\t\t\t\t\t<p>SMARTFENSE da cumplimiento directo a los requisitos mandatorios de las normativas que se mencionan a continuaci\u00f3n.<\/p>\t\t\t\t\t\t<\/div>\n\t\t\t\t<\/div>\n\t\t\t\t<\/div>\n\t\t<div class=\"elementor-element elementor-element-dae0d6d e-con-full e-flex elementor-invisible e-con e-parent\" data-id=\"dae0d6d\" data-element_type=\"container\" data-settings=\"{&quot;animation&quot;:&quot;fadeInRight&quot;}\">\n\t\t\t\t<div class=\"elementor-element elementor-element-614b371 elementor-widget elementor-widget-text-editor\" data-id=\"614b371\" data-element_type=\"widget\" data-widget_type=\"text-editor.default\">\n\t\t\t\t<div class=\"elementor-widget-container\">\n\t\t\t\t\t\t\t<p>Existe actualmente una amplia variedad de normativas y est\u00e1ndares que las organizaciones deben cumplir.<\/p>\t\t\t\t\t\t<\/div>\n\t\t\t\t<\/div>\n\t\t\t\t<\/div>\n\t\t\t\t\t<\/div>\n\t\t\t\t<\/div>\n\t\t<div class=\"elementor-element elementor-element-4fbc8a6 e-flex e-con-boxed e-con e-parent\" data-id=\"4fbc8a6\" data-element_type=\"container\" data-settings=\"{&quot;background_background&quot;:&quot;classic&quot;}\">\n\t\t\t\t\t<div class=\"e-con-inner\">\n\t\t\t\t<div class=\"elementor-element elementor-element-7895e3c elementor-widget elementor-widget-text-editor\" data-id=\"7895e3c\" data-element_type=\"widget\" data-widget_type=\"text-editor.default\">\n\t\t\t\t<div class=\"elementor-widget-container\">\n\t\t\t\t\t\t\t<h3>ISO\/IEC 27001:2013 &#8211; Anexo A \/ 27002<\/h3><ul><li>7.2.2 &#8211; Concientizaci\u00f3n, educaci\u00f3n y entrenamiento en seguridad de la informaci\u00f3n\/Information security awareness, education and training.<\/li><\/ul>\t\t\t\t\t\t<\/div>\n\t\t\t\t<\/div>\n\t\t\t\t\t<\/div>\n\t\t\t\t<\/div>\n\t\t<div class=\"elementor-element elementor-element-955dc9e e-flex e-con-boxed e-con e-parent\" data-id=\"955dc9e\" data-element_type=\"container\">\n\t\t\t\t\t<div class=\"e-con-inner\">\n\t\t\t\t<div class=\"elementor-element elementor-element-0ab1222 elementor-widget elementor-widget-text-editor\" data-id=\"0ab1222\" data-element_type=\"widget\" data-widget_type=\"text-editor.default\">\n\t\t\t\t<div class=\"elementor-widget-container\">\n\t\t\t\t\t\t\t<h3>PCI DSS<\/h3><p class=\"caracteristicas-contenido\">\u00a0<\/p><ul><li>9.9.3 &#8211; Capacite al personal para que detecten indicios de alteraci\u00f3n o sustituci\u00f3n en los dispositivos. La capacitaci\u00f3n debe abarcar lo siguiente:<ul><li>9.9.3.a &#8211; Revise el material de capacitaci\u00f3n (cobertura).<\/li><li>9.9.3.b &#8211; Verifique que hayan recibido capacitaci\u00f3n y que conozcan los procedimientos.<\/li><\/ul><\/li><\/ul><p>\u00a0<\/p><p class=\"caracteristicas-contenido\">\u00a0<\/p><ul><li>12.6.1 &#8211; Capacite al personal inmediatamente despu\u00e9s de contratarlo y, al menos, una vez al a\u00f1o.<ul><li>12.6.1.a &#8211; Verifique que el programa de concienciaci\u00f3n sobre seguridad proporcione diversos m\u00e9todos.<\/li><li>12.6.1.b &#8211; Verifique que el personal concurra a la capacitaci\u00f3n de la concienciaci\u00f3n sobre seguridad al ser contratados y, al menos, una vez al a\u00f1o.<\/li><li>12.6.1.c &#8211; Verifique que hayan realizado la capacitaci\u00f3n de concienciaci\u00f3n y que conozcan la importancia de la seguridad de los datos del titular de la tarjeta.<\/li><\/ul><\/li><\/ul>\t\t\t\t\t\t<\/div>\n\t\t\t\t<\/div>\n\t\t\t\t\t<\/div>\n\t\t\t\t<\/div>\n\t\t<div class=\"elementor-element elementor-element-9478010 e-flex e-con-boxed e-con e-parent\" data-id=\"9478010\" data-element_type=\"container\" data-settings=\"{&quot;background_background&quot;:&quot;classic&quot;}\">\n\t\t\t\t\t<div class=\"e-con-inner\">\n\t\t\t\t<div class=\"elementor-element elementor-element-96afb9e elementor-widget elementor-widget-text-editor\" data-id=\"96afb9e\" data-element_type=\"widget\" data-widget_type=\"text-editor.default\">\n\t\t\t\t<div class=\"elementor-widget-container\">\n\t\t\t\t\t\t\t<h3>Comunicaci\u00f3n &#8220;A&#8221; 5374 de 2012 del Banco Central de la Rep\u00fablica Argentina (BCRA)<\/h3><p class=\"caracteristicas-contenido\">\u00a0<\/p><ul><li>6.2 &#8211; Las entidades deben poseer la funcionalidad y prop\u00f3sito descritos en proceso de referencia e informar a este Banco Central, la estructura e interrelaciones org\u00e1nicas y operativas que en sus organizaciones corresponda:<ul><li>6.2.1 &#8211; Concientizaci\u00f3n y Capacitaci\u00f3n: proceso relacionado con la adquisici\u00f3n y entrega de conocimiento en pr\u00e1cticas de seguridad, su difusi\u00f3n, entrenamiento y educaci\u00f3n, para el desarrollo de las tareas preventivas, detectivas y correctivas de los incidentes de seguridad en los Canales electr\u00f3nicos (enunciados en 6.1).<\/li><\/ul><\/li><li>6.3.2.2 &#8211; dentro de las tareas de gesti\u00f3n de la seguridad, e independientemente del \u00e1rea, personas o terceros que tengan a su cargo la funci\u00f3n y la ejecuci\u00f3n de las tareas, las entidades deben contar con funciones y tareas relacionadas con los siguientes procesos de seguridad para sus Canales electr\u00f3nicos:<ul><li>6.3.2.2.1 &#8211; Concientizaci\u00f3n y Capacitaci\u00f3n. Complementariamente a lo indicado en el punto 6.2.1, las entidades deben contar con un programa de concientizaci\u00f3n y capacitaci\u00f3n de seguridad inform\u00e1tica anual, medible y verificable, cuyos contenidos contemplen todas las necesidades internas y externas en el curso, conocimiento, prevenci\u00f3n y denuncia de incidentes, escalamiento y responsabilidad de los Canales electr\u00f3nicos con los que cuentan.<\/li><\/ul><\/li><li>6.7.1 &#8211; Tabla de requisitos m\u00ednimos de Concientizaci\u00f3n y Capacitaci\u00f3n (RCC).<\/li><\/ul>\t\t\t\t\t\t<\/div>\n\t\t\t\t<\/div>\n\t\t\t\t\t<\/div>\n\t\t\t\t<\/div>\n\t\t<div class=\"elementor-element elementor-element-3403bf2 e-flex e-con-boxed e-con e-parent\" data-id=\"3403bf2\" data-element_type=\"container\">\n\t\t\t\t\t<div class=\"e-con-inner\">\n\t\t\t\t<div class=\"elementor-element elementor-element-4b25259 elementor-widget elementor-widget-text-editor\" data-id=\"4b25259\" data-element_type=\"widget\" data-widget_type=\"text-editor.default\">\n\t\t\t\t<div class=\"elementor-widget-container\">\n\t\t\t\t\t\t\t<h3>COMUNICACI\u00d3N \u201cA\u201d 7266 de 2021 del Banco Central de la Rep\u00fablica Argentina (BCRA)<\/h3><p class=\"caracteristicas-contenido\">\u00a0<\/p><ul><li>2.1. &#8211; Gobierno.<ul><li>2.1.1. &#8211; Cultura.<br \/>Se espera que la direcci\u00f3n de la entidad acompa\u00f1e la creaci\u00f3n de un entorno organizacional donde se promueva reportar o escalar ciberincidentes mediante un canal establecido para tal fin, considerando:<ul><li>2.1.1.1. &#8211; El establecimiento de\u00a0<b>programas de capacitaci\u00f3n<\/b>\u00a0para todos los niveles de la entidad, que fomenten comportamientos proactivos, donde se acepte la posibilidad de ocurrencia de los ciberincidentes y el aprendizaje en base a los errores.<\/li><li>2.1.1.2. &#8211; Promover una\u00a0<b>cultura positiva<\/b>\u00a0hacia la gesti\u00f3n de ciberincidentes, logrando que se use esa informaci\u00f3n como fuente para mejorar la etapa de preparaci\u00f3n.<\/li><li>2.1.1.3. &#8211; Promover acciones continuas y sostenidas con\u00a0<b>proveedores y terceras partes<\/b>\u00a0en la preparaci\u00f3n de las tareas de respuesta y recuperaci\u00f3n ante ciberincidentes, para que puedan ser oportunas y adaptarse a las distintas situaciones.<\/li><\/ul><\/li><\/ul><\/li><\/ul>\t\t\t\t\t\t<\/div>\n\t\t\t\t<\/div>\n\t\t\t\t\t<\/div>\n\t\t\t\t<\/div>\n\t\t<div class=\"elementor-element elementor-element-8fa8acb e-flex e-con-boxed e-con e-parent\" data-id=\"8fa8acb\" data-element_type=\"container\" data-settings=\"{&quot;background_background&quot;:&quot;classic&quot;}\">\n\t\t\t\t\t<div class=\"e-con-inner\">\n\t\t\t\t<div class=\"elementor-element elementor-element-43198b2 elementor-widget elementor-widget-text-editor\" data-id=\"43198b2\" data-element_type=\"widget\" data-widget_type=\"text-editor.default\">\n\t\t\t\t<div class=\"elementor-widget-container\">\n\t\t\t\t\t\t\t<h3>CIRCULAR EXTERNA 007 de 2018 de la SUPERINTENDENCIA FINANCIERA DE COLOMBIA<\/h3><p class=\"caracteristicas-contenido\">\u00a0<\/p><ul><li>3 &#8211; OBLIGACIONES GENERALES EN MATERIA DE CIBERSEGURIDAD<ul><li>3.1. &#8211; Establecer una pol\u00edtica que contenga los principios, procedimientos y lineamientos para la gesti\u00f3n de la seguridad de la informaci\u00f3n y riesgo de ciberseguridad en la entidad. Esta pol\u00edtica debe tener las siguientes caracter\u00edsticas:<ul><li>3.1.4. &#8211; Establecer los principios y lineamientos para promover una cultura de ciberseguridad que incluya actividades de difusi\u00f3n, capacitaci\u00f3n y concientizaci\u00f3n tanto al interior de la entidad como frente a usuarios y terceros que esta considere relevantes dentro de la pol\u00edtica de ciberseguridad. Estas actividades deben realizarse peri\u00f3dicamente y pueden incluirse, adicionalmente, en los cursos sobre riesgo operativo que realice la entidad.<\/li><\/ul><\/li><li>3.2. &#8211; Establecer una unidad que gestione los riesgos de seguridad de la informaci\u00f3n y la ciberseguridad. Esta unidad debe tener, al menos, las siguientes caracter\u00edsticas y responsabilidades:<ul><li>3.2.5. &#8211; Debe sugerir las capacitaciones que deben recibir regularmente los funcionarios de la entidad en temas relacionados con ciberseguridad y mantenerlos actualizados sobre las nuevas ciberamenazas.<\/li><\/ul><\/li><\/ul><\/li><\/ul>\t\t\t\t\t\t<\/div>\n\t\t\t\t<\/div>\n\t\t\t\t\t<\/div>\n\t\t\t\t<\/div>\n\t\t<div class=\"elementor-element elementor-element-f017048 e-flex e-con-boxed e-con e-parent\" data-id=\"f017048\" data-element_type=\"container\">\n\t\t\t\t\t<div class=\"e-con-inner\">\n\t\t\t\t<div class=\"elementor-element elementor-element-5eca369 elementor-widget__width-inherit elementor-widget elementor-widget-text-editor\" data-id=\"5eca369\" data-element_type=\"widget\" data-widget_type=\"text-editor.default\">\n\t\t\t\t<div class=\"elementor-widget-container\">\n\t\t\t\t\t\t\t<p style=\"text-align: center;\">CONT\u00c1CTESE CON NOSOTROS PARA M\u00c1S INFORMACI\u00d3N<\/p>\t\t\t\t\t\t<\/div>\n\t\t\t\t<\/div>\n\t\t\t\t<div class=\"elementor-element elementor-element-5b7e674 elementor-align-left elementor-widget__width-inherit elementor-widget elementor-widget-button\" data-id=\"5b7e674\" data-element_type=\"widget\" data-widget_type=\"button.default\">\n\t\t\t\t<div class=\"elementor-widget-container\">\n\t\t\t\t\t\t\t\t<a class=\"elementor-button elementor-button-link elementor-size-lg\" href=\"https:\/\/smartfense.com\/contacto\/\">\n\t\t\t\t\t\t<span class=\"elementor-button-content-wrapper\">\n\t\t\t\t\t\t\t\t\t<span class=\"elementor-button-text\">Contacto<\/span>\n\t\t\t\t\t<\/span>\n\t\t\t\t\t<\/a>\n\t\t\t\t\t\t<\/div>\n\t\t\t\t<\/div>\n\t\t\t\t\t<\/div>\n\t\t\t\t<\/div>\n\t\t\t\t<section class=\"elementor-section elementor-top-section elementor-element elementor-element-10393e2b elementor-section-full_width elementor-section-stretched elementor-section-height-default elementor-section-height-default\" data-id=\"10393e2b\" data-element_type=\"section\" data-settings=\"{&quot;stretch_section&quot;:&quot;section-stretched&quot;}\">\n\t\t\t\t\t\t<div class=\"elementor-container elementor-column-gap-no\">\n\t\t\t\t\t<div class=\"elementor-column elementor-col-100 elementor-top-column elementor-element elementor-element-7f8c4bdf\" data-id=\"7f8c4bdf\" data-element_type=\"column\">\n\t\t\t<div class=\"elementor-widget-wrap elementor-element-populated\">\n\t\t\t\t\t\t\t<\/div>\n\t\t<\/div>\n\t\t\t\t\t<\/div>\n\t\t<\/section>\n\t\t<div class=\"elementor-element elementor-element-5a69bb1 e-flex e-con-boxed e-con e-parent\" data-id=\"5a69bb1\" data-element_type=\"container\">\n\t\t\t\t\t<div class=\"e-con-inner\">\n\t\t\t\t\t<\/div>\n\t\t\t\t<\/div>\n\t\t\t\t<\/div>\n\t\t","protected":false},"excerpt":{"rendered":"<p>SMARTFENSE da cumplimiento directo a los requisitos mandatorios de las normativas que se mencionan a continuaci\u00f3n. Existe actualmente una amplia variedad de normativas y est\u00e1ndares que las organizaciones deben cumplir. [&hellip;]<\/p>\n","protected":false},"author":1,"featured_media":3632,"parent":9240,"menu_order":0,"comment_status":"closed","ping_status":"closed","template":"elementor_header_footer","meta":{"_acf_changed":false,"footnotes":""},"class_list":["post-9068","page","type-page","status-publish","has-post-thumbnail","hentry"],"acf":[],"yoast_head":" \n<title>Conformidade - SMARTFENSE - Sensibiliza\u00e7\u00e3o para a ciberseguran\u00e7a<\/title>\n<meta name=\"description\" content=\"A SMARTFENSE cumpre diretamente os requisitos obrigat\u00f3rios dos regulamentos e normas que as organiza\u00e7\u00f5es devem cumprir.\" \/>\n<meta name=\"robots\" content=\"index, follow, max-snippet:-1, max-image-preview:large, max-video-preview:-1\" \/>\n<link rel=\"canonical\" href=\"https:\/\/smartfense.com\/pt-pt\/recursos\/conformidade\/\" \/>\n<meta property=\"og:locale\" content=\"pt_PT\" \/>\n<meta property=\"og:type\" content=\"article\" \/>\n<meta property=\"og:title\" content=\"Conformidade - SMARTFENSE - Sensibiliza\u00e7\u00e3o para a ciberseguran\u00e7a\" \/>\n<meta property=\"og:description\" content=\"A SMARTFENSE cumpre diretamente os requisitos obrigat\u00f3rios dos regulamentos e normas que as organiza\u00e7\u00f5es devem cumprir.\" \/>\n<meta property=\"og:url\" content=\"https:\/\/smartfense.com\/pt-pt\/recursos\/conformidade\/\" \/>\n<meta property=\"og:site_name\" content=\"SMARTFENSE - Sensibiliza\u00e7\u00e3o para a ciberseguran\u00e7a\" \/>\n<meta property=\"article:modified_time\" content=\"2023-11-23T08:27:47+00:00\" \/>\n<meta property=\"og:image\" content=\"https:\/\/smartfense.com\/file\/2023\/07\/herramientas-gratuitas.jpg\" \/>\n\t<meta property=\"og:image:width\" content=\"1840\" \/>\n\t<meta property=\"og:image:height\" content=\"1227\" \/>\n\t<meta property=\"og:image:type\" content=\"image\/jpeg\" \/>\n<meta name=\"twitter:card\" content=\"summary_large_image\" \/>\n<meta name=\"twitter:label1\" content=\"Tempo estimado de leitura\" \/>\n\t<meta name=\"twitter:data1\" content=\"4 minutos\" \/>\n<script type=\"application\/ld+json\" class=\"yoast-schema-graph\">{\"@context\":\"https:\\\/\\\/schema.org\",\"@graph\":[{\"@type\":\"WebPage\",\"@id\":\"https:\\\/\\\/smartfense.com\\\/pt-pt\\\/recursos\\\/conformidade\\\/\",\"url\":\"https:\\\/\\\/smartfense.com\\\/pt-pt\\\/recursos\\\/conformidade\\\/\",\"name\":\"Conformidade - SMARTFENSE - Sensibiliza\u00e7\u00e3o para a ciberseguran\u00e7a\",\"isPartOf\":{\"@id\":\"https:\\\/\\\/smartfense.com\\\/pt-pt\\\/#website\"},\"primaryImageOfPage\":{\"@id\":\"https:\\\/\\\/smartfense.com\\\/pt-pt\\\/recursos\\\/conformidade\\\/#primaryimage\"},\"image\":{\"@id\":\"https:\\\/\\\/smartfense.com\\\/pt-pt\\\/recursos\\\/conformidade\\\/#primaryimage\"},\"thumbnailUrl\":\"https:\\\/\\\/smartfense.com\\\/wp-content\\\/uploads\\\/2023\\\/07\\\/herramientas-gratuitas.jpg\",\"datePublished\":\"2023-08-01T13:09:30+00:00\",\"dateModified\":\"2023-11-23T08:27:47+00:00\",\"description\":\"A SMARTFENSE cumpre diretamente os requisitos obrigat\u00f3rios dos regulamentos e normas que as organiza\u00e7\u00f5es devem cumprir.\",\"breadcrumb\":{\"@id\":\"https:\\\/\\\/smartfense.com\\\/pt-pt\\\/recursos\\\/conformidade\\\/#breadcrumb\"},\"inLanguage\":\"pt-PT\",\"potentialAction\":[{\"@type\":\"ReadAction\",\"target\":[\"https:\\\/\\\/smartfense.com\\\/pt-pt\\\/recursos\\\/conformidade\\\/\"]}]},{\"@type\":\"ImageObject\",\"inLanguage\":\"pt-PT\",\"@id\":\"https:\\\/\\\/smartfense.com\\\/pt-pt\\\/recursos\\\/conformidade\\\/#primaryimage\",\"url\":\"https:\\\/\\\/smartfense.com\\\/wp-content\\\/uploads\\\/2023\\\/07\\\/herramientas-gratuitas.jpg\",\"contentUrl\":\"https:\\\/\\\/smartfense.com\\\/wp-content\\\/uploads\\\/2023\\\/07\\\/herramientas-gratuitas.jpg\",\"width\":1840,\"height\":1227},{\"@type\":\"BreadcrumbList\",\"@id\":\"https:\\\/\\\/smartfense.com\\\/pt-pt\\\/recursos\\\/conformidade\\\/#breadcrumb\",\"itemListElement\":[{\"@type\":\"ListItem\",\"position\":1,\"name\":\"Portada\",\"item\":\"https:\\\/\\\/smartfense.com\\\/pt-pt\\\/\"},{\"@type\":\"ListItem\",\"position\":2,\"name\":\"Recursos\",\"item\":\"https:\\\/\\\/smartfense.com\\\/pt-pt\\\/recursos\\\/\"},{\"@type\":\"ListItem\",\"position\":3,\"name\":\"Conformidade\"}]},{\"@type\":\"WebSite\",\"@id\":\"https:\\\/\\\/smartfense.com\\\/pt-pt\\\/#website\",\"url\":\"https:\\\/\\\/smartfense.com\\\/pt-pt\\\/\",\"name\":\"SMARTFENSE - Concienciaci\u00f3n en Ciberseguridad\",\"description\":\"\",\"publisher\":{\"@id\":\"https:\\\/\\\/smartfense.com\\\/pt-pt\\\/#organization\"},\"potentialAction\":[{\"@type\":\"SearchAction\",\"target\":{\"@type\":\"EntryPoint\",\"urlTemplate\":\"https:\\\/\\\/smartfense.com\\\/pt-pt\\\/?s={search_term_string}\"},\"query-input\":{\"@type\":\"PropertyValueSpecification\",\"valueRequired\":true,\"valueName\":\"search_term_string\"}}],\"inLanguage\":\"pt-PT\"},{\"@type\":\"Organization\",\"@id\":\"https:\\\/\\\/smartfense.com\\\/pt-pt\\\/#organization\",\"name\":\"SMARTFENSE\",\"url\":\"https:\\\/\\\/smartfense.com\\\/pt-pt\\\/\",\"logo\":{\"@type\":\"ImageObject\",\"inLanguage\":\"pt-PT\",\"@id\":\"https:\\\/\\\/smartfense.com\\\/pt-pt\\\/#\\\/schema\\\/logo\\\/image\\\/\",\"url\":\"https:\\\/\\\/smartfense.com\\\/wp-content\\\/uploads\\\/2023\\\/08\\\/logo-smartfense-240x40-1.png\",\"contentUrl\":\"https:\\\/\\\/smartfense.com\\\/wp-content\\\/uploads\\\/2023\\\/08\\\/logo-smartfense-240x40-1.png\",\"width\":241,\"height\":40,\"caption\":\"SMARTFENSE\"},\"image\":{\"@id\":\"https:\\\/\\\/smartfense.com\\\/pt-pt\\\/#\\\/schema\\\/logo\\\/image\\\/\"}}]}<\/script>\n ","yoast_head_json":{"title":"Conformidade - SMARTFENSE - Sensibiliza\u00e7\u00e3o para a ciberseguran\u00e7a","description":"A SMARTFENSE cumpre diretamente os requisitos obrigat\u00f3rios dos regulamentos e normas que as organiza\u00e7\u00f5es devem cumprir.","robots":{"index":"index","follow":"follow","max-snippet":"max-snippet:-1","max-image-preview":"max-image-preview:large","max-video-preview":"max-video-preview:-1"},"canonical":"https:\/\/smartfense.com\/pt-pt\/recursos\/conformidade\/","og_locale":"pt_PT","og_type":"article","og_title":"Conformidade - SMARTFENSE - Sensibiliza\u00e7\u00e3o para a ciberseguran\u00e7a","og_description":"A SMARTFENSE cumpre diretamente os requisitos obrigat\u00f3rios dos regulamentos e normas que as organiza\u00e7\u00f5es devem cumprir.","og_url":"https:\/\/smartfense.com\/pt-pt\/recursos\/conformidade\/","og_site_name":"SMARTFENSE - Sensibiliza\u00e7\u00e3o para a ciberseguran\u00e7a","article_modified_time":"2023-11-23T08:27:47+00:00","og_image":[{"width":1840,"height":1227,"url":"https:\/\/smartfense.com\/file\/2023\/07\/herramientas-gratuitas.jpg","type":"image\/jpeg"}],"twitter_card":"summary_large_image","twitter_misc":{"Tempo estimado de leitura":"4 minutos"},"schema":{"@context":"https:\/\/schema.org","@graph":[{"@type":"WebPage","@id":"https:\/\/smartfense.com\/pt-pt\/recursos\/conformidade\/","url":"https:\/\/smartfense.com\/pt-pt\/recursos\/conformidade\/","name":"Conformidade - SMARTFENSE - Sensibiliza\u00e7\u00e3o para a ciberseguran\u00e7a","isPartOf":{"@id":"https:\/\/smartfense.com\/pt-pt\/#website"},"primaryImageOfPage":{"@id":"https:\/\/smartfense.com\/pt-pt\/recursos\/conformidade\/#primaryimage"},"image":{"@id":"https:\/\/smartfense.com\/pt-pt\/recursos\/conformidade\/#primaryimage"},"thumbnailUrl":"https:\/\/smartfense.com\/file\/2023\/07\/herramientas-gratuitas.jpg","datePublished":"2023-08-01T13:09:30+00:00","dateModified":"2023-11-23T08:27:47+00:00","description":"A SMARTFENSE cumpre diretamente os requisitos obrigat\u00f3rios dos regulamentos e normas que as organiza\u00e7\u00f5es devem cumprir.","breadcrumb":{"@id":"https:\/\/smartfense.com\/pt-pt\/recursos\/conformidade\/#breadcrumb"},"inLanguage":"pt-PT","potentialAction":[{"@type":"ReadAction","target":["https:\/\/smartfense.com\/pt-pt\/recursos\/conformidade\/"]}]},{"@type":"ImageObject","inLanguage":"pt-PT","@id":"https:\/\/smartfense.com\/pt-pt\/recursos\/conformidade\/#primaryimage","url":"https:\/\/smartfense.com\/file\/2023\/07\/herramientas-gratuitas.jpg","contentUrl":"https:\/\/smartfense.com\/file\/2023\/07\/herramientas-gratuitas.jpg","width":1840,"height":1227},{"@type":"BreadcrumbList","@id":"https:\/\/smartfense.com\/pt-pt\/recursos\/conformidade\/#breadcrumb","itemListElement":[{"@type":"ListItem","position":1,"name":"Portada","item":"https:\/\/smartfense.com\/pt-pt\/"},{"@type":"ListItem","position":2,"name":"Recursos","item":"https:\/\/smartfense.com\/pt-pt\/recursos\/"},{"@type":"ListItem","position":3,"name":"Conformidade"}]},{"@type":"WebSite","@id":"https:\/\/smartfense.com\/pt-pt\/#website","url":"https:\/\/smartfense.com\/pt-pt\/","name":"SMARTFENSE - Concienciaci\u00f3n en Ciberseguridad","description":"","publisher":{"@id":"https:\/\/smartfense.com\/pt-pt\/#organization"},"potentialAction":[{"@type":"SearchAction","target":{"@type":"EntryPoint","urlTemplate":"https:\/\/smartfense.com\/pt-pt\/?s={search_term_string}"},"query-input":{"@type":"PropertyValueSpecification","valueRequired":true,"valueName":"search_term_string"}}],"inLanguage":"pt-PT"},{"@type":"Organization","@id":"https:\/\/smartfense.com\/pt-pt\/#organization","name":"SMARTFENSE","url":"https:\/\/smartfense.com\/pt-pt\/","logo":{"@type":"ImageObject","inLanguage":"pt-PT","@id":"https:\/\/smartfense.com\/pt-pt\/#\/schema\/logo\/image\/","url":"https:\/\/smartfense.com\/file\/2023\/08\/logo-smartfense-240x40-1.png","contentUrl":"https:\/\/smartfense.com\/file\/2023\/08\/logo-smartfense-240x40-1.png","width":241,"height":40,"caption":"SMARTFENSE"},"image":{"@id":"https:\/\/smartfense.com\/pt-pt\/#\/schema\/logo\/image\/"}}]}},"_links":{"self":[{"href":"https:\/\/smartfense.com\/pt-pt\/wp-json\/wp\/v2\/pages\/9068","targetHints":{"allow":["GET"]}}],"collection":[{"href":"https:\/\/smartfense.com\/pt-pt\/wp-json\/wp\/v2\/pages"}],"about":[{"href":"https:\/\/smartfense.com\/pt-pt\/wp-json\/wp\/v2\/types\/page"}],"author":[{"embeddable":true,"href":"https:\/\/smartfense.com\/pt-pt\/wp-json\/wp\/v2\/users\/1"}],"replies":[{"embeddable":true,"href":"https:\/\/smartfense.com\/pt-pt\/wp-json\/wp\/v2\/comments?post=9068"}],"version-history":[{"count":0,"href":"https:\/\/smartfense.com\/pt-pt\/wp-json\/wp\/v2\/pages\/9068\/revisions"}],"up":[{"embeddable":true,"href":"https:\/\/smartfense.com\/pt-pt\/wp-json\/wp\/v2\/pages\/9240"}],"wp:featuredmedia":[{"embeddable":true,"href":"https:\/\/smartfense.com\/pt-pt\/wp-json\/wp\/v2\/media\/3632"}],"wp:attachment":[{"href":"https:\/\/smartfense.com\/pt-pt\/wp-json\/wp\/v2\/media?parent=9068"}],"curies":[{"name":"wp","href":"https:\/\/api.w.org\/{rel}","templated":true}]}}