{"id":9049,"date":"2023-08-03T17:01:56","date_gmt":"2023-08-03T15:01:56","guid":{"rendered":"https:\/\/callidusprolab.com\/smartfense\/politica-de-subprocesadores-de-datos\/"},"modified":"2025-11-27T20:35:42","modified_gmt":"2025-11-27T19:35:42","slug":"politica-de-subcontratantes-de-dados","status":"publish","type":"page","link":"https:\/\/smartfense.com\/pt-pt\/politica-de-subcontratantes-de-dados\/","title":{"rendered":"Pol\u00edtica de subcontratantes de dados"},"content":{"rendered":"<h3 class=\"caracteristicas-contenido\">1. Propriedade e controlo dos dados do seu servi\u00e7o<\/h3>\n<p class=\"caracteristicas-contenido\">\nPara que seja poss\u00edvel prestar corretamente os servi\u00e7os oferecidos pela SMARTFENSE, <strong>n\u00e3o existe outra forma operacional sen\u00e3o a de atuar como subcontratante (sob as suas instru\u00e7\u00f5es) no tratamento das suas informa\u00e7\u00f5es. Por esse motivo, \u00e9 necess\u00e1rio que voc\u00ea ou a sua organiza\u00e7\u00e3o possam confiar \u00e0 SMARTFENSE a informa\u00e7\u00e3o que controlam, para que seja efetivamente poss\u00edvel utilizar os nossos servi\u00e7os ou solicitar assist\u00eancia t\u00e9cnica para os nossos produtos.<\/strong>\n<\/p>\n<p class=\"caracteristicas-contenido\">\nIsto inclui informa\u00e7\u00f5es sobre os seus clientes e os seus colaboradores (se for respons\u00e1vel pelo tratamento) ou dados que possui e utiliza em nome de outra pessoa para um fim espec\u00edfico, como um cliente a quem presta servi\u00e7os (se for subcontratante). Os dados podem ser armazenados nos nossos servidores quando utiliza os nossos servi\u00e7os. Toda a informa\u00e7\u00e3o confiada \u00e0 SMARTFENSE \u00e9 coletivamente designada como \u201cdados de servi\u00e7o\u201d.\n<\/p>\n<p class=\"caracteristicas-contenido\">\n<strong>Reconhecemos que voc\u00ea \u00e9 o propriet\u00e1rio dos seus dados de servi\u00e7o:<\/strong> fornecemos controlo total sobre os seus dados de servi\u00e7o, permitindo-lhe (i) aceder aos seus dados de servi\u00e7o, (ii) partilhar os seus dados de servi\u00e7o atrav\u00e9s de integra\u00e7\u00f5es compat\u00edveis de terceiros e (iii) solicitar a exporta\u00e7\u00e3o ou elimina\u00e7\u00e3o dos seus dados de servi\u00e7o.\n<\/p>\n<h3 class=\"caracteristicas-contenido\">2. O que \u00e9 um subcontratante?<\/h3>\n<p class=\"caracteristicas-contenido\">\nUm subcontratante \u00e9 um sub-processador (de acordo com a classifica\u00e7\u00e3o do RGPD) contratado pela SMARTFENSE \u2014 incluindo entidades do grupo SMARTFENSE \u2014 que tem ou pode vir a ter acesso ou tratar Dados de Servi\u00e7o (que podem incluir Dados Pessoais).\n<\/p>\n<p class=\"caracteristicas-contenido\">\nA SMARTFENSE utiliza diferentes tipos de subcontratantes para executar fun\u00e7\u00f5es distintas, conforme indicado nesta pol\u00edtica.\n<\/p>\n<h3 class=\"caracteristicas-contenido\">3. Due diligence<\/h3>\n<p class=\"caracteristicas-contenido\">\nA SMARTFENSE compromete-se a utilizar um processo de sele\u00e7\u00e3o comercialmente razo\u00e1vel, atrav\u00e9s do qual avalia as pr\u00e1ticas de seguran\u00e7a, privacidade e confidencialidade dos subcontratantes propostos que ter\u00e3o ou poder\u00e3o ter acesso aos Dados de Servi\u00e7o.\n<\/p>\n<p class=\"caracteristicas-contenido\">\nA SMARTFENSE exige contratualmente que os seus subcontratantes aceitem obriga\u00e7\u00f5es equivalentes \u00e0s exigidas da pr\u00f3pria SMARTFENSE (como Subcontratante), conforme estabelecido no Acordo de Tratamento de Dados (\u201cDPA\u201d) da SMARTFENSE. Entre estas obriga\u00e7\u00f5es, devem incluir-se, no m\u00ednimo:\n<\/p>\n<ul>\n<li>Tratar os Dados Pessoais de acordo com as instru\u00e7\u00f5es documentadas do respons\u00e1vel pelo tratamento (o Subscritor), conforme comunicadas por escrito pela SMARTFENSE ao subcontratante correspondente;<\/li>\n<li>Utilizar apenas pessoal de confian\u00e7a, sujeito a obriga\u00e7\u00f5es contratuais de confidencialidade e seguran\u00e7a de dados, conforme aplic\u00e1vel segundo a legisla\u00e7\u00e3o de prote\u00e7\u00e3o de dados;<\/li>\n<li>Fornecer forma\u00e7\u00e3o peri\u00f3dica sobre seguran\u00e7a e prote\u00e7\u00e3o de dados ao pessoal que tenha acesso a Dados Pessoais;<\/li>\n<li>Implementar e manter medidas t\u00e9cnicas e organizacionais adequadas (incluindo aquelas \u00e0s quais a SMARTFENSE est\u00e1 contratualmente vinculada, quando relevantes para o tratamento de Dados Pessoais pelo subcontratante) e fornecer certifica\u00e7\u00e3o anual que demonstre conformidade. Na aus\u00eancia desta certifica\u00e7\u00e3o, a SMARTFENSE reserva o direito de auditar o subcontratante;<\/li>\n<li>Informar imediatamente a SMARTFENSE sobre qualquer viola\u00e7\u00e3o real ou potencial de seguran\u00e7a;<\/li>\n<li>Cooperar com a SMARTFENSE no atendimento de pedidos do respons\u00e1vel pelo tratamento, titulares dos dados ou autoridades de prote\u00e7\u00e3o de dados, conforme aplic\u00e1vel.<\/li>\n<\/ul>\n<p class=\"caracteristicas-contenido\">\nEsta pol\u00edtica n\u00e3o concede aos Subscritores quaisquer direitos ou recursos adicionais e n\u00e3o deve ser interpretada como um acordo vinculativo. A informa\u00e7\u00e3o aqui contida destina-se apenas a ilustrar o processo utilizado pela SMARTFENSE para a contrata\u00e7\u00e3o de subcontratantes e a fornecer a lista atualizada de subcontratantes terceiros e redes de distribui\u00e7\u00e3o de conte\u00fados utilizados pela SMARTFENSE na data desta pol\u00edtica.\n<\/p>\n<p class=\"caracteristicas-contenido\">\nSe \u00e9 Subscritor da SMARTFENSE e deseja celebrar o nosso DPA, envie-nos um email para <a href=\"mailto:privacy@smartfense.com\">privacy@smartfense.com<\/a>.\n<\/p>\n<h3 class=\"caracteristicas-contenido\">4. Medidas de Seguran\u00e7a da Informa\u00e7\u00e3o<\/h3>\n<p class=\"caracteristicas-contenido\">\nOs nossos subcontratantes, ao tratarem Dados de Servi\u00e7o em nome do Subscritor no \u00e2mbito dos Servi\u00e7os Empresariais, implementar\u00e3o e manter\u00e3o as seguintes medidas t\u00e9cnicas e organizacionais:\n<\/p>\n<ol>\n<li><strong>Controlo de acesso f\u00edsico:<\/strong> medidas razo\u00e1veis, como seguran\u00e7a presencial e instala\u00e7\u00f5es protegidas, para impedir o acesso f\u00edsico n\u00e3o autorizado aos Dados de Servi\u00e7o.<\/li>\n<li><strong>Controlo de acesso ao sistema:<\/strong> medidas para impedir o uso n\u00e3o autorizado dos Dados de Servi\u00e7o, incluindo autentica\u00e7\u00e3o por palavra-passe, autentica\u00e7\u00e3o de dois fatores, processos documentados de autoriza\u00e7\u00e3o e gest\u00e3o de altera\u00e7\u00f5es, e registo de acessos.<\/li>\n<li><strong>Controlo de acesso a dados:<\/strong> garantir que os Dados de Servi\u00e7o sejam acess\u00edveis apenas a pessoal devidamente autorizado, limitar o acesso direto \u00e0 base de dados e garantir que os direitos de acesso sejam aplicados corretamente.<\/li>\n<li><strong>Controlo de transmiss\u00e3o:<\/strong> garantir que seja poss\u00edvel verificar para que entidades os Dados de Servi\u00e7o s\u00e3o transmitidos e que n\u00e3o possam ser lidos, copiados ou modificados sem autoriza\u00e7\u00e3o durante a transmiss\u00e3o.<\/li>\n<li><strong>Controlo de introdu\u00e7\u00e3o (input):<\/strong> garantir que seja poss\u00edvel verificar se os Dados de Servi\u00e7o foram introduzidos, modificados ou eliminados e por quem; e que qualquer transfer\u00eancia seja realizada de forma segura.<\/li>\n<li><strong>Prote\u00e7\u00e3o de dados:<\/strong> proteger contra destrui\u00e7\u00e3o ou perda acidental, realizar backups seguros e encriptados e manter programas de seguran\u00e7a destinados a mitigar riscos comuns.<\/li>\n<li><strong>Separa\u00e7\u00e3o l\u00f3gica:<\/strong> garantir que os Dados de Servi\u00e7o sejam logicamente separados dos dados de outras partes.<\/li>\n<\/ol>\n<h3 class=\"caracteristicas-contenido\">5. Processo de contrata\u00e7\u00e3o de novos subcontratantes<\/h3>\n<p class=\"caracteristicas-contenido\">\nPara todos os Subscritores que assinaram o DPA padr\u00e3o da SMARTFENSE, qualquer atualiza\u00e7\u00e3o na lista de subcontratantes ser\u00e1 notificada atrav\u00e9s desta pol\u00edtica. A SMARTFENSE compromete-se a manter esta lista atualizada regularmente.\n<\/p>\n<p class=\"caracteristicas-contenido\">\nO Subscritor pode opor-se por escrito ao tratamento dos seus Dados Pessoais por um novo subcontratante no prazo de trinta (30) dias ap\u00f3s a atualiza\u00e7\u00e3o desta pol\u00edtica. A obje\u00e7\u00e3o deve incluir motivos leg\u00edtimos. Se o Subscritor n\u00e3o apresentar obje\u00e7\u00e3o dentro do prazo, o subcontratante ser\u00e1 considerado aceite.\n<\/p>\n<ol>\n<li>A SMARTFENSE deixar\u00e1 de utilizar o novo subcontratante para tratar Dados Pessoais;<\/li>\n<li>A SMARTFENSE adotar\u00e1 medidas corretivas solicitadas pelo Subscritor, caso isto resolva a obje\u00e7\u00e3o;<\/li>\n<li>A SMARTFENSE poder\u00e1 deixar de fornecer \u2014 ou o Subscritor poder\u00e1 aceitar n\u00e3o utilizar \u2014 a funcionalidade espec\u00edfica que exige o subcontratante em quest\u00e3o.<\/li>\n<\/ol>\n<h3 class=\"caracteristicas-contenido\">6. Subcontratantes de infraestrutura: armazenamento e tratamento de dados de servi\u00e7o<\/h3>\n<p class=\"caracteristicas-contenido\">\nOs sistemas de produ\u00e7\u00e3o da SMARTFENSE que armazenam Dados de Servi\u00e7o est\u00e3o localizados em instala\u00e7\u00f5es na Europa e nos seguintes subcontratantes de infraestrutura:\n<\/p>\n<table>\n<thead>\n<tr>\n<th>\n<h4>Subcontratante<\/h4>\n<\/th>\n<th>\n<h4>Descri\u00e7\u00e3o<\/h4>\n<\/th>\n<th>\n<h4>Pa\u00eds<\/h4>\n<\/th>\n<th>\n<h4>Dados tratados<\/h4>\n<\/th>\n<th>\n<h4>Finalidade<\/h4>\n<\/th>\n<\/tr>\n<\/thead>\n<tbody>\n<tr>\n<td><strong>Amazon, Inc.<\/strong><\/td>\n<td>Fornecedor de servi\u00e7os de infraestrutura<\/td>\n<td>UE (Irlanda) eu-west-1<\/td>\n<td>\n<strong>Dados fornecidos pelo cliente:<\/strong><br \/>\nNome, Apelido, Email, ID de Colaborador, UPN, Idioma, Grupos, \u00c1reas funcionais, N\u00edveis hier\u00e1rquicos, Telefone, Foto de perfil, Estado, Fun\u00e7\u00e3o.<\/p>\n<p><strong>Dados gerados pela plataforma:<\/strong><br \/>\nRegistos de auditoria, m\u00e9tricas e resultados de campanhas.\n<\/td>\n<td>Fornecer a infraestrutura onde a plataforma opera.<\/td>\n<\/tr>\n<tr>\n<td><strong>Heroku<\/strong><\/td>\n<td>Plataforma como servi\u00e7o (PaaS)<\/td>\n<td>UE (Irlanda) eu-west-1<\/td>\n<td>\n<strong>Dados fornecidos pelo cliente:<\/strong><br \/>\nNome, Apelido, Email, ID de Colaborador, UPN, Idioma, Grupos, \u00c1reas funcionais, N\u00edveis hier\u00e1rquicos, Telefone, Foto de perfil, Estado, Fun\u00e7\u00e3o.<\/p>\n<p><strong>Dados gerados pela plataforma:<\/strong><br \/>\nRegistos de auditoria, m\u00e9tricas e resultados de campanhas.\n<\/td>\n<td>Fornecer o ambiente de software onde a plataforma funciona.<\/td>\n<\/tr>\n<tr>\n<td><strong>Papertrail<\/strong><\/td>\n<td>Gest\u00e3o de logs<\/td>\n<td>UE (Irlanda) eu-west-1<\/td>\n<td>Nome, Apelido, Email, Endere\u00e7o IP, Informa\u00e7\u00f5es do navegador, Dados de registo.<\/td>\n<td>Fornecer ferramentas para gest\u00e3o de registos do sistema.<\/td>\n<\/tr>\n<\/tbody>\n<\/table>\n<h3 class=\"caracteristicas-contenido\">7. Subcontratantes espec\u00edficos do servi\u00e7o<\/h3>\n<p class=\"caracteristicas-contenido\">\nA SMARTFENSE trabalha com determinados fornecedores para fornecer funcionalidades espec\u00edficas nos Servi\u00e7os. Estes subcontratantes t\u00eam acesso aos Dados de Servi\u00e7o apenas para os fins autorizados.\n<\/p>\n<table>\n<thead>\n<tr>\n<th>\n<h4>Subcontratante<\/h4>\n<\/th>\n<th>\n<h4>Descri\u00e7\u00e3o<\/h4>\n<\/th>\n<th>\n<h4>Pa\u00eds<\/h4>\n<\/th>\n<th>\n<h4>Dados tratados<\/h4>\n<\/th>\n<th>\n<h4>Finalidade<\/h4>\n<\/th>\n<\/tr>\n<\/thead>\n<tbody>\n<tr>\n<td><strong>Servidor de Email<\/strong><\/td>\n<td>Servidor utilizado para envio de emails aos utilizadores.<\/td>\n<td>\n<strong>Prim\u00e1rio:<\/strong> https:\/\/www.hostgator.com (EUA)<br \/>\n<strong>Secund\u00e1rio:<\/strong> https:\/\/www.iplan.com.ar (Argentina)\n<\/td>\n<td>Email<\/td>\n<td>Enviar simula\u00e7\u00f5es de phishing e ransomware, bem como notifica\u00e7\u00f5es gerais se n\u00e3o existir um servidor SMTP pr\u00f3prio.<\/td>\n<\/tr>\n<tr>\n<td><strong>Google<\/strong><\/td>\n<td>Servi\u00e7os corporativos da Google<\/td>\n<td>EUA<\/td>\n<td>\nNome<br \/>\nApelido<br \/>\nEmail<br \/>\nIdioma<br \/>\nEstado\n<\/td>\n<td>Importar e autenticar utilizadores.<\/td>\n<\/tr>\n<tr>\n<td><strong>Microsoft Azure AD<\/strong><\/td>\n<td>Servi\u00e7o de diret\u00f3rio ativo na cloud da Microsoft<\/td>\n<td>EUA<\/td>\n<td>\nNome<br \/>\nApelido<br \/>\nEmail<br \/>\nID de Colaborador<br \/>\nUPN<br \/>\nIdioma<br \/>\nGrupos<br \/>\nEstado\n<\/td>\n<td>Importar e autenticar utilizadores.<\/td>\n<\/tr>\n<tr>\n<td><strong>Auth0<\/strong><\/td>\n<td>Gestor de identidades<\/td>\n<td>Regi\u00e3o AWS UE (Frankfurt\/Dublin)<\/td>\n<td>\nNome<br \/>\nApelido<br \/>\nEmail<br \/>\nEstado\n<\/td>\n<td>Autentica\u00e7\u00e3o de utilizadores.<\/td>\n<\/tr>\n<tr>\n<td><strong>Keycloak<\/strong><\/td>\n<td>Solu\u00e7\u00e3o open source de identidade e acesso com SSO e MFA<\/td>\n<td>EUA<\/td>\n<td>\nUsername<br \/>\nEmail<br \/>\nNome completo<br \/>\nNome<br \/>\nApelido\n<\/td>\n<td>Autentica\u00e7\u00e3o de utilizadores.<\/td>\n<\/tr>\n<tr>\n<td><strong>Okta<\/strong><\/td>\n<td>Gest\u00e3o de identidades e acessos (SSO, MFA)<\/td>\n<td>EUA<\/td>\n<td>\nUsername<br \/>\nEmail<br \/>\nNome completo<br \/>\nNome<br \/>\nApelido\n<\/td>\n<td>Autentica\u00e7\u00e3o de utilizadores.<\/td>\n<\/tr>\n<tr>\n<td><strong>Slack<\/strong><\/td>\n<td>Ferramenta de comunica\u00e7\u00e3o unificada<\/td>\n<td>EUA<\/td>\n<td>Email<\/td>\n<td>Envio de notifica\u00e7\u00f5es aos utilizadores finais.<\/td>\n<\/tr>\n<tr>\n<td><strong>Microsoft Teams<\/strong><\/td>\n<td>Plataforma de comunica\u00e7\u00e3o e colabora\u00e7\u00e3o<\/td>\n<td>EUA<\/td>\n<td>Email<\/td>\n<td>Envio de notifica\u00e7\u00f5es aos utilizadores finais.<\/td>\n<\/tr>\n<tr>\n<td><strong>Vanta<\/strong><\/td>\n<td>Plataforma de conformidade e seguran\u00e7a (SOC 2, ISO 27001)<\/td>\n<td>EUA<\/td>\n<td>Email<\/td>\n<td>Enviar registos de auditoria de campanhas para a Vanta.<\/td>\n<\/tr>\n<tr>\n<td><strong>SAP SuccessFactors<\/strong><\/td>\n<td>Suite cloud de gest\u00e3o de talento<\/td>\n<td>EUA<\/td>\n<td>Email<\/td>\n<td>Enviar registos de auditoria de campanhas para SAP SuccessFactors.<\/td>\n<\/tr>\n<\/tbody>\n<\/table>\n","protected":false},"excerpt":{"rendered":"<p>1. Propriedade e controlo dos dados do seu servi\u00e7o Para que seja poss\u00edvel prestar corretamente os servi\u00e7os oferecidos pela SMARTFENSE, n\u00e3o existe outra forma operacional sen\u00e3o a de atuar como [&hellip;]<\/p>\n","protected":false},"author":1,"featured_media":0,"parent":0,"menu_order":0,"comment_status":"closed","ping_status":"closed","template":"","meta":{"_acf_changed":false,"footnotes":""},"class_list":["post-9049","page","type-page","status-publish","hentry"],"acf":[],"yoast_head":" \n<title>Pol\u00edtica de subcontratantes de dados - SMARTFENSE - Sensibiliza\u00e7\u00e3o para a ciberseguran\u00e7a<\/title>\n<meta name=\"robots\" content=\"index, follow, max-snippet:-1, max-image-preview:large, max-video-preview:-1\" \/>\n<link rel=\"canonical\" href=\"https:\/\/smartfense.com\/pt-pt\/politica-de-subcontratantes-de-dados\/\" \/>\n<meta property=\"og:locale\" content=\"pt_PT\" \/>\n<meta property=\"og:type\" content=\"article\" \/>\n<meta property=\"og:title\" content=\"Pol\u00edtica de subcontratantes de dados - SMARTFENSE - Sensibiliza\u00e7\u00e3o para a ciberseguran\u00e7a\" \/>\n<meta property=\"og:description\" content=\"1. Propriedade e controlo dos dados do seu servi\u00e7o Para que seja poss\u00edvel prestar corretamente os servi\u00e7os oferecidos pela SMARTFENSE, n\u00e3o existe outra forma operacional sen\u00e3o a de atuar como [&hellip;]\" \/>\n<meta property=\"og:url\" content=\"https:\/\/smartfense.com\/pt-pt\/politica-de-subcontratantes-de-dados\/\" \/>\n<meta property=\"og:site_name\" content=\"SMARTFENSE - Sensibiliza\u00e7\u00e3o para a ciberseguran\u00e7a\" \/>\n<meta property=\"article:modified_time\" content=\"2025-11-27T19:35:42+00:00\" \/>\n<meta property=\"og:image\" content=\"https:\/\/smartfense.com\/file\/2023\/11\/smretfense-cybersecurity-awareness-es.jpg\" \/>\n\t<meta property=\"og:image:width\" content=\"1920\" \/>\n\t<meta property=\"og:image:height\" content=\"1038\" \/>\n\t<meta property=\"og:image:type\" content=\"image\/jpeg\" \/>\n<meta name=\"twitter:card\" content=\"summary_large_image\" \/>\n<meta name=\"twitter:label1\" content=\"Tempo estimado de leitura\" \/>\n\t<meta name=\"twitter:data1\" content=\"7 minutos\" \/>\n<script type=\"application\/ld+json\" class=\"yoast-schema-graph\">{\"@context\":\"https:\\\/\\\/schema.org\",\"@graph\":[{\"@type\":\"WebPage\",\"@id\":\"https:\\\/\\\/smartfense.com\\\/pt-pt\\\/politica-de-subcontratantes-de-dados\\\/\",\"url\":\"https:\\\/\\\/smartfense.com\\\/pt-pt\\\/politica-de-subcontratantes-de-dados\\\/\",\"name\":\"Pol\u00edtica de subcontratantes de dados - SMARTFENSE - Sensibiliza\u00e7\u00e3o para a ciberseguran\u00e7a\",\"isPartOf\":{\"@id\":\"https:\\\/\\\/smartfense.com\\\/pt-pt\\\/#website\"},\"datePublished\":\"2023-08-03T15:01:56+00:00\",\"dateModified\":\"2025-11-27T19:35:42+00:00\",\"breadcrumb\":{\"@id\":\"https:\\\/\\\/smartfense.com\\\/pt-pt\\\/politica-de-subcontratantes-de-dados\\\/#breadcrumb\"},\"inLanguage\":\"pt-PT\",\"potentialAction\":[{\"@type\":\"ReadAction\",\"target\":[\"https:\\\/\\\/smartfense.com\\\/pt-pt\\\/politica-de-subcontratantes-de-dados\\\/\"]}]},{\"@type\":\"BreadcrumbList\",\"@id\":\"https:\\\/\\\/smartfense.com\\\/pt-pt\\\/politica-de-subcontratantes-de-dados\\\/#breadcrumb\",\"itemListElement\":[{\"@type\":\"ListItem\",\"position\":1,\"name\":\"Portada\",\"item\":\"https:\\\/\\\/smartfense.com\\\/pt-pt\\\/\"},{\"@type\":\"ListItem\",\"position\":2,\"name\":\"Pol\u00edtica de subcontratantes de dados\"}]},{\"@type\":\"WebSite\",\"@id\":\"https:\\\/\\\/smartfense.com\\\/pt-pt\\\/#website\",\"url\":\"https:\\\/\\\/smartfense.com\\\/pt-pt\\\/\",\"name\":\"SMARTFENSE - Concienciaci\u00f3n en Ciberseguridad\",\"description\":\"\",\"publisher\":{\"@id\":\"https:\\\/\\\/smartfense.com\\\/pt-pt\\\/#organization\"},\"potentialAction\":[{\"@type\":\"SearchAction\",\"target\":{\"@type\":\"EntryPoint\",\"urlTemplate\":\"https:\\\/\\\/smartfense.com\\\/pt-pt\\\/?s={search_term_string}\"},\"query-input\":{\"@type\":\"PropertyValueSpecification\",\"valueRequired\":true,\"valueName\":\"search_term_string\"}}],\"inLanguage\":\"pt-PT\"},{\"@type\":\"Organization\",\"@id\":\"https:\\\/\\\/smartfense.com\\\/pt-pt\\\/#organization\",\"name\":\"SMARTFENSE\",\"url\":\"https:\\\/\\\/smartfense.com\\\/pt-pt\\\/\",\"logo\":{\"@type\":\"ImageObject\",\"inLanguage\":\"pt-PT\",\"@id\":\"https:\\\/\\\/smartfense.com\\\/pt-pt\\\/#\\\/schema\\\/logo\\\/image\\\/\",\"url\":\"https:\\\/\\\/smartfense.com\\\/wp-content\\\/uploads\\\/2023\\\/08\\\/logo-smartfense-240x40-1.png\",\"contentUrl\":\"https:\\\/\\\/smartfense.com\\\/wp-content\\\/uploads\\\/2023\\\/08\\\/logo-smartfense-240x40-1.png\",\"width\":241,\"height\":40,\"caption\":\"SMARTFENSE\"},\"image\":{\"@id\":\"https:\\\/\\\/smartfense.com\\\/pt-pt\\\/#\\\/schema\\\/logo\\\/image\\\/\"}}]}<\/script>\n ","yoast_head_json":{"title":"Pol\u00edtica de subcontratantes de dados - SMARTFENSE - Sensibiliza\u00e7\u00e3o para a ciberseguran\u00e7a","robots":{"index":"index","follow":"follow","max-snippet":"max-snippet:-1","max-image-preview":"max-image-preview:large","max-video-preview":"max-video-preview:-1"},"canonical":"https:\/\/smartfense.com\/pt-pt\/politica-de-subcontratantes-de-dados\/","og_locale":"pt_PT","og_type":"article","og_title":"Pol\u00edtica de subcontratantes de dados - SMARTFENSE - Sensibiliza\u00e7\u00e3o para a ciberseguran\u00e7a","og_description":"1. Propriedade e controlo dos dados do seu servi\u00e7o Para que seja poss\u00edvel prestar corretamente os servi\u00e7os oferecidos pela SMARTFENSE, n\u00e3o existe outra forma operacional sen\u00e3o a de atuar como [&hellip;]","og_url":"https:\/\/smartfense.com\/pt-pt\/politica-de-subcontratantes-de-dados\/","og_site_name":"SMARTFENSE - Sensibiliza\u00e7\u00e3o para a ciberseguran\u00e7a","article_modified_time":"2025-11-27T19:35:42+00:00","og_image":[{"width":1920,"height":1038,"url":"https:\/\/smartfense.com\/file\/2023\/11\/smretfense-cybersecurity-awareness-es.jpg","type":"image\/jpeg"}],"twitter_card":"summary_large_image","twitter_misc":{"Tempo estimado de leitura":"7 minutos"},"schema":{"@context":"https:\/\/schema.org","@graph":[{"@type":"WebPage","@id":"https:\/\/smartfense.com\/pt-pt\/politica-de-subcontratantes-de-dados\/","url":"https:\/\/smartfense.com\/pt-pt\/politica-de-subcontratantes-de-dados\/","name":"Pol\u00edtica de subcontratantes de dados - SMARTFENSE - Sensibiliza\u00e7\u00e3o para a ciberseguran\u00e7a","isPartOf":{"@id":"https:\/\/smartfense.com\/pt-pt\/#website"},"datePublished":"2023-08-03T15:01:56+00:00","dateModified":"2025-11-27T19:35:42+00:00","breadcrumb":{"@id":"https:\/\/smartfense.com\/pt-pt\/politica-de-subcontratantes-de-dados\/#breadcrumb"},"inLanguage":"pt-PT","potentialAction":[{"@type":"ReadAction","target":["https:\/\/smartfense.com\/pt-pt\/politica-de-subcontratantes-de-dados\/"]}]},{"@type":"BreadcrumbList","@id":"https:\/\/smartfense.com\/pt-pt\/politica-de-subcontratantes-de-dados\/#breadcrumb","itemListElement":[{"@type":"ListItem","position":1,"name":"Portada","item":"https:\/\/smartfense.com\/pt-pt\/"},{"@type":"ListItem","position":2,"name":"Pol\u00edtica de subcontratantes de dados"}]},{"@type":"WebSite","@id":"https:\/\/smartfense.com\/pt-pt\/#website","url":"https:\/\/smartfense.com\/pt-pt\/","name":"SMARTFENSE - Concienciaci\u00f3n en Ciberseguridad","description":"","publisher":{"@id":"https:\/\/smartfense.com\/pt-pt\/#organization"},"potentialAction":[{"@type":"SearchAction","target":{"@type":"EntryPoint","urlTemplate":"https:\/\/smartfense.com\/pt-pt\/?s={search_term_string}"},"query-input":{"@type":"PropertyValueSpecification","valueRequired":true,"valueName":"search_term_string"}}],"inLanguage":"pt-PT"},{"@type":"Organization","@id":"https:\/\/smartfense.com\/pt-pt\/#organization","name":"SMARTFENSE","url":"https:\/\/smartfense.com\/pt-pt\/","logo":{"@type":"ImageObject","inLanguage":"pt-PT","@id":"https:\/\/smartfense.com\/pt-pt\/#\/schema\/logo\/image\/","url":"https:\/\/smartfense.com\/file\/2023\/08\/logo-smartfense-240x40-1.png","contentUrl":"https:\/\/smartfense.com\/file\/2023\/08\/logo-smartfense-240x40-1.png","width":241,"height":40,"caption":"SMARTFENSE"},"image":{"@id":"https:\/\/smartfense.com\/pt-pt\/#\/schema\/logo\/image\/"}}]}},"_links":{"self":[{"href":"https:\/\/smartfense.com\/pt-pt\/wp-json\/wp\/v2\/pages\/9049","targetHints":{"allow":["GET"]}}],"collection":[{"href":"https:\/\/smartfense.com\/pt-pt\/wp-json\/wp\/v2\/pages"}],"about":[{"href":"https:\/\/smartfense.com\/pt-pt\/wp-json\/wp\/v2\/types\/page"}],"author":[{"embeddable":true,"href":"https:\/\/smartfense.com\/pt-pt\/wp-json\/wp\/v2\/users\/1"}],"replies":[{"embeddable":true,"href":"https:\/\/smartfense.com\/pt-pt\/wp-json\/wp\/v2\/comments?post=9049"}],"version-history":[{"count":4,"href":"https:\/\/smartfense.com\/pt-pt\/wp-json\/wp\/v2\/pages\/9049\/revisions"}],"predecessor-version":[{"id":39623,"href":"https:\/\/smartfense.com\/pt-pt\/wp-json\/wp\/v2\/pages\/9049\/revisions\/39623"}],"wp:attachment":[{"href":"https:\/\/smartfense.com\/pt-pt\/wp-json\/wp\/v2\/media?parent=9049"}],"curies":[{"name":"wp","href":"https:\/\/api.w.org\/{rel}","templated":true}]}}