{"id":15684,"date":"2023-09-14T11:04:50","date_gmt":"2023-09-14T09:04:50","guid":{"rendered":"https:\/\/callidusprolab.com\/smartfense\/?page_id=15684"},"modified":"2024-09-18T11:27:11","modified_gmt":"2024-09-18T09:27:11","slug":"ferramenta-em-manutencao","status":"publish","type":"page","link":"https:\/\/smartfense.com\/pt-pt\/recursos\/ferramentas\/ferramenta-em-manutencao\/","title":{"rendered":"Ferramenta em manuten\u00e7\u00e3o"},"content":{"rendered":"\t\t<div data-elementor-type=\"wp-page\" data-elementor-id=\"15684\" class=\"elementor elementor-15684 elementor-15680\">\n\t\t\t\t<div class=\"elementor-element elementor-element-baf7a35 e-flex e-con-boxed e-con e-parent\" data-id=\"baf7a35\" data-element_type=\"container\">\n\t\t\t\t\t<div class=\"e-con-inner\">\n\t\t<div class=\"elementor-element elementor-element-0acf31b e-con-full e-flex e-con e-child\" data-id=\"0acf31b\" data-element_type=\"container\">\n\t\t\t\t<div class=\"elementor-element elementor-element-ea301a2 elementor-widget elementor-widget-text-editor\" data-id=\"ea301a2\" data-element_type=\"widget\" data-widget_type=\"text-editor.default\">\n\t\t\t\t<div class=\"elementor-widget-container\">\n\t\t\t\t\t\t\t<p>Lamentamos informar que a p\u00e1gina que pretende visitar est\u00e1 atualmente em manuten\u00e7\u00e3o.<\/p><p>Estamos a introduzir melhorias para lhe proporcionar um servi\u00e7o mais eficiente e a p\u00e1gina estar\u00e1 novamente dispon\u00edvel em breve.<\/p><p>Agradecemos a sua compreens\u00e3o e pedimos desculpa por qualquer inc\u00f3modo que isto lhe possa causar.<\/p><p>Obrigado pela vossa paci\u00eancia!<\/p>\t\t\t\t\t\t<\/div>\n\t\t\t\t<\/div>\n\t\t\t\t<\/div>\n\t\t<div class=\"elementor-element elementor-element-dae0d6d e-con-full e-flex elementor-invisible e-con e-child\" data-id=\"dae0d6d\" data-element_type=\"container\" data-settings=\"{&quot;animation&quot;:&quot;fadeInRight&quot;}\">\n\t\t\t\t<div class=\"elementor-element elementor-element-a1d5304 elementor-widget elementor-widget-image\" data-id=\"a1d5304\" data-element_type=\"widget\" data-widget_type=\"image.default\">\n\t\t\t\t<div class=\"elementor-widget-container\">\n\t\t\t\t\t\t\t\t\t\t\t\t\t<img fetchpriority=\"high\" decoding=\"async\" width=\"640\" height=\"336\" src=\"https:\/\/smartfense.com\/file\/2023\/07\/human_hacking_tecnicas_herramientas-1024x538.jpg\" class=\"attachment-large size-large wp-image-6928\" alt=\"\" srcset=\"https:\/\/smartfense.com\/file\/2023\/07\/human_hacking_tecnicas_herramientas-1024x538.jpg 1024w, https:\/\/smartfense.com\/file\/2023\/07\/human_hacking_tecnicas_herramientas-300x158.jpg 300w, https:\/\/smartfense.com\/file\/2023\/07\/human_hacking_tecnicas_herramientas-768x403.jpg 768w, https:\/\/smartfense.com\/file\/2023\/07\/human_hacking_tecnicas_herramientas.jpg 1200w\" sizes=\"(max-width: 640px) 100vw, 640px\" \/>\t\t\t\t\t\t\t\t\t\t\t\t\t<\/div>\n\t\t\t\t<\/div>\n\t\t\t\t<\/div>\n\t\t\t\t\t<\/div>\n\t\t\t\t<\/div>\n\t\t<div class=\"elementor-element elementor-element-4fbc8a6 e-flex e-con-boxed e-con e-parent\" data-id=\"4fbc8a6\" data-element_type=\"container\" data-settings=\"{&quot;animation&quot;:&quot;none&quot;}\">\n\t\t\t\t\t<div class=\"e-con-inner\">\n\t\t\t\t<div class=\"elementor-element elementor-element-b289a97 elementor-widget elementor-widget-post_list bdevs-el post_list\" data-id=\"b289a97\" data-element_type=\"widget\" data-widget_type=\"post_list.default\">\n\t\t\t\t<div class=\"elementor-widget-container\">\n\t\t\t\n\n\n <section class=\"blog__area pt-60 pb-60 p-relative\">\n\n\n <div class=\"container\">\n\n <div class=\"row\">\n\n <div class=\"col-12\">\n\n <div class=\"section__title-wrapper section__title-wrapper-2 mb-50 wow fadeInUp2 section-padding section-padding-2 p-0\" data-wow-delay=\".3s\">\n\n \n <span class=\"section__pre-title\">Do nosso blogue<\/span>\n\n \n\n\n <h2 class=\"section__title section__title-2 bdevs-el-title\">Quer saber mais sobre Ciberseguran\u00e7a?<\/h2>\n \n <\/div>\n\n <\/div>\n\n <\/div>\n\n <div class=\"row\">\n\n \n <div class=\"col-xxl-4 col-xl-4 col-lg-4 col-md-6 wow fadeInUp2\" data-wow-delay=\".3s\">\n\n <div class=\"blog__item white-bg mb-30 bdevselement-post-list\">\n\n \n <div class=\"blog__thumb fix w-img\">\n\n <a href=\"https:\/\/smartfense.com\/pt-pt\/blog-pt-pt\/ciberseguridad-en-la-gran-pantalla-lecciones-para-la-vida-real\/\">\n\n <img decoding=\"async\" src=\"https:\/\/smartfense.com\/file\/2024\/11\/cine.jpg\" alt=\"image\">\n\n <\/a>\n\n <\/div>\n\n \n <div class=\"blog__content pt-20\">\n\n \n\n\n <h3 class=\"item_title bdevs-post-title blog__title\"><a href=\"https:\/\/smartfense.com\/pt-pt\/blog-pt-pt\/ciberseguridad-en-la-gran-pantalla-lecciones-para-la-vida-real\/\">Ciberseguridad en la gran pantalla: lecciones para la vida real<\/a><\/h3><p>concientizarLa ciberseguridad ha pasado de ser un tema t\u00e9cnico a un pilar fundamental de la seguridad global, y el cine ha ayudado a ilustrar este cambio. Pel\u00edculas que muestran ciberataques [&hellip;]\n\n\n \n \n \n\n <\/div>\n\n <\/div>\n\n <\/div>\n\n \n <div class=\"col-xxl-4 col-xl-4 col-lg-4 col-md-6 wow fadeInUp2\" data-wow-delay=\".3s\">\n\n <div class=\"blog__item white-bg mb-30 bdevselement-post-list\">\n\n \n <div class=\"blog__thumb fix w-img\">\n\n <a href=\"https:\/\/smartfense.com\/pt-pt\/blog-pt-pt\/qual-e-a-melhor-plataforma-de-conscientizacao\/\">\n\n <img decoding=\"async\" src=\"https:\/\/smartfense.com\/file\/2024\/08\/Untitled-presentation-1-2.jpg\" alt=\"image\">\n\n <\/a>\n\n <\/div>\n\n \n <div class=\"blog__content pt-20\">\n\n \n\n\n <h3 class=\"item_title bdevs-post-title blog__title\"><a href=\"https:\/\/smartfense.com\/pt-pt\/blog-pt-pt\/qual-e-a-melhor-plataforma-de-conscientizacao\/\">Qual \u00e9 a melhor plataforma de conscientiza\u00e7\u00e3o?<\/a><\/h3><p>Atualmente, existe uma grande variedade de plataformas de conscientiza\u00e7\u00e3o no mercado. Isso \u00e9 um problema em qualquer \u00e1rea. Se h\u00e1 muitas op\u00e7\u00f5es para escolher, \u00e9 comum que surjam d\u00favidas e [&hellip;]\n\n\n \n \n \n\n <\/div>\n\n <\/div>\n\n <\/div>\n\n \n <div class=\"col-xxl-4 col-xl-4 col-lg-4 col-md-6 wow fadeInUp2\" data-wow-delay=\".3s\">\n\n <div class=\"blog__item white-bg mb-30 bdevselement-post-list\">\n\n \n <div class=\"blog__thumb fix w-img\">\n\n <a href=\"https:\/\/smartfense.com\/pt-pt\/blog-pt-pt\/por-que-suas-simulacoes-de-phishing-nao-servem-para-nada\/\">\n\n <img decoding=\"async\" src=\"https:\/\/smartfense.com\/file\/2024\/06\/por-que-tus-simulaciones.jpg\" alt=\"image\">\n\n <\/a>\n\n <\/div>\n\n \n <div class=\"blog__content pt-20\">\n\n \n\n\n <h3 class=\"item_title bdevs-post-title blog__title\"><a href=\"https:\/\/smartfense.com\/pt-pt\/blog-pt-pt\/por-que-suas-simulacoes-de-phishing-nao-servem-para-nada\/\">Por que suas simula\u00e7\u00f5es de Phishing n\u00e3o servem para nada<\/a><\/h3><p>J\u00e1 o perguntava &#8211; de forma um pouco ret\u00f3rica &#8211; o nosso CEO no LinkedIn: Quais s\u00e3o as chances de lan\u00e7ar uma simula\u00e7\u00e3o de phishing e ela sair bem na [&hellip;]\n\n\n \n \n \n\n <\/div>\n\n <\/div>\n\n <\/div>\n\n \n <\/div>\n\n <div class=\"row\">\n\n <div class=\"col-xxl-12 wow fadeInUp2\" data-wow-delay=\".9s\">\n\n <div class=\"blog__more text-center mt-40\">\n\n <a class=\"w-btn w-btn-6 bdevs-btn\" href=\"https:\/\/smartfense.com\/pt-pt\/blog\/\" href=\"https:\/\/smartfense.com\/pt-pt\/blog\/\">Aceder ao blogue<\/a>\n <\/div>\n\n <\/div>\n\n <\/div>\n\n <\/div>\n\n <\/section>\n\n\n\n \t\t<\/div>\n\t\t\t\t<\/div>\n\t\t\t\t\t<\/div>\n\t\t\t\t<\/div>\n\t\t\t\t<\/div>\n\t\t","protected":false},"excerpt":{"rendered":"<p>Lamentamos informar que a p\u00e1gina que pretende visitar est\u00e1 atualmente em manuten\u00e7\u00e3o. Estamos a introduzir melhorias para lhe proporcionar um servi\u00e7o mais eficiente e a p\u00e1gina estar\u00e1 novamente dispon\u00edvel em [&hellip;]<\/p>\n","protected":false},"author":1,"featured_media":6928,"parent":9236,"menu_order":0,"comment_status":"closed","ping_status":"closed","template":"elementor_header_footer","meta":{"_acf_changed":false,"footnotes":""},"class_list":["post-15684","page","type-page","status-publish","has-post-thumbnail","hentry"],"acf":[],"yoast_head":" \n<title>Ferramenta em manuten\u00e7\u00e3o - SMARTFENSE - Sensibiliza\u00e7\u00e3o para a ciberseguran\u00e7a<\/title>\n<meta name=\"robots\" content=\"index, follow, max-snippet:-1, max-image-preview:large, max-video-preview:-1\" \/>\n<link rel=\"canonical\" href=\"https:\/\/smartfense.com\/pt-pt\/recursos\/ferramentas\/ferramenta-em-manutencao\/\" \/>\n<meta property=\"og:locale\" content=\"pt_PT\" \/>\n<meta property=\"og:type\" content=\"article\" \/>\n<meta property=\"og:title\" content=\"Ferramenta em manuten\u00e7\u00e3o - SMARTFENSE - Sensibiliza\u00e7\u00e3o para a ciberseguran\u00e7a\" \/>\n<meta property=\"og:description\" content=\"Lamentamos informar que a p\u00e1gina que pretende visitar est\u00e1 atualmente em manuten\u00e7\u00e3o. Estamos a introduzir melhorias para lhe proporcionar um servi\u00e7o mais eficiente e a p\u00e1gina estar\u00e1 novamente dispon\u00edvel em [&hellip;]\" \/>\n<meta property=\"og:url\" content=\"https:\/\/smartfense.com\/pt-pt\/recursos\/ferramentas\/ferramenta-em-manutencao\/\" \/>\n<meta property=\"og:site_name\" content=\"SMARTFENSE - Sensibiliza\u00e7\u00e3o para a ciberseguran\u00e7a\" \/>\n<meta property=\"article:modified_time\" content=\"2024-09-18T09:27:11+00:00\" \/>\n<meta property=\"og:image\" content=\"https:\/\/smartfense.com\/file\/2023\/07\/human_hacking_tecnicas_herramientas.jpg\" \/>\n\t<meta property=\"og:image:width\" content=\"1200\" \/>\n\t<meta property=\"og:image:height\" content=\"630\" \/>\n\t<meta property=\"og:image:type\" content=\"image\/jpeg\" \/>\n<meta name=\"twitter:card\" content=\"summary_large_image\" \/>\n<meta name=\"twitter:label1\" content=\"Tempo estimado de leitura\" \/>\n\t<meta name=\"twitter:data1\" content=\"3 minutos\" \/>\n<script type=\"application\/ld+json\" class=\"yoast-schema-graph\">{\"@context\":\"https:\\\/\\\/schema.org\",\"@graph\":[{\"@type\":\"WebPage\",\"@id\":\"https:\\\/\\\/smartfense.com\\\/pt-pt\\\/recursos\\\/ferramentas\\\/ferramenta-em-manutencao\\\/\",\"url\":\"https:\\\/\\\/smartfense.com\\\/pt-pt\\\/recursos\\\/ferramentas\\\/ferramenta-em-manutencao\\\/\",\"name\":\"Ferramenta em manuten\u00e7\u00e3o - SMARTFENSE - Sensibiliza\u00e7\u00e3o para a ciberseguran\u00e7a\",\"isPartOf\":{\"@id\":\"https:\\\/\\\/smartfense.com\\\/pt-pt\\\/#website\"},\"primaryImageOfPage\":{\"@id\":\"https:\\\/\\\/smartfense.com\\\/pt-pt\\\/recursos\\\/ferramentas\\\/ferramenta-em-manutencao\\\/#primaryimage\"},\"image\":{\"@id\":\"https:\\\/\\\/smartfense.com\\\/pt-pt\\\/recursos\\\/ferramentas\\\/ferramenta-em-manutencao\\\/#primaryimage\"},\"thumbnailUrl\":\"https:\\\/\\\/smartfense.com\\\/wp-content\\\/uploads\\\/2023\\\/07\\\/human_hacking_tecnicas_herramientas.jpg\",\"datePublished\":\"2023-09-14T09:04:50+00:00\",\"dateModified\":\"2024-09-18T09:27:11+00:00\",\"breadcrumb\":{\"@id\":\"https:\\\/\\\/smartfense.com\\\/pt-pt\\\/recursos\\\/ferramentas\\\/ferramenta-em-manutencao\\\/#breadcrumb\"},\"inLanguage\":\"pt-PT\",\"potentialAction\":[{\"@type\":\"ReadAction\",\"target\":[\"https:\\\/\\\/smartfense.com\\\/pt-pt\\\/recursos\\\/ferramentas\\\/ferramenta-em-manutencao\\\/\"]}]},{\"@type\":\"ImageObject\",\"inLanguage\":\"pt-PT\",\"@id\":\"https:\\\/\\\/smartfense.com\\\/pt-pt\\\/recursos\\\/ferramentas\\\/ferramenta-em-manutencao\\\/#primaryimage\",\"url\":\"https:\\\/\\\/smartfense.com\\\/wp-content\\\/uploads\\\/2023\\\/07\\\/human_hacking_tecnicas_herramientas.jpg\",\"contentUrl\":\"https:\\\/\\\/smartfense.com\\\/wp-content\\\/uploads\\\/2023\\\/07\\\/human_hacking_tecnicas_herramientas.jpg\",\"width\":1200,\"height\":630},{\"@type\":\"BreadcrumbList\",\"@id\":\"https:\\\/\\\/smartfense.com\\\/pt-pt\\\/recursos\\\/ferramentas\\\/ferramenta-em-manutencao\\\/#breadcrumb\",\"itemListElement\":[{\"@type\":\"ListItem\",\"position\":1,\"name\":\"Portada\",\"item\":\"https:\\\/\\\/smartfense.com\\\/pt-pt\\\/\"},{\"@type\":\"ListItem\",\"position\":2,\"name\":\"Recursos\",\"item\":\"https:\\\/\\\/smartfense.com\\\/pt-pt\\\/recursos\\\/\"},{\"@type\":\"ListItem\",\"position\":3,\"name\":\"Ferramentas gratuitas\",\"item\":\"https:\\\/\\\/smartfense.com\\\/pt-pt\\\/recursos\\\/ferramentas\\\/\"},{\"@type\":\"ListItem\",\"position\":4,\"name\":\"Ferramenta em manuten\u00e7\u00e3o\"}]},{\"@type\":\"WebSite\",\"@id\":\"https:\\\/\\\/smartfense.com\\\/pt-pt\\\/#website\",\"url\":\"https:\\\/\\\/smartfense.com\\\/pt-pt\\\/\",\"name\":\"SMARTFENSE - Concienciaci\u00f3n en Ciberseguridad\",\"description\":\"\",\"publisher\":{\"@id\":\"https:\\\/\\\/smartfense.com\\\/pt-pt\\\/#organization\"},\"potentialAction\":[{\"@type\":\"SearchAction\",\"target\":{\"@type\":\"EntryPoint\",\"urlTemplate\":\"https:\\\/\\\/smartfense.com\\\/pt-pt\\\/?s={search_term_string}\"},\"query-input\":{\"@type\":\"PropertyValueSpecification\",\"valueRequired\":true,\"valueName\":\"search_term_string\"}}],\"inLanguage\":\"pt-PT\"},{\"@type\":\"Organization\",\"@id\":\"https:\\\/\\\/smartfense.com\\\/pt-pt\\\/#organization\",\"name\":\"SMARTFENSE\",\"url\":\"https:\\\/\\\/smartfense.com\\\/pt-pt\\\/\",\"logo\":{\"@type\":\"ImageObject\",\"inLanguage\":\"pt-PT\",\"@id\":\"https:\\\/\\\/smartfense.com\\\/pt-pt\\\/#\\\/schema\\\/logo\\\/image\\\/\",\"url\":\"https:\\\/\\\/smartfense.com\\\/wp-content\\\/uploads\\\/2023\\\/08\\\/logo-smartfense-240x40-1.png\",\"contentUrl\":\"https:\\\/\\\/smartfense.com\\\/wp-content\\\/uploads\\\/2023\\\/08\\\/logo-smartfense-240x40-1.png\",\"width\":241,\"height\":40,\"caption\":\"SMARTFENSE\"},\"image\":{\"@id\":\"https:\\\/\\\/smartfense.com\\\/pt-pt\\\/#\\\/schema\\\/logo\\\/image\\\/\"}}]}<\/script>\n ","yoast_head_json":{"title":"Ferramenta em manuten\u00e7\u00e3o - SMARTFENSE - Sensibiliza\u00e7\u00e3o para a ciberseguran\u00e7a","robots":{"index":"index","follow":"follow","max-snippet":"max-snippet:-1","max-image-preview":"max-image-preview:large","max-video-preview":"max-video-preview:-1"},"canonical":"https:\/\/smartfense.com\/pt-pt\/recursos\/ferramentas\/ferramenta-em-manutencao\/","og_locale":"pt_PT","og_type":"article","og_title":"Ferramenta em manuten\u00e7\u00e3o - SMARTFENSE - Sensibiliza\u00e7\u00e3o para a ciberseguran\u00e7a","og_description":"Lamentamos informar que a p\u00e1gina que pretende visitar est\u00e1 atualmente em manuten\u00e7\u00e3o. Estamos a introduzir melhorias para lhe proporcionar um servi\u00e7o mais eficiente e a p\u00e1gina estar\u00e1 novamente dispon\u00edvel em [&hellip;]","og_url":"https:\/\/smartfense.com\/pt-pt\/recursos\/ferramentas\/ferramenta-em-manutencao\/","og_site_name":"SMARTFENSE - Sensibiliza\u00e7\u00e3o para a ciberseguran\u00e7a","article_modified_time":"2024-09-18T09:27:11+00:00","og_image":[{"width":1200,"height":630,"url":"https:\/\/smartfense.com\/file\/2023\/07\/human_hacking_tecnicas_herramientas.jpg","type":"image\/jpeg"}],"twitter_card":"summary_large_image","twitter_misc":{"Tempo estimado de leitura":"3 minutos"},"schema":{"@context":"https:\/\/schema.org","@graph":[{"@type":"WebPage","@id":"https:\/\/smartfense.com\/pt-pt\/recursos\/ferramentas\/ferramenta-em-manutencao\/","url":"https:\/\/smartfense.com\/pt-pt\/recursos\/ferramentas\/ferramenta-em-manutencao\/","name":"Ferramenta em manuten\u00e7\u00e3o - SMARTFENSE - Sensibiliza\u00e7\u00e3o para a ciberseguran\u00e7a","isPartOf":{"@id":"https:\/\/smartfense.com\/pt-pt\/#website"},"primaryImageOfPage":{"@id":"https:\/\/smartfense.com\/pt-pt\/recursos\/ferramentas\/ferramenta-em-manutencao\/#primaryimage"},"image":{"@id":"https:\/\/smartfense.com\/pt-pt\/recursos\/ferramentas\/ferramenta-em-manutencao\/#primaryimage"},"thumbnailUrl":"https:\/\/smartfense.com\/file\/2023\/07\/human_hacking_tecnicas_herramientas.jpg","datePublished":"2023-09-14T09:04:50+00:00","dateModified":"2024-09-18T09:27:11+00:00","breadcrumb":{"@id":"https:\/\/smartfense.com\/pt-pt\/recursos\/ferramentas\/ferramenta-em-manutencao\/#breadcrumb"},"inLanguage":"pt-PT","potentialAction":[{"@type":"ReadAction","target":["https:\/\/smartfense.com\/pt-pt\/recursos\/ferramentas\/ferramenta-em-manutencao\/"]}]},{"@type":"ImageObject","inLanguage":"pt-PT","@id":"https:\/\/smartfense.com\/pt-pt\/recursos\/ferramentas\/ferramenta-em-manutencao\/#primaryimage","url":"https:\/\/smartfense.com\/file\/2023\/07\/human_hacking_tecnicas_herramientas.jpg","contentUrl":"https:\/\/smartfense.com\/file\/2023\/07\/human_hacking_tecnicas_herramientas.jpg","width":1200,"height":630},{"@type":"BreadcrumbList","@id":"https:\/\/smartfense.com\/pt-pt\/recursos\/ferramentas\/ferramenta-em-manutencao\/#breadcrumb","itemListElement":[{"@type":"ListItem","position":1,"name":"Portada","item":"https:\/\/smartfense.com\/pt-pt\/"},{"@type":"ListItem","position":2,"name":"Recursos","item":"https:\/\/smartfense.com\/pt-pt\/recursos\/"},{"@type":"ListItem","position":3,"name":"Ferramentas gratuitas","item":"https:\/\/smartfense.com\/pt-pt\/recursos\/ferramentas\/"},{"@type":"ListItem","position":4,"name":"Ferramenta em manuten\u00e7\u00e3o"}]},{"@type":"WebSite","@id":"https:\/\/smartfense.com\/pt-pt\/#website","url":"https:\/\/smartfense.com\/pt-pt\/","name":"SMARTFENSE - Concienciaci\u00f3n en Ciberseguridad","description":"","publisher":{"@id":"https:\/\/smartfense.com\/pt-pt\/#organization"},"potentialAction":[{"@type":"SearchAction","target":{"@type":"EntryPoint","urlTemplate":"https:\/\/smartfense.com\/pt-pt\/?s={search_term_string}"},"query-input":{"@type":"PropertyValueSpecification","valueRequired":true,"valueName":"search_term_string"}}],"inLanguage":"pt-PT"},{"@type":"Organization","@id":"https:\/\/smartfense.com\/pt-pt\/#organization","name":"SMARTFENSE","url":"https:\/\/smartfense.com\/pt-pt\/","logo":{"@type":"ImageObject","inLanguage":"pt-PT","@id":"https:\/\/smartfense.com\/pt-pt\/#\/schema\/logo\/image\/","url":"https:\/\/smartfense.com\/file\/2023\/08\/logo-smartfense-240x40-1.png","contentUrl":"https:\/\/smartfense.com\/file\/2023\/08\/logo-smartfense-240x40-1.png","width":241,"height":40,"caption":"SMARTFENSE"},"image":{"@id":"https:\/\/smartfense.com\/pt-pt\/#\/schema\/logo\/image\/"}}]}},"_links":{"self":[{"href":"https:\/\/smartfense.com\/pt-pt\/wp-json\/wp\/v2\/pages\/15684","targetHints":{"allow":["GET"]}}],"collection":[{"href":"https:\/\/smartfense.com\/pt-pt\/wp-json\/wp\/v2\/pages"}],"about":[{"href":"https:\/\/smartfense.com\/pt-pt\/wp-json\/wp\/v2\/types\/page"}],"author":[{"embeddable":true,"href":"https:\/\/smartfense.com\/pt-pt\/wp-json\/wp\/v2\/users\/1"}],"replies":[{"embeddable":true,"href":"https:\/\/smartfense.com\/pt-pt\/wp-json\/wp\/v2\/comments?post=15684"}],"version-history":[{"count":3,"href":"https:\/\/smartfense.com\/pt-pt\/wp-json\/wp\/v2\/pages\/15684\/revisions"}],"predecessor-version":[{"id":29626,"href":"https:\/\/smartfense.com\/pt-pt\/wp-json\/wp\/v2\/pages\/15684\/revisions\/29626"}],"up":[{"embeddable":true,"href":"https:\/\/smartfense.com\/pt-pt\/wp-json\/wp\/v2\/pages\/9236"}],"wp:featuredmedia":[{"embeddable":true,"href":"https:\/\/smartfense.com\/pt-pt\/wp-json\/wp\/v2\/media\/6928"}],"wp:attachment":[{"href":"https:\/\/smartfense.com\/pt-pt\/wp-json\/wp\/v2\/media?parent=15684"}],"curies":[{"name":"wp","href":"https:\/\/api.w.org\/{rel}","templated":true}]}}