{"id":11888,"date":"2023-08-22T10:29:08","date_gmt":"2023-08-22T08:29:08","guid":{"rendered":"https:\/\/callidusprolab.com\/smartfense\/?page_id=11888"},"modified":"2023-09-14T06:15:51","modified_gmt":"2023-09-14T06:15:51","slug":"vanta","status":"publish","type":"page","link":"https:\/\/smartfense.com\/pt-pt\/vanta\/","title":{"rendered":"Integraci\u00f3n con Vanta"},"content":{"rendered":"\t\t<div data-elementor-type=\"wp-page\" data-elementor-id=\"11888\" class=\"elementor elementor-11888 elementor-11884\">\n\t\t\t\t<div class=\"elementor-element elementor-element-2c62b457 e-flex e-con-boxed e-con e-parent\" data-id=\"2c62b457\" data-element_type=\"container\">\n\t\t\t\t\t<div class=\"e-con-inner\">\n\t\t<div class=\"elementor-element elementor-element-3340e0a1 e-con-full e-flex e-con e-parent\" data-id=\"3340e0a1\" data-element_type=\"container\">\n\t\t\t\t<div class=\"elementor-element elementor-element-986b4da elementor-widget elementor-widget-text-editor\" data-id=\"986b4da\" data-element_type=\"widget\" data-widget_type=\"text-editor.default\">\n\t\t\t\t<div class=\"elementor-widget-container\">\n\t\t\t\t\t\t\t<p>A Vanta \u00e9 a principal plataforma de gerenciamento de confian\u00e7a que ajuda a simplificar e centralizar os fluxos de trabalho de conformidade e seguran\u00e7a para organiza\u00e7\u00f5es de todos os portes. Milhares de clientes confiam na Vanta para criar, manter e demonstrar confian\u00e7a de forma transparente e em tempo real. Fundada em 2018, a Vanta tem clientes em 58 pa\u00edses, com escrit\u00f3rios em Dublin, Nova Iorque, S\u00e3o Francisco e Sydney.<\/p><p>A SMARTFENSE pode enviar automaticamente para a Vanta as pistas de auditoria relacionadas com o seu programa de sensibiliza\u00e7\u00e3o.<\/p><p>Para come\u00e7ar a utilizar esta integra\u00e7\u00e3o, inicie sess\u00e3o na SMARTFENSE e configure simplesmente a integra\u00e7\u00e3o entre as duas plataformas na sec\u00e7\u00e3o <strong>Defini\u00e7\u00f5es &gt; Componentes &gt; Integra\u00e7\u00e3o Vanta<\/strong> e est\u00e1 pronto para manter as suas informa\u00e7\u00f5es sincronizadas.<\/p><p>Se tiver alguma d\u00favida sobre esta funcionalidade, contacte o seu parceiro de integra\u00e7\u00e3o.<\/p>\t\t\t\t\t\t<\/div>\n\t\t\t\t<\/div>\n\t\t\t\t<\/div>\n\t\t<div class=\"elementor-element elementor-element-4fc1405f e-con-full e-flex elementor-invisible e-con e-parent\" data-id=\"4fc1405f\" data-element_type=\"container\" data-settings=\"{&quot;animation&quot;:&quot;fadeInRight&quot;}\">\n\t\t\t\t<div class=\"elementor-element elementor-element-2b2dbc57 elementor-widget elementor-widget-image\" data-id=\"2b2dbc57\" data-element_type=\"widget\" data-widget_type=\"image.default\">\n\t\t\t\t<div class=\"elementor-widget-container\">\n\t\t\t\t\t\t\t\t\t\t\t\t\t<img fetchpriority=\"high\" decoding=\"async\" width=\"383\" height=\"154\" src=\"https:\/\/smartfense.com\/file\/2023\/08\/vanta_logo.png\" class=\"attachment-large size-large wp-image-11897\" alt=\"\" srcset=\"https:\/\/smartfense.com\/file\/2023\/08\/vanta_logo.png 383w, https:\/\/smartfense.com\/file\/2023\/08\/vanta_logo-300x121.png 300w\" sizes=\"(max-width: 383px) 100vw, 383px\" \/>\t\t\t\t\t\t\t\t\t\t\t\t\t<\/div>\n\t\t\t\t<\/div>\n\t\t\t\t<\/div>\n\t\t\t\t\t<\/div>\n\t\t\t\t<\/div>\n\t\t\t\t<\/div>\n\t\t","protected":false},"excerpt":{"rendered":"<p>A Vanta \u00e9 a principal plataforma de gerenciamento de confian\u00e7a que ajuda a simplificar e centralizar os fluxos de trabalho de conformidade e seguran\u00e7a para organiza\u00e7\u00f5es de todos os portes. [&hellip;]<\/p>\n","protected":false},"author":1,"featured_media":11897,"parent":0,"menu_order":0,"comment_status":"closed","ping_status":"closed","template":"elementor_header_footer","meta":{"_acf_changed":false,"footnotes":""},"class_list":["post-11888","page","type-page","status-publish","has-post-thumbnail","hentry"],"acf":[],"yoast_head":" \n<title>Integraci\u00f3n con Vanta - SMARTFENSE - Sensibiliza\u00e7\u00e3o para a ciberseguran\u00e7a<\/title>\n<meta name=\"robots\" content=\"index, follow, max-snippet:-1, max-image-preview:large, max-video-preview:-1\" \/>\n<link rel=\"canonical\" href=\"https:\/\/smartfense.com\/pt-pt\/vanta\/\" \/>\n<meta property=\"og:locale\" content=\"pt_PT\" \/>\n<meta property=\"og:type\" content=\"article\" \/>\n<meta property=\"og:title\" content=\"Integraci\u00f3n con Vanta - SMARTFENSE - Sensibiliza\u00e7\u00e3o para a ciberseguran\u00e7a\" \/>\n<meta property=\"og:description\" content=\"A Vanta \u00e9 a principal plataforma de gerenciamento de confian\u00e7a que ajuda a simplificar e centralizar os fluxos de trabalho de conformidade e seguran\u00e7a para organiza\u00e7\u00f5es de todos os portes. [&hellip;]\" \/>\n<meta property=\"og:url\" content=\"https:\/\/smartfense.com\/pt-pt\/vanta\/\" \/>\n<meta property=\"og:site_name\" content=\"SMARTFENSE - Sensibiliza\u00e7\u00e3o para a ciberseguran\u00e7a\" \/>\n<meta property=\"article:modified_time\" content=\"2023-09-14T06:15:51+00:00\" \/>\n<meta property=\"og:image\" content=\"https:\/\/smartfense.com\/file\/2023\/08\/vanta_logo.png\" \/>\n\t<meta property=\"og:image:width\" content=\"383\" \/>\n\t<meta property=\"og:image:height\" content=\"154\" \/>\n\t<meta property=\"og:image:type\" content=\"image\/png\" \/>\n<meta name=\"twitter:card\" content=\"summary_large_image\" \/>\n<meta name=\"twitter:label1\" content=\"Tempo estimado de leitura\" \/>\n\t<meta name=\"twitter:data1\" content=\"1 minuto\" \/>\n<script type=\"application\/ld+json\" class=\"yoast-schema-graph\">{\"@context\":\"https:\\\/\\\/schema.org\",\"@graph\":[{\"@type\":\"WebPage\",\"@id\":\"https:\\\/\\\/smartfense.com\\\/pt-pt\\\/vanta\\\/\",\"url\":\"https:\\\/\\\/smartfense.com\\\/pt-pt\\\/vanta\\\/\",\"name\":\"Integraci\u00f3n con Vanta - SMARTFENSE - Sensibiliza\u00e7\u00e3o para a ciberseguran\u00e7a\",\"isPartOf\":{\"@id\":\"https:\\\/\\\/smartfense.com\\\/pt-pt\\\/#website\"},\"primaryImageOfPage\":{\"@id\":\"https:\\\/\\\/smartfense.com\\\/pt-pt\\\/vanta\\\/#primaryimage\"},\"image\":{\"@id\":\"https:\\\/\\\/smartfense.com\\\/pt-pt\\\/vanta\\\/#primaryimage\"},\"thumbnailUrl\":\"https:\\\/\\\/smartfense.com\\\/wp-content\\\/uploads\\\/2023\\\/08\\\/vanta_logo.png\",\"datePublished\":\"2023-08-22T08:29:08+00:00\",\"dateModified\":\"2023-09-14T06:15:51+00:00\",\"breadcrumb\":{\"@id\":\"https:\\\/\\\/smartfense.com\\\/pt-pt\\\/vanta\\\/#breadcrumb\"},\"inLanguage\":\"pt-PT\",\"potentialAction\":[{\"@type\":\"ReadAction\",\"target\":[\"https:\\\/\\\/smartfense.com\\\/pt-pt\\\/vanta\\\/\"]}]},{\"@type\":\"ImageObject\",\"inLanguage\":\"pt-PT\",\"@id\":\"https:\\\/\\\/smartfense.com\\\/pt-pt\\\/vanta\\\/#primaryimage\",\"url\":\"https:\\\/\\\/smartfense.com\\\/wp-content\\\/uploads\\\/2023\\\/08\\\/vanta_logo.png\",\"contentUrl\":\"https:\\\/\\\/smartfense.com\\\/wp-content\\\/uploads\\\/2023\\\/08\\\/vanta_logo.png\",\"width\":383,\"height\":154},{\"@type\":\"BreadcrumbList\",\"@id\":\"https:\\\/\\\/smartfense.com\\\/pt-pt\\\/vanta\\\/#breadcrumb\",\"itemListElement\":[{\"@type\":\"ListItem\",\"position\":1,\"name\":\"Portada\",\"item\":\"https:\\\/\\\/smartfense.com\\\/pt-pt\\\/\"},{\"@type\":\"ListItem\",\"position\":2,\"name\":\"Integraci\u00f3n con Vanta\"}]},{\"@type\":\"WebSite\",\"@id\":\"https:\\\/\\\/smartfense.com\\\/pt-pt\\\/#website\",\"url\":\"https:\\\/\\\/smartfense.com\\\/pt-pt\\\/\",\"name\":\"SMARTFENSE - Concienciaci\u00f3n en Ciberseguridad\",\"description\":\"\",\"publisher\":{\"@id\":\"https:\\\/\\\/smartfense.com\\\/pt-pt\\\/#organization\"},\"potentialAction\":[{\"@type\":\"SearchAction\",\"target\":{\"@type\":\"EntryPoint\",\"urlTemplate\":\"https:\\\/\\\/smartfense.com\\\/pt-pt\\\/?s={search_term_string}\"},\"query-input\":{\"@type\":\"PropertyValueSpecification\",\"valueRequired\":true,\"valueName\":\"search_term_string\"}}],\"inLanguage\":\"pt-PT\"},{\"@type\":\"Organization\",\"@id\":\"https:\\\/\\\/smartfense.com\\\/pt-pt\\\/#organization\",\"name\":\"SMARTFENSE\",\"url\":\"https:\\\/\\\/smartfense.com\\\/pt-pt\\\/\",\"logo\":{\"@type\":\"ImageObject\",\"inLanguage\":\"pt-PT\",\"@id\":\"https:\\\/\\\/smartfense.com\\\/pt-pt\\\/#\\\/schema\\\/logo\\\/image\\\/\",\"url\":\"https:\\\/\\\/smartfense.com\\\/wp-content\\\/uploads\\\/2023\\\/08\\\/logo-smartfense-240x40-1.png\",\"contentUrl\":\"https:\\\/\\\/smartfense.com\\\/wp-content\\\/uploads\\\/2023\\\/08\\\/logo-smartfense-240x40-1.png\",\"width\":241,\"height\":40,\"caption\":\"SMARTFENSE\"},\"image\":{\"@id\":\"https:\\\/\\\/smartfense.com\\\/pt-pt\\\/#\\\/schema\\\/logo\\\/image\\\/\"}}]}<\/script>\n ","yoast_head_json":{"title":"Integraci\u00f3n con Vanta - SMARTFENSE - Sensibiliza\u00e7\u00e3o para a ciberseguran\u00e7a","robots":{"index":"index","follow":"follow","max-snippet":"max-snippet:-1","max-image-preview":"max-image-preview:large","max-video-preview":"max-video-preview:-1"},"canonical":"https:\/\/smartfense.com\/pt-pt\/vanta\/","og_locale":"pt_PT","og_type":"article","og_title":"Integraci\u00f3n con Vanta - SMARTFENSE - Sensibiliza\u00e7\u00e3o para a ciberseguran\u00e7a","og_description":"A Vanta \u00e9 a principal plataforma de gerenciamento de confian\u00e7a que ajuda a simplificar e centralizar os fluxos de trabalho de conformidade e seguran\u00e7a para organiza\u00e7\u00f5es de todos os portes. [&hellip;]","og_url":"https:\/\/smartfense.com\/pt-pt\/vanta\/","og_site_name":"SMARTFENSE - Sensibiliza\u00e7\u00e3o para a ciberseguran\u00e7a","article_modified_time":"2023-09-14T06:15:51+00:00","og_image":[{"width":383,"height":154,"url":"https:\/\/smartfense.com\/file\/2023\/08\/vanta_logo.png","type":"image\/png"}],"twitter_card":"summary_large_image","twitter_misc":{"Tempo estimado de leitura":"1 minuto"},"schema":{"@context":"https:\/\/schema.org","@graph":[{"@type":"WebPage","@id":"https:\/\/smartfense.com\/pt-pt\/vanta\/","url":"https:\/\/smartfense.com\/pt-pt\/vanta\/","name":"Integraci\u00f3n con Vanta - SMARTFENSE - Sensibiliza\u00e7\u00e3o para a ciberseguran\u00e7a","isPartOf":{"@id":"https:\/\/smartfense.com\/pt-pt\/#website"},"primaryImageOfPage":{"@id":"https:\/\/smartfense.com\/pt-pt\/vanta\/#primaryimage"},"image":{"@id":"https:\/\/smartfense.com\/pt-pt\/vanta\/#primaryimage"},"thumbnailUrl":"https:\/\/smartfense.com\/file\/2023\/08\/vanta_logo.png","datePublished":"2023-08-22T08:29:08+00:00","dateModified":"2023-09-14T06:15:51+00:00","breadcrumb":{"@id":"https:\/\/smartfense.com\/pt-pt\/vanta\/#breadcrumb"},"inLanguage":"pt-PT","potentialAction":[{"@type":"ReadAction","target":["https:\/\/smartfense.com\/pt-pt\/vanta\/"]}]},{"@type":"ImageObject","inLanguage":"pt-PT","@id":"https:\/\/smartfense.com\/pt-pt\/vanta\/#primaryimage","url":"https:\/\/smartfense.com\/file\/2023\/08\/vanta_logo.png","contentUrl":"https:\/\/smartfense.com\/file\/2023\/08\/vanta_logo.png","width":383,"height":154},{"@type":"BreadcrumbList","@id":"https:\/\/smartfense.com\/pt-pt\/vanta\/#breadcrumb","itemListElement":[{"@type":"ListItem","position":1,"name":"Portada","item":"https:\/\/smartfense.com\/pt-pt\/"},{"@type":"ListItem","position":2,"name":"Integraci\u00f3n con Vanta"}]},{"@type":"WebSite","@id":"https:\/\/smartfense.com\/pt-pt\/#website","url":"https:\/\/smartfense.com\/pt-pt\/","name":"SMARTFENSE - Concienciaci\u00f3n en Ciberseguridad","description":"","publisher":{"@id":"https:\/\/smartfense.com\/pt-pt\/#organization"},"potentialAction":[{"@type":"SearchAction","target":{"@type":"EntryPoint","urlTemplate":"https:\/\/smartfense.com\/pt-pt\/?s={search_term_string}"},"query-input":{"@type":"PropertyValueSpecification","valueRequired":true,"valueName":"search_term_string"}}],"inLanguage":"pt-PT"},{"@type":"Organization","@id":"https:\/\/smartfense.com\/pt-pt\/#organization","name":"SMARTFENSE","url":"https:\/\/smartfense.com\/pt-pt\/","logo":{"@type":"ImageObject","inLanguage":"pt-PT","@id":"https:\/\/smartfense.com\/pt-pt\/#\/schema\/logo\/image\/","url":"https:\/\/smartfense.com\/file\/2023\/08\/logo-smartfense-240x40-1.png","contentUrl":"https:\/\/smartfense.com\/file\/2023\/08\/logo-smartfense-240x40-1.png","width":241,"height":40,"caption":"SMARTFENSE"},"image":{"@id":"https:\/\/smartfense.com\/pt-pt\/#\/schema\/logo\/image\/"}}]}},"_links":{"self":[{"href":"https:\/\/smartfense.com\/pt-pt\/wp-json\/wp\/v2\/pages\/11888","targetHints":{"allow":["GET"]}}],"collection":[{"href":"https:\/\/smartfense.com\/pt-pt\/wp-json\/wp\/v2\/pages"}],"about":[{"href":"https:\/\/smartfense.com\/pt-pt\/wp-json\/wp\/v2\/types\/page"}],"author":[{"embeddable":true,"href":"https:\/\/smartfense.com\/pt-pt\/wp-json\/wp\/v2\/users\/1"}],"replies":[{"embeddable":true,"href":"https:\/\/smartfense.com\/pt-pt\/wp-json\/wp\/v2\/comments?post=11888"}],"version-history":[{"count":0,"href":"https:\/\/smartfense.com\/pt-pt\/wp-json\/wp\/v2\/pages\/11888\/revisions"}],"wp:featuredmedia":[{"embeddable":true,"href":"https:\/\/smartfense.com\/pt-pt\/wp-json\/wp\/v2\/media\/11897"}],"wp:attachment":[{"href":"https:\/\/smartfense.com\/pt-pt\/wp-json\/wp\/v2\/media?parent=11888"}],"curies":[{"name":"wp","href":"https:\/\/api.w.org\/{rel}","templated":true}]}}