{"id":10548,"date":"2023-08-17T11:21:11","date_gmt":"2023-08-17T09:21:11","guid":{"rendered":"https:\/\/callidusprolab.com\/smartfense\/?page_id=10548"},"modified":"2024-09-18T10:50:47","modified_gmt":"2024-09-18T08:50:47","slug":"obrigado","status":"publish","type":"page","link":"https:\/\/smartfense.com\/pt-pt\/recursos\/guias-e-whitepapers\/desarmar-os-cibercriminosos\/obrigado\/","title":{"rendered":"Obrigado por descarregar o Whitepaper: Desarmando os cibercriminosos"},"content":{"rendered":"\t\t<div data-elementor-type=\"wp-page\" data-elementor-id=\"10548\" class=\"elementor elementor-10548 elementor-10544\">\n\t\t\t\t<div class=\"elementor-element elementor-element-baf7a35 e-flex e-con-boxed e-con e-parent\" data-id=\"baf7a35\" data-element_type=\"container\">\n\t\t\t\t\t<div class=\"e-con-inner\">\n\t\t<div class=\"elementor-element elementor-element-0acf31b e-con-full e-flex e-con e-child\" data-id=\"0acf31b\" data-element_type=\"container\">\n\t\t\t\t<div class=\"elementor-element elementor-element-6622698 elementor-widget elementor-widget-text-editor\" data-id=\"6622698\" data-element_type=\"widget\" data-widget_type=\"text-editor.default\">\n\t\t\t\t<div class=\"elementor-widget-container\">\n\t\t\t\t\t\t\t<h3>O seu link para descarregar o Whitepaper &#8220;Desarmando os cibercriminosos&#8221;.<\/h3>\t\t\t\t\t\t<\/div>\n\t\t\t\t<\/div>\n\t\t\t\t<div class=\"elementor-element elementor-element-24b4efa elementor-widget elementor-widget-html\" data-id=\"24b4efa\" data-element_type=\"widget\" data-widget_type=\"html.default\">\n\t\t\t\t<div class=\"elementor-widget-container\">\n\t\t\t<a href=\"https:\/\/docs.smartfense.com\/DCO0024\/ES-AR\/SMARTFENSE_-_Whitepaper._Desarmando_a_los_ciberdelincuentes:_Herramientas_gratuitas_para_prevenir_ataques_de_Ingenier%C3%ADa_Social.pdf\" class=\"w-btn\">\nDescarregar agora!<\/a>\t\t<\/div>\n\t\t\t\t<\/div>\n\t\t\t\t<div class=\"elementor-element elementor-element-0be5741 elementor-widget elementor-widget-text-editor\" data-id=\"0be5741\" data-element_type=\"widget\" data-widget_type=\"text-editor.default\">\n\t\t\t\t<div class=\"elementor-widget-container\">\n\t\t\t\t\t\t\t<p>Receber\u00e1 uma c\u00f3pia do Whitepaper numa mensagem de correio eletr\u00f3nico.<\/p>\t\t\t\t\t\t<\/div>\n\t\t\t\t<\/div>\n\t\t\t\t<\/div>\n\t\t<div class=\"elementor-element elementor-element-dae0d6d e-con-full e-flex elementor-invisible e-con e-child\" data-id=\"dae0d6d\" data-element_type=\"container\" data-settings=\"{&quot;animation&quot;:&quot;fadeInRight&quot;}\">\n\t\t\t\t<div class=\"elementor-element elementor-element-a1d5304 elementor-widget elementor-widget-image\" data-id=\"a1d5304\" data-element_type=\"widget\" data-widget_type=\"image.default\">\n\t\t\t\t<div class=\"elementor-widget-container\">\n\t\t\t\t\t\t\t\t\t\t\t\t\t<img fetchpriority=\"high\" decoding=\"async\" width=\"640\" height=\"336\" src=\"https:\/\/smartfense.com\/file\/2023\/07\/desarmando-ciberdelincuentes-comp-1200px-1024x538.jpg\" class=\"attachment-large size-large wp-image-5160\" alt=\"\" srcset=\"https:\/\/smartfense.com\/file\/2023\/07\/desarmando-ciberdelincuentes-comp-1200px-1024x538.jpg 1024w, https:\/\/smartfense.com\/file\/2023\/07\/desarmando-ciberdelincuentes-comp-1200px-300x158.jpg 300w, https:\/\/smartfense.com\/file\/2023\/07\/desarmando-ciberdelincuentes-comp-1200px-768x403.jpg 768w, https:\/\/smartfense.com\/file\/2023\/07\/desarmando-ciberdelincuentes-comp-1200px.jpg 1200w\" sizes=\"(max-width: 640px) 100vw, 640px\" \/>\t\t\t\t\t\t\t\t\t\t\t\t\t<\/div>\n\t\t\t\t<\/div>\n\t\t\t\t<\/div>\n\t\t\t\t\t<\/div>\n\t\t\t\t<\/div>\n\t\t\t\t<\/div>\n\t\t","protected":false},"excerpt":{"rendered":"<p>O seu link para descarregar o Whitepaper &#8220;Desarmando os cibercriminosos&#8221;. Descarregar agora! Receber\u00e1 uma c\u00f3pia do Whitepaper numa mensagem de correio eletr\u00f3nico.<\/p>\n","protected":false},"author":1,"featured_media":5160,"parent":9116,"menu_order":0,"comment_status":"closed","ping_status":"closed","template":"elementor_header_footer","meta":{"_acf_changed":false,"footnotes":""},"class_list":["post-10548","page","type-page","status-publish","has-post-thumbnail","hentry"],"acf":[],"yoast_head":" \n<title>Obrigado por descarregar o Whitepaper: Desarmando os cibercriminosos - SMARTFENSE - Sensibiliza\u00e7\u00e3o para a ciberseguran\u00e7a<\/title>\n<meta name=\"robots\" content=\"index, follow, max-snippet:-1, max-image-preview:large, max-video-preview:-1\" \/>\n<link rel=\"canonical\" href=\"https:\/\/smartfense.com\/pt-pt\/recursos\/guias-e-whitepapers\/desarmar-os-cibercriminosos\/obrigado\/\" \/>\n<meta property=\"og:locale\" content=\"pt_PT\" \/>\n<meta property=\"og:type\" content=\"article\" \/>\n<meta property=\"og:title\" content=\"Obrigado por descarregar o Whitepaper: Desarmando os cibercriminosos - SMARTFENSE - Sensibiliza\u00e7\u00e3o para a ciberseguran\u00e7a\" \/>\n<meta property=\"og:description\" content=\"O seu link para descarregar o Whitepaper &#8220;Desarmando os cibercriminosos&#8221;. Descarregar agora! Receber\u00e1 uma c\u00f3pia do Whitepaper numa mensagem de correio eletr\u00f3nico.\" \/>\n<meta property=\"og:url\" content=\"https:\/\/smartfense.com\/pt-pt\/recursos\/guias-e-whitepapers\/desarmar-os-cibercriminosos\/obrigado\/\" \/>\n<meta property=\"og:site_name\" content=\"SMARTFENSE - Sensibiliza\u00e7\u00e3o para a ciberseguran\u00e7a\" \/>\n<meta property=\"article:modified_time\" content=\"2024-09-18T08:50:47+00:00\" \/>\n<meta property=\"og:image\" content=\"https:\/\/smartfense.com\/file\/2023\/07\/desarmando-ciberdelincuentes-comp-1200px.jpg\" \/>\n\t<meta property=\"og:image:width\" content=\"1200\" \/>\n\t<meta property=\"og:image:height\" content=\"630\" \/>\n\t<meta property=\"og:image:type\" content=\"image\/jpeg\" \/>\n<meta name=\"twitter:card\" content=\"summary_large_image\" \/>\n<meta name=\"twitter:label1\" content=\"Tempo estimado de leitura\" \/>\n\t<meta name=\"twitter:data1\" content=\"1 minuto\" \/>\n<script type=\"application\/ld+json\" class=\"yoast-schema-graph\">{\"@context\":\"https:\\\/\\\/schema.org\",\"@graph\":[{\"@type\":\"WebPage\",\"@id\":\"https:\\\/\\\/smartfense.com\\\/pt-pt\\\/recursos\\\/guias-e-whitepapers\\\/desarmar-os-cibercriminosos\\\/obrigado\\\/\",\"url\":\"https:\\\/\\\/smartfense.com\\\/pt-pt\\\/recursos\\\/guias-e-whitepapers\\\/desarmar-os-cibercriminosos\\\/obrigado\\\/\",\"name\":\"Obrigado por descarregar o Whitepaper: Desarmando os cibercriminosos - SMARTFENSE - Sensibiliza\u00e7\u00e3o para a ciberseguran\u00e7a\",\"isPartOf\":{\"@id\":\"https:\\\/\\\/smartfense.com\\\/pt-pt\\\/#website\"},\"primaryImageOfPage\":{\"@id\":\"https:\\\/\\\/smartfense.com\\\/pt-pt\\\/recursos\\\/guias-e-whitepapers\\\/desarmar-os-cibercriminosos\\\/obrigado\\\/#primaryimage\"},\"image\":{\"@id\":\"https:\\\/\\\/smartfense.com\\\/pt-pt\\\/recursos\\\/guias-e-whitepapers\\\/desarmar-os-cibercriminosos\\\/obrigado\\\/#primaryimage\"},\"thumbnailUrl\":\"https:\\\/\\\/smartfense.com\\\/wp-content\\\/uploads\\\/2023\\\/07\\\/desarmando-ciberdelincuentes-comp-1200px.jpg\",\"datePublished\":\"2023-08-17T09:21:11+00:00\",\"dateModified\":\"2024-09-18T08:50:47+00:00\",\"breadcrumb\":{\"@id\":\"https:\\\/\\\/smartfense.com\\\/pt-pt\\\/recursos\\\/guias-e-whitepapers\\\/desarmar-os-cibercriminosos\\\/obrigado\\\/#breadcrumb\"},\"inLanguage\":\"pt-PT\",\"potentialAction\":[{\"@type\":\"ReadAction\",\"target\":[\"https:\\\/\\\/smartfense.com\\\/pt-pt\\\/recursos\\\/guias-e-whitepapers\\\/desarmar-os-cibercriminosos\\\/obrigado\\\/\"]}]},{\"@type\":\"ImageObject\",\"inLanguage\":\"pt-PT\",\"@id\":\"https:\\\/\\\/smartfense.com\\\/pt-pt\\\/recursos\\\/guias-e-whitepapers\\\/desarmar-os-cibercriminosos\\\/obrigado\\\/#primaryimage\",\"url\":\"https:\\\/\\\/smartfense.com\\\/wp-content\\\/uploads\\\/2023\\\/07\\\/desarmando-ciberdelincuentes-comp-1200px.jpg\",\"contentUrl\":\"https:\\\/\\\/smartfense.com\\\/wp-content\\\/uploads\\\/2023\\\/07\\\/desarmando-ciberdelincuentes-comp-1200px.jpg\",\"width\":1200,\"height\":630},{\"@type\":\"BreadcrumbList\",\"@id\":\"https:\\\/\\\/smartfense.com\\\/pt-pt\\\/recursos\\\/guias-e-whitepapers\\\/desarmar-os-cibercriminosos\\\/obrigado\\\/#breadcrumb\",\"itemListElement\":[{\"@type\":\"ListItem\",\"position\":1,\"name\":\"Portada\",\"item\":\"https:\\\/\\\/smartfense.com\\\/pt-pt\\\/\"},{\"@type\":\"ListItem\",\"position\":2,\"name\":\"Recursos\",\"item\":\"https:\\\/\\\/smartfense.com\\\/pt-pt\\\/recursos\\\/\"},{\"@type\":\"ListItem\",\"position\":3,\"name\":\"Guias e Whitepapers\",\"item\":\"https:\\\/\\\/smartfense.com\\\/pt-pt\\\/recursos\\\/guias-e-whitepapers\\\/\"},{\"@type\":\"ListItem\",\"position\":4,\"name\":\"Desarmar os cibercriminosos: Ferramentas gratuitas para prevenir ataques de Engenharia Social\",\"item\":\"https:\\\/\\\/smartfense.com\\\/pt-pt\\\/recursos\\\/guias-e-whitepapers\\\/desarmar-os-cibercriminosos\\\/\"},{\"@type\":\"ListItem\",\"position\":5,\"name\":\"Obrigado por descarregar o Whitepaper: Desarmando os cibercriminosos\"}]},{\"@type\":\"WebSite\",\"@id\":\"https:\\\/\\\/smartfense.com\\\/pt-pt\\\/#website\",\"url\":\"https:\\\/\\\/smartfense.com\\\/pt-pt\\\/\",\"name\":\"SMARTFENSE - Concienciaci\u00f3n en Ciberseguridad\",\"description\":\"\",\"publisher\":{\"@id\":\"https:\\\/\\\/smartfense.com\\\/pt-pt\\\/#organization\"},\"potentialAction\":[{\"@type\":\"SearchAction\",\"target\":{\"@type\":\"EntryPoint\",\"urlTemplate\":\"https:\\\/\\\/smartfense.com\\\/pt-pt\\\/?s={search_term_string}\"},\"query-input\":{\"@type\":\"PropertyValueSpecification\",\"valueRequired\":true,\"valueName\":\"search_term_string\"}}],\"inLanguage\":\"pt-PT\"},{\"@type\":\"Organization\",\"@id\":\"https:\\\/\\\/smartfense.com\\\/pt-pt\\\/#organization\",\"name\":\"SMARTFENSE\",\"url\":\"https:\\\/\\\/smartfense.com\\\/pt-pt\\\/\",\"logo\":{\"@type\":\"ImageObject\",\"inLanguage\":\"pt-PT\",\"@id\":\"https:\\\/\\\/smartfense.com\\\/pt-pt\\\/#\\\/schema\\\/logo\\\/image\\\/\",\"url\":\"https:\\\/\\\/smartfense.com\\\/wp-content\\\/uploads\\\/2023\\\/08\\\/logo-smartfense-240x40-1.png\",\"contentUrl\":\"https:\\\/\\\/smartfense.com\\\/wp-content\\\/uploads\\\/2023\\\/08\\\/logo-smartfense-240x40-1.png\",\"width\":241,\"height\":40,\"caption\":\"SMARTFENSE\"},\"image\":{\"@id\":\"https:\\\/\\\/smartfense.com\\\/pt-pt\\\/#\\\/schema\\\/logo\\\/image\\\/\"}}]}<\/script>\n ","yoast_head_json":{"title":"Obrigado por descarregar o Whitepaper: Desarmando os cibercriminosos - SMARTFENSE - Sensibiliza\u00e7\u00e3o para a ciberseguran\u00e7a","robots":{"index":"index","follow":"follow","max-snippet":"max-snippet:-1","max-image-preview":"max-image-preview:large","max-video-preview":"max-video-preview:-1"},"canonical":"https:\/\/smartfense.com\/pt-pt\/recursos\/guias-e-whitepapers\/desarmar-os-cibercriminosos\/obrigado\/","og_locale":"pt_PT","og_type":"article","og_title":"Obrigado por descarregar o Whitepaper: Desarmando os cibercriminosos - SMARTFENSE - Sensibiliza\u00e7\u00e3o para a ciberseguran\u00e7a","og_description":"O seu link para descarregar o Whitepaper &#8220;Desarmando os cibercriminosos&#8221;. Descarregar agora! Receber\u00e1 uma c\u00f3pia do Whitepaper numa mensagem de correio eletr\u00f3nico.","og_url":"https:\/\/smartfense.com\/pt-pt\/recursos\/guias-e-whitepapers\/desarmar-os-cibercriminosos\/obrigado\/","og_site_name":"SMARTFENSE - Sensibiliza\u00e7\u00e3o para a ciberseguran\u00e7a","article_modified_time":"2024-09-18T08:50:47+00:00","og_image":[{"width":1200,"height":630,"url":"https:\/\/smartfense.com\/file\/2023\/07\/desarmando-ciberdelincuentes-comp-1200px.jpg","type":"image\/jpeg"}],"twitter_card":"summary_large_image","twitter_misc":{"Tempo estimado de leitura":"1 minuto"},"schema":{"@context":"https:\/\/schema.org","@graph":[{"@type":"WebPage","@id":"https:\/\/smartfense.com\/pt-pt\/recursos\/guias-e-whitepapers\/desarmar-os-cibercriminosos\/obrigado\/","url":"https:\/\/smartfense.com\/pt-pt\/recursos\/guias-e-whitepapers\/desarmar-os-cibercriminosos\/obrigado\/","name":"Obrigado por descarregar o Whitepaper: Desarmando os cibercriminosos - SMARTFENSE - Sensibiliza\u00e7\u00e3o para a ciberseguran\u00e7a","isPartOf":{"@id":"https:\/\/smartfense.com\/pt-pt\/#website"},"primaryImageOfPage":{"@id":"https:\/\/smartfense.com\/pt-pt\/recursos\/guias-e-whitepapers\/desarmar-os-cibercriminosos\/obrigado\/#primaryimage"},"image":{"@id":"https:\/\/smartfense.com\/pt-pt\/recursos\/guias-e-whitepapers\/desarmar-os-cibercriminosos\/obrigado\/#primaryimage"},"thumbnailUrl":"https:\/\/smartfense.com\/file\/2023\/07\/desarmando-ciberdelincuentes-comp-1200px.jpg","datePublished":"2023-08-17T09:21:11+00:00","dateModified":"2024-09-18T08:50:47+00:00","breadcrumb":{"@id":"https:\/\/smartfense.com\/pt-pt\/recursos\/guias-e-whitepapers\/desarmar-os-cibercriminosos\/obrigado\/#breadcrumb"},"inLanguage":"pt-PT","potentialAction":[{"@type":"ReadAction","target":["https:\/\/smartfense.com\/pt-pt\/recursos\/guias-e-whitepapers\/desarmar-os-cibercriminosos\/obrigado\/"]}]},{"@type":"ImageObject","inLanguage":"pt-PT","@id":"https:\/\/smartfense.com\/pt-pt\/recursos\/guias-e-whitepapers\/desarmar-os-cibercriminosos\/obrigado\/#primaryimage","url":"https:\/\/smartfense.com\/file\/2023\/07\/desarmando-ciberdelincuentes-comp-1200px.jpg","contentUrl":"https:\/\/smartfense.com\/file\/2023\/07\/desarmando-ciberdelincuentes-comp-1200px.jpg","width":1200,"height":630},{"@type":"BreadcrumbList","@id":"https:\/\/smartfense.com\/pt-pt\/recursos\/guias-e-whitepapers\/desarmar-os-cibercriminosos\/obrigado\/#breadcrumb","itemListElement":[{"@type":"ListItem","position":1,"name":"Portada","item":"https:\/\/smartfense.com\/pt-pt\/"},{"@type":"ListItem","position":2,"name":"Recursos","item":"https:\/\/smartfense.com\/pt-pt\/recursos\/"},{"@type":"ListItem","position":3,"name":"Guias e Whitepapers","item":"https:\/\/smartfense.com\/pt-pt\/recursos\/guias-e-whitepapers\/"},{"@type":"ListItem","position":4,"name":"Desarmar os cibercriminosos: Ferramentas gratuitas para prevenir ataques de Engenharia Social","item":"https:\/\/smartfense.com\/pt-pt\/recursos\/guias-e-whitepapers\/desarmar-os-cibercriminosos\/"},{"@type":"ListItem","position":5,"name":"Obrigado por descarregar o Whitepaper: Desarmando os cibercriminosos"}]},{"@type":"WebSite","@id":"https:\/\/smartfense.com\/pt-pt\/#website","url":"https:\/\/smartfense.com\/pt-pt\/","name":"SMARTFENSE - Concienciaci\u00f3n en Ciberseguridad","description":"","publisher":{"@id":"https:\/\/smartfense.com\/pt-pt\/#organization"},"potentialAction":[{"@type":"SearchAction","target":{"@type":"EntryPoint","urlTemplate":"https:\/\/smartfense.com\/pt-pt\/?s={search_term_string}"},"query-input":{"@type":"PropertyValueSpecification","valueRequired":true,"valueName":"search_term_string"}}],"inLanguage":"pt-PT"},{"@type":"Organization","@id":"https:\/\/smartfense.com\/pt-pt\/#organization","name":"SMARTFENSE","url":"https:\/\/smartfense.com\/pt-pt\/","logo":{"@type":"ImageObject","inLanguage":"pt-PT","@id":"https:\/\/smartfense.com\/pt-pt\/#\/schema\/logo\/image\/","url":"https:\/\/smartfense.com\/file\/2023\/08\/logo-smartfense-240x40-1.png","contentUrl":"https:\/\/smartfense.com\/file\/2023\/08\/logo-smartfense-240x40-1.png","width":241,"height":40,"caption":"SMARTFENSE"},"image":{"@id":"https:\/\/smartfense.com\/pt-pt\/#\/schema\/logo\/image\/"}}]}},"_links":{"self":[{"href":"https:\/\/smartfense.com\/pt-pt\/wp-json\/wp\/v2\/pages\/10548","targetHints":{"allow":["GET"]}}],"collection":[{"href":"https:\/\/smartfense.com\/pt-pt\/wp-json\/wp\/v2\/pages"}],"about":[{"href":"https:\/\/smartfense.com\/pt-pt\/wp-json\/wp\/v2\/types\/page"}],"author":[{"embeddable":true,"href":"https:\/\/smartfense.com\/pt-pt\/wp-json\/wp\/v2\/users\/1"}],"replies":[{"embeddable":true,"href":"https:\/\/smartfense.com\/pt-pt\/wp-json\/wp\/v2\/comments?post=10548"}],"version-history":[{"count":4,"href":"https:\/\/smartfense.com\/pt-pt\/wp-json\/wp\/v2\/pages\/10548\/revisions"}],"predecessor-version":[{"id":29439,"href":"https:\/\/smartfense.com\/pt-pt\/wp-json\/wp\/v2\/pages\/10548\/revisions\/29439"}],"up":[{"embeddable":true,"href":"https:\/\/smartfense.com\/pt-pt\/wp-json\/wp\/v2\/pages\/9116"}],"wp:featuredmedia":[{"embeddable":true,"href":"https:\/\/smartfense.com\/pt-pt\/wp-json\/wp\/v2\/media\/5160"}],"wp:attachment":[{"href":"https:\/\/smartfense.com\/pt-pt\/wp-json\/wp\/v2\/media?parent=10548"}],"curies":[{"name":"wp","href":"https:\/\/api.w.org\/{rel}","templated":true}]}}