{"id":9800,"date":"2023-08-11T16:42:39","date_gmt":"2023-08-11T14:42:39","guid":{"rendered":"https:\/\/callidusprolab.com\/smartfense\/?page_id=9800"},"modified":"2024-08-06T09:29:32","modified_gmt":"2024-08-06T07:29:32","slug":"grazie-per-scaricare-il-kit-di-risorse-gratuito","status":"publish","type":"page","link":"https:\/\/smartfense.com\/it\/landing\/cybersecurity-awareness-month-2021\/grazie-per-scaricare-il-kit-di-risorse-gratuito\/","title":{"rendered":"Grazie per scaricare il Kit di Risorse Gratuito"},"content":{"rendered":"\t\t<div data-elementor-type=\"wp-page\" data-elementor-id=\"9800\" class=\"elementor elementor-9800 elementor-9797\">\n\t\t\t\t<div class=\"elementor-element elementor-element-baf7a35 e-flex e-con-boxed e-con e-parent\" data-id=\"baf7a35\" data-element_type=\"container\">\n\t\t\t\t\t<div class=\"e-con-inner\">\n\t\t<div class=\"elementor-element elementor-element-0acf31b e-con-full e-flex e-con e-parent\" data-id=\"0acf31b\" data-element_type=\"container\">\n\t\t\t\t<div class=\"elementor-element elementor-element-818d394 elementor-widget elementor-widget-text-editor\" data-id=\"818d394\" data-element_type=\"widget\" data-widget_type=\"text-editor.default\">\n\t\t\t\t<div class=\"elementor-widget-container\">\n\t\t\t\t\t\t\t<h3 style=\"text-align: center;\">Gracias por tu inter\u00e9s<\/h3>\t\t\t\t\t\t<\/div>\n\t\t\t\t<\/div>\n\t\t\t\t<div class=\"elementor-element elementor-element-a69ba76 elementor-widget elementor-widget-text-editor\" data-id=\"a69ba76\" data-element_type=\"widget\" data-widget_type=\"text-editor.default\">\n\t\t\t\t<div class=\"elementor-widget-container\">\n\t\t\t\t\t\t\t<h2 style=\"text-align: center;\">Mes de la concienciaci\u00f3n en ciberseguridad<br \/><span style=\"color: #0052f7;\">KIT DE RECURSOS GRATIS<\/span><\/h2>\t\t\t\t\t\t<\/div>\n\t\t\t\t<\/div>\n\t\t\t\t<div class=\"elementor-element elementor-element-fdd6f54 elementor-align-center elementor-invisible elementor-widget elementor-widget-button\" data-id=\"fdd6f54\" data-element_type=\"widget\" data-settings=\"{&quot;_animation&quot;:&quot;fadeInUp&quot;}\" data-widget_type=\"button.default\">\n\t\t\t\t<div class=\"elementor-widget-container\">\n\t\t\t\t\t\t\t\t<a class=\"elementor-button elementor-button-link elementor-size-sm\" href=\"https:\/\/smartfense.com\/file\/2023\/08\/SMARTFENSE-Mes-de-la-Concienciacion-Kit-de-Recursos.zip\" target=\"_blank\">\n\t\t\t\t\t\t<span class=\"elementor-button-content-wrapper\">\n\t\t\t\t\t\t\t\t\t<span class=\"elementor-button-text\">Descargar ahora<\/span>\n\t\t\t\t\t<\/span>\n\t\t\t\t\t<\/a>\n\t\t\t\t\t\t<\/div>\n\t\t\t\t<\/div>\n\t\t\t\t<div class=\"elementor-element elementor-element-ea301a2 elementor-widget elementor-widget-text-editor\" data-id=\"ea301a2\" data-element_type=\"widget\" data-widget_type=\"text-editor.default\">\n\t\t\t\t<div class=\"elementor-widget-container\">\n\t\t\t\t\t\t\t<p style=\"text-align: center;\">Te hemos enviado un email a tu bandeja de entrada para que puedas acceder a \u00e9l cuando desees.<\/p>\t\t\t\t\t\t<\/div>\n\t\t\t\t<\/div>\n\t\t\t\t<\/div>\n\t\t<div class=\"elementor-element elementor-element-dae0d6d e-con-full e-flex elementor-invisible e-con e-parent\" data-id=\"dae0d6d\" data-element_type=\"container\" data-settings=\"{&quot;animation&quot;:&quot;fadeInRight&quot;}\">\n\t\t\t\t<div class=\"elementor-element elementor-element-a1d5304 elementor-widget elementor-widget-image\" data-id=\"a1d5304\" data-element_type=\"widget\" data-widget_type=\"image.default\">\n\t\t\t\t<div class=\"elementor-widget-container\">\n\t\t\t\t\t\t\t\t\t\t\t\t\t<img fetchpriority=\"high\" decoding=\"async\" width=\"266\" height=\"318\" src=\"https:\/\/smartfense.com\/file\/2023\/08\/LP-Portada-Kit-recursos-cybersecurity-awareness-month.png\" class=\"attachment-large size-large wp-image-9730\" alt=\"\" srcset=\"https:\/\/smartfense.com\/file\/2023\/08\/LP-Portada-Kit-recursos-cybersecurity-awareness-month.png 266w, https:\/\/smartfense.com\/file\/2023\/08\/LP-Portada-Kit-recursos-cybersecurity-awareness-month-251x300.png 251w\" sizes=\"(max-width: 266px) 100vw, 266px\" \/>\t\t\t\t\t\t\t\t\t\t\t\t\t<\/div>\n\t\t\t\t<\/div>\n\t\t\t\t<\/div>\n\t\t\t\t\t<\/div>\n\t\t\t\t<\/div>\n\t\t<div class=\"elementor-element elementor-element-da01907 e-flex e-con-boxed e-con e-parent\" data-id=\"da01907\" data-element_type=\"container\" data-settings=\"{&quot;background_background&quot;:&quot;classic&quot;}\">\n\t\t\t\t\t<div class=\"e-con-inner\">\n\t\t\t\t<div class=\"elementor-element elementor-element-51acb8f elementor-widget elementor-widget-text-editor\" data-id=\"51acb8f\" data-element_type=\"widget\" data-widget_type=\"text-editor.default\">\n\t\t\t\t<div class=\"elementor-widget-container\">\n\t\t\t\t\t\t\t<h3 style=\"text-align: center;\"><span style=\"color: #0052f7;\">Te compartimos otros recursos que creemos que te pueden interesar:<\/span><\/h3>\t\t\t\t\t\t<\/div>\n\t\t\t\t<\/div>\n\t\t<div class=\"elementor-element elementor-element-d297de2 e-flex e-con-boxed e-con e-parent\" data-id=\"d297de2\" data-element_type=\"container\">\n\t\t\t\t\t<div class=\"e-con-inner\">\n\t\t<div class=\"elementor-element elementor-element-e49957d e-flex e-con-boxed e-con e-parent\" data-id=\"e49957d\" data-element_type=\"container\">\n\t\t\t\t\t<div class=\"e-con-inner\">\n\t\t\t\t<div class=\"elementor-element elementor-element-ff41713 elementor-widget elementor-widget-image\" data-id=\"ff41713\" data-element_type=\"widget\" data-widget_type=\"image.default\">\n\t\t\t\t<div class=\"elementor-widget-container\">\n\t\t\t\t\t\t\t\t\t\t\t\t\t<img decoding=\"async\" width=\"640\" height=\"336\" src=\"https:\/\/smartfense.com\/file\/2023\/08\/fraude-ceo-1200-1024x538.jpg\" class=\"attachment-large size-large wp-image-8365\" alt=\"\" srcset=\"https:\/\/smartfense.com\/file\/2023\/08\/fraude-ceo-1200-1024x538.jpg 1024w, https:\/\/smartfense.com\/file\/2023\/08\/fraude-ceo-1200-300x158.jpg 300w, https:\/\/smartfense.com\/file\/2023\/08\/fraude-ceo-1200-768x403.jpg 768w, https:\/\/smartfense.com\/file\/2023\/08\/fraude-ceo-1200.jpg 1200w\" sizes=\"(max-width: 640px) 100vw, 640px\" \/>\t\t\t\t\t\t\t\t\t\t\t\t\t<\/div>\n\t\t\t\t<\/div>\n\t\t\t\t<div class=\"elementor-element elementor-element-3ac6f1c elementor-widget elementor-widget-text-editor\" data-id=\"3ac6f1c\" data-element_type=\"widget\" data-widget_type=\"text-editor.default\">\n\t\t\t\t<div class=\"elementor-widget-container\">\n\t\t\t\t\t\t\t<h3>Fraude del CEO<\/h3>\t\t\t\t\t\t<\/div>\n\t\t\t\t<\/div>\n\t\t\t\t<div class=\"elementor-element elementor-element-082f1af elementor-widget elementor-widget-text-editor\" data-id=\"082f1af\" data-element_type=\"widget\" data-widget_type=\"text-editor.default\">\n\t\t\t\t<div class=\"elementor-widget-container\">\n\t\t\t\t\t\t\tDescubre si tu servidor de correo electr\u00f3nico puede ser utilizado por ciberdelincuentes para enviar Phishing a tus usuarios.\t\t\t\t\t\t<\/div>\n\t\t\t\t<\/div>\n\t\t\t\t<div class=\"elementor-element elementor-element-e214101 elementor-align-left elementor-invisible elementor-widget elementor-widget-button\" data-id=\"e214101\" data-element_type=\"widget\" data-settings=\"{&quot;_animation&quot;:&quot;fadeInUp&quot;}\" data-widget_type=\"button.default\">\n\t\t\t\t<div class=\"elementor-widget-container\">\n\t\t\t\t\t\t\t\t<a class=\"elementor-button elementor-button-link elementor-size-sm\" href=\"https:\/\/smartfense.com\/recursos\/herramientas-gratuitas\/fraude-del-ceo\/\">\n\t\t\t\t\t\t<span class=\"elementor-button-content-wrapper\">\n\t\t\t\t\t\t\t\t\t<span class=\"elementor-button-text\">Obtener reporte<\/span>\n\t\t\t\t\t<\/span>\n\t\t\t\t\t<\/a>\n\t\t\t\t\t\t<\/div>\n\t\t\t\t<\/div>\n\t\t\t\t\t<\/div>\n\t\t\t\t<\/div>\n\t\t<div class=\"elementor-element elementor-element-2002689 e-flex e-con-boxed e-con e-parent\" data-id=\"2002689\" data-element_type=\"container\">\n\t\t\t\t\t<div class=\"e-con-inner\">\n\t\t\t\t<div class=\"elementor-element elementor-element-022ecd6 elementor-widget elementor-widget-image\" data-id=\"022ecd6\" data-element_type=\"widget\" data-widget_type=\"image.default\">\n\t\t\t\t<div class=\"elementor-widget-container\">\n\t\t\t\t\t\t\t\t\t\t\t\t\t<img decoding=\"async\" width=\"640\" height=\"336\" src=\"https:\/\/smartfense.com\/file\/2023\/08\/phishing-1200-1024x538.jpg\" class=\"attachment-large size-large wp-image-9648\" alt=\"\" srcset=\"https:\/\/smartfense.com\/file\/2023\/08\/phishing-1200-1024x538.jpg 1024w, https:\/\/smartfense.com\/file\/2023\/08\/phishing-1200-300x158.jpg 300w, https:\/\/smartfense.com\/file\/2023\/08\/phishing-1200-768x403.jpg 768w, https:\/\/smartfense.com\/file\/2023\/08\/phishing-1200.jpg 1200w\" sizes=\"(max-width: 640px) 100vw, 640px\" \/>\t\t\t\t\t\t\t\t\t\t\t\t\t<\/div>\n\t\t\t\t<\/div>\n\t\t\t\t<div class=\"elementor-element elementor-element-3878ca3 elementor-widget elementor-widget-text-editor\" data-id=\"3878ca3\" data-element_type=\"widget\" data-widget_type=\"text-editor.default\">\n\t\t\t\t<div class=\"elementor-widget-container\">\n\t\t\t\t\t\t\t<h3>Simulaci\u00f3n de Phishing<\/h3>\t\t\t\t\t\t<\/div>\n\t\t\t\t<\/div>\n\t\t\t\t<div class=\"elementor-element elementor-element-daf441c elementor-widget elementor-widget-text-editor\" data-id=\"daf441c\" data-element_type=\"widget\" data-widget_type=\"text-editor.default\">\n\t\t\t\t<div class=\"elementor-widget-container\">\n\t\t\t\t\t\t\tDescubre cu\u00e1l es el nivel de riesgo de tu organizaci\u00f3n. Pon a prueba los h\u00e1bitos de las personas de tu empresa.\t\t\t\t\t\t<\/div>\n\t\t\t\t<\/div>\n\t\t\t\t<div class=\"elementor-element elementor-element-ac18369 elementor-align-left elementor-invisible elementor-widget elementor-widget-button\" data-id=\"ac18369\" data-element_type=\"widget\" data-settings=\"{&quot;_animation&quot;:&quot;fadeInUp&quot;}\" data-widget_type=\"button.default\">\n\t\t\t\t<div class=\"elementor-widget-container\">\n\t\t\t\t\t\t\t\t<a class=\"elementor-button elementor-button-link elementor-size-sm\" href=\"https:\/\/smartfense.com\/quiero-ver-una-demostracion\/\">\n\t\t\t\t\t\t<span class=\"elementor-button-content-wrapper\">\n\t\t\t\t\t\t\t\t\t<span class=\"elementor-button-text\">Quiero una Demo<\/span>\n\t\t\t\t\t<\/span>\n\t\t\t\t\t<\/a>\n\t\t\t\t\t\t<\/div>\n\t\t\t\t<\/div>\n\t\t\t\t\t<\/div>\n\t\t\t\t<\/div>\n\t\t\t\t\t<\/div>\n\t\t\t\t<\/div>\n\t\t\t\t\t<\/div>\n\t\t\t\t<\/div>\n\t\t\t\t<section class=\"elementor-section elementor-top-section elementor-element elementor-element-10393e2b elementor-section-full_width elementor-section-stretched elementor-section-height-default elementor-section-height-default\" data-id=\"10393e2b\" data-element_type=\"section\" data-settings=\"{&quot;stretch_section&quot;:&quot;section-stretched&quot;}\">\n\t\t\t\t\t\t<div class=\"elementor-container elementor-column-gap-no\">\n\t\t\t\t\t<div class=\"elementor-column elementor-col-100 elementor-top-column elementor-element elementor-element-7f8c4bdf\" data-id=\"7f8c4bdf\" data-element_type=\"column\">\n\t\t\t<div class=\"elementor-widget-wrap elementor-element-populated\">\n\t\t\t\t\t\t\t<\/div>\n\t\t<\/div>\n\t\t\t\t\t<\/div>\n\t\t<\/section>\n\t\t\t\t<\/div>\n\t\t","protected":false},"excerpt":{"rendered":"<p>Gracias por tu inter\u00e9s Mes de la concienciaci\u00f3n en ciberseguridad KIT DE RECURSOS GRATIS Descargar ahora Te hemos enviado un email a tu bandeja de entrada para que puedas acceder [&hellip;]<\/p>\n","protected":false},"author":1,"featured_media":0,"parent":9721,"menu_order":0,"comment_status":"closed","ping_status":"closed","template":"elementor_header_footer","meta":{"_acf_changed":false,"footnotes":""},"class_list":["post-9800","page","type-page","status-publish","hentry"],"acf":[],"yoast_head":" \n<title>Grazie per scaricare il Kit di Risorse Gratuito - SMARTFENSE - Cyber Security Awareness<\/title>\n<meta name=\"robots\" content=\"index, follow, max-snippet:-1, max-image-preview:large, max-video-preview:-1\" \/>\n<link rel=\"canonical\" href=\"https:\/\/smartfense.com\/it\/landing\/cybersecurity-awareness-month-2021\/grazie-per-scaricare-il-kit-di-risorse-gratuito\/\" \/>\n<meta property=\"og:locale\" content=\"it_IT\" \/>\n<meta property=\"og:type\" content=\"article\" \/>\n<meta property=\"og:title\" content=\"Grazie per scaricare il Kit di Risorse Gratuito - SMARTFENSE - Cyber Security Awareness\" \/>\n<meta property=\"og:description\" content=\"Gracias por tu inter\u00e9s Mes de la concienciaci\u00f3n en ciberseguridad KIT DE RECURSOS GRATIS Descargar ahora Te hemos enviado un email a tu bandeja de entrada para que puedas acceder [&hellip;]\" \/>\n<meta property=\"og:url\" content=\"https:\/\/smartfense.com\/it\/landing\/cybersecurity-awareness-month-2021\/grazie-per-scaricare-il-kit-di-risorse-gratuito\/\" \/>\n<meta property=\"og:site_name\" content=\"SMARTFENSE - Cyber Security Awareness\" \/>\n<meta property=\"article:modified_time\" content=\"2024-08-06T07:29:32+00:00\" \/>\n<meta property=\"og:image\" content=\"https:\/\/smartfense.com\/file\/2023\/08\/LP-Portada-Kit-recursos-cybersecurity-awareness-month.png\" \/>\n<meta name=\"twitter:card\" content=\"summary_large_image\" \/>\n<meta name=\"twitter:label1\" content=\"Tempo di lettura stimato\" \/>\n\t<meta name=\"twitter:data1\" content=\"2 minuti\" \/>\n<script type=\"application\/ld+json\" class=\"yoast-schema-graph\">{\"@context\":\"https:\\\/\\\/schema.org\",\"@graph\":[{\"@type\":\"WebPage\",\"@id\":\"https:\\\/\\\/smartfense.com\\\/it\\\/landing\\\/cybersecurity-awareness-month-2021\\\/grazie-per-scaricare-il-kit-di-risorse-gratuito\\\/\",\"url\":\"https:\\\/\\\/smartfense.com\\\/it\\\/landing\\\/cybersecurity-awareness-month-2021\\\/grazie-per-scaricare-il-kit-di-risorse-gratuito\\\/\",\"name\":\"Grazie per scaricare il Kit di Risorse Gratuito - SMARTFENSE - Cyber Security Awareness\",\"isPartOf\":{\"@id\":\"https:\\\/\\\/smartfense.com\\\/it\\\/#website\"},\"primaryImageOfPage\":{\"@id\":\"https:\\\/\\\/smartfense.com\\\/it\\\/landing\\\/cybersecurity-awareness-month-2021\\\/grazie-per-scaricare-il-kit-di-risorse-gratuito\\\/#primaryimage\"},\"image\":{\"@id\":\"https:\\\/\\\/smartfense.com\\\/it\\\/landing\\\/cybersecurity-awareness-month-2021\\\/grazie-per-scaricare-il-kit-di-risorse-gratuito\\\/#primaryimage\"},\"thumbnailUrl\":\"https:\\\/\\\/smartfense.com\\\/wp-content\\\/uploads\\\/2023\\\/08\\\/LP-Portada-Kit-recursos-cybersecurity-awareness-month.png\",\"datePublished\":\"2023-08-11T14:42:39+00:00\",\"dateModified\":\"2024-08-06T07:29:32+00:00\",\"breadcrumb\":{\"@id\":\"https:\\\/\\\/smartfense.com\\\/it\\\/landing\\\/cybersecurity-awareness-month-2021\\\/grazie-per-scaricare-il-kit-di-risorse-gratuito\\\/#breadcrumb\"},\"inLanguage\":\"it-IT\",\"potentialAction\":[{\"@type\":\"ReadAction\",\"target\":[\"https:\\\/\\\/smartfense.com\\\/it\\\/landing\\\/cybersecurity-awareness-month-2021\\\/grazie-per-scaricare-il-kit-di-risorse-gratuito\\\/\"]}]},{\"@type\":\"ImageObject\",\"inLanguage\":\"it-IT\",\"@id\":\"https:\\\/\\\/smartfense.com\\\/it\\\/landing\\\/cybersecurity-awareness-month-2021\\\/grazie-per-scaricare-il-kit-di-risorse-gratuito\\\/#primaryimage\",\"url\":\"https:\\\/\\\/smartfense.com\\\/wp-content\\\/uploads\\\/2023\\\/08\\\/LP-Portada-Kit-recursos-cybersecurity-awareness-month.png\",\"contentUrl\":\"https:\\\/\\\/smartfense.com\\\/wp-content\\\/uploads\\\/2023\\\/08\\\/LP-Portada-Kit-recursos-cybersecurity-awareness-month.png\"},{\"@type\":\"BreadcrumbList\",\"@id\":\"https:\\\/\\\/smartfense.com\\\/it\\\/landing\\\/cybersecurity-awareness-month-2021\\\/grazie-per-scaricare-il-kit-di-risorse-gratuito\\\/#breadcrumb\",\"itemListElement\":[{\"@type\":\"ListItem\",\"position\":1,\"name\":\"Portada\",\"item\":\"https:\\\/\\\/smartfense.com\\\/it\\\/\"},{\"@type\":\"ListItem\",\"position\":2,\"name\":\"landing\",\"item\":\"https:\\\/\\\/smartfense.com\\\/it\\\/landing\\\/\"},{\"@type\":\"ListItem\",\"position\":3,\"name\":\"Cybersecurity Awareness month 2021\",\"item\":\"https:\\\/\\\/smartfense.com\\\/it\\\/landing\\\/cybersecurity-awareness-month-2021\\\/\"},{\"@type\":\"ListItem\",\"position\":4,\"name\":\"Grazie per scaricare il Kit di Risorse Gratuito\"}]},{\"@type\":\"WebSite\",\"@id\":\"https:\\\/\\\/smartfense.com\\\/it\\\/#website\",\"url\":\"https:\\\/\\\/smartfense.com\\\/it\\\/\",\"name\":\"SMARTFENSE - Concienciaci\u00f3n en Ciberseguridad\",\"description\":\"\",\"publisher\":{\"@id\":\"https:\\\/\\\/smartfense.com\\\/it\\\/#organization\"},\"potentialAction\":[{\"@type\":\"SearchAction\",\"target\":{\"@type\":\"EntryPoint\",\"urlTemplate\":\"https:\\\/\\\/smartfense.com\\\/it\\\/?s={search_term_string}\"},\"query-input\":{\"@type\":\"PropertyValueSpecification\",\"valueRequired\":true,\"valueName\":\"search_term_string\"}}],\"inLanguage\":\"it-IT\"},{\"@type\":\"Organization\",\"@id\":\"https:\\\/\\\/smartfense.com\\\/it\\\/#organization\",\"name\":\"SMARTFENSE\",\"url\":\"https:\\\/\\\/smartfense.com\\\/it\\\/\",\"logo\":{\"@type\":\"ImageObject\",\"inLanguage\":\"it-IT\",\"@id\":\"https:\\\/\\\/smartfense.com\\\/it\\\/#\\\/schema\\\/logo\\\/image\\\/\",\"url\":\"https:\\\/\\\/smartfense.com\\\/wp-content\\\/uploads\\\/2023\\\/08\\\/logo-smartfense-240x40-1.png\",\"contentUrl\":\"https:\\\/\\\/smartfense.com\\\/wp-content\\\/uploads\\\/2023\\\/08\\\/logo-smartfense-240x40-1.png\",\"width\":241,\"height\":40,\"caption\":\"SMARTFENSE\"},\"image\":{\"@id\":\"https:\\\/\\\/smartfense.com\\\/it\\\/#\\\/schema\\\/logo\\\/image\\\/\"}}]}<\/script>\n ","yoast_head_json":{"title":"Grazie per scaricare il Kit di Risorse Gratuito - SMARTFENSE - Cyber Security Awareness","robots":{"index":"index","follow":"follow","max-snippet":"max-snippet:-1","max-image-preview":"max-image-preview:large","max-video-preview":"max-video-preview:-1"},"canonical":"https:\/\/smartfense.com\/it\/landing\/cybersecurity-awareness-month-2021\/grazie-per-scaricare-il-kit-di-risorse-gratuito\/","og_locale":"it_IT","og_type":"article","og_title":"Grazie per scaricare il Kit di Risorse Gratuito - SMARTFENSE - Cyber Security Awareness","og_description":"Gracias por tu inter\u00e9s Mes de la concienciaci\u00f3n en ciberseguridad KIT DE RECURSOS GRATIS Descargar ahora Te hemos enviado un email a tu bandeja de entrada para que puedas acceder [&hellip;]","og_url":"https:\/\/smartfense.com\/it\/landing\/cybersecurity-awareness-month-2021\/grazie-per-scaricare-il-kit-di-risorse-gratuito\/","og_site_name":"SMARTFENSE - Cyber Security Awareness","article_modified_time":"2024-08-06T07:29:32+00:00","og_image":[{"url":"https:\/\/smartfense.com\/file\/2023\/08\/LP-Portada-Kit-recursos-cybersecurity-awareness-month.png","type":"","width":"","height":""}],"twitter_card":"summary_large_image","twitter_misc":{"Tempo di lettura stimato":"2 minuti"},"schema":{"@context":"https:\/\/schema.org","@graph":[{"@type":"WebPage","@id":"https:\/\/smartfense.com\/it\/landing\/cybersecurity-awareness-month-2021\/grazie-per-scaricare-il-kit-di-risorse-gratuito\/","url":"https:\/\/smartfense.com\/it\/landing\/cybersecurity-awareness-month-2021\/grazie-per-scaricare-il-kit-di-risorse-gratuito\/","name":"Grazie per scaricare il Kit di Risorse Gratuito - SMARTFENSE - Cyber Security Awareness","isPartOf":{"@id":"https:\/\/smartfense.com\/it\/#website"},"primaryImageOfPage":{"@id":"https:\/\/smartfense.com\/it\/landing\/cybersecurity-awareness-month-2021\/grazie-per-scaricare-il-kit-di-risorse-gratuito\/#primaryimage"},"image":{"@id":"https:\/\/smartfense.com\/it\/landing\/cybersecurity-awareness-month-2021\/grazie-per-scaricare-il-kit-di-risorse-gratuito\/#primaryimage"},"thumbnailUrl":"https:\/\/smartfense.com\/file\/2023\/08\/LP-Portada-Kit-recursos-cybersecurity-awareness-month.png","datePublished":"2023-08-11T14:42:39+00:00","dateModified":"2024-08-06T07:29:32+00:00","breadcrumb":{"@id":"https:\/\/smartfense.com\/it\/landing\/cybersecurity-awareness-month-2021\/grazie-per-scaricare-il-kit-di-risorse-gratuito\/#breadcrumb"},"inLanguage":"it-IT","potentialAction":[{"@type":"ReadAction","target":["https:\/\/smartfense.com\/it\/landing\/cybersecurity-awareness-month-2021\/grazie-per-scaricare-il-kit-di-risorse-gratuito\/"]}]},{"@type":"ImageObject","inLanguage":"it-IT","@id":"https:\/\/smartfense.com\/it\/landing\/cybersecurity-awareness-month-2021\/grazie-per-scaricare-il-kit-di-risorse-gratuito\/#primaryimage","url":"https:\/\/smartfense.com\/file\/2023\/08\/LP-Portada-Kit-recursos-cybersecurity-awareness-month.png","contentUrl":"https:\/\/smartfense.com\/file\/2023\/08\/LP-Portada-Kit-recursos-cybersecurity-awareness-month.png"},{"@type":"BreadcrumbList","@id":"https:\/\/smartfense.com\/it\/landing\/cybersecurity-awareness-month-2021\/grazie-per-scaricare-il-kit-di-risorse-gratuito\/#breadcrumb","itemListElement":[{"@type":"ListItem","position":1,"name":"Portada","item":"https:\/\/smartfense.com\/it\/"},{"@type":"ListItem","position":2,"name":"landing","item":"https:\/\/smartfense.com\/it\/landing\/"},{"@type":"ListItem","position":3,"name":"Cybersecurity Awareness month 2021","item":"https:\/\/smartfense.com\/it\/landing\/cybersecurity-awareness-month-2021\/"},{"@type":"ListItem","position":4,"name":"Grazie per scaricare il Kit di Risorse Gratuito"}]},{"@type":"WebSite","@id":"https:\/\/smartfense.com\/it\/#website","url":"https:\/\/smartfense.com\/it\/","name":"SMARTFENSE - Concienciaci\u00f3n en Ciberseguridad","description":"","publisher":{"@id":"https:\/\/smartfense.com\/it\/#organization"},"potentialAction":[{"@type":"SearchAction","target":{"@type":"EntryPoint","urlTemplate":"https:\/\/smartfense.com\/it\/?s={search_term_string}"},"query-input":{"@type":"PropertyValueSpecification","valueRequired":true,"valueName":"search_term_string"}}],"inLanguage":"it-IT"},{"@type":"Organization","@id":"https:\/\/smartfense.com\/it\/#organization","name":"SMARTFENSE","url":"https:\/\/smartfense.com\/it\/","logo":{"@type":"ImageObject","inLanguage":"it-IT","@id":"https:\/\/smartfense.com\/it\/#\/schema\/logo\/image\/","url":"https:\/\/smartfense.com\/file\/2023\/08\/logo-smartfense-240x40-1.png","contentUrl":"https:\/\/smartfense.com\/file\/2023\/08\/logo-smartfense-240x40-1.png","width":241,"height":40,"caption":"SMARTFENSE"},"image":{"@id":"https:\/\/smartfense.com\/it\/#\/schema\/logo\/image\/"}}]}},"_links":{"self":[{"href":"https:\/\/smartfense.com\/it\/wp-json\/wp\/v2\/pages\/9800","targetHints":{"allow":["GET"]}}],"collection":[{"href":"https:\/\/smartfense.com\/it\/wp-json\/wp\/v2\/pages"}],"about":[{"href":"https:\/\/smartfense.com\/it\/wp-json\/wp\/v2\/types\/page"}],"author":[{"embeddable":true,"href":"https:\/\/smartfense.com\/it\/wp-json\/wp\/v2\/users\/1"}],"replies":[{"embeddable":true,"href":"https:\/\/smartfense.com\/it\/wp-json\/wp\/v2\/comments?post=9800"}],"version-history":[{"count":1,"href":"https:\/\/smartfense.com\/it\/wp-json\/wp\/v2\/pages\/9800\/revisions"}],"predecessor-version":[{"id":26256,"href":"https:\/\/smartfense.com\/it\/wp-json\/wp\/v2\/pages\/9800\/revisions\/26256"}],"up":[{"embeddable":true,"href":"https:\/\/smartfense.com\/it\/wp-json\/wp\/v2\/pages\/9721"}],"wp:attachment":[{"href":"https:\/\/smartfense.com\/it\/wp-json\/wp\/v2\/media?parent=9800"}],"curies":[{"name":"wp","href":"https:\/\/api.w.org\/{rel}","templated":true}]}}