{"id":9155,"date":"2023-07-24T06:57:25","date_gmt":"2023-07-24T04:57:25","guid":{"rendered":"https:\/\/callidusprolab.com\/smartfense\/email-harvester\/"},"modified":"2024-09-18T11:15:02","modified_gmt":"2024-09-18T09:15:02","slug":"email-harvester","status":"publish","type":"page","link":"https:\/\/smartfense.com\/it\/risorse\/strumenti-gratuiti\/email-harvester\/","title":{"rendered":"Email Harvester"},"content":{"rendered":"\t\t<div data-elementor-type=\"wp-page\" data-elementor-id=\"9155\" class=\"elementor elementor-9155 elementor-4537\">\n\t\t\t\t<div class=\"elementor-element elementor-element-baf7a35 e-flex e-con-boxed e-con e-parent\" data-id=\"baf7a35\" data-element_type=\"container\">\n\t\t\t\t\t<div class=\"e-con-inner\">\n\t\t<div class=\"elementor-element elementor-element-0acf31b e-con-full e-flex e-con e-child\" data-id=\"0acf31b\" data-element_type=\"container\">\n\t\t\t\t<div class=\"elementor-element elementor-element-ea301a2 elementor-widget elementor-widget-text-editor\" data-id=\"ea301a2\" data-element_type=\"widget\" data-widget_type=\"text-editor.default\">\n\t\t\t\t<div class=\"elementor-widget-container\">\n\t\t\t\t\t\t\t<p>Pi\u00f9 sono gli account di posta elettronica aziendali esposti su Internet, pi\u00f9 la tua organizzazione \u00e8 soggetta a un attacco di <strong>Spear Phishing<\/strong>.<\/p><p>Scopri se ci sono indirizzi di email esposte in fonti aperte con il dominio della tua organizzazione con questo controllo Email Harvester.<\/p><p>La nostra piattaforma automatizza questo servizio, che si consiglia di eseguire regolarmente.<\/p>\t\t\t\t\t\t<\/div>\n\t\t\t\t<\/div>\n\t\t\t\t<\/div>\n\t\t<div class=\"elementor-element elementor-element-dae0d6d e-con-full e-flex elementor-invisible e-con e-child\" data-id=\"dae0d6d\" data-element_type=\"container\" data-settings=\"{&quot;animation&quot;:&quot;fadeInRight&quot;}\">\n\t\t\t\t<div class=\"elementor-element elementor-element-a1d5304 elementor-widget elementor-widget-image\" data-id=\"a1d5304\" data-element_type=\"widget\" data-widget_type=\"image.default\">\n\t\t\t\t<div class=\"elementor-widget-container\">\n\t\t\t\t\t\t\t\t\t\t\t\t\t<img fetchpriority=\"high\" decoding=\"async\" width=\"640\" height=\"336\" src=\"https:\/\/smartfense.com\/file\/2023\/08\/harvester-1200-1024x538.jpg\" class=\"attachment-large size-large wp-image-8332\" alt=\"\" srcset=\"https:\/\/smartfense.com\/file\/2023\/08\/harvester-1200-1024x538.jpg 1024w, https:\/\/smartfense.com\/file\/2023\/08\/harvester-1200-300x158.jpg 300w, https:\/\/smartfense.com\/file\/2023\/08\/harvester-1200-768x403.jpg 768w, https:\/\/smartfense.com\/file\/2023\/08\/harvester-1200.jpg 1200w\" sizes=\"(max-width: 640px) 100vw, 640px\" \/>\t\t\t\t\t\t\t\t\t\t\t\t\t<\/div>\n\t\t\t\t<\/div>\n\t\t\t\t<\/div>\n\t\t\t\t\t<\/div>\n\t\t\t\t<\/div>\n\t\t<div class=\"elementor-element elementor-element-c459dd3 e-flex e-con-boxed e-con e-parent\" data-id=\"c459dd3\" data-element_type=\"container\" data-settings=\"{&quot;background_background&quot;:&quot;classic&quot;,&quot;animation&quot;:&quot;none&quot;}\">\n\t\t\t\t\t<div class=\"e-con-inner\">\n\t\t\t\t<div class=\"elementor-element elementor-element-e9d3fd3 elementor-widget elementor-widget-text-editor\" data-id=\"e9d3fd3\" data-element_type=\"widget\" data-widget_type=\"text-editor.default\">\n\t\t\t\t<div class=\"elementor-widget-container\">\n\t\t\t\t\t\t\t<h4>RICEVI SUBITO UN&#8217;ANALISI COMPLETA DELL&#8217;EMAIL HARVESTER PER IL TUO DOMINIO<\/h4>\t\t\t\t\t\t<\/div>\n\t\t\t\t<\/div>\n\t\t\t\t<div class=\"elementor-element elementor-element-bfdd352 elementor-widget elementor-widget-spacer\" data-id=\"bfdd352\" data-element_type=\"widget\" data-widget_type=\"spacer.default\">\n\t\t\t\t<div class=\"elementor-widget-container\">\n\t\t\t\t\t<div class=\"elementor-spacer\">\n\t\t\t<div class=\"elementor-spacer-inner\"><\/div>\n\t\t<\/div>\n\t\t\t\t<\/div>\n\t\t\t\t<\/div>\n\t\t\t\t<div class=\"elementor-element elementor-element-db8e7b1 elementor-widget elementor-widget-text-editor\" data-id=\"db8e7b1\" data-element_type=\"widget\" data-widget_type=\"text-editor.default\">\n\t\t\t\t<div class=\"elementor-widget-container\">\n\t\t\t\t\t\t\t<div id=\"quform-c967e6\" class=\"quform quform-10 quform-support-page-caching\"><form id=\"quform-form-c967e6\" class=\"quform-form quform-form-10\" action=\"\/it\/wp-json\/wp\/v2\/pages\/9155#quform-c967e6\" method=\"post\" enctype=\"multipart\/form-data\" novalidate=\"novalidate\" data-options=\"{&quot;id&quot;:10,&quot;uniqueId&quot;:&quot;c967e6&quot;,&quot;theme&quot;:&quot;&quot;,&quot;ajax&quot;:true,&quot;logic&quot;:{&quot;logic&quot;:[],&quot;dependents&quot;:[],&quot;elementIds&quot;:[],&quot;dependentElementIds&quot;:[],&quot;animate&quot;:true},&quot;currentPageId&quot;:1,&quot;errorsIcon&quot;:&quot;&quot;,&quot;updateFancybox&quot;:true,&quot;hasPages&quot;:false,&quot;pages&quot;:[1],&quot;pageProgressType&quot;:&quot;numbers&quot;,&quot;tooltipsEnabled&quot;:true,&quot;tooltipClasses&quot;:&quot;qtip-quform-dark qtip-shadow&quot;,&quot;tooltipMy&quot;:&quot;left center&quot;,&quot;tooltipAt&quot;:&quot;right center&quot;,&quot;isRtl&quot;:false,&quot;scrollOffset&quot;:-50,&quot;scrollSpeed&quot;:800}\"><button class=\"quform-default-submit\" name=\"quform_submit\" type=\"submit\" value=\"submit\" aria-hidden=\"true\" tabindex=\"-1\"><\/button><div class=\"quform-form-inner quform-form-inner-10\"><input type=\"hidden\" name=\"quform_form_id\" value=\"10\" \/><input type=\"hidden\" name=\"quform_form_uid\" value=\"c967e6\" \/><input type=\"hidden\" name=\"quform_count\" value=\"1\" \/><input type=\"hidden\" name=\"form_url\" value=\"https:\/\/smartfense.com\/it\/wp-json\/wp\/v2\/pages\/9155\" \/><input type=\"hidden\" name=\"referring_url\" value=\"\" \/><input type=\"hidden\" name=\"post_id\" value=\"\" \/><input type=\"hidden\" name=\"post_title\" value=\"\" \/><input type=\"hidden\" name=\"quform_current_page_id\" value=\"1\" \/><input type=\"hidden\" name=\"quform_csrf_token\" value=\"3S0PLchHjmHbKqdxpNIOGeq0bp6FOyWETux3vZb0\" \/><div class=\"quform-elements quform-elements-10 quform-cf quform-responsive-elements-phone-portrait\"><div class=\"quform-element quform-element-page quform-page-1 quform-page-10_1 quform-cf quform-group-style-plain quform-first-page quform-last-page quform-current-page\"><div class=\"quform-child-elements\"><div class=\"quform-element quform-element-row quform-element-row-10_19 quform-2-columns quform-element-row-size-fixed quform-responsive-columns-phone-portrait\"><div class=\"quform-element quform-element-column quform-element-10_20\"><div class=\"quform-element quform-element-name quform-element-10_4 quform-cf quform-element-required\"><div class=\"quform-spacer\"><div class=\"quform-label quform-label-10_4\"><span class=\"quform-label-icon\"><i class=\"fa fa-user\"><\/i><\/span><label class=\"quform-label-text\" id=\"quform_10_4_c967e6_label\">Nome e Cognome<span class=\"quform-required\">*<\/span><\/label><\/div><div class=\"quform-inner quform-inner-name quform-inner-10_4\"><div class=\"quform-input quform-input-name quform-input-10_4 quform-cf\"><div class=\"quform-element-row quform-1-columns quform-element-row-size-fixed quform-responsive-columns-phone-portrait\"><div class=\"quform-element-column\"><div class=\"quform-element quform-element-text quform-element-10_4_4 quform-cf quform-element-required\"><div class=\"quform-spacer\"><div class=\"quform-inner quform-inner-text quform-inner-10_4_4\"><div class=\"quform-input quform-input-text quform-input-10_4_4 quform-cf\"><input type=\"text\" id=\"quform_10_4_4_c967e6\" name=\"quform_10_4[4]\" class=\"quform-field quform-field-text quform-field-10_4_4\" aria-labelledby=\"quform_10_4_c967e6_label\" \/><\/div><\/div><\/div><\/div><\/div><\/div><\/div><\/div><\/div><\/div><\/div><div class=\"quform-element quform-element-column quform-element-10_21\"><div class=\"quform-element quform-element-row quform-element-row-10_22 quform-2-columns quform-element-row-size-fixed quform-responsive-columns-phone-portrait\"><div class=\"quform-element quform-element-column quform-element-10_23\"><div class=\"quform-element quform-element-email quform-element-10_5 quform-cf quform-element-required\"><div class=\"quform-spacer\"><div class=\"quform-label quform-label-10_5\"><span class=\"quform-label-icon\"><i class=\"fa fa-envelope\"><\/i><\/span><label class=\"quform-label-text\" for=\"quform_10_5_c967e6\">Indirizzo email<span class=\"quform-required\">*<\/span><\/label><\/div><div class=\"quform-inner quform-inner-email quform-inner-10_5\"><div class=\"quform-input quform-input-email quform-input-10_5 quform-cf\"><input type=\"email\" id=\"quform_10_5_c967e6\" name=\"quform_10_5\" class=\"quform-field quform-field-email quform-field-10_5\" \/><\/div><\/div><\/div><\/div><\/div><div class=\"quform-element quform-element-column quform-element-10_24\"><div class=\"quform-element quform-element-text quform-element-10_25 quform-cf quform-element-required\"><div class=\"quform-spacer\"><div class=\"quform-label quform-label-10_25\"><span class=\"quform-label-icon\"><i class=\"fa fa-building-o\"><\/i><\/span><label class=\"quform-label-text\" for=\"quform_10_25_c967e6\">Azienda<span class=\"quform-required\">*<\/span><\/label><\/div><div class=\"quform-inner quform-inner-text quform-inner-10_25\"><div class=\"quform-input quform-input-text quform-input-10_25 quform-cf\"><input type=\"text\" id=\"quform_10_25_c967e6\" name=\"quform_10_25\" class=\"quform-field quform-field-text quform-field-10_25\" \/><\/div><\/div><\/div><\/div><\/div><\/div><\/div><\/div><div class=\"quform-element quform-element-row quform-element-row-10_30 quform-2-columns quform-element-row-size-fixed quform-responsive-columns-phone-portrait\"><div class=\"quform-element quform-element-column quform-element-10_31\"><div class=\"quform-element quform-element-text quform-element-10_7 quform-cf quform-element-required\"><div class=\"quform-spacer\"><div class=\"quform-label quform-label-10_7\"><span class=\"quform-label-icon\"><i class=\"fa fa-globe\"><\/i><\/span><label class=\"quform-label-text\" for=\"quform_10_7_c967e6\">Dominio<span class=\"quform-required\">*<\/span><\/label><\/div><div class=\"quform-inner quform-inner-text quform-inner-10_7\"><div class=\"quform-input quform-input-text quform-input-10_7 quform-cf\"><input type=\"text\" id=\"quform_10_7_c967e6\" name=\"quform_10_7\" class=\"quform-field quform-field-text quform-field-10_7\" \/><\/div><\/div><\/div><\/div><\/div><div class=\"quform-element quform-element-column quform-element-10_32\"><div class=\"quform-element quform-element-checkbox quform-element-10_28 quform-cf quform-element-required\"><div class=\"quform-spacer\"><div class=\"quform-label quform-label-10_28\"><label class=\"quform-label-text\" id=\"quform_10_28_c967e6_label\">Privacy Policy<span class=\"quform-required\">*<\/span><\/label><\/div><div class=\"quform-inner quform-inner-checkbox quform-inner-10_28\"><div class=\"quform-input quform-input-checkbox quform-input-10_28 quform-cf\"><div class=\"quform-options quform-cf quform-options-block quform-options-simple\" role=\"group\" aria-labelledby=\"quform_10_28_c967e6_label\"><div class=\"quform-option\"><input type=\"checkbox\" name=\"quform_10_28[]\" id=\"quform_10_28_c967e6_1\" class=\"quform-field quform-field-checkbox quform-field-10_28 quform-field-10_28_1\" value=\"He le\u00eddo, comprendo y acepto la &lt;a href=&quot;https:\/\/smartfense.com\/politica-de-privacidad\/&quot; target=&quot;_blank&quot;&gt;pol\u00edtica de privacidad&lt;\/a&gt;\" \/><label for=\"quform_10_28_c967e6_1\" class=\"quform-option-label quform-option-label-10_28_1\"><span class=\"quform-option-text\">Ho letto, comprendo e accetto la <a href=\"https:\/\/smartfense.com\/it\/privacy-policy\/\" target=\"_blank\">privacy policy<\/a><\/span><\/label><\/div><\/div><\/div><\/div><\/div><\/div><\/div><\/div><div class=\"quform-element quform-element-recaptcha quform-element-10_33 quform-cf quform-element-required quform-recaptcha-no-size\"><div class=\"quform-spacer\"><div class=\"quform-inner quform-inner-recaptcha quform-inner-10_33\"><div class=\"quform-input quform-input-recaptcha quform-input-10_33 quform-cf\"><div class=\"quform-recaptcha\" data-config=\"{&quot;sitekey&quot;:&quot;6LcHbQUpAAAAACiW4CedsUFcHBkeoK26KnIPhrRC&quot;,&quot;_version&quot;:&quot;v3&quot;,&quot;size&quot;:&quot;invisible&quot;,&quot;type&quot;:&quot;image&quot;,&quot;theme&quot;:&quot;light&quot;,&quot;badge&quot;:&quot;bottomright&quot;}\"><\/div><noscript>Please enable JavaScript to submit this form.<\/noscript><\/div><\/div><\/div><\/div><input type=\"hidden\" name=\"quform_10_34\" class=\"quform-field quform-field-hidden quform-field-10_34\" data-default=\"\" \/><div class=\"quform-element quform-element-submit quform-element-10_2 quform-cf quform-button-style-hollow-rounded quform-button-width-small\"><div class=\"quform-button-submit quform-button-submit-default quform-button-submit-10_2 quform-button-icon-right\" data-animation=\"one\"><button name=\"quform_submit\" type=\"submit\" class=\"quform-submit\" value=\"submit\"><span class=\"quform-button-text quform-button-submit-text\">Ottieni il report<\/span><span class=\"quform-button-icon quform-button-submit-icon\"><i class=\"qicon-send\"><\/i><\/span><\/button><\/div><\/div><div class=\"quform-element-tree\"><label for=\"quform_10_0_c967e6\">This field should be left blank<\/label><input type=\"text\" id=\"quform_10_0_c967e6\" name=\"quform_10_0\" class=\"quform-field quform-field-tree quform-field-10_0\" tabindex=\"-1\" autocomplete=\"off\" \/><\/div><\/div><\/div><\/div><\/div><\/form><\/div>\t\t\t\t\t\t<\/div>\n\t\t\t\t<\/div>\n\t\t\t\t\t<\/div>\n\t\t\t\t<\/div>\n\t\t\t\t<\/div>\n\t\t","protected":false},"excerpt":{"rendered":"<p>Pi\u00f9 sono gli account di posta elettronica aziendali esposti su Internet, pi\u00f9 la tua organizzazione \u00e8 soggetta a un attacco di Spear Phishing. Scopri se ci sono indirizzi di email [&hellip;]<\/p>\n","protected":false},"author":1,"featured_media":8332,"parent":9235,"menu_order":0,"comment_status":"closed","ping_status":"closed","template":"elementor_header_footer","meta":{"_acf_changed":false,"footnotes":""},"class_list":["post-9155","page","type-page","status-publish","has-post-thumbnail","hentry"],"acf":[],"yoast_head":" \n<title>Strumento di Email Harvester - SMARTFENSE<\/title>\n<meta name=\"description\" content=\"Scopri se ci sono indirizzi di email esposte in fonti aperte con il dominio della tua organizzazione con questo controllo Email Harvester.\" \/>\n<meta name=\"robots\" content=\"index, follow, max-snippet:-1, max-image-preview:large, max-video-preview:-1\" \/>\n<link rel=\"canonical\" href=\"https:\/\/smartfense.com\/it\/risorse\/strumenti-gratuiti\/email-harvester\/\" \/>\n<meta property=\"og:locale\" content=\"it_IT\" \/>\n<meta property=\"og:type\" content=\"article\" \/>\n<meta property=\"og:title\" content=\"Strumento di Email Harvester - SMARTFENSE\" \/>\n<meta property=\"og:description\" content=\"Scopri se ci sono indirizzi di email esposte in fonti aperte con il dominio della tua organizzazione con questo controllo Email Harvester.\" \/>\n<meta property=\"og:url\" content=\"https:\/\/smartfense.com\/it\/risorse\/strumenti-gratuiti\/email-harvester\/\" \/>\n<meta property=\"og:site_name\" content=\"SMARTFENSE - Cyber Security Awareness\" \/>\n<meta property=\"article:modified_time\" content=\"2024-09-18T09:15:02+00:00\" \/>\n<meta property=\"og:image\" content=\"https:\/\/smartfense.com\/file\/2023\/08\/harvester-1200.jpg\" \/>\n\t<meta property=\"og:image:width\" content=\"1200\" \/>\n\t<meta property=\"og:image:height\" content=\"630\" \/>\n\t<meta property=\"og:image:type\" content=\"image\/jpeg\" \/>\n<meta name=\"twitter:card\" content=\"summary_large_image\" \/>\n<meta name=\"twitter:label1\" content=\"Tempo di lettura stimato\" \/>\n\t<meta name=\"twitter:data1\" content=\"1 minuto\" \/>\n<script type=\"application\/ld+json\" class=\"yoast-schema-graph\">{\"@context\":\"https:\\\/\\\/schema.org\",\"@graph\":[{\"@type\":\"WebPage\",\"@id\":\"https:\\\/\\\/smartfense.com\\\/it\\\/risorse\\\/strumenti-gratuiti\\\/email-harvester\\\/\",\"url\":\"https:\\\/\\\/smartfense.com\\\/it\\\/risorse\\\/strumenti-gratuiti\\\/email-harvester\\\/\",\"name\":\"Strumento di Email Harvester - SMARTFENSE\",\"isPartOf\":{\"@id\":\"https:\\\/\\\/smartfense.com\\\/it\\\/#website\"},\"primaryImageOfPage\":{\"@id\":\"https:\\\/\\\/smartfense.com\\\/it\\\/risorse\\\/strumenti-gratuiti\\\/email-harvester\\\/#primaryimage\"},\"image\":{\"@id\":\"https:\\\/\\\/smartfense.com\\\/it\\\/risorse\\\/strumenti-gratuiti\\\/email-harvester\\\/#primaryimage\"},\"thumbnailUrl\":\"https:\\\/\\\/smartfense.com\\\/wp-content\\\/uploads\\\/2023\\\/08\\\/harvester-1200.jpg\",\"datePublished\":\"2023-07-24T04:57:25+00:00\",\"dateModified\":\"2024-09-18T09:15:02+00:00\",\"description\":\"Scopri se ci sono indirizzi di email esposte in fonti aperte con il dominio della tua organizzazione con questo controllo Email Harvester.\",\"breadcrumb\":{\"@id\":\"https:\\\/\\\/smartfense.com\\\/it\\\/risorse\\\/strumenti-gratuiti\\\/email-harvester\\\/#breadcrumb\"},\"inLanguage\":\"it-IT\",\"potentialAction\":[{\"@type\":\"ReadAction\",\"target\":[\"https:\\\/\\\/smartfense.com\\\/it\\\/risorse\\\/strumenti-gratuiti\\\/email-harvester\\\/\"]}]},{\"@type\":\"ImageObject\",\"inLanguage\":\"it-IT\",\"@id\":\"https:\\\/\\\/smartfense.com\\\/it\\\/risorse\\\/strumenti-gratuiti\\\/email-harvester\\\/#primaryimage\",\"url\":\"https:\\\/\\\/smartfense.com\\\/wp-content\\\/uploads\\\/2023\\\/08\\\/harvester-1200.jpg\",\"contentUrl\":\"https:\\\/\\\/smartfense.com\\\/wp-content\\\/uploads\\\/2023\\\/08\\\/harvester-1200.jpg\",\"width\":1200,\"height\":630},{\"@type\":\"BreadcrumbList\",\"@id\":\"https:\\\/\\\/smartfense.com\\\/it\\\/risorse\\\/strumenti-gratuiti\\\/email-harvester\\\/#breadcrumb\",\"itemListElement\":[{\"@type\":\"ListItem\",\"position\":1,\"name\":\"Portada\",\"item\":\"https:\\\/\\\/smartfense.com\\\/it\\\/\"},{\"@type\":\"ListItem\",\"position\":2,\"name\":\"Risorse\",\"item\":\"https:\\\/\\\/smartfense.com\\\/it\\\/risorse\\\/\"},{\"@type\":\"ListItem\",\"position\":3,\"name\":\"Strumenti gratuiti\",\"item\":\"https:\\\/\\\/smartfense.com\\\/it\\\/risorse\\\/strumenti-gratuiti\\\/\"},{\"@type\":\"ListItem\",\"position\":4,\"name\":\"Email Harvester\"}]},{\"@type\":\"WebSite\",\"@id\":\"https:\\\/\\\/smartfense.com\\\/it\\\/#website\",\"url\":\"https:\\\/\\\/smartfense.com\\\/it\\\/\",\"name\":\"SMARTFENSE - Concienciaci\u00f3n en Ciberseguridad\",\"description\":\"\",\"publisher\":{\"@id\":\"https:\\\/\\\/smartfense.com\\\/it\\\/#organization\"},\"potentialAction\":[{\"@type\":\"SearchAction\",\"target\":{\"@type\":\"EntryPoint\",\"urlTemplate\":\"https:\\\/\\\/smartfense.com\\\/it\\\/?s={search_term_string}\"},\"query-input\":{\"@type\":\"PropertyValueSpecification\",\"valueRequired\":true,\"valueName\":\"search_term_string\"}}],\"inLanguage\":\"it-IT\"},{\"@type\":\"Organization\",\"@id\":\"https:\\\/\\\/smartfense.com\\\/it\\\/#organization\",\"name\":\"SMARTFENSE\",\"url\":\"https:\\\/\\\/smartfense.com\\\/it\\\/\",\"logo\":{\"@type\":\"ImageObject\",\"inLanguage\":\"it-IT\",\"@id\":\"https:\\\/\\\/smartfense.com\\\/it\\\/#\\\/schema\\\/logo\\\/image\\\/\",\"url\":\"https:\\\/\\\/smartfense.com\\\/wp-content\\\/uploads\\\/2023\\\/08\\\/logo-smartfense-240x40-1.png\",\"contentUrl\":\"https:\\\/\\\/smartfense.com\\\/wp-content\\\/uploads\\\/2023\\\/08\\\/logo-smartfense-240x40-1.png\",\"width\":241,\"height\":40,\"caption\":\"SMARTFENSE\"},\"image\":{\"@id\":\"https:\\\/\\\/smartfense.com\\\/it\\\/#\\\/schema\\\/logo\\\/image\\\/\"}}]}<\/script>\n ","yoast_head_json":{"title":"Strumento di Email Harvester - SMARTFENSE","description":"Scopri se ci sono indirizzi di email esposte in fonti aperte con il dominio della tua organizzazione con questo controllo Email Harvester.","robots":{"index":"index","follow":"follow","max-snippet":"max-snippet:-1","max-image-preview":"max-image-preview:large","max-video-preview":"max-video-preview:-1"},"canonical":"https:\/\/smartfense.com\/it\/risorse\/strumenti-gratuiti\/email-harvester\/","og_locale":"it_IT","og_type":"article","og_title":"Strumento di Email Harvester - SMARTFENSE","og_description":"Scopri se ci sono indirizzi di email esposte in fonti aperte con il dominio della tua organizzazione con questo controllo Email Harvester.","og_url":"https:\/\/smartfense.com\/it\/risorse\/strumenti-gratuiti\/email-harvester\/","og_site_name":"SMARTFENSE - Cyber Security Awareness","article_modified_time":"2024-09-18T09:15:02+00:00","og_image":[{"width":1200,"height":630,"url":"https:\/\/smartfense.com\/file\/2023\/08\/harvester-1200.jpg","type":"image\/jpeg"}],"twitter_card":"summary_large_image","twitter_misc":{"Tempo di lettura stimato":"1 minuto"},"schema":{"@context":"https:\/\/schema.org","@graph":[{"@type":"WebPage","@id":"https:\/\/smartfense.com\/it\/risorse\/strumenti-gratuiti\/email-harvester\/","url":"https:\/\/smartfense.com\/it\/risorse\/strumenti-gratuiti\/email-harvester\/","name":"Strumento di Email Harvester - SMARTFENSE","isPartOf":{"@id":"https:\/\/smartfense.com\/it\/#website"},"primaryImageOfPage":{"@id":"https:\/\/smartfense.com\/it\/risorse\/strumenti-gratuiti\/email-harvester\/#primaryimage"},"image":{"@id":"https:\/\/smartfense.com\/it\/risorse\/strumenti-gratuiti\/email-harvester\/#primaryimage"},"thumbnailUrl":"https:\/\/smartfense.com\/file\/2023\/08\/harvester-1200.jpg","datePublished":"2023-07-24T04:57:25+00:00","dateModified":"2024-09-18T09:15:02+00:00","description":"Scopri se ci sono indirizzi di email esposte in fonti aperte con il dominio della tua organizzazione con questo controllo Email Harvester.","breadcrumb":{"@id":"https:\/\/smartfense.com\/it\/risorse\/strumenti-gratuiti\/email-harvester\/#breadcrumb"},"inLanguage":"it-IT","potentialAction":[{"@type":"ReadAction","target":["https:\/\/smartfense.com\/it\/risorse\/strumenti-gratuiti\/email-harvester\/"]}]},{"@type":"ImageObject","inLanguage":"it-IT","@id":"https:\/\/smartfense.com\/it\/risorse\/strumenti-gratuiti\/email-harvester\/#primaryimage","url":"https:\/\/smartfense.com\/file\/2023\/08\/harvester-1200.jpg","contentUrl":"https:\/\/smartfense.com\/file\/2023\/08\/harvester-1200.jpg","width":1200,"height":630},{"@type":"BreadcrumbList","@id":"https:\/\/smartfense.com\/it\/risorse\/strumenti-gratuiti\/email-harvester\/#breadcrumb","itemListElement":[{"@type":"ListItem","position":1,"name":"Portada","item":"https:\/\/smartfense.com\/it\/"},{"@type":"ListItem","position":2,"name":"Risorse","item":"https:\/\/smartfense.com\/it\/risorse\/"},{"@type":"ListItem","position":3,"name":"Strumenti gratuiti","item":"https:\/\/smartfense.com\/it\/risorse\/strumenti-gratuiti\/"},{"@type":"ListItem","position":4,"name":"Email Harvester"}]},{"@type":"WebSite","@id":"https:\/\/smartfense.com\/it\/#website","url":"https:\/\/smartfense.com\/it\/","name":"SMARTFENSE - Concienciaci\u00f3n en Ciberseguridad","description":"","publisher":{"@id":"https:\/\/smartfense.com\/it\/#organization"},"potentialAction":[{"@type":"SearchAction","target":{"@type":"EntryPoint","urlTemplate":"https:\/\/smartfense.com\/it\/?s={search_term_string}"},"query-input":{"@type":"PropertyValueSpecification","valueRequired":true,"valueName":"search_term_string"}}],"inLanguage":"it-IT"},{"@type":"Organization","@id":"https:\/\/smartfense.com\/it\/#organization","name":"SMARTFENSE","url":"https:\/\/smartfense.com\/it\/","logo":{"@type":"ImageObject","inLanguage":"it-IT","@id":"https:\/\/smartfense.com\/it\/#\/schema\/logo\/image\/","url":"https:\/\/smartfense.com\/file\/2023\/08\/logo-smartfense-240x40-1.png","contentUrl":"https:\/\/smartfense.com\/file\/2023\/08\/logo-smartfense-240x40-1.png","width":241,"height":40,"caption":"SMARTFENSE"},"image":{"@id":"https:\/\/smartfense.com\/it\/#\/schema\/logo\/image\/"}}]}},"_links":{"self":[{"href":"https:\/\/smartfense.com\/it\/wp-json\/wp\/v2\/pages\/9155","targetHints":{"allow":["GET"]}}],"collection":[{"href":"https:\/\/smartfense.com\/it\/wp-json\/wp\/v2\/pages"}],"about":[{"href":"https:\/\/smartfense.com\/it\/wp-json\/wp\/v2\/types\/page"}],"author":[{"embeddable":true,"href":"https:\/\/smartfense.com\/it\/wp-json\/wp\/v2\/users\/1"}],"replies":[{"embeddable":true,"href":"https:\/\/smartfense.com\/it\/wp-json\/wp\/v2\/comments?post=9155"}],"version-history":[{"count":3,"href":"https:\/\/smartfense.com\/it\/wp-json\/wp\/v2\/pages\/9155\/revisions"}],"predecessor-version":[{"id":29561,"href":"https:\/\/smartfense.com\/it\/wp-json\/wp\/v2\/pages\/9155\/revisions\/29561"}],"up":[{"embeddable":true,"href":"https:\/\/smartfense.com\/it\/wp-json\/wp\/v2\/pages\/9235"}],"wp:featuredmedia":[{"embeddable":true,"href":"https:\/\/smartfense.com\/it\/wp-json\/wp\/v2\/media\/8332"}],"wp:attachment":[{"href":"https:\/\/smartfense.com\/it\/wp-json\/wp\/v2\/media?parent=9155"}],"curies":[{"name":"wp","href":"https:\/\/api.w.org\/{rel}","templated":true}]}}