{"id":9127,"date":"2023-07-24T07:30:23","date_gmt":"2023-07-24T05:30:23","guid":{"rendered":"https:\/\/callidusprolab.com\/smartfense\/kit-de-autodiagnostico-sobre-teletrabajo-seguro\/"},"modified":"2024-09-18T11:24:43","modified_gmt":"2024-09-18T09:24:43","slug":"kit-autodiagnostico-per-homeworking-sicuro","status":"publish","type":"page","link":"https:\/\/smartfense.com\/it\/risorse\/strumenti-gratuiti\/kit-autodiagnostico-per-homeworking-sicuro\/","title":{"rendered":"Kit Autodiagnostico per homeworking sicuro"},"content":{"rendered":"\t\t<div data-elementor-type=\"wp-page\" data-elementor-id=\"9127\" class=\"elementor elementor-9127 elementor-4631\">\n\t\t\t\t<div class=\"elementor-element elementor-element-baf7a35 e-flex e-con-boxed e-con e-parent\" data-id=\"baf7a35\" data-element_type=\"container\">\n\t\t\t\t\t<div class=\"e-con-inner\">\n\t\t<div class=\"elementor-element elementor-element-0acf31b e-con-full e-flex e-con e-child\" data-id=\"0acf31b\" data-element_type=\"container\">\n\t\t\t\t<div class=\"elementor-element elementor-element-ea301a2 elementor-widget elementor-widget-text-editor\" data-id=\"ea301a2\" data-element_type=\"widget\" data-widget_type=\"text-editor.default\">\n\t\t\t\t<div class=\"elementor-widget-container\">\n\t\t\t\t\t\t\t<p>Scopri il livello di rischio della tua organizzazione rispetto al telelavoro e ottieni raccomandazioni per l&#8217;implementazione delle best practice insieme a un piano di mitigazione dei rischi identificati.<\/p><p>Come ogni strumento di analisi e autovalutazione dei rischi, KATS consente di determinare il livello di esposizione della tua azienda a potenziali attacchi sulla base di una serie di semplici domande. \u00c8 anche molto facile da usare e gratuito. \u00c8 sufficiente scaricare un file Excel (senza macro) e rispondere alle domande.<\/p><p>Questo lavoro non sarebbe stato possibile senza l&#8217;impegno e la professionalit\u00e0 di Cristian Borghello, di Segu-Info; Alejandra Gim\u00e9nez, di IniciACtiva; Marcelo Temperini e Maximiliano Macedo, di AsegurarTE; e Mauro Graziosi, Mauro S\u00e1nchez e Nicol\u00e1s Bruna, di SMARTFENSE.<\/p>\t\t\t\t\t\t<\/div>\n\t\t\t\t<\/div>\n\t\t\t\t<\/div>\n\t\t<div class=\"elementor-element elementor-element-dae0d6d e-con-full e-flex elementor-invisible e-con e-child\" data-id=\"dae0d6d\" data-element_type=\"container\" data-settings=\"{&quot;animation&quot;:&quot;fadeInRight&quot;}\">\n\t\t\t\t<div class=\"elementor-element elementor-element-a1d5304 elementor-widget elementor-widget-image\" data-id=\"a1d5304\" data-element_type=\"widget\" data-widget_type=\"image.default\">\n\t\t\t\t<div class=\"elementor-widget-container\">\n\t\t\t\t\t\t\t\t\t\t\t\t\t<img fetchpriority=\"high\" decoding=\"async\" width=\"640\" height=\"336\" src=\"https:\/\/smartfense.com\/file\/2023\/07\/kats-1200px-1-1024x538.jpg\" class=\"attachment-large size-large wp-image-5027\" alt=\"\" srcset=\"https:\/\/smartfense.com\/file\/2023\/07\/kats-1200px-1-1024x538.jpg 1024w, https:\/\/smartfense.com\/file\/2023\/07\/kats-1200px-1-300x158.jpg 300w, https:\/\/smartfense.com\/file\/2023\/07\/kats-1200px-1-768x403.jpg 768w, https:\/\/smartfense.com\/file\/2023\/07\/kats-1200px-1.jpg 1200w\" sizes=\"(max-width: 640px) 100vw, 640px\" \/>\t\t\t\t\t\t\t\t\t\t\t\t\t<\/div>\n\t\t\t\t<\/div>\n\t\t\t\t<\/div>\n\t\t\t\t\t<\/div>\n\t\t\t\t<\/div>\n\t\t<div class=\"elementor-element elementor-element-664a5f60 e-flex e-con-boxed e-con e-parent\" data-id=\"664a5f60\" data-element_type=\"container\">\n\t\t\t\t\t<div class=\"e-con-inner\">\n\t\t<div class=\"elementor-element elementor-element-3c502833 e-con-full e-flex e-con e-child\" data-id=\"3c502833\" data-element_type=\"container\">\n\t\t\t\t<div class=\"elementor-element elementor-element-79f3b8ad elementor-widget elementor-widget-iconbox bdevs-el iconbox\" data-id=\"79f3b8ad\" data-element_type=\"widget\" data-widget_type=\"iconbox.default\">\n\t\t\t\t<div class=\"elementor-widget-container\">\n\t\t\t\n\n\n <div class=\"services__inner hover__active mb-30 wow fadeInUp2\" data-wow-delay=\".3s\">\n\n <div class=\"services__item white-bg text-center transition-3 \">\n\n\n\n <div class=\"services__icon d-flex align-items-end justify-content-center\">\n\n \n <figure>\n\n <img decoding=\"async\" width=\"150\" height=\"150\" src=\"https:\/\/smartfense.com\/file\/2023\/07\/secure-shield-150x150.png\" class=\"elementor-animation-disable-animation attachment-thumbnail size-thumbnail wp-image-4904\" alt=\"\" srcset=\"https:\/\/smartfense.com\/file\/2023\/07\/secure-shield-150x150.png 150w, https:\/\/smartfense.com\/file\/2023\/07\/secure-shield-300x300.png 300w, https:\/\/smartfense.com\/file\/2023\/07\/secure-shield.png 512w\" sizes=\"(max-width: 150px) 100vw, 150px\" \/>\n <\/figure>\n\n \n <\/div>\n\n\n\n <div class=\"services__content\">\n\n <h3 class=\"services__title\">Trasversale<\/h3>\n\n\n \n <p>L'indagine prende in considerazione diversi argomenti: accesso remoto, apparecchiature degli utenti, abitudini degli utenti, conformit\u00e0, gestione e organizzazione della sicurezza e monitoraggio dei progetti.<\/p>\n\n \n\n\n <\/div>\n\n\n\n <\/div>\n\n <\/div>\n\n\n\n \t\t<\/div>\n\t\t\t\t<\/div>\n\t\t\t\t<\/div>\n\t\t<div class=\"elementor-element elementor-element-2ec681fc e-con-full e-flex e-con e-child\" data-id=\"2ec681fc\" data-element_type=\"container\">\n\t\t\t\t<div class=\"elementor-element elementor-element-59058003 elementor-widget elementor-widget-iconbox bdevs-el iconbox\" data-id=\"59058003\" data-element_type=\"widget\" data-widget_type=\"iconbox.default\">\n\t\t\t\t<div class=\"elementor-widget-container\">\n\t\t\t\n\n\n <div class=\"services__inner hover__active mb-30 wow fadeInUp2\" data-wow-delay=\".3s\">\n\n <div class=\"services__item white-bg text-center transition-3 \">\n\n\n\n <div class=\"services__icon d-flex align-items-end justify-content-center\">\n\n \n <figure>\n\n <img decoding=\"async\" width=\"150\" height=\"150\" src=\"https:\/\/smartfense.com\/file\/2023\/07\/mundo-200-150x150.png\" class=\"elementor-animation-disable-animation attachment-thumbnail size-thumbnail wp-image-3344\" alt=\"\" srcset=\"https:\/\/smartfense.com\/file\/2023\/07\/mundo-200-150x150.png 150w, https:\/\/smartfense.com\/file\/2023\/07\/mundo-200.png 200w\" sizes=\"(max-width: 150px) 100vw, 150px\" \/>\n <\/figure>\n\n \n <\/div>\n\n\n\n <div class=\"services__content\">\n\n <h3 class=\"services__title\">Internazionale<\/h3>\n\n\n \n <p>Le raccomandazioni e il piano d'azione per mitigare i rischi identificati si basano sulle best practice internazionali: ISO, PCI, CSA, NIST, ecc.<br><br><\/p>\n\n \n\n\n <\/div>\n\n\n\n <\/div>\n\n <\/div>\n\n\n\n \t\t<\/div>\n\t\t\t\t<\/div>\n\t\t\t\t<\/div>\n\t\t<div class=\"elementor-element elementor-element-4e86f072 e-con-full e-flex e-con e-child\" data-id=\"4e86f072\" data-element_type=\"container\">\n\t\t\t\t<div class=\"elementor-element elementor-element-12a7ad76 elementor-widget elementor-widget-iconbox bdevs-el iconbox\" data-id=\"12a7ad76\" data-element_type=\"widget\" data-widget_type=\"iconbox.default\">\n\t\t\t\t<div class=\"elementor-widget-container\">\n\t\t\t\n\n\n <div class=\"services__inner hover__active mb-30 wow fadeInUp2\" data-wow-delay=\".3s\">\n\n <div class=\"services__item white-bg text-center transition-3 \">\n\n\n\n <div class=\"services__icon d-flex align-items-end justify-content-center\">\n\n \n <figure>\n\n <img loading=\"lazy\" decoding=\"async\" width=\"150\" height=\"150\" src=\"https:\/\/smartfense.com\/file\/2023\/07\/loading-150x150.png\" class=\"elementor-animation-disable-animation attachment-thumbnail size-thumbnail wp-image-4044\" alt=\"loading Direct Message Injection\" srcset=\"https:\/\/smartfense.com\/file\/2023\/07\/loading-150x150.png 150w, https:\/\/smartfense.com\/file\/2023\/07\/loading-300x300.png 300w, https:\/\/smartfense.com\/file\/2023\/07\/loading.png 512w\" sizes=\"(max-width: 150px) 100vw, 150px\" \/>\n <\/figure>\n\n \n <\/div>\n\n\n\n <div class=\"services__content\">\n\n <h3 class=\"services__title\">Effettivo<\/h3>\n\n\n \n <p>KATS \u00e8 facile da usare e i suoi risultati sono chiari e concreti. Inoltre, la sua utilit\u00e0 non si esaurisce con la diagnosi, ma pone l'accento sul monitoraggio dell'attuazione del piano d'azione.<\/p>\n\n \n\n\n <\/div>\n\n\n\n <\/div>\n\n <\/div>\n\n\n\n \t\t<\/div>\n\t\t\t\t<\/div>\n\t\t\t\t<\/div>\n\t\t\t\t\t<\/div>\n\t\t\t\t<\/div>\n\t\t<div class=\"elementor-element elementor-element-d2926f3 e-flex e-con-boxed e-con e-parent\" data-id=\"d2926f3\" data-element_type=\"container\" data-settings=\"{&quot;background_background&quot;:&quot;classic&quot;}\">\n\t\t\t\t\t<div class=\"e-con-inner\">\n\t\t\t\t<div class=\"elementor-element elementor-element-41067e0 elementor-widget elementor-widget-text-editor\" data-id=\"41067e0\" data-element_type=\"widget\" data-widget_type=\"text-editor.default\">\n\t\t\t\t<div class=\"elementor-widget-container\">\n\t\t\t\t\t\t\t<h4 style=\"text-align: center;\">SCARICA SUBITO IL KIT GRATUITAMENTE<\/h4>\t\t\t\t\t\t<\/div>\n\t\t\t\t<\/div>\n\t\t\t\t<div class=\"elementor-element elementor-element-dbf5895 elementor-align-center elementor-widget elementor-widget-button\" data-id=\"dbf5895\" data-element_type=\"widget\" data-widget_type=\"button.default\">\n\t\t\t\t<div class=\"elementor-widget-container\">\n\t\t\t\t\t\t\t\t<a class=\"elementor-button elementor-button-link elementor-size-sm\" href=\"https:\/\/github.com\/seguinfo\/KATS\" target=\"_blank\">\n\t\t\t\t\t\t<span class=\"elementor-button-content-wrapper\">\n\t\t\t\t\t\t\t\t\t<span class=\"elementor-button-text\">Scaricare<\/span>\n\t\t\t\t\t<\/span>\n\t\t\t\t\t<\/a>\n\t\t\t\t\t\t<\/div>\n\t\t\t\t<\/div>\n\t\t\t\t\t<\/div>\n\t\t\t\t<\/div>\n\t\t\t\t<\/div>\n\t\t","protected":false},"excerpt":{"rendered":"<p>Scopri il livello di rischio della tua organizzazione rispetto al telelavoro e ottieni raccomandazioni per l&#8217;implementazione delle best practice insieme a un piano di mitigazione dei rischi identificati. Come ogni [&hellip;]<\/p>\n","protected":false},"author":1,"featured_media":5027,"parent":9235,"menu_order":0,"comment_status":"closed","ping_status":"closed","template":"elementor_header_footer","meta":{"_acf_changed":false,"footnotes":""},"class_list":["post-9127","page","type-page","status-publish","has-post-thumbnail","hentry"],"acf":[],"yoast_head":" \n<title>Kit Autodiagnostico per homeworking sicuro - SMARTFENSE<\/title>\n<meta name=\"description\" content=\"Il kit di autodiagnosi del telelavoro consente di determinare il livello di esposizione dell&#039;organizzazione a possibili attacchi.\" \/>\n<meta name=\"robots\" content=\"index, follow, max-snippet:-1, max-image-preview:large, max-video-preview:-1\" \/>\n<link rel=\"canonical\" href=\"https:\/\/smartfense.com\/it\/risorse\/strumenti-gratuiti\/kit-autodiagnostico-per-homeworking-sicuro\/\" \/>\n<meta property=\"og:locale\" content=\"it_IT\" \/>\n<meta property=\"og:type\" content=\"article\" \/>\n<meta property=\"og:title\" content=\"Kit Autodiagnostico per homeworking sicuro - SMARTFENSE\" \/>\n<meta property=\"og:description\" content=\"Il kit di autodiagnosi del telelavoro consente di determinare il livello di esposizione dell&#039;organizzazione a possibili attacchi.\" \/>\n<meta property=\"og:url\" content=\"https:\/\/smartfense.com\/it\/risorse\/strumenti-gratuiti\/kit-autodiagnostico-per-homeworking-sicuro\/\" \/>\n<meta property=\"og:site_name\" content=\"SMARTFENSE - Cyber Security Awareness\" \/>\n<meta property=\"article:modified_time\" content=\"2024-09-18T09:24:43+00:00\" \/>\n<meta property=\"og:image\" content=\"https:\/\/smartfense.com\/file\/2023\/07\/kats-1200px-1.jpg\" \/>\n\t<meta property=\"og:image:width\" content=\"1200\" \/>\n\t<meta property=\"og:image:height\" content=\"630\" \/>\n\t<meta property=\"og:image:type\" content=\"image\/jpeg\" \/>\n<meta name=\"twitter:card\" content=\"summary_large_image\" \/>\n<meta name=\"twitter:label1\" content=\"Tempo di lettura stimato\" \/>\n\t<meta name=\"twitter:data1\" content=\"2 minuti\" \/>\n<script type=\"application\/ld+json\" class=\"yoast-schema-graph\">{\"@context\":\"https:\\\/\\\/schema.org\",\"@graph\":[{\"@type\":\"WebPage\",\"@id\":\"https:\\\/\\\/smartfense.com\\\/it\\\/risorse\\\/strumenti-gratuiti\\\/kit-autodiagnostico-per-homeworking-sicuro\\\/\",\"url\":\"https:\\\/\\\/smartfense.com\\\/it\\\/risorse\\\/strumenti-gratuiti\\\/kit-autodiagnostico-per-homeworking-sicuro\\\/\",\"name\":\"Kit Autodiagnostico per homeworking sicuro - SMARTFENSE\",\"isPartOf\":{\"@id\":\"https:\\\/\\\/smartfense.com\\\/it\\\/#website\"},\"primaryImageOfPage\":{\"@id\":\"https:\\\/\\\/smartfense.com\\\/it\\\/risorse\\\/strumenti-gratuiti\\\/kit-autodiagnostico-per-homeworking-sicuro\\\/#primaryimage\"},\"image\":{\"@id\":\"https:\\\/\\\/smartfense.com\\\/it\\\/risorse\\\/strumenti-gratuiti\\\/kit-autodiagnostico-per-homeworking-sicuro\\\/#primaryimage\"},\"thumbnailUrl\":\"https:\\\/\\\/smartfense.com\\\/wp-content\\\/uploads\\\/2023\\\/07\\\/kats-1200px-1.jpg\",\"datePublished\":\"2023-07-24T05:30:23+00:00\",\"dateModified\":\"2024-09-18T09:24:43+00:00\",\"description\":\"Il kit di autodiagnosi del telelavoro consente di determinare il livello di esposizione dell'organizzazione a possibili attacchi.\",\"breadcrumb\":{\"@id\":\"https:\\\/\\\/smartfense.com\\\/it\\\/risorse\\\/strumenti-gratuiti\\\/kit-autodiagnostico-per-homeworking-sicuro\\\/#breadcrumb\"},\"inLanguage\":\"it-IT\",\"potentialAction\":[{\"@type\":\"ReadAction\",\"target\":[\"https:\\\/\\\/smartfense.com\\\/it\\\/risorse\\\/strumenti-gratuiti\\\/kit-autodiagnostico-per-homeworking-sicuro\\\/\"]}]},{\"@type\":\"ImageObject\",\"inLanguage\":\"it-IT\",\"@id\":\"https:\\\/\\\/smartfense.com\\\/it\\\/risorse\\\/strumenti-gratuiti\\\/kit-autodiagnostico-per-homeworking-sicuro\\\/#primaryimage\",\"url\":\"https:\\\/\\\/smartfense.com\\\/wp-content\\\/uploads\\\/2023\\\/07\\\/kats-1200px-1.jpg\",\"contentUrl\":\"https:\\\/\\\/smartfense.com\\\/wp-content\\\/uploads\\\/2023\\\/07\\\/kats-1200px-1.jpg\",\"width\":1200,\"height\":630},{\"@type\":\"BreadcrumbList\",\"@id\":\"https:\\\/\\\/smartfense.com\\\/it\\\/risorse\\\/strumenti-gratuiti\\\/kit-autodiagnostico-per-homeworking-sicuro\\\/#breadcrumb\",\"itemListElement\":[{\"@type\":\"ListItem\",\"position\":1,\"name\":\"Portada\",\"item\":\"https:\\\/\\\/smartfense.com\\\/it\\\/\"},{\"@type\":\"ListItem\",\"position\":2,\"name\":\"Risorse\",\"item\":\"https:\\\/\\\/smartfense.com\\\/it\\\/risorse\\\/\"},{\"@type\":\"ListItem\",\"position\":3,\"name\":\"Strumenti gratuiti\",\"item\":\"https:\\\/\\\/smartfense.com\\\/it\\\/risorse\\\/strumenti-gratuiti\\\/\"},{\"@type\":\"ListItem\",\"position\":4,\"name\":\"Kit Autodiagnostico per homeworking sicuro\"}]},{\"@type\":\"WebSite\",\"@id\":\"https:\\\/\\\/smartfense.com\\\/it\\\/#website\",\"url\":\"https:\\\/\\\/smartfense.com\\\/it\\\/\",\"name\":\"SMARTFENSE - Concienciaci\u00f3n en Ciberseguridad\",\"description\":\"\",\"publisher\":{\"@id\":\"https:\\\/\\\/smartfense.com\\\/it\\\/#organization\"},\"potentialAction\":[{\"@type\":\"SearchAction\",\"target\":{\"@type\":\"EntryPoint\",\"urlTemplate\":\"https:\\\/\\\/smartfense.com\\\/it\\\/?s={search_term_string}\"},\"query-input\":{\"@type\":\"PropertyValueSpecification\",\"valueRequired\":true,\"valueName\":\"search_term_string\"}}],\"inLanguage\":\"it-IT\"},{\"@type\":\"Organization\",\"@id\":\"https:\\\/\\\/smartfense.com\\\/it\\\/#organization\",\"name\":\"SMARTFENSE\",\"url\":\"https:\\\/\\\/smartfense.com\\\/it\\\/\",\"logo\":{\"@type\":\"ImageObject\",\"inLanguage\":\"it-IT\",\"@id\":\"https:\\\/\\\/smartfense.com\\\/it\\\/#\\\/schema\\\/logo\\\/image\\\/\",\"url\":\"https:\\\/\\\/smartfense.com\\\/wp-content\\\/uploads\\\/2023\\\/08\\\/logo-smartfense-240x40-1.png\",\"contentUrl\":\"https:\\\/\\\/smartfense.com\\\/wp-content\\\/uploads\\\/2023\\\/08\\\/logo-smartfense-240x40-1.png\",\"width\":241,\"height\":40,\"caption\":\"SMARTFENSE\"},\"image\":{\"@id\":\"https:\\\/\\\/smartfense.com\\\/it\\\/#\\\/schema\\\/logo\\\/image\\\/\"}}]}<\/script>\n ","yoast_head_json":{"title":"Kit Autodiagnostico per homeworking sicuro - SMARTFENSE","description":"Il kit di autodiagnosi del telelavoro consente di determinare il livello di esposizione dell'organizzazione a possibili attacchi.","robots":{"index":"index","follow":"follow","max-snippet":"max-snippet:-1","max-image-preview":"max-image-preview:large","max-video-preview":"max-video-preview:-1"},"canonical":"https:\/\/smartfense.com\/it\/risorse\/strumenti-gratuiti\/kit-autodiagnostico-per-homeworking-sicuro\/","og_locale":"it_IT","og_type":"article","og_title":"Kit Autodiagnostico per homeworking sicuro - SMARTFENSE","og_description":"Il kit di autodiagnosi del telelavoro consente di determinare il livello di esposizione dell'organizzazione a possibili attacchi.","og_url":"https:\/\/smartfense.com\/it\/risorse\/strumenti-gratuiti\/kit-autodiagnostico-per-homeworking-sicuro\/","og_site_name":"SMARTFENSE - Cyber Security Awareness","article_modified_time":"2024-09-18T09:24:43+00:00","og_image":[{"width":1200,"height":630,"url":"https:\/\/smartfense.com\/file\/2023\/07\/kats-1200px-1.jpg","type":"image\/jpeg"}],"twitter_card":"summary_large_image","twitter_misc":{"Tempo di lettura stimato":"2 minuti"},"schema":{"@context":"https:\/\/schema.org","@graph":[{"@type":"WebPage","@id":"https:\/\/smartfense.com\/it\/risorse\/strumenti-gratuiti\/kit-autodiagnostico-per-homeworking-sicuro\/","url":"https:\/\/smartfense.com\/it\/risorse\/strumenti-gratuiti\/kit-autodiagnostico-per-homeworking-sicuro\/","name":"Kit Autodiagnostico per homeworking sicuro - SMARTFENSE","isPartOf":{"@id":"https:\/\/smartfense.com\/it\/#website"},"primaryImageOfPage":{"@id":"https:\/\/smartfense.com\/it\/risorse\/strumenti-gratuiti\/kit-autodiagnostico-per-homeworking-sicuro\/#primaryimage"},"image":{"@id":"https:\/\/smartfense.com\/it\/risorse\/strumenti-gratuiti\/kit-autodiagnostico-per-homeworking-sicuro\/#primaryimage"},"thumbnailUrl":"https:\/\/smartfense.com\/file\/2023\/07\/kats-1200px-1.jpg","datePublished":"2023-07-24T05:30:23+00:00","dateModified":"2024-09-18T09:24:43+00:00","description":"Il kit di autodiagnosi del telelavoro consente di determinare il livello di esposizione dell'organizzazione a possibili attacchi.","breadcrumb":{"@id":"https:\/\/smartfense.com\/it\/risorse\/strumenti-gratuiti\/kit-autodiagnostico-per-homeworking-sicuro\/#breadcrumb"},"inLanguage":"it-IT","potentialAction":[{"@type":"ReadAction","target":["https:\/\/smartfense.com\/it\/risorse\/strumenti-gratuiti\/kit-autodiagnostico-per-homeworking-sicuro\/"]}]},{"@type":"ImageObject","inLanguage":"it-IT","@id":"https:\/\/smartfense.com\/it\/risorse\/strumenti-gratuiti\/kit-autodiagnostico-per-homeworking-sicuro\/#primaryimage","url":"https:\/\/smartfense.com\/file\/2023\/07\/kats-1200px-1.jpg","contentUrl":"https:\/\/smartfense.com\/file\/2023\/07\/kats-1200px-1.jpg","width":1200,"height":630},{"@type":"BreadcrumbList","@id":"https:\/\/smartfense.com\/it\/risorse\/strumenti-gratuiti\/kit-autodiagnostico-per-homeworking-sicuro\/#breadcrumb","itemListElement":[{"@type":"ListItem","position":1,"name":"Portada","item":"https:\/\/smartfense.com\/it\/"},{"@type":"ListItem","position":2,"name":"Risorse","item":"https:\/\/smartfense.com\/it\/risorse\/"},{"@type":"ListItem","position":3,"name":"Strumenti gratuiti","item":"https:\/\/smartfense.com\/it\/risorse\/strumenti-gratuiti\/"},{"@type":"ListItem","position":4,"name":"Kit Autodiagnostico per homeworking sicuro"}]},{"@type":"WebSite","@id":"https:\/\/smartfense.com\/it\/#website","url":"https:\/\/smartfense.com\/it\/","name":"SMARTFENSE - Concienciaci\u00f3n en Ciberseguridad","description":"","publisher":{"@id":"https:\/\/smartfense.com\/it\/#organization"},"potentialAction":[{"@type":"SearchAction","target":{"@type":"EntryPoint","urlTemplate":"https:\/\/smartfense.com\/it\/?s={search_term_string}"},"query-input":{"@type":"PropertyValueSpecification","valueRequired":true,"valueName":"search_term_string"}}],"inLanguage":"it-IT"},{"@type":"Organization","@id":"https:\/\/smartfense.com\/it\/#organization","name":"SMARTFENSE","url":"https:\/\/smartfense.com\/it\/","logo":{"@type":"ImageObject","inLanguage":"it-IT","@id":"https:\/\/smartfense.com\/it\/#\/schema\/logo\/image\/","url":"https:\/\/smartfense.com\/file\/2023\/08\/logo-smartfense-240x40-1.png","contentUrl":"https:\/\/smartfense.com\/file\/2023\/08\/logo-smartfense-240x40-1.png","width":241,"height":40,"caption":"SMARTFENSE"},"image":{"@id":"https:\/\/smartfense.com\/it\/#\/schema\/logo\/image\/"}}]}},"_links":{"self":[{"href":"https:\/\/smartfense.com\/it\/wp-json\/wp\/v2\/pages\/9127","targetHints":{"allow":["GET"]}}],"collection":[{"href":"https:\/\/smartfense.com\/it\/wp-json\/wp\/v2\/pages"}],"about":[{"href":"https:\/\/smartfense.com\/it\/wp-json\/wp\/v2\/types\/page"}],"author":[{"embeddable":true,"href":"https:\/\/smartfense.com\/it\/wp-json\/wp\/v2\/users\/1"}],"replies":[{"embeddable":true,"href":"https:\/\/smartfense.com\/it\/wp-json\/wp\/v2\/comments?post=9127"}],"version-history":[{"count":3,"href":"https:\/\/smartfense.com\/it\/wp-json\/wp\/v2\/pages\/9127\/revisions"}],"predecessor-version":[{"id":29623,"href":"https:\/\/smartfense.com\/it\/wp-json\/wp\/v2\/pages\/9127\/revisions\/29623"}],"up":[{"embeddable":true,"href":"https:\/\/smartfense.com\/it\/wp-json\/wp\/v2\/pages\/9235"}],"wp:featuredmedia":[{"embeddable":true,"href":"https:\/\/smartfense.com\/it\/wp-json\/wp\/v2\/media\/5027"}],"wp:attachment":[{"href":"https:\/\/smartfense.com\/it\/wp-json\/wp\/v2\/media?parent=9127"}],"curies":[{"name":"wp","href":"https:\/\/api.w.org\/{rel}","templated":true}]}}