{"id":9048,"date":"2023-08-03T17:01:56","date_gmt":"2023-08-03T15:01:56","guid":{"rendered":"https:\/\/callidusprolab.com\/smartfense\/politica-de-subprocesadores-de-datos\/"},"modified":"2025-11-27T20:28:37","modified_gmt":"2025-11-27T19:28:37","slug":"politica-dei-subprocessori-di-dati","status":"publish","type":"page","link":"https:\/\/smartfense.com\/it\/politica-dei-subprocessori-di-dati\/","title":{"rendered":"Politica dei subprocessori di dati"},"content":{"rendered":"<h3 class=\"caracteristicas-contenido\">1. Propriet\u00e0 e controllo dei dati del tuo servizio<\/h3>\n<p class=\"caracteristicas-contenido\">\nPer poter fornire correttamente i servizi offerti da SMARTFENSE, <strong>non esiste altra modalit\u00e0 operativa se non intervenire come responsabile del trattamento (sotto le vostre istruzioni) nel trattamento delle vostre informazioni. Per questo motivo \u00e8 necessario che tu o la tua organizzazione possiate affidare a SMARTFENSE le informazioni che controllate, affinch\u00e9 sia effettivamente possibile utilizzare i nostri servizi o richiedere assistenza tecnica sui nostri prodotti.<\/strong>\n<\/p>\n<p class=\"caracteristicas-contenido\">\nCi\u00f2 include informazioni sui tuoi clienti e sui tuoi collaboratori (se sei titolare del trattamento) oppure dati che possiedi e utilizzi per conto di un\u2019altra persona per uno scopo specifico, come ad esempio un cliente al quale fornisci servizi (se sei responsabile del trattamento). I dati possono essere archiviati sui nostri server quando utilizzi i nostri servizi. Tutte le informazioni affidate a SMARTFENSE sono collettivamente denominate \u201cdati di servizio\u201d.\n<\/p>\n<p class=\"caracteristicas-contenido\">\n<strong>Riconosciamo che tu sei il proprietario dei dati di servizio:<\/strong> ti garantiamo pieno controllo sui tuoi dati di servizio offrendoti la possibilit\u00e0 di (i) accedere ai tuoi dati di servizio, (ii) condividere i tuoi dati di servizio tramite integrazioni compatibili di terze parti e (iii) richiedere l\u2019esportazione o l\u2019eliminazione dei tuoi dati di servizio.\n<\/p>\n<h3 class=\"caracteristicas-contenido\">2. Che cos\u2019\u00e8 un sub-responsabile?<\/h3>\n<p class=\"caracteristicas-contenido\">\nUn sub-responsabile \u00e8 un sub-responsabile del trattamento (secondo la classificazione del GDPR) incaricato da SMARTFENSE, incluse le societ\u00e0 del gruppo SMARTFENSE, che ha o potrebbe avere accesso ai Dati di servizio o trattarli (i quali possono contenere Dati personali).\n<\/p>\n<p class=\"caracteristicas-contenido\">\nSMARTFENSE utilizza diversi tipi di sub-responsabili per svolgere differenti funzioni, come indicato nella presente policy.\n<\/p>\n<h3 class=\"caracteristicas-contenido\">3. Due diligence<\/h3>\n<p class=\"caracteristicas-contenido\">\nSMARTFENSE si impegna a utilizzare un processo di selezione commercialmente ragionevole, attraverso il quale valuta le pratiche di sicurezza, privacy e riservatezza dei sub-responsabili proposti che avranno o potranno avere accesso ai Dati di servizio.\n<\/p>\n<p class=\"caracteristicas-contenido\">\nSMARTFENSE richiede contrattualmente ai propri sub-responsabili l\u2019accettazione di obblighi equivalenti a quelli richiesti a SMARTFENSE (in qualit\u00e0 di Responsabile del trattamento), come stabilito nel Data Processing Agreement (\u201cDPA\u201d) di SMARTFENSE. Tra tali obblighi, devono essere previste almeno le seguenti condizioni:\n<\/p>\n<ul>\n<li>Trattare i Dati personali in conformit\u00e0 con le istruzioni documentate del titolare del trattamento (ossia il Sottoscrittore), cos\u00ec come comunicate per iscritto al sub-responsabile da SMARTFENSE;<\/li>\n<li>In relazione alle attivit\u00e0 di sub-processing, utilizzare esclusivamente personale affidabile e vincolato da un obbligo contrattuale di riservatezza e sicurezza dei dati, nella misura applicabile e in conformit\u00e0 con le leggi vigenti sulla protezione dei dati;<\/li>\n<li>Fornire formazione periodica in materia di sicurezza e protezione dei dati al personale che ha accesso ai Dati personali;<\/li>\n<li>Implementare e mantenere misure tecniche e organizzative adeguate (incluse misure coerenti con quelle cui SMARTFENSE si impegna contrattualmente, nella misura in cui risultino rilevanti per il trattamento dei Dati personali da parte del sub-responsabile) e fornire una certificazione annuale che dimostri la conformit\u00e0 a tale obbligo. In assenza di tale certificazione, SMARTFENSE si riserva il diritto di effettuare audit sul sub-responsabile;<\/li>\n<li>Informare immediatamente SMARTFENSE in caso di violazione effettiva o potenziale della sicurezza;<\/li>\n<li>Cooperare con SMARTFENSE per soddisfare le richieste del titolare del trattamento, degli interessati o delle autorit\u00e0 di controllo per la protezione dei dati, a seconda dei casi.<\/li>\n<\/ul>\n<p class=\"caracteristicas-contenido\">\nLa presente policy non conferisce ai Sottoscrittori alcun diritto o rimedio aggiuntivo e non deve essere interpretata come un accordo vincolante. Le informazioni contenute in questo documento hanno l\u2019unico scopo di illustrare il processo utilizzato da SMARTFENSE per l\u2019ingaggio dei sub-responsabili, nonch\u00e9 di fornire l\u2019elenco aggiornato dei sub-responsabili terzi e delle reti di distribuzione dei contenuti utilizzati da SMARTFENSE alla data della presente policy (che SMARTFENSE pu\u00f2 impiegare per l\u2019erogazione e il supporto dei propri Servizi).\n<\/p>\n<p class=\"caracteristicas-contenido\">\nSe sei un Sottoscrittore di SMARTFENSE e desideri sottoscrivere il nostro DPA, inviaci un\u2019email a <a href=\"mailto:privacy@smartfense.com\">privacy@smartfense.com<\/a>.\n<\/p>\n<h3 class=\"caracteristicas-contenido\">4. Misure di sicurezza delle informazioni<\/h3>\n<p class=\"caracteristicas-contenido\">\nI nostri sub-responsabili, quando trattano Dati di servizio per conto del Sottoscrittore in relazione ai Servizi enterprise, implementeranno e manterranno le seguenti misure tecniche e organizzative per il trattamento di tali Dati di servizio:\n<\/p>\n<ol>\n<li><strong>Controlli di accesso fisico:<\/strong> i nostri sub-responsabili adotteranno misure ragionevoli, come personale di sicurezza e edifici protetti, per impedire che persone non autorizzate ottengano accesso fisico ai Dati di servizio.<\/li>\n<li><strong>Controlli di accesso al sistema:<\/strong> i nostri sub-responsabili adotteranno misure ragionevoli per impedire che i Dati di servizio vengano utilizzati senza autorizzazione. Tali controlli variano in base alla natura del trattamento e possono includere, tra gli altri, autenticazione tramite password e\/o autenticazione a due fattori, processi documentati di autorizzazione, processi documentati di gestione delle modifiche e registrazione degli accessi a vari livelli.<\/li>\n<li><strong>Controlli di accesso ai dati:<\/strong> i nostri sub-responsabili adotteranno misure ragionevoli per garantire che i Dati di servizio siano accessibili e gestiti solo da personale debitamente autorizzato, che l\u2019accesso diretto alle basi dati sia limitato e che i diritti di accesso alle applicazioni siano definiti e applicati in modo da assicurare che le persone autorizzate possano accedere solo ai Dati di servizio per i quali dispongono dei relativi privilegi; e che i Dati di servizio non possano essere letti, copiati, modificati o eliminati senza autorizzazione durante il trattamento. Il fornitore manterr\u00e0 una policy di controllo degli accessi al proprio ambiente di sistema, ai sistemi di trattamento dei dati e ai Dati di servizio.<\/li>\n<li><strong>Controlli di trasmissione:<\/strong> i nostri sub-responsabili adotteranno misure ragionevoli per garantire che sia possibile verificare e stabilire a quali entit\u00e0 vengano trasmessi i Dati di servizio tramite i canali di comunicazione, in modo che i Dati di servizio non possano essere letti, copiati, modificati o eliminati senza autorizzazione durante la trasmissione elettronica o il trasporto.<\/li>\n<li><strong>Controlli di registrazione (input):<\/strong> i nostri sub-responsabili adotteranno misure ragionevoli per garantire che sia possibile verificare e stabilire se i Dati di servizio siano stati inseriti, modificati o eliminati nei sistemi di trattamento dei dati e da chi; e che qualsiasi trasferimento di Dati di servizio a un fornitore esterno avvenga tramite trasmissione sicura.<\/li>\n<li><strong>Protezione dei dati:<\/strong> i nostri sub-responsabili adotteranno misure ragionevoli per garantire che i Dati di servizio siano protetti contro distruzione o perdita accidentale. Qualora il sub-responsabile ospiti i dati, si assicurer\u00e0 che i backup siano effettuati con regolarit\u00e0, in modo sicuro e cifrato, cos\u00ec da garantire la protezione dei Dati di servizio. I nostri sub-responsabili implementeranno e manterranno un programma di sicurezza gestito per identificare i rischi e adottare tecnologie e processi preventivi per mitigare gli attacchi pi\u00f9 comuni.<\/li>\n<li><strong>Separazione logica:<\/strong> i nostri sub-responsabili separeranno logicamente i Dati di servizio dai dati di altre parti nei loro sistemi, per garantire che i Dati di servizio possano essere trattati in modo separato.<\/li>\n<\/ol>\n<h3 class=\"caracteristicas-contenido\">5. Processo per l\u2019ingaggio di nuovi sub-responsabili<\/h3>\n<p class=\"caracteristicas-contenido\">\nPer tutti i Sottoscrittori che hanno sottoscritto il DPA standard di SMARTFENSE, SMARTFENSE notificher\u00e0, tramite la presente policy, gli aggiornamenti alla lista dei sub-responsabili utilizzati o che intende utilizzare per l\u2019erogazione dei propri Servizi. SMARTFENSE si impegna a mantenere questo elenco regolarmente aggiornato, per consentire ai propri Sottoscrittori di essere informati sull\u2019ambito del sub-processing associato ai Servizi SMARTFENSE.\n<\/p>\n<p class=\"caracteristicas-contenido\">\nIn conformit\u00e0 con il DPA, un Sottoscrittore pu\u00f2 opporsi per iscritto al trattamento dei propri Dati personali da parte di un nuovo sub-responsabile entro trenta (30) giorni successivi all\u2019aggiornamento della presente policy, indicando i motivi legittimi alla base dell\u2019obiezione. Se il Sottoscrittore non presenta alcuna obiezione entro tale periodo, i nuovi sub-responsabili si considereranno accettati.\n<\/p>\n<p class=\"caracteristicas-contenido\">\nSe un Sottoscrittore si oppone all\u2019utilizzo di un nuovo sub-responsabile conformemente al processo previsto nel DPA, SMARTFENSE avr\u00e0 il diritto di risolvere l\u2019obiezione tramite una delle seguenti opzioni (a esclusiva discrezione di SMARTFENSE):\n<\/p>\n<ol>\n<li>SMARTFENSE smetter\u00e0 di utilizzare il nuovo sub-responsabile in relazione ai Dati personali;<\/li>\n<li>SMARTFENSE adotter\u00e0 le misure correttive richieste dal Sottoscrittore nella sua obiezione (misure che saranno considerate idonee a risolvere l\u2019obiezione) e proceder\u00e0 comunque a utilizzare il sub-responsabile per il trattamento dei Dati personali;<\/li>\n<li>SMARTFENSE potr\u00e0 interrompere la fornitura, oppure il Sottoscrittore potr\u00e0 accettare di non utilizzare (in modo temporaneo o permanente), la specifica funzionalit\u00e0 del Servizio SMARTFENSE che comporterebbe l\u2019uso del sub-responsabile per il trattamento dei Dati personali.<\/li>\n<\/ol>\n<p class=\"caracteristicas-contenido\">\nGli eventuali diritti di recesso, se applicabili e concordati, sono regolati esclusivamente nel DPA.\n<\/p>\n<h3 class=\"caracteristicas-contenido\">6. Sub-responsabili di infrastruttura: archiviazione e trattamento dei dati di servizio<\/h3>\n<p class=\"caracteristicas-contenido\">\nAttualmente, i sistemi di produzioneSMARTFENSE utilizzati per ospitare i Dati di servizio per i propri Servizi sono ubicati in strutture situate in Europa e presso i sub-responsabili di infrastruttura elencati di seguito. SMARTFENSE utilizza inoltre servizi aggiuntivi forniti da tali sub-responsabili per trattare i Dati di servizio, nella misura necessaria all\u2019erogazione dei Servizi.\n<\/p>\n<p class=\"caracteristicas-contenido\">\nDi seguito \u00e8 riportato un elenco aggiornato (alla data della presente policy) dei nomi e delle sedi dei sub-responsabili di SMARTFENSE (inclusi i membri del gruppo SMARTFENSE e terzi):\n<\/p>\n<table>\n<thead>\n<tr>\n<th>\n<h4>Sub-responsabile<\/h4>\n<\/th>\n<th>\n<h4>Descrizione generica<\/h4>\n<\/th>\n<th>\n<h4>Paese<\/h4>\n<\/th>\n<th>\n<h4>Dati trattati<\/h4>\n<\/th>\n<th>\n<h4>Finalit\u00e0<\/h4>\n<\/th>\n<\/tr>\n<\/thead>\n<tbody>\n<tr>\n<td><strong>Amazon, Inc.<\/strong><\/td>\n<td>Fornitore di servizi di infrastruttura<\/td>\n<td>EU (Irlanda) eu-west-1<\/td>\n<td>\n<strong>Dati forniti dal cliente:<\/strong><br \/>\nNome, Cognome, Email, ID collaboratore, UPN, Lingua, Gruppi, Aree funzionali, Livelli gerarchici, Telefono, Foto profilo, Stato, Ruolo.<\/p>\n<p><strong>Dati generati dalla piattaforma:<\/strong><br \/>\nLog di audit, metriche e risultati delle campagne SMARTFENSE.\n<\/td>\n<td>Fornire l\u2019infrastruttura necessaria su cui opera la piattaforma.<\/td>\n<\/tr>\n<tr>\n<td><strong>Heroku<\/strong><\/td>\n<td>Fornitore di Platform-as-a-Service<\/td>\n<td>EU (Irlanda) eu-west-1<\/td>\n<td>\n<strong>Dati forniti dal cliente:<\/strong><br \/>\nNome, Cognome, Email, ID collaboratore, UPN, Lingua, Gruppi, Aree funzionali, Livelli gerarchici, Telefono, Foto profilo, Stato, Ruolo.<\/p>\n<p><strong>Dati generati dalla piattaforma:<\/strong><br \/>\nLog di audit, metriche e risultati delle campagne SMARTFENSE.\n<\/td>\n<td>Fornire l\u2019ambiente software su cui opera la piattaforma.<\/td>\n<\/tr>\n<tr>\n<td><strong>Papertrail<\/strong><\/td>\n<td>Gestore di log<\/td>\n<td>EU (Irlanda) eu-west-1<\/td>\n<td>Nome, Cognome, Email, Indirizzo IP, Informazioni del browser, Log.<\/td>\n<td>Fornire strumenti per la gestione dei log di sistema.<\/td>\n<\/tr>\n<\/tbody>\n<\/table>\n<h3 class=\"caracteristicas-contenido\">7. Sub-responsabili specifici del servizio<\/h3>\n<p class=\"caracteristicas-contenido\">\nSMARTFENSE collabora con determinati fornitori terzi per fornire funzionalit\u00e0 specifiche all\u2019interno dei propri Servizi. Questi fornitori sono i sub-responsabili indicati di seguito. Per erogare le relative funzionalit\u00e0, tali sub-responsabili accedono ai Dati di servizio. Il loro utilizzo \u00e8 limitato alle funzionalit\u00e0 e ai servizi qui descritti.\n<\/p>\n<p class=\"caracteristicas-contenido\">\nAd esempio, se il Sottoscrittore ha acquistato SMARTFENSE con il modulo di Supporto per WhatsApp, sar\u00e0 necessario il suo consenso affinch\u00e9 tra i sub-responsabili autorizzati siano inclusi soggetti collegati a Facebook Inc. (proprietaria di WhatsApp).\n<\/p>\n<table>\n<thead>\n<tr>\n<th>\n<h4>Sub-responsabile<\/h4>\n<\/th>\n<th>\n<h4>Descrizione generica<\/h4>\n<\/th>\n<th>\n<h4>Paese<\/h4>\n<\/th>\n<th>\n<h4>Dati trattati<\/h4>\n<\/th>\n<th>\n<h4>Finalit\u00e0<\/h4>\n<\/th>\n<\/tr>\n<\/thead>\n<tbody>\n<tr>\n<td><strong>Server di posta<\/strong><\/td>\n<td>Server utilizzato per inviare email agli utenti.<\/td>\n<td>\n<strong>Primario:<\/strong> <span>https:\/\/www.hostgator.com<\/span> (USA)<br \/>\n<strong>Secondario:<\/strong> <span>https:\/\/www.iplan.com.ar<\/span> (Argentina)\n<\/td>\n<td>Email<\/td>\n<td>Inviare email di simulazione di Phishing e Ransomware. Pu\u00f2 inoltre inviare altre notifiche se non viene configurato un server di posta dedicato.<\/td>\n<\/tr>\n<tr>\n<td><strong>Google<\/strong><\/td>\n<td>Servizi corporate di Google<\/td>\n<td>Stati Uniti<\/td>\n<td>\nNome<br \/>\nCognome<br \/>\nEmail<br \/>\nLingua<br \/>\nStato\n<\/td>\n<td>Importare e autenticare utenti.<\/td>\n<\/tr>\n<tr>\n<td><strong>Microsoft Azure AD<\/strong><\/td>\n<td>Servizio di directory attiva cloud di Microsoft<\/td>\n<td>Stati Uniti<\/td>\n<td>\nNome<br \/>\nCognome<br \/>\nEmail<br \/>\nID collaboratore<br \/>\nUPN<br \/>\nLingua<br \/>\nGruppi<br \/>\nStato\n<\/td>\n<td>Importare e autenticare utenti.<\/td>\n<\/tr>\n<tr>\n<td><strong>Auth0<\/strong><\/td>\n<td>Gestore di identit\u00e0<\/td>\n<td>Per clienti UK ed EU: regione AWS EU (primaria Francoforte, secondaria Dublino)<\/td>\n<td>\nNome<br \/>\nCognome<br \/>\nEmail<br \/>\nStato\n<\/td>\n<td>Autenticare utenti.<\/td>\n<\/tr>\n<tr>\n<td><strong>Keycloak<\/strong><\/td>\n<td>Soluzione open source per identit\u00e0 e accesso, con SSO, federazione delle identit\u00e0 e autenticazione multifattore.<\/td>\n<td>Stati Uniti<\/td>\n<td>\nUsername<br \/>\nEmail<br \/>\nNome completo<br \/>\nNome<br \/>\nCognome\n<\/td>\n<td>Autenticare utenti.<\/td>\n<\/tr>\n<tr>\n<td><strong>Okta<\/strong><\/td>\n<td>Fornitore cloud di gestione di identit\u00e0 e accessi (SSO, MFA, gestione utenti).<\/td>\n<td>Stati Uniti<\/td>\n<td>\nUsername<br \/>\nEmail<br \/>\nNome completo<br \/>\nNome<br \/>\nCognome\n<\/td>\n<td>Autenticare utenti.<\/td>\n<\/tr>\n<tr>\n<td><strong>Slack<\/strong><\/td>\n<td>Strumento di comunicazione unificata che integra chat, chiamate, videoconferenze e collaborazione.<\/td>\n<td>Stati Uniti<\/td>\n<td>Email<\/td>\n<td>Invio di notifiche agli utenti finali.<\/td>\n<\/tr>\n<tr>\n<td><strong>Microsoft Teams<\/strong><\/td>\n<td>Piattaforma di collaborazione e comunicazione di Microsoft.<\/td>\n<td>Stati Uniti<\/td>\n<td>Email<\/td>\n<td>Invio di notifiche agli utenti finali.<\/td>\n<\/tr>\n<tr>\n<td><strong>Vanta<\/strong><\/td>\n<td>Soluzione di compliance e sicurezza che automatizza audit e controlli per standard come SOC 2 e ISO 27001.<\/td>\n<td>Stati Uniti<\/td>\n<td>Email<\/td>\n<td>Invio dei log di audit delle campagne da SMARTFENSE verso Vanta.<\/td>\n<\/tr>\n<tr>\n<td><strong>SAP SuccessFactors<\/strong><\/td>\n<td>Suite cloud per la gestione del talento, risorse umane, sviluppo e analisi del personale.<\/td>\n<td>Stati Uniti<\/td>\n<td>Email<\/td>\n<td>Invio dei log di audit delle campagne da SMARTFENSE verso SAP SuccessFactors.<\/td>\n<\/tr>\n<\/tbody>\n<\/table>\n","protected":false},"excerpt":{"rendered":"<p>1. Propriet\u00e0 e controllo dei dati del tuo servizio Per poter fornire correttamente i servizi offerti da SMARTFENSE, non esiste altra modalit\u00e0 operativa se non intervenire come responsabile del trattamento [&hellip;]<\/p>\n","protected":false},"author":1,"featured_media":0,"parent":0,"menu_order":0,"comment_status":"closed","ping_status":"closed","template":"","meta":{"_acf_changed":false,"footnotes":""},"class_list":["post-9048","page","type-page","status-publish","hentry"],"acf":[],"yoast_head":" \n<title>Politica dei subprocessori di dati - SMARTFENSE - Cyber Security Awareness<\/title>\n<meta name=\"robots\" content=\"index, follow, max-snippet:-1, max-image-preview:large, max-video-preview:-1\" \/>\n<link rel=\"canonical\" href=\"https:\/\/smartfense.com\/it\/politica-dei-subprocessori-di-dati\/\" \/>\n<meta property=\"og:locale\" content=\"it_IT\" \/>\n<meta property=\"og:type\" content=\"article\" \/>\n<meta property=\"og:title\" content=\"Politica dei subprocessori di dati - SMARTFENSE - Cyber Security Awareness\" \/>\n<meta property=\"og:description\" content=\"1. Propriet\u00e0 e controllo dei dati del tuo servizio Per poter fornire correttamente i servizi offerti da SMARTFENSE, non esiste altra modalit\u00e0 operativa se non intervenire come responsabile del trattamento [&hellip;]\" \/>\n<meta property=\"og:url\" content=\"https:\/\/smartfense.com\/it\/politica-dei-subprocessori-di-dati\/\" \/>\n<meta property=\"og:site_name\" content=\"SMARTFENSE - Cyber Security Awareness\" \/>\n<meta property=\"article:modified_time\" content=\"2025-11-27T19:28:37+00:00\" \/>\n<meta property=\"og:image\" content=\"https:\/\/smartfense.com\/file\/2023\/11\/smretfense-cybersecurity-awareness-es.jpg\" \/>\n\t<meta property=\"og:image:width\" content=\"1920\" \/>\n\t<meta property=\"og:image:height\" content=\"1038\" \/>\n\t<meta property=\"og:image:type\" content=\"image\/jpeg\" \/>\n<meta name=\"twitter:card\" content=\"summary_large_image\" \/>\n<meta name=\"twitter:label1\" content=\"Tempo di lettura stimato\" \/>\n\t<meta name=\"twitter:data1\" content=\"9 minuti\" \/>\n<script type=\"application\/ld+json\" class=\"yoast-schema-graph\">{\"@context\":\"https:\\\/\\\/schema.org\",\"@graph\":[{\"@type\":\"WebPage\",\"@id\":\"https:\\\/\\\/smartfense.com\\\/it\\\/politica-dei-subprocessori-di-dati\\\/\",\"url\":\"https:\\\/\\\/smartfense.com\\\/it\\\/politica-dei-subprocessori-di-dati\\\/\",\"name\":\"Politica dei subprocessori di dati - SMARTFENSE - Cyber Security Awareness\",\"isPartOf\":{\"@id\":\"https:\\\/\\\/smartfense.com\\\/it\\\/#website\"},\"datePublished\":\"2023-08-03T15:01:56+00:00\",\"dateModified\":\"2025-11-27T19:28:37+00:00\",\"breadcrumb\":{\"@id\":\"https:\\\/\\\/smartfense.com\\\/it\\\/politica-dei-subprocessori-di-dati\\\/#breadcrumb\"},\"inLanguage\":\"it-IT\",\"potentialAction\":[{\"@type\":\"ReadAction\",\"target\":[\"https:\\\/\\\/smartfense.com\\\/it\\\/politica-dei-subprocessori-di-dati\\\/\"]}]},{\"@type\":\"BreadcrumbList\",\"@id\":\"https:\\\/\\\/smartfense.com\\\/it\\\/politica-dei-subprocessori-di-dati\\\/#breadcrumb\",\"itemListElement\":[{\"@type\":\"ListItem\",\"position\":1,\"name\":\"Portada\",\"item\":\"https:\\\/\\\/smartfense.com\\\/it\\\/\"},{\"@type\":\"ListItem\",\"position\":2,\"name\":\"Politica dei subprocessori di dati\"}]},{\"@type\":\"WebSite\",\"@id\":\"https:\\\/\\\/smartfense.com\\\/it\\\/#website\",\"url\":\"https:\\\/\\\/smartfense.com\\\/it\\\/\",\"name\":\"SMARTFENSE - Concienciaci\u00f3n en Ciberseguridad\",\"description\":\"\",\"publisher\":{\"@id\":\"https:\\\/\\\/smartfense.com\\\/it\\\/#organization\"},\"potentialAction\":[{\"@type\":\"SearchAction\",\"target\":{\"@type\":\"EntryPoint\",\"urlTemplate\":\"https:\\\/\\\/smartfense.com\\\/it\\\/?s={search_term_string}\"},\"query-input\":{\"@type\":\"PropertyValueSpecification\",\"valueRequired\":true,\"valueName\":\"search_term_string\"}}],\"inLanguage\":\"it-IT\"},{\"@type\":\"Organization\",\"@id\":\"https:\\\/\\\/smartfense.com\\\/it\\\/#organization\",\"name\":\"SMARTFENSE\",\"url\":\"https:\\\/\\\/smartfense.com\\\/it\\\/\",\"logo\":{\"@type\":\"ImageObject\",\"inLanguage\":\"it-IT\",\"@id\":\"https:\\\/\\\/smartfense.com\\\/it\\\/#\\\/schema\\\/logo\\\/image\\\/\",\"url\":\"https:\\\/\\\/smartfense.com\\\/wp-content\\\/uploads\\\/2023\\\/08\\\/logo-smartfense-240x40-1.png\",\"contentUrl\":\"https:\\\/\\\/smartfense.com\\\/wp-content\\\/uploads\\\/2023\\\/08\\\/logo-smartfense-240x40-1.png\",\"width\":241,\"height\":40,\"caption\":\"SMARTFENSE\"},\"image\":{\"@id\":\"https:\\\/\\\/smartfense.com\\\/it\\\/#\\\/schema\\\/logo\\\/image\\\/\"}}]}<\/script>\n ","yoast_head_json":{"title":"Politica dei subprocessori di dati - SMARTFENSE - Cyber Security Awareness","robots":{"index":"index","follow":"follow","max-snippet":"max-snippet:-1","max-image-preview":"max-image-preview:large","max-video-preview":"max-video-preview:-1"},"canonical":"https:\/\/smartfense.com\/it\/politica-dei-subprocessori-di-dati\/","og_locale":"it_IT","og_type":"article","og_title":"Politica dei subprocessori di dati - SMARTFENSE - Cyber Security Awareness","og_description":"1. Propriet\u00e0 e controllo dei dati del tuo servizio Per poter fornire correttamente i servizi offerti da SMARTFENSE, non esiste altra modalit\u00e0 operativa se non intervenire come responsabile del trattamento [&hellip;]","og_url":"https:\/\/smartfense.com\/it\/politica-dei-subprocessori-di-dati\/","og_site_name":"SMARTFENSE - Cyber Security Awareness","article_modified_time":"2025-11-27T19:28:37+00:00","og_image":[{"width":1920,"height":1038,"url":"https:\/\/smartfense.com\/file\/2023\/11\/smretfense-cybersecurity-awareness-es.jpg","type":"image\/jpeg"}],"twitter_card":"summary_large_image","twitter_misc":{"Tempo di lettura stimato":"9 minuti"},"schema":{"@context":"https:\/\/schema.org","@graph":[{"@type":"WebPage","@id":"https:\/\/smartfense.com\/it\/politica-dei-subprocessori-di-dati\/","url":"https:\/\/smartfense.com\/it\/politica-dei-subprocessori-di-dati\/","name":"Politica dei subprocessori di dati - SMARTFENSE - Cyber Security Awareness","isPartOf":{"@id":"https:\/\/smartfense.com\/it\/#website"},"datePublished":"2023-08-03T15:01:56+00:00","dateModified":"2025-11-27T19:28:37+00:00","breadcrumb":{"@id":"https:\/\/smartfense.com\/it\/politica-dei-subprocessori-di-dati\/#breadcrumb"},"inLanguage":"it-IT","potentialAction":[{"@type":"ReadAction","target":["https:\/\/smartfense.com\/it\/politica-dei-subprocessori-di-dati\/"]}]},{"@type":"BreadcrumbList","@id":"https:\/\/smartfense.com\/it\/politica-dei-subprocessori-di-dati\/#breadcrumb","itemListElement":[{"@type":"ListItem","position":1,"name":"Portada","item":"https:\/\/smartfense.com\/it\/"},{"@type":"ListItem","position":2,"name":"Politica dei subprocessori di dati"}]},{"@type":"WebSite","@id":"https:\/\/smartfense.com\/it\/#website","url":"https:\/\/smartfense.com\/it\/","name":"SMARTFENSE - Concienciaci\u00f3n en Ciberseguridad","description":"","publisher":{"@id":"https:\/\/smartfense.com\/it\/#organization"},"potentialAction":[{"@type":"SearchAction","target":{"@type":"EntryPoint","urlTemplate":"https:\/\/smartfense.com\/it\/?s={search_term_string}"},"query-input":{"@type":"PropertyValueSpecification","valueRequired":true,"valueName":"search_term_string"}}],"inLanguage":"it-IT"},{"@type":"Organization","@id":"https:\/\/smartfense.com\/it\/#organization","name":"SMARTFENSE","url":"https:\/\/smartfense.com\/it\/","logo":{"@type":"ImageObject","inLanguage":"it-IT","@id":"https:\/\/smartfense.com\/it\/#\/schema\/logo\/image\/","url":"https:\/\/smartfense.com\/file\/2023\/08\/logo-smartfense-240x40-1.png","contentUrl":"https:\/\/smartfense.com\/file\/2023\/08\/logo-smartfense-240x40-1.png","width":241,"height":40,"caption":"SMARTFENSE"},"image":{"@id":"https:\/\/smartfense.com\/it\/#\/schema\/logo\/image\/"}}]}},"_links":{"self":[{"href":"https:\/\/smartfense.com\/it\/wp-json\/wp\/v2\/pages\/9048","targetHints":{"allow":["GET"]}}],"collection":[{"href":"https:\/\/smartfense.com\/it\/wp-json\/wp\/v2\/pages"}],"about":[{"href":"https:\/\/smartfense.com\/it\/wp-json\/wp\/v2\/types\/page"}],"author":[{"embeddable":true,"href":"https:\/\/smartfense.com\/it\/wp-json\/wp\/v2\/users\/1"}],"replies":[{"embeddable":true,"href":"https:\/\/smartfense.com\/it\/wp-json\/wp\/v2\/comments?post=9048"}],"version-history":[{"count":12,"href":"https:\/\/smartfense.com\/it\/wp-json\/wp\/v2\/pages\/9048\/revisions"}],"predecessor-version":[{"id":39619,"href":"https:\/\/smartfense.com\/it\/wp-json\/wp\/v2\/pages\/9048\/revisions\/39619"}],"wp:attachment":[{"href":"https:\/\/smartfense.com\/it\/wp-json\/wp\/v2\/media?parent=9048"}],"curies":[{"name":"wp","href":"https:\/\/api.w.org\/{rel}","templated":true}]}}