{"id":8301,"date":"2023-08-08T08:42:43","date_gmt":"2023-08-08T06:42:43","guid":{"rendered":"https:\/\/callidusprolab.com\/smartfense\/?page_id=8301"},"modified":"2024-09-18T11:30:33","modified_gmt":"2024-09-18T09:30:33","slug":"grazie","status":"publish","type":"page","link":"https:\/\/smartfense.com\/it\/risorse\/strumenti-gratuiti\/simulatore-di-ransomware\/grazie\/","title":{"rendered":"Grazie per scaricare lo strumento: Simulatore di Ransomware"},"content":{"rendered":"\t\t<div data-elementor-type=\"wp-page\" data-elementor-id=\"8301\" class=\"elementor elementor-8301 elementor-8298\">\n\t\t\t\t<div class=\"elementor-element elementor-element-baf7a35 e-flex e-con-boxed e-con e-parent\" data-id=\"baf7a35\" data-element_type=\"container\">\n\t\t\t\t\t<div class=\"e-con-inner\">\n\t\t<div class=\"elementor-element elementor-element-0acf31b e-con-full e-flex e-con e-child\" data-id=\"0acf31b\" data-element_type=\"container\">\n\t\t\t\t<div class=\"elementor-element elementor-element-6622698 elementor-widget elementor-widget-text-editor\" data-id=\"6622698\" data-element_type=\"widget\" data-widget_type=\"text-editor.default\">\n\t\t\t\t<div class=\"elementor-widget-container\">\n\t\t\t\t\t\t\t<p>Riceverai un messaggio di posta elettronica il link per scaricare i file.<\/p>\t\t\t\t\t\t<\/div>\n\t\t\t\t<\/div>\n\t\t\t\t<div class=\"elementor-element elementor-element-ea301a2 elementor-widget elementor-widget-text-editor\" data-id=\"ea301a2\" data-element_type=\"widget\" data-widget_type=\"text-editor.default\">\n\t\t\t\t<div class=\"elementor-widget-container\">\n\t\t\t\t\t\t\t<h3>Istruzioni per la configurazione<\/h3><p>Il simulatore di ransomware \u00e8 compatibile con il sistema operativo Microsoft Windows.<\/p><p>Una volta scaricato il file .ZIP corrispondente al simulatore, scompattare il suo contenuto ed eseguire il file denominato install.bat come amministratore. A tale scopo, fare clic con il tasto destro del mouse sul file e selezionare l&#8217;opzione <strong>Esegui come amministratore<\/strong> dal menu contestuale.<\/p><p>Una volta completata l&#8217;installazione, troverai un collegamento al simulatore di ransomware sul desktop.<\/p><p>Durante il processo di installazione, verr\u00e0 creata una cartella in<strong> C:\\smartfense<\/strong>. All&#8217;interno di questa cartella verranno eseguiti i tentativi di crittografia dei diversi tipi di Ransomware da simulare.<\/p>\t\t\t\t\t\t<\/div>\n\t\t\t\t<\/div>\n\t\t\t\t<\/div>\n\t\t<div class=\"elementor-element elementor-element-dae0d6d e-con-full e-flex elementor-invisible e-con e-child\" data-id=\"dae0d6d\" data-element_type=\"container\" data-settings=\"{&quot;animation&quot;:&quot;fadeInRight&quot;}\">\n\t\t\t\t<div class=\"elementor-element elementor-element-a1d5304 elementor-widget elementor-widget-image\" data-id=\"a1d5304\" data-element_type=\"widget\" data-widget_type=\"image.default\">\n\t\t\t\t<div class=\"elementor-widget-container\">\n\t\t\t\t\t\t\t\t\t\t\t\t\t<img fetchpriority=\"high\" decoding=\"async\" width=\"640\" height=\"336\" src=\"https:\/\/smartfense.com\/file\/2023\/08\/ransomware-1200-1024x538.jpg\" class=\"attachment-large size-large wp-image-8321\" alt=\"\" srcset=\"https:\/\/smartfense.com\/file\/2023\/08\/ransomware-1200-1024x538.jpg 1024w, https:\/\/smartfense.com\/file\/2023\/08\/ransomware-1200-300x158.jpg 300w, https:\/\/smartfense.com\/file\/2023\/08\/ransomware-1200-768x403.jpg 768w, https:\/\/smartfense.com\/file\/2023\/08\/ransomware-1200.jpg 1200w\" sizes=\"(max-width: 640px) 100vw, 640px\" \/>\t\t\t\t\t\t\t\t\t\t\t\t\t<\/div>\n\t\t\t\t<\/div>\n\t\t\t\t<\/div>\n\t\t\t\t\t<\/div>\n\t\t\t\t<\/div>\n\t\t<div class=\"elementor-element elementor-element-4fbc8a6 e-flex e-con-boxed e-con e-parent\" data-id=\"4fbc8a6\" data-element_type=\"container\" data-settings=\"{&quot;animation&quot;:&quot;none&quot;}\">\n\t\t\t\t\t<div class=\"e-con-inner\">\n\t\t\t\t<div class=\"elementor-element elementor-element-b289a97 elementor-widget elementor-widget-post_list bdevs-el post_list\" data-id=\"b289a97\" data-element_type=\"widget\" data-widget_type=\"post_list.default\">\n\t\t\t\t<div class=\"elementor-widget-container\">\n\t\t\t\n\n\n <section class=\"blog__area pt-60 pb-60 p-relative\">\n\n\n <div class=\"container\">\n\n <div class=\"row\">\n\n <div class=\"col-12\">\n\n <div class=\"section__title-wrapper section__title-wrapper-2 mb-50 wow fadeInUp2 section-padding section-padding-2 p-0\" data-wow-delay=\".3s\">\n\n \n <span class=\"section__pre-title\">Dal nostro Blog<\/span>\n\n \n\n\n <h2 class=\"section__title section__title-2 bdevs-el-title\">Vuoi sapere di pi\u00f9 sul Ransomware?<\/h2>\n \n <\/div>\n\n <\/div>\n\n <\/div>\n\n <div class=\"row\">\n\n \n <div class=\"col-xxl-4 col-xl-4 col-lg-4 col-md-6 wow fadeInUp2\" data-wow-delay=\".3s\">\n\n <div class=\"blog__item white-bg mb-30 bdevselement-post-list\">\n\n \n <div class=\"blog__thumb fix w-img\">\n\n <a href=\"https:\/\/smartfense.com\/it\/blog\/la-salute-informatica-stai-proteggendo-cio-che-conta-davvero\/\">\n\n <img decoding=\"async\" src=\"https:\/\/smartfense.com\/file\/2024\/12\/saud.jpg\" alt=\"image\">\n\n <\/a>\n\n <\/div>\n\n \n <div class=\"blog__content pt-20\">\n\n \n\n\n <h3 class=\"item_title bdevs-post-title blog__title\"><a href=\"https:\/\/smartfense.com\/it\/blog\/la-salute-informatica-stai-proteggendo-cio-che-conta-davvero\/\">La salute informatica: stai proteggendo ci\u00f2 che conta davvero?<\/a><\/h3><p>Immagina di smettere di prenderti cura della tua salute. Passano mesi senza fare esercizio, trascurando la dieta, e all\u2019improvviso un controllo medico rivela problemi seri. La frustrazione e la preoccupazione [&hellip;]\n\n\n \n \n \n\n <\/div>\n\n <\/div>\n\n <\/div>\n\n \n <div class=\"col-xxl-4 col-xl-4 col-lg-4 col-md-6 wow fadeInUp2\" data-wow-delay=\".3s\">\n\n <div class=\"blog__item white-bg mb-30 bdevselement-post-list\">\n\n \n <div class=\"blog__thumb fix w-img\">\n\n <a href=\"https:\/\/smartfense.com\/it\/blog\/mantieni-il-tuo-team-sempre-allerta-limportanza-di-ripetere-i-contenuti\/\">\n\n <img decoding=\"async\" src=\"https:\/\/smartfense.com\/file\/2024\/12\/cinturon.jpg\" alt=\"image\">\n\n <\/a>\n\n <\/div>\n\n \n <div class=\"blog__content pt-20\">\n\n \n\n\n <h3 class=\"item_title bdevs-post-title blog__title\"><a href=\"https:\/\/smartfense.com\/it\/blog\/mantieni-il-tuo-team-sempre-allerta-limportanza-di-ripetere-i-contenuti\/\">Mantieni il tuo team sempre allerta: l&#039;importanza di ripetere i contenuti<\/a><\/h3><p>Viviamo in un mondo sommerso dalle informazioni. Email, social network, notifiche: il flusso \u00e8 continuo e incessante. Ma quante volte ricordiamo davvero tutti i dettagli delle informazioni che riceviamo, anche [&hellip;]\n\n\n \n \n \n\n <\/div>\n\n <\/div>\n\n <\/div>\n\n \n <div class=\"col-xxl-4 col-xl-4 col-lg-4 col-md-6 wow fadeInUp2\" data-wow-delay=\".3s\">\n\n <div class=\"blog__item white-bg mb-30 bdevselement-post-list\">\n\n \n <div class=\"blog__thumb fix w-img\">\n\n <a href=\"https:\/\/smartfense.com\/it\/blog\/cyber-security-senza-pause-il-potere-della-consapevolezza-continua\/\">\n\n <img decoding=\"async\" src=\"https:\/\/smartfense.com\/file\/2024\/12\/continuidad2.jpg\" alt=\"image\">\n\n <\/a>\n\n <\/div>\n\n \n <div class=\"blog__content pt-20\">\n\n \n\n\n <h3 class=\"item_title bdevs-post-title blog__title\"><a href=\"https:\/\/smartfense.com\/it\/blog\/cyber-security-senza-pause-il-potere-della-consapevolezza-continua\/\">Cyber security senza pause: Il potere della consapevolezza continua<\/a><\/h3><p>Nel panorama dinamico della cyber security, dove le minacce evolvono costantemente, mantenere un focus continuo sulla consapevolezza non \u00e8 solo una strategia: \u00e8 una necessit\u00e0. Le organizzazioni leader hanno dimostrato [&hellip;]\n\n\n \n \n \n\n <\/div>\n\n <\/div>\n\n <\/div>\n\n \n <\/div>\n\n <div class=\"row\">\n\n <div class=\"col-xxl-12 wow fadeInUp2\" data-wow-delay=\".9s\">\n\n <div class=\"blog__more text-center mt-40\">\n\n <a class=\"w-btn w-btn-6 bdevs-btn\" href=\"https:\/\/smartfense.com\/blog\/\" href=\"https:\/\/smartfense.com\/blog\/\">Ir al Blog<\/a>\n <\/div>\n\n <\/div>\n\n <\/div>\n\n <\/div>\n\n <\/section>\n\n\n\n \t\t<\/div>\n\t\t\t\t<\/div>\n\t\t\t\t\t<\/div>\n\t\t\t\t<\/div>\n\t\t\t\t<\/div>\n\t\t","protected":false},"excerpt":{"rendered":"<p>Riceverai un messaggio di posta elettronica il link per scaricare i file. Istruzioni per la configurazione Il simulatore di ransomware \u00e8 compatibile con il sistema operativo Microsoft Windows. Una volta [&hellip;]<\/p>\n","protected":false},"author":1,"featured_media":8321,"parent":9191,"menu_order":0,"comment_status":"closed","ping_status":"closed","template":"elementor_header_footer","meta":{"_acf_changed":false,"footnotes":""},"class_list":["post-8301","page","type-page","status-publish","has-post-thumbnail","hentry"],"acf":[],"yoast_head":" \n<title>Grazie per scaricare lo strumento: Simulatore di Ransomware - SMARTFENSE - Cyber Security Awareness<\/title>\n<meta name=\"robots\" content=\"index, follow, max-snippet:-1, max-image-preview:large, max-video-preview:-1\" \/>\n<link rel=\"canonical\" href=\"https:\/\/smartfense.com\/it\/risorse\/strumenti-gratuiti\/simulatore-di-ransomware\/grazie\/\" \/>\n<meta property=\"og:locale\" content=\"it_IT\" \/>\n<meta property=\"og:type\" content=\"article\" \/>\n<meta property=\"og:title\" content=\"Grazie per scaricare lo strumento: Simulatore di Ransomware - SMARTFENSE - Cyber Security Awareness\" \/>\n<meta property=\"og:description\" content=\"Riceverai un messaggio di posta elettronica il link per scaricare i file. Istruzioni per la configurazione Il simulatore di ransomware \u00e8 compatibile con il sistema operativo Microsoft Windows. Una volta [&hellip;]\" \/>\n<meta property=\"og:url\" content=\"https:\/\/smartfense.com\/it\/risorse\/strumenti-gratuiti\/simulatore-di-ransomware\/grazie\/\" \/>\n<meta property=\"og:site_name\" content=\"SMARTFENSE - Cyber Security Awareness\" \/>\n<meta property=\"article:modified_time\" content=\"2024-09-18T09:30:33+00:00\" \/>\n<meta property=\"og:image\" content=\"https:\/\/smartfense.com\/file\/2023\/08\/ransomware-1200.jpg\" \/>\n\t<meta property=\"og:image:width\" content=\"1200\" \/>\n\t<meta property=\"og:image:height\" content=\"630\" \/>\n\t<meta property=\"og:image:type\" content=\"image\/jpeg\" \/>\n<meta name=\"twitter:card\" content=\"summary_large_image\" \/>\n<meta name=\"twitter:label1\" content=\"Tempo di lettura stimato\" \/>\n\t<meta name=\"twitter:data1\" content=\"3 minuti\" \/>\n<script type=\"application\/ld+json\" class=\"yoast-schema-graph\">{\"@context\":\"https:\\\/\\\/schema.org\",\"@graph\":[{\"@type\":\"WebPage\",\"@id\":\"https:\\\/\\\/smartfense.com\\\/it\\\/risorse\\\/strumenti-gratuiti\\\/simulatore-di-ransomware\\\/grazie\\\/\",\"url\":\"https:\\\/\\\/smartfense.com\\\/it\\\/risorse\\\/strumenti-gratuiti\\\/simulatore-di-ransomware\\\/grazie\\\/\",\"name\":\"Grazie per scaricare lo strumento: Simulatore di Ransomware - SMARTFENSE - Cyber Security Awareness\",\"isPartOf\":{\"@id\":\"https:\\\/\\\/smartfense.com\\\/it\\\/#website\"},\"primaryImageOfPage\":{\"@id\":\"https:\\\/\\\/smartfense.com\\\/it\\\/risorse\\\/strumenti-gratuiti\\\/simulatore-di-ransomware\\\/grazie\\\/#primaryimage\"},\"image\":{\"@id\":\"https:\\\/\\\/smartfense.com\\\/it\\\/risorse\\\/strumenti-gratuiti\\\/simulatore-di-ransomware\\\/grazie\\\/#primaryimage\"},\"thumbnailUrl\":\"https:\\\/\\\/smartfense.com\\\/wp-content\\\/uploads\\\/2023\\\/08\\\/ransomware-1200.jpg\",\"datePublished\":\"2023-08-08T06:42:43+00:00\",\"dateModified\":\"2024-09-18T09:30:33+00:00\",\"breadcrumb\":{\"@id\":\"https:\\\/\\\/smartfense.com\\\/it\\\/risorse\\\/strumenti-gratuiti\\\/simulatore-di-ransomware\\\/grazie\\\/#breadcrumb\"},\"inLanguage\":\"it-IT\",\"potentialAction\":[{\"@type\":\"ReadAction\",\"target\":[\"https:\\\/\\\/smartfense.com\\\/it\\\/risorse\\\/strumenti-gratuiti\\\/simulatore-di-ransomware\\\/grazie\\\/\"]}]},{\"@type\":\"ImageObject\",\"inLanguage\":\"it-IT\",\"@id\":\"https:\\\/\\\/smartfense.com\\\/it\\\/risorse\\\/strumenti-gratuiti\\\/simulatore-di-ransomware\\\/grazie\\\/#primaryimage\",\"url\":\"https:\\\/\\\/smartfense.com\\\/wp-content\\\/uploads\\\/2023\\\/08\\\/ransomware-1200.jpg\",\"contentUrl\":\"https:\\\/\\\/smartfense.com\\\/wp-content\\\/uploads\\\/2023\\\/08\\\/ransomware-1200.jpg\",\"width\":1200,\"height\":630},{\"@type\":\"BreadcrumbList\",\"@id\":\"https:\\\/\\\/smartfense.com\\\/it\\\/risorse\\\/strumenti-gratuiti\\\/simulatore-di-ransomware\\\/grazie\\\/#breadcrumb\",\"itemListElement\":[{\"@type\":\"ListItem\",\"position\":1,\"name\":\"Portada\",\"item\":\"https:\\\/\\\/smartfense.com\\\/it\\\/\"},{\"@type\":\"ListItem\",\"position\":2,\"name\":\"Risorse\",\"item\":\"https:\\\/\\\/smartfense.com\\\/it\\\/risorse\\\/\"},{\"@type\":\"ListItem\",\"position\":3,\"name\":\"Strumenti gratuiti\",\"item\":\"https:\\\/\\\/smartfense.com\\\/it\\\/risorse\\\/strumenti-gratuiti\\\/\"},{\"@type\":\"ListItem\",\"position\":4,\"name\":\"Simulatore di Ransomware\",\"item\":\"https:\\\/\\\/smartfense.com\\\/it\\\/risorse\\\/strumenti-gratuiti\\\/simulatore-di-ransomware\\\/\"},{\"@type\":\"ListItem\",\"position\":5,\"name\":\"Grazie per scaricare lo strumento: Simulatore di Ransomware\"}]},{\"@type\":\"WebSite\",\"@id\":\"https:\\\/\\\/smartfense.com\\\/it\\\/#website\",\"url\":\"https:\\\/\\\/smartfense.com\\\/it\\\/\",\"name\":\"SMARTFENSE - Concienciaci\u00f3n en Ciberseguridad\",\"description\":\"\",\"publisher\":{\"@id\":\"https:\\\/\\\/smartfense.com\\\/it\\\/#organization\"},\"potentialAction\":[{\"@type\":\"SearchAction\",\"target\":{\"@type\":\"EntryPoint\",\"urlTemplate\":\"https:\\\/\\\/smartfense.com\\\/it\\\/?s={search_term_string}\"},\"query-input\":{\"@type\":\"PropertyValueSpecification\",\"valueRequired\":true,\"valueName\":\"search_term_string\"}}],\"inLanguage\":\"it-IT\"},{\"@type\":\"Organization\",\"@id\":\"https:\\\/\\\/smartfense.com\\\/it\\\/#organization\",\"name\":\"SMARTFENSE\",\"url\":\"https:\\\/\\\/smartfense.com\\\/it\\\/\",\"logo\":{\"@type\":\"ImageObject\",\"inLanguage\":\"it-IT\",\"@id\":\"https:\\\/\\\/smartfense.com\\\/it\\\/#\\\/schema\\\/logo\\\/image\\\/\",\"url\":\"https:\\\/\\\/smartfense.com\\\/wp-content\\\/uploads\\\/2023\\\/08\\\/logo-smartfense-240x40-1.png\",\"contentUrl\":\"https:\\\/\\\/smartfense.com\\\/wp-content\\\/uploads\\\/2023\\\/08\\\/logo-smartfense-240x40-1.png\",\"width\":241,\"height\":40,\"caption\":\"SMARTFENSE\"},\"image\":{\"@id\":\"https:\\\/\\\/smartfense.com\\\/it\\\/#\\\/schema\\\/logo\\\/image\\\/\"}}]}<\/script>\n ","yoast_head_json":{"title":"Grazie per scaricare lo strumento: Simulatore di Ransomware - SMARTFENSE - Cyber Security Awareness","robots":{"index":"index","follow":"follow","max-snippet":"max-snippet:-1","max-image-preview":"max-image-preview:large","max-video-preview":"max-video-preview:-1"},"canonical":"https:\/\/smartfense.com\/it\/risorse\/strumenti-gratuiti\/simulatore-di-ransomware\/grazie\/","og_locale":"it_IT","og_type":"article","og_title":"Grazie per scaricare lo strumento: Simulatore di Ransomware - SMARTFENSE - Cyber Security Awareness","og_description":"Riceverai un messaggio di posta elettronica il link per scaricare i file. Istruzioni per la configurazione Il simulatore di ransomware \u00e8 compatibile con il sistema operativo Microsoft Windows. Una volta [&hellip;]","og_url":"https:\/\/smartfense.com\/it\/risorse\/strumenti-gratuiti\/simulatore-di-ransomware\/grazie\/","og_site_name":"SMARTFENSE - Cyber Security Awareness","article_modified_time":"2024-09-18T09:30:33+00:00","og_image":[{"width":1200,"height":630,"url":"https:\/\/smartfense.com\/file\/2023\/08\/ransomware-1200.jpg","type":"image\/jpeg"}],"twitter_card":"summary_large_image","twitter_misc":{"Tempo di lettura stimato":"3 minuti"},"schema":{"@context":"https:\/\/schema.org","@graph":[{"@type":"WebPage","@id":"https:\/\/smartfense.com\/it\/risorse\/strumenti-gratuiti\/simulatore-di-ransomware\/grazie\/","url":"https:\/\/smartfense.com\/it\/risorse\/strumenti-gratuiti\/simulatore-di-ransomware\/grazie\/","name":"Grazie per scaricare lo strumento: Simulatore di Ransomware - SMARTFENSE - Cyber Security Awareness","isPartOf":{"@id":"https:\/\/smartfense.com\/it\/#website"},"primaryImageOfPage":{"@id":"https:\/\/smartfense.com\/it\/risorse\/strumenti-gratuiti\/simulatore-di-ransomware\/grazie\/#primaryimage"},"image":{"@id":"https:\/\/smartfense.com\/it\/risorse\/strumenti-gratuiti\/simulatore-di-ransomware\/grazie\/#primaryimage"},"thumbnailUrl":"https:\/\/smartfense.com\/file\/2023\/08\/ransomware-1200.jpg","datePublished":"2023-08-08T06:42:43+00:00","dateModified":"2024-09-18T09:30:33+00:00","breadcrumb":{"@id":"https:\/\/smartfense.com\/it\/risorse\/strumenti-gratuiti\/simulatore-di-ransomware\/grazie\/#breadcrumb"},"inLanguage":"it-IT","potentialAction":[{"@type":"ReadAction","target":["https:\/\/smartfense.com\/it\/risorse\/strumenti-gratuiti\/simulatore-di-ransomware\/grazie\/"]}]},{"@type":"ImageObject","inLanguage":"it-IT","@id":"https:\/\/smartfense.com\/it\/risorse\/strumenti-gratuiti\/simulatore-di-ransomware\/grazie\/#primaryimage","url":"https:\/\/smartfense.com\/file\/2023\/08\/ransomware-1200.jpg","contentUrl":"https:\/\/smartfense.com\/file\/2023\/08\/ransomware-1200.jpg","width":1200,"height":630},{"@type":"BreadcrumbList","@id":"https:\/\/smartfense.com\/it\/risorse\/strumenti-gratuiti\/simulatore-di-ransomware\/grazie\/#breadcrumb","itemListElement":[{"@type":"ListItem","position":1,"name":"Portada","item":"https:\/\/smartfense.com\/it\/"},{"@type":"ListItem","position":2,"name":"Risorse","item":"https:\/\/smartfense.com\/it\/risorse\/"},{"@type":"ListItem","position":3,"name":"Strumenti gratuiti","item":"https:\/\/smartfense.com\/it\/risorse\/strumenti-gratuiti\/"},{"@type":"ListItem","position":4,"name":"Simulatore di Ransomware","item":"https:\/\/smartfense.com\/it\/risorse\/strumenti-gratuiti\/simulatore-di-ransomware\/"},{"@type":"ListItem","position":5,"name":"Grazie per scaricare lo strumento: Simulatore di Ransomware"}]},{"@type":"WebSite","@id":"https:\/\/smartfense.com\/it\/#website","url":"https:\/\/smartfense.com\/it\/","name":"SMARTFENSE - Concienciaci\u00f3n en Ciberseguridad","description":"","publisher":{"@id":"https:\/\/smartfense.com\/it\/#organization"},"potentialAction":[{"@type":"SearchAction","target":{"@type":"EntryPoint","urlTemplate":"https:\/\/smartfense.com\/it\/?s={search_term_string}"},"query-input":{"@type":"PropertyValueSpecification","valueRequired":true,"valueName":"search_term_string"}}],"inLanguage":"it-IT"},{"@type":"Organization","@id":"https:\/\/smartfense.com\/it\/#organization","name":"SMARTFENSE","url":"https:\/\/smartfense.com\/it\/","logo":{"@type":"ImageObject","inLanguage":"it-IT","@id":"https:\/\/smartfense.com\/it\/#\/schema\/logo\/image\/","url":"https:\/\/smartfense.com\/file\/2023\/08\/logo-smartfense-240x40-1.png","contentUrl":"https:\/\/smartfense.com\/file\/2023\/08\/logo-smartfense-240x40-1.png","width":241,"height":40,"caption":"SMARTFENSE"},"image":{"@id":"https:\/\/smartfense.com\/it\/#\/schema\/logo\/image\/"}}]}},"_links":{"self":[{"href":"https:\/\/smartfense.com\/it\/wp-json\/wp\/v2\/pages\/8301","targetHints":{"allow":["GET"]}}],"collection":[{"href":"https:\/\/smartfense.com\/it\/wp-json\/wp\/v2\/pages"}],"about":[{"href":"https:\/\/smartfense.com\/it\/wp-json\/wp\/v2\/types\/page"}],"author":[{"embeddable":true,"href":"https:\/\/smartfense.com\/it\/wp-json\/wp\/v2\/users\/1"}],"replies":[{"embeddable":true,"href":"https:\/\/smartfense.com\/it\/wp-json\/wp\/v2\/comments?post=8301"}],"version-history":[{"count":4,"href":"https:\/\/smartfense.com\/it\/wp-json\/wp\/v2\/pages\/8301\/revisions"}],"predecessor-version":[{"id":29655,"href":"https:\/\/smartfense.com\/it\/wp-json\/wp\/v2\/pages\/8301\/revisions\/29655"}],"up":[{"embeddable":true,"href":"https:\/\/smartfense.com\/it\/wp-json\/wp\/v2\/pages\/9191"}],"wp:featuredmedia":[{"embeddable":true,"href":"https:\/\/smartfense.com\/it\/wp-json\/wp\/v2\/media\/8321"}],"wp:attachment":[{"href":"https:\/\/smartfense.com\/it\/wp-json\/wp\/v2\/media?parent=8301"}],"curies":[{"name":"wp","href":"https:\/\/api.w.org\/{rel}","templated":true}]}}