{"id":7768,"date":"2023-08-03T17:04:37","date_gmt":"2023-08-03T15:04:37","guid":{"rendered":"https:\/\/callidusprolab.com\/smartfense\/terminos-y-condiciones\/"},"modified":"2024-11-11T11:57:22","modified_gmt":"2024-11-11T10:57:22","slug":"condizioni-generali-di-utilizzo-del-sito-web","status":"publish","type":"page","link":"https:\/\/smartfense.com\/it\/condizioni-generali-di-utilizzo-del-sito-web\/","title":{"rendered":"Condizioni generali di utilizzo del sito web"},"content":{"rendered":"<h2><strong>1. RAPPORTO GIURIDICO<\/strong><\/h2>\n<ol>\n<li>Attraverso i presenti Termini e Condizioni (di seguito &#8220;Condizioni&#8221;), informiamo gli utenti sulle condizioni di utilizzo del sito web www.smartfense.com (di seguito &#8220;Sito Web&#8221;) di propriet\u00e0 di DEFENCE BALANCE S.L., con sede in C\/ Santos Ovejero 1 \u2013 P1-03, 24008 Le\u00f3n, Spagna (di seguito SMARTFENSE). Le presenti Condizioni rispettano le normative internazionali in materia di protezione dei dati personali e privacy.<\/li>\n<li>L&#8217;utilizzo e\/o l&#8217;accesso al Sito Web implica l&#8217;accettazione piena e senza riserve di tutte le disposizioni contenute in queste Condizioni. Qualora non si concordi con una qualsiasi delle condizioni qui stabilite, si prega di non utilizzare n\u00e9 accedere al Sito Web.<\/li>\n<li>SMARTFENSE si riserva il diritto, a sua esclusiva discrezione, di modificare, alterare, aggiungere o rimuovere parti delle Condizioni in qualsiasi momento. Si consiglia di rivedere le Condizioni ogni volta che si visita il Sito Web. L\u2019uso continuato di qualsiasi sezione del Sito Web dopo la notifica di tali modifiche costituir\u00e0 l\u2019accettazione dei cambiamenti.<\/li>\n<\/ol>\n<h2><strong>2. UTILIZZO DEI SERVIZI<\/strong><\/h2>\n<ol>\n<li>L\u2019Utente si impegna a utilizzare il Sito Web, i suoi servizi e contenuti nel rispetto delle leggi vigenti, della buona fede e dell\u2019ordine pubblico. \u00c8 vietato qualsiasi utilizzo con finalit\u00e0 illecite o che possano danneggiare o sovraccaricare l&#8217;uso normale del servizio, nonch\u00e9 qualunque attivit\u00e0 che direttamente o indirettamente possa arrecare danno al Sito Web o violare i diritti di terzi. L\u2019utente si impegna a:\n<ol>\n<li>Utilizzare il Sito Web in modo diligente, corretto e lecito;<\/li>\n<li>Rispettare il tema e la dinamica del Sito Web, utilizzando i servizi e i contenuti in modo appropriato;<\/li>\n<li>Mantenere un linguaggio rispettoso verso gli altri utenti e\/o terze persone;<\/li>\n<li>Rispettare tutti i diritti di titolarit\u00e0 del Sito Web e dei suoi contenuti, conformemente a quanto previsto nei presenti Termini e Condizioni;<\/li>\n<li>Non copiare, modificare, alterare e\/o manipolare il software o effettuare ingegneria inversa;<\/li>\n<li>Non assumere un&#8217;identit\u00e0 falsa o identica a un\u2019altra persona o azienda;<\/li>\n<li>Non caricare contenuti contrari alla legge, alla morale o all&#8217;ordine pubblico;<\/li>\n<li>Non introdurre malware, virus o altri contenuti dannosi che possano compromettere la funzionalit\u00e0 del Sito Web;<\/li>\n<li>Non raccogliere informazioni o contenuti di altri utenti n\u00e9 accedere al Sito Web tramite mezzi automatizzati senza autorizzazione;<\/li>\n<li>Non utilizzare il Sito Web per scopi illeciti, ingannevoli o discriminatori.<\/li>\n<\/ol>\n<\/li>\n<li>Nel caso in cui si utilizzi la Piattaforma SMARTFENSE, l&#8217;utente sar\u00e0 obbligato ad accettare i Termini e Condizioni di Utilizzo della Piattaforma.<\/li>\n<\/ol>\n<h2><strong>3. PRIVACY E INFORMAZIONI PERSONALI<\/strong><\/h2>\n<ol>\n<li>SMARTFENSE si impegna a rispettare la privacy e a trattare i dati personali in conformit\u00e0 con il Regolamento UE 2016\/679 (&#8220;GDPR&#8221;) e le leggi nazionali italiane applicabili. Invitiamo gli utenti a visitare il <a href=\"https:\/\/smartfense.com\/it\/gdpr\/\" target=\"_blank\" rel=\"noopener\">Centro Risorse GDPR<\/a> di SMARTFENSE per accedere ai materiali che tutelano la privacy.<\/li>\n<li>L\u2019accettazione delle presenti Condizioni implica l\u2019accettazione delle <a href=\"https:\/\/smartfense.com\/it\/privacy-policy\/\" target=\"_blank\" rel=\"noopener\">Privacy Policy<\/a>, un documento annesso che descrive il trattamento dei dati personali forniti dagli utenti, ad esempio tramite email o moduli di contatto sul Sito Web.<\/li>\n<li>Per effettuare una prova del servizio (POV) o utilizzare la piattaforma SMARTFENSE, l\u2019utente dovr\u00e0 sottoscrivere l&#8217;<a href=\"https:\/\/smartfense.com\/it\/accordo-sul-trattamento-dei-dati\/\" target=\"_blank\" rel=\"noopener\">Accordo di Trattamento dei Dati (DPA)<\/a> conforme al GDPR e alle normative nazionali.<\/li>\n<\/ol>\n<h2><strong>4. SICUREZZA<\/strong><\/h2>\n<ol>\n<li>In conformit\u00e0 con quanto stabilito nell&#8217;art. 32 del Regolamento UE 2016\/679, SMARTFENSE adotta misure tecniche e organizzative adeguate per garantire un livello di sicurezza proporzionato al rischio, tenendo conto dello stato della tecnica, dei costi di applicazione e della natura, portata, contesto e finalit\u00e0 del trattamento, nonch\u00e9 dei rischi di varia probabilit\u00e0 e gravit\u00e0 per i diritti e le libert\u00e0 delle persone fisiche. Per maggiori informazioni, invitiamo a consultare il documento <a href=\"https:\/\/docs.smartfense.com\/DCO0009\/IT-IT\/SMARTFENSE_-_Sicurezza,_Fiducia_e_Garanzia_nel_Cloud.pdf\" target=\"_blank\" rel=\"noopener\">Sicurezza, Fiducia e Garanzia sul Cloud<\/a> di SMARTFENSE.<\/li>\n<li>Per ulteriori informazioni sui tipi di dati raccolti, consultare le nostra <a href=\"https:\/\/smartfense.com\/it\/privacy-policy\/\" target=\"_blank\" rel=\"noopener\">Privacy Policy<\/a>. I dati saranno utilizzati esclusivamente per finalit\u00e0 di sicurezza delle informazioni e non saranno condivisi con terzi, salvo nei casi previsti dalla legge o richiesti da autorit\u00e0 giudiziarie.<\/li>\n<li>Il sito web potrebbe contenere link di terze parti. L&#8217;Utente che accede a tali link e visita siti non appartenenti all&#8217;Azienda sar\u00e0 soggetto ai termini e condizioni di tali siti e dovr\u00e0 leggerli attentamente. SMARTFENSE non esercita alcun controllo su tali siti e sui loro contenuti e pertanto non si assume alcuna responsabilit\u00e0 n\u00e9 garantisce la legalit\u00e0, attualit\u00e0, qualit\u00e0 o utilit\u00e0 dei contenuti, operazioni o informazioni in essi contenuti, esentando SMARTFENSE da qualsiasi responsabilit\u00e0 per i contenuti o servizi presenti nei siti di terzi.<\/li>\n<li>L&#8217;Utente comprende e accetta di mantenere segreti e riservati i propri dati di accesso, adottando tutte le misure possibili per proteggerne la riservatezza e segretezza. Qualsiasi uso illegittimo o non autorizzato dei dati di accesso sar\u00e0 esclusivamente responsabilit\u00e0 dell&#8217;Utente.<\/li>\n<\/ol>\n<h2><strong>5. PROPRIET\u00c0 INTELLETTUALE<\/strong><\/h2>\n<ol>\n<li>Il sito web, inclusi, a titolo esemplificativo ma non limitativo, la sua programmazione, l\u2019editing, la compilazione e gli altri elementi necessari per il suo funzionamento, i design, i loghi, il testo e\/o la grafica, sono di propriet\u00e0 di SMARTFENSE o, se del caso, sono utilizzati in base a una licenza o autorizzazione espressa da parte degli autori.<\/li>\n<li>Tutti i contenuti del sito web sono debitamente protetti dalla normativa in materia di propriet\u00e0 intellettuale e industriale, oltre a essere registrati nei rispettivi registri pubblici competenti. \u00c8 vietata la riproduzione e\/o pubblicazione, totale o parziale, del sito web, cos\u00ec come il suo trattamento informatico, la distribuzione, diffusione, modifica o trasformazione senza previa autorizzazione scritta da parte di SMARTFENSE. SMARTFENSE vigiler\u00e0 sul rispetto delle condizioni sopra indicate e sulla corretta utilizzazione dei contenuti presentati nelle sue pagine web, esercitando tutte le azioni civili e penali a sua disposizione nel caso di violazione o mancato rispetto di questi diritti da parte dell&#8217;Utente.<\/li>\n<li>I design, i loghi, il testo e\/o la grafica che appartengono a terzi e che potrebbero apparire sul sito web sono di propriet\u00e0 dei rispettivi titolari, i quali sono responsabili di qualsiasi eventuale controversia che possa sorgere riguardo a essi. In ogni caso, SMARTFENSE ha ricevuto autorizzazione esplicita e preventiva da parte di questi titolari. SMARTFENSE riconosce a favore dei rispettivi titolari i relativi diritti di propriet\u00e0 industriale e intellettuale; la semplice menzione o presenza sul sito web non implica l\u2019esistenza di diritti o responsabilit\u00e0 da parte di SMARTFENSE su di essi, n\u00e9 costituisce supporto, patrocinio o raccomandazione da parte di SMARTFENSE.<\/li>\n<li>L&#8217;Utente conserva i diritti d&#8217;autore e ogni altro diritto che possiede gi\u00e0 sul Contenuto che invia, pubblica o mostra attraverso il Sito web. Inviando, pubblicando o mostrando contenuto, l&#8217;Utente concede a SMARTFENSE una licenza temporanea, internazionale, revocabile, non esclusiva e non soggetta a royalty per riprodurre, adattare, modificare, tradurre, pubblicare, rappresentare e mostrare pubblicamente, cos\u00ec come per distribuire qualsiasi contenuto che l\u2019Utente invii, pubblichi o mostri sul sito. Tale licenza \u00e8 concessa al solo scopo di permettere la gestione, l&#8217;amministrazione, la distribuzione, la comunicazione o la gestione dei Servizi del Sito web.<\/li>\n<\/ol>\n<h2><strong>6. LIMITAZIONE DI RESPONSABILIT\u00c0 E GARANZIE<\/strong><\/h2>\n<ol>\n<li>Con il presente accordo, SMARTFENSE declina ogni responsabilit\u00e0 nei confronti dell&#8217;utente o di qualsiasi terza parte per il mancato adempimento di qualsiasi obbligo derivante dalle Condizioni, cos\u00ec come delle conseguenze, inclusa qualsiasi perdita o danno.<\/li>\n<li>L&#8217;utente sar\u00e0 l&#8217;unico ed esclusivo responsabile per l\u2019uso improprio o inadeguato dei servizi o contenuti a cui accede o che utilizza, accettando che SMARTFENSE non avr\u00e0 alcuna responsabilit\u00e0 al riguardo. Allo stesso modo, SMARTFENSE non si assume alcuna responsabilit\u00e0 per le informazioni contenute nei siti di terze parti a cui si pu\u00f2 accedere tramite link o motori di ricerca presenti sul sito web. La funzione dei link presenti su questa pagina \u00e8 esclusivamente informativa e non implica in alcun caso che SMARTFENSE suggerisca, inviti, raccomandi o condivida i contenuti o le opinioni presenti su tali siti.<\/li>\n<li>SMARTFENSE non assume alcuna responsabilit\u00e0 per garanzie, esplicite o implicite, relative al Servizio e ai suoi contenuti, che vengono forniti &#8220;cos\u00ec come sono&#8221; e senza garanzia n\u00e9 responsabilit\u00e0 riguardo alla loro qualit\u00e0, idoneit\u00e0 per l&#8217;uso, completezza o accuratezza.<\/li>\n<li>SMARTFENSE si impegna a fare del suo meglio, nei limiti delle proprie possibilit\u00e0, per fornire i Servizi con la massima qualit\u00e0, affidabilit\u00e0 e sicurezza possibili. Tuttavia, non garantiamo che il Servizio sia ininterrotto, puntuale o privo di errori, n\u00e9 che i difetti possano essere corretti o che i servizi presenti siano privi di malfunzionamenti.<\/li>\n<li>SMARTFENSE si riserva il diritto di sospendere, interrompere, modificare, ampliare o eliminare il Servizio a sua completa discrezione e con effetto immediato, senza obbligo di preavviso e senza assumere alcuna responsabilit\u00e0 per eventuali perdite derivanti da qualsiasi decisione presa da SMARTFENSE.<\/li>\n<\/ol>\n<h2><strong>7. DISPOSIZIONI GENERALI<\/strong><\/h2>\n<ol>\n<li>SMARTFENSE e l&#8217;utente accettano di sottoporsi alla giurisdizione della citt\u00e0 di Le\u00f3n, Spagna, per risolvere qualsiasi questione legale derivante dalle presenti Condizioni.<\/li>\n<li>L&#8217;utente riconosce e accetta che ciascun membro e\/o socio fondatore e\/o dipartimento sussidiario e\/o affiliato di SMARTFENSE costituisce un beneficiario terzo delle Condizioni e che tali membri sono autorizzati ad applicare direttamente le disposizioni delle Condizioni che concedono loro i benefici o i diritti pertinenti, nonch\u00e9 a basarsi su di esse. Salvo quanto sopra specificato, non vi sar\u00e0 alcuna altra persona o azienda beneficiaria delle presenti Condizioni.<\/li>\n<li>Se una clausola delle Condizioni venisse considerata nulla, annullabile o inopponibile, ci\u00f2 non influir\u00e0 sulle altre clausole del presente documento. Di conseguenza, le Condizioni dovranno essere modificate nella misura necessaria per consentire l\u2019esecuzione delle restanti previsioni del presente.<\/li>\n<li>Le presenti Condizioni costituiscono l\u2019accordo legale completo tra SMARTFENSE e l&#8217;utente, regolano l\u2019uso del sito web da parte dell&#8217;utente, esclusi i servizi che SMARTFENSE gli offre in virt\u00f9 di un accordo scritto separato, e sostituiscono qualsiasi accordo precedente.<\/li>\n<\/ol>\n<p>Per qualsiasi domanda relativa alle presenti Condizioni o per esercitare uno dei diritti riconosciuti dalla Legge, \u00e8 possibile contattarci all\u2019indirizzo info@smartfense.com.<\/p>\n<p>Data di revisione: 28 agosto 2024<\/p>\n","protected":false},"excerpt":{"rendered":"<p>1. RAPPORTO GIURIDICO Attraverso i presenti Termini e Condizioni (di seguito &#8220;Condizioni&#8221;), informiamo gli utenti sulle condizioni di utilizzo del sito web www.smartfense.com (di seguito &#8220;Sito Web&#8221;) di propriet\u00e0 di [&hellip;]<\/p>\n","protected":false},"author":1,"featured_media":8962,"parent":0,"menu_order":0,"comment_status":"closed","ping_status":"closed","template":"","meta":{"_acf_changed":false,"footnotes":""},"class_list":["post-7768","page","type-page","status-publish","has-post-thumbnail","hentry"],"acf":[],"yoast_head":" \n<title>Condizioni generali di utilizzo del sito web - SMARTFENSE - Cyber Security Awareness<\/title>\n<meta name=\"robots\" content=\"index, follow, max-snippet:-1, max-image-preview:large, max-video-preview:-1\" \/>\n<link rel=\"canonical\" href=\"https:\/\/smartfense.com\/it\/condizioni-generali-di-utilizzo-del-sito-web\/\" \/>\n<meta property=\"og:locale\" content=\"it_IT\" \/>\n<meta property=\"og:type\" content=\"article\" \/>\n<meta property=\"og:title\" content=\"Condizioni generali di utilizzo del sito web - SMARTFENSE - Cyber Security Awareness\" \/>\n<meta property=\"og:description\" content=\"1. RAPPORTO GIURIDICO Attraverso i presenti Termini e Condizioni (di seguito &#8220;Condizioni&#8221;), informiamo gli utenti sulle condizioni di utilizzo del sito web www.smartfense.com (di seguito &#8220;Sito Web&#8221;) di propriet\u00e0 di [&hellip;]\" \/>\n<meta property=\"og:url\" content=\"https:\/\/smartfense.com\/it\/condizioni-generali-di-utilizzo-del-sito-web\/\" \/>\n<meta property=\"og:site_name\" content=\"SMARTFENSE - Cyber Security Awareness\" \/>\n<meta property=\"article:modified_time\" content=\"2024-11-11T10:57:22+00:00\" \/>\n<meta property=\"og:image\" content=\"https:\/\/smartfense.com\/file\/2023\/04\/por-que-smartfense-es-la-plataforma.jpg\" \/>\n\t<meta property=\"og:image:width\" content=\"1200\" \/>\n\t<meta property=\"og:image:height\" content=\"630\" \/>\n\t<meta property=\"og:image:type\" content=\"image\/jpeg\" \/>\n<meta name=\"twitter:card\" content=\"summary_large_image\" \/>\n<meta name=\"twitter:label1\" content=\"Tempo di lettura stimato\" \/>\n\t<meta name=\"twitter:data1\" content=\"8 minuti\" \/>\n<script type=\"application\/ld+json\" class=\"yoast-schema-graph\">{\"@context\":\"https:\\\/\\\/schema.org\",\"@graph\":[{\"@type\":\"WebPage\",\"@id\":\"https:\\\/\\\/smartfense.com\\\/it\\\/condizioni-generali-di-utilizzo-del-sito-web\\\/\",\"url\":\"https:\\\/\\\/smartfense.com\\\/it\\\/condizioni-generali-di-utilizzo-del-sito-web\\\/\",\"name\":\"Condizioni generali di utilizzo del sito web - SMARTFENSE - Cyber Security Awareness\",\"isPartOf\":{\"@id\":\"https:\\\/\\\/smartfense.com\\\/it\\\/#website\"},\"primaryImageOfPage\":{\"@id\":\"https:\\\/\\\/smartfense.com\\\/it\\\/condizioni-generali-di-utilizzo-del-sito-web\\\/#primaryimage\"},\"image\":{\"@id\":\"https:\\\/\\\/smartfense.com\\\/it\\\/condizioni-generali-di-utilizzo-del-sito-web\\\/#primaryimage\"},\"thumbnailUrl\":\"https:\\\/\\\/smartfense.com\\\/wp-content\\\/uploads\\\/2023\\\/04\\\/por-que-smartfense-es-la-plataforma.jpg\",\"datePublished\":\"2023-08-03T15:04:37+00:00\",\"dateModified\":\"2024-11-11T10:57:22+00:00\",\"breadcrumb\":{\"@id\":\"https:\\\/\\\/smartfense.com\\\/it\\\/condizioni-generali-di-utilizzo-del-sito-web\\\/#breadcrumb\"},\"inLanguage\":\"it-IT\",\"potentialAction\":[{\"@type\":\"ReadAction\",\"target\":[\"https:\\\/\\\/smartfense.com\\\/it\\\/condizioni-generali-di-utilizzo-del-sito-web\\\/\"]}]},{\"@type\":\"ImageObject\",\"inLanguage\":\"it-IT\",\"@id\":\"https:\\\/\\\/smartfense.com\\\/it\\\/condizioni-generali-di-utilizzo-del-sito-web\\\/#primaryimage\",\"url\":\"https:\\\/\\\/smartfense.com\\\/wp-content\\\/uploads\\\/2023\\\/04\\\/por-que-smartfense-es-la-plataforma.jpg\",\"contentUrl\":\"https:\\\/\\\/smartfense.com\\\/wp-content\\\/uploads\\\/2023\\\/04\\\/por-que-smartfense-es-la-plataforma.jpg\",\"width\":1200,\"height\":630},{\"@type\":\"BreadcrumbList\",\"@id\":\"https:\\\/\\\/smartfense.com\\\/it\\\/condizioni-generali-di-utilizzo-del-sito-web\\\/#breadcrumb\",\"itemListElement\":[{\"@type\":\"ListItem\",\"position\":1,\"name\":\"Portada\",\"item\":\"https:\\\/\\\/smartfense.com\\\/it\\\/\"},{\"@type\":\"ListItem\",\"position\":2,\"name\":\"Condizioni generali di utilizzo del sito web\"}]},{\"@type\":\"WebSite\",\"@id\":\"https:\\\/\\\/smartfense.com\\\/it\\\/#website\",\"url\":\"https:\\\/\\\/smartfense.com\\\/it\\\/\",\"name\":\"SMARTFENSE - Concienciaci\u00f3n en Ciberseguridad\",\"description\":\"\",\"publisher\":{\"@id\":\"https:\\\/\\\/smartfense.com\\\/it\\\/#organization\"},\"potentialAction\":[{\"@type\":\"SearchAction\",\"target\":{\"@type\":\"EntryPoint\",\"urlTemplate\":\"https:\\\/\\\/smartfense.com\\\/it\\\/?s={search_term_string}\"},\"query-input\":{\"@type\":\"PropertyValueSpecification\",\"valueRequired\":true,\"valueName\":\"search_term_string\"}}],\"inLanguage\":\"it-IT\"},{\"@type\":\"Organization\",\"@id\":\"https:\\\/\\\/smartfense.com\\\/it\\\/#organization\",\"name\":\"SMARTFENSE\",\"url\":\"https:\\\/\\\/smartfense.com\\\/it\\\/\",\"logo\":{\"@type\":\"ImageObject\",\"inLanguage\":\"it-IT\",\"@id\":\"https:\\\/\\\/smartfense.com\\\/it\\\/#\\\/schema\\\/logo\\\/image\\\/\",\"url\":\"https:\\\/\\\/smartfense.com\\\/wp-content\\\/uploads\\\/2023\\\/08\\\/logo-smartfense-240x40-1.png\",\"contentUrl\":\"https:\\\/\\\/smartfense.com\\\/wp-content\\\/uploads\\\/2023\\\/08\\\/logo-smartfense-240x40-1.png\",\"width\":241,\"height\":40,\"caption\":\"SMARTFENSE\"},\"image\":{\"@id\":\"https:\\\/\\\/smartfense.com\\\/it\\\/#\\\/schema\\\/logo\\\/image\\\/\"}}]}<\/script>\n ","yoast_head_json":{"title":"Condizioni generali di utilizzo del sito web - SMARTFENSE - Cyber Security Awareness","robots":{"index":"index","follow":"follow","max-snippet":"max-snippet:-1","max-image-preview":"max-image-preview:large","max-video-preview":"max-video-preview:-1"},"canonical":"https:\/\/smartfense.com\/it\/condizioni-generali-di-utilizzo-del-sito-web\/","og_locale":"it_IT","og_type":"article","og_title":"Condizioni generali di utilizzo del sito web - SMARTFENSE - Cyber Security Awareness","og_description":"1. RAPPORTO GIURIDICO Attraverso i presenti Termini e Condizioni (di seguito &#8220;Condizioni&#8221;), informiamo gli utenti sulle condizioni di utilizzo del sito web www.smartfense.com (di seguito &#8220;Sito Web&#8221;) di propriet\u00e0 di [&hellip;]","og_url":"https:\/\/smartfense.com\/it\/condizioni-generali-di-utilizzo-del-sito-web\/","og_site_name":"SMARTFENSE - Cyber Security Awareness","article_modified_time":"2024-11-11T10:57:22+00:00","og_image":[{"width":1200,"height":630,"url":"https:\/\/smartfense.com\/file\/2023\/04\/por-que-smartfense-es-la-plataforma.jpg","type":"image\/jpeg"}],"twitter_card":"summary_large_image","twitter_misc":{"Tempo di lettura stimato":"8 minuti"},"schema":{"@context":"https:\/\/schema.org","@graph":[{"@type":"WebPage","@id":"https:\/\/smartfense.com\/it\/condizioni-generali-di-utilizzo-del-sito-web\/","url":"https:\/\/smartfense.com\/it\/condizioni-generali-di-utilizzo-del-sito-web\/","name":"Condizioni generali di utilizzo del sito web - SMARTFENSE - Cyber Security Awareness","isPartOf":{"@id":"https:\/\/smartfense.com\/it\/#website"},"primaryImageOfPage":{"@id":"https:\/\/smartfense.com\/it\/condizioni-generali-di-utilizzo-del-sito-web\/#primaryimage"},"image":{"@id":"https:\/\/smartfense.com\/it\/condizioni-generali-di-utilizzo-del-sito-web\/#primaryimage"},"thumbnailUrl":"https:\/\/smartfense.com\/file\/2023\/04\/por-que-smartfense-es-la-plataforma.jpg","datePublished":"2023-08-03T15:04:37+00:00","dateModified":"2024-11-11T10:57:22+00:00","breadcrumb":{"@id":"https:\/\/smartfense.com\/it\/condizioni-generali-di-utilizzo-del-sito-web\/#breadcrumb"},"inLanguage":"it-IT","potentialAction":[{"@type":"ReadAction","target":["https:\/\/smartfense.com\/it\/condizioni-generali-di-utilizzo-del-sito-web\/"]}]},{"@type":"ImageObject","inLanguage":"it-IT","@id":"https:\/\/smartfense.com\/it\/condizioni-generali-di-utilizzo-del-sito-web\/#primaryimage","url":"https:\/\/smartfense.com\/file\/2023\/04\/por-que-smartfense-es-la-plataforma.jpg","contentUrl":"https:\/\/smartfense.com\/file\/2023\/04\/por-que-smartfense-es-la-plataforma.jpg","width":1200,"height":630},{"@type":"BreadcrumbList","@id":"https:\/\/smartfense.com\/it\/condizioni-generali-di-utilizzo-del-sito-web\/#breadcrumb","itemListElement":[{"@type":"ListItem","position":1,"name":"Portada","item":"https:\/\/smartfense.com\/it\/"},{"@type":"ListItem","position":2,"name":"Condizioni generali di utilizzo del sito web"}]},{"@type":"WebSite","@id":"https:\/\/smartfense.com\/it\/#website","url":"https:\/\/smartfense.com\/it\/","name":"SMARTFENSE - Concienciaci\u00f3n en Ciberseguridad","description":"","publisher":{"@id":"https:\/\/smartfense.com\/it\/#organization"},"potentialAction":[{"@type":"SearchAction","target":{"@type":"EntryPoint","urlTemplate":"https:\/\/smartfense.com\/it\/?s={search_term_string}"},"query-input":{"@type":"PropertyValueSpecification","valueRequired":true,"valueName":"search_term_string"}}],"inLanguage":"it-IT"},{"@type":"Organization","@id":"https:\/\/smartfense.com\/it\/#organization","name":"SMARTFENSE","url":"https:\/\/smartfense.com\/it\/","logo":{"@type":"ImageObject","inLanguage":"it-IT","@id":"https:\/\/smartfense.com\/it\/#\/schema\/logo\/image\/","url":"https:\/\/smartfense.com\/file\/2023\/08\/logo-smartfense-240x40-1.png","contentUrl":"https:\/\/smartfense.com\/file\/2023\/08\/logo-smartfense-240x40-1.png","width":241,"height":40,"caption":"SMARTFENSE"},"image":{"@id":"https:\/\/smartfense.com\/it\/#\/schema\/logo\/image\/"}}]}},"_links":{"self":[{"href":"https:\/\/smartfense.com\/it\/wp-json\/wp\/v2\/pages\/7768","targetHints":{"allow":["GET"]}}],"collection":[{"href":"https:\/\/smartfense.com\/it\/wp-json\/wp\/v2\/pages"}],"about":[{"href":"https:\/\/smartfense.com\/it\/wp-json\/wp\/v2\/types\/page"}],"author":[{"embeddable":true,"href":"https:\/\/smartfense.com\/it\/wp-json\/wp\/v2\/users\/1"}],"replies":[{"embeddable":true,"href":"https:\/\/smartfense.com\/it\/wp-json\/wp\/v2\/comments?post=7768"}],"version-history":[{"count":7,"href":"https:\/\/smartfense.com\/it\/wp-json\/wp\/v2\/pages\/7768\/revisions"}],"predecessor-version":[{"id":31490,"href":"https:\/\/smartfense.com\/it\/wp-json\/wp\/v2\/pages\/7768\/revisions\/31490"}],"wp:featuredmedia":[{"embeddable":true,"href":"https:\/\/smartfense.com\/it\/wp-json\/wp\/v2\/media\/8962"}],"wp:attachment":[{"href":"https:\/\/smartfense.com\/it\/wp-json\/wp\/v2\/media?parent=7768"}],"curies":[{"name":"wp","href":"https:\/\/api.w.org\/{rel}","templated":true}]}}