{"id":31885,"date":"2024-11-13T13:50:09","date_gmt":"2024-11-13T12:50:09","guid":{"rendered":"https:\/\/smartfense.com\/piattaforma\/requisiti-minimi-di-smartfense\/tasa-de-carga-de-la-red\/"},"modified":"2024-11-18T08:21:19","modified_gmt":"2024-11-18T07:21:19","slug":"tasso-di-carico-della-rete","status":"publish","type":"page","link":"https:\/\/smartfense.com\/it\/piattaforma\/requisiti-minimi-di-smartfense\/tasso-di-carico-della-rete\/","title":{"rendered":"Tasso di carico della rete"},"content":{"rendered":"<p>Quando si implementa una piattaforma SaaS in un\u2019organizzazione, \u00e8 essenziale comprendere chiaramente il consumo di Internet che questa potrebbe richiedere.<\/p>\n<p>Di seguito viene fornita un\u2019analisi del tasso di carico della rete che l\u2019organizzazione pu\u00f2 aspettarsi dall\u2019uso dei componenti della piattaforma SMARTFENSE con maggiore impatto sul traffico dati.<\/p>\n<h3><strong>Campagne di Moduli Interattivi<\/strong><\/h3>\n<ul>\n<li><strong>Diapositive con immagini<\/strong>: Considerando che la piattaforma elabora le immagini caricate, per diapositive contenenti 2 immagini il consumo massimo di dati durante l\u2019uso di un modulo interattivo pu\u00f2 raggiungere <strong>1 Mbps<\/strong>.<\/li>\n<li><strong>Diapositive con video<\/strong>: La piattaforma consente di caricare file video fino a <strong>200 MB<\/strong>. In questi casi, il consumo massimo di dati previsto mentre l\u2019utente visualizza il video pu\u00f2 arrivare a <strong>5 Mbps<\/strong>.<\/li>\n<\/ul>\n<h3><strong>Campagne di Video<\/strong><\/h3>\n<p>Il consumo massimo di dati durante la visualizzazione di un video pu\u00f2 raggiungere <strong>5 Mbps<\/strong>.<\/p>\n<h3><strong>Scalabilit\u00e0 del Consumo<\/strong><\/h3>\n<p>Quando si valuta il consumo su una quantit\u00e0 significativa di utenti, non \u00e8 corretto semplicemente moltiplicare il consumo per il numero di utenti. Questo perch\u00e9 esistono meccanismi di memorizzazione nella cache (nei dispositivi di rete intermedi, nei computer, nei browser, ecc.) che riducono la necessit\u00e0 di scaricare pi\u00f9 copie della stessa immagine o dello stesso video, anche se visualizzati da pi\u00f9 utenti.<\/p>\n","protected":false},"excerpt":{"rendered":"<p>Quando si implementa una piattaforma SaaS in un\u2019organizzazione, \u00e8 essenziale comprendere chiaramente il consumo di Internet che questa potrebbe richiedere. Di seguito viene fornita un\u2019analisi del tasso di carico della [&hellip;]<\/p>\n","protected":false},"author":2,"featured_media":0,"parent":31878,"menu_order":0,"comment_status":"closed","ping_status":"closed","template":"","meta":{"_acf_changed":false,"footnotes":""},"class_list":["post-31885","page","type-page","status-publish","hentry"],"acf":[],"yoast_head":" \n<title>Tasso di carico della rete - SMARTFENSE - Cyber Security Awareness<\/title>\n<meta name=\"description\" content=\"Analisi del tasso di carico della rete che l&#039;organizzazione pu\u00f2 aspettarsi utilizzando la piattaforma SMARTFENSE.\" \/>\n<meta name=\"robots\" content=\"index, follow, max-snippet:-1, max-image-preview:large, max-video-preview:-1\" \/>\n<link rel=\"canonical\" href=\"https:\/\/smartfense.com\/it\/piattaforma\/requisiti-minimi-di-smartfense\/tasso-di-carico-della-rete\/\" \/>\n<meta property=\"og:locale\" content=\"it_IT\" \/>\n<meta property=\"og:type\" content=\"article\" \/>\n<meta property=\"og:title\" content=\"Tasso di carico della rete - SMARTFENSE - Cyber Security Awareness\" \/>\n<meta property=\"og:description\" content=\"Analisi del tasso di carico della rete che l&#039;organizzazione pu\u00f2 aspettarsi utilizzando la piattaforma SMARTFENSE.\" \/>\n<meta property=\"og:url\" content=\"https:\/\/smartfense.com\/it\/piattaforma\/requisiti-minimi-di-smartfense\/tasso-di-carico-della-rete\/\" \/>\n<meta property=\"og:site_name\" content=\"SMARTFENSE - Cyber Security Awareness\" \/>\n<meta property=\"article:modified_time\" content=\"2024-11-18T07:21:19+00:00\" \/>\n<meta property=\"og:image\" content=\"https:\/\/smartfense.com\/file\/2023\/11\/smretfense-cybersecurity-awareness-es.jpg\" \/>\n\t<meta property=\"og:image:width\" content=\"1920\" \/>\n\t<meta property=\"og:image:height\" content=\"1038\" \/>\n\t<meta property=\"og:image:type\" content=\"image\/jpeg\" \/>\n<meta name=\"twitter:card\" content=\"summary_large_image\" \/>\n<meta name=\"twitter:label1\" content=\"Tempo di lettura stimato\" \/>\n\t<meta name=\"twitter:data1\" content=\"1 minuto\" \/>\n<script type=\"application\/ld+json\" class=\"yoast-schema-graph\">{\"@context\":\"https:\\\/\\\/schema.org\",\"@graph\":[{\"@type\":\"WebPage\",\"@id\":\"https:\\\/\\\/smartfense.com\\\/it\\\/piattaforma\\\/requisiti-minimi-di-smartfense\\\/tasso-di-carico-della-rete\\\/\",\"url\":\"https:\\\/\\\/smartfense.com\\\/it\\\/piattaforma\\\/requisiti-minimi-di-smartfense\\\/tasso-di-carico-della-rete\\\/\",\"name\":\"Tasso di carico della rete - SMARTFENSE - Cyber Security Awareness\",\"isPartOf\":{\"@id\":\"https:\\\/\\\/smartfense.com\\\/it\\\/#website\"},\"datePublished\":\"2024-11-13T12:50:09+00:00\",\"dateModified\":\"2024-11-18T07:21:19+00:00\",\"description\":\"Analisi del tasso di carico della rete che l'organizzazione pu\u00f2 aspettarsi utilizzando la piattaforma SMARTFENSE.\",\"breadcrumb\":{\"@id\":\"https:\\\/\\\/smartfense.com\\\/it\\\/piattaforma\\\/requisiti-minimi-di-smartfense\\\/tasso-di-carico-della-rete\\\/#breadcrumb\"},\"inLanguage\":\"it-IT\",\"potentialAction\":[{\"@type\":\"ReadAction\",\"target\":[\"https:\\\/\\\/smartfense.com\\\/it\\\/piattaforma\\\/requisiti-minimi-di-smartfense\\\/tasso-di-carico-della-rete\\\/\"]}]},{\"@type\":\"BreadcrumbList\",\"@id\":\"https:\\\/\\\/smartfense.com\\\/it\\\/piattaforma\\\/requisiti-minimi-di-smartfense\\\/tasso-di-carico-della-rete\\\/#breadcrumb\",\"itemListElement\":[{\"@type\":\"ListItem\",\"position\":1,\"name\":\"Portada\",\"item\":\"https:\\\/\\\/smartfense.com\\\/it\\\/\"},{\"@type\":\"ListItem\",\"position\":2,\"name\":\"Piattaforma\",\"item\":\"https:\\\/\\\/smartfense.com\\\/it\\\/piattaforma\\\/\"},{\"@type\":\"ListItem\",\"position\":3,\"name\":\"Requisiti minimi di SMARTFENSE\",\"item\":\"https:\\\/\\\/smartfense.com\\\/it\\\/piattaforma\\\/requisiti-minimi-di-smartfense\\\/\"},{\"@type\":\"ListItem\",\"position\":4,\"name\":\"Tasso di carico della rete\"}]},{\"@type\":\"WebSite\",\"@id\":\"https:\\\/\\\/smartfense.com\\\/it\\\/#website\",\"url\":\"https:\\\/\\\/smartfense.com\\\/it\\\/\",\"name\":\"SMARTFENSE - Concienciaci\u00f3n en Ciberseguridad\",\"description\":\"\",\"publisher\":{\"@id\":\"https:\\\/\\\/smartfense.com\\\/it\\\/#organization\"},\"potentialAction\":[{\"@type\":\"SearchAction\",\"target\":{\"@type\":\"EntryPoint\",\"urlTemplate\":\"https:\\\/\\\/smartfense.com\\\/it\\\/?s={search_term_string}\"},\"query-input\":{\"@type\":\"PropertyValueSpecification\",\"valueRequired\":true,\"valueName\":\"search_term_string\"}}],\"inLanguage\":\"it-IT\"},{\"@type\":\"Organization\",\"@id\":\"https:\\\/\\\/smartfense.com\\\/it\\\/#organization\",\"name\":\"SMARTFENSE\",\"url\":\"https:\\\/\\\/smartfense.com\\\/it\\\/\",\"logo\":{\"@type\":\"ImageObject\",\"inLanguage\":\"it-IT\",\"@id\":\"https:\\\/\\\/smartfense.com\\\/it\\\/#\\\/schema\\\/logo\\\/image\\\/\",\"url\":\"https:\\\/\\\/smartfense.com\\\/wp-content\\\/uploads\\\/2023\\\/08\\\/logo-smartfense-240x40-1.png\",\"contentUrl\":\"https:\\\/\\\/smartfense.com\\\/wp-content\\\/uploads\\\/2023\\\/08\\\/logo-smartfense-240x40-1.png\",\"width\":241,\"height\":40,\"caption\":\"SMARTFENSE\"},\"image\":{\"@id\":\"https:\\\/\\\/smartfense.com\\\/it\\\/#\\\/schema\\\/logo\\\/image\\\/\"}}]}<\/script>\n ","yoast_head_json":{"title":"Tasso di carico della rete - SMARTFENSE - Cyber Security Awareness","description":"Analisi del tasso di carico della rete che l'organizzazione pu\u00f2 aspettarsi utilizzando la piattaforma SMARTFENSE.","robots":{"index":"index","follow":"follow","max-snippet":"max-snippet:-1","max-image-preview":"max-image-preview:large","max-video-preview":"max-video-preview:-1"},"canonical":"https:\/\/smartfense.com\/it\/piattaforma\/requisiti-minimi-di-smartfense\/tasso-di-carico-della-rete\/","og_locale":"it_IT","og_type":"article","og_title":"Tasso di carico della rete - SMARTFENSE - Cyber Security Awareness","og_description":"Analisi del tasso di carico della rete che l'organizzazione pu\u00f2 aspettarsi utilizzando la piattaforma SMARTFENSE.","og_url":"https:\/\/smartfense.com\/it\/piattaforma\/requisiti-minimi-di-smartfense\/tasso-di-carico-della-rete\/","og_site_name":"SMARTFENSE - Cyber Security Awareness","article_modified_time":"2024-11-18T07:21:19+00:00","og_image":[{"width":1920,"height":1038,"url":"https:\/\/smartfense.com\/file\/2023\/11\/smretfense-cybersecurity-awareness-es.jpg","type":"image\/jpeg"}],"twitter_card":"summary_large_image","twitter_misc":{"Tempo di lettura stimato":"1 minuto"},"schema":{"@context":"https:\/\/schema.org","@graph":[{"@type":"WebPage","@id":"https:\/\/smartfense.com\/it\/piattaforma\/requisiti-minimi-di-smartfense\/tasso-di-carico-della-rete\/","url":"https:\/\/smartfense.com\/it\/piattaforma\/requisiti-minimi-di-smartfense\/tasso-di-carico-della-rete\/","name":"Tasso di carico della rete - SMARTFENSE - Cyber Security Awareness","isPartOf":{"@id":"https:\/\/smartfense.com\/it\/#website"},"datePublished":"2024-11-13T12:50:09+00:00","dateModified":"2024-11-18T07:21:19+00:00","description":"Analisi del tasso di carico della rete che l'organizzazione pu\u00f2 aspettarsi utilizzando la piattaforma SMARTFENSE.","breadcrumb":{"@id":"https:\/\/smartfense.com\/it\/piattaforma\/requisiti-minimi-di-smartfense\/tasso-di-carico-della-rete\/#breadcrumb"},"inLanguage":"it-IT","potentialAction":[{"@type":"ReadAction","target":["https:\/\/smartfense.com\/it\/piattaforma\/requisiti-minimi-di-smartfense\/tasso-di-carico-della-rete\/"]}]},{"@type":"BreadcrumbList","@id":"https:\/\/smartfense.com\/it\/piattaforma\/requisiti-minimi-di-smartfense\/tasso-di-carico-della-rete\/#breadcrumb","itemListElement":[{"@type":"ListItem","position":1,"name":"Portada","item":"https:\/\/smartfense.com\/it\/"},{"@type":"ListItem","position":2,"name":"Piattaforma","item":"https:\/\/smartfense.com\/it\/piattaforma\/"},{"@type":"ListItem","position":3,"name":"Requisiti minimi di SMARTFENSE","item":"https:\/\/smartfense.com\/it\/piattaforma\/requisiti-minimi-di-smartfense\/"},{"@type":"ListItem","position":4,"name":"Tasso di carico della rete"}]},{"@type":"WebSite","@id":"https:\/\/smartfense.com\/it\/#website","url":"https:\/\/smartfense.com\/it\/","name":"SMARTFENSE - Concienciaci\u00f3n en Ciberseguridad","description":"","publisher":{"@id":"https:\/\/smartfense.com\/it\/#organization"},"potentialAction":[{"@type":"SearchAction","target":{"@type":"EntryPoint","urlTemplate":"https:\/\/smartfense.com\/it\/?s={search_term_string}"},"query-input":{"@type":"PropertyValueSpecification","valueRequired":true,"valueName":"search_term_string"}}],"inLanguage":"it-IT"},{"@type":"Organization","@id":"https:\/\/smartfense.com\/it\/#organization","name":"SMARTFENSE","url":"https:\/\/smartfense.com\/it\/","logo":{"@type":"ImageObject","inLanguage":"it-IT","@id":"https:\/\/smartfense.com\/it\/#\/schema\/logo\/image\/","url":"https:\/\/smartfense.com\/file\/2023\/08\/logo-smartfense-240x40-1.png","contentUrl":"https:\/\/smartfense.com\/file\/2023\/08\/logo-smartfense-240x40-1.png","width":241,"height":40,"caption":"SMARTFENSE"},"image":{"@id":"https:\/\/smartfense.com\/it\/#\/schema\/logo\/image\/"}}]}},"_links":{"self":[{"href":"https:\/\/smartfense.com\/it\/wp-json\/wp\/v2\/pages\/31885","targetHints":{"allow":["GET"]}}],"collection":[{"href":"https:\/\/smartfense.com\/it\/wp-json\/wp\/v2\/pages"}],"about":[{"href":"https:\/\/smartfense.com\/it\/wp-json\/wp\/v2\/types\/page"}],"author":[{"embeddable":true,"href":"https:\/\/smartfense.com\/it\/wp-json\/wp\/v2\/users\/2"}],"replies":[{"embeddable":true,"href":"https:\/\/smartfense.com\/it\/wp-json\/wp\/v2\/comments?post=31885"}],"version-history":[{"count":3,"href":"https:\/\/smartfense.com\/it\/wp-json\/wp\/v2\/pages\/31885\/revisions"}],"predecessor-version":[{"id":31889,"href":"https:\/\/smartfense.com\/it\/wp-json\/wp\/v2\/pages\/31885\/revisions\/31889"}],"up":[{"embeddable":true,"href":"https:\/\/smartfense.com\/it\/wp-json\/wp\/v2\/pages\/31878"}],"wp:attachment":[{"href":"https:\/\/smartfense.com\/it\/wp-json\/wp\/v2\/media?parent=31885"}],"curies":[{"name":"wp","href":"https:\/\/api.w.org\/{rel}","templated":true}]}}