{"id":15683,"date":"2023-09-14T11:04:50","date_gmt":"2023-09-14T09:04:50","guid":{"rendered":"https:\/\/callidusprolab.com\/smartfense\/?page_id=15683"},"modified":"2024-09-18T11:24:38","modified_gmt":"2024-09-18T09:24:38","slug":"strumento-in-manutenzione","status":"publish","type":"page","link":"https:\/\/smartfense.com\/it\/risorse\/strumenti-gratuiti\/strumento-in-manutenzione\/","title":{"rendered":"Strumento in manutenzione"},"content":{"rendered":"\t\t<div data-elementor-type=\"wp-page\" data-elementor-id=\"15683\" class=\"elementor elementor-15683 elementor-15680\">\n\t\t\t\t<div class=\"elementor-element elementor-element-baf7a35 e-flex e-con-boxed e-con e-parent\" data-id=\"baf7a35\" data-element_type=\"container\">\n\t\t\t\t\t<div class=\"e-con-inner\">\n\t\t<div class=\"elementor-element elementor-element-0acf31b e-con-full e-flex e-con e-child\" data-id=\"0acf31b\" data-element_type=\"container\">\n\t\t\t\t<div class=\"elementor-element elementor-element-ea301a2 elementor-widget elementor-widget-text-editor\" data-id=\"ea301a2\" data-element_type=\"widget\" data-widget_type=\"text-editor.default\">\n\t\t\t\t<div class=\"elementor-widget-container\">\n\t\t\t\t\t\t\t<p>Lo strumento attualmente in uso \u00e8 in fase di manutenzione.<\/p><p>Lavoriamo costantemente per migliorare la piattaforma!<\/p><p>Provi a eseguire nuovamente lo strumento nei prossimi giorni.<\/p>\t\t\t\t\t\t<\/div>\n\t\t\t\t<\/div>\n\t\t\t\t<\/div>\n\t\t<div class=\"elementor-element elementor-element-dae0d6d e-con-full e-flex elementor-invisible e-con e-child\" data-id=\"dae0d6d\" data-element_type=\"container\" data-settings=\"{&quot;animation&quot;:&quot;fadeInRight&quot;}\">\n\t\t\t\t<div class=\"elementor-element elementor-element-a1d5304 elementor-widget elementor-widget-image\" data-id=\"a1d5304\" data-element_type=\"widget\" data-widget_type=\"image.default\">\n\t\t\t\t<div class=\"elementor-widget-container\">\n\t\t\t\t\t\t\t\t\t\t\t\t\t<img fetchpriority=\"high\" decoding=\"async\" width=\"640\" height=\"336\" src=\"https:\/\/smartfense.com\/file\/2023\/07\/human_hacking_tecnicas_herramientas-1024x538.jpg\" class=\"attachment-large size-large wp-image-6927\" alt=\"\" srcset=\"https:\/\/smartfense.com\/file\/2023\/07\/human_hacking_tecnicas_herramientas-1024x538.jpg 1024w, https:\/\/smartfense.com\/file\/2023\/07\/human_hacking_tecnicas_herramientas-300x158.jpg 300w, https:\/\/smartfense.com\/file\/2023\/07\/human_hacking_tecnicas_herramientas-768x403.jpg 768w, https:\/\/smartfense.com\/file\/2023\/07\/human_hacking_tecnicas_herramientas.jpg 1200w\" sizes=\"(max-width: 640px) 100vw, 640px\" \/>\t\t\t\t\t\t\t\t\t\t\t\t\t<\/div>\n\t\t\t\t<\/div>\n\t\t\t\t<\/div>\n\t\t\t\t\t<\/div>\n\t\t\t\t<\/div>\n\t\t<div class=\"elementor-element elementor-element-4fbc8a6 e-flex e-con-boxed e-con e-parent\" data-id=\"4fbc8a6\" data-element_type=\"container\" data-settings=\"{&quot;animation&quot;:&quot;none&quot;}\">\n\t\t\t\t\t<div class=\"e-con-inner\">\n\t\t\t\t<div class=\"elementor-element elementor-element-b289a97 elementor-widget elementor-widget-post_list bdevs-el post_list\" data-id=\"b289a97\" data-element_type=\"widget\" data-widget_type=\"post_list.default\">\n\t\t\t\t<div class=\"elementor-widget-container\">\n\t\t\t\n\n\n <section class=\"blog__area pt-60 pb-60 p-relative\">\n\n\n <div class=\"container\">\n\n <div class=\"row\">\n\n <div class=\"col-12\">\n\n <div class=\"section__title-wrapper section__title-wrapper-2 mb-50 wow fadeInUp2 section-padding section-padding-2 p-0\" data-wow-delay=\".3s\">\n\n \n <span class=\"section__pre-title\">Dal nostro Blog<\/span>\n\n \n\n\n <h2 class=\"section__title section__title-2 bdevs-el-title\">Vuoi sapere di pi\u00f9 sul Awareness?<\/h2>\n \n <\/div>\n\n <\/div>\n\n <\/div>\n\n <div class=\"row\">\n\n \n <div class=\"col-xxl-4 col-xl-4 col-lg-4 col-md-6 wow fadeInUp2\" data-wow-delay=\".3s\">\n\n <div class=\"blog__item white-bg mb-30 bdevselement-post-list\">\n\n \n <div class=\"blog__thumb fix w-img\">\n\n <a href=\"https:\/\/smartfense.com\/it\/blog\/conformita-normativa-un-impegno-costante-per-la-cybersicurezza\/\">\n\n <img decoding=\"async\" src=\"https:\/\/smartfense.com\/file\/2025\/08\/Sin-titulo-12-e1756825267743.jpg\" alt=\"image\">\n\n <\/a>\n\n <\/div>\n\n \n <div class=\"blog__content pt-20\">\n\n \n\n\n <h3 class=\"item_title bdevs-post-title blog__title\"><a href=\"https:\/\/smartfense.com\/it\/blog\/conformita-normativa-un-impegno-costante-per-la-cybersicurezza\/\">Conformit\u00e0 normativa: un impegno costante per la cybersicurezza<\/a><\/h3><p>Nel contesto attuale, parlare di conformit\u00e0 normativa non \u00e8 pi\u00f9 una questione esclusiva dell\u2019area legale o di compliance. Le organizzazioni, indipendentemente dal settore di appartenenza, sono esposte a richieste sempre [&hellip;]\n\n\n \n \n \n\n <\/div>\n\n <\/div>\n\n <\/div>\n\n \n <div class=\"col-xxl-4 col-xl-4 col-lg-4 col-md-6 wow fadeInUp2\" data-wow-delay=\".3s\">\n\n <div class=\"blog__item white-bg mb-30 bdevselement-post-list\">\n\n \n <div class=\"blog__thumb fix w-img\">\n\n <a href=\"https:\/\/smartfense.com\/blog\/cumplimiento-normativo-un-compromiso-sostenido-con-la-ciberseguridad\/\">\n\n <img decoding=\"async\" src=\"https:\/\/smartfense.com\/file\/2025\/08\/Sin-titulo-12-e1756825267743.jpg\" alt=\"image\">\n\n <\/a>\n\n <\/div>\n\n \n <div class=\"blog__content pt-20\">\n\n \n\n\n <h3 class=\"item_title bdevs-post-title blog__title\"><a href=\"https:\/\/smartfense.com\/blog\/cumplimiento-normativo-un-compromiso-sostenido-con-la-ciberseguridad\/\">Cumplimiento normativo: un compromiso sostenido con la ciberseguridad<\/a><\/h3><p>En el contexto actual, hablar de cumplimiento normativo ya no es una cuesti\u00f3n exclusiva del \u00e1rea legal o de compliance. Las organizaciones, independientemente del sector al que pertenezcan, est\u00e1n expuestas [&hellip;]\n\n\n \n \n \n\n <\/div>\n\n <\/div>\n\n <\/div>\n\n \n <div class=\"col-xxl-4 col-xl-4 col-lg-4 col-md-6 wow fadeInUp2\" data-wow-delay=\".3s\">\n\n <div class=\"blog__item white-bg mb-30 bdevselement-post-list\">\n\n \n <div class=\"blog__thumb fix w-img\">\n\n <a href=\"https:\/\/smartfense.com\/it\/blog\/funzionano-davvero-i-nudges-in-cybersecurity\/\">\n\n <img decoding=\"async\" src=\"https:\/\/smartfense.com\/file\/2025\/07\/imagen-nudges.jpg\" alt=\"image\">\n\n <\/a>\n\n <\/div>\n\n \n <div class=\"blog__content pt-20\">\n\n \n\n\n <h3 class=\"item_title bdevs-post-title blog__title\"><a href=\"https:\/\/smartfense.com\/it\/blog\/funzionano-davvero-i-nudges-in-cybersecurity\/\">Funzionano davvero i Nudges in cybersecurity?<\/a><\/h3><p>Non sempre serve interrompere o ripetere regole per cambiare un comportamento. A volte basta un messaggio breve, sottile, che compare nel momento giusto. Una piccola spinta che guida senza imporre. [&hellip;]\n\n\n \n \n \n\n <\/div>\n\n <\/div>\n\n <\/div>\n\n \n <\/div>\n\n <div class=\"row\">\n\n <div class=\"col-xxl-12 wow fadeInUp2\" data-wow-delay=\".9s\">\n\n <div class=\"blog__more text-center mt-40\">\n\n <a class=\"w-btn w-btn-6 bdevs-btn\" href=\"https:\/\/smartfense.com\/it\/blog\/\" href=\"https:\/\/smartfense.com\/it\/blog\/\">Vai al Blog<\/a>\n <\/div>\n\n <\/div>\n\n <\/div>\n\n <\/div>\n\n <\/section>\n\n\n\n \t\t<\/div>\n\t\t\t\t<\/div>\n\t\t\t\t\t<\/div>\n\t\t\t\t<\/div>\n\t\t\t\t<\/div>\n\t\t","protected":false},"excerpt":{"rendered":"<p>Lo strumento attualmente in uso \u00e8 in fase di manutenzione. Lavoriamo costantemente per migliorare la piattaforma! Provi a eseguire nuovamente lo strumento nei prossimi giorni. Dal nostro Blog Vuoi sapere [&hellip;]<\/p>\n","protected":false},"author":1,"featured_media":6927,"parent":9235,"menu_order":0,"comment_status":"closed","ping_status":"closed","template":"elementor_header_footer","meta":{"_acf_changed":false,"footnotes":""},"class_list":["post-15683","page","type-page","status-publish","has-post-thumbnail","hentry"],"acf":[],"yoast_head":" \n<title>Strumento in manutenzione - SMARTFENSE - Cyber Security Awareness<\/title>\n<meta name=\"robots\" content=\"index, follow, max-snippet:-1, max-image-preview:large, max-video-preview:-1\" \/>\n<link rel=\"canonical\" href=\"https:\/\/smartfense.com\/it\/risorse\/strumenti-gratuiti\/strumento-in-manutenzione\/\" \/>\n<meta property=\"og:locale\" content=\"it_IT\" \/>\n<meta property=\"og:type\" content=\"article\" \/>\n<meta property=\"og:title\" content=\"Strumento in manutenzione - SMARTFENSE - Cyber Security Awareness\" \/>\n<meta property=\"og:description\" content=\"Lo strumento attualmente in uso \u00e8 in fase di manutenzione. Lavoriamo costantemente per migliorare la piattaforma! Provi a eseguire nuovamente lo strumento nei prossimi giorni. Dal nostro Blog Vuoi sapere [&hellip;]\" \/>\n<meta property=\"og:url\" content=\"https:\/\/smartfense.com\/it\/risorse\/strumenti-gratuiti\/strumento-in-manutenzione\/\" \/>\n<meta property=\"og:site_name\" content=\"SMARTFENSE - Cyber Security Awareness\" \/>\n<meta property=\"article:modified_time\" content=\"2024-09-18T09:24:38+00:00\" \/>\n<meta property=\"og:image\" content=\"https:\/\/smartfense.com\/file\/2023\/07\/human_hacking_tecnicas_herramientas.jpg\" \/>\n\t<meta property=\"og:image:width\" content=\"1200\" \/>\n\t<meta property=\"og:image:height\" content=\"630\" \/>\n\t<meta property=\"og:image:type\" content=\"image\/jpeg\" \/>\n<meta name=\"twitter:card\" content=\"summary_large_image\" \/>\n<meta name=\"twitter:label1\" content=\"Tempo di lettura stimato\" \/>\n\t<meta name=\"twitter:data1\" content=\"3 minuti\" \/>\n<script type=\"application\/ld+json\" class=\"yoast-schema-graph\">{\"@context\":\"https:\\\/\\\/schema.org\",\"@graph\":[{\"@type\":\"WebPage\",\"@id\":\"https:\\\/\\\/smartfense.com\\\/it\\\/risorse\\\/strumenti-gratuiti\\\/strumento-in-manutenzione\\\/\",\"url\":\"https:\\\/\\\/smartfense.com\\\/it\\\/risorse\\\/strumenti-gratuiti\\\/strumento-in-manutenzione\\\/\",\"name\":\"Strumento in manutenzione - SMARTFENSE - Cyber Security Awareness\",\"isPartOf\":{\"@id\":\"https:\\\/\\\/smartfense.com\\\/it\\\/#website\"},\"primaryImageOfPage\":{\"@id\":\"https:\\\/\\\/smartfense.com\\\/it\\\/risorse\\\/strumenti-gratuiti\\\/strumento-in-manutenzione\\\/#primaryimage\"},\"image\":{\"@id\":\"https:\\\/\\\/smartfense.com\\\/it\\\/risorse\\\/strumenti-gratuiti\\\/strumento-in-manutenzione\\\/#primaryimage\"},\"thumbnailUrl\":\"https:\\\/\\\/smartfense.com\\\/wp-content\\\/uploads\\\/2023\\\/07\\\/human_hacking_tecnicas_herramientas.jpg\",\"datePublished\":\"2023-09-14T09:04:50+00:00\",\"dateModified\":\"2024-09-18T09:24:38+00:00\",\"breadcrumb\":{\"@id\":\"https:\\\/\\\/smartfense.com\\\/it\\\/risorse\\\/strumenti-gratuiti\\\/strumento-in-manutenzione\\\/#breadcrumb\"},\"inLanguage\":\"it-IT\",\"potentialAction\":[{\"@type\":\"ReadAction\",\"target\":[\"https:\\\/\\\/smartfense.com\\\/it\\\/risorse\\\/strumenti-gratuiti\\\/strumento-in-manutenzione\\\/\"]}]},{\"@type\":\"ImageObject\",\"inLanguage\":\"it-IT\",\"@id\":\"https:\\\/\\\/smartfense.com\\\/it\\\/risorse\\\/strumenti-gratuiti\\\/strumento-in-manutenzione\\\/#primaryimage\",\"url\":\"https:\\\/\\\/smartfense.com\\\/wp-content\\\/uploads\\\/2023\\\/07\\\/human_hacking_tecnicas_herramientas.jpg\",\"contentUrl\":\"https:\\\/\\\/smartfense.com\\\/wp-content\\\/uploads\\\/2023\\\/07\\\/human_hacking_tecnicas_herramientas.jpg\",\"width\":1200,\"height\":630},{\"@type\":\"BreadcrumbList\",\"@id\":\"https:\\\/\\\/smartfense.com\\\/it\\\/risorse\\\/strumenti-gratuiti\\\/strumento-in-manutenzione\\\/#breadcrumb\",\"itemListElement\":[{\"@type\":\"ListItem\",\"position\":1,\"name\":\"Portada\",\"item\":\"https:\\\/\\\/smartfense.com\\\/it\\\/\"},{\"@type\":\"ListItem\",\"position\":2,\"name\":\"Risorse\",\"item\":\"https:\\\/\\\/smartfense.com\\\/it\\\/risorse\\\/\"},{\"@type\":\"ListItem\",\"position\":3,\"name\":\"Strumenti gratuiti\",\"item\":\"https:\\\/\\\/smartfense.com\\\/it\\\/risorse\\\/strumenti-gratuiti\\\/\"},{\"@type\":\"ListItem\",\"position\":4,\"name\":\"Strumento in manutenzione\"}]},{\"@type\":\"WebSite\",\"@id\":\"https:\\\/\\\/smartfense.com\\\/it\\\/#website\",\"url\":\"https:\\\/\\\/smartfense.com\\\/it\\\/\",\"name\":\"SMARTFENSE - Concienciaci\u00f3n en Ciberseguridad\",\"description\":\"\",\"publisher\":{\"@id\":\"https:\\\/\\\/smartfense.com\\\/it\\\/#organization\"},\"potentialAction\":[{\"@type\":\"SearchAction\",\"target\":{\"@type\":\"EntryPoint\",\"urlTemplate\":\"https:\\\/\\\/smartfense.com\\\/it\\\/?s={search_term_string}\"},\"query-input\":{\"@type\":\"PropertyValueSpecification\",\"valueRequired\":true,\"valueName\":\"search_term_string\"}}],\"inLanguage\":\"it-IT\"},{\"@type\":\"Organization\",\"@id\":\"https:\\\/\\\/smartfense.com\\\/it\\\/#organization\",\"name\":\"SMARTFENSE\",\"url\":\"https:\\\/\\\/smartfense.com\\\/it\\\/\",\"logo\":{\"@type\":\"ImageObject\",\"inLanguage\":\"it-IT\",\"@id\":\"https:\\\/\\\/smartfense.com\\\/it\\\/#\\\/schema\\\/logo\\\/image\\\/\",\"url\":\"https:\\\/\\\/smartfense.com\\\/wp-content\\\/uploads\\\/2023\\\/08\\\/logo-smartfense-240x40-1.png\",\"contentUrl\":\"https:\\\/\\\/smartfense.com\\\/wp-content\\\/uploads\\\/2023\\\/08\\\/logo-smartfense-240x40-1.png\",\"width\":241,\"height\":40,\"caption\":\"SMARTFENSE\"},\"image\":{\"@id\":\"https:\\\/\\\/smartfense.com\\\/it\\\/#\\\/schema\\\/logo\\\/image\\\/\"}}]}<\/script>\n ","yoast_head_json":{"title":"Strumento in manutenzione - SMARTFENSE - Cyber Security Awareness","robots":{"index":"index","follow":"follow","max-snippet":"max-snippet:-1","max-image-preview":"max-image-preview:large","max-video-preview":"max-video-preview:-1"},"canonical":"https:\/\/smartfense.com\/it\/risorse\/strumenti-gratuiti\/strumento-in-manutenzione\/","og_locale":"it_IT","og_type":"article","og_title":"Strumento in manutenzione - SMARTFENSE - Cyber Security Awareness","og_description":"Lo strumento attualmente in uso \u00e8 in fase di manutenzione. Lavoriamo costantemente per migliorare la piattaforma! Provi a eseguire nuovamente lo strumento nei prossimi giorni. Dal nostro Blog Vuoi sapere [&hellip;]","og_url":"https:\/\/smartfense.com\/it\/risorse\/strumenti-gratuiti\/strumento-in-manutenzione\/","og_site_name":"SMARTFENSE - Cyber Security Awareness","article_modified_time":"2024-09-18T09:24:38+00:00","og_image":[{"width":1200,"height":630,"url":"https:\/\/smartfense.com\/file\/2023\/07\/human_hacking_tecnicas_herramientas.jpg","type":"image\/jpeg"}],"twitter_card":"summary_large_image","twitter_misc":{"Tempo di lettura stimato":"3 minuti"},"schema":{"@context":"https:\/\/schema.org","@graph":[{"@type":"WebPage","@id":"https:\/\/smartfense.com\/it\/risorse\/strumenti-gratuiti\/strumento-in-manutenzione\/","url":"https:\/\/smartfense.com\/it\/risorse\/strumenti-gratuiti\/strumento-in-manutenzione\/","name":"Strumento in manutenzione - SMARTFENSE - Cyber Security Awareness","isPartOf":{"@id":"https:\/\/smartfense.com\/it\/#website"},"primaryImageOfPage":{"@id":"https:\/\/smartfense.com\/it\/risorse\/strumenti-gratuiti\/strumento-in-manutenzione\/#primaryimage"},"image":{"@id":"https:\/\/smartfense.com\/it\/risorse\/strumenti-gratuiti\/strumento-in-manutenzione\/#primaryimage"},"thumbnailUrl":"https:\/\/smartfense.com\/file\/2023\/07\/human_hacking_tecnicas_herramientas.jpg","datePublished":"2023-09-14T09:04:50+00:00","dateModified":"2024-09-18T09:24:38+00:00","breadcrumb":{"@id":"https:\/\/smartfense.com\/it\/risorse\/strumenti-gratuiti\/strumento-in-manutenzione\/#breadcrumb"},"inLanguage":"it-IT","potentialAction":[{"@type":"ReadAction","target":["https:\/\/smartfense.com\/it\/risorse\/strumenti-gratuiti\/strumento-in-manutenzione\/"]}]},{"@type":"ImageObject","inLanguage":"it-IT","@id":"https:\/\/smartfense.com\/it\/risorse\/strumenti-gratuiti\/strumento-in-manutenzione\/#primaryimage","url":"https:\/\/smartfense.com\/file\/2023\/07\/human_hacking_tecnicas_herramientas.jpg","contentUrl":"https:\/\/smartfense.com\/file\/2023\/07\/human_hacking_tecnicas_herramientas.jpg","width":1200,"height":630},{"@type":"BreadcrumbList","@id":"https:\/\/smartfense.com\/it\/risorse\/strumenti-gratuiti\/strumento-in-manutenzione\/#breadcrumb","itemListElement":[{"@type":"ListItem","position":1,"name":"Portada","item":"https:\/\/smartfense.com\/it\/"},{"@type":"ListItem","position":2,"name":"Risorse","item":"https:\/\/smartfense.com\/it\/risorse\/"},{"@type":"ListItem","position":3,"name":"Strumenti gratuiti","item":"https:\/\/smartfense.com\/it\/risorse\/strumenti-gratuiti\/"},{"@type":"ListItem","position":4,"name":"Strumento in manutenzione"}]},{"@type":"WebSite","@id":"https:\/\/smartfense.com\/it\/#website","url":"https:\/\/smartfense.com\/it\/","name":"SMARTFENSE - Concienciaci\u00f3n en Ciberseguridad","description":"","publisher":{"@id":"https:\/\/smartfense.com\/it\/#organization"},"potentialAction":[{"@type":"SearchAction","target":{"@type":"EntryPoint","urlTemplate":"https:\/\/smartfense.com\/it\/?s={search_term_string}"},"query-input":{"@type":"PropertyValueSpecification","valueRequired":true,"valueName":"search_term_string"}}],"inLanguage":"it-IT"},{"@type":"Organization","@id":"https:\/\/smartfense.com\/it\/#organization","name":"SMARTFENSE","url":"https:\/\/smartfense.com\/it\/","logo":{"@type":"ImageObject","inLanguage":"it-IT","@id":"https:\/\/smartfense.com\/it\/#\/schema\/logo\/image\/","url":"https:\/\/smartfense.com\/file\/2023\/08\/logo-smartfense-240x40-1.png","contentUrl":"https:\/\/smartfense.com\/file\/2023\/08\/logo-smartfense-240x40-1.png","width":241,"height":40,"caption":"SMARTFENSE"},"image":{"@id":"https:\/\/smartfense.com\/it\/#\/schema\/logo\/image\/"}}]}},"_links":{"self":[{"href":"https:\/\/smartfense.com\/it\/wp-json\/wp\/v2\/pages\/15683","targetHints":{"allow":["GET"]}}],"collection":[{"href":"https:\/\/smartfense.com\/it\/wp-json\/wp\/v2\/pages"}],"about":[{"href":"https:\/\/smartfense.com\/it\/wp-json\/wp\/v2\/types\/page"}],"author":[{"embeddable":true,"href":"https:\/\/smartfense.com\/it\/wp-json\/wp\/v2\/users\/1"}],"replies":[{"embeddable":true,"href":"https:\/\/smartfense.com\/it\/wp-json\/wp\/v2\/comments?post=15683"}],"version-history":[{"count":3,"href":"https:\/\/smartfense.com\/it\/wp-json\/wp\/v2\/pages\/15683\/revisions"}],"predecessor-version":[{"id":29620,"href":"https:\/\/smartfense.com\/it\/wp-json\/wp\/v2\/pages\/15683\/revisions\/29620"}],"up":[{"embeddable":true,"href":"https:\/\/smartfense.com\/it\/wp-json\/wp\/v2\/pages\/9235"}],"wp:featuredmedia":[{"embeddable":true,"href":"https:\/\/smartfense.com\/it\/wp-json\/wp\/v2\/media\/6927"}],"wp:attachment":[{"href":"https:\/\/smartfense.com\/it\/wp-json\/wp\/v2\/media?parent=15683"}],"curies":[{"name":"wp","href":"https:\/\/api.w.org\/{rel}","templated":true}]}}