{"id":10547,"date":"2023-08-17T11:21:11","date_gmt":"2023-08-17T09:21:11","guid":{"rendered":"https:\/\/callidusprolab.com\/smartfense\/?page_id=10547"},"modified":"2024-11-27T09:13:34","modified_gmt":"2024-11-27T08:13:34","slug":"grazie","status":"publish","type":"page","link":"https:\/\/smartfense.com\/it\/risorse\/guide-e-whitepaper\/disarmando-i-cybercriminali\/grazie\/","title":{"rendered":"Grazie per aver scaricato il Whitepaper: Disarmare i cyber-criminali"},"content":{"rendered":"\t\t<div data-elementor-type=\"wp-page\" data-elementor-id=\"10547\" class=\"elementor elementor-10547 elementor-10544\">\n\t\t\t\t<div class=\"elementor-element elementor-element-baf7a35 e-flex e-con-boxed e-con e-parent\" data-id=\"baf7a35\" data-element_type=\"container\">\n\t\t\t\t\t<div class=\"e-con-inner\">\n\t\t<div class=\"elementor-element elementor-element-0acf31b e-con-full e-flex e-con e-child\" data-id=\"0acf31b\" data-element_type=\"container\">\n\t\t\t\t<div class=\"elementor-element elementor-element-6622698 elementor-widget elementor-widget-text-editor\" data-id=\"6622698\" data-element_type=\"widget\" data-widget_type=\"text-editor.default\">\n\t\t\t\t<div class=\"elementor-widget-container\">\n\t\t\t\t\t\t\t<h3>Ecco il tuo link per scaricare il Whitepaper &#8220;Disarmare i criminali informatici&#8221;<\/h3>\t\t\t\t\t\t<\/div>\n\t\t\t\t<\/div>\n\t\t\t\t<div class=\"elementor-element elementor-element-24b4efa elementor-widget elementor-widget-html\" data-id=\"24b4efa\" data-element_type=\"widget\" data-widget_type=\"html.default\">\n\t\t\t\t<div class=\"elementor-widget-container\">\n\t\t\t<a href=\"https:\/\/docs.smartfense.com\/DCO0024\/IT-IT\/SMARTFENSE_-_Whitepaper._Disarmando_i_cybercriminali:_Strumenti_gratuiti_per_prevenire_attacchi_di_Ingegneria_Sociale.pdf\" class=\"w-btn\">\nScarica adesso<\/a>\t\t<\/div>\n\t\t\t\t<\/div>\n\t\t\t\t<div class=\"elementor-element elementor-element-0be5741 elementor-widget elementor-widget-text-editor\" data-id=\"0be5741\" data-element_type=\"widget\" data-widget_type=\"text-editor.default\">\n\t\t\t\t<div class=\"elementor-widget-container\">\n\t\t\t\t\t\t\t<p>Riceverai una copia del Whitepaper in un messaggio di posta elettronica.<\/p>\t\t\t\t\t\t<\/div>\n\t\t\t\t<\/div>\n\t\t\t\t<\/div>\n\t\t<div class=\"elementor-element elementor-element-dae0d6d e-con-full e-flex elementor-invisible e-con e-child\" data-id=\"dae0d6d\" data-element_type=\"container\" data-settings=\"{&quot;animation&quot;:&quot;fadeInRight&quot;}\">\n\t\t\t\t<div class=\"elementor-element elementor-element-a1d5304 elementor-widget elementor-widget-image\" data-id=\"a1d5304\" data-element_type=\"widget\" data-widget_type=\"image.default\">\n\t\t\t\t<div class=\"elementor-widget-container\">\n\t\t\t\t\t\t\t\t\t\t\t\t\t<img fetchpriority=\"high\" decoding=\"async\" width=\"640\" height=\"336\" src=\"https:\/\/smartfense.com\/file\/2023\/07\/desarmando-ciberdelincuentes-comp-1200px-1024x538.jpg\" class=\"attachment-large size-large wp-image-5159\" alt=\"\" srcset=\"https:\/\/smartfense.com\/file\/2023\/07\/desarmando-ciberdelincuentes-comp-1200px-1024x538.jpg 1024w, https:\/\/smartfense.com\/file\/2023\/07\/desarmando-ciberdelincuentes-comp-1200px-300x158.jpg 300w, https:\/\/smartfense.com\/file\/2023\/07\/desarmando-ciberdelincuentes-comp-1200px-768x403.jpg 768w, https:\/\/smartfense.com\/file\/2023\/07\/desarmando-ciberdelincuentes-comp-1200px.jpg 1200w\" sizes=\"(max-width: 640px) 100vw, 640px\" \/>\t\t\t\t\t\t\t\t\t\t\t\t\t<\/div>\n\t\t\t\t<\/div>\n\t\t\t\t<\/div>\n\t\t\t\t\t<\/div>\n\t\t\t\t<\/div>\n\t\t<div class=\"elementor-element elementor-element-4fbc8a6 e-flex e-con-boxed e-con e-parent\" data-id=\"4fbc8a6\" data-element_type=\"container\" data-settings=\"{&quot;animation&quot;:&quot;none&quot;}\">\n\t\t\t\t\t<div class=\"e-con-inner\">\n\t\t\t\t<div class=\"elementor-element elementor-element-b289a97 elementor-widget elementor-widget-post_list bdevs-el post_list\" data-id=\"b289a97\" data-element_type=\"widget\" data-widget_type=\"post_list.default\">\n\t\t\t\t<div class=\"elementor-widget-container\">\n\t\t\t\n\n\n <section class=\"blog__area pt-60 pb-60 p-relative\">\n\n\n <div class=\"container\">\n\n <div class=\"row\">\n\n <div class=\"col-12\">\n\n <div class=\"section__title-wrapper section__title-wrapper-2 mb-50 wow fadeInUp2 section-padding section-padding-2 p-0\" data-wow-delay=\".3s\">\n\n \n <span class=\"section__pre-title\">Dal nostro Blog<\/span>\n\n \n\n\n <h2 class=\"section__title section__title-2 bdevs-el-title\">Vuoi sapere di pi\u00f9 sull'ingegneria sociale?<\/h2>\n \n <\/div>\n\n <\/div>\n\n <\/div>\n\n <div class=\"row\">\n\n \n <div class=\"col-xxl-4 col-xl-4 col-lg-4 col-md-6 wow fadeInUp2\" data-wow-delay=\".3s\">\n\n <div class=\"blog__item white-bg mb-30 bdevselement-post-list\">\n\n \n <div class=\"blog__thumb fix w-img\">\n\n <a href=\"https:\/\/smartfense.com\/it\/blog\/quello-che-il-tuo-siem-non-vede-ma-gli-attaccanti-si-come-integrare-il-comportamento-umano-nella-strategia-di-rilevamento\/\">\n\n <img decoding=\"async\" src=\"https:\/\/smartfense.com\/file\/2025\/07\/SIEM.jpg-1.webp\" alt=\"image\">\n\n <\/a>\n\n <\/div>\n\n \n <div class=\"blog__content pt-20\">\n\n \n\n\n <h3 class=\"item_title bdevs-post-title blog__title\"><a href=\"https:\/\/smartfense.com\/it\/blog\/quello-che-il-tuo-siem-non-vede-ma-gli-attaccanti-si-come-integrare-il-comportamento-umano-nella-strategia-di-rilevamento\/\">Quello che il tuo SIEM non vede (ma gli attaccanti s\u00ec): come integrare il comportamento umano nella strategia di rilevamento<\/a><\/h3><p>In un ecosistema digitale saturo di minacce, dove l\u2019errore umano resta il principale vettore di attacco, non \u00e8 pi\u00f9 sufficiente affidarsi esclusivamente a firewall, EDR o sistemi di monitoraggio tradizionali. [&hellip;]\n\n\n \n \n \n\n <\/div>\n\n <\/div>\n\n <\/div>\n\n \n <div class=\"col-xxl-4 col-xl-4 col-lg-4 col-md-6 wow fadeInUp2\" data-wow-delay=\".3s\">\n\n <div class=\"blog__item white-bg mb-30 bdevselement-post-list\">\n\n \n <div class=\"blog__thumb fix w-img\">\n\n <a href=\"https:\/\/smartfense.com\/it\/blog\/cyber-security-senza-pause-il-potere-della-consapevolezza-continua\/\">\n\n <img decoding=\"async\" src=\"https:\/\/smartfense.com\/file\/2024\/12\/continuidad2.jpg\" alt=\"image\">\n\n <\/a>\n\n <\/div>\n\n \n <div class=\"blog__content pt-20\">\n\n \n\n\n <h3 class=\"item_title bdevs-post-title blog__title\"><a href=\"https:\/\/smartfense.com\/it\/blog\/cyber-security-senza-pause-il-potere-della-consapevolezza-continua\/\">Cyber security senza pause: Il potere della consapevolezza continua<\/a><\/h3><p>Nel panorama dinamico della cyber security, dove le minacce evolvono costantemente, mantenere un focus continuo sulla consapevolezza non \u00e8 solo una strategia: \u00e8 una necessit\u00e0. Le organizzazioni leader hanno dimostrato [&hellip;]\n\n\n \n \n \n\n <\/div>\n\n <\/div>\n\n <\/div>\n\n \n <div class=\"col-xxl-4 col-xl-4 col-lg-4 col-md-6 wow fadeInUp2\" data-wow-delay=\".3s\">\n\n <div class=\"blog__item white-bg mb-30 bdevselement-post-list\">\n\n \n <div class=\"blog__thumb fix w-img\">\n\n <a href=\"https:\/\/smartfense.com\/it\/blog\/cybersecurity-sul-grande-schermo-lezioni-per-la-vita-reale\/\">\n\n <img decoding=\"async\" src=\"https:\/\/smartfense.com\/file\/2024\/11\/cine.jpg\" alt=\"image\">\n\n <\/a>\n\n <\/div>\n\n \n <div class=\"blog__content pt-20\">\n\n \n\n\n <h3 class=\"item_title bdevs-post-title blog__title\"><a href=\"https:\/\/smartfense.com\/it\/blog\/cybersecurity-sul-grande-schermo-lezioni-per-la-vita-reale\/\">Cybersecurity sul grande schermo: lezioni per la vita reale<\/a><\/h3><p>La cybersecurity \u00e8 passata dall&#8217;essere un tema tecnico a diventare un pilastro fondamentale per la sicurezza globale, e il cinema ha contribuito a illustrare questo cambiamento. Film che mostrano cyberattacchi [&hellip;]\n\n\n \n \n \n\n <\/div>\n\n <\/div>\n\n <\/div>\n\n \n <\/div>\n\n <div class=\"row\">\n\n <div class=\"col-xxl-12 wow fadeInUp2\" data-wow-delay=\".9s\">\n\n <div class=\"blog__more text-center mt-40\">\n\n <a class=\"w-btn w-btn-6 bdevs-btn\" href=\"https:\/\/smartfense.com\/it\/blog\/\" href=\"https:\/\/smartfense.com\/it\/blog\/\">Vai al blog<\/a>\n <\/div>\n\n <\/div>\n\n <\/div>\n\n <\/div>\n\n <\/section>\n\n\n\n \t\t<\/div>\n\t\t\t\t<\/div>\n\t\t\t\t\t<\/div>\n\t\t\t\t<\/div>\n\t\t\t\t<\/div>\n\t\t","protected":false},"excerpt":{"rendered":"<p>Ecco il tuo link per scaricare il Whitepaper &#8220;Disarmare i criminali informatici&#8221; Scarica adesso Riceverai una copia del Whitepaper in un messaggio di posta elettronica. Dal nostro Blog Vuoi sapere [&hellip;]<\/p>\n","protected":false},"author":1,"featured_media":5159,"parent":9115,"menu_order":0,"comment_status":"closed","ping_status":"closed","template":"elementor_header_footer","meta":{"_acf_changed":false,"footnotes":""},"class_list":["post-10547","page","type-page","status-publish","has-post-thumbnail","hentry"],"acf":[],"yoast_head":" \n<title>Grazie per aver scaricato il Whitepaper: Disarmare i cyber-criminali - SMARTFENSE - Cyber Security Awareness<\/title>\n<meta name=\"robots\" content=\"index, follow, max-snippet:-1, max-image-preview:large, max-video-preview:-1\" \/>\n<link rel=\"canonical\" href=\"https:\/\/smartfense.com\/it\/risorse\/guide-e-whitepaper\/disarmando-i-cybercriminali\/grazie\/\" \/>\n<meta property=\"og:locale\" content=\"it_IT\" \/>\n<meta property=\"og:type\" content=\"article\" \/>\n<meta property=\"og:title\" content=\"Grazie per aver scaricato il Whitepaper: Disarmare i cyber-criminali - SMARTFENSE - Cyber Security Awareness\" \/>\n<meta property=\"og:description\" content=\"Ecco il tuo link per scaricare il Whitepaper &#8220;Disarmare i criminali informatici&#8221; Scarica adesso Riceverai una copia del Whitepaper in un messaggio di posta elettronica. Dal nostro Blog Vuoi sapere [&hellip;]\" \/>\n<meta property=\"og:url\" content=\"https:\/\/smartfense.com\/it\/risorse\/guide-e-whitepaper\/disarmando-i-cybercriminali\/grazie\/\" \/>\n<meta property=\"og:site_name\" content=\"SMARTFENSE - Cyber Security Awareness\" \/>\n<meta property=\"article:modified_time\" content=\"2024-11-27T08:13:34+00:00\" \/>\n<meta property=\"og:image\" content=\"https:\/\/smartfense.com\/file\/2023\/07\/desarmando-ciberdelincuentes-comp-1200px.jpg\" \/>\n\t<meta property=\"og:image:width\" content=\"1200\" \/>\n\t<meta property=\"og:image:height\" content=\"630\" \/>\n\t<meta property=\"og:image:type\" content=\"image\/jpeg\" \/>\n<meta name=\"twitter:card\" content=\"summary_large_image\" \/>\n<meta name=\"twitter:label1\" content=\"Tempo di lettura stimato\" \/>\n\t<meta name=\"twitter:data1\" content=\"3 minuti\" \/>\n<script type=\"application\/ld+json\" class=\"yoast-schema-graph\">{\"@context\":\"https:\\\/\\\/schema.org\",\"@graph\":[{\"@type\":\"WebPage\",\"@id\":\"https:\\\/\\\/smartfense.com\\\/it\\\/risorse\\\/guide-e-whitepaper\\\/disarmando-i-cybercriminali\\\/grazie\\\/\",\"url\":\"https:\\\/\\\/smartfense.com\\\/it\\\/risorse\\\/guide-e-whitepaper\\\/disarmando-i-cybercriminali\\\/grazie\\\/\",\"name\":\"Grazie per aver scaricato il Whitepaper: Disarmare i cyber-criminali - SMARTFENSE - Cyber Security Awareness\",\"isPartOf\":{\"@id\":\"https:\\\/\\\/smartfense.com\\\/it\\\/#website\"},\"primaryImageOfPage\":{\"@id\":\"https:\\\/\\\/smartfense.com\\\/it\\\/risorse\\\/guide-e-whitepaper\\\/disarmando-i-cybercriminali\\\/grazie\\\/#primaryimage\"},\"image\":{\"@id\":\"https:\\\/\\\/smartfense.com\\\/it\\\/risorse\\\/guide-e-whitepaper\\\/disarmando-i-cybercriminali\\\/grazie\\\/#primaryimage\"},\"thumbnailUrl\":\"https:\\\/\\\/smartfense.com\\\/wp-content\\\/uploads\\\/2023\\\/07\\\/desarmando-ciberdelincuentes-comp-1200px.jpg\",\"datePublished\":\"2023-08-17T09:21:11+00:00\",\"dateModified\":\"2024-11-27T08:13:34+00:00\",\"breadcrumb\":{\"@id\":\"https:\\\/\\\/smartfense.com\\\/it\\\/risorse\\\/guide-e-whitepaper\\\/disarmando-i-cybercriminali\\\/grazie\\\/#breadcrumb\"},\"inLanguage\":\"it-IT\",\"potentialAction\":[{\"@type\":\"ReadAction\",\"target\":[\"https:\\\/\\\/smartfense.com\\\/it\\\/risorse\\\/guide-e-whitepaper\\\/disarmando-i-cybercriminali\\\/grazie\\\/\"]}]},{\"@type\":\"ImageObject\",\"inLanguage\":\"it-IT\",\"@id\":\"https:\\\/\\\/smartfense.com\\\/it\\\/risorse\\\/guide-e-whitepaper\\\/disarmando-i-cybercriminali\\\/grazie\\\/#primaryimage\",\"url\":\"https:\\\/\\\/smartfense.com\\\/wp-content\\\/uploads\\\/2023\\\/07\\\/desarmando-ciberdelincuentes-comp-1200px.jpg\",\"contentUrl\":\"https:\\\/\\\/smartfense.com\\\/wp-content\\\/uploads\\\/2023\\\/07\\\/desarmando-ciberdelincuentes-comp-1200px.jpg\",\"width\":1200,\"height\":630},{\"@type\":\"BreadcrumbList\",\"@id\":\"https:\\\/\\\/smartfense.com\\\/it\\\/risorse\\\/guide-e-whitepaper\\\/disarmando-i-cybercriminali\\\/grazie\\\/#breadcrumb\",\"itemListElement\":[{\"@type\":\"ListItem\",\"position\":1,\"name\":\"Portada\",\"item\":\"https:\\\/\\\/smartfense.com\\\/it\\\/\"},{\"@type\":\"ListItem\",\"position\":2,\"name\":\"Risorse\",\"item\":\"https:\\\/\\\/smartfense.com\\\/it\\\/risorse\\\/\"},{\"@type\":\"ListItem\",\"position\":3,\"name\":\"Guide e Whitepaper\",\"item\":\"https:\\\/\\\/smartfense.com\\\/it\\\/risorse\\\/guide-e-whitepaper\\\/\"},{\"@type\":\"ListItem\",\"position\":4,\"name\":\"Disarmare i cyber criminali: strumenti gratuiti per prevenire attacchi di ingegneria sociale\",\"item\":\"https:\\\/\\\/smartfense.com\\\/it\\\/risorse\\\/guide-e-whitepaper\\\/disarmando-i-cybercriminali\\\/\"},{\"@type\":\"ListItem\",\"position\":5,\"name\":\"Grazie per aver scaricato il Whitepaper: Disarmare i cyber-criminali\"}]},{\"@type\":\"WebSite\",\"@id\":\"https:\\\/\\\/smartfense.com\\\/it\\\/#website\",\"url\":\"https:\\\/\\\/smartfense.com\\\/it\\\/\",\"name\":\"SMARTFENSE - Concienciaci\u00f3n en Ciberseguridad\",\"description\":\"\",\"publisher\":{\"@id\":\"https:\\\/\\\/smartfense.com\\\/it\\\/#organization\"},\"potentialAction\":[{\"@type\":\"SearchAction\",\"target\":{\"@type\":\"EntryPoint\",\"urlTemplate\":\"https:\\\/\\\/smartfense.com\\\/it\\\/?s={search_term_string}\"},\"query-input\":{\"@type\":\"PropertyValueSpecification\",\"valueRequired\":true,\"valueName\":\"search_term_string\"}}],\"inLanguage\":\"it-IT\"},{\"@type\":\"Organization\",\"@id\":\"https:\\\/\\\/smartfense.com\\\/it\\\/#organization\",\"name\":\"SMARTFENSE\",\"url\":\"https:\\\/\\\/smartfense.com\\\/it\\\/\",\"logo\":{\"@type\":\"ImageObject\",\"inLanguage\":\"it-IT\",\"@id\":\"https:\\\/\\\/smartfense.com\\\/it\\\/#\\\/schema\\\/logo\\\/image\\\/\",\"url\":\"https:\\\/\\\/smartfense.com\\\/wp-content\\\/uploads\\\/2023\\\/08\\\/logo-smartfense-240x40-1.png\",\"contentUrl\":\"https:\\\/\\\/smartfense.com\\\/wp-content\\\/uploads\\\/2023\\\/08\\\/logo-smartfense-240x40-1.png\",\"width\":241,\"height\":40,\"caption\":\"SMARTFENSE\"},\"image\":{\"@id\":\"https:\\\/\\\/smartfense.com\\\/it\\\/#\\\/schema\\\/logo\\\/image\\\/\"}}]}<\/script>\n ","yoast_head_json":{"title":"Grazie per aver scaricato il Whitepaper: Disarmare i cyber-criminali - SMARTFENSE - Cyber Security Awareness","robots":{"index":"index","follow":"follow","max-snippet":"max-snippet:-1","max-image-preview":"max-image-preview:large","max-video-preview":"max-video-preview:-1"},"canonical":"https:\/\/smartfense.com\/it\/risorse\/guide-e-whitepaper\/disarmando-i-cybercriminali\/grazie\/","og_locale":"it_IT","og_type":"article","og_title":"Grazie per aver scaricato il Whitepaper: Disarmare i cyber-criminali - SMARTFENSE - Cyber Security Awareness","og_description":"Ecco il tuo link per scaricare il Whitepaper &#8220;Disarmare i criminali informatici&#8221; Scarica adesso Riceverai una copia del Whitepaper in un messaggio di posta elettronica. Dal nostro Blog Vuoi sapere [&hellip;]","og_url":"https:\/\/smartfense.com\/it\/risorse\/guide-e-whitepaper\/disarmando-i-cybercriminali\/grazie\/","og_site_name":"SMARTFENSE - Cyber Security Awareness","article_modified_time":"2024-11-27T08:13:34+00:00","og_image":[{"width":1200,"height":630,"url":"https:\/\/smartfense.com\/file\/2023\/07\/desarmando-ciberdelincuentes-comp-1200px.jpg","type":"image\/jpeg"}],"twitter_card":"summary_large_image","twitter_misc":{"Tempo di lettura stimato":"3 minuti"},"schema":{"@context":"https:\/\/schema.org","@graph":[{"@type":"WebPage","@id":"https:\/\/smartfense.com\/it\/risorse\/guide-e-whitepaper\/disarmando-i-cybercriminali\/grazie\/","url":"https:\/\/smartfense.com\/it\/risorse\/guide-e-whitepaper\/disarmando-i-cybercriminali\/grazie\/","name":"Grazie per aver scaricato il Whitepaper: Disarmare i cyber-criminali - SMARTFENSE - Cyber Security Awareness","isPartOf":{"@id":"https:\/\/smartfense.com\/it\/#website"},"primaryImageOfPage":{"@id":"https:\/\/smartfense.com\/it\/risorse\/guide-e-whitepaper\/disarmando-i-cybercriminali\/grazie\/#primaryimage"},"image":{"@id":"https:\/\/smartfense.com\/it\/risorse\/guide-e-whitepaper\/disarmando-i-cybercriminali\/grazie\/#primaryimage"},"thumbnailUrl":"https:\/\/smartfense.com\/file\/2023\/07\/desarmando-ciberdelincuentes-comp-1200px.jpg","datePublished":"2023-08-17T09:21:11+00:00","dateModified":"2024-11-27T08:13:34+00:00","breadcrumb":{"@id":"https:\/\/smartfense.com\/it\/risorse\/guide-e-whitepaper\/disarmando-i-cybercriminali\/grazie\/#breadcrumb"},"inLanguage":"it-IT","potentialAction":[{"@type":"ReadAction","target":["https:\/\/smartfense.com\/it\/risorse\/guide-e-whitepaper\/disarmando-i-cybercriminali\/grazie\/"]}]},{"@type":"ImageObject","inLanguage":"it-IT","@id":"https:\/\/smartfense.com\/it\/risorse\/guide-e-whitepaper\/disarmando-i-cybercriminali\/grazie\/#primaryimage","url":"https:\/\/smartfense.com\/file\/2023\/07\/desarmando-ciberdelincuentes-comp-1200px.jpg","contentUrl":"https:\/\/smartfense.com\/file\/2023\/07\/desarmando-ciberdelincuentes-comp-1200px.jpg","width":1200,"height":630},{"@type":"BreadcrumbList","@id":"https:\/\/smartfense.com\/it\/risorse\/guide-e-whitepaper\/disarmando-i-cybercriminali\/grazie\/#breadcrumb","itemListElement":[{"@type":"ListItem","position":1,"name":"Portada","item":"https:\/\/smartfense.com\/it\/"},{"@type":"ListItem","position":2,"name":"Risorse","item":"https:\/\/smartfense.com\/it\/risorse\/"},{"@type":"ListItem","position":3,"name":"Guide e Whitepaper","item":"https:\/\/smartfense.com\/it\/risorse\/guide-e-whitepaper\/"},{"@type":"ListItem","position":4,"name":"Disarmare i cyber criminali: strumenti gratuiti per prevenire attacchi di ingegneria sociale","item":"https:\/\/smartfense.com\/it\/risorse\/guide-e-whitepaper\/disarmando-i-cybercriminali\/"},{"@type":"ListItem","position":5,"name":"Grazie per aver scaricato il Whitepaper: Disarmare i cyber-criminali"}]},{"@type":"WebSite","@id":"https:\/\/smartfense.com\/it\/#website","url":"https:\/\/smartfense.com\/it\/","name":"SMARTFENSE - Concienciaci\u00f3n en Ciberseguridad","description":"","publisher":{"@id":"https:\/\/smartfense.com\/it\/#organization"},"potentialAction":[{"@type":"SearchAction","target":{"@type":"EntryPoint","urlTemplate":"https:\/\/smartfense.com\/it\/?s={search_term_string}"},"query-input":{"@type":"PropertyValueSpecification","valueRequired":true,"valueName":"search_term_string"}}],"inLanguage":"it-IT"},{"@type":"Organization","@id":"https:\/\/smartfense.com\/it\/#organization","name":"SMARTFENSE","url":"https:\/\/smartfense.com\/it\/","logo":{"@type":"ImageObject","inLanguage":"it-IT","@id":"https:\/\/smartfense.com\/it\/#\/schema\/logo\/image\/","url":"https:\/\/smartfense.com\/file\/2023\/08\/logo-smartfense-240x40-1.png","contentUrl":"https:\/\/smartfense.com\/file\/2023\/08\/logo-smartfense-240x40-1.png","width":241,"height":40,"caption":"SMARTFENSE"},"image":{"@id":"https:\/\/smartfense.com\/it\/#\/schema\/logo\/image\/"}}]}},"_links":{"self":[{"href":"https:\/\/smartfense.com\/it\/wp-json\/wp\/v2\/pages\/10547","targetHints":{"allow":["GET"]}}],"collection":[{"href":"https:\/\/smartfense.com\/it\/wp-json\/wp\/v2\/pages"}],"about":[{"href":"https:\/\/smartfense.com\/it\/wp-json\/wp\/v2\/types\/page"}],"author":[{"embeddable":true,"href":"https:\/\/smartfense.com\/it\/wp-json\/wp\/v2\/users\/1"}],"replies":[{"embeddable":true,"href":"https:\/\/smartfense.com\/it\/wp-json\/wp\/v2\/comments?post=10547"}],"version-history":[{"count":7,"href":"https:\/\/smartfense.com\/it\/wp-json\/wp\/v2\/pages\/10547\/revisions"}],"predecessor-version":[{"id":32643,"href":"https:\/\/smartfense.com\/it\/wp-json\/wp\/v2\/pages\/10547\/revisions\/32643"}],"up":[{"embeddable":true,"href":"https:\/\/smartfense.com\/it\/wp-json\/wp\/v2\/pages\/9115"}],"wp:featuredmedia":[{"embeddable":true,"href":"https:\/\/smartfense.com\/it\/wp-json\/wp\/v2\/media\/5159"}],"wp:attachment":[{"href":"https:\/\/smartfense.com\/it\/wp-json\/wp\/v2\/media?parent=10547"}],"curies":[{"name":"wp","href":"https:\/\/api.w.org\/{rel}","templated":true}]}}