{"id":9613,"date":"2023-08-11T15:20:30","date_gmt":"2023-08-11T15:20:30","guid":{"rendered":"https:\/\/callidusprolab.com\/smartfense\/?page_id=9613"},"modified":"2023-08-31T14:34:57","modified_gmt":"2023-08-31T14:34:57","slug":"gracias","status":"publish","type":"page","link":"https:\/\/smartfense.com\/es-ar\/recursos\/casos-de-exito\/gracias\/","title":{"rendered":"Gracias por descargar el caso de \u00e9xito Noanet"},"content":{"rendered":"\t\t<div data-elementor-type=\"wp-page\" data-elementor-id=\"9613\" class=\"elementor elementor-9613\">\n\t\t\t\t<div class=\"elementor-element elementor-element-baf7a35 e-flex e-con-boxed e-con e-parent\" data-id=\"baf7a35\" data-element_type=\"container\">\n\t\t\t\t\t<div class=\"e-con-inner\">\n\t\t<div class=\"elementor-element elementor-element-0acf31b e-con-full e-flex e-con e-parent\" data-id=\"0acf31b\" data-element_type=\"container\">\n\t\t\t\t<div class=\"elementor-element elementor-element-818d394 elementor-widget elementor-widget-text-editor\" data-id=\"818d394\" data-element_type=\"widget\" data-widget_type=\"text-editor.default\">\n\t\t\t\t<div class=\"elementor-widget-container\">\n\t\t\t\t\t\t\t<h3 style=\"text-align: center;\">Gracias por tu inter\u00e9s<\/h3>\t\t\t\t\t\t<\/div>\n\t\t\t\t<\/div>\n\t\t\t\t<div class=\"elementor-element elementor-element-a69ba76 elementor-widget elementor-widget-text-editor\" data-id=\"a69ba76\" data-element_type=\"widget\" data-widget_type=\"text-editor.default\">\n\t\t\t\t<div class=\"elementor-widget-container\">\n\t\t\t\t\t\t\t<h2 style=\"text-align: center;\">Caso de \u00e9xito Noanet<br \/><span style=\"color: #0052f7;\">HACIA UNA CULTURA CIBERSEGURA<\/span><\/h2>\t\t\t\t\t\t<\/div>\n\t\t\t\t<\/div>\n\t\t\t\t<div class=\"elementor-element elementor-element-fdd6f54 elementor-align-center elementor-invisible elementor-widget elementor-widget-button\" data-id=\"fdd6f54\" data-element_type=\"widget\" data-settings=\"{&quot;_animation&quot;:&quot;fadeInUp&quot;}\" data-widget_type=\"button.default\">\n\t\t\t\t<div class=\"elementor-widget-container\">\n\t\t\t\t\t\t\t\t<a class=\"elementor-button elementor-button-link elementor-size-sm\" href=\"https:\/\/smartfense.com\/file\/2023\/08\/SMARTFENSE_-_Caso_de_Exito_Noanet.pdf\" target=\"_blank\">\n\t\t\t\t\t\t<span class=\"elementor-button-content-wrapper\">\n\t\t\t\t\t\t\t\t\t<span class=\"elementor-button-text\">Descargar ahora<\/span>\n\t\t\t\t\t<\/span>\n\t\t\t\t\t<\/a>\n\t\t\t\t\t\t<\/div>\n\t\t\t\t<\/div>\n\t\t\t\t<div class=\"elementor-element elementor-element-ea301a2 elementor-widget elementor-widget-text-editor\" data-id=\"ea301a2\" data-element_type=\"widget\" data-widget_type=\"text-editor.default\">\n\t\t\t\t<div class=\"elementor-widget-container\">\n\t\t\t\t\t\t\t<p style=\"text-align: center;\">Te hemos enviado un email a tu bandeja de entrada para que puedas acceder a \u00e9l cuando desees.<\/p>\t\t\t\t\t\t<\/div>\n\t\t\t\t<\/div>\n\t\t\t\t<\/div>\n\t\t<div class=\"elementor-element elementor-element-dae0d6d e-con-full e-flex elementor-invisible e-con e-parent\" data-id=\"dae0d6d\" data-element_type=\"container\" data-settings=\"{&quot;animation&quot;:&quot;fadeInRight&quot;}\">\n\t\t\t\t<div class=\"elementor-element elementor-element-a1d5304 elementor-widget elementor-widget-image\" data-id=\"a1d5304\" data-element_type=\"widget\" data-widget_type=\"image.default\">\n\t\t\t\t<div class=\"elementor-widget-container\">\n\t\t\t\t\t\t\t\t\t\t\t\t\t<img fetchpriority=\"high\" decoding=\"async\" width=\"640\" height=\"432\" src=\"https:\/\/smartfense.com\/file\/2023\/07\/Nueva-Portada-Noanet-1024x691.png\" class=\"attachment-large size-large wp-image-5230\" alt=\"\" srcset=\"https:\/\/smartfense.com\/file\/2023\/07\/Nueva-Portada-Noanet-1024x691.png 1024w, https:\/\/smartfense.com\/file\/2023\/07\/Nueva-Portada-Noanet-300x203.png 300w, https:\/\/smartfense.com\/file\/2023\/07\/Nueva-Portada-Noanet-768x518.png 768w, https:\/\/smartfense.com\/file\/2023\/07\/Nueva-Portada-Noanet.png 1114w\" sizes=\"(max-width: 640px) 100vw, 640px\" \/>\t\t\t\t\t\t\t\t\t\t\t\t\t<\/div>\n\t\t\t\t<\/div>\n\t\t\t\t<\/div>\n\t\t\t\t\t<\/div>\n\t\t\t\t<\/div>\n\t\t<div class=\"elementor-element elementor-element-da01907 e-flex e-con-boxed e-con e-parent\" data-id=\"da01907\" data-element_type=\"container\" data-settings=\"{&quot;background_background&quot;:&quot;classic&quot;}\">\n\t\t\t\t\t<div class=\"e-con-inner\">\n\t\t\t\t<div class=\"elementor-element elementor-element-51acb8f elementor-widget elementor-widget-text-editor\" data-id=\"51acb8f\" data-element_type=\"widget\" data-widget_type=\"text-editor.default\">\n\t\t\t\t<div class=\"elementor-widget-container\">\n\t\t\t\t\t\t\t<h3 style=\"text-align: center;\"><span style=\"color: #0052f7;\">Te compartimos otros recursos que creemos que te pueden interesar:<\/span><\/h3>\t\t\t\t\t\t<\/div>\n\t\t\t\t<\/div>\n\t\t<div class=\"elementor-element elementor-element-d297de2 e-flex e-con-boxed e-con e-parent\" data-id=\"d297de2\" data-element_type=\"container\">\n\t\t\t\t\t<div class=\"e-con-inner\">\n\t\t<div class=\"elementor-element elementor-element-e49957d e-flex e-con-boxed e-con e-parent\" data-id=\"e49957d\" data-element_type=\"container\">\n\t\t\t\t\t<div class=\"e-con-inner\">\n\t\t\t\t<div class=\"elementor-element elementor-element-ff41713 elementor-widget elementor-widget-image\" data-id=\"ff41713\" data-element_type=\"widget\" data-widget_type=\"image.default\">\n\t\t\t\t<div class=\"elementor-widget-container\">\n\t\t\t\t\t\t\t\t\t\t\t\t\t<img decoding=\"async\" width=\"640\" height=\"336\" src=\"https:\/\/smartfense.com\/file\/2023\/08\/harvester-1200-1024x538.jpg\" class=\"attachment-large size-large wp-image-8334\" alt=\"\" srcset=\"https:\/\/smartfense.com\/file\/2023\/08\/harvester-1200-1024x538.jpg 1024w, https:\/\/smartfense.com\/file\/2023\/08\/harvester-1200-300x158.jpg 300w, https:\/\/smartfense.com\/file\/2023\/08\/harvester-1200-768x403.jpg 768w, https:\/\/smartfense.com\/file\/2023\/08\/harvester-1200.jpg 1200w\" sizes=\"(max-width: 640px) 100vw, 640px\" \/>\t\t\t\t\t\t\t\t\t\t\t\t\t<\/div>\n\t\t\t\t<\/div>\n\t\t\t\t<div class=\"elementor-element elementor-element-3ac6f1c elementor-widget elementor-widget-text-editor\" data-id=\"3ac6f1c\" data-element_type=\"widget\" data-widget_type=\"text-editor.default\">\n\t\t\t\t<div class=\"elementor-widget-container\">\n\t\t\t\t\t\t\t<h3>Email Harvester<\/h3>\t\t\t\t\t\t<\/div>\n\t\t\t\t<\/div>\n\t\t\t\t<div class=\"elementor-element elementor-element-082f1af elementor-widget elementor-widget-text-editor\" data-id=\"082f1af\" data-element_type=\"widget\" data-widget_type=\"text-editor.default\">\n\t\t\t\t<div class=\"elementor-widget-container\">\n\t\t\t\t\t\t\tComprueba cu\u00e1ntas cuentas de correo corporativas tienes expuestas a internet y conoce tu grado de exposici\u00f3n a ataques de Spear Phishing.\n\n\t\t\t\t\t\t<\/div>\n\t\t\t\t<\/div>\n\t\t\t\t<div class=\"elementor-element elementor-element-e214101 elementor-align-left elementor-invisible elementor-widget elementor-widget-button\" data-id=\"e214101\" data-element_type=\"widget\" data-settings=\"{&quot;_animation&quot;:&quot;fadeInUp&quot;}\" data-widget_type=\"button.default\">\n\t\t\t\t<div class=\"elementor-widget-container\">\n\t\t\t\t\t\t\t\t<a class=\"elementor-button elementor-button-link elementor-size-sm\" href=\"https:\/\/smartfense.com\/es-ar\/recursos\/herramientas-gratuitas\/email-harvester\/\">\n\t\t\t\t\t\t<span class=\"elementor-button-content-wrapper\">\n\t\t\t\t\t\t\t\t\t<span class=\"elementor-button-text\">Utilizar ahora<\/span>\n\t\t\t\t\t<\/span>\n\t\t\t\t\t<\/a>\n\t\t\t\t\t\t<\/div>\n\t\t\t\t<\/div>\n\t\t\t\t\t<\/div>\n\t\t\t\t<\/div>\n\t\t<div class=\"elementor-element elementor-element-2002689 e-flex e-con-boxed e-con e-parent\" data-id=\"2002689\" data-element_type=\"container\">\n\t\t\t\t\t<div class=\"e-con-inner\">\n\t\t\t\t<div class=\"elementor-element elementor-element-022ecd6 elementor-widget elementor-widget-image\" data-id=\"022ecd6\" data-element_type=\"widget\" data-widget_type=\"image.default\">\n\t\t\t\t<div class=\"elementor-widget-container\">\n\t\t\t\t\t\t\t\t\t\t\t\t\t<img decoding=\"async\" width=\"640\" height=\"336\" src=\"https:\/\/smartfense.com\/file\/2023\/08\/phishing-1200-1024x538.jpg\" class=\"attachment-large size-large wp-image-9650\" alt=\"\" srcset=\"https:\/\/smartfense.com\/file\/2023\/08\/phishing-1200-1024x538.jpg 1024w, https:\/\/smartfense.com\/file\/2023\/08\/phishing-1200-300x158.jpg 300w, https:\/\/smartfense.com\/file\/2023\/08\/phishing-1200-768x403.jpg 768w, https:\/\/smartfense.com\/file\/2023\/08\/phishing-1200.jpg 1200w\" sizes=\"(max-width: 640px) 100vw, 640px\" \/>\t\t\t\t\t\t\t\t\t\t\t\t\t<\/div>\n\t\t\t\t<\/div>\n\t\t\t\t<div class=\"elementor-element elementor-element-3878ca3 elementor-widget elementor-widget-text-editor\" data-id=\"3878ca3\" data-element_type=\"widget\" data-widget_type=\"text-editor.default\">\n\t\t\t\t<div class=\"elementor-widget-container\">\n\t\t\t\t\t\t\t<h3>Simulaci\u00f3n de Phishing<\/h3>\t\t\t\t\t\t<\/div>\n\t\t\t\t<\/div>\n\t\t\t\t<div class=\"elementor-element elementor-element-daf441c elementor-widget elementor-widget-text-editor\" data-id=\"daf441c\" data-element_type=\"widget\" data-widget_type=\"text-editor.default\">\n\t\t\t\t<div class=\"elementor-widget-container\">\n\t\t\t\t\t\t\tDescubre cu\u00e1l es el nivel de riesgo de tu organizaci\u00f3n. Pon a prueba los h\u00e1bitos de las personas de tu empresa.\t\t\t\t\t\t<\/div>\n\t\t\t\t<\/div>\n\t\t\t\t<div class=\"elementor-element elementor-element-ac18369 elementor-align-left elementor-invisible elementor-widget elementor-widget-button\" data-id=\"ac18369\" data-element_type=\"widget\" data-settings=\"{&quot;_animation&quot;:&quot;fadeInUp&quot;}\" data-widget_type=\"button.default\">\n\t\t\t\t<div class=\"elementor-widget-container\">\n\t\t\t\t\t\t\t\t<a class=\"elementor-button elementor-button-link elementor-size-sm\" href=\"https:\/\/smartfense.com\/es-ar\/quiero-ver-una-demostracion\/\">\n\t\t\t\t\t\t<span class=\"elementor-button-content-wrapper\">\n\t\t\t\t\t\t\t\t\t<span class=\"elementor-button-text\">Quiero una Demo<\/span>\n\t\t\t\t\t<\/span>\n\t\t\t\t\t<\/a>\n\t\t\t\t\t\t<\/div>\n\t\t\t\t<\/div>\n\t\t\t\t\t<\/div>\n\t\t\t\t<\/div>\n\t\t\t\t\t<\/div>\n\t\t\t\t<\/div>\n\t\t\t\t\t<\/div>\n\t\t\t\t<\/div>\n\t\t\t\t<section class=\"elementor-section elementor-top-section elementor-element elementor-element-10393e2b elementor-section-full_width elementor-section-stretched elementor-section-height-default elementor-section-height-default\" data-id=\"10393e2b\" data-element_type=\"section\" data-settings=\"{&quot;stretch_section&quot;:&quot;section-stretched&quot;}\">\n\t\t\t\t\t\t<div class=\"elementor-container elementor-column-gap-no\">\n\t\t\t\t\t<div class=\"elementor-column elementor-col-100 elementor-top-column elementor-element elementor-element-7f8c4bdf\" data-id=\"7f8c4bdf\" data-element_type=\"column\">\n\t\t\t<div class=\"elementor-widget-wrap elementor-element-populated\">\n\t\t\t\t\t\t\t<\/div>\n\t\t<\/div>\n\t\t\t\t\t<\/div>\n\t\t<\/section>\n\t\t\t\t<\/div>\n\t\t","protected":false},"excerpt":{"rendered":"<p>Gracias por tu inter\u00e9s Caso de \u00e9xito NoanetHACIA UNA CULTURA CIBERSEGURA Descargar ahora Te hemos enviado un email a tu bandeja de entrada para que puedas acceder a \u00e9l cuando [&hellip;]<\/p>\n","protected":false},"author":1,"featured_media":0,"parent":9097,"menu_order":0,"comment_status":"closed","ping_status":"closed","template":"elementor_header_footer","meta":{"_acf_changed":false,"footnotes":""},"class_list":["post-9613","page","type-page","status-publish","hentry"],"acf":[],"yoast_head":" \n<title>Gracias por descargar el caso de \u00e9xito Noanet - SMARTFENSE - Concientizaci\u00f3n en ciberseguridad<\/title>\n<meta name=\"robots\" content=\"index, follow, max-snippet:-1, max-image-preview:large, max-video-preview:-1\" \/>\n<link rel=\"canonical\" href=\"https:\/\/smartfense.com\/es-ar\/recursos\/casos-de-exito\/gracias\/\" \/>\n<meta property=\"og:locale\" content=\"es_ES\" \/>\n<meta property=\"og:type\" content=\"article\" \/>\n<meta property=\"og:title\" content=\"Gracias por descargar el caso de \u00e9xito Noanet - SMARTFENSE - Concientizaci\u00f3n en ciberseguridad\" \/>\n<meta property=\"og:description\" content=\"Gracias por tu inter\u00e9s Caso de \u00e9xito NoanetHACIA UNA CULTURA CIBERSEGURA Descargar ahora Te hemos enviado un email a tu bandeja de entrada para que puedas acceder a \u00e9l cuando [&hellip;]\" \/>\n<meta property=\"og:url\" content=\"https:\/\/smartfense.com\/es-ar\/recursos\/casos-de-exito\/gracias\/\" \/>\n<meta property=\"og:site_name\" content=\"SMARTFENSE - Concientizaci\u00f3n en ciberseguridad\" \/>\n<meta property=\"article:modified_time\" content=\"2023-08-31T14:34:57+00:00\" \/>\n<meta property=\"og:image\" content=\"https:\/\/smartfense.com\/file\/2023\/07\/Nueva-Portada-Noanet-1024x691.png?_t=1693492497\" \/>\n<meta name=\"twitter:card\" content=\"summary_large_image\" \/>\n<meta name=\"twitter:label1\" content=\"Tiempo de lectura\" \/>\n\t<meta name=\"twitter:data1\" content=\"1 minuto\" \/>\n<script type=\"application\/ld+json\" class=\"yoast-schema-graph\">{\"@context\":\"https:\\\/\\\/schema.org\",\"@graph\":[{\"@type\":\"WebPage\",\"@id\":\"https:\\\/\\\/smartfense.com\\\/es-ar\\\/recursos\\\/casos-de-exito\\\/gracias\\\/\",\"url\":\"https:\\\/\\\/smartfense.com\\\/es-ar\\\/recursos\\\/casos-de-exito\\\/gracias\\\/\",\"name\":\"Gracias por descargar el caso de \u00e9xito Noanet - SMARTFENSE - Concientizaci\u00f3n en ciberseguridad\",\"isPartOf\":{\"@id\":\"https:\\\/\\\/smartfense.com\\\/es-ar\\\/#website\"},\"primaryImageOfPage\":{\"@id\":\"https:\\\/\\\/smartfense.com\\\/es-ar\\\/recursos\\\/casos-de-exito\\\/gracias\\\/#primaryimage\"},\"image\":{\"@id\":\"https:\\\/\\\/smartfense.com\\\/es-ar\\\/recursos\\\/casos-de-exito\\\/gracias\\\/#primaryimage\"},\"thumbnailUrl\":\"https:\\\/\\\/smartfense.com\\\/wp-content\\\/uploads\\\/2023\\\/07\\\/Nueva-Portada-Noanet-1024x691.png?_t=1693492497\",\"datePublished\":\"2023-08-11T15:20:30+00:00\",\"dateModified\":\"2023-08-31T14:34:57+00:00\",\"breadcrumb\":{\"@id\":\"https:\\\/\\\/smartfense.com\\\/es-ar\\\/recursos\\\/casos-de-exito\\\/gracias\\\/#breadcrumb\"},\"inLanguage\":\"es-AR\",\"potentialAction\":[{\"@type\":\"ReadAction\",\"target\":[\"https:\\\/\\\/smartfense.com\\\/es-ar\\\/recursos\\\/casos-de-exito\\\/gracias\\\/\"]}]},{\"@type\":\"ImageObject\",\"inLanguage\":\"es-AR\",\"@id\":\"https:\\\/\\\/smartfense.com\\\/es-ar\\\/recursos\\\/casos-de-exito\\\/gracias\\\/#primaryimage\",\"url\":\"https:\\\/\\\/smartfense.com\\\/wp-content\\\/uploads\\\/2023\\\/07\\\/Nueva-Portada-Noanet-1024x691.png?_t=1693492497\",\"contentUrl\":\"https:\\\/\\\/smartfense.com\\\/wp-content\\\/uploads\\\/2023\\\/07\\\/Nueva-Portada-Noanet-1024x691.png?_t=1693492497\"},{\"@type\":\"BreadcrumbList\",\"@id\":\"https:\\\/\\\/smartfense.com\\\/es-ar\\\/recursos\\\/casos-de-exito\\\/gracias\\\/#breadcrumb\",\"itemListElement\":[{\"@type\":\"ListItem\",\"position\":1,\"name\":\"Portada\",\"item\":\"https:\\\/\\\/smartfense.com\\\/es-ar\\\/concientizacion-en-ciberseguridad\\\/\"},{\"@type\":\"ListItem\",\"position\":2,\"name\":\"Recursos\",\"item\":\"https:\\\/\\\/smartfense.com\\\/es-ar\\\/recursos\\\/\"},{\"@type\":\"ListItem\",\"position\":3,\"name\":\"Casos de \u00e9xito\",\"item\":\"https:\\\/\\\/smartfense.com\\\/es-ar\\\/recursos\\\/casos-de-exito\\\/\"},{\"@type\":\"ListItem\",\"position\":4,\"name\":\"Gracias por descargar el caso de \u00e9xito Noanet\"}]},{\"@type\":\"WebSite\",\"@id\":\"https:\\\/\\\/smartfense.com\\\/es-ar\\\/#website\",\"url\":\"https:\\\/\\\/smartfense.com\\\/es-ar\\\/\",\"name\":\"SMARTFENSE - Concienciaci\u00f3n en Ciberseguridad\",\"description\":\"\",\"publisher\":{\"@id\":\"https:\\\/\\\/smartfense.com\\\/es-ar\\\/#organization\"},\"potentialAction\":[{\"@type\":\"SearchAction\",\"target\":{\"@type\":\"EntryPoint\",\"urlTemplate\":\"https:\\\/\\\/smartfense.com\\\/es-ar\\\/?s={search_term_string}\"},\"query-input\":{\"@type\":\"PropertyValueSpecification\",\"valueRequired\":true,\"valueName\":\"search_term_string\"}}],\"inLanguage\":\"es-AR\"},{\"@type\":\"Organization\",\"@id\":\"https:\\\/\\\/smartfense.com\\\/es-ar\\\/#organization\",\"name\":\"SMARTFENSE\",\"url\":\"https:\\\/\\\/smartfense.com\\\/es-ar\\\/\",\"logo\":{\"@type\":\"ImageObject\",\"inLanguage\":\"es-AR\",\"@id\":\"https:\\\/\\\/smartfense.com\\\/es-ar\\\/#\\\/schema\\\/logo\\\/image\\\/\",\"url\":\"https:\\\/\\\/smartfense.com\\\/wp-content\\\/uploads\\\/2023\\\/08\\\/logo-smartfense-240x40-1.png\",\"contentUrl\":\"https:\\\/\\\/smartfense.com\\\/wp-content\\\/uploads\\\/2023\\\/08\\\/logo-smartfense-240x40-1.png\",\"width\":241,\"height\":40,\"caption\":\"SMARTFENSE\"},\"image\":{\"@id\":\"https:\\\/\\\/smartfense.com\\\/es-ar\\\/#\\\/schema\\\/logo\\\/image\\\/\"}}]}<\/script>\n ","yoast_head_json":{"title":"Gracias por descargar el caso de \u00e9xito Noanet - SMARTFENSE - Concientizaci\u00f3n en ciberseguridad","robots":{"index":"index","follow":"follow","max-snippet":"max-snippet:-1","max-image-preview":"max-image-preview:large","max-video-preview":"max-video-preview:-1"},"canonical":"https:\/\/smartfense.com\/es-ar\/recursos\/casos-de-exito\/gracias\/","og_locale":"es_ES","og_type":"article","og_title":"Gracias por descargar el caso de \u00e9xito Noanet - SMARTFENSE - Concientizaci\u00f3n en ciberseguridad","og_description":"Gracias por tu inter\u00e9s Caso de \u00e9xito NoanetHACIA UNA CULTURA CIBERSEGURA Descargar ahora Te hemos enviado un email a tu bandeja de entrada para que puedas acceder a \u00e9l cuando [&hellip;]","og_url":"https:\/\/smartfense.com\/es-ar\/recursos\/casos-de-exito\/gracias\/","og_site_name":"SMARTFENSE - Concientizaci\u00f3n en ciberseguridad","article_modified_time":"2023-08-31T14:34:57+00:00","og_image":[{"url":"https:\/\/smartfense.com\/file\/2023\/07\/Nueva-Portada-Noanet-1024x691.png?_t=1693492497","type":"","width":"","height":""}],"twitter_card":"summary_large_image","twitter_misc":{"Tiempo de lectura":"1 minuto"},"schema":{"@context":"https:\/\/schema.org","@graph":[{"@type":"WebPage","@id":"https:\/\/smartfense.com\/es-ar\/recursos\/casos-de-exito\/gracias\/","url":"https:\/\/smartfense.com\/es-ar\/recursos\/casos-de-exito\/gracias\/","name":"Gracias por descargar el caso de \u00e9xito Noanet - SMARTFENSE - Concientizaci\u00f3n en ciberseguridad","isPartOf":{"@id":"https:\/\/smartfense.com\/es-ar\/#website"},"primaryImageOfPage":{"@id":"https:\/\/smartfense.com\/es-ar\/recursos\/casos-de-exito\/gracias\/#primaryimage"},"image":{"@id":"https:\/\/smartfense.com\/es-ar\/recursos\/casos-de-exito\/gracias\/#primaryimage"},"thumbnailUrl":"https:\/\/smartfense.com\/file\/2023\/07\/Nueva-Portada-Noanet-1024x691.png?_t=1693492497","datePublished":"2023-08-11T15:20:30+00:00","dateModified":"2023-08-31T14:34:57+00:00","breadcrumb":{"@id":"https:\/\/smartfense.com\/es-ar\/recursos\/casos-de-exito\/gracias\/#breadcrumb"},"inLanguage":"es-AR","potentialAction":[{"@type":"ReadAction","target":["https:\/\/smartfense.com\/es-ar\/recursos\/casos-de-exito\/gracias\/"]}]},{"@type":"ImageObject","inLanguage":"es-AR","@id":"https:\/\/smartfense.com\/es-ar\/recursos\/casos-de-exito\/gracias\/#primaryimage","url":"https:\/\/smartfense.com\/file\/2023\/07\/Nueva-Portada-Noanet-1024x691.png?_t=1693492497","contentUrl":"https:\/\/smartfense.com\/file\/2023\/07\/Nueva-Portada-Noanet-1024x691.png?_t=1693492497"},{"@type":"BreadcrumbList","@id":"https:\/\/smartfense.com\/es-ar\/recursos\/casos-de-exito\/gracias\/#breadcrumb","itemListElement":[{"@type":"ListItem","position":1,"name":"Portada","item":"https:\/\/smartfense.com\/es-ar\/concientizacion-en-ciberseguridad\/"},{"@type":"ListItem","position":2,"name":"Recursos","item":"https:\/\/smartfense.com\/es-ar\/recursos\/"},{"@type":"ListItem","position":3,"name":"Casos de \u00e9xito","item":"https:\/\/smartfense.com\/es-ar\/recursos\/casos-de-exito\/"},{"@type":"ListItem","position":4,"name":"Gracias por descargar el caso de \u00e9xito Noanet"}]},{"@type":"WebSite","@id":"https:\/\/smartfense.com\/es-ar\/#website","url":"https:\/\/smartfense.com\/es-ar\/","name":"SMARTFENSE - Concienciaci\u00f3n en Ciberseguridad","description":"","publisher":{"@id":"https:\/\/smartfense.com\/es-ar\/#organization"},"potentialAction":[{"@type":"SearchAction","target":{"@type":"EntryPoint","urlTemplate":"https:\/\/smartfense.com\/es-ar\/?s={search_term_string}"},"query-input":{"@type":"PropertyValueSpecification","valueRequired":true,"valueName":"search_term_string"}}],"inLanguage":"es-AR"},{"@type":"Organization","@id":"https:\/\/smartfense.com\/es-ar\/#organization","name":"SMARTFENSE","url":"https:\/\/smartfense.com\/es-ar\/","logo":{"@type":"ImageObject","inLanguage":"es-AR","@id":"https:\/\/smartfense.com\/es-ar\/#\/schema\/logo\/image\/","url":"https:\/\/smartfense.com\/file\/2023\/08\/logo-smartfense-240x40-1.png","contentUrl":"https:\/\/smartfense.com\/file\/2023\/08\/logo-smartfense-240x40-1.png","width":241,"height":40,"caption":"SMARTFENSE"},"image":{"@id":"https:\/\/smartfense.com\/es-ar\/#\/schema\/logo\/image\/"}}]}},"_links":{"self":[{"href":"https:\/\/smartfense.com\/es-ar\/wp-json\/wp\/v2\/pages\/9613","targetHints":{"allow":["GET"]}}],"collection":[{"href":"https:\/\/smartfense.com\/es-ar\/wp-json\/wp\/v2\/pages"}],"about":[{"href":"https:\/\/smartfense.com\/es-ar\/wp-json\/wp\/v2\/types\/page"}],"author":[{"embeddable":true,"href":"https:\/\/smartfense.com\/es-ar\/wp-json\/wp\/v2\/users\/1"}],"replies":[{"embeddable":true,"href":"https:\/\/smartfense.com\/es-ar\/wp-json\/wp\/v2\/comments?post=9613"}],"version-history":[{"count":0,"href":"https:\/\/smartfense.com\/es-ar\/wp-json\/wp\/v2\/pages\/9613\/revisions"}],"up":[{"embeddable":true,"href":"https:\/\/smartfense.com\/es-ar\/wp-json\/wp\/v2\/pages\/9097"}],"wp:attachment":[{"href":"https:\/\/smartfense.com\/es-ar\/wp-json\/wp\/v2\/media?parent=9613"}],"curies":[{"name":"wp","href":"https:\/\/api.w.org\/{rel}","templated":true}]}}