{"id":9205,"date":"2023-07-21T15:10:10","date_gmt":"2023-07-21T13:10:10","guid":{"rendered":"https:\/\/callidusprolab.com\/smartfense\/guias-y-whitepapers\/"},"modified":"2024-09-17T11:17:09","modified_gmt":"2024-09-17T09:17:09","slug":"guias-y-whitepapers","status":"publish","type":"page","link":"https:\/\/smartfense.com\/es-ar\/recursos\/guias-y-whitepapers\/","title":{"rendered":"Gu\u00edas y Whitepapers"},"content":{"rendered":"\t\t<div data-elementor-type=\"wp-page\" data-elementor-id=\"9205\" class=\"elementor elementor-9205 elementor-4310\">\n\t\t\t\t<div class=\"elementor-element elementor-element-baf7a35 e-flex e-con-boxed e-con e-parent\" data-id=\"baf7a35\" data-element_type=\"container\">\n\t\t\t\t\t<div class=\"e-con-inner\">\n\t\t<div class=\"elementor-element elementor-element-0acf31b e-con-full e-flex e-con e-child\" data-id=\"0acf31b\" data-element_type=\"container\">\n\t\t\t\t<div class=\"elementor-element elementor-element-d177bc8 elementor-widget elementor-widget-heading bdevs-el heading\" data-id=\"d177bc8\" data-element_type=\"widget\" data-widget_type=\"heading.default\">\n\t\t\t\t<div class=\"elementor-widget-container\">\n\t\t\t\n\n\n \n <div class=\"section__title-wrapper wow fadeInUp2 section-heading p-0\" data-wow-delay=\".3s\">\n\n \n\n\n <h2 class=\"section__title section-title\">Desarmando a los ciberdelincuentes: Herramientas gratuitas para prevenir ataques de Ingenier\u00eda Social<\/h2>\n \n <p>Los ciberdelincuentes poseen un amplio repertorio de t\u00e9cnicas en su arsenal para llevar a cabo sus ataques de Ingenier\u00eda Social. Si act\u00faas de manera proactiva, los ciberdelincuentes encontrar\u00e1n extremadamente dif\u00edcil perpetrar en tu organizaci\u00f3n.<\/p>\n\n \n <\/div>\n\n \n\n \t\t<\/div>\n\t\t\t\t<\/div>\n\t\t\t\t<div class=\"elementor-element elementor-element-06d4259 elementor-widget elementor-widget-html\" data-id=\"06d4259\" data-element_type=\"widget\" data-widget_type=\"html.default\">\n\t\t\t\t<div class=\"elementor-widget-container\">\n\t\t\t<a href=\"https:\/\/smartfense.com\/es-ar\/recursos\/guias-y-whitepapers\/desarmando-a-los-ciberdelincuentes\/\" class=\"w-btn\">\nM\u00e1s infornaci\u00f3n<\/a>\t\t<\/div>\n\t\t\t\t<\/div>\n\t\t\t\t<\/div>\n\t\t<div class=\"elementor-element elementor-element-dae0d6d e-con-full e-flex elementor-invisible e-con e-child\" data-id=\"dae0d6d\" data-element_type=\"container\" data-settings=\"{&quot;animation&quot;:&quot;fadeInLeft&quot;}\">\n\t\t\t\t<div class=\"elementor-element elementor-element-a1d5304 elementor-widget elementor-widget-image\" data-id=\"a1d5304\" data-element_type=\"widget\" data-widget_type=\"image.default\">\n\t\t\t\t<div class=\"elementor-widget-container\">\n\t\t\t\t\t\t\t\t\t\t\t\t\t<img fetchpriority=\"high\" decoding=\"async\" width=\"640\" height=\"336\" src=\"https:\/\/smartfense.com\/file\/2023\/07\/desarmando-ciberdelincuentes-comp-1200px-1024x538.jpg\" class=\"attachment-large size-large wp-image-5161\" alt=\"\" srcset=\"https:\/\/smartfense.com\/file\/2023\/07\/desarmando-ciberdelincuentes-comp-1200px-1024x538.jpg 1024w, https:\/\/smartfense.com\/file\/2023\/07\/desarmando-ciberdelincuentes-comp-1200px-300x158.jpg 300w, https:\/\/smartfense.com\/file\/2023\/07\/desarmando-ciberdelincuentes-comp-1200px-768x403.jpg 768w, https:\/\/smartfense.com\/file\/2023\/07\/desarmando-ciberdelincuentes-comp-1200px.jpg 1200w\" sizes=\"(max-width: 640px) 100vw, 640px\" \/>\t\t\t\t\t\t\t\t\t\t\t\t\t<\/div>\n\t\t\t\t<\/div>\n\t\t\t\t<\/div>\n\t\t\t\t\t<\/div>\n\t\t\t\t<\/div>\n\t\t<div class=\"elementor-element elementor-element-4fbc8a6 e-flex e-con-boxed e-con e-parent\" data-id=\"4fbc8a6\" data-element_type=\"container\" data-settings=\"{&quot;background_background&quot;:&quot;classic&quot;}\">\n\t\t\t\t\t<div class=\"e-con-inner\">\n\t\t<div class=\"elementor-element elementor-element-1c65dce e-con-full e-flex elementor-invisible e-con e-child\" data-id=\"1c65dce\" data-element_type=\"container\" data-settings=\"{&quot;animation&quot;:&quot;fadeInRight&quot;}\">\n\t\t\t\t<div class=\"elementor-element elementor-element-eb1a01b elementor-widget elementor-widget-image\" data-id=\"eb1a01b\" data-element_type=\"widget\" data-widget_type=\"image.default\">\n\t\t\t\t<div class=\"elementor-widget-container\">\n\t\t\t\t\t\t\t\t\t\t\t\t\t<img decoding=\"async\" width=\"640\" height=\"336\" src=\"https:\/\/smartfense.com\/file\/2023\/07\/guia-ransomware-comp-1200px-1024x538.jpg\" class=\"attachment-large size-large wp-image-5156\" alt=\"\" srcset=\"https:\/\/smartfense.com\/file\/2023\/07\/guia-ransomware-comp-1200px-1024x538.jpg 1024w, https:\/\/smartfense.com\/file\/2023\/07\/guia-ransomware-comp-1200px-300x158.jpg 300w, https:\/\/smartfense.com\/file\/2023\/07\/guia-ransomware-comp-1200px-768x403.jpg 768w, https:\/\/smartfense.com\/file\/2023\/07\/guia-ransomware-comp-1200px.jpg 1200w\" sizes=\"(max-width: 640px) 100vw, 640px\" \/>\t\t\t\t\t\t\t\t\t\t\t\t\t<\/div>\n\t\t\t\t<\/div>\n\t\t\t\t<\/div>\n\t\t<div class=\"elementor-element elementor-element-08a267f e-con-full e-flex e-con e-child\" data-id=\"08a267f\" data-element_type=\"container\">\n\t\t\t\t<div class=\"elementor-element elementor-element-6d676fc elementor-widget elementor-widget-heading bdevs-el heading\" data-id=\"6d676fc\" data-element_type=\"widget\" data-widget_type=\"heading.default\">\n\t\t\t\t<div class=\"elementor-widget-container\">\n\t\t\t\n\n\n \n <div class=\"section__title-wrapper wow fadeInUp2 section-heading p-0\" data-wow-delay=\".3s\">\n\n \n\n\n <h2 class=\"section__title section-title\">Gu\u00eda de OWASP para evitar infecciones de RANSOMWARE<\/h2>\n \n <p>Esta gu\u00eda de OWASP ha sido dise\u00f1ada como una herramienta de verificaci\u00f3n, con el objetivo de prevenir infecciones de Ransomware y, en \u00faltima instancia, establecer procesos adecuados para la recuperaci\u00f3n de la informaci\u00f3n.<\/p>\n\n \n <\/div>\n\n \n\n \t\t<\/div>\n\t\t\t\t<\/div>\n\t\t\t\t<div class=\"elementor-element elementor-element-00854bf elementor-widget elementor-widget-html\" data-id=\"00854bf\" data-element_type=\"widget\" data-widget_type=\"html.default\">\n\t\t\t\t<div class=\"elementor-widget-container\">\n\t\t\t<a href=\"https:\/\/smartfense.com\/es-ar\/recursos\/guias-y-whitepapers\/guia-owasp-ransomware\/\" class=\"w-btn\">\nM\u00e1s infornaci\u00f3n<\/a>\t\t<\/div>\n\t\t\t\t<\/div>\n\t\t\t\t<\/div>\n\t\t\t\t\t<\/div>\n\t\t\t\t<\/div>\n\t\t<div class=\"elementor-element elementor-element-c5c9e6d e-flex e-con-boxed e-con e-parent\" data-id=\"c5c9e6d\" data-element_type=\"container\">\n\t\t\t\t\t<div class=\"e-con-inner\">\n\t\t<div class=\"elementor-element elementor-element-e2ec738 e-con-full e-flex e-con e-child\" data-id=\"e2ec738\" data-element_type=\"container\">\n\t\t\t\t<div class=\"elementor-element elementor-element-3b0b4e3 elementor-widget elementor-widget-heading bdevs-el heading\" data-id=\"3b0b4e3\" data-element_type=\"widget\" data-widget_type=\"heading.default\">\n\t\t\t\t<div class=\"elementor-widget-container\">\n\t\t\t\n\n\n \n <div class=\"section__title-wrapper wow fadeInUp2 section-heading p-0\" data-wow-delay=\".3s\">\n\n \n\n\n <h2 class=\"section__title section-title\">C\u00f3mo desarrollar una capa de seguridad orientada al usuario<\/h2>\n \n <p>Para desarrollar una capa de seguridad orientada al usuario, es necesario realizar un proceso de Hardening de Usuarios. Conoce los fundamentos de este proceso y c\u00f3mo llevarlo a cabo de manera pr\u00e1ctica.<\/p>\n\n \n <\/div>\n\n \n\n \t\t<\/div>\n\t\t\t\t<\/div>\n\t\t\t\t<div class=\"elementor-element elementor-element-f9b8f42 elementor-widget elementor-widget-html\" data-id=\"f9b8f42\" data-element_type=\"widget\" data-widget_type=\"html.default\">\n\t\t\t\t<div class=\"elementor-widget-container\">\n\t\t\t<a href=\"https:\/\/smartfense.com\/es-ar\/recursos\/guias-y-whitepapers\/hardening-de-usuarios\/\" class=\"w-btn\">\nM\u00e1s infornaci\u00f3n<\/a>\t\t<\/div>\n\t\t\t\t<\/div>\n\t\t\t\t<\/div>\n\t\t<div class=\"elementor-element elementor-element-e3dbafa e-con-full e-flex elementor-invisible e-con e-child\" data-id=\"e3dbafa\" data-element_type=\"container\" data-settings=\"{&quot;animation&quot;:&quot;fadeInLeft&quot;}\">\n\t\t\t\t<div class=\"elementor-element elementor-element-8f23e8c elementor-widget elementor-widget-image\" data-id=\"8f23e8c\" data-element_type=\"widget\" data-widget_type=\"image.default\">\n\t\t\t\t<div class=\"elementor-widget-container\">\n\t\t\t\t\t\t\t\t\t\t\t\t\t<img decoding=\"async\" width=\"640\" height=\"336\" src=\"https:\/\/smartfense.com\/file\/2023\/08\/capa-seguridad-1200-1024x538.jpg\" class=\"attachment-large size-large wp-image-9941\" alt=\"\" srcset=\"https:\/\/smartfense.com\/file\/2023\/08\/capa-seguridad-1200-1024x538.jpg 1024w, https:\/\/smartfense.com\/file\/2023\/08\/capa-seguridad-1200-300x158.jpg 300w, https:\/\/smartfense.com\/file\/2023\/08\/capa-seguridad-1200-768x403.jpg 768w, https:\/\/smartfense.com\/file\/2023\/08\/capa-seguridad-1200.jpg 1200w\" sizes=\"(max-width: 640px) 100vw, 640px\" \/>\t\t\t\t\t\t\t\t\t\t\t\t\t<\/div>\n\t\t\t\t<\/div>\n\t\t\t\t<\/div>\n\t\t\t\t\t<\/div>\n\t\t\t\t<\/div>\n\t\t\t\t<\/div>\n\t\t","protected":false},"excerpt":{"rendered":"<p>Desarmando a los ciberdelincuentes: Herramientas gratuitas para prevenir ataques de Ingenier\u00eda Social Los ciberdelincuentes poseen un amplio repertorio de t\u00e9cnicas en su arsenal para llevar a cabo sus ataques de [&hellip;]<\/p>\n","protected":false},"author":1,"featured_media":10658,"parent":9241,"menu_order":0,"comment_status":"closed","ping_status":"closed","template":"elementor_header_footer","meta":{"_acf_changed":false,"footnotes":""},"class_list":["post-9205","page","type-page","status-publish","has-post-thumbnail","hentry"],"acf":[],"yoast_head":" \n<title>Gu\u00edas y Whitepapers - SMARTFENSE - Concientizaci\u00f3n en ciberseguridad<\/title>\n<meta name=\"description\" content=\"Gu\u00edas y Whitepapers para reducir el riesgo de que tus usuarios se conviertan en v\u00edctimas de un ataque de Ingenier\u00eda Social.\" \/>\n<meta name=\"robots\" content=\"index, follow, max-snippet:-1, max-image-preview:large, max-video-preview:-1\" \/>\n<link rel=\"canonical\" href=\"https:\/\/smartfense.com\/es-ar\/recursos\/guias-y-whitepapers\/\" \/>\n<meta property=\"og:locale\" content=\"es_ES\" \/>\n<meta property=\"og:type\" content=\"article\" \/>\n<meta property=\"og:title\" content=\"Gu\u00edas y Whitepapers - SMARTFENSE - Concientizaci\u00f3n en ciberseguridad\" \/>\n<meta property=\"og:description\" content=\"Gu\u00edas y Whitepapers para reducir el riesgo de que tus usuarios se conviertan en v\u00edctimas de un ataque de Ingenier\u00eda Social.\" \/>\n<meta property=\"og:url\" content=\"https:\/\/smartfense.com\/es-ar\/recursos\/guias-y-whitepapers\/\" \/>\n<meta property=\"og:site_name\" content=\"SMARTFENSE - Concientizaci\u00f3n en ciberseguridad\" \/>\n<meta property=\"article:modified_time\" content=\"2024-09-17T09:17:09+00:00\" \/>\n<meta property=\"og:image\" content=\"https:\/\/smartfense.com\/file\/2023\/08\/whitepapers.jpg\" \/>\n\t<meta property=\"og:image:width\" content=\"1200\" \/>\n\t<meta property=\"og:image:height\" content=\"630\" \/>\n\t<meta property=\"og:image:type\" content=\"image\/jpeg\" \/>\n<meta name=\"twitter:card\" content=\"summary_large_image\" \/>\n<meta name=\"twitter:label1\" content=\"Tiempo de lectura\" \/>\n\t<meta name=\"twitter:data1\" content=\"2 minutos\" \/>\n<script type=\"application\/ld+json\" class=\"yoast-schema-graph\">{\"@context\":\"https:\\\/\\\/schema.org\",\"@graph\":[{\"@type\":\"WebPage\",\"@id\":\"https:\\\/\\\/smartfense.com\\\/es-ar\\\/recursos\\\/guias-y-whitepapers\\\/\",\"url\":\"https:\\\/\\\/smartfense.com\\\/es-ar\\\/recursos\\\/guias-y-whitepapers\\\/\",\"name\":\"Gu\u00edas y Whitepapers - SMARTFENSE - Concientizaci\u00f3n en ciberseguridad\",\"isPartOf\":{\"@id\":\"https:\\\/\\\/smartfense.com\\\/es-ar\\\/#website\"},\"primaryImageOfPage\":{\"@id\":\"https:\\\/\\\/smartfense.com\\\/es-ar\\\/recursos\\\/guias-y-whitepapers\\\/#primaryimage\"},\"image\":{\"@id\":\"https:\\\/\\\/smartfense.com\\\/es-ar\\\/recursos\\\/guias-y-whitepapers\\\/#primaryimage\"},\"thumbnailUrl\":\"https:\\\/\\\/smartfense.com\\\/wp-content\\\/uploads\\\/2023\\\/08\\\/whitepapers.jpg\",\"datePublished\":\"2023-07-21T13:10:10+00:00\",\"dateModified\":\"2024-09-17T09:17:09+00:00\",\"description\":\"Gu\u00edas y Whitepapers para reducir el riesgo de que tus usuarios se conviertan en v\u00edctimas de un ataque de Ingenier\u00eda Social.\",\"breadcrumb\":{\"@id\":\"https:\\\/\\\/smartfense.com\\\/es-ar\\\/recursos\\\/guias-y-whitepapers\\\/#breadcrumb\"},\"inLanguage\":\"es-AR\",\"potentialAction\":[{\"@type\":\"ReadAction\",\"target\":[\"https:\\\/\\\/smartfense.com\\\/es-ar\\\/recursos\\\/guias-y-whitepapers\\\/\"]}]},{\"@type\":\"ImageObject\",\"inLanguage\":\"es-AR\",\"@id\":\"https:\\\/\\\/smartfense.com\\\/es-ar\\\/recursos\\\/guias-y-whitepapers\\\/#primaryimage\",\"url\":\"https:\\\/\\\/smartfense.com\\\/wp-content\\\/uploads\\\/2023\\\/08\\\/whitepapers.jpg\",\"contentUrl\":\"https:\\\/\\\/smartfense.com\\\/wp-content\\\/uploads\\\/2023\\\/08\\\/whitepapers.jpg\",\"width\":1200,\"height\":630},{\"@type\":\"BreadcrumbList\",\"@id\":\"https:\\\/\\\/smartfense.com\\\/es-ar\\\/recursos\\\/guias-y-whitepapers\\\/#breadcrumb\",\"itemListElement\":[{\"@type\":\"ListItem\",\"position\":1,\"name\":\"Portada\",\"item\":\"https:\\\/\\\/smartfense.com\\\/es-ar\\\/concientizacion-en-ciberseguridad\\\/\"},{\"@type\":\"ListItem\",\"position\":2,\"name\":\"Recursos\",\"item\":\"https:\\\/\\\/smartfense.com\\\/es-ar\\\/recursos\\\/\"},{\"@type\":\"ListItem\",\"position\":3,\"name\":\"Gu\u00edas y Whitepapers\"}]},{\"@type\":\"WebSite\",\"@id\":\"https:\\\/\\\/smartfense.com\\\/es-ar\\\/#website\",\"url\":\"https:\\\/\\\/smartfense.com\\\/es-ar\\\/\",\"name\":\"SMARTFENSE - Concienciaci\u00f3n en Ciberseguridad\",\"description\":\"\",\"publisher\":{\"@id\":\"https:\\\/\\\/smartfense.com\\\/es-ar\\\/#organization\"},\"potentialAction\":[{\"@type\":\"SearchAction\",\"target\":{\"@type\":\"EntryPoint\",\"urlTemplate\":\"https:\\\/\\\/smartfense.com\\\/es-ar\\\/?s={search_term_string}\"},\"query-input\":{\"@type\":\"PropertyValueSpecification\",\"valueRequired\":true,\"valueName\":\"search_term_string\"}}],\"inLanguage\":\"es-AR\"},{\"@type\":\"Organization\",\"@id\":\"https:\\\/\\\/smartfense.com\\\/es-ar\\\/#organization\",\"name\":\"SMARTFENSE\",\"url\":\"https:\\\/\\\/smartfense.com\\\/es-ar\\\/\",\"logo\":{\"@type\":\"ImageObject\",\"inLanguage\":\"es-AR\",\"@id\":\"https:\\\/\\\/smartfense.com\\\/es-ar\\\/#\\\/schema\\\/logo\\\/image\\\/\",\"url\":\"https:\\\/\\\/smartfense.com\\\/wp-content\\\/uploads\\\/2023\\\/08\\\/logo-smartfense-240x40-1.png\",\"contentUrl\":\"https:\\\/\\\/smartfense.com\\\/wp-content\\\/uploads\\\/2023\\\/08\\\/logo-smartfense-240x40-1.png\",\"width\":241,\"height\":40,\"caption\":\"SMARTFENSE\"},\"image\":{\"@id\":\"https:\\\/\\\/smartfense.com\\\/es-ar\\\/#\\\/schema\\\/logo\\\/image\\\/\"}}]}<\/script>\n ","yoast_head_json":{"title":"Gu\u00edas y Whitepapers - SMARTFENSE - Concientizaci\u00f3n en ciberseguridad","description":"Gu\u00edas y Whitepapers para reducir el riesgo de que tus usuarios se conviertan en v\u00edctimas de un ataque de Ingenier\u00eda Social.","robots":{"index":"index","follow":"follow","max-snippet":"max-snippet:-1","max-image-preview":"max-image-preview:large","max-video-preview":"max-video-preview:-1"},"canonical":"https:\/\/smartfense.com\/es-ar\/recursos\/guias-y-whitepapers\/","og_locale":"es_ES","og_type":"article","og_title":"Gu\u00edas y Whitepapers - SMARTFENSE - Concientizaci\u00f3n en ciberseguridad","og_description":"Gu\u00edas y Whitepapers para reducir el riesgo de que tus usuarios se conviertan en v\u00edctimas de un ataque de Ingenier\u00eda Social.","og_url":"https:\/\/smartfense.com\/es-ar\/recursos\/guias-y-whitepapers\/","og_site_name":"SMARTFENSE - Concientizaci\u00f3n en ciberseguridad","article_modified_time":"2024-09-17T09:17:09+00:00","og_image":[{"width":1200,"height":630,"url":"https:\/\/smartfense.com\/file\/2023\/08\/whitepapers.jpg","type":"image\/jpeg"}],"twitter_card":"summary_large_image","twitter_misc":{"Tiempo de lectura":"2 minutos"},"schema":{"@context":"https:\/\/schema.org","@graph":[{"@type":"WebPage","@id":"https:\/\/smartfense.com\/es-ar\/recursos\/guias-y-whitepapers\/","url":"https:\/\/smartfense.com\/es-ar\/recursos\/guias-y-whitepapers\/","name":"Gu\u00edas y Whitepapers - SMARTFENSE - Concientizaci\u00f3n en ciberseguridad","isPartOf":{"@id":"https:\/\/smartfense.com\/es-ar\/#website"},"primaryImageOfPage":{"@id":"https:\/\/smartfense.com\/es-ar\/recursos\/guias-y-whitepapers\/#primaryimage"},"image":{"@id":"https:\/\/smartfense.com\/es-ar\/recursos\/guias-y-whitepapers\/#primaryimage"},"thumbnailUrl":"https:\/\/smartfense.com\/file\/2023\/08\/whitepapers.jpg","datePublished":"2023-07-21T13:10:10+00:00","dateModified":"2024-09-17T09:17:09+00:00","description":"Gu\u00edas y Whitepapers para reducir el riesgo de que tus usuarios se conviertan en v\u00edctimas de un ataque de Ingenier\u00eda Social.","breadcrumb":{"@id":"https:\/\/smartfense.com\/es-ar\/recursos\/guias-y-whitepapers\/#breadcrumb"},"inLanguage":"es-AR","potentialAction":[{"@type":"ReadAction","target":["https:\/\/smartfense.com\/es-ar\/recursos\/guias-y-whitepapers\/"]}]},{"@type":"ImageObject","inLanguage":"es-AR","@id":"https:\/\/smartfense.com\/es-ar\/recursos\/guias-y-whitepapers\/#primaryimage","url":"https:\/\/smartfense.com\/file\/2023\/08\/whitepapers.jpg","contentUrl":"https:\/\/smartfense.com\/file\/2023\/08\/whitepapers.jpg","width":1200,"height":630},{"@type":"BreadcrumbList","@id":"https:\/\/smartfense.com\/es-ar\/recursos\/guias-y-whitepapers\/#breadcrumb","itemListElement":[{"@type":"ListItem","position":1,"name":"Portada","item":"https:\/\/smartfense.com\/es-ar\/concientizacion-en-ciberseguridad\/"},{"@type":"ListItem","position":2,"name":"Recursos","item":"https:\/\/smartfense.com\/es-ar\/recursos\/"},{"@type":"ListItem","position":3,"name":"Gu\u00edas y Whitepapers"}]},{"@type":"WebSite","@id":"https:\/\/smartfense.com\/es-ar\/#website","url":"https:\/\/smartfense.com\/es-ar\/","name":"SMARTFENSE - Concienciaci\u00f3n en Ciberseguridad","description":"","publisher":{"@id":"https:\/\/smartfense.com\/es-ar\/#organization"},"potentialAction":[{"@type":"SearchAction","target":{"@type":"EntryPoint","urlTemplate":"https:\/\/smartfense.com\/es-ar\/?s={search_term_string}"},"query-input":{"@type":"PropertyValueSpecification","valueRequired":true,"valueName":"search_term_string"}}],"inLanguage":"es-AR"},{"@type":"Organization","@id":"https:\/\/smartfense.com\/es-ar\/#organization","name":"SMARTFENSE","url":"https:\/\/smartfense.com\/es-ar\/","logo":{"@type":"ImageObject","inLanguage":"es-AR","@id":"https:\/\/smartfense.com\/es-ar\/#\/schema\/logo\/image\/","url":"https:\/\/smartfense.com\/file\/2023\/08\/logo-smartfense-240x40-1.png","contentUrl":"https:\/\/smartfense.com\/file\/2023\/08\/logo-smartfense-240x40-1.png","width":241,"height":40,"caption":"SMARTFENSE"},"image":{"@id":"https:\/\/smartfense.com\/es-ar\/#\/schema\/logo\/image\/"}}]}},"_links":{"self":[{"href":"https:\/\/smartfense.com\/es-ar\/wp-json\/wp\/v2\/pages\/9205","targetHints":{"allow":["GET"]}}],"collection":[{"href":"https:\/\/smartfense.com\/es-ar\/wp-json\/wp\/v2\/pages"}],"about":[{"href":"https:\/\/smartfense.com\/es-ar\/wp-json\/wp\/v2\/types\/page"}],"author":[{"embeddable":true,"href":"https:\/\/smartfense.com\/es-ar\/wp-json\/wp\/v2\/users\/1"}],"replies":[{"embeddable":true,"href":"https:\/\/smartfense.com\/es-ar\/wp-json\/wp\/v2\/comments?post=9205"}],"version-history":[{"count":3,"href":"https:\/\/smartfense.com\/es-ar\/wp-json\/wp\/v2\/pages\/9205\/revisions"}],"predecessor-version":[{"id":29197,"href":"https:\/\/smartfense.com\/es-ar\/wp-json\/wp\/v2\/pages\/9205\/revisions\/29197"}],"up":[{"embeddable":true,"href":"https:\/\/smartfense.com\/es-ar\/wp-json\/wp\/v2\/pages\/9241"}],"wp:featuredmedia":[{"embeddable":true,"href":"https:\/\/smartfense.com\/es-ar\/wp-json\/wp\/v2\/media\/10658"}],"wp:attachment":[{"href":"https:\/\/smartfense.com\/es-ar\/wp-json\/wp\/v2\/media?parent=9205"}],"curies":[{"name":"wp","href":"https:\/\/api.w.org\/{rel}","templated":true}]}}