{"id":9197,"date":"2023-07-21T15:24:00","date_gmt":"2023-07-21T13:24:00","guid":{"rendered":"https:\/\/callidusprolab.com\/smartfense\/videojuegos\/"},"modified":"2024-09-17T11:58:59","modified_gmt":"2024-09-17T09:58:59","slug":"juega-online","status":"publish","type":"page","link":"https:\/\/smartfense.com\/es-ar\/recursos\/juega-online\/","title":{"rendered":"Juega online"},"content":{"rendered":"\t\t<div data-elementor-type=\"wp-page\" data-elementor-id=\"9197\" class=\"elementor elementor-9197 elementor-4360\">\n\t\t\t\t<div class=\"elementor-element elementor-element-baf7a35 e-flex e-con-boxed e-con e-parent\" data-id=\"baf7a35\" data-element_type=\"container\">\n\t\t\t\t\t<div class=\"e-con-inner\">\n\t\t<div class=\"elementor-element elementor-element-0acf31b e-con-full e-flex e-con e-child\" data-id=\"0acf31b\" data-element_type=\"container\">\n\t\t\t\t<div class=\"elementor-element elementor-element-d177bc8 elementor-widget elementor-widget-heading bdevs-el heading\" data-id=\"d177bc8\" data-element_type=\"widget\" data-widget_type=\"heading.default\">\n\t\t\t\t<div class=\"elementor-widget-container\">\n\t\t\t\n\n\n \n <div class=\"section__title-wrapper wow fadeInUp2 section-heading p-0\" data-wow-delay=\".3s\">\n\n \n\n\n <h2 class=\"section__title section-title\">Las aventuras de Gupi\n<\/h2>\n \n <p>Las Aventuras de Gupi es un videojuego lanzado por SMARTFENSE en el cual un pez llamado Gupi necesita la ayuda del usuario para no morder el anzuelo. Este debe hacer clic en los calamares para ver lo que esconden y diferenciar las URL leg\u00edtimas de las que no lo son, y as\u00ed sumar puntos para avanzar a la siguiente ronda.<\/p>\n\n \n <\/div>\n\n \n\n \t\t<\/div>\n\t\t\t\t<\/div>\n\t\t\t\t<div class=\"elementor-element elementor-element-261649f elementor-widget elementor-widget-html\" data-id=\"261649f\" data-element_type=\"widget\" data-widget_type=\"html.default\">\n\t\t\t\t<div class=\"elementor-widget-container\">\n\t\t\t<a href=\"https:\/\/smartfense.com\/es-ar\/recursos\/juega-online\/gupi\/\" target=\"_blank\" class=\"w-btn\">\nJugar ahora<\/a>\t\t<\/div>\n\t\t\t\t<\/div>\n\t\t\t\t<\/div>\n\t\t<div class=\"elementor-element elementor-element-dae0d6d e-con-full e-flex elementor-invisible e-con e-child\" data-id=\"dae0d6d\" data-element_type=\"container\" data-settings=\"{&quot;animation&quot;:&quot;fadeInRight&quot;}\">\n\t\t\t\t<div class=\"elementor-element elementor-element-a1d5304 elementor-widget elementor-widget-image\" data-id=\"a1d5304\" data-element_type=\"widget\" data-widget_type=\"image.default\">\n\t\t\t\t<div class=\"elementor-widget-container\">\n\t\t\t\t\t\t\t\t\t\t\t\t\t<img fetchpriority=\"high\" decoding=\"async\" width=\"640\" height=\"336\" src=\"https:\/\/smartfense.com\/file\/2023\/07\/Las-aventuras-de-Gupi-1024x538.jpg\" class=\"attachment-large size-large wp-image-5115\" alt=\"\" srcset=\"https:\/\/smartfense.com\/file\/2023\/07\/Las-aventuras-de-Gupi-1024x538.jpg 1024w, https:\/\/smartfense.com\/file\/2023\/07\/Las-aventuras-de-Gupi-300x158.jpg 300w, https:\/\/smartfense.com\/file\/2023\/07\/Las-aventuras-de-Gupi-768x403.jpg 768w, https:\/\/smartfense.com\/file\/2023\/07\/Las-aventuras-de-Gupi.jpg 1200w\" sizes=\"(max-width: 640px) 100vw, 640px\" \/>\t\t\t\t\t\t\t\t\t\t\t\t\t<\/div>\n\t\t\t\t<\/div>\n\t\t\t\t<\/div>\n\t\t\t\t\t<\/div>\n\t\t\t\t<\/div>\n\t\t<div class=\"elementor-element elementor-element-4fbc8a6 e-flex e-con-boxed e-con e-parent\" data-id=\"4fbc8a6\" data-element_type=\"container\" data-settings=\"{&quot;background_background&quot;:&quot;classic&quot;}\">\n\t\t\t\t\t<div class=\"e-con-inner\">\n\t\t<div class=\"elementor-element elementor-element-1c65dce e-con-full e-flex elementor-invisible e-con e-child\" data-id=\"1c65dce\" data-element_type=\"container\" data-settings=\"{&quot;animation&quot;:&quot;fadeInLeft&quot;}\">\n\t\t\t\t<div class=\"elementor-element elementor-element-eb1a01b elementor-widget elementor-widget-image\" data-id=\"eb1a01b\" data-element_type=\"widget\" data-widget_type=\"image.default\">\n\t\t\t\t<div class=\"elementor-widget-container\">\n\t\t\t\t\t\t\t\t\t\t\t\t\t<img decoding=\"async\" width=\"640\" height=\"336\" src=\"https:\/\/smartfense.com\/file\/2023\/07\/run-ciso-run-1200px-1024x538.jpg\" class=\"attachment-large size-large wp-image-5110\" alt=\"\" srcset=\"https:\/\/smartfense.com\/file\/2023\/07\/run-ciso-run-1200px-1024x538.jpg 1024w, https:\/\/smartfense.com\/file\/2023\/07\/run-ciso-run-1200px-300x158.jpg 300w, https:\/\/smartfense.com\/file\/2023\/07\/run-ciso-run-1200px-768x403.jpg 768w, https:\/\/smartfense.com\/file\/2023\/07\/run-ciso-run-1200px.jpg 1200w\" sizes=\"(max-width: 640px) 100vw, 640px\" \/>\t\t\t\t\t\t\t\t\t\t\t\t\t<\/div>\n\t\t\t\t<\/div>\n\t\t\t\t<\/div>\n\t\t<div class=\"elementor-element elementor-element-08a267f e-con-full e-flex e-con e-child\" data-id=\"08a267f\" data-element_type=\"container\">\n\t\t\t\t<div class=\"elementor-element elementor-element-6d676fc elementor-widget elementor-widget-heading bdevs-el heading\" data-id=\"6d676fc\" data-element_type=\"widget\" data-widget_type=\"heading.default\">\n\t\t\t\t<div class=\"elementor-widget-container\">\n\t\t\t\n\n\n \n <div class=\"section__title-wrapper wow fadeInUp2 section-heading p-0\" data-wow-delay=\".3s\">\n\n \n\n\n <h2 class=\"section__title section-title\">Run Ciso Run<\/h2>\n \n <p>Existen tres escenarios: No concientizar, concientizar a medida que es necesario o utilizar SMARTFENSE para un plan continuo de concientizaci\u00f3n. \u00bfCu\u00e1l es el escenario m\u00e1s efectivo? Desc\u00fabrelo por tu cuenta.<\/p>\n\n \n <\/div>\n\n \n\n \t\t<\/div>\n\t\t\t\t<\/div>\n\t\t\t\t<div class=\"elementor-element elementor-element-6debeba elementor-widget elementor-widget-html\" data-id=\"6debeba\" data-element_type=\"widget\" data-widget_type=\"html.default\">\n\t\t\t\t<div class=\"elementor-widget-container\">\n\t\t\t<a href=\"https:\/\/smartfense.com\/es-ar\/recursos\/juega-online\/run-ciso-run\/\" target=\"_blank\" class=\"w-btn\">\nJugar ahora<\/a>\t\t<\/div>\n\t\t\t\t<\/div>\n\t\t\t\t<\/div>\n\t\t\t\t\t<\/div>\n\t\t\t\t<\/div>\n\t\t\t\t<\/div>\n\t\t","protected":false},"excerpt":{"rendered":"<p>Las aventuras de Gupi Las Aventuras de Gupi es un videojuego lanzado por SMARTFENSE en el cual un pez llamado Gupi necesita la ayuda del usuario para no morder el [&hellip;]<\/p>\n","protected":false},"author":1,"featured_media":10664,"parent":9241,"menu_order":0,"comment_status":"closed","ping_status":"closed","template":"elementor_header_footer","meta":{"_acf_changed":false,"footnotes":""},"class_list":["post-9197","page","type-page","status-publish","has-post-thumbnail","hentry"],"acf":[],"yoast_head":" \n<title>Juega online - SMARTFENSE - Concientizaci\u00f3n en ciberseguridad<\/title>\n<meta name=\"description\" content=\"Promover la concientizaci\u00f3n sobre la ciberseguridad a trav\u00e9s de juegos en l\u00ednea puede ser un enfoque eficaz y atractivo.\" \/>\n<meta name=\"robots\" content=\"index, follow, max-snippet:-1, max-image-preview:large, max-video-preview:-1\" \/>\n<link rel=\"canonical\" href=\"https:\/\/smartfense.com\/es-ar\/recursos\/juega-online\/\" \/>\n<meta property=\"og:locale\" content=\"es_ES\" \/>\n<meta property=\"og:type\" content=\"article\" \/>\n<meta property=\"og:title\" content=\"Juega online - SMARTFENSE - Concientizaci\u00f3n en ciberseguridad\" \/>\n<meta property=\"og:description\" content=\"Promover la concientizaci\u00f3n sobre la ciberseguridad a trav\u00e9s de juegos en l\u00ednea puede ser un enfoque eficaz y atractivo.\" \/>\n<meta property=\"og:url\" content=\"https:\/\/smartfense.com\/es-ar\/recursos\/juega-online\/\" \/>\n<meta property=\"og:site_name\" content=\"SMARTFENSE - Concientizaci\u00f3n en ciberseguridad\" \/>\n<meta property=\"article:modified_time\" content=\"2024-09-17T09:58:59+00:00\" \/>\n<meta property=\"og:image\" content=\"https:\/\/smartfense.com\/file\/2023\/08\/videogames.jpg\" \/>\n\t<meta property=\"og:image:width\" content=\"1200\" \/>\n\t<meta property=\"og:image:height\" content=\"630\" \/>\n\t<meta property=\"og:image:type\" content=\"image\/jpeg\" \/>\n<meta name=\"twitter:card\" content=\"summary_large_image\" \/>\n<meta name=\"twitter:label1\" content=\"Tiempo de lectura\" \/>\n\t<meta name=\"twitter:data1\" content=\"1 minuto\" \/>\n<script type=\"application\/ld+json\" class=\"yoast-schema-graph\">{\"@context\":\"https:\\\/\\\/schema.org\",\"@graph\":[{\"@type\":\"WebPage\",\"@id\":\"https:\\\/\\\/smartfense.com\\\/es-ar\\\/recursos\\\/juega-online\\\/\",\"url\":\"https:\\\/\\\/smartfense.com\\\/es-ar\\\/recursos\\\/juega-online\\\/\",\"name\":\"Juega online - SMARTFENSE - Concientizaci\u00f3n en ciberseguridad\",\"isPartOf\":{\"@id\":\"https:\\\/\\\/smartfense.com\\\/es-ar\\\/#website\"},\"primaryImageOfPage\":{\"@id\":\"https:\\\/\\\/smartfense.com\\\/es-ar\\\/recursos\\\/juega-online\\\/#primaryimage\"},\"image\":{\"@id\":\"https:\\\/\\\/smartfense.com\\\/es-ar\\\/recursos\\\/juega-online\\\/#primaryimage\"},\"thumbnailUrl\":\"https:\\\/\\\/smartfense.com\\\/wp-content\\\/uploads\\\/2023\\\/08\\\/videogames.jpg\",\"datePublished\":\"2023-07-21T13:24:00+00:00\",\"dateModified\":\"2024-09-17T09:58:59+00:00\",\"description\":\"Promover la concientizaci\u00f3n sobre la ciberseguridad a trav\u00e9s de juegos en l\u00ednea puede ser un enfoque eficaz y atractivo.\",\"breadcrumb\":{\"@id\":\"https:\\\/\\\/smartfense.com\\\/es-ar\\\/recursos\\\/juega-online\\\/#breadcrumb\"},\"inLanguage\":\"es-AR\",\"potentialAction\":[{\"@type\":\"ReadAction\",\"target\":[\"https:\\\/\\\/smartfense.com\\\/es-ar\\\/recursos\\\/juega-online\\\/\"]}]},{\"@type\":\"ImageObject\",\"inLanguage\":\"es-AR\",\"@id\":\"https:\\\/\\\/smartfense.com\\\/es-ar\\\/recursos\\\/juega-online\\\/#primaryimage\",\"url\":\"https:\\\/\\\/smartfense.com\\\/wp-content\\\/uploads\\\/2023\\\/08\\\/videogames.jpg\",\"contentUrl\":\"https:\\\/\\\/smartfense.com\\\/wp-content\\\/uploads\\\/2023\\\/08\\\/videogames.jpg\",\"width\":1200,\"height\":630},{\"@type\":\"BreadcrumbList\",\"@id\":\"https:\\\/\\\/smartfense.com\\\/es-ar\\\/recursos\\\/juega-online\\\/#breadcrumb\",\"itemListElement\":[{\"@type\":\"ListItem\",\"position\":1,\"name\":\"Portada\",\"item\":\"https:\\\/\\\/smartfense.com\\\/es-ar\\\/concientizacion-en-ciberseguridad\\\/\"},{\"@type\":\"ListItem\",\"position\":2,\"name\":\"Recursos\",\"item\":\"https:\\\/\\\/smartfense.com\\\/es-ar\\\/recursos\\\/\"},{\"@type\":\"ListItem\",\"position\":3,\"name\":\"Juega online\"}]},{\"@type\":\"WebSite\",\"@id\":\"https:\\\/\\\/smartfense.com\\\/es-ar\\\/#website\",\"url\":\"https:\\\/\\\/smartfense.com\\\/es-ar\\\/\",\"name\":\"SMARTFENSE - Concienciaci\u00f3n en Ciberseguridad\",\"description\":\"\",\"publisher\":{\"@id\":\"https:\\\/\\\/smartfense.com\\\/es-ar\\\/#organization\"},\"potentialAction\":[{\"@type\":\"SearchAction\",\"target\":{\"@type\":\"EntryPoint\",\"urlTemplate\":\"https:\\\/\\\/smartfense.com\\\/es-ar\\\/?s={search_term_string}\"},\"query-input\":{\"@type\":\"PropertyValueSpecification\",\"valueRequired\":true,\"valueName\":\"search_term_string\"}}],\"inLanguage\":\"es-AR\"},{\"@type\":\"Organization\",\"@id\":\"https:\\\/\\\/smartfense.com\\\/es-ar\\\/#organization\",\"name\":\"SMARTFENSE\",\"url\":\"https:\\\/\\\/smartfense.com\\\/es-ar\\\/\",\"logo\":{\"@type\":\"ImageObject\",\"inLanguage\":\"es-AR\",\"@id\":\"https:\\\/\\\/smartfense.com\\\/es-ar\\\/#\\\/schema\\\/logo\\\/image\\\/\",\"url\":\"https:\\\/\\\/smartfense.com\\\/wp-content\\\/uploads\\\/2023\\\/08\\\/logo-smartfense-240x40-1.png\",\"contentUrl\":\"https:\\\/\\\/smartfense.com\\\/wp-content\\\/uploads\\\/2023\\\/08\\\/logo-smartfense-240x40-1.png\",\"width\":241,\"height\":40,\"caption\":\"SMARTFENSE\"},\"image\":{\"@id\":\"https:\\\/\\\/smartfense.com\\\/es-ar\\\/#\\\/schema\\\/logo\\\/image\\\/\"}}]}<\/script>\n ","yoast_head_json":{"title":"Juega online - SMARTFENSE - Concientizaci\u00f3n en ciberseguridad","description":"Promover la concientizaci\u00f3n sobre la ciberseguridad a trav\u00e9s de juegos en l\u00ednea puede ser un enfoque eficaz y atractivo.","robots":{"index":"index","follow":"follow","max-snippet":"max-snippet:-1","max-image-preview":"max-image-preview:large","max-video-preview":"max-video-preview:-1"},"canonical":"https:\/\/smartfense.com\/es-ar\/recursos\/juega-online\/","og_locale":"es_ES","og_type":"article","og_title":"Juega online - SMARTFENSE - Concientizaci\u00f3n en ciberseguridad","og_description":"Promover la concientizaci\u00f3n sobre la ciberseguridad a trav\u00e9s de juegos en l\u00ednea puede ser un enfoque eficaz y atractivo.","og_url":"https:\/\/smartfense.com\/es-ar\/recursos\/juega-online\/","og_site_name":"SMARTFENSE - Concientizaci\u00f3n en ciberseguridad","article_modified_time":"2024-09-17T09:58:59+00:00","og_image":[{"width":1200,"height":630,"url":"https:\/\/smartfense.com\/file\/2023\/08\/videogames.jpg","type":"image\/jpeg"}],"twitter_card":"summary_large_image","twitter_misc":{"Tiempo de lectura":"1 minuto"},"schema":{"@context":"https:\/\/schema.org","@graph":[{"@type":"WebPage","@id":"https:\/\/smartfense.com\/es-ar\/recursos\/juega-online\/","url":"https:\/\/smartfense.com\/es-ar\/recursos\/juega-online\/","name":"Juega online - SMARTFENSE - Concientizaci\u00f3n en ciberseguridad","isPartOf":{"@id":"https:\/\/smartfense.com\/es-ar\/#website"},"primaryImageOfPage":{"@id":"https:\/\/smartfense.com\/es-ar\/recursos\/juega-online\/#primaryimage"},"image":{"@id":"https:\/\/smartfense.com\/es-ar\/recursos\/juega-online\/#primaryimage"},"thumbnailUrl":"https:\/\/smartfense.com\/file\/2023\/08\/videogames.jpg","datePublished":"2023-07-21T13:24:00+00:00","dateModified":"2024-09-17T09:58:59+00:00","description":"Promover la concientizaci\u00f3n sobre la ciberseguridad a trav\u00e9s de juegos en l\u00ednea puede ser un enfoque eficaz y atractivo.","breadcrumb":{"@id":"https:\/\/smartfense.com\/es-ar\/recursos\/juega-online\/#breadcrumb"},"inLanguage":"es-AR","potentialAction":[{"@type":"ReadAction","target":["https:\/\/smartfense.com\/es-ar\/recursos\/juega-online\/"]}]},{"@type":"ImageObject","inLanguage":"es-AR","@id":"https:\/\/smartfense.com\/es-ar\/recursos\/juega-online\/#primaryimage","url":"https:\/\/smartfense.com\/file\/2023\/08\/videogames.jpg","contentUrl":"https:\/\/smartfense.com\/file\/2023\/08\/videogames.jpg","width":1200,"height":630},{"@type":"BreadcrumbList","@id":"https:\/\/smartfense.com\/es-ar\/recursos\/juega-online\/#breadcrumb","itemListElement":[{"@type":"ListItem","position":1,"name":"Portada","item":"https:\/\/smartfense.com\/es-ar\/concientizacion-en-ciberseguridad\/"},{"@type":"ListItem","position":2,"name":"Recursos","item":"https:\/\/smartfense.com\/es-ar\/recursos\/"},{"@type":"ListItem","position":3,"name":"Juega online"}]},{"@type":"WebSite","@id":"https:\/\/smartfense.com\/es-ar\/#website","url":"https:\/\/smartfense.com\/es-ar\/","name":"SMARTFENSE - Concienciaci\u00f3n en Ciberseguridad","description":"","publisher":{"@id":"https:\/\/smartfense.com\/es-ar\/#organization"},"potentialAction":[{"@type":"SearchAction","target":{"@type":"EntryPoint","urlTemplate":"https:\/\/smartfense.com\/es-ar\/?s={search_term_string}"},"query-input":{"@type":"PropertyValueSpecification","valueRequired":true,"valueName":"search_term_string"}}],"inLanguage":"es-AR"},{"@type":"Organization","@id":"https:\/\/smartfense.com\/es-ar\/#organization","name":"SMARTFENSE","url":"https:\/\/smartfense.com\/es-ar\/","logo":{"@type":"ImageObject","inLanguage":"es-AR","@id":"https:\/\/smartfense.com\/es-ar\/#\/schema\/logo\/image\/","url":"https:\/\/smartfense.com\/file\/2023\/08\/logo-smartfense-240x40-1.png","contentUrl":"https:\/\/smartfense.com\/file\/2023\/08\/logo-smartfense-240x40-1.png","width":241,"height":40,"caption":"SMARTFENSE"},"image":{"@id":"https:\/\/smartfense.com\/es-ar\/#\/schema\/logo\/image\/"}}]}},"_links":{"self":[{"href":"https:\/\/smartfense.com\/es-ar\/wp-json\/wp\/v2\/pages\/9197","targetHints":{"allow":["GET"]}}],"collection":[{"href":"https:\/\/smartfense.com\/es-ar\/wp-json\/wp\/v2\/pages"}],"about":[{"href":"https:\/\/smartfense.com\/es-ar\/wp-json\/wp\/v2\/types\/page"}],"author":[{"embeddable":true,"href":"https:\/\/smartfense.com\/es-ar\/wp-json\/wp\/v2\/users\/1"}],"replies":[{"embeddable":true,"href":"https:\/\/smartfense.com\/es-ar\/wp-json\/wp\/v2\/comments?post=9197"}],"version-history":[{"count":3,"href":"https:\/\/smartfense.com\/es-ar\/wp-json\/wp\/v2\/pages\/9197\/revisions"}],"predecessor-version":[{"id":29240,"href":"https:\/\/smartfense.com\/es-ar\/wp-json\/wp\/v2\/pages\/9197\/revisions\/29240"}],"up":[{"embeddable":true,"href":"https:\/\/smartfense.com\/es-ar\/wp-json\/wp\/v2\/pages\/9241"}],"wp:featuredmedia":[{"embeddable":true,"href":"https:\/\/smartfense.com\/es-ar\/wp-json\/wp\/v2\/media\/10664"}],"wp:attachment":[{"href":"https:\/\/smartfense.com\/es-ar\/wp-json\/wp\/v2\/media?parent=9197"}],"curies":[{"name":"wp","href":"https:\/\/api.w.org\/{rel}","templated":true}]}}