{"id":9129,"date":"2023-07-24T07:30:23","date_gmt":"2023-07-24T05:30:23","guid":{"rendered":"https:\/\/callidusprolab.com\/smartfense\/kit-de-autodiagnostico-sobre-teletrabajo-seguro\/"},"modified":"2024-09-18T11:21:30","modified_gmt":"2024-09-18T09:21:30","slug":"kit-de-autodiagnostico-sobre-teletrabajo-seguro","status":"publish","type":"page","link":"https:\/\/smartfense.com\/es-ar\/recursos\/herramientas\/kit-de-autodiagnostico-sobre-teletrabajo-seguro\/","title":{"rendered":"Kit de Autodiagn\u00f3stico sobre Teletrabajo Seguro"},"content":{"rendered":"\t\t<div data-elementor-type=\"wp-page\" data-elementor-id=\"9129\" class=\"elementor elementor-9129 elementor-4631\">\n\t\t\t\t<div class=\"elementor-element elementor-element-baf7a35 e-flex e-con-boxed e-con e-parent\" data-id=\"baf7a35\" data-element_type=\"container\">\n\t\t\t\t\t<div class=\"e-con-inner\">\n\t\t<div class=\"elementor-element elementor-element-0acf31b e-con-full e-flex e-con e-child\" data-id=\"0acf31b\" data-element_type=\"container\">\n\t\t\t\t<div class=\"elementor-element elementor-element-ea301a2 elementor-widget elementor-widget-text-editor\" data-id=\"ea301a2\" data-element_type=\"widget\" data-widget_type=\"text-editor.default\">\n\t\t\t\t<div class=\"elementor-widget-container\">\n\t\t\t\t\t\t\t<p class=\"caracteristicas-contenido\">Descubra el nivel de riesgo de su organizaci\u00f3n respecto al Teletrabajo y obtenga recomendaciones de implementaci\u00f3n de mejores pr\u00e1cticas junto a un plan de mitigaci\u00f3n de los riesgos detectados.<\/p><p class=\"caracteristicas-contenido\">Como en cualquier an\u00e1lisis de riesgo y herramientas de autoevaluaci\u00f3n, a partir de una serie de preguntas muy sencillas, KATS permite determinar el nivel de exposici\u00f3n de la organizaci\u00f3n frente a posibles ataques. Adem\u00e1s, es muy sencillo de utilizar y gratuito. Simplemente se debe descargar un archivo Excel (sin macros) y contestar las preguntas.<\/p><p class=\"caracteristicas-contenido\">Este trabajo no hubiera sido posible sin el compromiso y profesionalidad de Cristian Borghello, de\u00a0<a class=\"ns-blue-color\" href=\"https:\/\/segu-info.com.ar\/\" target=\"_blank\" rel=\"noopener\">Segu-Info<\/a>; Alejandra Gim\u00e9nez, de\u00a0<a class=\"ns-blue-color\" href=\"https:\/\/www.iniciactiva.com.ar\/\" target=\"_blank\" rel=\"noopener\">IniciACtiva<\/a>; Marcelo Temperini y Maximiliano Macedo, de\u00a0<a class=\"ns-blue-color\" href=\"https:\/\/www.asegurarte.com.ar\/\" target=\"_blank\" rel=\"noopener\">AsegurarTE<\/a>; y Mauro Graziosi, Mauro S\u00e1nchez y Nicol\u00e1s Bruna, de SMARTFENSE.<\/p>\t\t\t\t\t\t<\/div>\n\t\t\t\t<\/div>\n\t\t\t\t<\/div>\n\t\t<div class=\"elementor-element elementor-element-dae0d6d e-con-full e-flex elementor-invisible e-con e-child\" data-id=\"dae0d6d\" data-element_type=\"container\" data-settings=\"{&quot;animation&quot;:&quot;fadeInRight&quot;}\">\n\t\t\t\t<div class=\"elementor-element elementor-element-a1d5304 elementor-widget elementor-widget-image\" data-id=\"a1d5304\" data-element_type=\"widget\" data-widget_type=\"image.default\">\n\t\t\t\t<div class=\"elementor-widget-container\">\n\t\t\t\t\t\t\t\t\t\t\t\t\t<img fetchpriority=\"high\" decoding=\"async\" width=\"640\" height=\"336\" src=\"https:\/\/smartfense.com\/file\/2023\/07\/kats-1200px-1-1024x538.jpg\" class=\"attachment-large size-large wp-image-5029\" alt=\"\" srcset=\"https:\/\/smartfense.com\/file\/2023\/07\/kats-1200px-1-1024x538.jpg 1024w, https:\/\/smartfense.com\/file\/2023\/07\/kats-1200px-1-300x158.jpg 300w, https:\/\/smartfense.com\/file\/2023\/07\/kats-1200px-1-768x403.jpg 768w, https:\/\/smartfense.com\/file\/2023\/07\/kats-1200px-1.jpg 1200w\" sizes=\"(max-width: 640px) 100vw, 640px\" \/>\t\t\t\t\t\t\t\t\t\t\t\t\t<\/div>\n\t\t\t\t<\/div>\n\t\t\t\t<\/div>\n\t\t\t\t\t<\/div>\n\t\t\t\t<\/div>\n\t\t<div class=\"elementor-element elementor-element-664a5f60 e-flex e-con-boxed e-con e-parent\" data-id=\"664a5f60\" data-element_type=\"container\">\n\t\t\t\t\t<div class=\"e-con-inner\">\n\t\t<div class=\"elementor-element elementor-element-3c502833 e-con-full e-flex e-con e-child\" data-id=\"3c502833\" data-element_type=\"container\">\n\t\t\t\t<div class=\"elementor-element elementor-element-79f3b8ad elementor-widget elementor-widget-iconbox bdevs-el iconbox\" data-id=\"79f3b8ad\" data-element_type=\"widget\" data-widget_type=\"iconbox.default\">\n\t\t\t\t<div class=\"elementor-widget-container\">\n\t\t\t\n\n\n <div class=\"services__inner hover__active mb-30 wow fadeInUp2\" data-wow-delay=\".3s\">\n\n <div class=\"services__item white-bg text-center transition-3 \">\n\n\n\n <div class=\"services__icon d-flex align-items-end justify-content-center\">\n\n \n <figure>\n\n <img decoding=\"async\" width=\"150\" height=\"150\" src=\"https:\/\/smartfense.com\/file\/2023\/07\/secure-shield-150x150.png\" class=\"elementor-animation-disable-animation attachment-thumbnail size-thumbnail wp-image-4904\" alt=\"\" srcset=\"https:\/\/smartfense.com\/file\/2023\/07\/secure-shield-150x150.png 150w, https:\/\/smartfense.com\/file\/2023\/07\/secure-shield-300x300.png 300w, https:\/\/smartfense.com\/file\/2023\/07\/secure-shield.png 512w\" sizes=\"(max-width: 150px) 100vw, 150px\" \/>\n <\/figure>\n\n \n <\/div>\n\n\n\n <div class=\"services__content\">\n\n <h3 class=\"services__title\">Transversal<\/h3>\n\n\n \n <p>El relevamiento toma en cuenta diversos temas: Acceso Remoto, Equipos de los Usuarios, H\u00e1bitos de los Usuarios, Cumplimiento, Gesti\u00f3n y Organizaci\u00f3n de la Seguridad y Seguimiento del Proyecto.\n<\/p>\n\n \n\n\n <\/div>\n\n\n\n <\/div>\n\n <\/div>\n\n\n\n \t\t<\/div>\n\t\t\t\t<\/div>\n\t\t\t\t<\/div>\n\t\t<div class=\"elementor-element elementor-element-2ec681fc e-con-full e-flex e-con e-child\" data-id=\"2ec681fc\" data-element_type=\"container\">\n\t\t\t\t<div class=\"elementor-element elementor-element-59058003 elementor-widget elementor-widget-iconbox bdevs-el iconbox\" data-id=\"59058003\" data-element_type=\"widget\" data-widget_type=\"iconbox.default\">\n\t\t\t\t<div class=\"elementor-widget-container\">\n\t\t\t\n\n\n <div class=\"services__inner hover__active mb-30 wow fadeInUp2\" data-wow-delay=\".3s\">\n\n <div class=\"services__item white-bg text-center transition-3 \">\n\n\n\n <div class=\"services__icon d-flex align-items-end justify-content-center\">\n\n \n <figure>\n\n <img decoding=\"async\" width=\"150\" height=\"150\" src=\"https:\/\/smartfense.com\/file\/2023\/07\/mundo-200-150x150.png\" class=\"elementor-animation-disable-animation attachment-thumbnail size-thumbnail wp-image-3344\" alt=\"\" srcset=\"https:\/\/smartfense.com\/file\/2023\/07\/mundo-200-150x150.png 150w, https:\/\/smartfense.com\/file\/2023\/07\/mundo-200.png 200w\" sizes=\"(max-width: 150px) 100vw, 150px\" \/>\n <\/figure>\n\n \n <\/div>\n\n\n\n <div class=\"services__content\">\n\n <h3 class=\"services__title\">Internacional<\/h3>\n\n\n \n <p>Las recomendaciones y el plan de acci\u00f3n para mitigar los riesgos detectados se basan en las mejores pr\u00e1cticas internacionales: ISO, PCI, CSA, NIST, etc.<br><br><\/p>\n\n \n\n\n <\/div>\n\n\n\n <\/div>\n\n <\/div>\n\n\n\n \t\t<\/div>\n\t\t\t\t<\/div>\n\t\t\t\t<\/div>\n\t\t<div class=\"elementor-element elementor-element-4e86f072 e-con-full e-flex e-con e-child\" data-id=\"4e86f072\" data-element_type=\"container\">\n\t\t\t\t<div class=\"elementor-element elementor-element-12a7ad76 elementor-widget elementor-widget-iconbox bdevs-el iconbox\" data-id=\"12a7ad76\" data-element_type=\"widget\" data-widget_type=\"iconbox.default\">\n\t\t\t\t<div class=\"elementor-widget-container\">\n\t\t\t\n\n\n <div class=\"services__inner hover__active mb-30 wow fadeInUp2\" data-wow-delay=\".3s\">\n\n <div class=\"services__item white-bg text-center transition-3 \">\n\n\n\n <div class=\"services__icon d-flex align-items-end justify-content-center\">\n\n \n <figure>\n\n <img loading=\"lazy\" decoding=\"async\" width=\"150\" height=\"150\" src=\"https:\/\/smartfense.com\/file\/2023\/07\/loading-150x150.png\" class=\"elementor-animation-disable-animation attachment-thumbnail size-thumbnail wp-image-4044\" alt=\"loading Direct Message Injection\" srcset=\"https:\/\/smartfense.com\/file\/2023\/07\/loading-150x150.png 150w, https:\/\/smartfense.com\/file\/2023\/07\/loading-300x300.png 300w, https:\/\/smartfense.com\/file\/2023\/07\/loading.png 512w\" sizes=\"(max-width: 150px) 100vw, 150px\" \/>\n <\/figure>\n\n \n <\/div>\n\n\n\n <div class=\"services__content\">\n\n <h3 class=\"services__title\">Efectivo<\/h3>\n\n\n \n <p>KATS es sencillo de utilizar y su salida es clara y concreta. Adem\u00e1s, su utilidad no termina en el diagn\u00f3stico sino que hace \u00e9nfasis en el seguimiento de la implementaci\u00f3n del plan de acci\u00f3n.<br><br><\/p>\n\n \n\n\n <\/div>\n\n\n\n <\/div>\n\n <\/div>\n\n\n\n \t\t<\/div>\n\t\t\t\t<\/div>\n\t\t\t\t<\/div>\n\t\t\t\t\t<\/div>\n\t\t\t\t<\/div>\n\t\t<div class=\"elementor-element elementor-element-d2926f3 e-flex e-con-boxed e-con e-parent\" data-id=\"d2926f3\" data-element_type=\"container\" data-settings=\"{&quot;background_background&quot;:&quot;classic&quot;}\">\n\t\t\t\t\t<div class=\"e-con-inner\">\n\t\t\t\t<div class=\"elementor-element elementor-element-41067e0 elementor-widget elementor-widget-text-editor\" data-id=\"41067e0\" data-element_type=\"widget\" data-widget_type=\"text-editor.default\">\n\t\t\t\t<div class=\"elementor-widget-container\">\n\t\t\t\t\t\t\t<h4 style=\"text-align: center;\">DESCARGUE AHORA EL KIT DE MANERA GRATUITA<\/h4>\t\t\t\t\t\t<\/div>\n\t\t\t\t<\/div>\n\t\t\t\t<div class=\"elementor-element elementor-element-dbf5895 elementor-align-center elementor-widget elementor-widget-button\" data-id=\"dbf5895\" data-element_type=\"widget\" data-widget_type=\"button.default\">\n\t\t\t\t<div class=\"elementor-widget-container\">\n\t\t\t\t\t\t\t\t<a class=\"elementor-button elementor-button-link elementor-size-sm\" href=\"https:\/\/github.com\/seguinfo\/KATS\" target=\"_blank\">\n\t\t\t\t\t\t<span class=\"elementor-button-content-wrapper\">\n\t\t\t\t\t\t\t\t\t<span class=\"elementor-button-text\">Descargar<\/span>\n\t\t\t\t\t<\/span>\n\t\t\t\t\t<\/a>\n\t\t\t\t\t\t<\/div>\n\t\t\t\t<\/div>\n\t\t\t\t\t<\/div>\n\t\t\t\t<\/div>\n\t\t\t\t<\/div>\n\t\t","protected":false},"excerpt":{"rendered":"<p>Descubra el nivel de riesgo de su organizaci\u00f3n respecto al Teletrabajo y obtenga recomendaciones de implementaci\u00f3n de mejores pr\u00e1cticas junto a un plan de mitigaci\u00f3n de los riesgos detectados. Como [&hellip;]<\/p>\n","protected":false},"author":1,"featured_media":5029,"parent":9237,"menu_order":0,"comment_status":"closed","ping_status":"closed","template":"elementor_header_footer","meta":{"_acf_changed":false,"footnotes":""},"class_list":["post-9129","page","type-page","status-publish","has-post-thumbnail","hentry"],"acf":[],"yoast_head":" \n<title>Kit de Autodiagn\u00f3stico sobre Teletrabajo Seguro - SMARTFENSE - Concientizaci\u00f3n en ciberseguridad<\/title>\n<meta name=\"description\" content=\"El kit de autodiagn\u00f3stico sobre teletrabajo permite determinar el nivel de exposici\u00f3n de la organizaci\u00f3n frente a posibles ataques.\" \/>\n<meta name=\"robots\" content=\"index, follow, max-snippet:-1, max-image-preview:large, max-video-preview:-1\" \/>\n<link rel=\"canonical\" href=\"https:\/\/smartfense.com\/es-ar\/recursos\/herramientas\/kit-de-autodiagnostico-sobre-teletrabajo-seguro\/\" \/>\n<meta property=\"og:locale\" content=\"es_ES\" \/>\n<meta property=\"og:type\" content=\"article\" \/>\n<meta property=\"og:title\" content=\"Kit de Autodiagn\u00f3stico sobre Teletrabajo Seguro - SMARTFENSE - Concientizaci\u00f3n en ciberseguridad\" \/>\n<meta property=\"og:description\" content=\"El kit de autodiagn\u00f3stico sobre teletrabajo permite determinar el nivel de exposici\u00f3n de la organizaci\u00f3n frente a posibles ataques.\" \/>\n<meta property=\"og:url\" content=\"https:\/\/smartfense.com\/es-ar\/recursos\/herramientas\/kit-de-autodiagnostico-sobre-teletrabajo-seguro\/\" \/>\n<meta property=\"og:site_name\" content=\"SMARTFENSE - Concientizaci\u00f3n en ciberseguridad\" \/>\n<meta property=\"article:modified_time\" content=\"2024-09-18T09:21:30+00:00\" \/>\n<meta property=\"og:image\" content=\"https:\/\/smartfense.com\/file\/2023\/07\/kats-1200px-1.jpg\" \/>\n\t<meta property=\"og:image:width\" content=\"1200\" \/>\n\t<meta property=\"og:image:height\" content=\"630\" \/>\n\t<meta property=\"og:image:type\" content=\"image\/jpeg\" \/>\n<meta name=\"twitter:card\" content=\"summary_large_image\" \/>\n<meta name=\"twitter:label1\" content=\"Tiempo de lectura\" \/>\n\t<meta name=\"twitter:data1\" content=\"2 minutos\" \/>\n<script type=\"application\/ld+json\" class=\"yoast-schema-graph\">{\"@context\":\"https:\\\/\\\/schema.org\",\"@graph\":[{\"@type\":\"WebPage\",\"@id\":\"https:\\\/\\\/smartfense.com\\\/es-ar\\\/recursos\\\/herramientas\\\/kit-de-autodiagnostico-sobre-teletrabajo-seguro\\\/\",\"url\":\"https:\\\/\\\/smartfense.com\\\/es-ar\\\/recursos\\\/herramientas\\\/kit-de-autodiagnostico-sobre-teletrabajo-seguro\\\/\",\"name\":\"Kit de Autodiagn\u00f3stico sobre Teletrabajo Seguro - SMARTFENSE - Concientizaci\u00f3n en ciberseguridad\",\"isPartOf\":{\"@id\":\"https:\\\/\\\/smartfense.com\\\/es-ar\\\/#website\"},\"primaryImageOfPage\":{\"@id\":\"https:\\\/\\\/smartfense.com\\\/es-ar\\\/recursos\\\/herramientas\\\/kit-de-autodiagnostico-sobre-teletrabajo-seguro\\\/#primaryimage\"},\"image\":{\"@id\":\"https:\\\/\\\/smartfense.com\\\/es-ar\\\/recursos\\\/herramientas\\\/kit-de-autodiagnostico-sobre-teletrabajo-seguro\\\/#primaryimage\"},\"thumbnailUrl\":\"https:\\\/\\\/smartfense.com\\\/wp-content\\\/uploads\\\/2023\\\/07\\\/kats-1200px-1.jpg\",\"datePublished\":\"2023-07-24T05:30:23+00:00\",\"dateModified\":\"2024-09-18T09:21:30+00:00\",\"description\":\"El kit de autodiagn\u00f3stico sobre teletrabajo permite determinar el nivel de exposici\u00f3n de la organizaci\u00f3n frente a posibles ataques.\",\"breadcrumb\":{\"@id\":\"https:\\\/\\\/smartfense.com\\\/es-ar\\\/recursos\\\/herramientas\\\/kit-de-autodiagnostico-sobre-teletrabajo-seguro\\\/#breadcrumb\"},\"inLanguage\":\"es-AR\",\"potentialAction\":[{\"@type\":\"ReadAction\",\"target\":[\"https:\\\/\\\/smartfense.com\\\/es-ar\\\/recursos\\\/herramientas\\\/kit-de-autodiagnostico-sobre-teletrabajo-seguro\\\/\"]}]},{\"@type\":\"ImageObject\",\"inLanguage\":\"es-AR\",\"@id\":\"https:\\\/\\\/smartfense.com\\\/es-ar\\\/recursos\\\/herramientas\\\/kit-de-autodiagnostico-sobre-teletrabajo-seguro\\\/#primaryimage\",\"url\":\"https:\\\/\\\/smartfense.com\\\/wp-content\\\/uploads\\\/2023\\\/07\\\/kats-1200px-1.jpg\",\"contentUrl\":\"https:\\\/\\\/smartfense.com\\\/wp-content\\\/uploads\\\/2023\\\/07\\\/kats-1200px-1.jpg\",\"width\":1200,\"height\":630},{\"@type\":\"BreadcrumbList\",\"@id\":\"https:\\\/\\\/smartfense.com\\\/es-ar\\\/recursos\\\/herramientas\\\/kit-de-autodiagnostico-sobre-teletrabajo-seguro\\\/#breadcrumb\",\"itemListElement\":[{\"@type\":\"ListItem\",\"position\":1,\"name\":\"Portada\",\"item\":\"https:\\\/\\\/smartfense.com\\\/es-ar\\\/concientizacion-en-ciberseguridad\\\/\"},{\"@type\":\"ListItem\",\"position\":2,\"name\":\"Recursos\",\"item\":\"https:\\\/\\\/smartfense.com\\\/es-ar\\\/recursos\\\/\"},{\"@type\":\"ListItem\",\"position\":3,\"name\":\"Herramientas Gratuitas\",\"item\":\"https:\\\/\\\/smartfense.com\\\/es-ar\\\/recursos\\\/herramientas\\\/\"},{\"@type\":\"ListItem\",\"position\":4,\"name\":\"Kit de Autodiagn\u00f3stico sobre Teletrabajo Seguro\"}]},{\"@type\":\"WebSite\",\"@id\":\"https:\\\/\\\/smartfense.com\\\/es-ar\\\/#website\",\"url\":\"https:\\\/\\\/smartfense.com\\\/es-ar\\\/\",\"name\":\"SMARTFENSE - Concienciaci\u00f3n en Ciberseguridad\",\"description\":\"\",\"publisher\":{\"@id\":\"https:\\\/\\\/smartfense.com\\\/es-ar\\\/#organization\"},\"potentialAction\":[{\"@type\":\"SearchAction\",\"target\":{\"@type\":\"EntryPoint\",\"urlTemplate\":\"https:\\\/\\\/smartfense.com\\\/es-ar\\\/?s={search_term_string}\"},\"query-input\":{\"@type\":\"PropertyValueSpecification\",\"valueRequired\":true,\"valueName\":\"search_term_string\"}}],\"inLanguage\":\"es-AR\"},{\"@type\":\"Organization\",\"@id\":\"https:\\\/\\\/smartfense.com\\\/es-ar\\\/#organization\",\"name\":\"SMARTFENSE\",\"url\":\"https:\\\/\\\/smartfense.com\\\/es-ar\\\/\",\"logo\":{\"@type\":\"ImageObject\",\"inLanguage\":\"es-AR\",\"@id\":\"https:\\\/\\\/smartfense.com\\\/es-ar\\\/#\\\/schema\\\/logo\\\/image\\\/\",\"url\":\"https:\\\/\\\/smartfense.com\\\/wp-content\\\/uploads\\\/2023\\\/08\\\/logo-smartfense-240x40-1.png\",\"contentUrl\":\"https:\\\/\\\/smartfense.com\\\/wp-content\\\/uploads\\\/2023\\\/08\\\/logo-smartfense-240x40-1.png\",\"width\":241,\"height\":40,\"caption\":\"SMARTFENSE\"},\"image\":{\"@id\":\"https:\\\/\\\/smartfense.com\\\/es-ar\\\/#\\\/schema\\\/logo\\\/image\\\/\"}}]}<\/script>\n ","yoast_head_json":{"title":"Kit de Autodiagn\u00f3stico sobre Teletrabajo Seguro - SMARTFENSE - Concientizaci\u00f3n en ciberseguridad","description":"El kit de autodiagn\u00f3stico sobre teletrabajo permite determinar el nivel de exposici\u00f3n de la organizaci\u00f3n frente a posibles ataques.","robots":{"index":"index","follow":"follow","max-snippet":"max-snippet:-1","max-image-preview":"max-image-preview:large","max-video-preview":"max-video-preview:-1"},"canonical":"https:\/\/smartfense.com\/es-ar\/recursos\/herramientas\/kit-de-autodiagnostico-sobre-teletrabajo-seguro\/","og_locale":"es_ES","og_type":"article","og_title":"Kit de Autodiagn\u00f3stico sobre Teletrabajo Seguro - SMARTFENSE - Concientizaci\u00f3n en ciberseguridad","og_description":"El kit de autodiagn\u00f3stico sobre teletrabajo permite determinar el nivel de exposici\u00f3n de la organizaci\u00f3n frente a posibles ataques.","og_url":"https:\/\/smartfense.com\/es-ar\/recursos\/herramientas\/kit-de-autodiagnostico-sobre-teletrabajo-seguro\/","og_site_name":"SMARTFENSE - Concientizaci\u00f3n en ciberseguridad","article_modified_time":"2024-09-18T09:21:30+00:00","og_image":[{"width":1200,"height":630,"url":"https:\/\/smartfense.com\/file\/2023\/07\/kats-1200px-1.jpg","type":"image\/jpeg"}],"twitter_card":"summary_large_image","twitter_misc":{"Tiempo de lectura":"2 minutos"},"schema":{"@context":"https:\/\/schema.org","@graph":[{"@type":"WebPage","@id":"https:\/\/smartfense.com\/es-ar\/recursos\/herramientas\/kit-de-autodiagnostico-sobre-teletrabajo-seguro\/","url":"https:\/\/smartfense.com\/es-ar\/recursos\/herramientas\/kit-de-autodiagnostico-sobre-teletrabajo-seguro\/","name":"Kit de Autodiagn\u00f3stico sobre Teletrabajo Seguro - SMARTFENSE - Concientizaci\u00f3n en ciberseguridad","isPartOf":{"@id":"https:\/\/smartfense.com\/es-ar\/#website"},"primaryImageOfPage":{"@id":"https:\/\/smartfense.com\/es-ar\/recursos\/herramientas\/kit-de-autodiagnostico-sobre-teletrabajo-seguro\/#primaryimage"},"image":{"@id":"https:\/\/smartfense.com\/es-ar\/recursos\/herramientas\/kit-de-autodiagnostico-sobre-teletrabajo-seguro\/#primaryimage"},"thumbnailUrl":"https:\/\/smartfense.com\/file\/2023\/07\/kats-1200px-1.jpg","datePublished":"2023-07-24T05:30:23+00:00","dateModified":"2024-09-18T09:21:30+00:00","description":"El kit de autodiagn\u00f3stico sobre teletrabajo permite determinar el nivel de exposici\u00f3n de la organizaci\u00f3n frente a posibles ataques.","breadcrumb":{"@id":"https:\/\/smartfense.com\/es-ar\/recursos\/herramientas\/kit-de-autodiagnostico-sobre-teletrabajo-seguro\/#breadcrumb"},"inLanguage":"es-AR","potentialAction":[{"@type":"ReadAction","target":["https:\/\/smartfense.com\/es-ar\/recursos\/herramientas\/kit-de-autodiagnostico-sobre-teletrabajo-seguro\/"]}]},{"@type":"ImageObject","inLanguage":"es-AR","@id":"https:\/\/smartfense.com\/es-ar\/recursos\/herramientas\/kit-de-autodiagnostico-sobre-teletrabajo-seguro\/#primaryimage","url":"https:\/\/smartfense.com\/file\/2023\/07\/kats-1200px-1.jpg","contentUrl":"https:\/\/smartfense.com\/file\/2023\/07\/kats-1200px-1.jpg","width":1200,"height":630},{"@type":"BreadcrumbList","@id":"https:\/\/smartfense.com\/es-ar\/recursos\/herramientas\/kit-de-autodiagnostico-sobre-teletrabajo-seguro\/#breadcrumb","itemListElement":[{"@type":"ListItem","position":1,"name":"Portada","item":"https:\/\/smartfense.com\/es-ar\/concientizacion-en-ciberseguridad\/"},{"@type":"ListItem","position":2,"name":"Recursos","item":"https:\/\/smartfense.com\/es-ar\/recursos\/"},{"@type":"ListItem","position":3,"name":"Herramientas Gratuitas","item":"https:\/\/smartfense.com\/es-ar\/recursos\/herramientas\/"},{"@type":"ListItem","position":4,"name":"Kit de Autodiagn\u00f3stico sobre Teletrabajo Seguro"}]},{"@type":"WebSite","@id":"https:\/\/smartfense.com\/es-ar\/#website","url":"https:\/\/smartfense.com\/es-ar\/","name":"SMARTFENSE - Concienciaci\u00f3n en Ciberseguridad","description":"","publisher":{"@id":"https:\/\/smartfense.com\/es-ar\/#organization"},"potentialAction":[{"@type":"SearchAction","target":{"@type":"EntryPoint","urlTemplate":"https:\/\/smartfense.com\/es-ar\/?s={search_term_string}"},"query-input":{"@type":"PropertyValueSpecification","valueRequired":true,"valueName":"search_term_string"}}],"inLanguage":"es-AR"},{"@type":"Organization","@id":"https:\/\/smartfense.com\/es-ar\/#organization","name":"SMARTFENSE","url":"https:\/\/smartfense.com\/es-ar\/","logo":{"@type":"ImageObject","inLanguage":"es-AR","@id":"https:\/\/smartfense.com\/es-ar\/#\/schema\/logo\/image\/","url":"https:\/\/smartfense.com\/file\/2023\/08\/logo-smartfense-240x40-1.png","contentUrl":"https:\/\/smartfense.com\/file\/2023\/08\/logo-smartfense-240x40-1.png","width":241,"height":40,"caption":"SMARTFENSE"},"image":{"@id":"https:\/\/smartfense.com\/es-ar\/#\/schema\/logo\/image\/"}}]}},"_links":{"self":[{"href":"https:\/\/smartfense.com\/es-ar\/wp-json\/wp\/v2\/pages\/9129","targetHints":{"allow":["GET"]}}],"collection":[{"href":"https:\/\/smartfense.com\/es-ar\/wp-json\/wp\/v2\/pages"}],"about":[{"href":"https:\/\/smartfense.com\/es-ar\/wp-json\/wp\/v2\/types\/page"}],"author":[{"embeddable":true,"href":"https:\/\/smartfense.com\/es-ar\/wp-json\/wp\/v2\/users\/1"}],"replies":[{"embeddable":true,"href":"https:\/\/smartfense.com\/es-ar\/wp-json\/wp\/v2\/comments?post=9129"}],"version-history":[{"count":3,"href":"https:\/\/smartfense.com\/es-ar\/wp-json\/wp\/v2\/pages\/9129\/revisions"}],"predecessor-version":[{"id":29608,"href":"https:\/\/smartfense.com\/es-ar\/wp-json\/wp\/v2\/pages\/9129\/revisions\/29608"}],"up":[{"embeddable":true,"href":"https:\/\/smartfense.com\/es-ar\/wp-json\/wp\/v2\/pages\/9237"}],"wp:featuredmedia":[{"embeddable":true,"href":"https:\/\/smartfense.com\/es-ar\/wp-json\/wp\/v2\/media\/5029"}],"wp:attachment":[{"href":"https:\/\/smartfense.com\/es-ar\/wp-json\/wp\/v2\/media?parent=9129"}],"curies":[{"name":"wp","href":"https:\/\/api.w.org\/{rel}","templated":true}]}}