{"id":9105,"date":"2023-07-25T14:02:05","date_gmt":"2023-07-25T12:02:05","guid":{"rendered":"https:\/\/callidusprolab.com\/smartfense\/gupi\/"},"modified":"2024-12-16T18:11:33","modified_gmt":"2024-12-16T17:11:33","slug":"gupi","status":"publish","type":"page","link":"https:\/\/smartfense.com\/es-ar\/recursos\/juega-online\/gupi\/","title":{"rendered":"Las aventuras de Gupi"},"content":{"rendered":"\t\t<div data-elementor-type=\"wp-page\" data-elementor-id=\"9105\" class=\"elementor elementor-9105 elementor-4910\">\n\t\t\t\t<div class=\"elementor-element elementor-element-baf7a35 e-flex e-con-boxed e-con e-parent\" data-id=\"baf7a35\" data-element_type=\"container\">\n\t\t\t\t\t<div class=\"e-con-inner\">\n\t\t<div class=\"elementor-element elementor-element-0acf31b e-con-full e-flex e-con e-child\" data-id=\"0acf31b\" data-element_type=\"container\">\n\t\t\t\t<div class=\"elementor-element elementor-element-ea301a2 elementor-widget elementor-widget-text-editor\" data-id=\"ea301a2\" data-element_type=\"widget\" data-widget_type=\"text-editor.default\">\n\t\t\t\t<div class=\"elementor-widget-container\">\n\t\t\t\t\t\t\t<p><span style=\"font-weight: 400;\">Gupi se enfrenta a diferentes desaf\u00edos en el tempestuoso mar de la Seguridad de la Informaci\u00f3n. El usuario tiene la responsabilidad de guiar las acciones y decisiones de este peque\u00f1o pez, ayud\u00e1ndolo a llegar hasta el final de su aventura sin caer en las trampas.<\/span><\/p>\t\t\t\t\t\t<\/div>\n\t\t\t\t<\/div>\n\t\t\t\t<\/div>\n\t\t<div class=\"elementor-element elementor-element-dae0d6d e-con-full e-flex elementor-invisible e-con e-child\" data-id=\"dae0d6d\" data-element_type=\"container\" data-settings=\"{&quot;animation&quot;:&quot;fadeInRight&quot;}\">\n\t\t\t\t<div class=\"elementor-element elementor-element-a1d5304 elementor-widget elementor-widget-image\" data-id=\"a1d5304\" data-element_type=\"widget\" data-widget_type=\"image.default\">\n\t\t\t\t<div class=\"elementor-widget-container\">\n\t\t\t\t\t\t\t\t\t\t\t\t\t<img fetchpriority=\"high\" decoding=\"async\" width=\"640\" height=\"336\" src=\"https:\/\/smartfense.com\/file\/2023\/07\/Las-aventuras-de-Gupi-1024x538.jpg\" class=\"attachment-large size-large wp-image-5115\" alt=\"\" srcset=\"https:\/\/smartfense.com\/file\/2023\/07\/Las-aventuras-de-Gupi-1024x538.jpg 1024w, https:\/\/smartfense.com\/file\/2023\/07\/Las-aventuras-de-Gupi-300x158.jpg 300w, https:\/\/smartfense.com\/file\/2023\/07\/Las-aventuras-de-Gupi-768x403.jpg 768w, https:\/\/smartfense.com\/file\/2023\/07\/Las-aventuras-de-Gupi.jpg 1200w\" sizes=\"(max-width: 640px) 100vw, 640px\" \/>\t\t\t\t\t\t\t\t\t\t\t\t\t<\/div>\n\t\t\t\t<\/div>\n\t\t\t\t<\/div>\n\t\t\t\t\t<\/div>\n\t\t\t\t<\/div>\n\t\t<div class=\"elementor-element elementor-element-d2926f3 e-flex e-con-boxed e-con e-parent\" data-id=\"d2926f3\" data-element_type=\"container\" data-settings=\"{&quot;background_background&quot;:&quot;classic&quot;}\">\n\t\t\t\t\t<div class=\"e-con-inner\">\n\t\t\t\t<div class=\"elementor-element elementor-element-41067e0 elementor-widget elementor-widget-text-editor\" data-id=\"41067e0\" data-element_type=\"widget\" data-widget_type=\"text-editor.default\">\n\t\t\t\t<div class=\"elementor-widget-container\">\n\t\t\t\t\t\t\t<h4 style=\"text-align: center;\">Sum\u00e9rgete junto a Gupi y comparte este videojuego con tus usuarios!<\/h4>\t\t\t\t\t\t<\/div>\n\t\t\t\t<\/div>\n\t\t\t\t<div class=\"elementor-element elementor-element-cff565a elementor-widget elementor-widget-html\" data-id=\"cff565a\" data-element_type=\"widget\" data-widget_type=\"html.default\">\n\t\t\t\t<div class=\"elementor-widget-container\">\n\t\t\t<a href=\"https:\/\/gupi-adventures.smartfense.com\/\" class=\"w-btn\">\n<b>\u00a1Quiero jugar ahora!<\/b><\/a>\t\t<\/div>\n\t\t\t\t<\/div>\n\t\t\t\t\t<\/div>\n\t\t\t\t<\/div>\n\t\t<div class=\"elementor-element elementor-element-2d22671f e-flex e-con-boxed e-con e-parent\" data-id=\"2d22671f\" data-element_type=\"container\">\n\t\t\t\t\t<div class=\"e-con-inner\">\n\t\t<div class=\"elementor-element elementor-element-51ec8ae3 e-con-full e-flex e-con e-child\" data-id=\"51ec8ae3\" data-element_type=\"container\">\n\t\t\t\t<div class=\"elementor-element elementor-element-29d6ca7b elementor-widget elementor-widget-iconbox bdevs-el iconbox\" data-id=\"29d6ca7b\" data-element_type=\"widget\" data-widget_type=\"iconbox.default\">\n\t\t\t\t<div class=\"elementor-widget-container\">\n\t\t\t\n\n\n <div class=\"services__inner hover__active mb-30 wow fadeInUp2\" data-wow-delay=\".3s\">\n\n <div class=\"services__item white-bg text-center transition-3 \">\n\n\n\n <div class=\"services__icon d-flex align-items-end justify-content-center\">\n\n \n <figure>\n\n <img decoding=\"async\" width=\"150\" height=\"150\" src=\"https:\/\/smartfense.com\/file\/2023\/07\/gamification-150x150.png\" class=\"elementor-animation-disable-animation attachment-thumbnail size-thumbnail wp-image-4012\" alt=\"\" srcset=\"https:\/\/smartfense.com\/file\/2023\/07\/gamification-150x150.png 150w, https:\/\/smartfense.com\/file\/2023\/07\/gamification-300x300.png 300w, https:\/\/smartfense.com\/file\/2023\/07\/gamification.png 512w\" sizes=\"(max-width: 150px) 100vw, 150px\" \/>\n <\/figure>\n\n \n <\/div>\n\n\n\n <div class=\"services__content\">\n\n <h3 class=\"services__title\">Pr\u00e1ctico<\/h3>\n\n\n \n <p>Permite al usuario experimentar y cometer errores en un entorno altamente motivador y libre de peligros.\n\n<\/p>\n\n \n\n\n <\/div>\n\n\n\n <\/div>\n\n <\/div>\n\n\n\n \t\t<\/div>\n\t\t\t\t<\/div>\n\t\t\t\t<\/div>\n\t\t<div class=\"elementor-element elementor-element-4305dbb5 e-con-full e-flex e-con e-child\" data-id=\"4305dbb5\" data-element_type=\"container\">\n\t\t\t\t<div class=\"elementor-element elementor-element-1b71f783 elementor-widget elementor-widget-iconbox bdevs-el iconbox\" data-id=\"1b71f783\" data-element_type=\"widget\" data-widget_type=\"iconbox.default\">\n\t\t\t\t<div class=\"elementor-widget-container\">\n\t\t\t\n\n\n <div class=\"services__inner hover__active mb-30 wow fadeInUp2\" data-wow-delay=\".3s\">\n\n <div class=\"services__item white-bg text-center transition-3 \">\n\n\n\n <div class=\"services__icon d-flex align-items-end justify-content-center\">\n\n \n <figure>\n\n <img decoding=\"async\" width=\"150\" height=\"150\" src=\"https:\/\/smartfense.com\/file\/2023\/07\/give-money-150x150.png\" class=\"elementor-animation-disable-animation attachment-thumbnail size-thumbnail wp-image-4930\" alt=\"\" srcset=\"https:\/\/smartfense.com\/file\/2023\/07\/give-money-150x150.png 150w, https:\/\/smartfense.com\/file\/2023\/07\/give-money-300x300.png 300w, https:\/\/smartfense.com\/file\/2023\/07\/give-money.png 512w\" sizes=\"(max-width: 150px) 100vw, 150px\" \/>\n <\/figure>\n\n \n <\/div>\n\n\n\n <div class=\"services__content\">\n\n <h3 class=\"services__title\">Revelador<\/h3>\n\n\n \n <p>Provee feedback abundante al usuario, que potencia su aprendizaje y lo hace consciente de sus propios logros.<\/p>\n\n \n\n\n <\/div>\n\n\n\n <\/div>\n\n <\/div>\n\n\n\n \t\t<\/div>\n\t\t\t\t<\/div>\n\t\t\t\t<\/div>\n\t\t<div class=\"elementor-element elementor-element-7ba53750 e-con-full e-flex e-con e-child\" data-id=\"7ba53750\" data-element_type=\"container\">\n\t\t\t\t<div class=\"elementor-element elementor-element-3980532c elementor-widget elementor-widget-iconbox bdevs-el iconbox\" data-id=\"3980532c\" data-element_type=\"widget\" data-widget_type=\"iconbox.default\">\n\t\t\t\t<div class=\"elementor-widget-container\">\n\t\t\t\n\n\n <div class=\"services__inner hover__active mb-30 wow fadeInUp2\" data-wow-delay=\".3s\">\n\n <div class=\"services__item white-bg text-center transition-3 \">\n\n\n\n <div class=\"services__icon d-flex align-items-end justify-content-center\">\n\n \n <figure>\n\n <img loading=\"lazy\" decoding=\"async\" width=\"150\" height=\"150\" src=\"https:\/\/smartfense.com\/file\/2023\/07\/ransomware-150x150.png\" class=\"elementor-animation-disable-animation attachment-thumbnail size-thumbnail wp-image-4935\" alt=\"\" srcset=\"https:\/\/smartfense.com\/file\/2023\/07\/ransomware-150x150.png 150w, https:\/\/smartfense.com\/file\/2023\/07\/ransomware-300x300.png 300w, https:\/\/smartfense.com\/file\/2023\/07\/ransomware.png 512w\" sizes=\"(max-width: 150px) 100vw, 150px\" \/>\n <\/figure>\n\n \n <\/div>\n\n\n\n <div class=\"services__content\">\n\n <h3 class=\"services__title\">Carism\u00e1tico<\/h3>\n\n\n \n <p>El jugador se identifica con el personaje, comparte su b\u00fasqueda y crece con \u00e9l.<\/p>\n\n \n\n\n <\/div>\n\n\n\n <\/div>\n\n <\/div>\n\n\n\n \t\t<\/div>\n\t\t\t\t<\/div>\n\t\t\t\t<\/div>\n\t\t\t\t\t<\/div>\n\t\t\t\t<\/div>\n\t\t\t\t<\/div>\n\t\t","protected":false},"excerpt":{"rendered":"<p>Gupi se enfrenta a diferentes desaf\u00edos en el tempestuoso mar de la Seguridad de la Informaci\u00f3n. El usuario tiene la responsabilidad de guiar las acciones y decisiones de este peque\u00f1o [&hellip;]<\/p>\n","protected":false},"author":1,"featured_media":5115,"parent":9197,"menu_order":0,"comment_status":"closed","ping_status":"closed","template":"elementor_header_footer","meta":{"_acf_changed":false,"footnotes":""},"class_list":["post-9105","page","type-page","status-publish","has-post-thumbnail","hentry"],"acf":[],"yoast_head":" \n<title>Las aventuras de Gupi - SMARTFENSE - Concientizaci\u00f3n en ciberseguridad<\/title>\n<meta name=\"description\" content=\"Las aventuras de Gupi: nuestro amigo se enfrenta a diferentes desaf\u00edos en el tempestuoso mar de la Seguridad de la Informaci\u00f3n.\" \/>\n<meta name=\"robots\" content=\"index, follow, max-snippet:-1, max-image-preview:large, max-video-preview:-1\" \/>\n<link rel=\"canonical\" href=\"https:\/\/smartfense.com\/es-ar\/recursos\/juega-online\/gupi\/\" \/>\n<meta property=\"og:locale\" content=\"es_ES\" \/>\n<meta property=\"og:type\" content=\"article\" \/>\n<meta property=\"og:title\" content=\"Las aventuras de Gupi - SMARTFENSE - Concientizaci\u00f3n en ciberseguridad\" \/>\n<meta property=\"og:description\" content=\"Las aventuras de Gupi: nuestro amigo se enfrenta a diferentes desaf\u00edos en el tempestuoso mar de la Seguridad de la Informaci\u00f3n.\" \/>\n<meta property=\"og:url\" content=\"https:\/\/smartfense.com\/es-ar\/recursos\/juega-online\/gupi\/\" \/>\n<meta property=\"og:site_name\" content=\"SMARTFENSE - Concientizaci\u00f3n en ciberseguridad\" \/>\n<meta property=\"article:modified_time\" content=\"2024-12-16T17:11:33+00:00\" \/>\n<meta property=\"og:image\" content=\"https:\/\/smartfense.com\/file\/2023\/07\/Las-aventuras-de-Gupi.jpg\" \/>\n\t<meta property=\"og:image:width\" content=\"1200\" \/>\n\t<meta property=\"og:image:height\" content=\"630\" \/>\n\t<meta property=\"og:image:type\" content=\"image\/jpeg\" \/>\n<meta name=\"twitter:card\" content=\"summary_large_image\" \/>\n<meta name=\"twitter:label1\" content=\"Tiempo de lectura\" \/>\n\t<meta name=\"twitter:data1\" content=\"2 minutos\" \/>\n<script type=\"application\/ld+json\" class=\"yoast-schema-graph\">{\"@context\":\"https:\\\/\\\/schema.org\",\"@graph\":[{\"@type\":\"WebPage\",\"@id\":\"https:\\\/\\\/smartfense.com\\\/es-ar\\\/recursos\\\/juega-online\\\/gupi\\\/\",\"url\":\"https:\\\/\\\/smartfense.com\\\/es-ar\\\/recursos\\\/juega-online\\\/gupi\\\/\",\"name\":\"Las aventuras de Gupi - SMARTFENSE - Concientizaci\u00f3n en ciberseguridad\",\"isPartOf\":{\"@id\":\"https:\\\/\\\/smartfense.com\\\/es-ar\\\/#website\"},\"primaryImageOfPage\":{\"@id\":\"https:\\\/\\\/smartfense.com\\\/es-ar\\\/recursos\\\/juega-online\\\/gupi\\\/#primaryimage\"},\"image\":{\"@id\":\"https:\\\/\\\/smartfense.com\\\/es-ar\\\/recursos\\\/juega-online\\\/gupi\\\/#primaryimage\"},\"thumbnailUrl\":\"https:\\\/\\\/smartfense.com\\\/wp-content\\\/uploads\\\/2023\\\/07\\\/Las-aventuras-de-Gupi.jpg\",\"datePublished\":\"2023-07-25T12:02:05+00:00\",\"dateModified\":\"2024-12-16T17:11:33+00:00\",\"description\":\"Las aventuras de Gupi: nuestro amigo se enfrenta a diferentes desaf\u00edos en el tempestuoso mar de la Seguridad de la Informaci\u00f3n.\",\"breadcrumb\":{\"@id\":\"https:\\\/\\\/smartfense.com\\\/es-ar\\\/recursos\\\/juega-online\\\/gupi\\\/#breadcrumb\"},\"inLanguage\":\"es-AR\",\"potentialAction\":[{\"@type\":\"ReadAction\",\"target\":[\"https:\\\/\\\/smartfense.com\\\/es-ar\\\/recursos\\\/juega-online\\\/gupi\\\/\"]}]},{\"@type\":\"ImageObject\",\"inLanguage\":\"es-AR\",\"@id\":\"https:\\\/\\\/smartfense.com\\\/es-ar\\\/recursos\\\/juega-online\\\/gupi\\\/#primaryimage\",\"url\":\"https:\\\/\\\/smartfense.com\\\/wp-content\\\/uploads\\\/2023\\\/07\\\/Las-aventuras-de-Gupi.jpg\",\"contentUrl\":\"https:\\\/\\\/smartfense.com\\\/wp-content\\\/uploads\\\/2023\\\/07\\\/Las-aventuras-de-Gupi.jpg\",\"width\":1200,\"height\":630},{\"@type\":\"BreadcrumbList\",\"@id\":\"https:\\\/\\\/smartfense.com\\\/es-ar\\\/recursos\\\/juega-online\\\/gupi\\\/#breadcrumb\",\"itemListElement\":[{\"@type\":\"ListItem\",\"position\":1,\"name\":\"Portada\",\"item\":\"https:\\\/\\\/smartfense.com\\\/es-ar\\\/concientizacion-en-ciberseguridad\\\/\"},{\"@type\":\"ListItem\",\"position\":2,\"name\":\"Recursos\",\"item\":\"https:\\\/\\\/smartfense.com\\\/es-ar\\\/recursos\\\/\"},{\"@type\":\"ListItem\",\"position\":3,\"name\":\"Juega online\",\"item\":\"https:\\\/\\\/smartfense.com\\\/es-ar\\\/recursos\\\/juega-online\\\/\"},{\"@type\":\"ListItem\",\"position\":4,\"name\":\"Las aventuras de Gupi\"}]},{\"@type\":\"WebSite\",\"@id\":\"https:\\\/\\\/smartfense.com\\\/es-ar\\\/#website\",\"url\":\"https:\\\/\\\/smartfense.com\\\/es-ar\\\/\",\"name\":\"SMARTFENSE - Concienciaci\u00f3n en Ciberseguridad\",\"description\":\"\",\"publisher\":{\"@id\":\"https:\\\/\\\/smartfense.com\\\/es-ar\\\/#organization\"},\"potentialAction\":[{\"@type\":\"SearchAction\",\"target\":{\"@type\":\"EntryPoint\",\"urlTemplate\":\"https:\\\/\\\/smartfense.com\\\/es-ar\\\/?s={search_term_string}\"},\"query-input\":{\"@type\":\"PropertyValueSpecification\",\"valueRequired\":true,\"valueName\":\"search_term_string\"}}],\"inLanguage\":\"es-AR\"},{\"@type\":\"Organization\",\"@id\":\"https:\\\/\\\/smartfense.com\\\/es-ar\\\/#organization\",\"name\":\"SMARTFENSE\",\"url\":\"https:\\\/\\\/smartfense.com\\\/es-ar\\\/\",\"logo\":{\"@type\":\"ImageObject\",\"inLanguage\":\"es-AR\",\"@id\":\"https:\\\/\\\/smartfense.com\\\/es-ar\\\/#\\\/schema\\\/logo\\\/image\\\/\",\"url\":\"https:\\\/\\\/smartfense.com\\\/wp-content\\\/uploads\\\/2023\\\/08\\\/logo-smartfense-240x40-1.png\",\"contentUrl\":\"https:\\\/\\\/smartfense.com\\\/wp-content\\\/uploads\\\/2023\\\/08\\\/logo-smartfense-240x40-1.png\",\"width\":241,\"height\":40,\"caption\":\"SMARTFENSE\"},\"image\":{\"@id\":\"https:\\\/\\\/smartfense.com\\\/es-ar\\\/#\\\/schema\\\/logo\\\/image\\\/\"}}]}<\/script>\n ","yoast_head_json":{"title":"Las aventuras de Gupi - SMARTFENSE - Concientizaci\u00f3n en ciberseguridad","description":"Las aventuras de Gupi: nuestro amigo se enfrenta a diferentes desaf\u00edos en el tempestuoso mar de la Seguridad de la Informaci\u00f3n.","robots":{"index":"index","follow":"follow","max-snippet":"max-snippet:-1","max-image-preview":"max-image-preview:large","max-video-preview":"max-video-preview:-1"},"canonical":"https:\/\/smartfense.com\/es-ar\/recursos\/juega-online\/gupi\/","og_locale":"es_ES","og_type":"article","og_title":"Las aventuras de Gupi - SMARTFENSE - Concientizaci\u00f3n en ciberseguridad","og_description":"Las aventuras de Gupi: nuestro amigo se enfrenta a diferentes desaf\u00edos en el tempestuoso mar de la Seguridad de la Informaci\u00f3n.","og_url":"https:\/\/smartfense.com\/es-ar\/recursos\/juega-online\/gupi\/","og_site_name":"SMARTFENSE - Concientizaci\u00f3n en ciberseguridad","article_modified_time":"2024-12-16T17:11:33+00:00","og_image":[{"width":1200,"height":630,"url":"https:\/\/smartfense.com\/file\/2023\/07\/Las-aventuras-de-Gupi.jpg","type":"image\/jpeg"}],"twitter_card":"summary_large_image","twitter_misc":{"Tiempo de lectura":"2 minutos"},"schema":{"@context":"https:\/\/schema.org","@graph":[{"@type":"WebPage","@id":"https:\/\/smartfense.com\/es-ar\/recursos\/juega-online\/gupi\/","url":"https:\/\/smartfense.com\/es-ar\/recursos\/juega-online\/gupi\/","name":"Las aventuras de Gupi - SMARTFENSE - Concientizaci\u00f3n en ciberseguridad","isPartOf":{"@id":"https:\/\/smartfense.com\/es-ar\/#website"},"primaryImageOfPage":{"@id":"https:\/\/smartfense.com\/es-ar\/recursos\/juega-online\/gupi\/#primaryimage"},"image":{"@id":"https:\/\/smartfense.com\/es-ar\/recursos\/juega-online\/gupi\/#primaryimage"},"thumbnailUrl":"https:\/\/smartfense.com\/file\/2023\/07\/Las-aventuras-de-Gupi.jpg","datePublished":"2023-07-25T12:02:05+00:00","dateModified":"2024-12-16T17:11:33+00:00","description":"Las aventuras de Gupi: nuestro amigo se enfrenta a diferentes desaf\u00edos en el tempestuoso mar de la Seguridad de la Informaci\u00f3n.","breadcrumb":{"@id":"https:\/\/smartfense.com\/es-ar\/recursos\/juega-online\/gupi\/#breadcrumb"},"inLanguage":"es-AR","potentialAction":[{"@type":"ReadAction","target":["https:\/\/smartfense.com\/es-ar\/recursos\/juega-online\/gupi\/"]}]},{"@type":"ImageObject","inLanguage":"es-AR","@id":"https:\/\/smartfense.com\/es-ar\/recursos\/juega-online\/gupi\/#primaryimage","url":"https:\/\/smartfense.com\/file\/2023\/07\/Las-aventuras-de-Gupi.jpg","contentUrl":"https:\/\/smartfense.com\/file\/2023\/07\/Las-aventuras-de-Gupi.jpg","width":1200,"height":630},{"@type":"BreadcrumbList","@id":"https:\/\/smartfense.com\/es-ar\/recursos\/juega-online\/gupi\/#breadcrumb","itemListElement":[{"@type":"ListItem","position":1,"name":"Portada","item":"https:\/\/smartfense.com\/es-ar\/concientizacion-en-ciberseguridad\/"},{"@type":"ListItem","position":2,"name":"Recursos","item":"https:\/\/smartfense.com\/es-ar\/recursos\/"},{"@type":"ListItem","position":3,"name":"Juega online","item":"https:\/\/smartfense.com\/es-ar\/recursos\/juega-online\/"},{"@type":"ListItem","position":4,"name":"Las aventuras de Gupi"}]},{"@type":"WebSite","@id":"https:\/\/smartfense.com\/es-ar\/#website","url":"https:\/\/smartfense.com\/es-ar\/","name":"SMARTFENSE - Concienciaci\u00f3n en Ciberseguridad","description":"","publisher":{"@id":"https:\/\/smartfense.com\/es-ar\/#organization"},"potentialAction":[{"@type":"SearchAction","target":{"@type":"EntryPoint","urlTemplate":"https:\/\/smartfense.com\/es-ar\/?s={search_term_string}"},"query-input":{"@type":"PropertyValueSpecification","valueRequired":true,"valueName":"search_term_string"}}],"inLanguage":"es-AR"},{"@type":"Organization","@id":"https:\/\/smartfense.com\/es-ar\/#organization","name":"SMARTFENSE","url":"https:\/\/smartfense.com\/es-ar\/","logo":{"@type":"ImageObject","inLanguage":"es-AR","@id":"https:\/\/smartfense.com\/es-ar\/#\/schema\/logo\/image\/","url":"https:\/\/smartfense.com\/file\/2023\/08\/logo-smartfense-240x40-1.png","contentUrl":"https:\/\/smartfense.com\/file\/2023\/08\/logo-smartfense-240x40-1.png","width":241,"height":40,"caption":"SMARTFENSE"},"image":{"@id":"https:\/\/smartfense.com\/es-ar\/#\/schema\/logo\/image\/"}}]}},"_links":{"self":[{"href":"https:\/\/smartfense.com\/es-ar\/wp-json\/wp\/v2\/pages\/9105","targetHints":{"allow":["GET"]}}],"collection":[{"href":"https:\/\/smartfense.com\/es-ar\/wp-json\/wp\/v2\/pages"}],"about":[{"href":"https:\/\/smartfense.com\/es-ar\/wp-json\/wp\/v2\/types\/page"}],"author":[{"embeddable":true,"href":"https:\/\/smartfense.com\/es-ar\/wp-json\/wp\/v2\/users\/1"}],"replies":[{"embeddable":true,"href":"https:\/\/smartfense.com\/es-ar\/wp-json\/wp\/v2\/comments?post=9105"}],"version-history":[{"count":6,"href":"https:\/\/smartfense.com\/es-ar\/wp-json\/wp\/v2\/pages\/9105\/revisions"}],"predecessor-version":[{"id":33370,"href":"https:\/\/smartfense.com\/es-ar\/wp-json\/wp\/v2\/pages\/9105\/revisions\/33370"}],"up":[{"embeddable":true,"href":"https:\/\/smartfense.com\/es-ar\/wp-json\/wp\/v2\/pages\/9197"}],"wp:featuredmedia":[{"embeddable":true,"href":"https:\/\/smartfense.com\/es-ar\/wp-json\/wp\/v2\/media\/5115"}],"wp:attachment":[{"href":"https:\/\/smartfense.com\/es-ar\/wp-json\/wp\/v2\/media?parent=9105"}],"curies":[{"name":"wp","href":"https:\/\/api.w.org\/{rel}","templated":true}]}}