{"id":9081,"date":"2023-07-27T09:26:43","date_gmt":"2023-07-27T07:26:43","guid":{"rendered":"https:\/\/callidusprolab.com\/smartfense\/sellos-de-confianza\/"},"modified":"2024-09-03T14:14:18","modified_gmt":"2024-09-03T12:14:18","slug":"sellos-de-confianza","status":"publish","type":"page","link":"https:\/\/smartfense.com\/es-ar\/nosotros\/sellos-de-confianza\/","title":{"rendered":"Sellos de Confianza"},"content":{"rendered":"\t\t<div data-elementor-type=\"wp-page\" data-elementor-id=\"9081\" class=\"elementor elementor-9081 elementor-5841\">\n\t\t\t\t<div class=\"elementor-element elementor-element-baf7a35 e-flex e-con-boxed e-con e-parent\" data-id=\"baf7a35\" data-element_type=\"container\">\n\t\t\t\t\t<div class=\"e-con-inner\">\n\t\t<div class=\"elementor-element elementor-element-0acf31b e-con-full e-flex e-con e-child\" data-id=\"0acf31b\" data-element_type=\"container\">\n\t\t\t\t<div class=\"elementor-element elementor-element-d177bc8 elementor-widget elementor-widget-heading bdevs-el heading\" data-id=\"d177bc8\" data-element_type=\"widget\" data-widget_type=\"heading.default\">\n\t\t\t\t<div class=\"elementor-widget-container\">\n\t\t\t\n\n\n \n <div class=\"section__title-wrapper wow fadeInUp2 section-heading p-0\" data-wow-delay=\".3s\">\n\n \n <span class=\"section__pre-title sub-title\">INCIBE<\/span>\n\n \n\n\n <h2 class=\"section__title section-title\">Instituto Nacional de Ciberseguridad, INCIBE<\/h2>\n \n <p>Con la certeza de nuestro diferencial, en junio de 2017 participamos en el Programa de Aceleraci\u00f3n Cybersecurity Ventures del INCIBE. En febrero de 2018 fuimos proclamados ganadores del programa obteniendo el primer lugar, valorando el grado de innovaci\u00f3n y ventaja competitiva, la identificaci\u00f3n del mercado objetivo, el modelo de negocio y escalabilidad, la tracci\u00f3n comercial actual y futura, y la adecuaci\u00f3n del equipo de SMARTFENSE para la consecuci\u00f3n de hitos futuros.<\/p>\n\n \n <\/div>\n\n \n\n \t\t<\/div>\n\t\t\t\t<\/div>\n\t\t\t\t<div class=\"elementor-element elementor-element-da8e1c7 elementor-widget elementor-widget-html\" data-id=\"da8e1c7\" data-element_type=\"widget\" data-widget_type=\"html.default\">\n\t\t\t\t<div class=\"elementor-widget-container\">\n\t\t\t<a href=\"https:\/\/smartfense.com\/es-ar\/2018\/02\/26\/smartfense-ganadora-del-programa-cybersecurity-ventures-de-incibe\/\" class=\"w-btn\" target=\"_blank\">\nConocer m\u00e1s sobre este hito<\/a>\t\t<\/div>\n\t\t\t\t<\/div>\n\t\t\t\t<\/div>\n\t\t<div class=\"elementor-element elementor-element-dae0d6d e-con-full e-flex elementor-invisible e-con e-child\" data-id=\"dae0d6d\" data-element_type=\"container\" data-settings=\"{&quot;animation&quot;:&quot;fadeInRight&quot;}\">\n\t\t\t\t<div class=\"elementor-element elementor-element-a1d5304 elementor-widget elementor-widget-image\" data-id=\"a1d5304\" data-element_type=\"widget\" data-widget_type=\"image.default\">\n\t\t\t\t<div class=\"elementor-widget-container\">\n\t\t\t\t\t\t\t\t\t\t\t\t\t<img fetchpriority=\"high\" decoding=\"async\" width=\"640\" height=\"336\" src=\"https:\/\/smartfense.com\/file\/2023\/08\/incibe-1024x538.jpg\" class=\"attachment-large size-large wp-image-12696\" alt=\"\" srcset=\"https:\/\/smartfense.com\/file\/2023\/08\/incibe-1024x538.jpg 1024w, https:\/\/smartfense.com\/file\/2023\/08\/incibe-300x158.jpg 300w, https:\/\/smartfense.com\/file\/2023\/08\/incibe-768x403.jpg 768w, https:\/\/smartfense.com\/file\/2023\/08\/incibe.jpg 1200w\" sizes=\"(max-width: 640px) 100vw, 640px\" \/>\t\t\t\t\t\t\t\t\t\t\t\t\t<\/div>\n\t\t\t\t<\/div>\n\t\t\t\t<\/div>\n\t\t\t\t\t<\/div>\n\t\t\t\t<\/div>\n\t\t<div class=\"elementor-element elementor-element-40bf01a e-flex e-con-boxed e-con e-parent\" data-id=\"40bf01a\" data-element_type=\"container\" data-settings=\"{&quot;background_background&quot;:&quot;classic&quot;}\">\n\t\t\t\t\t<div class=\"e-con-inner\">\n\t\t<div class=\"elementor-element elementor-element-8e6c788 e-con-full e-flex elementor-invisible e-con e-child\" data-id=\"8e6c788\" data-element_type=\"container\" data-settings=\"{&quot;animation&quot;:&quot;fadeInLeft&quot;}\">\n\t\t\t\t<div class=\"elementor-element elementor-element-275c21d elementor-widget elementor-widget-image\" data-id=\"275c21d\" data-element_type=\"widget\" data-widget_type=\"image.default\">\n\t\t\t\t<div class=\"elementor-widget-container\">\n\t\t\t\t\t\t\t\t\t\t\t\t\t<img decoding=\"async\" width=\"640\" height=\"336\" src=\"https:\/\/smartfense.com\/file\/2023\/09\/oc-ccn-logo-1200-1-1024x538.jpg\" class=\"attachment-large size-large wp-image-14397\" alt=\"\" srcset=\"https:\/\/smartfense.com\/file\/2023\/09\/oc-ccn-logo-1200-1-1024x538.jpg 1024w, https:\/\/smartfense.com\/file\/2023\/09\/oc-ccn-logo-1200-1-300x158.jpg 300w, https:\/\/smartfense.com\/file\/2023\/09\/oc-ccn-logo-1200-1-768x403.jpg 768w, https:\/\/smartfense.com\/file\/2023\/09\/oc-ccn-logo-1200-1.jpg 1200w\" sizes=\"(max-width: 640px) 100vw, 640px\" \/>\t\t\t\t\t\t\t\t\t\t\t\t\t<\/div>\n\t\t\t\t<\/div>\n\t\t\t\t<\/div>\n\t\t<div class=\"elementor-element elementor-element-19d84b6 e-con-full e-flex e-con e-child\" data-id=\"19d84b6\" data-element_type=\"container\">\n\t\t\t\t<div class=\"elementor-element elementor-element-2dc7382 elementor-widget elementor-widget-heading bdevs-el heading\" data-id=\"2dc7382\" data-element_type=\"widget\" data-widget_type=\"heading.default\">\n\t\t\t\t<div class=\"elementor-widget-container\">\n\t\t\t\n\n\n \n <div class=\"section__title-wrapper wow fadeInUp2 section-heading p-0\" data-wow-delay=\".3s\">\n\n \n <span class=\"section__pre-title sub-title\">Centro Criptol\u00f3gico Nacional<\/span>\n\n \n\n\n <h2 class=\"section__title section-title\">Cualificaci\u00f3n del CCN<\/h2>\n \n <p>Como parte de su compromiso para ofrecer los m\u00e1s altos est\u00e1ndares de ciberseguridad de sus productos, SMARTFENSE ha cumplido los requisitos de seguridad exigidos y por ello recibe la cualificaci\u00f3n del CCN para el manejo de informaci\u00f3n sensible en el ENS (Esquema Nacional de Seguridad).\n\n<\/p>\n\n \n <\/div>\n\n \n\n \t\t<\/div>\n\t\t\t\t<\/div>\n\t\t\t\t<div class=\"elementor-element elementor-element-db7f55d elementor-widget elementor-widget-html\" data-id=\"db7f55d\" data-element_type=\"widget\" data-widget_type=\"html.default\">\n\t\t\t\t<div class=\"elementor-widget-container\">\n\t\t\t<a href=\"https:\/\/smartfense.com\/es-ar\/2022\/11\/02\/foco-y-dedicacion-smartfense-consigue-la-cualificacion-del-ccn\/\" class=\"w-btn\" target=\"_blank\">\nConocer m\u00e1s sobre esta Cualificaci\u00f3n<\/a>\t\t<\/div>\n\t\t\t\t<\/div>\n\t\t\t\t<\/div>\n\t\t\t\t\t<\/div>\n\t\t\t\t<\/div>\n\t\t<div class=\"elementor-element elementor-element-79fb6aa e-flex e-con-boxed e-con e-parent\" data-id=\"79fb6aa\" data-element_type=\"container\">\n\t\t\t\t\t<div class=\"e-con-inner\">\n\t\t<div class=\"elementor-element elementor-element-6fbc868 e-con-full e-flex e-con e-child\" data-id=\"6fbc868\" data-element_type=\"container\">\n\t\t\t\t<div class=\"elementor-element elementor-element-1069720 elementor-widget elementor-widget-heading bdevs-el heading\" data-id=\"1069720\" data-element_type=\"widget\" data-widget_type=\"heading.default\">\n\t\t\t\t<div class=\"elementor-widget-container\">\n\t\t\t\n\n\n \n <div class=\"section__title-wrapper wow fadeInUp2 section-heading p-0\" data-wow-delay=\".3s\">\n\n \n <span class=\"section__pre-title sub-title\">Cloud Security Alliance<\/span>\n\n \n\n\n <h2 class=\"section__title section-title\">Cloud Security Alliance<\/h2>\n \n <p>Un servicio en la nube debe garantizar la seguridad de la informaci\u00f3n de sus clientes. Es por eso que en SMARTFENSE formamos parte del programa m\u00e1s potente de la industria para garantizar la seguridad en la nube.<\/p>\n\n \n <\/div>\n\n \n\n \t\t<\/div>\n\t\t\t\t<\/div>\n\t\t\t\t<div class=\"elementor-element elementor-element-ecb1fd3 elementor-widget elementor-widget-html\" data-id=\"ecb1fd3\" data-element_type=\"widget\" data-widget_type=\"html.default\">\n\t\t\t\t<div class=\"elementor-widget-container\">\n\t\t\t<a href=\"https:\/\/cloudsecurityalliance.org\/star\/registry\/defense-balance-sl\" class=\"w-btn\" target=\"_blank\">\nConocer m\u00e1s del Programa<\/a>\t\t<\/div>\n\t\t\t\t<\/div>\n\t\t\t\t<\/div>\n\t\t<div class=\"elementor-element elementor-element-be8b1ee e-con-full e-flex elementor-invisible e-con e-child\" data-id=\"be8b1ee\" data-element_type=\"container\" data-settings=\"{&quot;animation&quot;:&quot;fadeInRight&quot;}\">\n\t\t\t\t<div class=\"elementor-element elementor-element-019010c elementor-widget elementor-widget-image\" data-id=\"019010c\" data-element_type=\"widget\" data-widget_type=\"image.default\">\n\t\t\t\t<div class=\"elementor-widget-container\">\n\t\t\t\t\t\t\t\t\t\t\t\t\t<img decoding=\"async\" width=\"640\" height=\"336\" src=\"https:\/\/smartfense.com\/file\/2023\/07\/csa-1024x538.jpg\" class=\"attachment-large size-large wp-image-5860\" alt=\"\" srcset=\"https:\/\/smartfense.com\/file\/2023\/07\/csa-1024x538.jpg 1024w, https:\/\/smartfense.com\/file\/2023\/07\/csa-300x158.jpg 300w, https:\/\/smartfense.com\/file\/2023\/07\/csa-768x403.jpg 768w, https:\/\/smartfense.com\/file\/2023\/07\/csa.jpg 1200w\" sizes=\"(max-width: 640px) 100vw, 640px\" \/>\t\t\t\t\t\t\t\t\t\t\t\t\t<\/div>\n\t\t\t\t<\/div>\n\t\t\t\t<\/div>\n\t\t\t\t\t<\/div>\n\t\t\t\t<\/div>\n\t\t<div class=\"elementor-element elementor-element-4fbc8a6 e-flex e-con-boxed e-con e-parent\" data-id=\"4fbc8a6\" data-element_type=\"container\" data-settings=\"{&quot;background_background&quot;:&quot;classic&quot;}\">\n\t\t\t\t\t<div class=\"e-con-inner\">\n\t\t<div class=\"elementor-element elementor-element-1c65dce e-con-full e-flex elementor-invisible e-con e-child\" data-id=\"1c65dce\" data-element_type=\"container\" data-settings=\"{&quot;animation&quot;:&quot;fadeInLeft&quot;}\">\n\t\t\t\t<div class=\"elementor-element elementor-element-eb1a01b elementor-widget elementor-widget-image\" data-id=\"eb1a01b\" data-element_type=\"widget\" data-widget_type=\"image.default\">\n\t\t\t\t<div class=\"elementor-widget-container\">\n\t\t\t\t\t\t\t\t\t\t\t\t\t<img loading=\"lazy\" decoding=\"async\" width=\"640\" height=\"336\" src=\"https:\/\/smartfense.com\/file\/2023\/08\/mcafee-trusted-site-1024x538.jpg\" class=\"attachment-large size-large wp-image-12704\" alt=\"\" srcset=\"https:\/\/smartfense.com\/file\/2023\/08\/mcafee-trusted-site-1024x538.jpg 1024w, https:\/\/smartfense.com\/file\/2023\/08\/mcafee-trusted-site-300x158.jpg 300w, https:\/\/smartfense.com\/file\/2023\/08\/mcafee-trusted-site-768x403.jpg 768w, https:\/\/smartfense.com\/file\/2023\/08\/mcafee-trusted-site.jpg 1200w\" sizes=\"(max-width: 640px) 100vw, 640px\" \/>\t\t\t\t\t\t\t\t\t\t\t\t\t<\/div>\n\t\t\t\t<\/div>\n\t\t\t\t<\/div>\n\t\t<div class=\"elementor-element elementor-element-08a267f e-con-full e-flex e-con e-child\" data-id=\"08a267f\" data-element_type=\"container\">\n\t\t\t\t<div class=\"elementor-element elementor-element-6d676fc elementor-widget elementor-widget-heading bdevs-el heading\" data-id=\"6d676fc\" data-element_type=\"widget\" data-widget_type=\"heading.default\">\n\t\t\t\t<div class=\"elementor-widget-container\">\n\t\t\t\n\n\n \n <div class=\"section__title-wrapper wow fadeInUp2 section-heading p-0\" data-wow-delay=\".3s\">\n\n \n <span class=\"section__pre-title sub-title\">McAfee Secure<\/span>\n\n \n\n\n <h2 class=\"section__title section-title\">Certificaci\u00f3n TrustedSite <\/h2>\n \n <p>Despu\u00e9s de analizar de manera exhaustiva el dominio donde se aloja nuestro sitio y nuestra plataforma en busca de malware, virus, ataques de phishing y otras actividades maliciosas, McAfee ha brindado su sello de confianza a SMARTFENSE.<\/p>\n\n \n <\/div>\n\n \n\n \t\t<\/div>\n\t\t\t\t<\/div>\n\t\t\t\t<div class=\"elementor-element elementor-element-fe91e3a elementor-widget elementor-widget-html\" data-id=\"fe91e3a\" data-element_type=\"widget\" data-widget_type=\"html.default\">\n\t\t\t\t<div class=\"elementor-widget-container\">\n\t\t\t<a href=\"https:\/\/www.trustedsite.com\/verify?host=smartfense.com&utm_campaign=mfes_redirect&utm_medium=referral&utm_source=mcafeesecure.com\" class=\"w-btn\" target=\"_blank\">\nVer Sello de Confianza<\/a>\t\t<\/div>\n\t\t\t\t<\/div>\n\t\t\t\t<\/div>\n\t\t\t\t\t<\/div>\n\t\t\t\t<\/div>\n\t\t<div class=\"elementor-element elementor-element-a0b7435 e-flex e-con-boxed e-con e-parent\" data-id=\"a0b7435\" data-element_type=\"container\">\n\t\t\t\t\t<div class=\"e-con-inner\">\n\t\t<div class=\"elementor-element elementor-element-064706a e-con-full e-flex e-con e-child\" data-id=\"064706a\" data-element_type=\"container\">\n\t\t\t\t<div class=\"elementor-element elementor-element-f1bcb6a elementor-widget elementor-widget-heading bdevs-el heading\" data-id=\"f1bcb6a\" data-element_type=\"widget\" data-widget_type=\"heading.default\">\n\t\t\t\t<div class=\"elementor-widget-container\">\n\t\t\t\n\n\n \n <div class=\"section__title-wrapper wow fadeInUp2 section-heading p-0\" data-wow-delay=\".3s\">\n\n \n <span class=\"section__pre-title sub-title\">Ciberseguridad Sostenible<\/span>\n\n \n\n\n <h2 class=\"section__title section-title\">Cyber Green Proof<\/h2>\n \n <p>SMARTFENSE adhiere al Pacto por la Ciberseguridad Sostenible. Este pacto se forj\u00f3 con la conciencia de proteger no solo datos, sino tambi\u00e9n el medio ambiente y la sociedad. se fundamenta en 8 pilares de acci\u00f3n concretos: Gobernanza Responsable, Transparencia y Rendici\u00f3n de Cuentas, Eficiencia Energ\u00e9tica, Econom\u00eda Circular, Gesti\u00f3n de Residuos Electr\u00f3nicos, Colaboraci\u00f3n y Divulgaci\u00f3n, Est\u00e1ndares Sostenibles, Colaboraci\u00f3n en la Cadena de Suministro.<\/p>\n\n \n <\/div>\n\n \n\n \t\t<\/div>\n\t\t\t\t<\/div>\n\t\t\t\t<div class=\"elementor-element elementor-element-59398b5 elementor-widget elementor-widget-html\" data-id=\"59398b5\" data-element_type=\"widget\" data-widget_type=\"html.default\">\n\t\t\t\t<div class=\"elementor-widget-container\">\n\t\t\t<a href=\"https:\/\/www.ismsforum.es\/ciberseguridad-sostenible\/index.php\" class=\"w-btn\" target=\"_blank\">\nConocer m\u00e1s del Programa<\/a>\t\t<\/div>\n\t\t\t\t<\/div>\n\t\t\t\t<\/div>\n\t\t<div class=\"elementor-element elementor-element-6b8e518 e-con-full e-flex elementor-invisible e-con e-child\" data-id=\"6b8e518\" data-element_type=\"container\" data-settings=\"{&quot;animation&quot;:&quot;fadeInRight&quot;}\">\n\t\t\t\t<div class=\"elementor-element elementor-element-eb8997b elementor-widget elementor-widget-image\" data-id=\"eb8997b\" data-element_type=\"widget\" data-widget_type=\"image.default\">\n\t\t\t\t<div class=\"elementor-widget-container\">\n\t\t\t\t\t\t\t\t\t\t\t\t\t<img loading=\"lazy\" decoding=\"async\" width=\"640\" height=\"336\" src=\"https:\/\/smartfense.com\/file\/2023\/10\/cyber-green-proof-1-1024x538.jpg\" class=\"attachment-large size-large wp-image-16438\" alt=\"\" srcset=\"https:\/\/smartfense.com\/file\/2023\/10\/cyber-green-proof-1-1024x538.jpg 1024w, https:\/\/smartfense.com\/file\/2023\/10\/cyber-green-proof-1-300x158.jpg 300w, https:\/\/smartfense.com\/file\/2023\/10\/cyber-green-proof-1-768x403.jpg 768w, https:\/\/smartfense.com\/file\/2023\/10\/cyber-green-proof-1.jpg 1200w\" sizes=\"(max-width: 640px) 100vw, 640px\" \/>\t\t\t\t\t\t\t\t\t\t\t\t\t<\/div>\n\t\t\t\t<\/div>\n\t\t\t\t<\/div>\n\t\t\t\t\t<\/div>\n\t\t\t\t<\/div>\n\t\t\t\t<\/div>\n\t\t","protected":false},"excerpt":{"rendered":"<p>INCIBE Instituto Nacional de Ciberseguridad, INCIBE Con la certeza de nuestro diferencial, en junio de 2017 participamos en el Programa de Aceleraci\u00f3n Cybersecurity Ventures del INCIBE. En febrero de 2018 [&hellip;]<\/p>\n","protected":false},"author":1,"featured_media":17692,"parent":9093,"menu_order":0,"comment_status":"closed","ping_status":"closed","template":"elementor_header_footer","meta":{"_acf_changed":false,"footnotes":""},"class_list":["post-9081","page","type-page","status-publish","has-post-thumbnail","hentry"],"acf":[],"yoast_head":" \n<title>Sellos de Confianza - SMARTFENSE - Concientizaci\u00f3n en ciberseguridad<\/title>\n<meta name=\"description\" content=\"Sellos de confianza obtenidos por SMARTFENSE, alineados con las diferentes pr\u00e1cticas de \u00e9tica y seguridad en internet.\" \/>\n<meta name=\"robots\" content=\"index, follow, max-snippet:-1, max-image-preview:large, max-video-preview:-1\" \/>\n<link rel=\"canonical\" href=\"https:\/\/smartfense.com\/es-ar\/nosotros\/sellos-de-confianza\/\" \/>\n<meta property=\"og:locale\" content=\"es_ES\" \/>\n<meta property=\"og:type\" content=\"article\" \/>\n<meta property=\"og:title\" content=\"Sellos de Confianza - SMARTFENSE - Concientizaci\u00f3n en ciberseguridad\" \/>\n<meta property=\"og:description\" content=\"Sellos de confianza obtenidos por SMARTFENSE, alineados con las diferentes pr\u00e1cticas de \u00e9tica y seguridad en internet.\" \/>\n<meta property=\"og:url\" content=\"https:\/\/smartfense.com\/es-ar\/nosotros\/sellos-de-confianza\/\" \/>\n<meta property=\"og:site_name\" content=\"SMARTFENSE - Concientizaci\u00f3n en ciberseguridad\" \/>\n<meta property=\"article:modified_time\" content=\"2024-09-03T12:14:18+00:00\" \/>\n<meta property=\"og:image\" content=\"https:\/\/smartfense.com\/file\/2023\/11\/smartfense-logo3d.jpg\" \/>\n\t<meta property=\"og:image:width\" content=\"1200\" \/>\n\t<meta property=\"og:image:height\" content=\"630\" \/>\n\t<meta property=\"og:image:type\" content=\"image\/jpeg\" \/>\n<meta name=\"twitter:card\" content=\"summary_large_image\" \/>\n<meta name=\"twitter:label1\" content=\"Tiempo de lectura\" \/>\n\t<meta name=\"twitter:data1\" content=\"3 minutos\" \/>\n<script type=\"application\/ld+json\" class=\"yoast-schema-graph\">{\"@context\":\"https:\\\/\\\/schema.org\",\"@graph\":[{\"@type\":\"WebPage\",\"@id\":\"https:\\\/\\\/smartfense.com\\\/es-ar\\\/nosotros\\\/sellos-de-confianza\\\/\",\"url\":\"https:\\\/\\\/smartfense.com\\\/es-ar\\\/nosotros\\\/sellos-de-confianza\\\/\",\"name\":\"Sellos de Confianza - SMARTFENSE - Concientizaci\u00f3n en ciberseguridad\",\"isPartOf\":{\"@id\":\"https:\\\/\\\/smartfense.com\\\/es-ar\\\/#website\"},\"primaryImageOfPage\":{\"@id\":\"https:\\\/\\\/smartfense.com\\\/es-ar\\\/nosotros\\\/sellos-de-confianza\\\/#primaryimage\"},\"image\":{\"@id\":\"https:\\\/\\\/smartfense.com\\\/es-ar\\\/nosotros\\\/sellos-de-confianza\\\/#primaryimage\"},\"thumbnailUrl\":\"https:\\\/\\\/smartfense.com\\\/wp-content\\\/uploads\\\/2023\\\/11\\\/smartfense-logo3d.jpg\",\"datePublished\":\"2023-07-27T07:26:43+00:00\",\"dateModified\":\"2024-09-03T12:14:18+00:00\",\"description\":\"Sellos de confianza obtenidos por SMARTFENSE, alineados con las diferentes pr\u00e1cticas de \u00e9tica y seguridad en internet.\",\"breadcrumb\":{\"@id\":\"https:\\\/\\\/smartfense.com\\\/es-ar\\\/nosotros\\\/sellos-de-confianza\\\/#breadcrumb\"},\"inLanguage\":\"es-AR\",\"potentialAction\":[{\"@type\":\"ReadAction\",\"target\":[\"https:\\\/\\\/smartfense.com\\\/es-ar\\\/nosotros\\\/sellos-de-confianza\\\/\"]}]},{\"@type\":\"ImageObject\",\"inLanguage\":\"es-AR\",\"@id\":\"https:\\\/\\\/smartfense.com\\\/es-ar\\\/nosotros\\\/sellos-de-confianza\\\/#primaryimage\",\"url\":\"https:\\\/\\\/smartfense.com\\\/wp-content\\\/uploads\\\/2023\\\/11\\\/smartfense-logo3d.jpg\",\"contentUrl\":\"https:\\\/\\\/smartfense.com\\\/wp-content\\\/uploads\\\/2023\\\/11\\\/smartfense-logo3d.jpg\",\"width\":1200,\"height\":630},{\"@type\":\"BreadcrumbList\",\"@id\":\"https:\\\/\\\/smartfense.com\\\/es-ar\\\/nosotros\\\/sellos-de-confianza\\\/#breadcrumb\",\"itemListElement\":[{\"@type\":\"ListItem\",\"position\":1,\"name\":\"Portada\",\"item\":\"https:\\\/\\\/smartfense.com\\\/es-ar\\\/concientizacion-en-ciberseguridad\\\/\"},{\"@type\":\"ListItem\",\"position\":2,\"name\":\"Nosotros\",\"item\":\"https:\\\/\\\/smartfense.com\\\/es-ar\\\/nosotros\\\/\"},{\"@type\":\"ListItem\",\"position\":3,\"name\":\"Sellos de Confianza\"}]},{\"@type\":\"WebSite\",\"@id\":\"https:\\\/\\\/smartfense.com\\\/es-ar\\\/#website\",\"url\":\"https:\\\/\\\/smartfense.com\\\/es-ar\\\/\",\"name\":\"SMARTFENSE - Concienciaci\u00f3n en Ciberseguridad\",\"description\":\"\",\"publisher\":{\"@id\":\"https:\\\/\\\/smartfense.com\\\/es-ar\\\/#organization\"},\"potentialAction\":[{\"@type\":\"SearchAction\",\"target\":{\"@type\":\"EntryPoint\",\"urlTemplate\":\"https:\\\/\\\/smartfense.com\\\/es-ar\\\/?s={search_term_string}\"},\"query-input\":{\"@type\":\"PropertyValueSpecification\",\"valueRequired\":true,\"valueName\":\"search_term_string\"}}],\"inLanguage\":\"es-AR\"},{\"@type\":\"Organization\",\"@id\":\"https:\\\/\\\/smartfense.com\\\/es-ar\\\/#organization\",\"name\":\"SMARTFENSE\",\"url\":\"https:\\\/\\\/smartfense.com\\\/es-ar\\\/\",\"logo\":{\"@type\":\"ImageObject\",\"inLanguage\":\"es-AR\",\"@id\":\"https:\\\/\\\/smartfense.com\\\/es-ar\\\/#\\\/schema\\\/logo\\\/image\\\/\",\"url\":\"https:\\\/\\\/smartfense.com\\\/wp-content\\\/uploads\\\/2023\\\/08\\\/logo-smartfense-240x40-1.png\",\"contentUrl\":\"https:\\\/\\\/smartfense.com\\\/wp-content\\\/uploads\\\/2023\\\/08\\\/logo-smartfense-240x40-1.png\",\"width\":241,\"height\":40,\"caption\":\"SMARTFENSE\"},\"image\":{\"@id\":\"https:\\\/\\\/smartfense.com\\\/es-ar\\\/#\\\/schema\\\/logo\\\/image\\\/\"}}]}<\/script>\n ","yoast_head_json":{"title":"Sellos de Confianza - SMARTFENSE - Concientizaci\u00f3n en ciberseguridad","description":"Sellos de confianza obtenidos por SMARTFENSE, alineados con las diferentes pr\u00e1cticas de \u00e9tica y seguridad en internet.","robots":{"index":"index","follow":"follow","max-snippet":"max-snippet:-1","max-image-preview":"max-image-preview:large","max-video-preview":"max-video-preview:-1"},"canonical":"https:\/\/smartfense.com\/es-ar\/nosotros\/sellos-de-confianza\/","og_locale":"es_ES","og_type":"article","og_title":"Sellos de Confianza - SMARTFENSE - Concientizaci\u00f3n en ciberseguridad","og_description":"Sellos de confianza obtenidos por SMARTFENSE, alineados con las diferentes pr\u00e1cticas de \u00e9tica y seguridad en internet.","og_url":"https:\/\/smartfense.com\/es-ar\/nosotros\/sellos-de-confianza\/","og_site_name":"SMARTFENSE - Concientizaci\u00f3n en ciberseguridad","article_modified_time":"2024-09-03T12:14:18+00:00","og_image":[{"width":1200,"height":630,"url":"https:\/\/smartfense.com\/file\/2023\/11\/smartfense-logo3d.jpg","type":"image\/jpeg"}],"twitter_card":"summary_large_image","twitter_misc":{"Tiempo de lectura":"3 minutos"},"schema":{"@context":"https:\/\/schema.org","@graph":[{"@type":"WebPage","@id":"https:\/\/smartfense.com\/es-ar\/nosotros\/sellos-de-confianza\/","url":"https:\/\/smartfense.com\/es-ar\/nosotros\/sellos-de-confianza\/","name":"Sellos de Confianza - SMARTFENSE - Concientizaci\u00f3n en ciberseguridad","isPartOf":{"@id":"https:\/\/smartfense.com\/es-ar\/#website"},"primaryImageOfPage":{"@id":"https:\/\/smartfense.com\/es-ar\/nosotros\/sellos-de-confianza\/#primaryimage"},"image":{"@id":"https:\/\/smartfense.com\/es-ar\/nosotros\/sellos-de-confianza\/#primaryimage"},"thumbnailUrl":"https:\/\/smartfense.com\/file\/2023\/11\/smartfense-logo3d.jpg","datePublished":"2023-07-27T07:26:43+00:00","dateModified":"2024-09-03T12:14:18+00:00","description":"Sellos de confianza obtenidos por SMARTFENSE, alineados con las diferentes pr\u00e1cticas de \u00e9tica y seguridad en internet.","breadcrumb":{"@id":"https:\/\/smartfense.com\/es-ar\/nosotros\/sellos-de-confianza\/#breadcrumb"},"inLanguage":"es-AR","potentialAction":[{"@type":"ReadAction","target":["https:\/\/smartfense.com\/es-ar\/nosotros\/sellos-de-confianza\/"]}]},{"@type":"ImageObject","inLanguage":"es-AR","@id":"https:\/\/smartfense.com\/es-ar\/nosotros\/sellos-de-confianza\/#primaryimage","url":"https:\/\/smartfense.com\/file\/2023\/11\/smartfense-logo3d.jpg","contentUrl":"https:\/\/smartfense.com\/file\/2023\/11\/smartfense-logo3d.jpg","width":1200,"height":630},{"@type":"BreadcrumbList","@id":"https:\/\/smartfense.com\/es-ar\/nosotros\/sellos-de-confianza\/#breadcrumb","itemListElement":[{"@type":"ListItem","position":1,"name":"Portada","item":"https:\/\/smartfense.com\/es-ar\/concientizacion-en-ciberseguridad\/"},{"@type":"ListItem","position":2,"name":"Nosotros","item":"https:\/\/smartfense.com\/es-ar\/nosotros\/"},{"@type":"ListItem","position":3,"name":"Sellos de Confianza"}]},{"@type":"WebSite","@id":"https:\/\/smartfense.com\/es-ar\/#website","url":"https:\/\/smartfense.com\/es-ar\/","name":"SMARTFENSE - Concienciaci\u00f3n en Ciberseguridad","description":"","publisher":{"@id":"https:\/\/smartfense.com\/es-ar\/#organization"},"potentialAction":[{"@type":"SearchAction","target":{"@type":"EntryPoint","urlTemplate":"https:\/\/smartfense.com\/es-ar\/?s={search_term_string}"},"query-input":{"@type":"PropertyValueSpecification","valueRequired":true,"valueName":"search_term_string"}}],"inLanguage":"es-AR"},{"@type":"Organization","@id":"https:\/\/smartfense.com\/es-ar\/#organization","name":"SMARTFENSE","url":"https:\/\/smartfense.com\/es-ar\/","logo":{"@type":"ImageObject","inLanguage":"es-AR","@id":"https:\/\/smartfense.com\/es-ar\/#\/schema\/logo\/image\/","url":"https:\/\/smartfense.com\/file\/2023\/08\/logo-smartfense-240x40-1.png","contentUrl":"https:\/\/smartfense.com\/file\/2023\/08\/logo-smartfense-240x40-1.png","width":241,"height":40,"caption":"SMARTFENSE"},"image":{"@id":"https:\/\/smartfense.com\/es-ar\/#\/schema\/logo\/image\/"}}]}},"_links":{"self":[{"href":"https:\/\/smartfense.com\/es-ar\/wp-json\/wp\/v2\/pages\/9081","targetHints":{"allow":["GET"]}}],"collection":[{"href":"https:\/\/smartfense.com\/es-ar\/wp-json\/wp\/v2\/pages"}],"about":[{"href":"https:\/\/smartfense.com\/es-ar\/wp-json\/wp\/v2\/types\/page"}],"author":[{"embeddable":true,"href":"https:\/\/smartfense.com\/es-ar\/wp-json\/wp\/v2\/users\/1"}],"replies":[{"embeddable":true,"href":"https:\/\/smartfense.com\/es-ar\/wp-json\/wp\/v2\/comments?post=9081"}],"version-history":[{"count":3,"href":"https:\/\/smartfense.com\/es-ar\/wp-json\/wp\/v2\/pages\/9081\/revisions"}],"predecessor-version":[{"id":28091,"href":"https:\/\/smartfense.com\/es-ar\/wp-json\/wp\/v2\/pages\/9081\/revisions\/28091"}],"up":[{"embeddable":true,"href":"https:\/\/smartfense.com\/es-ar\/wp-json\/wp\/v2\/pages\/9093"}],"wp:featuredmedia":[{"embeddable":true,"href":"https:\/\/smartfense.com\/es-ar\/wp-json\/wp\/v2\/media\/17692"}],"wp:attachment":[{"href":"https:\/\/smartfense.com\/es-ar\/wp-json\/wp\/v2\/media?parent=9081"}],"curies":[{"name":"wp","href":"https:\/\/api.w.org\/{rel}","templated":true}]}}