{"id":9034,"date":"2023-08-07T09:09:01","date_gmt":"2023-08-07T07:09:01","guid":{"rendered":"https:\/\/callidusprolab.com\/smartfense\/gracias-por-usar-la-herramienta-fraude-del-ceo\/"},"modified":"2024-09-18T11:16:37","modified_gmt":"2024-09-18T09:16:37","slug":"gracias","status":"publish","type":"page","link":"https:\/\/smartfense.com\/es-ar\/recursos\/herramientas\/bec\/gracias\/","title":{"rendered":"Gracias por usar la herramienta: Fraude del CEO"},"content":{"rendered":"\t\t<div data-elementor-type=\"wp-page\" data-elementor-id=\"9034\" class=\"elementor elementor-9034 elementor-8211\">\n\t\t\t\t<div class=\"elementor-element elementor-element-aa6d49a e-flex e-con-boxed e-con e-parent\" data-id=\"aa6d49a\" data-element_type=\"container\">\n\t\t\t\t\t<div class=\"e-con-inner\">\n\t\t<div class=\"elementor-element elementor-element-3391124 e-con-full e-flex e-con e-child\" data-id=\"3391124\" data-element_type=\"container\">\n\t\t\t\t<div class=\"elementor-element elementor-element-dfce468 elementor-widget elementor-widget-counter\" data-id=\"dfce468\" data-element_type=\"widget\" data-widget_type=\"counter.default\">\n\t\t\t\t<div class=\"elementor-widget-container\">\n\t\t\t\t\t<div class=\"elementor-counter\">\n\t\t\t<div class=\"elementor-counter-title\">Ejecutando la herramienta<\/div>\t\t\t<div class=\"elementor-counter-number-wrapper\">\n\t\t\t\t<span class=\"elementor-counter-number-prefix\"><\/span>\n\t\t\t\t<span class=\"elementor-counter-number\" data-duration=\"60000\" data-to-value=\"100\" data-from-value=\"0\" data-delimiter=\",\">0<\/span>\n\t\t\t\t<span class=\"elementor-counter-number-suffix\">%<\/span>\n\t\t\t<\/div>\n\t\t<\/div>\n\t\t\t\t<\/div>\n\t\t\t\t<\/div>\n\t\t\t\t<div class=\"elementor-element elementor-element-f5e2f63 elementor-widget elementor-widget-text-editor\" data-id=\"f5e2f63\" data-element_type=\"widget\" data-widget_type=\"text-editor.default\">\n\t\t\t\t<div class=\"elementor-widget-container\">\n\t\t\t\t\t\t\t<p style=\"text-align: center;\"><strong>RECIBIR\u00c1 UN MENSAJE DE EMAIL <br \/>CON EL REPORTE DE FRAUDE DEL CEO. <\/strong><\/p><p style=\"text-align: center;\"><strong>Descubre si existen\u00a0correos electr\u00f3nicos expuestos en fuentes abiertas con el dominio de tu organizaci\u00f3n.<\/strong><\/p>\t\t\t\t\t\t<\/div>\n\t\t\t\t<\/div>\n\t\t\t\t<\/div>\n\t\t<div class=\"elementor-element elementor-element-bf1c5b2 e-con-full e-flex elementor-invisible e-con e-child\" data-id=\"bf1c5b2\" data-element_type=\"container\" data-settings=\"{&quot;animation&quot;:&quot;fadeInRight&quot;}\">\n\t\t\t\t<div class=\"elementor-element elementor-element-a1d5304 elementor-widget elementor-widget-image\" data-id=\"a1d5304\" data-element_type=\"widget\" data-widget_type=\"image.default\">\n\t\t\t\t<div class=\"elementor-widget-container\">\n\t\t\t\t\t\t\t\t\t\t\t\t\t<img fetchpriority=\"high\" decoding=\"async\" width=\"640\" height=\"336\" src=\"https:\/\/smartfense.com\/file\/2023\/08\/fraude-ceo-1200-1024x538.jpg\" class=\"attachment-large size-large wp-image-8367\" alt=\"\" srcset=\"https:\/\/smartfense.com\/file\/2023\/08\/fraude-ceo-1200-1024x538.jpg 1024w, https:\/\/smartfense.com\/file\/2023\/08\/fraude-ceo-1200-300x158.jpg 300w, https:\/\/smartfense.com\/file\/2023\/08\/fraude-ceo-1200-768x403.jpg 768w, https:\/\/smartfense.com\/file\/2023\/08\/fraude-ceo-1200.jpg 1200w\" sizes=\"(max-width: 640px) 100vw, 640px\" \/>\t\t\t\t\t\t\t\t\t\t\t\t\t<\/div>\n\t\t\t\t<\/div>\n\t\t\t\t<\/div>\n\t\t\t\t\t<\/div>\n\t\t\t\t<\/div>\n\t\t<div class=\"elementor-element elementor-element-4fbc8a6 e-flex e-con-boxed e-con e-parent\" data-id=\"4fbc8a6\" data-element_type=\"container\" data-settings=\"{&quot;animation&quot;:&quot;none&quot;}\">\n\t\t\t\t\t<div class=\"e-con-inner\">\n\t\t\t\t<div class=\"elementor-element elementor-element-b289a97 elementor-widget elementor-widget-post_list bdevs-el post_list\" data-id=\"b289a97\" data-element_type=\"widget\" data-widget_type=\"post_list.default\">\n\t\t\t\t<div class=\"elementor-widget-container\">\n\t\t\t\n\n\n <section class=\"blog__area pt-60 pb-60 p-relative\">\n\n\n <div class=\"container\">\n\n <div class=\"row\">\n\n <div class=\"col-12\">\n\n <div class=\"section__title-wrapper section__title-wrapper-2 mb-50 wow fadeInUp2 section-padding section-padding-2 p-0\" data-wow-delay=\".3s\">\n\n \n <span class=\"section__pre-title\">Desde nuestro Blog<\/span>\n\n \n\n\n <h2 class=\"section__title section__title-2 bdevs-el-title\">Quieres saber m\u00e1s sobre el Fraude del CEO?<\/h2>\n \n <\/div>\n\n <\/div>\n\n <\/div>\n\n <div class=\"row\">\n\n \n <div class=\"col-xxl-4 col-xl-4 col-lg-4 col-md-6 wow fadeInUp2\" data-wow-delay=\".3s\">\n\n <div class=\"blog__item white-bg mb-30 bdevselement-post-list\">\n\n \n <div class=\"blog__thumb fix w-img\">\n\n <a href=\"https:\/\/smartfense.com\/es-ar\/blog\/benchmarking-en-security-awareness\/\">\n\n <img decoding=\"async\" src=\"https:\/\/smartfense.com\/file\/2021\/05\/benchmarking-1.jpg\" alt=\"image\">\n\n <\/a>\n\n <\/div>\n\n \n <div class=\"blog__content pt-20\">\n\n \n\n\n <h3 class=\"item_title bdevs-post-title blog__title\"><a href=\"https:\/\/smartfense.com\/es-ar\/blog\/benchmarking-en-security-awareness\/\">Benchmarking en Security Awareness<\/a><\/h3><p>El presente es un art\u00edculo de opini\u00f3n personal sobre el uso de Benchmarking en Security Awareness. En los m\u00e1s de 7 a\u00f1os que llevo trabajando en SMARTFENSE me encontr\u00e9 muchas [&hellip;]\n\n\n \n \n \n\n <\/div>\n\n <\/div>\n\n <\/div>\n\n \n <div class=\"col-xxl-4 col-xl-4 col-lg-4 col-md-6 wow fadeInUp2\" data-wow-delay=\".3s\">\n\n <div class=\"blog__item white-bg mb-30 bdevselement-post-list\">\n\n \n <div class=\"blog__thumb fix w-img\">\n\n <a href=\"https:\/\/smartfense.com\/es-ar\/blog\/estafas-de-inversion-un-ataque-de-ingenieria-social-que-supera-al-bec-en-perdidas-economicas\/\">\n\n <img decoding=\"async\" src=\"https:\/\/smartfense.com\/file\/2023\/08\/bec-estafa-dinero.jpg\" alt=\"image\">\n\n <\/a>\n\n <\/div>\n\n \n <div class=\"blog__content pt-20\">\n\n \n\n\n <h3 class=\"item_title bdevs-post-title blog__title\"><a href=\"https:\/\/smartfense.com\/es-ar\/blog\/estafas-de-inversion-un-ataque-de-ingenieria-social-que-supera-al-bec-en-perdidas-economicas\/\">Estafas de inversi\u00f3n: un ataque de ingenier\u00eda social que supera al BEC en p\u00e9rdidas econ\u00f3micas<\/a><\/h3><p>Si pensamos en estafas\u00a0que provocan grandes p\u00e9rdidas de dinero, lo primero que se nos ocurre son los ataques del tipo BEC. De hecho,\u00a0en el Internet Crime Report del FBI del [&hellip;]\n\n\n \n \n \n\n <\/div>\n\n <\/div>\n\n <\/div>\n\n \n <div class=\"col-xxl-4 col-xl-4 col-lg-4 col-md-6 wow fadeInUp2\" data-wow-delay=\".3s\">\n\n <div class=\"blog__item white-bg mb-30 bdevselement-post-list\">\n\n \n <div class=\"blog__thumb fix w-img\">\n\n <a href=\"https:\/\/smartfense.com\/es-ar\/blog\/ataques-bec-y-eac-cuales-son-las-diferencias-y-como-protegernos\/\">\n\n <img decoding=\"async\" src=\"https:\/\/smartfense.com\/file\/2023\/08\/ataques_BEC_EAC.jpg\" alt=\"image\">\n\n <\/a>\n\n <\/div>\n\n \n <div class=\"blog__content pt-20\">\n\n \n\n\n <h3 class=\"item_title bdevs-post-title blog__title\"><a href=\"https:\/\/smartfense.com\/es-ar\/blog\/ataques-bec-y-eac-cuales-son-las-diferencias-y-como-protegernos\/\">Ataques BEC y EAC: \u00bfCu\u00e1les son las diferencias y c\u00f3mo protegernos?<\/a><\/h3><p>Diferentes, pero no tanto Para empezar, debemos aclarar que los ataques BEC (Business Email Compromise, por sus siglas en ingl\u00e9s) y los ataques EAC (Email Account Compromise) tienen igual objetivo:\u00a0Ganar [&hellip;]\n\n\n \n \n \n\n <\/div>\n\n <\/div>\n\n <\/div>\n\n \n <\/div>\n\n <div class=\"row\">\n\n <div class=\"col-xxl-12 wow fadeInUp2\" data-wow-delay=\".9s\">\n\n <div class=\"blog__more text-center mt-40\">\n\n <a class=\"w-btn w-btn-6 bdevs-btn\" href=\"https:\/\/smartfense.com\/blog\/\" href=\"https:\/\/smartfense.com\/blog\/\">Ir al Blog<\/a>\n <\/div>\n\n <\/div>\n\n <\/div>\n\n <\/div>\n\n <\/section>\n\n\n\n \t\t<\/div>\n\t\t\t\t<\/div>\n\t\t\t\t\t<\/div>\n\t\t\t\t<\/div>\n\t\t\t\t<\/div>\n\t\t","protected":false},"excerpt":{"rendered":"<p>Ejecutando la herramienta 0 % RECIBIR\u00c1 UN MENSAJE DE EMAIL CON EL REPORTE DE FRAUDE DEL CEO. Descubre si existen\u00a0correos electr\u00f3nicos expuestos en fuentes abiertas con el dominio de tu [&hellip;]<\/p>\n","protected":false},"author":1,"featured_media":8367,"parent":9161,"menu_order":0,"comment_status":"closed","ping_status":"closed","template":"elementor_header_footer","meta":{"_acf_changed":false,"footnotes":""},"class_list":["post-9034","page","type-page","status-publish","has-post-thumbnail","hentry"],"acf":[],"yoast_head":" \n<title>Gracias por usar la herramienta: Fraude del CEO - SMARTFENSE - Concientizaci\u00f3n en ciberseguridad<\/title>\n<meta name=\"robots\" content=\"index, follow, max-snippet:-1, max-image-preview:large, max-video-preview:-1\" \/>\n<link rel=\"canonical\" href=\"https:\/\/smartfense.com\/es-ar\/recursos\/herramientas\/bec\/gracias\/\" \/>\n<meta property=\"og:locale\" content=\"es_ES\" \/>\n<meta property=\"og:type\" content=\"article\" \/>\n<meta property=\"og:title\" content=\"Gracias por usar la herramienta: Fraude del CEO - SMARTFENSE - Concientizaci\u00f3n en ciberseguridad\" \/>\n<meta property=\"og:description\" content=\"Ejecutando la herramienta 0 % RECIBIR\u00c1 UN MENSAJE DE EMAIL CON EL REPORTE DE FRAUDE DEL CEO. Descubre si existen\u00a0correos electr\u00f3nicos expuestos en fuentes abiertas con el dominio de tu [&hellip;]\" \/>\n<meta property=\"og:url\" content=\"https:\/\/smartfense.com\/es-ar\/recursos\/herramientas\/bec\/gracias\/\" \/>\n<meta property=\"og:site_name\" content=\"SMARTFENSE - Concientizaci\u00f3n en ciberseguridad\" \/>\n<meta property=\"article:modified_time\" content=\"2024-09-18T09:16:37+00:00\" \/>\n<meta property=\"og:image\" content=\"https:\/\/smartfense.com\/file\/2023\/08\/fraude-ceo-1200.jpg\" \/>\n\t<meta property=\"og:image:width\" content=\"1200\" \/>\n\t<meta property=\"og:image:height\" content=\"630\" \/>\n\t<meta property=\"og:image:type\" content=\"image\/jpeg\" \/>\n<meta name=\"twitter:card\" content=\"summary_large_image\" \/>\n<meta name=\"twitter:label1\" content=\"Tiempo de lectura\" \/>\n\t<meta name=\"twitter:data1\" content=\"2 minutos\" \/>\n<script type=\"application\/ld+json\" class=\"yoast-schema-graph\">{\"@context\":\"https:\\\/\\\/schema.org\",\"@graph\":[{\"@type\":\"WebPage\",\"@id\":\"https:\\\/\\\/smartfense.com\\\/es-ar\\\/recursos\\\/herramientas\\\/bec\\\/gracias\\\/\",\"url\":\"https:\\\/\\\/smartfense.com\\\/es-ar\\\/recursos\\\/herramientas\\\/bec\\\/gracias\\\/\",\"name\":\"Gracias por usar la herramienta: Fraude del CEO - SMARTFENSE - Concientizaci\u00f3n en ciberseguridad\",\"isPartOf\":{\"@id\":\"https:\\\/\\\/smartfense.com\\\/es-ar\\\/#website\"},\"primaryImageOfPage\":{\"@id\":\"https:\\\/\\\/smartfense.com\\\/es-ar\\\/recursos\\\/herramientas\\\/bec\\\/gracias\\\/#primaryimage\"},\"image\":{\"@id\":\"https:\\\/\\\/smartfense.com\\\/es-ar\\\/recursos\\\/herramientas\\\/bec\\\/gracias\\\/#primaryimage\"},\"thumbnailUrl\":\"https:\\\/\\\/smartfense.com\\\/wp-content\\\/uploads\\\/2023\\\/08\\\/fraude-ceo-1200.jpg\",\"datePublished\":\"2023-08-07T07:09:01+00:00\",\"dateModified\":\"2024-09-18T09:16:37+00:00\",\"breadcrumb\":{\"@id\":\"https:\\\/\\\/smartfense.com\\\/es-ar\\\/recursos\\\/herramientas\\\/bec\\\/gracias\\\/#breadcrumb\"},\"inLanguage\":\"es-AR\",\"potentialAction\":[{\"@type\":\"ReadAction\",\"target\":[\"https:\\\/\\\/smartfense.com\\\/es-ar\\\/recursos\\\/herramientas\\\/bec\\\/gracias\\\/\"]}]},{\"@type\":\"ImageObject\",\"inLanguage\":\"es-AR\",\"@id\":\"https:\\\/\\\/smartfense.com\\\/es-ar\\\/recursos\\\/herramientas\\\/bec\\\/gracias\\\/#primaryimage\",\"url\":\"https:\\\/\\\/smartfense.com\\\/wp-content\\\/uploads\\\/2023\\\/08\\\/fraude-ceo-1200.jpg\",\"contentUrl\":\"https:\\\/\\\/smartfense.com\\\/wp-content\\\/uploads\\\/2023\\\/08\\\/fraude-ceo-1200.jpg\",\"width\":1200,\"height\":630},{\"@type\":\"BreadcrumbList\",\"@id\":\"https:\\\/\\\/smartfense.com\\\/es-ar\\\/recursos\\\/herramientas\\\/bec\\\/gracias\\\/#breadcrumb\",\"itemListElement\":[{\"@type\":\"ListItem\",\"position\":1,\"name\":\"Portada\",\"item\":\"https:\\\/\\\/smartfense.com\\\/es-ar\\\/concientizacion-en-ciberseguridad\\\/\"},{\"@type\":\"ListItem\",\"position\":2,\"name\":\"Recursos\",\"item\":\"https:\\\/\\\/smartfense.com\\\/es-ar\\\/recursos\\\/\"},{\"@type\":\"ListItem\",\"position\":3,\"name\":\"Herramientas Gratuitas\",\"item\":\"https:\\\/\\\/smartfense.com\\\/es-ar\\\/recursos\\\/herramientas\\\/\"},{\"@type\":\"ListItem\",\"position\":4,\"name\":\"Fraude del CEO\",\"item\":\"https:\\\/\\\/smartfense.com\\\/es-ar\\\/recursos\\\/herramientas\\\/bec\\\/\"},{\"@type\":\"ListItem\",\"position\":5,\"name\":\"Gracias por usar la herramienta: Fraude del CEO\"}]},{\"@type\":\"WebSite\",\"@id\":\"https:\\\/\\\/smartfense.com\\\/es-ar\\\/#website\",\"url\":\"https:\\\/\\\/smartfense.com\\\/es-ar\\\/\",\"name\":\"SMARTFENSE - Concienciaci\u00f3n en Ciberseguridad\",\"description\":\"\",\"publisher\":{\"@id\":\"https:\\\/\\\/smartfense.com\\\/es-ar\\\/#organization\"},\"potentialAction\":[{\"@type\":\"SearchAction\",\"target\":{\"@type\":\"EntryPoint\",\"urlTemplate\":\"https:\\\/\\\/smartfense.com\\\/es-ar\\\/?s={search_term_string}\"},\"query-input\":{\"@type\":\"PropertyValueSpecification\",\"valueRequired\":true,\"valueName\":\"search_term_string\"}}],\"inLanguage\":\"es-AR\"},{\"@type\":\"Organization\",\"@id\":\"https:\\\/\\\/smartfense.com\\\/es-ar\\\/#organization\",\"name\":\"SMARTFENSE\",\"url\":\"https:\\\/\\\/smartfense.com\\\/es-ar\\\/\",\"logo\":{\"@type\":\"ImageObject\",\"inLanguage\":\"es-AR\",\"@id\":\"https:\\\/\\\/smartfense.com\\\/es-ar\\\/#\\\/schema\\\/logo\\\/image\\\/\",\"url\":\"https:\\\/\\\/smartfense.com\\\/wp-content\\\/uploads\\\/2023\\\/08\\\/logo-smartfense-240x40-1.png\",\"contentUrl\":\"https:\\\/\\\/smartfense.com\\\/wp-content\\\/uploads\\\/2023\\\/08\\\/logo-smartfense-240x40-1.png\",\"width\":241,\"height\":40,\"caption\":\"SMARTFENSE\"},\"image\":{\"@id\":\"https:\\\/\\\/smartfense.com\\\/es-ar\\\/#\\\/schema\\\/logo\\\/image\\\/\"}}]}<\/script>\n ","yoast_head_json":{"title":"Gracias por usar la herramienta: Fraude del CEO - SMARTFENSE - Concientizaci\u00f3n en ciberseguridad","robots":{"index":"index","follow":"follow","max-snippet":"max-snippet:-1","max-image-preview":"max-image-preview:large","max-video-preview":"max-video-preview:-1"},"canonical":"https:\/\/smartfense.com\/es-ar\/recursos\/herramientas\/bec\/gracias\/","og_locale":"es_ES","og_type":"article","og_title":"Gracias por usar la herramienta: Fraude del CEO - SMARTFENSE - Concientizaci\u00f3n en ciberseguridad","og_description":"Ejecutando la herramienta 0 % RECIBIR\u00c1 UN MENSAJE DE EMAIL CON EL REPORTE DE FRAUDE DEL CEO. Descubre si existen\u00a0correos electr\u00f3nicos expuestos en fuentes abiertas con el dominio de tu [&hellip;]","og_url":"https:\/\/smartfense.com\/es-ar\/recursos\/herramientas\/bec\/gracias\/","og_site_name":"SMARTFENSE - Concientizaci\u00f3n en ciberseguridad","article_modified_time":"2024-09-18T09:16:37+00:00","og_image":[{"width":1200,"height":630,"url":"https:\/\/smartfense.com\/file\/2023\/08\/fraude-ceo-1200.jpg","type":"image\/jpeg"}],"twitter_card":"summary_large_image","twitter_misc":{"Tiempo de lectura":"2 minutos"},"schema":{"@context":"https:\/\/schema.org","@graph":[{"@type":"WebPage","@id":"https:\/\/smartfense.com\/es-ar\/recursos\/herramientas\/bec\/gracias\/","url":"https:\/\/smartfense.com\/es-ar\/recursos\/herramientas\/bec\/gracias\/","name":"Gracias por usar la herramienta: Fraude del CEO - SMARTFENSE - Concientizaci\u00f3n en ciberseguridad","isPartOf":{"@id":"https:\/\/smartfense.com\/es-ar\/#website"},"primaryImageOfPage":{"@id":"https:\/\/smartfense.com\/es-ar\/recursos\/herramientas\/bec\/gracias\/#primaryimage"},"image":{"@id":"https:\/\/smartfense.com\/es-ar\/recursos\/herramientas\/bec\/gracias\/#primaryimage"},"thumbnailUrl":"https:\/\/smartfense.com\/file\/2023\/08\/fraude-ceo-1200.jpg","datePublished":"2023-08-07T07:09:01+00:00","dateModified":"2024-09-18T09:16:37+00:00","breadcrumb":{"@id":"https:\/\/smartfense.com\/es-ar\/recursos\/herramientas\/bec\/gracias\/#breadcrumb"},"inLanguage":"es-AR","potentialAction":[{"@type":"ReadAction","target":["https:\/\/smartfense.com\/es-ar\/recursos\/herramientas\/bec\/gracias\/"]}]},{"@type":"ImageObject","inLanguage":"es-AR","@id":"https:\/\/smartfense.com\/es-ar\/recursos\/herramientas\/bec\/gracias\/#primaryimage","url":"https:\/\/smartfense.com\/file\/2023\/08\/fraude-ceo-1200.jpg","contentUrl":"https:\/\/smartfense.com\/file\/2023\/08\/fraude-ceo-1200.jpg","width":1200,"height":630},{"@type":"BreadcrumbList","@id":"https:\/\/smartfense.com\/es-ar\/recursos\/herramientas\/bec\/gracias\/#breadcrumb","itemListElement":[{"@type":"ListItem","position":1,"name":"Portada","item":"https:\/\/smartfense.com\/es-ar\/concientizacion-en-ciberseguridad\/"},{"@type":"ListItem","position":2,"name":"Recursos","item":"https:\/\/smartfense.com\/es-ar\/recursos\/"},{"@type":"ListItem","position":3,"name":"Herramientas Gratuitas","item":"https:\/\/smartfense.com\/es-ar\/recursos\/herramientas\/"},{"@type":"ListItem","position":4,"name":"Fraude del CEO","item":"https:\/\/smartfense.com\/es-ar\/recursos\/herramientas\/bec\/"},{"@type":"ListItem","position":5,"name":"Gracias por usar la herramienta: Fraude del CEO"}]},{"@type":"WebSite","@id":"https:\/\/smartfense.com\/es-ar\/#website","url":"https:\/\/smartfense.com\/es-ar\/","name":"SMARTFENSE - Concienciaci\u00f3n en Ciberseguridad","description":"","publisher":{"@id":"https:\/\/smartfense.com\/es-ar\/#organization"},"potentialAction":[{"@type":"SearchAction","target":{"@type":"EntryPoint","urlTemplate":"https:\/\/smartfense.com\/es-ar\/?s={search_term_string}"},"query-input":{"@type":"PropertyValueSpecification","valueRequired":true,"valueName":"search_term_string"}}],"inLanguage":"es-AR"},{"@type":"Organization","@id":"https:\/\/smartfense.com\/es-ar\/#organization","name":"SMARTFENSE","url":"https:\/\/smartfense.com\/es-ar\/","logo":{"@type":"ImageObject","inLanguage":"es-AR","@id":"https:\/\/smartfense.com\/es-ar\/#\/schema\/logo\/image\/","url":"https:\/\/smartfense.com\/file\/2023\/08\/logo-smartfense-240x40-1.png","contentUrl":"https:\/\/smartfense.com\/file\/2023\/08\/logo-smartfense-240x40-1.png","width":241,"height":40,"caption":"SMARTFENSE"},"image":{"@id":"https:\/\/smartfense.com\/es-ar\/#\/schema\/logo\/image\/"}}]}},"_links":{"self":[{"href":"https:\/\/smartfense.com\/es-ar\/wp-json\/wp\/v2\/pages\/9034","targetHints":{"allow":["GET"]}}],"collection":[{"href":"https:\/\/smartfense.com\/es-ar\/wp-json\/wp\/v2\/pages"}],"about":[{"href":"https:\/\/smartfense.com\/es-ar\/wp-json\/wp\/v2\/types\/page"}],"author":[{"embeddable":true,"href":"https:\/\/smartfense.com\/es-ar\/wp-json\/wp\/v2\/users\/1"}],"replies":[{"embeddable":true,"href":"https:\/\/smartfense.com\/es-ar\/wp-json\/wp\/v2\/comments?post=9034"}],"version-history":[{"count":4,"href":"https:\/\/smartfense.com\/es-ar\/wp-json\/wp\/v2\/pages\/9034\/revisions"}],"predecessor-version":[{"id":29572,"href":"https:\/\/smartfense.com\/es-ar\/wp-json\/wp\/v2\/pages\/9034\/revisions\/29572"}],"up":[{"embeddable":true,"href":"https:\/\/smartfense.com\/es-ar\/wp-json\/wp\/v2\/pages\/9161"}],"wp:featuredmedia":[{"embeddable":true,"href":"https:\/\/smartfense.com\/es-ar\/wp-json\/wp\/v2\/media\/8367"}],"wp:attachment":[{"href":"https:\/\/smartfense.com\/es-ar\/wp-json\/wp\/v2\/media?parent=9034"}],"curies":[{"name":"wp","href":"https:\/\/api.w.org\/{rel}","templated":true}]}}