{"id":8300,"date":"2023-08-08T08:42:43","date_gmt":"2023-08-08T06:42:43","guid":{"rendered":"https:\/\/callidusprolab.com\/smartfense\/?page_id=8300"},"modified":"2024-09-18T11:28:41","modified_gmt":"2024-09-18T09:28:41","slug":"gracias","status":"publish","type":"page","link":"https:\/\/smartfense.com\/es-ar\/recursos\/herramientas\/simulador-de-ransomware\/gracias\/","title":{"rendered":"Gracias por descargar la herramienta: Simulador de Ransomware"},"content":{"rendered":"\t\t<div data-elementor-type=\"wp-page\" data-elementor-id=\"8300\" class=\"elementor elementor-8300 elementor-8298\">\n\t\t\t\t<div class=\"elementor-element elementor-element-baf7a35 e-flex e-con-boxed e-con e-parent\" data-id=\"baf7a35\" data-element_type=\"container\">\n\t\t\t\t\t<div class=\"e-con-inner\">\n\t\t<div class=\"elementor-element elementor-element-0acf31b e-con-full e-flex e-con e-child\" data-id=\"0acf31b\" data-element_type=\"container\">\n\t\t\t\t<div class=\"elementor-element elementor-element-6622698 elementor-widget elementor-widget-text-editor\" data-id=\"6622698\" data-element_type=\"widget\" data-widget_type=\"text-editor.default\">\n\t\t\t\t<div class=\"elementor-widget-container\">\n\t\t\t\t\t\t\t<p>Recibir\u00e1s un mensaje de correo electr\u00f3nico con el link para descargar los archivos.<\/p>\t\t\t\t\t\t<\/div>\n\t\t\t\t<\/div>\n\t\t\t\t<div class=\"elementor-element elementor-element-ea301a2 elementor-widget elementor-widget-text-editor\" data-id=\"ea301a2\" data-element_type=\"widget\" data-widget_type=\"text-editor.default\">\n\t\t\t\t<div class=\"elementor-widget-container\">\n\t\t\t\t\t\t\t<h3>Instructivo de configuraci\u00f3n<\/h3><p>El Simulador de Ransomware es compatible con el sistema operativo Microsoft Windows.<\/p><p>Una vez descargado el archivo .ZIP correspondiente al simulador, descomprima su contenido y ejecute como administrador el archivo llamado\u00a0install.bat. Para esto debe hacer clic derecho sobre el archivo y seleccionar la opci\u00f3n\u00a0<strong>Ejecutar como administrador<\/strong>\u00a0del men\u00fa contextual.<\/p><p>Una vez finalizada la instalaci\u00f3n, podr\u00e1 encontrar un acceso directo al Simulador de Ransomware en su escritorio.<\/p><p>En el proceso de instalaci\u00f3n se crear\u00e1 una carpeta en\u00a0<strong>C:\\smartfense<\/strong>. Dentro de esta carpeta se realizar\u00e1n los intentos de encriptaci\u00f3n de los distintos tipos de Ransomware a simular.<\/p>\t\t\t\t\t\t<\/div>\n\t\t\t\t<\/div>\n\t\t\t\t<\/div>\n\t\t<div class=\"elementor-element elementor-element-dae0d6d e-con-full e-flex elementor-invisible e-con e-child\" data-id=\"dae0d6d\" data-element_type=\"container\" data-settings=\"{&quot;animation&quot;:&quot;fadeInRight&quot;}\">\n\t\t\t\t<div class=\"elementor-element elementor-element-a1d5304 elementor-widget elementor-widget-image\" data-id=\"a1d5304\" data-element_type=\"widget\" data-widget_type=\"image.default\">\n\t\t\t\t<div class=\"elementor-widget-container\">\n\t\t\t\t\t\t\t\t\t\t\t\t\t<img fetchpriority=\"high\" decoding=\"async\" width=\"640\" height=\"336\" src=\"https:\/\/smartfense.com\/file\/2023\/08\/ransomware-1200-1024x538.jpg\" class=\"attachment-large size-large wp-image-8323\" alt=\"\" srcset=\"https:\/\/smartfense.com\/file\/2023\/08\/ransomware-1200-1024x538.jpg 1024w, https:\/\/smartfense.com\/file\/2023\/08\/ransomware-1200-300x158.jpg 300w, https:\/\/smartfense.com\/file\/2023\/08\/ransomware-1200-768x403.jpg 768w, https:\/\/smartfense.com\/file\/2023\/08\/ransomware-1200.jpg 1200w\" sizes=\"(max-width: 640px) 100vw, 640px\" \/>\t\t\t\t\t\t\t\t\t\t\t\t\t<\/div>\n\t\t\t\t<\/div>\n\t\t\t\t<\/div>\n\t\t\t\t\t<\/div>\n\t\t\t\t<\/div>\n\t\t<div class=\"elementor-element elementor-element-4fbc8a6 e-flex e-con-boxed e-con e-parent\" data-id=\"4fbc8a6\" data-element_type=\"container\" data-settings=\"{&quot;animation&quot;:&quot;none&quot;}\">\n\t\t\t\t\t<div class=\"e-con-inner\">\n\t\t\t\t<div class=\"elementor-element elementor-element-b289a97 elementor-widget elementor-widget-post_list bdevs-el post_list\" data-id=\"b289a97\" data-element_type=\"widget\" data-widget_type=\"post_list.default\">\n\t\t\t\t<div class=\"elementor-widget-container\">\n\t\t\t\n\n\n <section class=\"blog__area pt-60 pb-60 p-relative\">\n\n\n <div class=\"container\">\n\n <div class=\"row\">\n\n <div class=\"col-12\">\n\n <div class=\"section__title-wrapper section__title-wrapper-2 mb-50 wow fadeInUp2 section-padding section-padding-2 p-0\" data-wow-delay=\".3s\">\n\n \n <span class=\"section__pre-title\">Desde nuestro Blog<\/span>\n\n \n\n\n <h2 class=\"section__title section__title-2 bdevs-el-title\">Quieres saber m\u00e1s sobre el Ransomware?<\/h2>\n \n <\/div>\n\n <\/div>\n\n <\/div>\n\n <div class=\"row\">\n\n \n <div class=\"col-xxl-4 col-xl-4 col-lg-4 col-md-6 wow fadeInUp2\" data-wow-delay=\".3s\">\n\n <div class=\"blog__item white-bg mb-30 bdevselement-post-list\">\n\n \n <div class=\"blog__thumb fix w-img\">\n\n <a href=\"https:\/\/smartfense.com\/es-ar\/blog\/la-salud-cibernetica-estas-cuidando-lo-que-importa\/\">\n\n <img decoding=\"async\" src=\"https:\/\/smartfense.com\/file\/2024\/12\/saud.jpg\" alt=\"image\">\n\n <\/a>\n\n <\/div>\n\n \n <div class=\"blog__content pt-20\">\n\n \n\n\n <h3 class=\"item_title bdevs-post-title blog__title\"><a href=\"https:\/\/smartfense.com\/es-ar\/blog\/la-salud-cibernetica-estas-cuidando-lo-que-importa\/\">La salud cibern\u00e9tica: \u00bfEst\u00e1s cuidando lo que importa?<\/a><\/h3><p>Imagina que decides dejar de cuidar tu salud. Unos meses sin ejercicio, descuidando tu dieta, y de repente, un chequeo m\u00e9dico revela problemas serios. Este sentimiento de frustraci\u00f3n y preocupaci\u00f3n [&hellip;]\n\n\n \n \n \n\n <\/div>\n\n <\/div>\n\n <\/div>\n\n \n <div class=\"col-xxl-4 col-xl-4 col-lg-4 col-md-6 wow fadeInUp2\" data-wow-delay=\".3s\">\n\n <div class=\"blog__item white-bg mb-30 bdevselement-post-list\">\n\n \n <div class=\"blog__thumb fix w-img\">\n\n <a href=\"https:\/\/smartfense.com\/es-ar\/blog\/manten-alerta-a-tu-equipo-la-importancia-de-repetir-contenidos\/\">\n\n <img decoding=\"async\" src=\"https:\/\/smartfense.com\/file\/2024\/12\/cinturon.jpg\" alt=\"image\">\n\n <\/a>\n\n <\/div>\n\n \n <div class=\"blog__content pt-20\">\n\n \n\n\n <h3 class=\"item_title bdevs-post-title blog__title\"><a href=\"https:\/\/smartfense.com\/es-ar\/blog\/manten-alerta-a-tu-equipo-la-importancia-de-repetir-contenidos\/\">Mant\u00e9n alerta a tu equipo: La importancia de repetir contenidos<\/a><\/h3><p>Vivimos en un mundo saturado de informaci\u00f3n. Correos, redes sociales, notificaciones: el flujo nunca se detiene. Sin embargo, \u00bfcu\u00e1ntas veces recordamos todos los detalles de la informaci\u00f3n que recibimos, incluso [&hellip;]\n\n\n \n \n \n\n <\/div>\n\n <\/div>\n\n <\/div>\n\n \n <div class=\"col-xxl-4 col-xl-4 col-lg-4 col-md-6 wow fadeInUp2\" data-wow-delay=\".3s\">\n\n <div class=\"blog__item white-bg mb-30 bdevselement-post-list\">\n\n \n <div class=\"blog__thumb fix w-img\">\n\n <a href=\"https:\/\/smartfense.com\/es-ar\/blog\/ciberseguridad-sin-pausas-el-poder-de-la-concientizacion-continua\/\">\n\n <img decoding=\"async\" src=\"https:\/\/smartfense.com\/file\/2024\/12\/continuidad2.jpg\" alt=\"image\">\n\n <\/a>\n\n <\/div>\n\n \n <div class=\"blog__content pt-20\">\n\n \n\n\n <h3 class=\"item_title bdevs-post-title blog__title\"><a href=\"https:\/\/smartfense.com\/es-ar\/blog\/ciberseguridad-sin-pausas-el-poder-de-la-concientizacion-continua\/\">Ciberseguridad sin pausas: El poder de la concientizaci\u00f3n continua<\/a><\/h3><p>En el din\u00e1mico panorama de la ciberseguridad, donde las amenazas evolucionan constantemente, mantener un enfoque continuo en la concientizaci\u00f3n no es solo una estrategia: es una necesidad. Las organizaciones l\u00edderes [&hellip;]\n\n\n \n \n \n\n <\/div>\n\n <\/div>\n\n <\/div>\n\n \n <\/div>\n\n <div class=\"row\">\n\n <div class=\"col-xxl-12 wow fadeInUp2\" data-wow-delay=\".9s\">\n\n <div class=\"blog__more text-center mt-40\">\n\n <a class=\"w-btn w-btn-6 bdevs-btn\" href=\"https:\/\/smartfense.com\/blog\/\" href=\"https:\/\/smartfense.com\/blog\/\">Ir al Blog<\/a>\n <\/div>\n\n <\/div>\n\n <\/div>\n\n <\/div>\n\n <\/section>\n\n\n\n \t\t<\/div>\n\t\t\t\t<\/div>\n\t\t\t\t\t<\/div>\n\t\t\t\t<\/div>\n\t\t\t\t<\/div>\n\t\t","protected":false},"excerpt":{"rendered":"<p>Recibir\u00e1s un mensaje de correo electr\u00f3nico con el link para descargar los archivos. Instructivo de configuraci\u00f3n El Simulador de Ransomware es compatible con el sistema operativo Microsoft Windows. Una vez [&hellip;]<\/p>\n","protected":false},"author":1,"featured_media":8323,"parent":9193,"menu_order":0,"comment_status":"closed","ping_status":"closed","template":"elementor_header_footer","meta":{"_acf_changed":false,"footnotes":""},"class_list":["post-8300","page","type-page","status-publish","has-post-thumbnail","hentry"],"acf":[],"yoast_head":" \n<title>Gracias por descargar la herramienta: Simulador de Ransomware - SMARTFENSE - Concientizaci\u00f3n en ciberseguridad<\/title>\n<meta name=\"robots\" content=\"index, follow, max-snippet:-1, max-image-preview:large, max-video-preview:-1\" \/>\n<link rel=\"canonical\" href=\"https:\/\/smartfense.com\/es-ar\/recursos\/herramientas\/simulador-de-ransomware\/gracias\/\" \/>\n<meta property=\"og:locale\" content=\"es_ES\" \/>\n<meta property=\"og:type\" content=\"article\" \/>\n<meta property=\"og:title\" content=\"Gracias por descargar la herramienta: Simulador de Ransomware - SMARTFENSE - Concientizaci\u00f3n en ciberseguridad\" \/>\n<meta property=\"og:description\" content=\"Recibir\u00e1s un mensaje de correo electr\u00f3nico con el link para descargar los archivos. Instructivo de configuraci\u00f3n El Simulador de Ransomware es compatible con el sistema operativo Microsoft Windows. Una vez [&hellip;]\" \/>\n<meta property=\"og:url\" content=\"https:\/\/smartfense.com\/es-ar\/recursos\/herramientas\/simulador-de-ransomware\/gracias\/\" \/>\n<meta property=\"og:site_name\" content=\"SMARTFENSE - Concientizaci\u00f3n en ciberseguridad\" \/>\n<meta property=\"article:modified_time\" content=\"2024-09-18T09:28:41+00:00\" \/>\n<meta property=\"og:image\" content=\"https:\/\/smartfense.com\/file\/2023\/08\/ransomware-1200.jpg\" \/>\n\t<meta property=\"og:image:width\" content=\"1200\" \/>\n\t<meta property=\"og:image:height\" content=\"630\" \/>\n\t<meta property=\"og:image:type\" content=\"image\/jpeg\" \/>\n<meta name=\"twitter:card\" content=\"summary_large_image\" \/>\n<meta name=\"twitter:label1\" content=\"Tiempo de lectura\" \/>\n\t<meta name=\"twitter:data1\" content=\"3 minutos\" \/>\n<script type=\"application\/ld+json\" class=\"yoast-schema-graph\">{\"@context\":\"https:\\\/\\\/schema.org\",\"@graph\":[{\"@type\":\"WebPage\",\"@id\":\"https:\\\/\\\/smartfense.com\\\/es-ar\\\/recursos\\\/herramientas\\\/simulador-de-ransomware\\\/gracias\\\/\",\"url\":\"https:\\\/\\\/smartfense.com\\\/es-ar\\\/recursos\\\/herramientas\\\/simulador-de-ransomware\\\/gracias\\\/\",\"name\":\"Gracias por descargar la herramienta: Simulador de Ransomware - SMARTFENSE - Concientizaci\u00f3n en ciberseguridad\",\"isPartOf\":{\"@id\":\"https:\\\/\\\/smartfense.com\\\/es-ar\\\/#website\"},\"primaryImageOfPage\":{\"@id\":\"https:\\\/\\\/smartfense.com\\\/es-ar\\\/recursos\\\/herramientas\\\/simulador-de-ransomware\\\/gracias\\\/#primaryimage\"},\"image\":{\"@id\":\"https:\\\/\\\/smartfense.com\\\/es-ar\\\/recursos\\\/herramientas\\\/simulador-de-ransomware\\\/gracias\\\/#primaryimage\"},\"thumbnailUrl\":\"https:\\\/\\\/smartfense.com\\\/wp-content\\\/uploads\\\/2023\\\/08\\\/ransomware-1200.jpg\",\"datePublished\":\"2023-08-08T06:42:43+00:00\",\"dateModified\":\"2024-09-18T09:28:41+00:00\",\"breadcrumb\":{\"@id\":\"https:\\\/\\\/smartfense.com\\\/es-ar\\\/recursos\\\/herramientas\\\/simulador-de-ransomware\\\/gracias\\\/#breadcrumb\"},\"inLanguage\":\"es-AR\",\"potentialAction\":[{\"@type\":\"ReadAction\",\"target\":[\"https:\\\/\\\/smartfense.com\\\/es-ar\\\/recursos\\\/herramientas\\\/simulador-de-ransomware\\\/gracias\\\/\"]}]},{\"@type\":\"ImageObject\",\"inLanguage\":\"es-AR\",\"@id\":\"https:\\\/\\\/smartfense.com\\\/es-ar\\\/recursos\\\/herramientas\\\/simulador-de-ransomware\\\/gracias\\\/#primaryimage\",\"url\":\"https:\\\/\\\/smartfense.com\\\/wp-content\\\/uploads\\\/2023\\\/08\\\/ransomware-1200.jpg\",\"contentUrl\":\"https:\\\/\\\/smartfense.com\\\/wp-content\\\/uploads\\\/2023\\\/08\\\/ransomware-1200.jpg\",\"width\":1200,\"height\":630},{\"@type\":\"BreadcrumbList\",\"@id\":\"https:\\\/\\\/smartfense.com\\\/es-ar\\\/recursos\\\/herramientas\\\/simulador-de-ransomware\\\/gracias\\\/#breadcrumb\",\"itemListElement\":[{\"@type\":\"ListItem\",\"position\":1,\"name\":\"Portada\",\"item\":\"https:\\\/\\\/smartfense.com\\\/es-ar\\\/concientizacion-en-ciberseguridad\\\/\"},{\"@type\":\"ListItem\",\"position\":2,\"name\":\"Recursos\",\"item\":\"https:\\\/\\\/smartfense.com\\\/es-ar\\\/recursos\\\/\"},{\"@type\":\"ListItem\",\"position\":3,\"name\":\"Herramientas Gratuitas\",\"item\":\"https:\\\/\\\/smartfense.com\\\/es-ar\\\/recursos\\\/herramientas\\\/\"},{\"@type\":\"ListItem\",\"position\":4,\"name\":\"Simulador de Ransomware\",\"item\":\"https:\\\/\\\/smartfense.com\\\/es-ar\\\/recursos\\\/herramientas\\\/simulador-de-ransomware\\\/\"},{\"@type\":\"ListItem\",\"position\":5,\"name\":\"Gracias por descargar la herramienta: Simulador de Ransomware\"}]},{\"@type\":\"WebSite\",\"@id\":\"https:\\\/\\\/smartfense.com\\\/es-ar\\\/#website\",\"url\":\"https:\\\/\\\/smartfense.com\\\/es-ar\\\/\",\"name\":\"SMARTFENSE - Concienciaci\u00f3n en Ciberseguridad\",\"description\":\"\",\"publisher\":{\"@id\":\"https:\\\/\\\/smartfense.com\\\/es-ar\\\/#organization\"},\"potentialAction\":[{\"@type\":\"SearchAction\",\"target\":{\"@type\":\"EntryPoint\",\"urlTemplate\":\"https:\\\/\\\/smartfense.com\\\/es-ar\\\/?s={search_term_string}\"},\"query-input\":{\"@type\":\"PropertyValueSpecification\",\"valueRequired\":true,\"valueName\":\"search_term_string\"}}],\"inLanguage\":\"es-AR\"},{\"@type\":\"Organization\",\"@id\":\"https:\\\/\\\/smartfense.com\\\/es-ar\\\/#organization\",\"name\":\"SMARTFENSE\",\"url\":\"https:\\\/\\\/smartfense.com\\\/es-ar\\\/\",\"logo\":{\"@type\":\"ImageObject\",\"inLanguage\":\"es-AR\",\"@id\":\"https:\\\/\\\/smartfense.com\\\/es-ar\\\/#\\\/schema\\\/logo\\\/image\\\/\",\"url\":\"https:\\\/\\\/smartfense.com\\\/wp-content\\\/uploads\\\/2023\\\/08\\\/logo-smartfense-240x40-1.png\",\"contentUrl\":\"https:\\\/\\\/smartfense.com\\\/wp-content\\\/uploads\\\/2023\\\/08\\\/logo-smartfense-240x40-1.png\",\"width\":241,\"height\":40,\"caption\":\"SMARTFENSE\"},\"image\":{\"@id\":\"https:\\\/\\\/smartfense.com\\\/es-ar\\\/#\\\/schema\\\/logo\\\/image\\\/\"}}]}<\/script>\n ","yoast_head_json":{"title":"Gracias por descargar la herramienta: Simulador de Ransomware - SMARTFENSE - Concientizaci\u00f3n en ciberseguridad","robots":{"index":"index","follow":"follow","max-snippet":"max-snippet:-1","max-image-preview":"max-image-preview:large","max-video-preview":"max-video-preview:-1"},"canonical":"https:\/\/smartfense.com\/es-ar\/recursos\/herramientas\/simulador-de-ransomware\/gracias\/","og_locale":"es_ES","og_type":"article","og_title":"Gracias por descargar la herramienta: Simulador de Ransomware - SMARTFENSE - Concientizaci\u00f3n en ciberseguridad","og_description":"Recibir\u00e1s un mensaje de correo electr\u00f3nico con el link para descargar los archivos. Instructivo de configuraci\u00f3n El Simulador de Ransomware es compatible con el sistema operativo Microsoft Windows. Una vez [&hellip;]","og_url":"https:\/\/smartfense.com\/es-ar\/recursos\/herramientas\/simulador-de-ransomware\/gracias\/","og_site_name":"SMARTFENSE - Concientizaci\u00f3n en ciberseguridad","article_modified_time":"2024-09-18T09:28:41+00:00","og_image":[{"width":1200,"height":630,"url":"https:\/\/smartfense.com\/file\/2023\/08\/ransomware-1200.jpg","type":"image\/jpeg"}],"twitter_card":"summary_large_image","twitter_misc":{"Tiempo de lectura":"3 minutos"},"schema":{"@context":"https:\/\/schema.org","@graph":[{"@type":"WebPage","@id":"https:\/\/smartfense.com\/es-ar\/recursos\/herramientas\/simulador-de-ransomware\/gracias\/","url":"https:\/\/smartfense.com\/es-ar\/recursos\/herramientas\/simulador-de-ransomware\/gracias\/","name":"Gracias por descargar la herramienta: Simulador de Ransomware - SMARTFENSE - Concientizaci\u00f3n en ciberseguridad","isPartOf":{"@id":"https:\/\/smartfense.com\/es-ar\/#website"},"primaryImageOfPage":{"@id":"https:\/\/smartfense.com\/es-ar\/recursos\/herramientas\/simulador-de-ransomware\/gracias\/#primaryimage"},"image":{"@id":"https:\/\/smartfense.com\/es-ar\/recursos\/herramientas\/simulador-de-ransomware\/gracias\/#primaryimage"},"thumbnailUrl":"https:\/\/smartfense.com\/file\/2023\/08\/ransomware-1200.jpg","datePublished":"2023-08-08T06:42:43+00:00","dateModified":"2024-09-18T09:28:41+00:00","breadcrumb":{"@id":"https:\/\/smartfense.com\/es-ar\/recursos\/herramientas\/simulador-de-ransomware\/gracias\/#breadcrumb"},"inLanguage":"es-AR","potentialAction":[{"@type":"ReadAction","target":["https:\/\/smartfense.com\/es-ar\/recursos\/herramientas\/simulador-de-ransomware\/gracias\/"]}]},{"@type":"ImageObject","inLanguage":"es-AR","@id":"https:\/\/smartfense.com\/es-ar\/recursos\/herramientas\/simulador-de-ransomware\/gracias\/#primaryimage","url":"https:\/\/smartfense.com\/file\/2023\/08\/ransomware-1200.jpg","contentUrl":"https:\/\/smartfense.com\/file\/2023\/08\/ransomware-1200.jpg","width":1200,"height":630},{"@type":"BreadcrumbList","@id":"https:\/\/smartfense.com\/es-ar\/recursos\/herramientas\/simulador-de-ransomware\/gracias\/#breadcrumb","itemListElement":[{"@type":"ListItem","position":1,"name":"Portada","item":"https:\/\/smartfense.com\/es-ar\/concientizacion-en-ciberseguridad\/"},{"@type":"ListItem","position":2,"name":"Recursos","item":"https:\/\/smartfense.com\/es-ar\/recursos\/"},{"@type":"ListItem","position":3,"name":"Herramientas Gratuitas","item":"https:\/\/smartfense.com\/es-ar\/recursos\/herramientas\/"},{"@type":"ListItem","position":4,"name":"Simulador de Ransomware","item":"https:\/\/smartfense.com\/es-ar\/recursos\/herramientas\/simulador-de-ransomware\/"},{"@type":"ListItem","position":5,"name":"Gracias por descargar la herramienta: Simulador de Ransomware"}]},{"@type":"WebSite","@id":"https:\/\/smartfense.com\/es-ar\/#website","url":"https:\/\/smartfense.com\/es-ar\/","name":"SMARTFENSE - Concienciaci\u00f3n en Ciberseguridad","description":"","publisher":{"@id":"https:\/\/smartfense.com\/es-ar\/#organization"},"potentialAction":[{"@type":"SearchAction","target":{"@type":"EntryPoint","urlTemplate":"https:\/\/smartfense.com\/es-ar\/?s={search_term_string}"},"query-input":{"@type":"PropertyValueSpecification","valueRequired":true,"valueName":"search_term_string"}}],"inLanguage":"es-AR"},{"@type":"Organization","@id":"https:\/\/smartfense.com\/es-ar\/#organization","name":"SMARTFENSE","url":"https:\/\/smartfense.com\/es-ar\/","logo":{"@type":"ImageObject","inLanguage":"es-AR","@id":"https:\/\/smartfense.com\/es-ar\/#\/schema\/logo\/image\/","url":"https:\/\/smartfense.com\/file\/2023\/08\/logo-smartfense-240x40-1.png","contentUrl":"https:\/\/smartfense.com\/file\/2023\/08\/logo-smartfense-240x40-1.png","width":241,"height":40,"caption":"SMARTFENSE"},"image":{"@id":"https:\/\/smartfense.com\/es-ar\/#\/schema\/logo\/image\/"}}]}},"_links":{"self":[{"href":"https:\/\/smartfense.com\/es-ar\/wp-json\/wp\/v2\/pages\/8300","targetHints":{"allow":["GET"]}}],"collection":[{"href":"https:\/\/smartfense.com\/es-ar\/wp-json\/wp\/v2\/pages"}],"about":[{"href":"https:\/\/smartfense.com\/es-ar\/wp-json\/wp\/v2\/types\/page"}],"author":[{"embeddable":true,"href":"https:\/\/smartfense.com\/es-ar\/wp-json\/wp\/v2\/users\/1"}],"replies":[{"embeddable":true,"href":"https:\/\/smartfense.com\/es-ar\/wp-json\/wp\/v2\/comments?post=8300"}],"version-history":[{"count":5,"href":"https:\/\/smartfense.com\/es-ar\/wp-json\/wp\/v2\/pages\/8300\/revisions"}],"predecessor-version":[{"id":29644,"href":"https:\/\/smartfense.com\/es-ar\/wp-json\/wp\/v2\/pages\/8300\/revisions\/29644"}],"up":[{"embeddable":true,"href":"https:\/\/smartfense.com\/es-ar\/wp-json\/wp\/v2\/pages\/9193"}],"wp:featuredmedia":[{"embeddable":true,"href":"https:\/\/smartfense.com\/es-ar\/wp-json\/wp\/v2\/media\/8323"}],"wp:attachment":[{"href":"https:\/\/smartfense.com\/es-ar\/wp-json\/wp\/v2\/media?parent=8300"}],"curies":[{"name":"wp","href":"https:\/\/api.w.org\/{rel}","templated":true}]}}