{"id":40328,"date":"2026-02-26T15:16:48","date_gmt":"2026-02-26T14:16:48","guid":{"rendered":"https:\/\/smartfense.com\/?page_id=40328"},"modified":"2026-02-27T10:48:35","modified_gmt":"2026-02-27T09:48:35","slug":"checklist-integral-de-preparacion-para-equipos-de-ciberseguridad","status":"publish","type":"page","link":"https:\/\/smartfense.com\/es-ar\/landing\/checklist-integral-de-preparacion-para-equipos-de-ciberseguridad\/","title":{"rendered":"Checklist integral de preparacio\u0301n para equipos de ciberseguridad"},"content":{"rendered":"\t\t<div data-elementor-type=\"wp-page\" data-elementor-id=\"40328\" class=\"elementor elementor-40328 elementor-40326\">\n\t\t\t\t<div class=\"elementor-element elementor-element-b26443c e-flex e-con-boxed e-con e-parent\" data-id=\"b26443c\" data-element_type=\"container\">\n\t\t\t\t\t<div class=\"e-con-inner\">\n\t\t<div class=\"elementor-element elementor-element-6000558 e-flex e-con-boxed e-con e-child\" data-id=\"6000558\" data-element_type=\"container\">\n\t\t\t\t\t<div class=\"e-con-inner\">\n\t\t\t\t<div class=\"elementor-element elementor-element-a9a4cef elementor-widget elementor-widget-heading bdevs-el heading\" data-id=\"a9a4cef\" data-element_type=\"widget\" data-widget_type=\"heading.default\">\n\t\t\t\t<div class=\"elementor-widget-container\">\n\t\t\t\n\n\n \n <div class=\"section__title-wrapper wow fadeInUp2 section-heading p-0\" data-wow-delay=\".3s\">\n\n \n\n\n <h2 class=\"section__title section-title\">Descarga el checklist, compl\u00e9talo y descubre el nivel de riesgo de tu organizaci\u00f3n\n<\/h2>\n \n <p>A diferencia de un an\u00e1lisis t\u00e9cnico tradicional, este recurso propone un\n<b>checklist integral<\/b> que abarca desde la estrategia corporativa y la\ndetecci\u00f3n de comportamientos an\u00f3malos hasta la protecci\u00f3n de\nidentidades.<\/p>\n\n \n <\/div>\n\n \n\n \t\t<\/div>\n\t\t\t\t<\/div>\n\t\t\t\t<div class=\"elementor-element elementor-element-31c72ac elementor-widget elementor-widget-text-editor\" data-id=\"31c72ac\" data-element_type=\"widget\" data-widget_type=\"text-editor.default\">\n\t\t\t\t<div class=\"elementor-widget-container\">\n\t\t\t\t\t\t\t<div id=\"quform-ac3587\" class=\"quform quform-62 quform-support-page-caching\"><form id=\"quform-form-ac3587\" class=\"quform-form quform-form-62\" action=\"\/es-ar\/wp-json\/wp\/v2\/pages\/40328#quform-ac3587\" method=\"post\" enctype=\"multipart\/form-data\" novalidate=\"novalidate\" data-options=\"{&quot;id&quot;:62,&quot;uniqueId&quot;:&quot;ac3587&quot;,&quot;theme&quot;:&quot;&quot;,&quot;ajax&quot;:true,&quot;logic&quot;:{&quot;logic&quot;:[],&quot;dependents&quot;:[],&quot;elementIds&quot;:[],&quot;dependentElementIds&quot;:[],&quot;animate&quot;:true},&quot;currentPageId&quot;:1,&quot;errorsIcon&quot;:&quot;&quot;,&quot;updateFancybox&quot;:true,&quot;hasPages&quot;:false,&quot;pages&quot;:[1],&quot;pageProgressType&quot;:&quot;numbers&quot;,&quot;tooltipsEnabled&quot;:true,&quot;tooltipClasses&quot;:&quot;qtip-quform-dark qtip-shadow&quot;,&quot;tooltipMy&quot;:&quot;left center&quot;,&quot;tooltipAt&quot;:&quot;right center&quot;,&quot;isRtl&quot;:false,&quot;scrollOffset&quot;:-50,&quot;scrollSpeed&quot;:800}\"><button class=\"quform-default-submit\" name=\"quform_submit\" type=\"submit\" value=\"submit\" aria-hidden=\"true\" tabindex=\"-1\"><\/button><div class=\"quform-form-inner quform-form-inner-62\"><input type=\"hidden\" name=\"quform_form_id\" value=\"62\" \/><input type=\"hidden\" name=\"quform_form_uid\" value=\"ac3587\" \/><input type=\"hidden\" name=\"quform_count\" value=\"1\" \/><input type=\"hidden\" name=\"form_url\" value=\"https:\/\/smartfense.com\/es-ar\/wp-json\/wp\/v2\/pages\/40328\" \/><input type=\"hidden\" name=\"referring_url\" value=\"\" \/><input type=\"hidden\" name=\"post_id\" value=\"\" \/><input type=\"hidden\" name=\"post_title\" value=\"\" \/><input type=\"hidden\" name=\"quform_current_page_id\" value=\"1\" \/><input type=\"hidden\" name=\"quform_csrf_token\" value=\"6p0uQ065qV4N51Sx9FxuWuTeNrp0IomRq7NpobxV\" \/><div class=\"quform-elements quform-elements-62 quform-cf quform-responsive-elements-phone-portrait\"><div class=\"quform-element quform-element-page quform-page-1 quform-page-62_1 quform-cf quform-group-style-plain quform-first-page quform-last-page quform-current-page\"><div class=\"quform-child-elements\"><div class=\"quform-element quform-element-name quform-element-62_4 quform-cf quform-element-required\"><div class=\"quform-spacer\"><div class=\"quform-label quform-label-62_4\"><span class=\"quform-label-icon\"><i class=\"fa fa-user\"><\/i><\/span><label class=\"quform-label-text\" id=\"quform_62_4_ac3587_label\">Nombre y Apellido<span class=\"quform-required\">*<\/span><\/label><\/div><div class=\"quform-inner quform-inner-name quform-inner-62_4\"><div class=\"quform-input quform-input-name quform-input-62_4 quform-cf\"><div class=\"quform-element-row quform-1-columns quform-element-row-size-fixed quform-responsive-columns-phone-portrait\"><div class=\"quform-element-column\"><div class=\"quform-element quform-element-text quform-element-62_4_4 quform-cf quform-element-required\"><div class=\"quform-spacer\"><div class=\"quform-inner quform-inner-text quform-inner-62_4_4\"><div class=\"quform-input quform-input-text quform-input-62_4_4 quform-cf\"><input type=\"text\" id=\"quform_62_4_4_ac3587\" name=\"quform_62_4[4]\" class=\"quform-field quform-field-text quform-field-62_4_4\" aria-labelledby=\"quform_62_4_ac3587_label\" \/><\/div><\/div><\/div><\/div><\/div><\/div><\/div><\/div><\/div><\/div><div class=\"quform-element quform-element-email quform-element-62_5 quform-cf quform-element-required\"><div class=\"quform-spacer\"><div class=\"quform-label quform-label-62_5\"><span class=\"quform-label-icon\"><i class=\"fa fa-envelope\"><\/i><\/span><label class=\"quform-label-text\" for=\"quform_62_5_ac3587\">Correo electr\u00f3nico<span class=\"quform-required\">*<\/span><\/label><\/div><div class=\"quform-inner quform-inner-email quform-inner-62_5\"><div class=\"quform-input quform-input-email quform-input-62_5 quform-cf\"><input type=\"email\" id=\"quform_62_5_ac3587\" name=\"quform_62_5\" class=\"quform-field quform-field-email quform-field-62_5\" \/><\/div><\/div><\/div><\/div><div class=\"quform-element quform-element-checkbox quform-element-62_28 quform-cf quform-element-required\"><div class=\"quform-spacer\"><div class=\"quform-inner quform-inner-checkbox quform-inner-62_28\"><div class=\"quform-input quform-input-checkbox quform-input-62_28 quform-cf\"><div class=\"quform-options quform-cf quform-options-block quform-options-simple\"><div class=\"quform-option\"><input type=\"checkbox\" name=\"quform_62_28[]\" id=\"quform_62_28_ac3587_1\" class=\"quform-field quform-field-checkbox quform-field-62_28 quform-field-62_28_1\" value=\"He le\u00eddo, comprendo y acepto la &lt;a href=&quot;https:\/\/callidusprolab.com\/smartfense\/politica-de-privacidad\/&quot; target=&quot;_blank&quot;&gt;pol\u00edtica de privacidad&lt;\/a&gt;\" \/><label for=\"quform_62_28_ac3587_1\" class=\"quform-option-label quform-option-label-62_28_1\"><span class=\"quform-option-text\">He le\u00eddo, comprendo y acepto la <a href=\"https:\/\/callidusprolab.com\/smartfense\/politica-de-privacidad\/\" target=\"_blank\">pol\u00edtica de privacidad<\/a><\/span><\/label><\/div><\/div><\/div><\/div><\/div><\/div><div class=\"quform-element quform-element-submit quform-element-62_2 quform-cf quform-button-style-hollow-rounded quform-button-width-full\"><div class=\"quform-button-submit quform-button-submit-default quform-button-submit-62_2 quform-button-icon-right\" data-animation=\"one\"><button name=\"quform_submit\" type=\"submit\" class=\"quform-submit\" value=\"submit\"><span class=\"quform-button-text quform-button-submit-text\">Descargar<\/span><span class=\"quform-button-icon quform-button-submit-icon\"><i class=\"qicon-send\"><\/i><\/span><\/button><\/div><\/div><div class=\"quform-element-tree\"><label for=\"quform_62_0_ac3587\">This field should be left blank<\/label><input type=\"text\" id=\"quform_62_0_ac3587\" name=\"quform_62_0\" class=\"quform-field quform-field-tree quform-field-62_0\" tabindex=\"-1\" autocomplete=\"off\" \/><\/div><\/div><\/div><\/div><\/div><\/form><\/div>\t\t\t\t\t\t<\/div>\n\t\t\t\t<\/div>\n\t\t\t\t\t<\/div>\n\t\t\t\t<\/div>\n\t\t<div class=\"elementor-element elementor-element-f6495e7 e-flex e-con-boxed elementor-invisible e-con e-child\" data-id=\"f6495e7\" data-element_type=\"container\" data-settings=\"{&quot;animation&quot;:&quot;fadeInRight&quot;}\">\n\t\t\t\t\t<div class=\"e-con-inner\">\n\t\t\t\t<div class=\"elementor-element elementor-element-4923d42 elementor-widget elementor-widget-image\" data-id=\"4923d42\" data-element_type=\"widget\" data-widget_type=\"image.default\">\n\t\t\t\t<div class=\"elementor-widget-container\">\n\t\t\t\t\t\t\t\t\t\t\t\t\t<img fetchpriority=\"high\" decoding=\"async\" width=\"640\" height=\"480\" src=\"https:\/\/smartfense.com\/file\/2026\/02\/3d-illustration-pen-putting-blue-ticks-paper.jpg\" class=\"attachment-large size-large wp-image-40335\" alt=\"\" srcset=\"https:\/\/smartfense.com\/file\/2026\/02\/3d-illustration-pen-putting-blue-ticks-paper.jpg 1000w, https:\/\/smartfense.com\/file\/2026\/02\/3d-illustration-pen-putting-blue-ticks-paper-300x225.jpg 300w, https:\/\/smartfense.com\/file\/2026\/02\/3d-illustration-pen-putting-blue-ticks-paper-768x576.jpg 768w\" sizes=\"(max-width: 640px) 100vw, 640px\" \/>\t\t\t\t\t\t\t\t\t\t\t\t\t<\/div>\n\t\t\t\t<\/div>\n\t\t\t\t\t<\/div>\n\t\t\t\t<\/div>\n\t\t\t\t\t<\/div>\n\t\t\t\t<\/div>\n\t\t\t\t<\/div>\n\t\t","protected":false},"excerpt":{"rendered":"<p>Descarga el checklist, compl\u00e9talo y descubre el nivel de riesgo de tu organizaci\u00f3n A diferencia de un an\u00e1lisis t\u00e9cnico tradicional, este recurso propone un checklist integral que abarca desde la [&hellip;]<\/p>\n","protected":false},"author":14,"featured_media":40335,"parent":10071,"menu_order":0,"comment_status":"closed","ping_status":"closed","template":"elementor_header_footer","meta":{"_acf_changed":false,"footnotes":""},"class_list":["post-40328","page","type-page","status-publish","has-post-thumbnail","hentry"],"acf":[],"yoast_head":" \n<title>Checklist integral de preparacio\u0301n para equipos de ciberseguridad - SMARTFENSE - Concientizaci\u00f3n en ciberseguridad<\/title>\n<meta name=\"description\" content=\"Este documento presenta una gu\u00eda de evaluaci\u00f3n exhaustiva dise\u00f1ada para que las organizaciones midan su capacidad de respuesta ante el Account Takeover (ATO).\" \/>\n<meta name=\"robots\" content=\"index, follow, max-snippet:-1, max-image-preview:large, max-video-preview:-1\" \/>\n<link rel=\"canonical\" href=\"https:\/\/smartfense.com\/es-ar\/landing\/checklist-integral-de-preparacion-para-equipos-de-ciberseguridad\/\" \/>\n<meta property=\"og:locale\" content=\"es_ES\" \/>\n<meta property=\"og:type\" content=\"article\" \/>\n<meta property=\"og:title\" content=\"Checklist integral de preparacio\u0301n para equipos de ciberseguridad - SMARTFENSE - Concientizaci\u00f3n en ciberseguridad\" \/>\n<meta property=\"og:description\" content=\"Este documento presenta una gu\u00eda de evaluaci\u00f3n exhaustiva dise\u00f1ada para que las organizaciones midan su capacidad de respuesta ante el Account Takeover (ATO).\" \/>\n<meta property=\"og:url\" content=\"https:\/\/smartfense.com\/es-ar\/landing\/checklist-integral-de-preparacion-para-equipos-de-ciberseguridad\/\" \/>\n<meta property=\"og:site_name\" content=\"SMARTFENSE - Concientizaci\u00f3n en ciberseguridad\" \/>\n<meta property=\"article:modified_time\" content=\"2026-02-27T09:48:35+00:00\" \/>\n<meta property=\"og:image\" content=\"https:\/\/smartfense.com\/file\/2026\/02\/3d-illustration-pen-putting-blue-ticks-paper.jpg\" \/>\n\t<meta property=\"og:image:width\" content=\"1000\" \/>\n\t<meta property=\"og:image:height\" content=\"750\" \/>\n\t<meta property=\"og:image:type\" content=\"image\/jpeg\" \/>\n<meta name=\"twitter:card\" content=\"summary_large_image\" \/>\n<meta name=\"twitter:label1\" content=\"Tiempo de lectura\" \/>\n\t<meta name=\"twitter:data1\" content=\"1 minuto\" \/>\n<script type=\"application\/ld+json\" class=\"yoast-schema-graph\">{\"@context\":\"https:\\\/\\\/schema.org\",\"@graph\":[{\"@type\":\"WebPage\",\"@id\":\"https:\\\/\\\/smartfense.com\\\/es-ar\\\/landing\\\/checklist-integral-de-preparacion-para-equipos-de-ciberseguridad\\\/\",\"url\":\"https:\\\/\\\/smartfense.com\\\/es-ar\\\/landing\\\/checklist-integral-de-preparacion-para-equipos-de-ciberseguridad\\\/\",\"name\":\"Checklist integral de preparacio\u0301n para equipos de ciberseguridad - SMARTFENSE - Concientizaci\u00f3n en ciberseguridad\",\"isPartOf\":{\"@id\":\"https:\\\/\\\/smartfense.com\\\/es-ar\\\/#website\"},\"primaryImageOfPage\":{\"@id\":\"https:\\\/\\\/smartfense.com\\\/es-ar\\\/landing\\\/checklist-integral-de-preparacion-para-equipos-de-ciberseguridad\\\/#primaryimage\"},\"image\":{\"@id\":\"https:\\\/\\\/smartfense.com\\\/es-ar\\\/landing\\\/checklist-integral-de-preparacion-para-equipos-de-ciberseguridad\\\/#primaryimage\"},\"thumbnailUrl\":\"https:\\\/\\\/smartfense.com\\\/wp-content\\\/uploads\\\/2026\\\/02\\\/3d-illustration-pen-putting-blue-ticks-paper.jpg\",\"datePublished\":\"2026-02-26T14:16:48+00:00\",\"dateModified\":\"2026-02-27T09:48:35+00:00\",\"description\":\"Este documento presenta una gu\u00eda de evaluaci\u00f3n exhaustiva dise\u00f1ada para que las organizaciones midan su capacidad de respuesta ante el Account Takeover (ATO).\",\"breadcrumb\":{\"@id\":\"https:\\\/\\\/smartfense.com\\\/es-ar\\\/landing\\\/checklist-integral-de-preparacion-para-equipos-de-ciberseguridad\\\/#breadcrumb\"},\"inLanguage\":\"es-AR\",\"potentialAction\":[{\"@type\":\"ReadAction\",\"target\":[\"https:\\\/\\\/smartfense.com\\\/es-ar\\\/landing\\\/checklist-integral-de-preparacion-para-equipos-de-ciberseguridad\\\/\"]}]},{\"@type\":\"ImageObject\",\"inLanguage\":\"es-AR\",\"@id\":\"https:\\\/\\\/smartfense.com\\\/es-ar\\\/landing\\\/checklist-integral-de-preparacion-para-equipos-de-ciberseguridad\\\/#primaryimage\",\"url\":\"https:\\\/\\\/smartfense.com\\\/wp-content\\\/uploads\\\/2026\\\/02\\\/3d-illustration-pen-putting-blue-ticks-paper.jpg\",\"contentUrl\":\"https:\\\/\\\/smartfense.com\\\/wp-content\\\/uploads\\\/2026\\\/02\\\/3d-illustration-pen-putting-blue-ticks-paper.jpg\",\"width\":1000,\"height\":750},{\"@type\":\"BreadcrumbList\",\"@id\":\"https:\\\/\\\/smartfense.com\\\/es-ar\\\/landing\\\/checklist-integral-de-preparacion-para-equipos-de-ciberseguridad\\\/#breadcrumb\",\"itemListElement\":[{\"@type\":\"ListItem\",\"position\":1,\"name\":\"Portada\",\"item\":\"https:\\\/\\\/smartfense.com\\\/es-ar\\\/concientizacion-en-ciberseguridad\\\/\"},{\"@type\":\"ListItem\",\"position\":2,\"name\":\"landing\",\"item\":\"https:\\\/\\\/smartfense.com\\\/es-ar\\\/landing\\\/\"},{\"@type\":\"ListItem\",\"position\":3,\"name\":\"Checklist integral de preparacio\u0301n para equipos de ciberseguridad\"}]},{\"@type\":\"WebSite\",\"@id\":\"https:\\\/\\\/smartfense.com\\\/es-ar\\\/#website\",\"url\":\"https:\\\/\\\/smartfense.com\\\/es-ar\\\/\",\"name\":\"SMARTFENSE - Concienciaci\u00f3n en Ciberseguridad\",\"description\":\"\",\"publisher\":{\"@id\":\"https:\\\/\\\/smartfense.com\\\/es-ar\\\/#organization\"},\"potentialAction\":[{\"@type\":\"SearchAction\",\"target\":{\"@type\":\"EntryPoint\",\"urlTemplate\":\"https:\\\/\\\/smartfense.com\\\/es-ar\\\/?s={search_term_string}\"},\"query-input\":{\"@type\":\"PropertyValueSpecification\",\"valueRequired\":true,\"valueName\":\"search_term_string\"}}],\"inLanguage\":\"es-AR\"},{\"@type\":\"Organization\",\"@id\":\"https:\\\/\\\/smartfense.com\\\/es-ar\\\/#organization\",\"name\":\"SMARTFENSE\",\"url\":\"https:\\\/\\\/smartfense.com\\\/es-ar\\\/\",\"logo\":{\"@type\":\"ImageObject\",\"inLanguage\":\"es-AR\",\"@id\":\"https:\\\/\\\/smartfense.com\\\/es-ar\\\/#\\\/schema\\\/logo\\\/image\\\/\",\"url\":\"https:\\\/\\\/smartfense.com\\\/wp-content\\\/uploads\\\/2023\\\/08\\\/logo-smartfense-240x40-1.png\",\"contentUrl\":\"https:\\\/\\\/smartfense.com\\\/wp-content\\\/uploads\\\/2023\\\/08\\\/logo-smartfense-240x40-1.png\",\"width\":241,\"height\":40,\"caption\":\"SMARTFENSE\"},\"image\":{\"@id\":\"https:\\\/\\\/smartfense.com\\\/es-ar\\\/#\\\/schema\\\/logo\\\/image\\\/\"}}]}<\/script>\n ","yoast_head_json":{"title":"Checklist integral de preparacio\u0301n para equipos de ciberseguridad - SMARTFENSE - Concientizaci\u00f3n en ciberseguridad","description":"Este documento presenta una gu\u00eda de evaluaci\u00f3n exhaustiva dise\u00f1ada para que las organizaciones midan su capacidad de respuesta ante el Account Takeover (ATO).","robots":{"index":"index","follow":"follow","max-snippet":"max-snippet:-1","max-image-preview":"max-image-preview:large","max-video-preview":"max-video-preview:-1"},"canonical":"https:\/\/smartfense.com\/es-ar\/landing\/checklist-integral-de-preparacion-para-equipos-de-ciberseguridad\/","og_locale":"es_ES","og_type":"article","og_title":"Checklist integral de preparacio\u0301n para equipos de ciberseguridad - SMARTFENSE - Concientizaci\u00f3n en ciberseguridad","og_description":"Este documento presenta una gu\u00eda de evaluaci\u00f3n exhaustiva dise\u00f1ada para que las organizaciones midan su capacidad de respuesta ante el Account Takeover (ATO).","og_url":"https:\/\/smartfense.com\/es-ar\/landing\/checklist-integral-de-preparacion-para-equipos-de-ciberseguridad\/","og_site_name":"SMARTFENSE - Concientizaci\u00f3n en ciberseguridad","article_modified_time":"2026-02-27T09:48:35+00:00","og_image":[{"width":1000,"height":750,"url":"https:\/\/smartfense.com\/file\/2026\/02\/3d-illustration-pen-putting-blue-ticks-paper.jpg","type":"image\/jpeg"}],"twitter_card":"summary_large_image","twitter_misc":{"Tiempo de lectura":"1 minuto"},"schema":{"@context":"https:\/\/schema.org","@graph":[{"@type":"WebPage","@id":"https:\/\/smartfense.com\/es-ar\/landing\/checklist-integral-de-preparacion-para-equipos-de-ciberseguridad\/","url":"https:\/\/smartfense.com\/es-ar\/landing\/checklist-integral-de-preparacion-para-equipos-de-ciberseguridad\/","name":"Checklist integral de preparacio\u0301n para equipos de ciberseguridad - SMARTFENSE - Concientizaci\u00f3n en ciberseguridad","isPartOf":{"@id":"https:\/\/smartfense.com\/es-ar\/#website"},"primaryImageOfPage":{"@id":"https:\/\/smartfense.com\/es-ar\/landing\/checklist-integral-de-preparacion-para-equipos-de-ciberseguridad\/#primaryimage"},"image":{"@id":"https:\/\/smartfense.com\/es-ar\/landing\/checklist-integral-de-preparacion-para-equipos-de-ciberseguridad\/#primaryimage"},"thumbnailUrl":"https:\/\/smartfense.com\/file\/2026\/02\/3d-illustration-pen-putting-blue-ticks-paper.jpg","datePublished":"2026-02-26T14:16:48+00:00","dateModified":"2026-02-27T09:48:35+00:00","description":"Este documento presenta una gu\u00eda de evaluaci\u00f3n exhaustiva dise\u00f1ada para que las organizaciones midan su capacidad de respuesta ante el Account Takeover (ATO).","breadcrumb":{"@id":"https:\/\/smartfense.com\/es-ar\/landing\/checklist-integral-de-preparacion-para-equipos-de-ciberseguridad\/#breadcrumb"},"inLanguage":"es-AR","potentialAction":[{"@type":"ReadAction","target":["https:\/\/smartfense.com\/es-ar\/landing\/checklist-integral-de-preparacion-para-equipos-de-ciberseguridad\/"]}]},{"@type":"ImageObject","inLanguage":"es-AR","@id":"https:\/\/smartfense.com\/es-ar\/landing\/checklist-integral-de-preparacion-para-equipos-de-ciberseguridad\/#primaryimage","url":"https:\/\/smartfense.com\/file\/2026\/02\/3d-illustration-pen-putting-blue-ticks-paper.jpg","contentUrl":"https:\/\/smartfense.com\/file\/2026\/02\/3d-illustration-pen-putting-blue-ticks-paper.jpg","width":1000,"height":750},{"@type":"BreadcrumbList","@id":"https:\/\/smartfense.com\/es-ar\/landing\/checklist-integral-de-preparacion-para-equipos-de-ciberseguridad\/#breadcrumb","itemListElement":[{"@type":"ListItem","position":1,"name":"Portada","item":"https:\/\/smartfense.com\/es-ar\/concientizacion-en-ciberseguridad\/"},{"@type":"ListItem","position":2,"name":"landing","item":"https:\/\/smartfense.com\/es-ar\/landing\/"},{"@type":"ListItem","position":3,"name":"Checklist integral de preparacio\u0301n para equipos de ciberseguridad"}]},{"@type":"WebSite","@id":"https:\/\/smartfense.com\/es-ar\/#website","url":"https:\/\/smartfense.com\/es-ar\/","name":"SMARTFENSE - Concienciaci\u00f3n en Ciberseguridad","description":"","publisher":{"@id":"https:\/\/smartfense.com\/es-ar\/#organization"},"potentialAction":[{"@type":"SearchAction","target":{"@type":"EntryPoint","urlTemplate":"https:\/\/smartfense.com\/es-ar\/?s={search_term_string}"},"query-input":{"@type":"PropertyValueSpecification","valueRequired":true,"valueName":"search_term_string"}}],"inLanguage":"es-AR"},{"@type":"Organization","@id":"https:\/\/smartfense.com\/es-ar\/#organization","name":"SMARTFENSE","url":"https:\/\/smartfense.com\/es-ar\/","logo":{"@type":"ImageObject","inLanguage":"es-AR","@id":"https:\/\/smartfense.com\/es-ar\/#\/schema\/logo\/image\/","url":"https:\/\/smartfense.com\/file\/2023\/08\/logo-smartfense-240x40-1.png","contentUrl":"https:\/\/smartfense.com\/file\/2023\/08\/logo-smartfense-240x40-1.png","width":241,"height":40,"caption":"SMARTFENSE"},"image":{"@id":"https:\/\/smartfense.com\/es-ar\/#\/schema\/logo\/image\/"}}]}},"_links":{"self":[{"href":"https:\/\/smartfense.com\/es-ar\/wp-json\/wp\/v2\/pages\/40328","targetHints":{"allow":["GET"]}}],"collection":[{"href":"https:\/\/smartfense.com\/es-ar\/wp-json\/wp\/v2\/pages"}],"about":[{"href":"https:\/\/smartfense.com\/es-ar\/wp-json\/wp\/v2\/types\/page"}],"author":[{"embeddable":true,"href":"https:\/\/smartfense.com\/es-ar\/wp-json\/wp\/v2\/users\/14"}],"replies":[{"embeddable":true,"href":"https:\/\/smartfense.com\/es-ar\/wp-json\/wp\/v2\/comments?post=40328"}],"version-history":[{"count":9,"href":"https:\/\/smartfense.com\/es-ar\/wp-json\/wp\/v2\/pages\/40328\/revisions"}],"predecessor-version":[{"id":40365,"href":"https:\/\/smartfense.com\/es-ar\/wp-json\/wp\/v2\/pages\/40328\/revisions\/40365"}],"up":[{"embeddable":true,"href":"https:\/\/smartfense.com\/es-ar\/wp-json\/wp\/v2\/pages\/10071"}],"wp:featuredmedia":[{"embeddable":true,"href":"https:\/\/smartfense.com\/es-ar\/wp-json\/wp\/v2\/media\/40335"}],"wp:attachment":[{"href":"https:\/\/smartfense.com\/es-ar\/wp-json\/wp\/v2\/media?parent=40328"}],"curies":[{"name":"wp","href":"https:\/\/api.w.org\/{rel}","templated":true}]}}