{"id":37711,"date":"2025-07-03T17:50:51","date_gmt":"2025-07-03T15:50:51","guid":{"rendered":"https:\/\/smartfense.com\/?page_id=37711"},"modified":"2025-07-08T10:43:57","modified_gmt":"2025-07-08T08:43:57","slug":"recurso-gratuito-de-ciberseguridad-para-proveedores","status":"publish","type":"page","link":"https:\/\/smartfense.com\/es-ar\/landing\/recurso-gratuito-de-ciberseguridad-para-proveedores\/","title":{"rendered":"Recurso gratuito de ciberseguridad para proveedores"},"content":{"rendered":"\t\t<div data-elementor-type=\"wp-page\" data-elementor-id=\"37711\" class=\"elementor elementor-37711 elementor-37709\">\n\t\t\t\t<div class=\"elementor-element elementor-element-b26443c e-flex e-con-boxed e-con e-parent\" data-id=\"b26443c\" data-element_type=\"container\">\n\t\t\t\t\t<div class=\"e-con-inner\">\n\t\t<div class=\"elementor-element elementor-element-6000558 e-flex e-con-boxed e-con e-child\" data-id=\"6000558\" data-element_type=\"container\">\n\t\t\t\t\t<div class=\"e-con-inner\">\n\t\t\t\t<div class=\"elementor-element elementor-element-a9a4cef elementor-widget elementor-widget-heading bdevs-el heading\" data-id=\"a9a4cef\" data-element_type=\"widget\" data-widget_type=\"heading.default\">\n\t\t\t\t<div class=\"elementor-widget-container\">\n\t\t\t\n\n\n \n <div class=\"section__title-wrapper wow fadeInUp2 section-heading p-0\" data-wow-delay=\".3s\">\n\n \n\n\n <h2 class=\"section__title section-title\">Descarga el Cuestionario de Ciberseguridad para Proveedores<\/h2>\n \n <p>Basado en el marco NIST 2.0 y con foco adicional en protecci\u00f3n de datos.<\/p>\n\n \n <\/div>\n\n \n\n \t\t<\/div>\n\t\t\t\t<\/div>\n\t\t\t\t<div class=\"elementor-element elementor-element-31c72ac elementor-widget elementor-widget-text-editor\" data-id=\"31c72ac\" data-element_type=\"widget\" data-widget_type=\"text-editor.default\">\n\t\t\t\t<div class=\"elementor-widget-container\">\n\t\t\t\t\t\t\t<div id=\"quform-c54b4d\" class=\"quform quform-48 quform-support-page-caching\"><form id=\"quform-form-c54b4d\" class=\"quform-form quform-form-48\" action=\"\/es-ar\/wp-json\/wp\/v2\/pages\/37711#quform-c54b4d\" method=\"post\" enctype=\"multipart\/form-data\" novalidate=\"novalidate\" data-options=\"{&quot;id&quot;:48,&quot;uniqueId&quot;:&quot;c54b4d&quot;,&quot;theme&quot;:&quot;&quot;,&quot;ajax&quot;:true,&quot;logic&quot;:{&quot;logic&quot;:[],&quot;dependents&quot;:[],&quot;elementIds&quot;:[],&quot;dependentElementIds&quot;:[],&quot;animate&quot;:true},&quot;currentPageId&quot;:1,&quot;errorsIcon&quot;:&quot;&quot;,&quot;updateFancybox&quot;:true,&quot;hasPages&quot;:false,&quot;pages&quot;:[1],&quot;pageProgressType&quot;:&quot;numbers&quot;,&quot;tooltipsEnabled&quot;:true,&quot;tooltipClasses&quot;:&quot;qtip-quform-dark qtip-shadow&quot;,&quot;tooltipMy&quot;:&quot;left center&quot;,&quot;tooltipAt&quot;:&quot;right center&quot;,&quot;isRtl&quot;:false,&quot;scrollOffset&quot;:-50,&quot;scrollSpeed&quot;:800}\"><button class=\"quform-default-submit\" name=\"quform_submit\" type=\"submit\" value=\"submit\" aria-hidden=\"true\" tabindex=\"-1\"><\/button><div class=\"quform-form-inner quform-form-inner-48\"><input type=\"hidden\" name=\"quform_form_id\" value=\"48\" \/><input type=\"hidden\" name=\"quform_form_uid\" value=\"c54b4d\" \/><input type=\"hidden\" name=\"quform_count\" value=\"1\" \/><input type=\"hidden\" name=\"form_url\" value=\"https:\/\/smartfense.com\/es-ar\/wp-json\/wp\/v2\/pages\/37711\" \/><input type=\"hidden\" name=\"referring_url\" value=\"\" \/><input type=\"hidden\" name=\"post_id\" value=\"\" \/><input type=\"hidden\" name=\"post_title\" value=\"\" \/><input type=\"hidden\" name=\"quform_current_page_id\" value=\"1\" \/><input type=\"hidden\" name=\"quform_csrf_token\" value=\"aVzgOOi7CA1ZLkKgMadjFBFYeDq9f6gaE6cySNW7\" \/><div class=\"quform-elements quform-elements-48 quform-cf quform-responsive-elements-phone-portrait\"><div class=\"quform-element quform-element-page quform-page-1 quform-page-48_1 quform-cf quform-group-style-plain quform-first-page quform-last-page quform-current-page\"><div class=\"quform-child-elements\"><div class=\"quform-element quform-element-name quform-element-48_4 quform-cf quform-element-required\"><div class=\"quform-spacer\"><div class=\"quform-label quform-label-48_4\"><span class=\"quform-label-icon\"><i class=\"fa fa-user\"><\/i><\/span><label class=\"quform-label-text\" id=\"quform_48_4_c54b4d_label\">Nombre y Apellido<span class=\"quform-required\">*<\/span><\/label><\/div><div class=\"quform-inner quform-inner-name quform-inner-48_4\"><div class=\"quform-input quform-input-name quform-input-48_4 quform-cf\"><div class=\"quform-element-row quform-1-columns quform-element-row-size-fixed quform-responsive-columns-phone-portrait\"><div class=\"quform-element-column\"><div class=\"quform-element quform-element-text quform-element-48_4_4 quform-cf quform-element-required\"><div class=\"quform-spacer\"><div class=\"quform-inner quform-inner-text quform-inner-48_4_4\"><div class=\"quform-input quform-input-text quform-input-48_4_4 quform-cf\"><input type=\"text\" id=\"quform_48_4_4_c54b4d\" name=\"quform_48_4[4]\" class=\"quform-field quform-field-text quform-field-48_4_4\" aria-labelledby=\"quform_48_4_c54b4d_label\" \/><\/div><\/div><\/div><\/div><\/div><\/div><\/div><\/div><\/div><\/div><div class=\"quform-element quform-element-email quform-element-48_5 quform-cf quform-element-required\"><div class=\"quform-spacer\"><div class=\"quform-label quform-label-48_5\"><span class=\"quform-label-icon\"><i class=\"fa fa-envelope\"><\/i><\/span><label class=\"quform-label-text\" for=\"quform_48_5_c54b4d\">Correo electr\u00f3nico<span class=\"quform-required\">*<\/span><\/label><\/div><div class=\"quform-inner quform-inner-email quform-inner-48_5\"><div class=\"quform-input quform-input-email quform-input-48_5 quform-cf\"><input type=\"email\" id=\"quform_48_5_c54b4d\" name=\"quform_48_5\" class=\"quform-field quform-field-email quform-field-48_5\" \/><\/div><\/div><\/div><\/div><div class=\"quform-element quform-element-checkbox quform-element-48_28 quform-cf quform-element-required\"><div class=\"quform-spacer\"><div class=\"quform-inner quform-inner-checkbox quform-inner-48_28\"><div class=\"quform-input quform-input-checkbox quform-input-48_28 quform-cf\"><div class=\"quform-options quform-cf quform-options-block quform-options-simple\"><div class=\"quform-option\"><input type=\"checkbox\" name=\"quform_48_28[]\" id=\"quform_48_28_c54b4d_1\" class=\"quform-field quform-field-checkbox quform-field-48_28 quform-field-48_28_1\" value=\"He le\u00eddo, comprendo y acepto la &lt;a href=&quot;https:\/\/callidusprolab.com\/smartfense\/politica-de-privacidad\/&quot; target=&quot;_blank&quot;&gt;pol\u00edtica de privacidad&lt;\/a&gt;\" \/><label for=\"quform_48_28_c54b4d_1\" class=\"quform-option-label quform-option-label-48_28_1\"><span class=\"quform-option-text\">He le\u00eddo, comprendo y acepto la <a href=\"https:\/\/callidusprolab.com\/smartfense\/politica-de-privacidad\/\" target=\"_blank\">pol\u00edtica de privacidad<\/a><\/span><\/label><\/div><\/div><\/div><\/div><\/div><\/div><div class=\"quform-element quform-element-submit quform-element-48_2 quform-cf quform-button-style-hollow-rounded quform-button-width-full\"><div class=\"quform-button-submit quform-button-submit-default quform-button-submit-48_2 quform-button-icon-right\" data-animation=\"one\"><button name=\"quform_submit\" type=\"submit\" class=\"quform-submit\" value=\"submit\"><span class=\"quform-button-text quform-button-submit-text\">Descargar<\/span><span class=\"quform-button-icon quform-button-submit-icon\"><i class=\"qicon-send\"><\/i><\/span><\/button><\/div><\/div><div class=\"quform-element-tree\"><label for=\"quform_48_0_c54b4d\">This field should be left blank<\/label><input type=\"text\" id=\"quform_48_0_c54b4d\" name=\"quform_48_0\" class=\"quform-field quform-field-tree quform-field-48_0\" tabindex=\"-1\" autocomplete=\"off\" \/><\/div><\/div><\/div><\/div><\/div><\/form><\/div>\t\t\t\t\t\t<\/div>\n\t\t\t\t<\/div>\n\t\t\t\t\t<\/div>\n\t\t\t\t<\/div>\n\t\t<div class=\"elementor-element elementor-element-f6495e7 e-flex e-con-boxed elementor-invisible e-con e-child\" data-id=\"f6495e7\" data-element_type=\"container\" data-settings=\"{&quot;animation&quot;:&quot;fadeInRight&quot;}\">\n\t\t\t\t\t<div class=\"e-con-inner\">\n\t\t\t\t<div class=\"elementor-element elementor-element-4923d42 elementor-widget elementor-widget-image\" data-id=\"4923d42\" data-element_type=\"widget\" data-widget_type=\"image.default\">\n\t\t\t\t<div class=\"elementor-widget-container\">\n\t\t\t\t\t\t\t\t\t\t\t\t\t<img fetchpriority=\"high\" decoding=\"async\" width=\"640\" height=\"800\" src=\"https:\/\/smartfense.com\/file\/2025\/07\/Diseno-sin-titulo-819x1024.jpg\" class=\"attachment-large size-large wp-image-37721\" alt=\"\" srcset=\"https:\/\/smartfense.com\/file\/2025\/07\/Diseno-sin-titulo-819x1024.jpg 819w, https:\/\/smartfense.com\/file\/2025\/07\/Diseno-sin-titulo-240x300.jpg 240w, https:\/\/smartfense.com\/file\/2025\/07\/Diseno-sin-titulo-768x960.jpg 768w, https:\/\/smartfense.com\/file\/2025\/07\/Diseno-sin-titulo.jpg 1080w\" sizes=\"(max-width: 640px) 100vw, 640px\" \/>\t\t\t\t\t\t\t\t\t\t\t\t\t<\/div>\n\t\t\t\t<\/div>\n\t\t\t\t\t<\/div>\n\t\t\t\t<\/div>\n\t\t\t\t\t<\/div>\n\t\t\t\t<\/div>\n\t\t<div class=\"elementor-element elementor-element-771d513 e-flex e-con-boxed e-con e-parent\" data-id=\"771d513\" data-element_type=\"container\" data-settings=\"{&quot;background_background&quot;:&quot;classic&quot;}\">\n\t\t\t\t\t<div class=\"e-con-inner\">\n\t\t<div class=\"elementor-element elementor-element-ebc553b e-con-full e-flex elementor-invisible e-con e-child\" data-id=\"ebc553b\" data-element_type=\"container\" data-settings=\"{&quot;animation&quot;:&quot;fadeInRight&quot;}\">\n\t\t\t\t<div class=\"elementor-element elementor-element-afc4c88 elementor-widget elementor-widget-image\" data-id=\"afc4c88\" data-element_type=\"widget\" data-widget_type=\"image.default\">\n\t\t\t\t<div class=\"elementor-widget-container\">\n\t\t\t\t\t\t\t\t\t\t\t\t\t<img decoding=\"async\" width=\"640\" height=\"336\" src=\"https:\/\/smartfense.com\/file\/2024\/08\/modulo-sci-1024x538.jpg\" class=\"attachment-large size-large wp-image-26085\" alt=\"ciberseguridad industrial\" srcset=\"https:\/\/smartfense.com\/file\/2024\/08\/modulo-sci-1024x538.jpg 1024w, https:\/\/smartfense.com\/file\/2024\/08\/modulo-sci-300x158.jpg 300w, https:\/\/smartfense.com\/file\/2024\/08\/modulo-sci-768x403.jpg 768w, https:\/\/smartfense.com\/file\/2024\/08\/modulo-sci.jpg 1200w\" sizes=\"(max-width: 640px) 100vw, 640px\" \/>\t\t\t\t\t\t\t\t\t\t\t\t\t<\/div>\n\t\t\t\t<\/div>\n\t\t\t\t<\/div>\n\t\t<div class=\"elementor-element elementor-element-338f8ee e-flex e-con-boxed e-con e-child\" data-id=\"338f8ee\" data-element_type=\"container\">\n\t\t\t\t\t<div class=\"e-con-inner\">\n\t\t\t\t<div class=\"elementor-element elementor-element-036b688 bk-yellow elementor-widget elementor-widget-heading bdevs-el heading\" data-id=\"036b688\" data-element_type=\"widget\" data-widget_type=\"heading.default\">\n\t\t\t\t<div class=\"elementor-widget-container\">\n\t\t\t\n\n\n \n <div class=\"section__title-wrapper wow fadeInUp2 section-heading p-0\" data-wow-delay=\".3s\">\n\n \n\n\n <h2 class=\"section__title section-title\">\u00bfPor qu\u00e9 es crucial la Seguridad OT?<\/h2>\n \n <p>Los sistemas OT controlan y supervisan las operaciones industriales y, al estar m\u00e1s conectados que nunca, son vulnerables a riesgos que pueden afectar la seguridad f\u00edsica y el rendimiento. Los ataques a infraestructuras cr\u00edticas est\u00e1n aumentando y la ciberseguridad OT es esencial para reducir las vulnerabilidades.\n<br><br>\nEn SMARTFENSE ofrecemos contenidos espec\u00edficos. Descubra c\u00f3mo nuestro cat\u00e1logo de ciberseguridad industrial le ayudar\u00e1 a concienciar a su equipo para detectar, prevenir y responder ante amenazas OT.\n<br><br>\n<a class=\"w-btn\">Conocer m\u00e1s<\/a><\/p>\n\n \n <\/div>\n\n \n\n \t\t<\/div>\n\t\t\t\t<\/div>\n\t\t\t\t\t<\/div>\n\t\t\t\t<\/div>\n\t\t\t\t\t<\/div>\n\t\t\t\t<\/div>\n\t\t\t\t<\/div>\n\t\t","protected":false},"excerpt":{"rendered":"<p>Descarga el Cuestionario de Ciberseguridad para Proveedores Basado en el marco NIST 2.0 y con foco adicional en protecci\u00f3n de datos. \u00bfPor qu\u00e9 es crucial la Seguridad OT? Los sistemas [&hellip;]<\/p>\n","protected":false},"author":14,"featured_media":37721,"parent":10071,"menu_order":0,"comment_status":"closed","ping_status":"closed","template":"elementor_header_footer","meta":{"_acf_changed":false,"footnotes":""},"class_list":["post-37711","page","type-page","status-publish","has-post-thumbnail","hentry"],"acf":[],"yoast_head":" \n<title>Recurso gratuito de ciberseguridad para proveedores - SMARTFENSE - Concientizaci\u00f3n en ciberseguridad<\/title>\n<meta name=\"description\" content=\"Descarga el Cuestionario de Ciberseguridad para Proveedores basado en NIST 2.0, con enfoque en OT y protecci\u00f3n de datos. Eval\u00faa riesgos y mejora tus controles.\" \/>\n<meta name=\"robots\" content=\"index, follow, max-snippet:-1, max-image-preview:large, max-video-preview:-1\" \/>\n<link rel=\"canonical\" href=\"https:\/\/smartfense.com\/es-ar\/landing\/recurso-gratuito-de-ciberseguridad-para-proveedores\/\" \/>\n<meta property=\"og:locale\" content=\"es_ES\" \/>\n<meta property=\"og:type\" content=\"article\" \/>\n<meta property=\"og:title\" content=\"Recurso gratuito de ciberseguridad para proveedores - SMARTFENSE - Concientizaci\u00f3n en ciberseguridad\" \/>\n<meta property=\"og:description\" content=\"Descarga el Cuestionario de Ciberseguridad para Proveedores basado en NIST 2.0, con enfoque en OT y protecci\u00f3n de datos. Eval\u00faa riesgos y mejora tus controles.\" \/>\n<meta property=\"og:url\" content=\"https:\/\/smartfense.com\/es-ar\/landing\/recurso-gratuito-de-ciberseguridad-para-proveedores\/\" \/>\n<meta property=\"og:site_name\" content=\"SMARTFENSE - Concientizaci\u00f3n en ciberseguridad\" \/>\n<meta property=\"article:modified_time\" content=\"2025-07-08T08:43:57+00:00\" \/>\n<meta property=\"og:image\" content=\"https:\/\/smartfense.com\/file\/2025\/07\/Diseno-sin-titulo.jpg\" \/>\n\t<meta property=\"og:image:width\" content=\"1080\" \/>\n\t<meta property=\"og:image:height\" content=\"1350\" \/>\n\t<meta property=\"og:image:type\" content=\"image\/jpeg\" \/>\n<meta name=\"twitter:card\" content=\"summary_large_image\" \/>\n<meta name=\"twitter:label1\" content=\"Tiempo de lectura\" \/>\n\t<meta name=\"twitter:data1\" content=\"1 minuto\" \/>\n<script type=\"application\/ld+json\" class=\"yoast-schema-graph\">{\"@context\":\"https:\\\/\\\/schema.org\",\"@graph\":[{\"@type\":\"WebPage\",\"@id\":\"https:\\\/\\\/smartfense.com\\\/es-ar\\\/landing\\\/recurso-gratuito-de-ciberseguridad-para-proveedores\\\/\",\"url\":\"https:\\\/\\\/smartfense.com\\\/es-ar\\\/landing\\\/recurso-gratuito-de-ciberseguridad-para-proveedores\\\/\",\"name\":\"Recurso gratuito de ciberseguridad para proveedores - SMARTFENSE - Concientizaci\u00f3n en ciberseguridad\",\"isPartOf\":{\"@id\":\"https:\\\/\\\/smartfense.com\\\/es-ar\\\/#website\"},\"primaryImageOfPage\":{\"@id\":\"https:\\\/\\\/smartfense.com\\\/es-ar\\\/landing\\\/recurso-gratuito-de-ciberseguridad-para-proveedores\\\/#primaryimage\"},\"image\":{\"@id\":\"https:\\\/\\\/smartfense.com\\\/es-ar\\\/landing\\\/recurso-gratuito-de-ciberseguridad-para-proveedores\\\/#primaryimage\"},\"thumbnailUrl\":\"https:\\\/\\\/smartfense.com\\\/wp-content\\\/uploads\\\/2025\\\/07\\\/Diseno-sin-titulo.jpg\",\"datePublished\":\"2025-07-03T15:50:51+00:00\",\"dateModified\":\"2025-07-08T08:43:57+00:00\",\"description\":\"Descarga el Cuestionario de Ciberseguridad para Proveedores basado en NIST 2.0, con enfoque en OT y protecci\u00f3n de datos. Eval\u00faa riesgos y mejora tus controles.\",\"breadcrumb\":{\"@id\":\"https:\\\/\\\/smartfense.com\\\/es-ar\\\/landing\\\/recurso-gratuito-de-ciberseguridad-para-proveedores\\\/#breadcrumb\"},\"inLanguage\":\"es-AR\",\"potentialAction\":[{\"@type\":\"ReadAction\",\"target\":[\"https:\\\/\\\/smartfense.com\\\/es-ar\\\/landing\\\/recurso-gratuito-de-ciberseguridad-para-proveedores\\\/\"]}]},{\"@type\":\"ImageObject\",\"inLanguage\":\"es-AR\",\"@id\":\"https:\\\/\\\/smartfense.com\\\/es-ar\\\/landing\\\/recurso-gratuito-de-ciberseguridad-para-proveedores\\\/#primaryimage\",\"url\":\"https:\\\/\\\/smartfense.com\\\/wp-content\\\/uploads\\\/2025\\\/07\\\/Diseno-sin-titulo.jpg\",\"contentUrl\":\"https:\\\/\\\/smartfense.com\\\/wp-content\\\/uploads\\\/2025\\\/07\\\/Diseno-sin-titulo.jpg\",\"width\":1080,\"height\":1350},{\"@type\":\"BreadcrumbList\",\"@id\":\"https:\\\/\\\/smartfense.com\\\/es-ar\\\/landing\\\/recurso-gratuito-de-ciberseguridad-para-proveedores\\\/#breadcrumb\",\"itemListElement\":[{\"@type\":\"ListItem\",\"position\":1,\"name\":\"Portada\",\"item\":\"https:\\\/\\\/smartfense.com\\\/es-ar\\\/concientizacion-en-ciberseguridad\\\/\"},{\"@type\":\"ListItem\",\"position\":2,\"name\":\"landing\",\"item\":\"https:\\\/\\\/smartfense.com\\\/es-ar\\\/landing\\\/\"},{\"@type\":\"ListItem\",\"position\":3,\"name\":\"Recurso gratuito de ciberseguridad para proveedores\"}]},{\"@type\":\"WebSite\",\"@id\":\"https:\\\/\\\/smartfense.com\\\/es-ar\\\/#website\",\"url\":\"https:\\\/\\\/smartfense.com\\\/es-ar\\\/\",\"name\":\"SMARTFENSE - Concienciaci\u00f3n en Ciberseguridad\",\"description\":\"\",\"publisher\":{\"@id\":\"https:\\\/\\\/smartfense.com\\\/es-ar\\\/#organization\"},\"potentialAction\":[{\"@type\":\"SearchAction\",\"target\":{\"@type\":\"EntryPoint\",\"urlTemplate\":\"https:\\\/\\\/smartfense.com\\\/es-ar\\\/?s={search_term_string}\"},\"query-input\":{\"@type\":\"PropertyValueSpecification\",\"valueRequired\":true,\"valueName\":\"search_term_string\"}}],\"inLanguage\":\"es-AR\"},{\"@type\":\"Organization\",\"@id\":\"https:\\\/\\\/smartfense.com\\\/es-ar\\\/#organization\",\"name\":\"SMARTFENSE\",\"url\":\"https:\\\/\\\/smartfense.com\\\/es-ar\\\/\",\"logo\":{\"@type\":\"ImageObject\",\"inLanguage\":\"es-AR\",\"@id\":\"https:\\\/\\\/smartfense.com\\\/es-ar\\\/#\\\/schema\\\/logo\\\/image\\\/\",\"url\":\"https:\\\/\\\/smartfense.com\\\/wp-content\\\/uploads\\\/2023\\\/08\\\/logo-smartfense-240x40-1.png\",\"contentUrl\":\"https:\\\/\\\/smartfense.com\\\/wp-content\\\/uploads\\\/2023\\\/08\\\/logo-smartfense-240x40-1.png\",\"width\":241,\"height\":40,\"caption\":\"SMARTFENSE\"},\"image\":{\"@id\":\"https:\\\/\\\/smartfense.com\\\/es-ar\\\/#\\\/schema\\\/logo\\\/image\\\/\"}}]}<\/script>\n ","yoast_head_json":{"title":"Recurso gratuito de ciberseguridad para proveedores - SMARTFENSE - Concientizaci\u00f3n en ciberseguridad","description":"Descarga el Cuestionario de Ciberseguridad para Proveedores basado en NIST 2.0, con enfoque en OT y protecci\u00f3n de datos. Eval\u00faa riesgos y mejora tus controles.","robots":{"index":"index","follow":"follow","max-snippet":"max-snippet:-1","max-image-preview":"max-image-preview:large","max-video-preview":"max-video-preview:-1"},"canonical":"https:\/\/smartfense.com\/es-ar\/landing\/recurso-gratuito-de-ciberseguridad-para-proveedores\/","og_locale":"es_ES","og_type":"article","og_title":"Recurso gratuito de ciberseguridad para proveedores - SMARTFENSE - Concientizaci\u00f3n en ciberseguridad","og_description":"Descarga el Cuestionario de Ciberseguridad para Proveedores basado en NIST 2.0, con enfoque en OT y protecci\u00f3n de datos. Eval\u00faa riesgos y mejora tus controles.","og_url":"https:\/\/smartfense.com\/es-ar\/landing\/recurso-gratuito-de-ciberseguridad-para-proveedores\/","og_site_name":"SMARTFENSE - Concientizaci\u00f3n en ciberseguridad","article_modified_time":"2025-07-08T08:43:57+00:00","og_image":[{"width":1080,"height":1350,"url":"https:\/\/smartfense.com\/file\/2025\/07\/Diseno-sin-titulo.jpg","type":"image\/jpeg"}],"twitter_card":"summary_large_image","twitter_misc":{"Tiempo de lectura":"1 minuto"},"schema":{"@context":"https:\/\/schema.org","@graph":[{"@type":"WebPage","@id":"https:\/\/smartfense.com\/es-ar\/landing\/recurso-gratuito-de-ciberseguridad-para-proveedores\/","url":"https:\/\/smartfense.com\/es-ar\/landing\/recurso-gratuito-de-ciberseguridad-para-proveedores\/","name":"Recurso gratuito de ciberseguridad para proveedores - SMARTFENSE - Concientizaci\u00f3n en ciberseguridad","isPartOf":{"@id":"https:\/\/smartfense.com\/es-ar\/#website"},"primaryImageOfPage":{"@id":"https:\/\/smartfense.com\/es-ar\/landing\/recurso-gratuito-de-ciberseguridad-para-proveedores\/#primaryimage"},"image":{"@id":"https:\/\/smartfense.com\/es-ar\/landing\/recurso-gratuito-de-ciberseguridad-para-proveedores\/#primaryimage"},"thumbnailUrl":"https:\/\/smartfense.com\/file\/2025\/07\/Diseno-sin-titulo.jpg","datePublished":"2025-07-03T15:50:51+00:00","dateModified":"2025-07-08T08:43:57+00:00","description":"Descarga el Cuestionario de Ciberseguridad para Proveedores basado en NIST 2.0, con enfoque en OT y protecci\u00f3n de datos. Eval\u00faa riesgos y mejora tus controles.","breadcrumb":{"@id":"https:\/\/smartfense.com\/es-ar\/landing\/recurso-gratuito-de-ciberseguridad-para-proveedores\/#breadcrumb"},"inLanguage":"es-AR","potentialAction":[{"@type":"ReadAction","target":["https:\/\/smartfense.com\/es-ar\/landing\/recurso-gratuito-de-ciberseguridad-para-proveedores\/"]}]},{"@type":"ImageObject","inLanguage":"es-AR","@id":"https:\/\/smartfense.com\/es-ar\/landing\/recurso-gratuito-de-ciberseguridad-para-proveedores\/#primaryimage","url":"https:\/\/smartfense.com\/file\/2025\/07\/Diseno-sin-titulo.jpg","contentUrl":"https:\/\/smartfense.com\/file\/2025\/07\/Diseno-sin-titulo.jpg","width":1080,"height":1350},{"@type":"BreadcrumbList","@id":"https:\/\/smartfense.com\/es-ar\/landing\/recurso-gratuito-de-ciberseguridad-para-proveedores\/#breadcrumb","itemListElement":[{"@type":"ListItem","position":1,"name":"Portada","item":"https:\/\/smartfense.com\/es-ar\/concientizacion-en-ciberseguridad\/"},{"@type":"ListItem","position":2,"name":"landing","item":"https:\/\/smartfense.com\/es-ar\/landing\/"},{"@type":"ListItem","position":3,"name":"Recurso gratuito de ciberseguridad para proveedores"}]},{"@type":"WebSite","@id":"https:\/\/smartfense.com\/es-ar\/#website","url":"https:\/\/smartfense.com\/es-ar\/","name":"SMARTFENSE - Concienciaci\u00f3n en Ciberseguridad","description":"","publisher":{"@id":"https:\/\/smartfense.com\/es-ar\/#organization"},"potentialAction":[{"@type":"SearchAction","target":{"@type":"EntryPoint","urlTemplate":"https:\/\/smartfense.com\/es-ar\/?s={search_term_string}"},"query-input":{"@type":"PropertyValueSpecification","valueRequired":true,"valueName":"search_term_string"}}],"inLanguage":"es-AR"},{"@type":"Organization","@id":"https:\/\/smartfense.com\/es-ar\/#organization","name":"SMARTFENSE","url":"https:\/\/smartfense.com\/es-ar\/","logo":{"@type":"ImageObject","inLanguage":"es-AR","@id":"https:\/\/smartfense.com\/es-ar\/#\/schema\/logo\/image\/","url":"https:\/\/smartfense.com\/file\/2023\/08\/logo-smartfense-240x40-1.png","contentUrl":"https:\/\/smartfense.com\/file\/2023\/08\/logo-smartfense-240x40-1.png","width":241,"height":40,"caption":"SMARTFENSE"},"image":{"@id":"https:\/\/smartfense.com\/es-ar\/#\/schema\/logo\/image\/"}}]}},"_links":{"self":[{"href":"https:\/\/smartfense.com\/es-ar\/wp-json\/wp\/v2\/pages\/37711","targetHints":{"allow":["GET"]}}],"collection":[{"href":"https:\/\/smartfense.com\/es-ar\/wp-json\/wp\/v2\/pages"}],"about":[{"href":"https:\/\/smartfense.com\/es-ar\/wp-json\/wp\/v2\/types\/page"}],"author":[{"embeddable":true,"href":"https:\/\/smartfense.com\/es-ar\/wp-json\/wp\/v2\/users\/14"}],"replies":[{"embeddable":true,"href":"https:\/\/smartfense.com\/es-ar\/wp-json\/wp\/v2\/comments?post=37711"}],"version-history":[{"count":8,"href":"https:\/\/smartfense.com\/es-ar\/wp-json\/wp\/v2\/pages\/37711\/revisions"}],"predecessor-version":[{"id":37774,"href":"https:\/\/smartfense.com\/es-ar\/wp-json\/wp\/v2\/pages\/37711\/revisions\/37774"}],"up":[{"embeddable":true,"href":"https:\/\/smartfense.com\/es-ar\/wp-json\/wp\/v2\/pages\/10071"}],"wp:featuredmedia":[{"embeddable":true,"href":"https:\/\/smartfense.com\/es-ar\/wp-json\/wp\/v2\/media\/37721"}],"wp:attachment":[{"href":"https:\/\/smartfense.com\/es-ar\/wp-json\/wp\/v2\/media?parent=37711"}],"curies":[{"name":"wp","href":"https:\/\/api.w.org\/{rel}","templated":true}]}}