{"id":31894,"date":"2024-11-13T14:50:17","date_gmt":"2024-11-13T13:50:17","guid":{"rendered":"https:\/\/smartfense.com\/plataforma\/requisitos-minimos\/pixel-de-seguimiento\/"},"modified":"2024-11-13T14:50:17","modified_gmt":"2024-11-13T13:50:17","slug":"pixel-de-seguimiento","status":"publish","type":"page","link":"https:\/\/smartfense.com\/es-ar\/plataforma\/requisitos-minimos\/pixel-de-seguimiento\/","title":{"rendered":"P\u00edxel de seguimiento"},"content":{"rendered":"<p>Los correos electr\u00f3nicos que son enviados desde la plataforma SMARTFENSE a los usuarios poseen un p\u00edxel de seguimiento transparente, que contiene una referencia un\u00edvoca al usuario destinatario.<\/p>\n<p>Este tipo de p\u00edxel es un est\u00e1ndar de facto para realizar seguimiento de apertura de correos electr\u00f3nicos. El p\u00edxel es consultado por el cliente de correo electr\u00f3nico del usuario destinatario al mostrar el mensaje en pantalla, y es entonces cuando la plataforma puede concluir que el correo ha sido abierto.<\/p>\n<p>En las campa\u00f1as de Newsletters, Phishing, Ransomware y Momentos Educativos de SMARTFENSE, la estad\u00edstica \u201cAbierto\u201d depende de la correcta carga del p\u00edxel de seguimiento.<\/p>\n<p>El p\u00edxel de seguimiento es una imagen y como tal debe ser mostrada en el email o cliente de correo electr\u00f3nico aunque el mismo no sea visible para el usuario ya que se trata simplemente de un p\u00edxel.<\/p>\n","protected":false},"excerpt":{"rendered":"<p>Los correos electr\u00f3nicos que son enviados desde la plataforma SMARTFENSE a los usuarios poseen un p\u00edxel de seguimiento transparente, que contiene una referencia un\u00edvoca al usuario destinatario. Este tipo de [&hellip;]<\/p>\n","protected":false},"author":2,"featured_media":0,"parent":31817,"menu_order":0,"comment_status":"closed","ping_status":"closed","template":"","meta":{"_acf_changed":false,"footnotes":""},"class_list":["post-31894","page","type-page","status-publish","hentry"],"acf":[],"yoast_head":" \n<title>P\u00edxel de seguimiento - SMARTFENSE - Concientizaci\u00f3n en ciberseguridad<\/title>\n<meta name=\"robots\" content=\"index, follow, max-snippet:-1, max-image-preview:large, max-video-preview:-1\" \/>\n<link rel=\"canonical\" href=\"https:\/\/smartfense.com\/es-ar\/plataforma\/requisitos-minimos\/pixel-de-seguimiento\/\" \/>\n<meta property=\"og:locale\" content=\"es_ES\" \/>\n<meta property=\"og:type\" content=\"article\" \/>\n<meta property=\"og:title\" content=\"P\u00edxel de seguimiento - SMARTFENSE - Concientizaci\u00f3n en ciberseguridad\" \/>\n<meta property=\"og:description\" content=\"Los correos electr\u00f3nicos que son enviados desde la plataforma SMARTFENSE a los usuarios poseen un p\u00edxel de seguimiento transparente, que contiene una referencia un\u00edvoca al usuario destinatario. Este tipo de [&hellip;]\" \/>\n<meta property=\"og:url\" content=\"https:\/\/smartfense.com\/es-ar\/plataforma\/requisitos-minimos\/pixel-de-seguimiento\/\" \/>\n<meta property=\"og:site_name\" content=\"SMARTFENSE - Concientizaci\u00f3n en ciberseguridad\" \/>\n<meta property=\"og:image\" content=\"https:\/\/smartfense.com\/file\/2023\/11\/smretfense-cybersecurity-awareness-es.jpg\" \/>\n\t<meta property=\"og:image:width\" content=\"1920\" \/>\n\t<meta property=\"og:image:height\" content=\"1038\" \/>\n\t<meta property=\"og:image:type\" content=\"image\/jpeg\" \/>\n<meta name=\"twitter:card\" content=\"summary_large_image\" \/>\n<meta name=\"twitter:label1\" content=\"Tiempo de lectura\" \/>\n\t<meta name=\"twitter:data1\" content=\"1 minuto\" \/>\n<script type=\"application\/ld+json\" class=\"yoast-schema-graph\">{\"@context\":\"https:\\\/\\\/schema.org\",\"@graph\":[{\"@type\":\"WebPage\",\"@id\":\"https:\\\/\\\/smartfense.com\\\/es-ar\\\/plataforma\\\/requisitos-minimos\\\/pixel-de-seguimiento\\\/\",\"url\":\"https:\\\/\\\/smartfense.com\\\/es-ar\\\/plataforma\\\/requisitos-minimos\\\/pixel-de-seguimiento\\\/\",\"name\":\"P\u00edxel de seguimiento - SMARTFENSE - Concientizaci\u00f3n en ciberseguridad\",\"isPartOf\":{\"@id\":\"https:\\\/\\\/smartfense.com\\\/es-ar\\\/#website\"},\"datePublished\":\"2024-11-13T13:50:17+00:00\",\"breadcrumb\":{\"@id\":\"https:\\\/\\\/smartfense.com\\\/es-ar\\\/plataforma\\\/requisitos-minimos\\\/pixel-de-seguimiento\\\/#breadcrumb\"},\"inLanguage\":\"es-AR\",\"potentialAction\":[{\"@type\":\"ReadAction\",\"target\":[\"https:\\\/\\\/smartfense.com\\\/es-ar\\\/plataforma\\\/requisitos-minimos\\\/pixel-de-seguimiento\\\/\"]}]},{\"@type\":\"BreadcrumbList\",\"@id\":\"https:\\\/\\\/smartfense.com\\\/es-ar\\\/plataforma\\\/requisitos-minimos\\\/pixel-de-seguimiento\\\/#breadcrumb\",\"itemListElement\":[{\"@type\":\"ListItem\",\"position\":1,\"name\":\"Portada\",\"item\":\"https:\\\/\\\/smartfense.com\\\/es-ar\\\/concientizacion-en-ciberseguridad\\\/\"},{\"@type\":\"ListItem\",\"position\":2,\"name\":\"Plataforma\",\"item\":\"https:\\\/\\\/smartfense.com\\\/es-ar\\\/plataforma\\\/\"},{\"@type\":\"ListItem\",\"position\":3,\"name\":\"Requisitos m\u00ednimos de SMARTFENSE\",\"item\":\"https:\\\/\\\/smartfense.com\\\/es-ar\\\/plataforma\\\/requisitos-minimos\\\/\"},{\"@type\":\"ListItem\",\"position\":4,\"name\":\"P\u00edxel de seguimiento\"}]},{\"@type\":\"WebSite\",\"@id\":\"https:\\\/\\\/smartfense.com\\\/es-ar\\\/#website\",\"url\":\"https:\\\/\\\/smartfense.com\\\/es-ar\\\/\",\"name\":\"SMARTFENSE - Concienciaci\u00f3n en Ciberseguridad\",\"description\":\"\",\"publisher\":{\"@id\":\"https:\\\/\\\/smartfense.com\\\/es-ar\\\/#organization\"},\"potentialAction\":[{\"@type\":\"SearchAction\",\"target\":{\"@type\":\"EntryPoint\",\"urlTemplate\":\"https:\\\/\\\/smartfense.com\\\/es-ar\\\/?s={search_term_string}\"},\"query-input\":{\"@type\":\"PropertyValueSpecification\",\"valueRequired\":true,\"valueName\":\"search_term_string\"}}],\"inLanguage\":\"es-AR\"},{\"@type\":\"Organization\",\"@id\":\"https:\\\/\\\/smartfense.com\\\/es-ar\\\/#organization\",\"name\":\"SMARTFENSE\",\"url\":\"https:\\\/\\\/smartfense.com\\\/es-ar\\\/\",\"logo\":{\"@type\":\"ImageObject\",\"inLanguage\":\"es-AR\",\"@id\":\"https:\\\/\\\/smartfense.com\\\/es-ar\\\/#\\\/schema\\\/logo\\\/image\\\/\",\"url\":\"https:\\\/\\\/smartfense.com\\\/wp-content\\\/uploads\\\/2023\\\/08\\\/logo-smartfense-240x40-1.png\",\"contentUrl\":\"https:\\\/\\\/smartfense.com\\\/wp-content\\\/uploads\\\/2023\\\/08\\\/logo-smartfense-240x40-1.png\",\"width\":241,\"height\":40,\"caption\":\"SMARTFENSE\"},\"image\":{\"@id\":\"https:\\\/\\\/smartfense.com\\\/es-ar\\\/#\\\/schema\\\/logo\\\/image\\\/\"}}]}<\/script>\n ","yoast_head_json":{"title":"P\u00edxel de seguimiento - SMARTFENSE - Concientizaci\u00f3n en ciberseguridad","robots":{"index":"index","follow":"follow","max-snippet":"max-snippet:-1","max-image-preview":"max-image-preview:large","max-video-preview":"max-video-preview:-1"},"canonical":"https:\/\/smartfense.com\/es-ar\/plataforma\/requisitos-minimos\/pixel-de-seguimiento\/","og_locale":"es_ES","og_type":"article","og_title":"P\u00edxel de seguimiento - SMARTFENSE - Concientizaci\u00f3n en ciberseguridad","og_description":"Los correos electr\u00f3nicos que son enviados desde la plataforma SMARTFENSE a los usuarios poseen un p\u00edxel de seguimiento transparente, que contiene una referencia un\u00edvoca al usuario destinatario. Este tipo de [&hellip;]","og_url":"https:\/\/smartfense.com\/es-ar\/plataforma\/requisitos-minimos\/pixel-de-seguimiento\/","og_site_name":"SMARTFENSE - Concientizaci\u00f3n en ciberseguridad","og_image":[{"width":1920,"height":1038,"url":"https:\/\/smartfense.com\/file\/2023\/11\/smretfense-cybersecurity-awareness-es.jpg","type":"image\/jpeg"}],"twitter_card":"summary_large_image","twitter_misc":{"Tiempo de lectura":"1 minuto"},"schema":{"@context":"https:\/\/schema.org","@graph":[{"@type":"WebPage","@id":"https:\/\/smartfense.com\/es-ar\/plataforma\/requisitos-minimos\/pixel-de-seguimiento\/","url":"https:\/\/smartfense.com\/es-ar\/plataforma\/requisitos-minimos\/pixel-de-seguimiento\/","name":"P\u00edxel de seguimiento - SMARTFENSE - Concientizaci\u00f3n en ciberseguridad","isPartOf":{"@id":"https:\/\/smartfense.com\/es-ar\/#website"},"datePublished":"2024-11-13T13:50:17+00:00","breadcrumb":{"@id":"https:\/\/smartfense.com\/es-ar\/plataforma\/requisitos-minimos\/pixel-de-seguimiento\/#breadcrumb"},"inLanguage":"es-AR","potentialAction":[{"@type":"ReadAction","target":["https:\/\/smartfense.com\/es-ar\/plataforma\/requisitos-minimos\/pixel-de-seguimiento\/"]}]},{"@type":"BreadcrumbList","@id":"https:\/\/smartfense.com\/es-ar\/plataforma\/requisitos-minimos\/pixel-de-seguimiento\/#breadcrumb","itemListElement":[{"@type":"ListItem","position":1,"name":"Portada","item":"https:\/\/smartfense.com\/es-ar\/concientizacion-en-ciberseguridad\/"},{"@type":"ListItem","position":2,"name":"Plataforma","item":"https:\/\/smartfense.com\/es-ar\/plataforma\/"},{"@type":"ListItem","position":3,"name":"Requisitos m\u00ednimos de SMARTFENSE","item":"https:\/\/smartfense.com\/es-ar\/plataforma\/requisitos-minimos\/"},{"@type":"ListItem","position":4,"name":"P\u00edxel de seguimiento"}]},{"@type":"WebSite","@id":"https:\/\/smartfense.com\/es-ar\/#website","url":"https:\/\/smartfense.com\/es-ar\/","name":"SMARTFENSE - Concienciaci\u00f3n en Ciberseguridad","description":"","publisher":{"@id":"https:\/\/smartfense.com\/es-ar\/#organization"},"potentialAction":[{"@type":"SearchAction","target":{"@type":"EntryPoint","urlTemplate":"https:\/\/smartfense.com\/es-ar\/?s={search_term_string}"},"query-input":{"@type":"PropertyValueSpecification","valueRequired":true,"valueName":"search_term_string"}}],"inLanguage":"es-AR"},{"@type":"Organization","@id":"https:\/\/smartfense.com\/es-ar\/#organization","name":"SMARTFENSE","url":"https:\/\/smartfense.com\/es-ar\/","logo":{"@type":"ImageObject","inLanguage":"es-AR","@id":"https:\/\/smartfense.com\/es-ar\/#\/schema\/logo\/image\/","url":"https:\/\/smartfense.com\/file\/2023\/08\/logo-smartfense-240x40-1.png","contentUrl":"https:\/\/smartfense.com\/file\/2023\/08\/logo-smartfense-240x40-1.png","width":241,"height":40,"caption":"SMARTFENSE"},"image":{"@id":"https:\/\/smartfense.com\/es-ar\/#\/schema\/logo\/image\/"}}]}},"_links":{"self":[{"href":"https:\/\/smartfense.com\/es-ar\/wp-json\/wp\/v2\/pages\/31894","targetHints":{"allow":["GET"]}}],"collection":[{"href":"https:\/\/smartfense.com\/es-ar\/wp-json\/wp\/v2\/pages"}],"about":[{"href":"https:\/\/smartfense.com\/es-ar\/wp-json\/wp\/v2\/types\/page"}],"author":[{"embeddable":true,"href":"https:\/\/smartfense.com\/es-ar\/wp-json\/wp\/v2\/users\/2"}],"replies":[{"embeddable":true,"href":"https:\/\/smartfense.com\/es-ar\/wp-json\/wp\/v2\/comments?post=31894"}],"version-history":[{"count":0,"href":"https:\/\/smartfense.com\/es-ar\/wp-json\/wp\/v2\/pages\/31894\/revisions"}],"up":[{"embeddable":true,"href":"https:\/\/smartfense.com\/es-ar\/wp-json\/wp\/v2\/pages\/31817"}],"wp:attachment":[{"href":"https:\/\/smartfense.com\/es-ar\/wp-json\/wp\/v2\/media?parent=31894"}],"curies":[{"name":"wp","href":"https:\/\/api.w.org\/{rel}","templated":true}]}}