{"id":31886,"date":"2024-11-13T13:50:09","date_gmt":"2024-11-13T12:50:09","guid":{"rendered":"https:\/\/smartfense.com\/plataforma\/requisitos-minimos\/tasa-de-carga-de-la-red\/"},"modified":"2024-11-13T13:50:09","modified_gmt":"2024-11-13T12:50:09","slug":"tasa-de-carga-de-la-red","status":"publish","type":"page","link":"https:\/\/smartfense.com\/es-ar\/plataforma\/requisitos-minimos\/tasa-de-carga-de-la-red\/","title":{"rendered":"Tasa de carga de la red"},"content":{"rendered":"<p>A la hora de implementar una plataforma SaaS en una organizaci\u00f3n es importante tener claro el consumo de Internet que pueda requerir.<\/p>\n<p><span style=\"font-weight: 400;\">A continuaci\u00f3n se detalla un an\u00e1lisis sobre la tasa de carga de la red que la organizaci\u00f3n puede esperar mediante el uso de los componentes de mayor consumo de la plataforma SMARTFENSE.<\/span><\/p>\n<h2><b>Campa\u00f1as de M\u00f3dulos interactivos<\/b><\/h2>\n<p><span style=\"font-weight: 400;\">Considerando que la plataforma procesa las im\u00e1genes que se suben, para diapositivas con 2 im\u00e1genes, el consumo de datos m\u00e1ximo al momento que el usuario se encuentre utilizando un m\u00f3dulo interactivo puede alcanzar 1 Mbps.<\/span><\/p>\n<p><span style=\"font-weight: 400;\">Para diapositivas con videos, la plataforma permite subir archivos de hasta 200 MB. En estos casos, el consumo de datos esperado al momento que el usuario se encuentre visualizando el video puede alcanzar los 5 Mbps.<\/span><\/p>\n<h2><b>Campa\u00f1as de Videos<\/b><\/h2>\n<p><span style=\"font-weight: 400;\">El consumo de datos m\u00e1ximo al momento que el usuario se encuentre visualizando el video puede alcanzar los 5 Mbps.<\/span><\/p>\n<h2><b>Escalado del consumo<\/b><\/h2>\n<p><span style=\"font-weight: 400;\">Al escalar este consumo a una determinada cantidad de usuarios se debe tener en cuenta que no es cuesti\u00f3n simplemente de multiplicar el consumo por la cantidad de usuarios, ya que existen memorias cach\u00e9 intermedias (en los dispositivos de red intermedios, en los ordenadores, en los navegadores, etc.) que impedir\u00edan que se descarguen copias de una misma imagen o video al ser consumidos por m\u00e1s de un usuario.<\/span><\/p>\n","protected":false},"excerpt":{"rendered":"<p>A la hora de implementar una plataforma SaaS en una organizaci\u00f3n es importante tener claro el consumo de Internet que pueda requerir. A continuaci\u00f3n se detalla un an\u00e1lisis sobre la [&hellip;]<\/p>\n","protected":false},"author":2,"featured_media":0,"parent":31817,"menu_order":0,"comment_status":"closed","ping_status":"closed","template":"","meta":{"_acf_changed":false,"footnotes":""},"class_list":["post-31886","page","type-page","status-publish","hentry"],"acf":[],"yoast_head":" \n<title>Tasa de carga de la red - SMARTFENSE - Concientizaci\u00f3n en ciberseguridad<\/title>\n<meta name=\"robots\" content=\"index, follow, max-snippet:-1, max-image-preview:large, max-video-preview:-1\" \/>\n<link rel=\"canonical\" href=\"https:\/\/smartfense.com\/es-ar\/plataforma\/requisitos-minimos\/tasa-de-carga-de-la-red\/\" \/>\n<meta property=\"og:locale\" content=\"es_ES\" \/>\n<meta property=\"og:type\" content=\"article\" \/>\n<meta property=\"og:title\" content=\"Tasa de carga de la red - SMARTFENSE - Concientizaci\u00f3n en ciberseguridad\" \/>\n<meta property=\"og:description\" content=\"A la hora de implementar una plataforma SaaS en una organizaci\u00f3n es importante tener claro el consumo de Internet que pueda requerir. A continuaci\u00f3n se detalla un an\u00e1lisis sobre la [&hellip;]\" \/>\n<meta property=\"og:url\" content=\"https:\/\/smartfense.com\/es-ar\/plataforma\/requisitos-minimos\/tasa-de-carga-de-la-red\/\" \/>\n<meta property=\"og:site_name\" content=\"SMARTFENSE - Concientizaci\u00f3n en ciberseguridad\" \/>\n<meta property=\"og:image\" content=\"https:\/\/smartfense.com\/file\/2023\/11\/smretfense-cybersecurity-awareness-es.jpg\" \/>\n\t<meta property=\"og:image:width\" content=\"1920\" \/>\n\t<meta property=\"og:image:height\" content=\"1038\" \/>\n\t<meta property=\"og:image:type\" content=\"image\/jpeg\" \/>\n<meta name=\"twitter:card\" content=\"summary_large_image\" \/>\n<meta name=\"twitter:label1\" content=\"Tiempo de lectura\" \/>\n\t<meta name=\"twitter:data1\" content=\"1 minuto\" \/>\n<script type=\"application\/ld+json\" class=\"yoast-schema-graph\">{\"@context\":\"https:\\\/\\\/schema.org\",\"@graph\":[{\"@type\":\"WebPage\",\"@id\":\"https:\\\/\\\/smartfense.com\\\/es-ar\\\/plataforma\\\/requisitos-minimos\\\/tasa-de-carga-de-la-red\\\/\",\"url\":\"https:\\\/\\\/smartfense.com\\\/es-ar\\\/plataforma\\\/requisitos-minimos\\\/tasa-de-carga-de-la-red\\\/\",\"name\":\"Tasa de carga de la red - SMARTFENSE - Concientizaci\u00f3n en ciberseguridad\",\"isPartOf\":{\"@id\":\"https:\\\/\\\/smartfense.com\\\/es-ar\\\/#website\"},\"datePublished\":\"2024-11-13T12:50:09+00:00\",\"breadcrumb\":{\"@id\":\"https:\\\/\\\/smartfense.com\\\/es-ar\\\/plataforma\\\/requisitos-minimos\\\/tasa-de-carga-de-la-red\\\/#breadcrumb\"},\"inLanguage\":\"es-AR\",\"potentialAction\":[{\"@type\":\"ReadAction\",\"target\":[\"https:\\\/\\\/smartfense.com\\\/es-ar\\\/plataforma\\\/requisitos-minimos\\\/tasa-de-carga-de-la-red\\\/\"]}]},{\"@type\":\"BreadcrumbList\",\"@id\":\"https:\\\/\\\/smartfense.com\\\/es-ar\\\/plataforma\\\/requisitos-minimos\\\/tasa-de-carga-de-la-red\\\/#breadcrumb\",\"itemListElement\":[{\"@type\":\"ListItem\",\"position\":1,\"name\":\"Portada\",\"item\":\"https:\\\/\\\/smartfense.com\\\/es-ar\\\/concientizacion-en-ciberseguridad\\\/\"},{\"@type\":\"ListItem\",\"position\":2,\"name\":\"Plataforma\",\"item\":\"https:\\\/\\\/smartfense.com\\\/es-ar\\\/plataforma\\\/\"},{\"@type\":\"ListItem\",\"position\":3,\"name\":\"Requisitos m\u00ednimos de SMARTFENSE\",\"item\":\"https:\\\/\\\/smartfense.com\\\/es-ar\\\/plataforma\\\/requisitos-minimos\\\/\"},{\"@type\":\"ListItem\",\"position\":4,\"name\":\"Tasa de carga de la red\"}]},{\"@type\":\"WebSite\",\"@id\":\"https:\\\/\\\/smartfense.com\\\/es-ar\\\/#website\",\"url\":\"https:\\\/\\\/smartfense.com\\\/es-ar\\\/\",\"name\":\"SMARTFENSE - Concienciaci\u00f3n en Ciberseguridad\",\"description\":\"\",\"publisher\":{\"@id\":\"https:\\\/\\\/smartfense.com\\\/es-ar\\\/#organization\"},\"potentialAction\":[{\"@type\":\"SearchAction\",\"target\":{\"@type\":\"EntryPoint\",\"urlTemplate\":\"https:\\\/\\\/smartfense.com\\\/es-ar\\\/?s={search_term_string}\"},\"query-input\":{\"@type\":\"PropertyValueSpecification\",\"valueRequired\":true,\"valueName\":\"search_term_string\"}}],\"inLanguage\":\"es-AR\"},{\"@type\":\"Organization\",\"@id\":\"https:\\\/\\\/smartfense.com\\\/es-ar\\\/#organization\",\"name\":\"SMARTFENSE\",\"url\":\"https:\\\/\\\/smartfense.com\\\/es-ar\\\/\",\"logo\":{\"@type\":\"ImageObject\",\"inLanguage\":\"es-AR\",\"@id\":\"https:\\\/\\\/smartfense.com\\\/es-ar\\\/#\\\/schema\\\/logo\\\/image\\\/\",\"url\":\"https:\\\/\\\/smartfense.com\\\/wp-content\\\/uploads\\\/2023\\\/08\\\/logo-smartfense-240x40-1.png\",\"contentUrl\":\"https:\\\/\\\/smartfense.com\\\/wp-content\\\/uploads\\\/2023\\\/08\\\/logo-smartfense-240x40-1.png\",\"width\":241,\"height\":40,\"caption\":\"SMARTFENSE\"},\"image\":{\"@id\":\"https:\\\/\\\/smartfense.com\\\/es-ar\\\/#\\\/schema\\\/logo\\\/image\\\/\"}}]}<\/script>\n ","yoast_head_json":{"title":"Tasa de carga de la red - SMARTFENSE - Concientizaci\u00f3n en ciberseguridad","robots":{"index":"index","follow":"follow","max-snippet":"max-snippet:-1","max-image-preview":"max-image-preview:large","max-video-preview":"max-video-preview:-1"},"canonical":"https:\/\/smartfense.com\/es-ar\/plataforma\/requisitos-minimos\/tasa-de-carga-de-la-red\/","og_locale":"es_ES","og_type":"article","og_title":"Tasa de carga de la red - SMARTFENSE - Concientizaci\u00f3n en ciberseguridad","og_description":"A la hora de implementar una plataforma SaaS en una organizaci\u00f3n es importante tener claro el consumo de Internet que pueda requerir. A continuaci\u00f3n se detalla un an\u00e1lisis sobre la [&hellip;]","og_url":"https:\/\/smartfense.com\/es-ar\/plataforma\/requisitos-minimos\/tasa-de-carga-de-la-red\/","og_site_name":"SMARTFENSE - Concientizaci\u00f3n en ciberseguridad","og_image":[{"width":1920,"height":1038,"url":"https:\/\/smartfense.com\/file\/2023\/11\/smretfense-cybersecurity-awareness-es.jpg","type":"image\/jpeg"}],"twitter_card":"summary_large_image","twitter_misc":{"Tiempo de lectura":"1 minuto"},"schema":{"@context":"https:\/\/schema.org","@graph":[{"@type":"WebPage","@id":"https:\/\/smartfense.com\/es-ar\/plataforma\/requisitos-minimos\/tasa-de-carga-de-la-red\/","url":"https:\/\/smartfense.com\/es-ar\/plataforma\/requisitos-minimos\/tasa-de-carga-de-la-red\/","name":"Tasa de carga de la red - SMARTFENSE - Concientizaci\u00f3n en ciberseguridad","isPartOf":{"@id":"https:\/\/smartfense.com\/es-ar\/#website"},"datePublished":"2024-11-13T12:50:09+00:00","breadcrumb":{"@id":"https:\/\/smartfense.com\/es-ar\/plataforma\/requisitos-minimos\/tasa-de-carga-de-la-red\/#breadcrumb"},"inLanguage":"es-AR","potentialAction":[{"@type":"ReadAction","target":["https:\/\/smartfense.com\/es-ar\/plataforma\/requisitos-minimos\/tasa-de-carga-de-la-red\/"]}]},{"@type":"BreadcrumbList","@id":"https:\/\/smartfense.com\/es-ar\/plataforma\/requisitos-minimos\/tasa-de-carga-de-la-red\/#breadcrumb","itemListElement":[{"@type":"ListItem","position":1,"name":"Portada","item":"https:\/\/smartfense.com\/es-ar\/concientizacion-en-ciberseguridad\/"},{"@type":"ListItem","position":2,"name":"Plataforma","item":"https:\/\/smartfense.com\/es-ar\/plataforma\/"},{"@type":"ListItem","position":3,"name":"Requisitos m\u00ednimos de SMARTFENSE","item":"https:\/\/smartfense.com\/es-ar\/plataforma\/requisitos-minimos\/"},{"@type":"ListItem","position":4,"name":"Tasa de carga de la red"}]},{"@type":"WebSite","@id":"https:\/\/smartfense.com\/es-ar\/#website","url":"https:\/\/smartfense.com\/es-ar\/","name":"SMARTFENSE - Concienciaci\u00f3n en Ciberseguridad","description":"","publisher":{"@id":"https:\/\/smartfense.com\/es-ar\/#organization"},"potentialAction":[{"@type":"SearchAction","target":{"@type":"EntryPoint","urlTemplate":"https:\/\/smartfense.com\/es-ar\/?s={search_term_string}"},"query-input":{"@type":"PropertyValueSpecification","valueRequired":true,"valueName":"search_term_string"}}],"inLanguage":"es-AR"},{"@type":"Organization","@id":"https:\/\/smartfense.com\/es-ar\/#organization","name":"SMARTFENSE","url":"https:\/\/smartfense.com\/es-ar\/","logo":{"@type":"ImageObject","inLanguage":"es-AR","@id":"https:\/\/smartfense.com\/es-ar\/#\/schema\/logo\/image\/","url":"https:\/\/smartfense.com\/file\/2023\/08\/logo-smartfense-240x40-1.png","contentUrl":"https:\/\/smartfense.com\/file\/2023\/08\/logo-smartfense-240x40-1.png","width":241,"height":40,"caption":"SMARTFENSE"},"image":{"@id":"https:\/\/smartfense.com\/es-ar\/#\/schema\/logo\/image\/"}}]}},"_links":{"self":[{"href":"https:\/\/smartfense.com\/es-ar\/wp-json\/wp\/v2\/pages\/31886","targetHints":{"allow":["GET"]}}],"collection":[{"href":"https:\/\/smartfense.com\/es-ar\/wp-json\/wp\/v2\/pages"}],"about":[{"href":"https:\/\/smartfense.com\/es-ar\/wp-json\/wp\/v2\/types\/page"}],"author":[{"embeddable":true,"href":"https:\/\/smartfense.com\/es-ar\/wp-json\/wp\/v2\/users\/2"}],"replies":[{"embeddable":true,"href":"https:\/\/smartfense.com\/es-ar\/wp-json\/wp\/v2\/comments?post=31886"}],"version-history":[{"count":0,"href":"https:\/\/smartfense.com\/es-ar\/wp-json\/wp\/v2\/pages\/31886\/revisions"}],"up":[{"embeddable":true,"href":"https:\/\/smartfense.com\/es-ar\/wp-json\/wp\/v2\/pages\/31817"}],"wp:attachment":[{"href":"https:\/\/smartfense.com\/es-ar\/wp-json\/wp\/v2\/media?parent=31886"}],"curies":[{"name":"wp","href":"https:\/\/api.w.org\/{rel}","templated":true}]}}