{"id":28034,"date":"2024-09-03T07:53:24","date_gmt":"2024-09-03T05:53:24","guid":{"rendered":"https:\/\/smartfense.com\/suscribete-a-nuestra-newsletter\/"},"modified":"2024-09-03T14:13:51","modified_gmt":"2024-09-03T12:13:51","slug":"suscribase-a-nuestra-newsletter","status":"publish","type":"page","link":"https:\/\/smartfense.com\/es-ar\/suscribase-a-nuestra-newsletter\/","title":{"rendered":"Suscr\u00edbase a nuestra newsletter"},"content":{"rendered":"\t\t<div data-elementor-type=\"wp-page\" data-elementor-id=\"28034\" class=\"elementor elementor-28034 elementor-28011\">\n\t\t\t\t<div class=\"elementor-element elementor-element-ca8b916 e-flex e-con-boxed e-con e-parent\" data-id=\"ca8b916\" data-element_type=\"container\">\n\t\t\t\t\t<div class=\"e-con-inner\">\n\t\t\t\t<div class=\"elementor-element elementor-element-d5a3042 elementor-widget elementor-widget-text-editor\" data-id=\"d5a3042\" data-element_type=\"widget\" data-widget_type=\"text-editor.default\">\n\t\t\t\t<div class=\"elementor-widget-container\">\n\t\t\t\t\t\t\t<p>Suscr\u00edbase para recibir las \u00faltimas noticias de nuestro blog de ciberseguridad y estar al d\u00eda de la actualidad de nuestra plataforma.<\/p>\n\t\t\t\t\t\t<\/div>\n\t\t\t\t<\/div>\n\t\t\t\t<div class=\"elementor-element elementor-element-2abf186 elementor-widget elementor-widget-shortcode\" data-id=\"2abf186\" data-element_type=\"widget\" data-widget_type=\"shortcode.default\">\n\t\t\t\t<div class=\"elementor-widget-container\">\n\t\t\t\t\t<div class=\"elementor-shortcode\"><div id=\"quform-d694c5\" class=\"quform quform-25 quform-support-page-caching\"><form id=\"quform-form-d694c5\" class=\"quform-form quform-form-25\" action=\"\/es-ar\/wp-json\/wp\/v2\/pages\/28034#quform-d694c5\" method=\"post\" enctype=\"multipart\/form-data\" novalidate=\"novalidate\" data-options=\"{&quot;id&quot;:25,&quot;uniqueId&quot;:&quot;d694c5&quot;,&quot;theme&quot;:&quot;&quot;,&quot;ajax&quot;:true,&quot;logic&quot;:{&quot;logic&quot;:[],&quot;dependents&quot;:[],&quot;elementIds&quot;:[],&quot;dependentElementIds&quot;:[],&quot;animate&quot;:true},&quot;currentPageId&quot;:1,&quot;errorsIcon&quot;:&quot;&quot;,&quot;updateFancybox&quot;:true,&quot;hasPages&quot;:false,&quot;pages&quot;:[1],&quot;pageProgressType&quot;:&quot;numbers&quot;,&quot;tooltipsEnabled&quot;:true,&quot;tooltipClasses&quot;:&quot;qtip-quform-dark qtip-shadow&quot;,&quot;tooltipMy&quot;:&quot;left center&quot;,&quot;tooltipAt&quot;:&quot;right center&quot;,&quot;isRtl&quot;:false,&quot;scrollOffset&quot;:-50,&quot;scrollSpeed&quot;:800}\"><button class=\"quform-default-submit\" name=\"quform_submit\" type=\"submit\" value=\"submit\" aria-hidden=\"true\" tabindex=\"-1\"><\/button><div class=\"quform-form-inner quform-form-inner-25\"><input type=\"hidden\" name=\"quform_form_id\" value=\"25\" \/><input type=\"hidden\" name=\"quform_form_uid\" value=\"d694c5\" \/><input type=\"hidden\" name=\"quform_count\" value=\"1\" \/><input type=\"hidden\" name=\"form_url\" value=\"https:\/\/smartfense.com\/es-ar\/wp-json\/wp\/v2\/pages\/28034\" \/><input type=\"hidden\" name=\"referring_url\" value=\"\" \/><input type=\"hidden\" name=\"post_id\" value=\"\" \/><input type=\"hidden\" name=\"post_title\" value=\"\" \/><input type=\"hidden\" name=\"quform_current_page_id\" value=\"1\" \/><input type=\"hidden\" name=\"quform_csrf_token\" value=\"xk760tY1mxEVDvWqfPop4Cuq9LfzZwmWmmYdqH11\" \/><div class=\"quform-elements quform-elements-25 quform-cf quform-responsive-elements-phone-portrait\"><div class=\"quform-element quform-element-page quform-page-1 quform-page-25_1 quform-cf quform-group-style-plain quform-first-page quform-last-page quform-current-page\"><div class=\"quform-child-elements\"><div class=\"quform-element quform-element-row quform-element-row-25_3 quform-2-columns quform-element-row-size-fixed quform-responsive-columns-phone-portrait\"><div class=\"quform-element quform-element-column quform-element-25_4\"><div class=\"quform-element quform-element-text quform-element-25_6 quform-cf quform-element-required\"><div class=\"quform-spacer\"><div class=\"quform-label quform-label-25_6\"><label class=\"quform-label-text\" for=\"quform_25_6_d694c5\">Nombre<span class=\"quform-required\">*<\/span><\/label><\/div><div class=\"quform-inner quform-inner-text quform-inner-25_6\"><div class=\"quform-input quform-input-text quform-input-25_6 quform-cf\"><input type=\"text\" id=\"quform_25_6_d694c5\" name=\"quform_25_6\" class=\"quform-field quform-field-text quform-field-25_6\" \/><\/div><\/div><\/div><\/div><\/div><div class=\"quform-element quform-element-column quform-element-25_5\"><div class=\"quform-element quform-element-email quform-element-25_7 quform-cf quform-element-required\"><div class=\"quform-spacer\"><div class=\"quform-label quform-label-25_7\"><label class=\"quform-label-text\" for=\"quform_25_7_d694c5\">Correo electr\u00f3nico<span class=\"quform-required\">*<\/span><\/label><\/div><div class=\"quform-inner quform-inner-email quform-inner-25_7\"><div class=\"quform-input quform-input-email quform-input-25_7 quform-cf\"><input type=\"email\" id=\"quform_25_7_d694c5\" name=\"quform_25_7\" class=\"quform-field quform-field-email quform-field-25_7\" \/><\/div><\/div><\/div><\/div><\/div><\/div><div class=\"quform-element quform-element-checkbox quform-element-25_8 quform-cf quform-element-required\"><div class=\"quform-spacer\"><div class=\"quform-inner quform-inner-checkbox quform-inner-25_8\"><div class=\"quform-input quform-input-checkbox quform-input-25_8 quform-cf\"><div class=\"quform-options quform-cf quform-options-block quform-options-simple\"><div class=\"quform-option\"><input type=\"checkbox\" name=\"quform_25_8[]\" id=\"quform_25_8_d694c5_1\" class=\"quform-field quform-field-checkbox quform-field-25_8 quform-field-25_8_1\" value=\"He le\u00eddo, comprendo y acepto la &lt;a href=&quot;https:\/\/smartfense.com\/politica-de-privacidad\/&quot; target=&quot;_blank&quot;&gt;pol\u00edtica de privacidad&lt;\/a&gt;\" \/><label for=\"quform_25_8_d694c5_1\" class=\"quform-option-label quform-option-label-25_8_1\"><span class=\"quform-option-text\">He le\u00eddo, comprendo y acepto la <a href=\"https:\/\/smartfense.com\/politica-de-privacidad\/\" target=\"_blank\">pol\u00edtica de privacidad<\/a><\/span><\/label><\/div><\/div><\/div><\/div><\/div><\/div><div class=\"quform-element quform-element-recaptcha quform-element-25_10 quform-cf quform-element-required quform-recaptcha-no-size\"><div class=\"quform-spacer\"><div class=\"quform-inner quform-inner-recaptcha quform-inner-25_10\"><div class=\"quform-input quform-input-recaptcha quform-input-25_10 quform-cf\"><div class=\"quform-recaptcha\" data-config=\"{&quot;sitekey&quot;:&quot;6LcHbQUpAAAAACiW4CedsUFcHBkeoK26KnIPhrRC&quot;,&quot;_version&quot;:&quot;v3&quot;,&quot;size&quot;:&quot;invisible&quot;,&quot;type&quot;:&quot;image&quot;,&quot;theme&quot;:&quot;light&quot;,&quot;badge&quot;:&quot;bottomright&quot;}\"><\/div><noscript>Please enable JavaScript to submit this form.<\/noscript><\/div><\/div><\/div><\/div><div class=\"quform-element quform-element-submit quform-element-25_2 quform-cf quform-button-style-hollow-rounded quform-button-size-medium quform-button-width-medium\"><div class=\"quform-button-submit quform-button-submit-default quform-button-submit-25_2 quform-button-icon-right\" data-animation=\"one\"><button name=\"quform_submit\" type=\"submit\" class=\"quform-submit\" value=\"submit\"><span class=\"quform-button-text quform-button-submit-text\">Suscribirse<\/span><span class=\"quform-button-icon quform-button-submit-icon\"><i class=\"qicon-send\"><\/i><\/span><\/button><\/div><div class=\"quform-loading quform-loading-position-left quform-loading-type-spinner-1\"><div class=\"quform-loading-inner\"><div class=\"quform-loading-spinner\"><div class=\"quform-loading-spinner-inner\"><\/div><\/div><\/div><\/div><\/div><div class=\"quform-element-tree\"><label for=\"quform_25_0_d694c5\">This field should be left blank<\/label><input type=\"text\" id=\"quform_25_0_d694c5\" name=\"quform_25_0\" class=\"quform-field quform-field-tree quform-field-25_0\" tabindex=\"-1\" autocomplete=\"off\" \/><\/div><\/div><\/div><\/div><\/div><\/form><\/div><\/div>\n\t\t\t\t<\/div>\n\t\t\t\t<\/div>\n\t\t\t\t<div class=\"elementor-element elementor-element-a209a09 elementor-widget elementor-widget-spacer\" data-id=\"a209a09\" data-element_type=\"widget\" data-widget_type=\"spacer.default\">\n\t\t\t\t<div class=\"elementor-widget-container\">\n\t\t\t\t\t<div class=\"elementor-spacer\">\n\t\t\t<div class=\"elementor-spacer-inner\"><\/div>\n\t\t<\/div>\n\t\t\t\t<\/div>\n\t\t\t\t<\/div>\n\t\t\t\t<div class=\"elementor-element elementor-element-47f2ba6 elementor-widget elementor-widget-text-editor\" data-id=\"47f2ba6\" data-element_type=\"widget\" data-widget_type=\"text-editor.default\">\n\t\t\t\t<div class=\"elementor-widget-container\">\n\t\t\t\t\t\t\t<h6>Puede darse de baja en cualquier momento.<\/h6>\n\t\t\t\t\t\t<\/div>\n\t\t\t\t<\/div>\n\t\t\t\t\t<\/div>\n\t\t\t\t<\/div>\n\t\t\t\t<\/div>\n\t\t","protected":false},"excerpt":{"rendered":"<p>Suscr\u00edbase para recibir las \u00faltimas noticias de nuestro blog de ciberseguridad y estar al d\u00eda de la actualidad de nuestra plataforma. Puede darse de baja en cualquier momento.<\/p>\n","protected":false},"author":1,"featured_media":0,"parent":0,"menu_order":0,"comment_status":"closed","ping_status":"closed","template":"elementor_header_footer","meta":{"_acf_changed":false,"footnotes":""},"class_list":["post-28034","page","type-page","status-publish","hentry"],"acf":[],"yoast_head":" \n<title>Suscr\u00edbase a nuestra newsletter - SMARTFENSE - Concientizaci\u00f3n en ciberseguridad<\/title>\n<meta name=\"description\" content=\"Suscr\u00edbase para recibir las \u00faltimas noticias de nuestro blog de ciberseguridad y estar al d\u00eda de la actualidad de nuestra plataforma.\" \/>\n<meta name=\"robots\" content=\"index, follow, max-snippet:-1, max-image-preview:large, max-video-preview:-1\" \/>\n<link rel=\"canonical\" href=\"https:\/\/smartfense.com\/es-ar\/suscribase-a-nuestra-newsletter\/\" \/>\n<meta property=\"og:locale\" content=\"es_ES\" \/>\n<meta property=\"og:type\" content=\"article\" \/>\n<meta property=\"og:title\" content=\"Suscr\u00edbase a nuestra newsletter - SMARTFENSE - Concientizaci\u00f3n en ciberseguridad\" \/>\n<meta property=\"og:description\" content=\"Suscr\u00edbase para recibir las \u00faltimas noticias de nuestro blog de ciberseguridad y estar al d\u00eda de la actualidad de nuestra plataforma.\" \/>\n<meta property=\"og:url\" content=\"https:\/\/smartfense.com\/es-ar\/suscribase-a-nuestra-newsletter\/\" \/>\n<meta property=\"og:site_name\" content=\"SMARTFENSE - Concientizaci\u00f3n en ciberseguridad\" \/>\n<meta property=\"article:modified_time\" content=\"2024-09-03T12:13:51+00:00\" \/>\n<meta property=\"og:image\" content=\"https:\/\/smartfense.com\/file\/2023\/11\/smretfense-cybersecurity-awareness-es.jpg\" \/>\n\t<meta property=\"og:image:width\" content=\"1920\" \/>\n\t<meta property=\"og:image:height\" content=\"1038\" \/>\n\t<meta property=\"og:image:type\" content=\"image\/jpeg\" \/>\n<meta name=\"twitter:card\" content=\"summary_large_image\" \/>\n<meta name=\"twitter:label1\" content=\"Tiempo de lectura\" \/>\n\t<meta name=\"twitter:data1\" content=\"1 minuto\" \/>\n<script type=\"application\/ld+json\" class=\"yoast-schema-graph\">{\"@context\":\"https:\\\/\\\/schema.org\",\"@graph\":[{\"@type\":\"WebPage\",\"@id\":\"https:\\\/\\\/smartfense.com\\\/es-ar\\\/suscribase-a-nuestra-newsletter\\\/\",\"url\":\"https:\\\/\\\/smartfense.com\\\/es-ar\\\/suscribase-a-nuestra-newsletter\\\/\",\"name\":\"Suscr\u00edbase a nuestra newsletter - SMARTFENSE - Concientizaci\u00f3n en ciberseguridad\",\"isPartOf\":{\"@id\":\"https:\\\/\\\/smartfense.com\\\/es-ar\\\/#website\"},\"datePublished\":\"2024-09-03T05:53:24+00:00\",\"dateModified\":\"2024-09-03T12:13:51+00:00\",\"description\":\"Suscr\u00edbase para recibir las \u00faltimas noticias de nuestro blog de ciberseguridad y estar al d\u00eda de la actualidad de nuestra plataforma.\",\"breadcrumb\":{\"@id\":\"https:\\\/\\\/smartfense.com\\\/es-ar\\\/suscribase-a-nuestra-newsletter\\\/#breadcrumb\"},\"inLanguage\":\"es-AR\",\"potentialAction\":[{\"@type\":\"ReadAction\",\"target\":[\"https:\\\/\\\/smartfense.com\\\/es-ar\\\/suscribase-a-nuestra-newsletter\\\/\"]}]},{\"@type\":\"BreadcrumbList\",\"@id\":\"https:\\\/\\\/smartfense.com\\\/es-ar\\\/suscribase-a-nuestra-newsletter\\\/#breadcrumb\",\"itemListElement\":[{\"@type\":\"ListItem\",\"position\":1,\"name\":\"Portada\",\"item\":\"https:\\\/\\\/smartfense.com\\\/es-ar\\\/concientizacion-en-ciberseguridad\\\/\"},{\"@type\":\"ListItem\",\"position\":2,\"name\":\"Suscr\u00edbase a nuestra newsletter\"}]},{\"@type\":\"WebSite\",\"@id\":\"https:\\\/\\\/smartfense.com\\\/es-ar\\\/#website\",\"url\":\"https:\\\/\\\/smartfense.com\\\/es-ar\\\/\",\"name\":\"SMARTFENSE - Concienciaci\u00f3n en Ciberseguridad\",\"description\":\"\",\"publisher\":{\"@id\":\"https:\\\/\\\/smartfense.com\\\/es-ar\\\/#organization\"},\"potentialAction\":[{\"@type\":\"SearchAction\",\"target\":{\"@type\":\"EntryPoint\",\"urlTemplate\":\"https:\\\/\\\/smartfense.com\\\/es-ar\\\/?s={search_term_string}\"},\"query-input\":{\"@type\":\"PropertyValueSpecification\",\"valueRequired\":true,\"valueName\":\"search_term_string\"}}],\"inLanguage\":\"es-AR\"},{\"@type\":\"Organization\",\"@id\":\"https:\\\/\\\/smartfense.com\\\/es-ar\\\/#organization\",\"name\":\"SMARTFENSE\",\"url\":\"https:\\\/\\\/smartfense.com\\\/es-ar\\\/\",\"logo\":{\"@type\":\"ImageObject\",\"inLanguage\":\"es-AR\",\"@id\":\"https:\\\/\\\/smartfense.com\\\/es-ar\\\/#\\\/schema\\\/logo\\\/image\\\/\",\"url\":\"https:\\\/\\\/smartfense.com\\\/wp-content\\\/uploads\\\/2023\\\/08\\\/logo-smartfense-240x40-1.png\",\"contentUrl\":\"https:\\\/\\\/smartfense.com\\\/wp-content\\\/uploads\\\/2023\\\/08\\\/logo-smartfense-240x40-1.png\",\"width\":241,\"height\":40,\"caption\":\"SMARTFENSE\"},\"image\":{\"@id\":\"https:\\\/\\\/smartfense.com\\\/es-ar\\\/#\\\/schema\\\/logo\\\/image\\\/\"}}]}<\/script>\n ","yoast_head_json":{"title":"Suscr\u00edbase a nuestra newsletter - SMARTFENSE - Concientizaci\u00f3n en ciberseguridad","description":"Suscr\u00edbase para recibir las \u00faltimas noticias de nuestro blog de ciberseguridad y estar al d\u00eda de la actualidad de nuestra plataforma.","robots":{"index":"index","follow":"follow","max-snippet":"max-snippet:-1","max-image-preview":"max-image-preview:large","max-video-preview":"max-video-preview:-1"},"canonical":"https:\/\/smartfense.com\/es-ar\/suscribase-a-nuestra-newsletter\/","og_locale":"es_ES","og_type":"article","og_title":"Suscr\u00edbase a nuestra newsletter - SMARTFENSE - Concientizaci\u00f3n en ciberseguridad","og_description":"Suscr\u00edbase para recibir las \u00faltimas noticias de nuestro blog de ciberseguridad y estar al d\u00eda de la actualidad de nuestra plataforma.","og_url":"https:\/\/smartfense.com\/es-ar\/suscribase-a-nuestra-newsletter\/","og_site_name":"SMARTFENSE - Concientizaci\u00f3n en ciberseguridad","article_modified_time":"2024-09-03T12:13:51+00:00","og_image":[{"width":1920,"height":1038,"url":"https:\/\/smartfense.com\/file\/2023\/11\/smretfense-cybersecurity-awareness-es.jpg","type":"image\/jpeg"}],"twitter_card":"summary_large_image","twitter_misc":{"Tiempo de lectura":"1 minuto"},"schema":{"@context":"https:\/\/schema.org","@graph":[{"@type":"WebPage","@id":"https:\/\/smartfense.com\/es-ar\/suscribase-a-nuestra-newsletter\/","url":"https:\/\/smartfense.com\/es-ar\/suscribase-a-nuestra-newsletter\/","name":"Suscr\u00edbase a nuestra newsletter - SMARTFENSE - Concientizaci\u00f3n en ciberseguridad","isPartOf":{"@id":"https:\/\/smartfense.com\/es-ar\/#website"},"datePublished":"2024-09-03T05:53:24+00:00","dateModified":"2024-09-03T12:13:51+00:00","description":"Suscr\u00edbase para recibir las \u00faltimas noticias de nuestro blog de ciberseguridad y estar al d\u00eda de la actualidad de nuestra plataforma.","breadcrumb":{"@id":"https:\/\/smartfense.com\/es-ar\/suscribase-a-nuestra-newsletter\/#breadcrumb"},"inLanguage":"es-AR","potentialAction":[{"@type":"ReadAction","target":["https:\/\/smartfense.com\/es-ar\/suscribase-a-nuestra-newsletter\/"]}]},{"@type":"BreadcrumbList","@id":"https:\/\/smartfense.com\/es-ar\/suscribase-a-nuestra-newsletter\/#breadcrumb","itemListElement":[{"@type":"ListItem","position":1,"name":"Portada","item":"https:\/\/smartfense.com\/es-ar\/concientizacion-en-ciberseguridad\/"},{"@type":"ListItem","position":2,"name":"Suscr\u00edbase a nuestra newsletter"}]},{"@type":"WebSite","@id":"https:\/\/smartfense.com\/es-ar\/#website","url":"https:\/\/smartfense.com\/es-ar\/","name":"SMARTFENSE - Concienciaci\u00f3n en Ciberseguridad","description":"","publisher":{"@id":"https:\/\/smartfense.com\/es-ar\/#organization"},"potentialAction":[{"@type":"SearchAction","target":{"@type":"EntryPoint","urlTemplate":"https:\/\/smartfense.com\/es-ar\/?s={search_term_string}"},"query-input":{"@type":"PropertyValueSpecification","valueRequired":true,"valueName":"search_term_string"}}],"inLanguage":"es-AR"},{"@type":"Organization","@id":"https:\/\/smartfense.com\/es-ar\/#organization","name":"SMARTFENSE","url":"https:\/\/smartfense.com\/es-ar\/","logo":{"@type":"ImageObject","inLanguage":"es-AR","@id":"https:\/\/smartfense.com\/es-ar\/#\/schema\/logo\/image\/","url":"https:\/\/smartfense.com\/file\/2023\/08\/logo-smartfense-240x40-1.png","contentUrl":"https:\/\/smartfense.com\/file\/2023\/08\/logo-smartfense-240x40-1.png","width":241,"height":40,"caption":"SMARTFENSE"},"image":{"@id":"https:\/\/smartfense.com\/es-ar\/#\/schema\/logo\/image\/"}}]}},"_links":{"self":[{"href":"https:\/\/smartfense.com\/es-ar\/wp-json\/wp\/v2\/pages\/28034","targetHints":{"allow":["GET"]}}],"collection":[{"href":"https:\/\/smartfense.com\/es-ar\/wp-json\/wp\/v2\/pages"}],"about":[{"href":"https:\/\/smartfense.com\/es-ar\/wp-json\/wp\/v2\/types\/page"}],"author":[{"embeddable":true,"href":"https:\/\/smartfense.com\/es-ar\/wp-json\/wp\/v2\/users\/1"}],"replies":[{"embeddable":true,"href":"https:\/\/smartfense.com\/es-ar\/wp-json\/wp\/v2\/comments?post=28034"}],"version-history":[{"count":2,"href":"https:\/\/smartfense.com\/es-ar\/wp-json\/wp\/v2\/pages\/28034\/revisions"}],"predecessor-version":[{"id":28082,"href":"https:\/\/smartfense.com\/es-ar\/wp-json\/wp\/v2\/pages\/28034\/revisions\/28082"}],"wp:attachment":[{"href":"https:\/\/smartfense.com\/es-ar\/wp-json\/wp\/v2\/media?parent=28034"}],"curies":[{"name":"wp","href":"https:\/\/api.w.org\/{rel}","templated":true}]}}