{"id":15682,"date":"2023-09-14T11:04:50","date_gmt":"2023-09-14T09:04:50","guid":{"rendered":"https:\/\/callidusprolab.com\/smartfense\/?page_id=15682"},"modified":"2024-09-18T11:20:44","modified_gmt":"2024-09-18T09:20:44","slug":"herramienta-en-mantenimiento","status":"publish","type":"page","link":"https:\/\/smartfense.com\/es-ar\/recursos\/herramientas\/herramienta-en-mantenimiento\/","title":{"rendered":"Herramienta en mantenimiento"},"content":{"rendered":"\t\t<div data-elementor-type=\"wp-page\" data-elementor-id=\"15682\" class=\"elementor elementor-15682 elementor-15680\">\n\t\t\t\t<div class=\"elementor-element elementor-element-baf7a35 e-flex e-con-boxed e-con e-parent\" data-id=\"baf7a35\" data-element_type=\"container\">\n\t\t\t\t\t<div class=\"e-con-inner\">\n\t\t<div class=\"elementor-element elementor-element-0acf31b e-con-full e-flex e-con e-child\" data-id=\"0acf31b\" data-element_type=\"container\">\n\t\t\t\t<div class=\"elementor-element elementor-element-ea301a2 elementor-widget elementor-widget-text-editor\" data-id=\"ea301a2\" data-element_type=\"widget\" data-widget_type=\"text-editor.default\">\n\t\t\t\t<div class=\"elementor-widget-container\">\n\t\t\t\t\t\t\t<p>Lamentamos informarte que la p\u00e1gina que deseas visitar se encuentra en mantenimiento en estos momentos.<\/p><p>Estamos realizando mejoras para brindarte un servicio m\u00e1s eficiente y a la brevedad estar\u00e1 disponible de nuevo.<\/p><p>Agradecemos tu comprensi\u00f3n y te pedimos disculpas por cualquier inconveniente que esto pueda causarte.<\/p><p>\u00a1Gracias por tu paciencia!<\/p><div>\u00a0<\/div>\t\t\t\t\t\t<\/div>\n\t\t\t\t<\/div>\n\t\t\t\t<\/div>\n\t\t<div class=\"elementor-element elementor-element-dae0d6d e-con-full e-flex elementor-invisible e-con e-child\" data-id=\"dae0d6d\" data-element_type=\"container\" data-settings=\"{&quot;animation&quot;:&quot;fadeInRight&quot;}\">\n\t\t\t\t<div class=\"elementor-element elementor-element-a1d5304 elementor-widget elementor-widget-image\" data-id=\"a1d5304\" data-element_type=\"widget\" data-widget_type=\"image.default\">\n\t\t\t\t<div class=\"elementor-widget-container\">\n\t\t\t\t\t\t\t\t\t\t\t\t\t<img fetchpriority=\"high\" decoding=\"async\" width=\"640\" height=\"336\" src=\"https:\/\/smartfense.com\/file\/2023\/07\/human_hacking_tecnicas_herramientas-1024x538.jpg\" class=\"attachment-large size-large wp-image-6929\" alt=\"\" srcset=\"https:\/\/smartfense.com\/file\/2023\/07\/human_hacking_tecnicas_herramientas-1024x538.jpg 1024w, https:\/\/smartfense.com\/file\/2023\/07\/human_hacking_tecnicas_herramientas-300x158.jpg 300w, https:\/\/smartfense.com\/file\/2023\/07\/human_hacking_tecnicas_herramientas-768x403.jpg 768w, https:\/\/smartfense.com\/file\/2023\/07\/human_hacking_tecnicas_herramientas.jpg 1200w\" sizes=\"(max-width: 640px) 100vw, 640px\" \/>\t\t\t\t\t\t\t\t\t\t\t\t\t<\/div>\n\t\t\t\t<\/div>\n\t\t\t\t<\/div>\n\t\t\t\t\t<\/div>\n\t\t\t\t<\/div>\n\t\t<div class=\"elementor-element elementor-element-4fbc8a6 e-flex e-con-boxed e-con e-parent\" data-id=\"4fbc8a6\" data-element_type=\"container\" data-settings=\"{&quot;animation&quot;:&quot;none&quot;}\">\n\t\t\t\t\t<div class=\"e-con-inner\">\n\t\t\t\t<div class=\"elementor-element elementor-element-b289a97 elementor-widget elementor-widget-post_list bdevs-el post_list\" data-id=\"b289a97\" data-element_type=\"widget\" data-widget_type=\"post_list.default\">\n\t\t\t\t<div class=\"elementor-widget-container\">\n\t\t\t\n\n\n <section class=\"blog__area pt-60 pb-60 p-relative\">\n\n\n <div class=\"container\">\n\n <div class=\"row\">\n\n <div class=\"col-12\">\n\n <div class=\"section__title-wrapper section__title-wrapper-2 mb-50 wow fadeInUp2 section-padding section-padding-2 p-0\" data-wow-delay=\".3s\">\n\n \n <span class=\"section__pre-title\">Desde nuestro Blog<\/span>\n\n \n\n\n <h2 class=\"section__title section__title-2 bdevs-el-title\">Quieres saber m\u00e1s sobre Cyber Seguridad?<\/h2>\n \n <\/div>\n\n <\/div>\n\n <\/div>\n\n <div class=\"row\">\n\n \n <div class=\"col-xxl-4 col-xl-4 col-lg-4 col-md-6 wow fadeInUp2\" data-wow-delay=\".3s\">\n\n <div class=\"blog__item white-bg mb-30 bdevselement-post-list\">\n\n \n <div class=\"blog__thumb fix w-img\">\n\n <a href=\"https:\/\/smartfense.com\/es-ar\/blog\/la-ley-marco-de-ciberseguridad-en-chile-y-el-nuevo-rol-de-la-concientizacion\/\">\n\n <img decoding=\"async\" src=\"https:\/\/smartfense.com\/file\/2025\/09\/Diseno-sin-titulo-10.jpg\" alt=\"image\">\n\n <\/a>\n\n <\/div>\n\n \n <div class=\"blog__content pt-20\">\n\n \n\n\n <h3 class=\"item_title bdevs-post-title blog__title\"><a href=\"https:\/\/smartfense.com\/es-ar\/blog\/la-ley-marco-de-ciberseguridad-en-chile-y-el-nuevo-rol-de-la-concientizacion\/\">La Ley Marco de Ciberseguridad en Chile y el nuevo rol de la concientizaci\u00f3n<\/a><\/h3><p>Con la entrada en vigor de la Agencia Nacional de Ciberseguridad (ANCI), Chile inicia un nuevo ciclo de gobernanza digital. Esta entidad no solo regular\u00e1 y fiscalizar\u00e1, sino que marcar\u00e1 [&hellip;]\n\n\n \n \n \n\n <\/div>\n\n <\/div>\n\n <\/div>\n\n \n <div class=\"col-xxl-4 col-xl-4 col-lg-4 col-md-6 wow fadeInUp2\" data-wow-delay=\".3s\">\n\n <div class=\"blog__item white-bg mb-30 bdevselement-post-list\">\n\n \n <div class=\"blog__thumb fix w-img\">\n\n <a href=\"https:\/\/smartfense.com\/es-ar\/blog\/cumplimiento-normativo-un-compromiso-sostenido-con-la-ciberseguridad\/\">\n\n <img decoding=\"async\" src=\"https:\/\/smartfense.com\/file\/2025\/08\/Sin-titulo-12.jpg\" alt=\"image\">\n\n <\/a>\n\n <\/div>\n\n \n <div class=\"blog__content pt-20\">\n\n \n\n\n <h3 class=\"item_title bdevs-post-title blog__title\"><a href=\"https:\/\/smartfense.com\/es-ar\/blog\/cumplimiento-normativo-un-compromiso-sostenido-con-la-ciberseguridad\/\">Cumplimiento normativo: un compromiso sostenido con la ciberseguridad<\/a><\/h3><p>En el contexto actual, hablar de cumplimiento normativo ya no es una cuesti\u00f3n exclusiva del \u00e1rea legal o de compliance. Las organizaciones, independientemente del sector al que pertenezcan, est\u00e1n expuestas [&hellip;]\n\n\n \n \n \n\n <\/div>\n\n <\/div>\n\n <\/div>\n\n \n <div class=\"col-xxl-4 col-xl-4 col-lg-4 col-md-6 wow fadeInUp2\" data-wow-delay=\".3s\">\n\n <div class=\"blog__item white-bg mb-30 bdevselement-post-list\">\n\n \n <div class=\"blog__thumb fix w-img\">\n\n <a href=\"https:\/\/smartfense.com\/es-ar\/blog\/lo-que-tu-siem-no-ve-y-los-atacantes-si-como-integrar-el-comportamiento-humano-a-tu-estrategia-de-deteccion\/\">\n\n <img decoding=\"async\" src=\"https:\/\/smartfense.com\/file\/2025\/07\/SIEM.jpg-1.webp\" alt=\"image\">\n\n <\/a>\n\n <\/div>\n\n \n <div class=\"blog__content pt-20\">\n\n \n\n\n <h3 class=\"item_title bdevs-post-title blog__title\"><a href=\"https:\/\/smartfense.com\/es-ar\/blog\/lo-que-tu-siem-no-ve-y-los-atacantes-si-como-integrar-el-comportamiento-humano-a-tu-estrategia-de-deteccion\/\">Lo que tu SIEM no ve (y los atacantes s\u00ed): c\u00f3mo integrar el comportamiento humano a tu estrategia de detecci\u00f3n<\/a><\/h3><p>En un ecosistema digital saturado de amenazas, donde el error humano sigue siendo el vector de ataque m\u00e1s com\u00fan, ya no se puede depender solo de firewalls, EDRs o monitoreos [&hellip;]\n\n\n \n \n \n\n <\/div>\n\n <\/div>\n\n <\/div>\n\n \n <\/div>\n\n <div class=\"row\">\n\n <div class=\"col-xxl-12 wow fadeInUp2\" data-wow-delay=\".9s\">\n\n <div class=\"blog__more text-center mt-40\">\n\n <a class=\"w-btn w-btn-6 bdevs-btn\" href=\"https:\/\/smartfense.com\/blog\/\" href=\"https:\/\/smartfense.com\/blog\/\">Ir al Blog<\/a>\n <\/div>\n\n <\/div>\n\n <\/div>\n\n <\/div>\n\n <\/section>\n\n\n\n \t\t<\/div>\n\t\t\t\t<\/div>\n\t\t\t\t\t<\/div>\n\t\t\t\t<\/div>\n\t\t\t\t<\/div>\n\t\t","protected":false},"excerpt":{"rendered":"<p>Lamentamos informarte que la p\u00e1gina que deseas visitar se encuentra en mantenimiento en estos momentos. Estamos realizando mejoras para brindarte un servicio m\u00e1s eficiente y a la brevedad estar\u00e1 disponible [&hellip;]<\/p>\n","protected":false},"author":1,"featured_media":6929,"parent":9237,"menu_order":0,"comment_status":"closed","ping_status":"closed","template":"elementor_header_footer","meta":{"_acf_changed":false,"footnotes":""},"class_list":["post-15682","page","type-page","status-publish","has-post-thumbnail","hentry"],"acf":[],"yoast_head":" \n<title>Herramienta en mantenimiento - SMARTFENSE - Concientizaci\u00f3n en ciberseguridad<\/title>\n<meta name=\"robots\" content=\"index, follow, max-snippet:-1, max-image-preview:large, max-video-preview:-1\" \/>\n<link rel=\"canonical\" href=\"https:\/\/smartfense.com\/es-ar\/recursos\/herramientas\/herramienta-en-mantenimiento\/\" \/>\n<meta property=\"og:locale\" content=\"es_ES\" \/>\n<meta property=\"og:type\" content=\"article\" \/>\n<meta property=\"og:title\" content=\"Herramienta en mantenimiento - SMARTFENSE - Concientizaci\u00f3n en ciberseguridad\" \/>\n<meta property=\"og:description\" content=\"Lamentamos informarte que la p\u00e1gina que deseas visitar se encuentra en mantenimiento en estos momentos. Estamos realizando mejoras para brindarte un servicio m\u00e1s eficiente y a la brevedad estar\u00e1 disponible [&hellip;]\" \/>\n<meta property=\"og:url\" content=\"https:\/\/smartfense.com\/es-ar\/recursos\/herramientas\/herramienta-en-mantenimiento\/\" \/>\n<meta property=\"og:site_name\" content=\"SMARTFENSE - Concientizaci\u00f3n en ciberseguridad\" \/>\n<meta property=\"article:modified_time\" content=\"2024-09-18T09:20:44+00:00\" \/>\n<meta property=\"og:image\" content=\"https:\/\/smartfense.com\/file\/2023\/07\/human_hacking_tecnicas_herramientas.jpg\" \/>\n\t<meta property=\"og:image:width\" content=\"1200\" \/>\n\t<meta property=\"og:image:height\" content=\"630\" \/>\n\t<meta property=\"og:image:type\" content=\"image\/jpeg\" \/>\n<meta name=\"twitter:card\" content=\"summary_large_image\" \/>\n<meta name=\"twitter:label1\" content=\"Tiempo de lectura\" \/>\n\t<meta name=\"twitter:data1\" content=\"2 minutos\" \/>\n<script type=\"application\/ld+json\" class=\"yoast-schema-graph\">{\"@context\":\"https:\\\/\\\/schema.org\",\"@graph\":[{\"@type\":\"WebPage\",\"@id\":\"https:\\\/\\\/smartfense.com\\\/es-ar\\\/recursos\\\/herramientas\\\/herramienta-en-mantenimiento\\\/\",\"url\":\"https:\\\/\\\/smartfense.com\\\/es-ar\\\/recursos\\\/herramientas\\\/herramienta-en-mantenimiento\\\/\",\"name\":\"Herramienta en mantenimiento - SMARTFENSE - Concientizaci\u00f3n en ciberseguridad\",\"isPartOf\":{\"@id\":\"https:\\\/\\\/smartfense.com\\\/es-ar\\\/#website\"},\"primaryImageOfPage\":{\"@id\":\"https:\\\/\\\/smartfense.com\\\/es-ar\\\/recursos\\\/herramientas\\\/herramienta-en-mantenimiento\\\/#primaryimage\"},\"image\":{\"@id\":\"https:\\\/\\\/smartfense.com\\\/es-ar\\\/recursos\\\/herramientas\\\/herramienta-en-mantenimiento\\\/#primaryimage\"},\"thumbnailUrl\":\"https:\\\/\\\/smartfense.com\\\/wp-content\\\/uploads\\\/2023\\\/07\\\/human_hacking_tecnicas_herramientas.jpg\",\"datePublished\":\"2023-09-14T09:04:50+00:00\",\"dateModified\":\"2024-09-18T09:20:44+00:00\",\"breadcrumb\":{\"@id\":\"https:\\\/\\\/smartfense.com\\\/es-ar\\\/recursos\\\/herramientas\\\/herramienta-en-mantenimiento\\\/#breadcrumb\"},\"inLanguage\":\"es-AR\",\"potentialAction\":[{\"@type\":\"ReadAction\",\"target\":[\"https:\\\/\\\/smartfense.com\\\/es-ar\\\/recursos\\\/herramientas\\\/herramienta-en-mantenimiento\\\/\"]}]},{\"@type\":\"ImageObject\",\"inLanguage\":\"es-AR\",\"@id\":\"https:\\\/\\\/smartfense.com\\\/es-ar\\\/recursos\\\/herramientas\\\/herramienta-en-mantenimiento\\\/#primaryimage\",\"url\":\"https:\\\/\\\/smartfense.com\\\/wp-content\\\/uploads\\\/2023\\\/07\\\/human_hacking_tecnicas_herramientas.jpg\",\"contentUrl\":\"https:\\\/\\\/smartfense.com\\\/wp-content\\\/uploads\\\/2023\\\/07\\\/human_hacking_tecnicas_herramientas.jpg\",\"width\":1200,\"height\":630},{\"@type\":\"BreadcrumbList\",\"@id\":\"https:\\\/\\\/smartfense.com\\\/es-ar\\\/recursos\\\/herramientas\\\/herramienta-en-mantenimiento\\\/#breadcrumb\",\"itemListElement\":[{\"@type\":\"ListItem\",\"position\":1,\"name\":\"Portada\",\"item\":\"https:\\\/\\\/smartfense.com\\\/es-ar\\\/concientizacion-en-ciberseguridad\\\/\"},{\"@type\":\"ListItem\",\"position\":2,\"name\":\"Recursos\",\"item\":\"https:\\\/\\\/smartfense.com\\\/es-ar\\\/recursos\\\/\"},{\"@type\":\"ListItem\",\"position\":3,\"name\":\"Herramientas Gratuitas\",\"item\":\"https:\\\/\\\/smartfense.com\\\/es-ar\\\/recursos\\\/herramientas\\\/\"},{\"@type\":\"ListItem\",\"position\":4,\"name\":\"Herramienta en mantenimiento\"}]},{\"@type\":\"WebSite\",\"@id\":\"https:\\\/\\\/smartfense.com\\\/es-ar\\\/#website\",\"url\":\"https:\\\/\\\/smartfense.com\\\/es-ar\\\/\",\"name\":\"SMARTFENSE - Concienciaci\u00f3n en Ciberseguridad\",\"description\":\"\",\"publisher\":{\"@id\":\"https:\\\/\\\/smartfense.com\\\/es-ar\\\/#organization\"},\"potentialAction\":[{\"@type\":\"SearchAction\",\"target\":{\"@type\":\"EntryPoint\",\"urlTemplate\":\"https:\\\/\\\/smartfense.com\\\/es-ar\\\/?s={search_term_string}\"},\"query-input\":{\"@type\":\"PropertyValueSpecification\",\"valueRequired\":true,\"valueName\":\"search_term_string\"}}],\"inLanguage\":\"es-AR\"},{\"@type\":\"Organization\",\"@id\":\"https:\\\/\\\/smartfense.com\\\/es-ar\\\/#organization\",\"name\":\"SMARTFENSE\",\"url\":\"https:\\\/\\\/smartfense.com\\\/es-ar\\\/\",\"logo\":{\"@type\":\"ImageObject\",\"inLanguage\":\"es-AR\",\"@id\":\"https:\\\/\\\/smartfense.com\\\/es-ar\\\/#\\\/schema\\\/logo\\\/image\\\/\",\"url\":\"https:\\\/\\\/smartfense.com\\\/wp-content\\\/uploads\\\/2023\\\/08\\\/logo-smartfense-240x40-1.png\",\"contentUrl\":\"https:\\\/\\\/smartfense.com\\\/wp-content\\\/uploads\\\/2023\\\/08\\\/logo-smartfense-240x40-1.png\",\"width\":241,\"height\":40,\"caption\":\"SMARTFENSE\"},\"image\":{\"@id\":\"https:\\\/\\\/smartfense.com\\\/es-ar\\\/#\\\/schema\\\/logo\\\/image\\\/\"}}]}<\/script>\n ","yoast_head_json":{"title":"Herramienta en mantenimiento - SMARTFENSE - Concientizaci\u00f3n en ciberseguridad","robots":{"index":"index","follow":"follow","max-snippet":"max-snippet:-1","max-image-preview":"max-image-preview:large","max-video-preview":"max-video-preview:-1"},"canonical":"https:\/\/smartfense.com\/es-ar\/recursos\/herramientas\/herramienta-en-mantenimiento\/","og_locale":"es_ES","og_type":"article","og_title":"Herramienta en mantenimiento - SMARTFENSE - Concientizaci\u00f3n en ciberseguridad","og_description":"Lamentamos informarte que la p\u00e1gina que deseas visitar se encuentra en mantenimiento en estos momentos. Estamos realizando mejoras para brindarte un servicio m\u00e1s eficiente y a la brevedad estar\u00e1 disponible [&hellip;]","og_url":"https:\/\/smartfense.com\/es-ar\/recursos\/herramientas\/herramienta-en-mantenimiento\/","og_site_name":"SMARTFENSE - Concientizaci\u00f3n en ciberseguridad","article_modified_time":"2024-09-18T09:20:44+00:00","og_image":[{"width":1200,"height":630,"url":"https:\/\/smartfense.com\/file\/2023\/07\/human_hacking_tecnicas_herramientas.jpg","type":"image\/jpeg"}],"twitter_card":"summary_large_image","twitter_misc":{"Tiempo de lectura":"2 minutos"},"schema":{"@context":"https:\/\/schema.org","@graph":[{"@type":"WebPage","@id":"https:\/\/smartfense.com\/es-ar\/recursos\/herramientas\/herramienta-en-mantenimiento\/","url":"https:\/\/smartfense.com\/es-ar\/recursos\/herramientas\/herramienta-en-mantenimiento\/","name":"Herramienta en mantenimiento - SMARTFENSE - Concientizaci\u00f3n en ciberseguridad","isPartOf":{"@id":"https:\/\/smartfense.com\/es-ar\/#website"},"primaryImageOfPage":{"@id":"https:\/\/smartfense.com\/es-ar\/recursos\/herramientas\/herramienta-en-mantenimiento\/#primaryimage"},"image":{"@id":"https:\/\/smartfense.com\/es-ar\/recursos\/herramientas\/herramienta-en-mantenimiento\/#primaryimage"},"thumbnailUrl":"https:\/\/smartfense.com\/file\/2023\/07\/human_hacking_tecnicas_herramientas.jpg","datePublished":"2023-09-14T09:04:50+00:00","dateModified":"2024-09-18T09:20:44+00:00","breadcrumb":{"@id":"https:\/\/smartfense.com\/es-ar\/recursos\/herramientas\/herramienta-en-mantenimiento\/#breadcrumb"},"inLanguage":"es-AR","potentialAction":[{"@type":"ReadAction","target":["https:\/\/smartfense.com\/es-ar\/recursos\/herramientas\/herramienta-en-mantenimiento\/"]}]},{"@type":"ImageObject","inLanguage":"es-AR","@id":"https:\/\/smartfense.com\/es-ar\/recursos\/herramientas\/herramienta-en-mantenimiento\/#primaryimage","url":"https:\/\/smartfense.com\/file\/2023\/07\/human_hacking_tecnicas_herramientas.jpg","contentUrl":"https:\/\/smartfense.com\/file\/2023\/07\/human_hacking_tecnicas_herramientas.jpg","width":1200,"height":630},{"@type":"BreadcrumbList","@id":"https:\/\/smartfense.com\/es-ar\/recursos\/herramientas\/herramienta-en-mantenimiento\/#breadcrumb","itemListElement":[{"@type":"ListItem","position":1,"name":"Portada","item":"https:\/\/smartfense.com\/es-ar\/concientizacion-en-ciberseguridad\/"},{"@type":"ListItem","position":2,"name":"Recursos","item":"https:\/\/smartfense.com\/es-ar\/recursos\/"},{"@type":"ListItem","position":3,"name":"Herramientas Gratuitas","item":"https:\/\/smartfense.com\/es-ar\/recursos\/herramientas\/"},{"@type":"ListItem","position":4,"name":"Herramienta en mantenimiento"}]},{"@type":"WebSite","@id":"https:\/\/smartfense.com\/es-ar\/#website","url":"https:\/\/smartfense.com\/es-ar\/","name":"SMARTFENSE - Concienciaci\u00f3n en Ciberseguridad","description":"","publisher":{"@id":"https:\/\/smartfense.com\/es-ar\/#organization"},"potentialAction":[{"@type":"SearchAction","target":{"@type":"EntryPoint","urlTemplate":"https:\/\/smartfense.com\/es-ar\/?s={search_term_string}"},"query-input":{"@type":"PropertyValueSpecification","valueRequired":true,"valueName":"search_term_string"}}],"inLanguage":"es-AR"},{"@type":"Organization","@id":"https:\/\/smartfense.com\/es-ar\/#organization","name":"SMARTFENSE","url":"https:\/\/smartfense.com\/es-ar\/","logo":{"@type":"ImageObject","inLanguage":"es-AR","@id":"https:\/\/smartfense.com\/es-ar\/#\/schema\/logo\/image\/","url":"https:\/\/smartfense.com\/file\/2023\/08\/logo-smartfense-240x40-1.png","contentUrl":"https:\/\/smartfense.com\/file\/2023\/08\/logo-smartfense-240x40-1.png","width":241,"height":40,"caption":"SMARTFENSE"},"image":{"@id":"https:\/\/smartfense.com\/es-ar\/#\/schema\/logo\/image\/"}}]}},"_links":{"self":[{"href":"https:\/\/smartfense.com\/es-ar\/wp-json\/wp\/v2\/pages\/15682","targetHints":{"allow":["GET"]}}],"collection":[{"href":"https:\/\/smartfense.com\/es-ar\/wp-json\/wp\/v2\/pages"}],"about":[{"href":"https:\/\/smartfense.com\/es-ar\/wp-json\/wp\/v2\/types\/page"}],"author":[{"embeddable":true,"href":"https:\/\/smartfense.com\/es-ar\/wp-json\/wp\/v2\/users\/1"}],"replies":[{"embeddable":true,"href":"https:\/\/smartfense.com\/es-ar\/wp-json\/wp\/v2\/comments?post=15682"}],"version-history":[{"count":3,"href":"https:\/\/smartfense.com\/es-ar\/wp-json\/wp\/v2\/pages\/15682\/revisions"}],"predecessor-version":[{"id":29600,"href":"https:\/\/smartfense.com\/es-ar\/wp-json\/wp\/v2\/pages\/15682\/revisions\/29600"}],"up":[{"embeddable":true,"href":"https:\/\/smartfense.com\/es-ar\/wp-json\/wp\/v2\/pages\/9237"}],"wp:featuredmedia":[{"embeddable":true,"href":"https:\/\/smartfense.com\/es-ar\/wp-json\/wp\/v2\/media\/6929"}],"wp:attachment":[{"href":"https:\/\/smartfense.com\/es-ar\/wp-json\/wp\/v2\/media?parent=15682"}],"curies":[{"name":"wp","href":"https:\/\/api.w.org\/{rel}","templated":true}]}}