{"id":11886,"date":"2023-08-22T10:29:08","date_gmt":"2023-08-22T08:29:08","guid":{"rendered":"https:\/\/callidusprolab.com\/smartfense\/?page_id=11886"},"modified":"2023-09-04T08:03:59","modified_gmt":"2023-09-04T08:03:59","slug":"vanta","status":"publish","type":"page","link":"https:\/\/smartfense.com\/es-ar\/vanta\/","title":{"rendered":"Integraci\u00f3n con Vanta"},"content":{"rendered":"\t\t<div data-elementor-type=\"wp-page\" data-elementor-id=\"11886\" class=\"elementor elementor-11886 elementor-11884\">\n\t\t\t\t<div class=\"elementor-element elementor-element-2c62b457 e-flex e-con-boxed e-con e-parent\" data-id=\"2c62b457\" data-element_type=\"container\">\n\t\t\t\t\t<div class=\"e-con-inner\">\n\t\t<div class=\"elementor-element elementor-element-3340e0a1 e-con-full e-flex e-con e-parent\" data-id=\"3340e0a1\" data-element_type=\"container\">\n\t\t\t\t<div class=\"elementor-element elementor-element-986b4da elementor-widget elementor-widget-text-editor\" data-id=\"986b4da\" data-element_type=\"widget\" data-widget_type=\"text-editor.default\">\n\t\t\t\t<div class=\"elementor-widget-container\">\n\t\t\t\t\t\t\t<p>Vanta es la plataforma de gesti\u00f3n de confianza l\u00edder que ayuda a simplificar y centralizar los flujos de trabajo de cumplimiento y seguridad para organizaciones de todos los tama\u00f1os. Miles de clientes conf\u00edan en Vanta para construir, mantener y demostrar su confianza de manera transparente y en tiempo real. Fundada en 2018, Vanta tiene clientes en 58 pa\u00edses con oficinas en Dubl\u00edn, Nueva York, San Francisco y S\u00eddney.<\/p><p>SMARTFENSE puede enviar registros de auditor\u00eda relacionados con su programa de concientizaci\u00f3n a Vanta autom\u00e1ticamente.<\/p><p>Para comenzar a utilizar esta integraci\u00f3n, inicie sesi\u00f3n en SMARTFENSE y simplemente configure la integraci\u00f3n entre ambas plataformas en la secci\u00f3n <strong>Configuraci\u00f3n &gt; Componentes &gt; Integraci\u00f3n con Vanta<\/strong> y estar\u00e1 listo para mantener su informaci\u00f3n sincronizada.<\/p><p>Si tiene alguna pregunta sobre esta funcionalidad, comun\u00edquese con su Partner integrador.<\/p>\t\t\t\t\t\t<\/div>\n\t\t\t\t<\/div>\n\t\t\t\t<\/div>\n\t\t<div class=\"elementor-element elementor-element-4fc1405f e-con-full e-flex elementor-invisible e-con e-parent\" data-id=\"4fc1405f\" data-element_type=\"container\" data-settings=\"{&quot;animation&quot;:&quot;fadeInRight&quot;}\">\n\t\t\t\t<div class=\"elementor-element elementor-element-2b2dbc57 elementor-widget elementor-widget-image\" data-id=\"2b2dbc57\" data-element_type=\"widget\" data-widget_type=\"image.default\">\n\t\t\t\t<div class=\"elementor-widget-container\">\n\t\t\t\t\t\t\t\t\t\t\t\t\t<img fetchpriority=\"high\" decoding=\"async\" width=\"383\" height=\"154\" src=\"https:\/\/smartfense.com\/file\/2023\/08\/vanta_logo.png\" class=\"attachment-large size-large wp-image-11898\" alt=\"\" srcset=\"https:\/\/smartfense.com\/file\/2023\/08\/vanta_logo.png 383w, https:\/\/smartfense.com\/file\/2023\/08\/vanta_logo-300x121.png 300w\" sizes=\"(max-width: 383px) 100vw, 383px\" \/>\t\t\t\t\t\t\t\t\t\t\t\t\t<\/div>\n\t\t\t\t<\/div>\n\t\t\t\t<\/div>\n\t\t\t\t\t<\/div>\n\t\t\t\t<\/div>\n\t\t\t\t<\/div>\n\t\t","protected":false},"excerpt":{"rendered":"<p>Vanta es la plataforma de gesti\u00f3n de confianza l\u00edder que ayuda a simplificar y centralizar los flujos de trabajo de cumplimiento y seguridad para organizaciones de todos los tama\u00f1os. Miles [&hellip;]<\/p>\n","protected":false},"author":1,"featured_media":11898,"parent":0,"menu_order":0,"comment_status":"closed","ping_status":"closed","template":"elementor_header_footer","meta":{"_acf_changed":false,"footnotes":""},"class_list":["post-11886","page","type-page","status-publish","has-post-thumbnail","hentry"],"acf":[],"yoast_head":" \n<title>Integraci\u00f3n con Vanta - SMARTFENSE - Concientizaci\u00f3n en ciberseguridad<\/title>\n<meta name=\"robots\" content=\"index, follow, max-snippet:-1, max-image-preview:large, max-video-preview:-1\" \/>\n<link rel=\"canonical\" href=\"https:\/\/smartfense.com\/es-ar\/vanta\/\" \/>\n<meta property=\"og:locale\" content=\"es_ES\" \/>\n<meta property=\"og:type\" content=\"article\" \/>\n<meta property=\"og:title\" content=\"Integraci\u00f3n con Vanta - SMARTFENSE - Concientizaci\u00f3n en ciberseguridad\" \/>\n<meta property=\"og:description\" content=\"Vanta es la plataforma de gesti\u00f3n de confianza l\u00edder que ayuda a simplificar y centralizar los flujos de trabajo de cumplimiento y seguridad para organizaciones de todos los tama\u00f1os. Miles [&hellip;]\" \/>\n<meta property=\"og:url\" content=\"https:\/\/smartfense.com\/es-ar\/vanta\/\" \/>\n<meta property=\"og:site_name\" content=\"SMARTFENSE - Concientizaci\u00f3n en ciberseguridad\" \/>\n<meta property=\"article:modified_time\" content=\"2023-09-04T08:03:59+00:00\" \/>\n<meta property=\"og:image\" content=\"https:\/\/smartfense.com\/file\/2023\/08\/vanta_logo.png\" \/>\n\t<meta property=\"og:image:width\" content=\"383\" \/>\n\t<meta property=\"og:image:height\" content=\"154\" \/>\n\t<meta property=\"og:image:type\" content=\"image\/png\" \/>\n<meta name=\"twitter:card\" content=\"summary_large_image\" \/>\n<meta name=\"twitter:label1\" content=\"Tiempo de lectura\" \/>\n\t<meta name=\"twitter:data1\" content=\"1 minuto\" \/>\n<script type=\"application\/ld+json\" class=\"yoast-schema-graph\">{\"@context\":\"https:\\\/\\\/schema.org\",\"@graph\":[{\"@type\":\"WebPage\",\"@id\":\"https:\\\/\\\/smartfense.com\\\/es-ar\\\/vanta\\\/\",\"url\":\"https:\\\/\\\/smartfense.com\\\/es-ar\\\/vanta\\\/\",\"name\":\"Integraci\u00f3n con Vanta - SMARTFENSE - Concientizaci\u00f3n en ciberseguridad\",\"isPartOf\":{\"@id\":\"https:\\\/\\\/smartfense.com\\\/es-ar\\\/#website\"},\"primaryImageOfPage\":{\"@id\":\"https:\\\/\\\/smartfense.com\\\/es-ar\\\/vanta\\\/#primaryimage\"},\"image\":{\"@id\":\"https:\\\/\\\/smartfense.com\\\/es-ar\\\/vanta\\\/#primaryimage\"},\"thumbnailUrl\":\"https:\\\/\\\/smartfense.com\\\/wp-content\\\/uploads\\\/2023\\\/08\\\/vanta_logo.png\",\"datePublished\":\"2023-08-22T08:29:08+00:00\",\"dateModified\":\"2023-09-04T08:03:59+00:00\",\"breadcrumb\":{\"@id\":\"https:\\\/\\\/smartfense.com\\\/es-ar\\\/vanta\\\/#breadcrumb\"},\"inLanguage\":\"es-AR\",\"potentialAction\":[{\"@type\":\"ReadAction\",\"target\":[\"https:\\\/\\\/smartfense.com\\\/es-ar\\\/vanta\\\/\"]}]},{\"@type\":\"ImageObject\",\"inLanguage\":\"es-AR\",\"@id\":\"https:\\\/\\\/smartfense.com\\\/es-ar\\\/vanta\\\/#primaryimage\",\"url\":\"https:\\\/\\\/smartfense.com\\\/wp-content\\\/uploads\\\/2023\\\/08\\\/vanta_logo.png\",\"contentUrl\":\"https:\\\/\\\/smartfense.com\\\/wp-content\\\/uploads\\\/2023\\\/08\\\/vanta_logo.png\",\"width\":383,\"height\":154},{\"@type\":\"BreadcrumbList\",\"@id\":\"https:\\\/\\\/smartfense.com\\\/es-ar\\\/vanta\\\/#breadcrumb\",\"itemListElement\":[{\"@type\":\"ListItem\",\"position\":1,\"name\":\"Portada\",\"item\":\"https:\\\/\\\/smartfense.com\\\/es-ar\\\/concientizacion-en-ciberseguridad\\\/\"},{\"@type\":\"ListItem\",\"position\":2,\"name\":\"Integraci\u00f3n con Vanta\"}]},{\"@type\":\"WebSite\",\"@id\":\"https:\\\/\\\/smartfense.com\\\/es-ar\\\/#website\",\"url\":\"https:\\\/\\\/smartfense.com\\\/es-ar\\\/\",\"name\":\"SMARTFENSE - Concienciaci\u00f3n en Ciberseguridad\",\"description\":\"\",\"publisher\":{\"@id\":\"https:\\\/\\\/smartfense.com\\\/es-ar\\\/#organization\"},\"potentialAction\":[{\"@type\":\"SearchAction\",\"target\":{\"@type\":\"EntryPoint\",\"urlTemplate\":\"https:\\\/\\\/smartfense.com\\\/es-ar\\\/?s={search_term_string}\"},\"query-input\":{\"@type\":\"PropertyValueSpecification\",\"valueRequired\":true,\"valueName\":\"search_term_string\"}}],\"inLanguage\":\"es-AR\"},{\"@type\":\"Organization\",\"@id\":\"https:\\\/\\\/smartfense.com\\\/es-ar\\\/#organization\",\"name\":\"SMARTFENSE\",\"url\":\"https:\\\/\\\/smartfense.com\\\/es-ar\\\/\",\"logo\":{\"@type\":\"ImageObject\",\"inLanguage\":\"es-AR\",\"@id\":\"https:\\\/\\\/smartfense.com\\\/es-ar\\\/#\\\/schema\\\/logo\\\/image\\\/\",\"url\":\"https:\\\/\\\/smartfense.com\\\/wp-content\\\/uploads\\\/2023\\\/08\\\/logo-smartfense-240x40-1.png\",\"contentUrl\":\"https:\\\/\\\/smartfense.com\\\/wp-content\\\/uploads\\\/2023\\\/08\\\/logo-smartfense-240x40-1.png\",\"width\":241,\"height\":40,\"caption\":\"SMARTFENSE\"},\"image\":{\"@id\":\"https:\\\/\\\/smartfense.com\\\/es-ar\\\/#\\\/schema\\\/logo\\\/image\\\/\"}}]}<\/script>\n ","yoast_head_json":{"title":"Integraci\u00f3n con Vanta - SMARTFENSE - Concientizaci\u00f3n en ciberseguridad","robots":{"index":"index","follow":"follow","max-snippet":"max-snippet:-1","max-image-preview":"max-image-preview:large","max-video-preview":"max-video-preview:-1"},"canonical":"https:\/\/smartfense.com\/es-ar\/vanta\/","og_locale":"es_ES","og_type":"article","og_title":"Integraci\u00f3n con Vanta - SMARTFENSE - Concientizaci\u00f3n en ciberseguridad","og_description":"Vanta es la plataforma de gesti\u00f3n de confianza l\u00edder que ayuda a simplificar y centralizar los flujos de trabajo de cumplimiento y seguridad para organizaciones de todos los tama\u00f1os. Miles [&hellip;]","og_url":"https:\/\/smartfense.com\/es-ar\/vanta\/","og_site_name":"SMARTFENSE - Concientizaci\u00f3n en ciberseguridad","article_modified_time":"2023-09-04T08:03:59+00:00","og_image":[{"width":383,"height":154,"url":"https:\/\/smartfense.com\/file\/2023\/08\/vanta_logo.png","type":"image\/png"}],"twitter_card":"summary_large_image","twitter_misc":{"Tiempo de lectura":"1 minuto"},"schema":{"@context":"https:\/\/schema.org","@graph":[{"@type":"WebPage","@id":"https:\/\/smartfense.com\/es-ar\/vanta\/","url":"https:\/\/smartfense.com\/es-ar\/vanta\/","name":"Integraci\u00f3n con Vanta - SMARTFENSE - Concientizaci\u00f3n en ciberseguridad","isPartOf":{"@id":"https:\/\/smartfense.com\/es-ar\/#website"},"primaryImageOfPage":{"@id":"https:\/\/smartfense.com\/es-ar\/vanta\/#primaryimage"},"image":{"@id":"https:\/\/smartfense.com\/es-ar\/vanta\/#primaryimage"},"thumbnailUrl":"https:\/\/smartfense.com\/file\/2023\/08\/vanta_logo.png","datePublished":"2023-08-22T08:29:08+00:00","dateModified":"2023-09-04T08:03:59+00:00","breadcrumb":{"@id":"https:\/\/smartfense.com\/es-ar\/vanta\/#breadcrumb"},"inLanguage":"es-AR","potentialAction":[{"@type":"ReadAction","target":["https:\/\/smartfense.com\/es-ar\/vanta\/"]}]},{"@type":"ImageObject","inLanguage":"es-AR","@id":"https:\/\/smartfense.com\/es-ar\/vanta\/#primaryimage","url":"https:\/\/smartfense.com\/file\/2023\/08\/vanta_logo.png","contentUrl":"https:\/\/smartfense.com\/file\/2023\/08\/vanta_logo.png","width":383,"height":154},{"@type":"BreadcrumbList","@id":"https:\/\/smartfense.com\/es-ar\/vanta\/#breadcrumb","itemListElement":[{"@type":"ListItem","position":1,"name":"Portada","item":"https:\/\/smartfense.com\/es-ar\/concientizacion-en-ciberseguridad\/"},{"@type":"ListItem","position":2,"name":"Integraci\u00f3n con Vanta"}]},{"@type":"WebSite","@id":"https:\/\/smartfense.com\/es-ar\/#website","url":"https:\/\/smartfense.com\/es-ar\/","name":"SMARTFENSE - Concienciaci\u00f3n en Ciberseguridad","description":"","publisher":{"@id":"https:\/\/smartfense.com\/es-ar\/#organization"},"potentialAction":[{"@type":"SearchAction","target":{"@type":"EntryPoint","urlTemplate":"https:\/\/smartfense.com\/es-ar\/?s={search_term_string}"},"query-input":{"@type":"PropertyValueSpecification","valueRequired":true,"valueName":"search_term_string"}}],"inLanguage":"es-AR"},{"@type":"Organization","@id":"https:\/\/smartfense.com\/es-ar\/#organization","name":"SMARTFENSE","url":"https:\/\/smartfense.com\/es-ar\/","logo":{"@type":"ImageObject","inLanguage":"es-AR","@id":"https:\/\/smartfense.com\/es-ar\/#\/schema\/logo\/image\/","url":"https:\/\/smartfense.com\/file\/2023\/08\/logo-smartfense-240x40-1.png","contentUrl":"https:\/\/smartfense.com\/file\/2023\/08\/logo-smartfense-240x40-1.png","width":241,"height":40,"caption":"SMARTFENSE"},"image":{"@id":"https:\/\/smartfense.com\/es-ar\/#\/schema\/logo\/image\/"}}]}},"_links":{"self":[{"href":"https:\/\/smartfense.com\/es-ar\/wp-json\/wp\/v2\/pages\/11886","targetHints":{"allow":["GET"]}}],"collection":[{"href":"https:\/\/smartfense.com\/es-ar\/wp-json\/wp\/v2\/pages"}],"about":[{"href":"https:\/\/smartfense.com\/es-ar\/wp-json\/wp\/v2\/types\/page"}],"author":[{"embeddable":true,"href":"https:\/\/smartfense.com\/es-ar\/wp-json\/wp\/v2\/users\/1"}],"replies":[{"embeddable":true,"href":"https:\/\/smartfense.com\/es-ar\/wp-json\/wp\/v2\/comments?post=11886"}],"version-history":[{"count":0,"href":"https:\/\/smartfense.com\/es-ar\/wp-json\/wp\/v2\/pages\/11886\/revisions"}],"wp:featuredmedia":[{"embeddable":true,"href":"https:\/\/smartfense.com\/es-ar\/wp-json\/wp\/v2\/media\/11898"}],"wp:attachment":[{"href":"https:\/\/smartfense.com\/es-ar\/wp-json\/wp\/v2\/media?parent=11886"}],"curies":[{"name":"wp","href":"https:\/\/api.w.org\/{rel}","templated":true}]}}