{"id":11022,"date":"2023-08-18T07:05:18","date_gmt":"2023-08-18T05:05:18","guid":{"rendered":"https:\/\/callidusprolab.com\/smartfense\/?page_id=11022"},"modified":"2023-11-14T16:46:51","modified_gmt":"2023-11-14T16:46:51","slug":"boton-reporte-phishing","status":"publish","type":"page","link":"https:\/\/smartfense.com\/es-ar\/productos\/plataforma\/boton-reporte-phishing\/","title":{"rendered":"Bot\u00f3n de reporte de Phishing"},"content":{"rendered":"\t\t<div data-elementor-type=\"wp-page\" data-elementor-id=\"11022\" class=\"elementor elementor-11022 elementor-11020\">\n\t\t\t\t<div class=\"elementor-element elementor-element-2c62b457 e-flex e-con-boxed e-con e-parent\" data-id=\"2c62b457\" data-element_type=\"container\">\n\t\t\t\t\t<div class=\"e-con-inner\">\n\t\t<div class=\"elementor-element elementor-element-3340e0a1 e-con-full e-flex e-con e-child\" data-id=\"3340e0a1\" data-element_type=\"container\">\n\t\t\t\t<div class=\"elementor-element elementor-element-566604ca elementor-widget elementor-widget-heading bdevs-el heading\" data-id=\"566604ca\" data-element_type=\"widget\" data-widget_type=\"heading.default\">\n\t\t\t\t<div class=\"elementor-widget-container\">\n\t\t\t\n\n\n \n <div class=\"section__title-wrapper wow fadeInUp2 section-heading p-0\" data-wow-delay=\".3s\">\n\n \n\n\n <h2 class=\"section__title section-title\">Bot\u00f3n de reporte de Phishing<\/h2>\n \n <\/div>\n\n \n\n \t\t<\/div>\n\t\t\t\t<\/div>\n\t\t\t\t<div class=\"elementor-element elementor-element-986b4da elementor-widget elementor-widget-text-editor\" data-id=\"986b4da\" data-element_type=\"widget\" data-widget_type=\"text-editor.default\">\n\t\t\t\t<div class=\"elementor-widget-container\">\n\t\t\t\t\t\t\t<p>El bot\u00f3n de reporte de Phishing permite a los usuarios de su organizaci\u00f3n <strong>alertar posibles casos de Phishing de manera segura<\/strong>, para su posterior an\u00e1lisis por el equipo de respuesta a incidentes.<\/p><p>Es una <strong>herramienta siempre disponible y sencilla de utilizar<\/strong> que permite marcar correos electr\u00f3nicos sospechosos. Promueve la <strong>creaci\u00f3n de h\u00e1bitos seguros<\/strong> mediante mensajes de agradecimiento y motivaci\u00f3n frente a cada reporte.<\/p><p>El bot\u00f3n de reporte de Phishing se integra a las campa\u00f1as de simulaci\u00f3n de SMARTFENSE, <strong>mostrando mensajes personalizados<\/strong> cuando los usuarios reportan un correo de la plataforma y recolectando <strong>m\u00e9tricas en tiempo real<\/strong> de todas las acciones.<\/p>\t\t\t\t\t\t<\/div>\n\t\t\t\t<\/div>\n\t\t\t\t<\/div>\n\t\t<div class=\"elementor-element elementor-element-4fc1405f e-con-full e-flex elementor-invisible e-con e-child\" data-id=\"4fc1405f\" data-element_type=\"container\" data-settings=\"{&quot;animation&quot;:&quot;fadeInRight&quot;}\">\n\t\t\t\t<div class=\"elementor-element elementor-element-2b2dbc57 elementor-widget elementor-widget-image\" data-id=\"2b2dbc57\" data-element_type=\"widget\" data-widget_type=\"image.default\">\n\t\t\t\t<div class=\"elementor-widget-container\">\n\t\t\t\t\t\t\t\t\t\t\t\t\t<img fetchpriority=\"high\" decoding=\"async\" width=\"640\" height=\"554\" src=\"https:\/\/smartfense.com\/file\/2023\/08\/phishingbutton-1024x886.png\" class=\"attachment-large size-large wp-image-11388\" alt=\"\" srcset=\"https:\/\/smartfense.com\/file\/2023\/08\/phishingbutton-1024x886.png 1024w, https:\/\/smartfense.com\/file\/2023\/08\/phishingbutton-300x260.png 300w, https:\/\/smartfense.com\/file\/2023\/08\/phishingbutton-768x664.png 768w, https:\/\/smartfense.com\/file\/2023\/08\/phishingbutton-1536x1329.png 1536w, https:\/\/smartfense.com\/file\/2023\/08\/phishingbutton.png 2000w\" sizes=\"(max-width: 640px) 100vw, 640px\" \/>\t\t\t\t\t\t\t\t\t\t\t\t\t<\/div>\n\t\t\t\t<\/div>\n\t\t\t\t<\/div>\n\t\t\t\t\t<\/div>\n\t\t\t\t<\/div>\n\t\t<div class=\"elementor-element elementor-element-75e6aa7 e-flex e-con-boxed e-con e-parent\" data-id=\"75e6aa7\" data-element_type=\"container\">\n\t\t\t\t\t<div class=\"e-con-inner\">\n\t\t<div class=\"elementor-element elementor-element-7ac23f7 e-con-full e-flex e-con e-child\" data-id=\"7ac23f7\" data-element_type=\"container\">\n\t\t\t\t<div class=\"elementor-element elementor-element-82e9351 elementor-widget elementor-widget-iconbox bdevs-el iconbox\" data-id=\"82e9351\" data-element_type=\"widget\" data-widget_type=\"iconbox.default\">\n\t\t\t\t<div class=\"elementor-widget-container\">\n\t\t\t\n\n\n <div class=\"services__inner hover__active mb-30 wow fadeInUp2\" data-wow-delay=\".3s\">\n\n <div class=\"services__item white-bg text-center transition-3 \">\n\n\n\n <div class=\"services__icon d-flex align-items-end justify-content-center\">\n\n \n <figure>\n\n <img decoding=\"async\" width=\"150\" height=\"150\" src=\"https:\/\/smartfense.com\/file\/2023\/11\/snap-150x150.png\" class=\"elementor-animation-disable-animation attachment-thumbnail size-thumbnail wp-image-17636\" alt=\"\" srcset=\"https:\/\/smartfense.com\/file\/2023\/11\/snap-150x150.png 150w, https:\/\/smartfense.com\/file\/2023\/11\/snap-300x300.png 300w, https:\/\/smartfense.com\/file\/2023\/11\/snap.png 512w\" sizes=\"(max-width: 150px) 100vw, 150px\" \/>\n <\/figure>\n\n \n <\/div>\n\n\n\n <div class=\"services__content\">\n\n <h3 class=\"services__title\">Sencillo<\/h3>\n\n\n \n <p>El bot\u00f3n de reporte de Phishing es realmente simple de utilizar. Los usuarios se sentir\u00e1n a gusto ayudando a proteger su organizaci\u00f3n.<br><br><br><\/p>\n\n \n\n\n <\/div>\n\n\n\n <\/div>\n\n <\/div>\n\n\n\n \t\t<\/div>\n\t\t\t\t<\/div>\n\t\t\t\t<\/div>\n\t\t<div class=\"elementor-element elementor-element-4e1e2b6 e-con-full e-flex e-con e-child\" data-id=\"4e1e2b6\" data-element_type=\"container\">\n\t\t\t\t<div class=\"elementor-element elementor-element-d9bbc02 elementor-widget elementor-widget-iconbox bdevs-el iconbox\" data-id=\"d9bbc02\" data-element_type=\"widget\" data-widget_type=\"iconbox.default\">\n\t\t\t\t<div class=\"elementor-widget-container\">\n\t\t\t\n\n\n <div class=\"services__inner hover__active mb-30 wow fadeInUp2\" data-wow-delay=\".3s\">\n\n <div class=\"services__item white-bg text-center transition-3 \">\n\n\n\n <div class=\"services__icon d-flex align-items-end justify-content-center\">\n\n \n <figure>\n\n <img decoding=\"async\" width=\"150\" height=\"150\" src=\"https:\/\/smartfense.com\/file\/2023\/11\/secure-shield-150x150.png\" class=\"elementor-animation-disable-animation attachment-thumbnail size-thumbnail wp-image-17641\" alt=\"\" srcset=\"https:\/\/smartfense.com\/file\/2023\/11\/secure-shield-150x150.png 150w, https:\/\/smartfense.com\/file\/2023\/11\/secure-shield-300x300.png 300w, https:\/\/smartfense.com\/file\/2023\/11\/secure-shield.png 512w\" sizes=\"(max-width: 150px) 100vw, 150px\" \/>\n <\/figure>\n\n \n <\/div>\n\n\n\n <div class=\"services__content\">\n\n <h3 class=\"services__title\">Efectivo<\/h3>\n\n\n \n <p>Los usuarios se convierten en una l\u00ednea de defensa activa generando alertas ante casos sospechosos. El equipo de respuesta a incidentes puede actuar de manera r\u00e1pida ante un posible ataque de Phishing.<\/p>\n\n \n\n\n <\/div>\n\n\n\n <\/div>\n\n <\/div>\n\n\n\n \t\t<\/div>\n\t\t\t\t<\/div>\n\t\t\t\t<\/div>\n\t\t<div class=\"elementor-element elementor-element-0871153 e-con-full e-flex e-con e-child\" data-id=\"0871153\" data-element_type=\"container\">\n\t\t\t\t<div class=\"elementor-element elementor-element-e1062e6 elementor-widget elementor-widget-iconbox bdevs-el iconbox\" data-id=\"e1062e6\" data-element_type=\"widget\" data-widget_type=\"iconbox.default\">\n\t\t\t\t<div class=\"elementor-widget-container\">\n\t\t\t\n\n\n <div class=\"services__inner hover__active mb-30 wow fadeInUp2\" data-wow-delay=\".3s\">\n\n <div class=\"services__item white-bg text-center transition-3 \">\n\n\n\n <div class=\"services__icon d-flex align-items-end justify-content-center\">\n\n \n <figure>\n\n <img loading=\"lazy\" decoding=\"async\" width=\"150\" height=\"150\" src=\"https:\/\/smartfense.com\/file\/2023\/11\/newsletter-1-150x150.png\" class=\"elementor-animation-disable-animation attachment-thumbnail size-thumbnail wp-image-17646\" alt=\"\" srcset=\"https:\/\/smartfense.com\/file\/2023\/11\/newsletter-1-150x150.png 150w, https:\/\/smartfense.com\/file\/2023\/11\/newsletter-1-300x300.png 300w, https:\/\/smartfense.com\/file\/2023\/11\/newsletter-1.png 512w\" sizes=\"(max-width: 150px) 100vw, 150px\" \/>\n <\/figure>\n\n \n <\/div>\n\n\n\n <div class=\"services__content\">\n\n <h3 class=\"services__title\">Multiplataforma<\/h3>\n\n\n \n <p>El complemento se integra en los clientes de correo electr\u00f3nico m\u00e1s populares.<br><br><br><br><\/p>\n\n \n\n\n <\/div>\n\n\n\n <\/div>\n\n <\/div>\n\n\n\n \t\t<\/div>\n\t\t\t\t<\/div>\n\t\t\t\t<\/div>\n\t\t\t\t\t<\/div>\n\t\t\t\t<\/div>\n\t\t<div class=\"elementor-element elementor-element-6b4eeed e-flex e-con-boxed e-con e-parent\" data-id=\"6b4eeed\" data-element_type=\"container\">\n\t\t\t\t\t<div class=\"e-con-inner\">\n\t\t\t\t<div class=\"elementor-element elementor-element-a5eae19 elementor-widget elementor-widget-text-editor\" data-id=\"a5eae19\" data-element_type=\"widget\" data-widget_type=\"text-editor.default\">\n\t\t\t\t<div class=\"elementor-widget-container\">\n\t\t\t\t\t\t\t<strong>Disclosure:\u00a0<\/strong><em>\u201cEl Bot\u00f3n de Reporte de Phishing de SMARTFENSE es un complemento que te ayudar\u00e1 a reportar de forma r\u00e1pida y sencilla los casos de phishing que recibas en tu casilla de correo de Google. Para su funcionamiento, la aplicaci\u00f3n realizar\u00e1 tratamiento de informaci\u00f3n y datos personales, en cumplimiento tanto de la\u00a0<a href=\"https:\/\/smartfense.com\/politica-de-privacidad\/\" target=\"_blank\" rel=\"noopener\">Pol\u00edtica de Privacidad de SMARTFENSE<\/a>\u00a0as\u00ed como de en cumplimiento de la Pol\u00edtica de Datos del Usuario de\u00a0<\/em><a href=\"https:\/\/developers.google.com\/terms\/api-services-user-data-policy#additional_requirements_for_specific_api_scopes\" target=\"_blank\" rel=\"noopener\"><em><u>Google API<\/u><\/em><\/a><em>, quedando inclu\u00eddos los Requisitos de Uso Limitado\u201d<\/em>\t\t\t\t\t\t<\/div>\n\t\t\t\t<\/div>\n\t\t\t\t<div class=\"elementor-element elementor-element-1e1053f elementor-widget elementor-widget-spacer\" data-id=\"1e1053f\" data-element_type=\"widget\" data-widget_type=\"spacer.default\">\n\t\t\t\t<div class=\"elementor-widget-container\">\n\t\t\t\t\t<div class=\"elementor-spacer\">\n\t\t\t<div class=\"elementor-spacer-inner\"><\/div>\n\t\t<\/div>\n\t\t\t\t<\/div>\n\t\t\t\t<\/div>\n\t\t\t\t\t<\/div>\n\t\t\t\t<\/div>\n\t\t\t\t<\/div>\n\t\t","protected":false},"excerpt":{"rendered":"<p>Bot\u00f3n de reporte de Phishing El bot\u00f3n de reporte de Phishing permite a los usuarios de su organizaci\u00f3n alertar posibles casos de Phishing de manera segura, para su posterior an\u00e1lisis [&hellip;]<\/p>\n","protected":false},"author":1,"featured_media":11388,"parent":11934,"menu_order":0,"comment_status":"closed","ping_status":"closed","template":"elementor_header_footer","meta":{"_acf_changed":false,"footnotes":""},"class_list":["post-11022","page","type-page","status-publish","has-post-thumbnail","hentry"],"acf":[],"yoast_head":" \n<title>Bot\u00f3n de reporte de Phishing - SMARTFENSE - Concientizaci\u00f3n en ciberseguridad<\/title>\n<meta name=\"robots\" content=\"index, follow, max-snippet:-1, max-image-preview:large, max-video-preview:-1\" \/>\n<link rel=\"canonical\" href=\"https:\/\/smartfense.com\/es-ar\/productos\/plataforma\/boton-reporte-phishing\/\" \/>\n<meta property=\"og:locale\" content=\"es_ES\" \/>\n<meta property=\"og:type\" content=\"article\" \/>\n<meta property=\"og:title\" content=\"Bot\u00f3n de reporte de Phishing - SMARTFENSE - Concientizaci\u00f3n en ciberseguridad\" \/>\n<meta property=\"og:description\" content=\"Bot\u00f3n de reporte de Phishing El bot\u00f3n de reporte de Phishing permite a los usuarios de su organizaci\u00f3n alertar posibles casos de Phishing de manera segura, para su posterior an\u00e1lisis [&hellip;]\" \/>\n<meta property=\"og:url\" content=\"https:\/\/smartfense.com\/es-ar\/productos\/plataforma\/boton-reporte-phishing\/\" \/>\n<meta property=\"og:site_name\" content=\"SMARTFENSE - Concientizaci\u00f3n en ciberseguridad\" \/>\n<meta property=\"article:modified_time\" content=\"2023-11-14T16:46:51+00:00\" \/>\n<meta property=\"og:image\" content=\"https:\/\/smartfense.com\/file\/2023\/08\/phishingbutton.png\" \/>\n\t<meta property=\"og:image:width\" content=\"2000\" \/>\n\t<meta property=\"og:image:height\" content=\"1730\" \/>\n\t<meta property=\"og:image:type\" content=\"image\/png\" \/>\n<meta name=\"twitter:card\" content=\"summary_large_image\" \/>\n<meta name=\"twitter:label1\" content=\"Tiempo de lectura\" \/>\n\t<meta name=\"twitter:data1\" content=\"2 minutos\" \/>\n<script type=\"application\/ld+json\" class=\"yoast-schema-graph\">{\"@context\":\"https:\\\/\\\/schema.org\",\"@graph\":[{\"@type\":\"WebPage\",\"@id\":\"https:\\\/\\\/smartfense.com\\\/es-ar\\\/productos\\\/plataforma\\\/boton-reporte-phishing\\\/\",\"url\":\"https:\\\/\\\/smartfense.com\\\/es-ar\\\/productos\\\/plataforma\\\/boton-reporte-phishing\\\/\",\"name\":\"Bot\u00f3n de reporte de Phishing - SMARTFENSE - Concientizaci\u00f3n en ciberseguridad\",\"isPartOf\":{\"@id\":\"https:\\\/\\\/smartfense.com\\\/es-ar\\\/#website\"},\"primaryImageOfPage\":{\"@id\":\"https:\\\/\\\/smartfense.com\\\/es-ar\\\/productos\\\/plataforma\\\/boton-reporte-phishing\\\/#primaryimage\"},\"image\":{\"@id\":\"https:\\\/\\\/smartfense.com\\\/es-ar\\\/productos\\\/plataforma\\\/boton-reporte-phishing\\\/#primaryimage\"},\"thumbnailUrl\":\"https:\\\/\\\/smartfense.com\\\/wp-content\\\/uploads\\\/2023\\\/08\\\/phishingbutton.png\",\"datePublished\":\"2023-08-18T05:05:18+00:00\",\"dateModified\":\"2023-11-14T16:46:51+00:00\",\"breadcrumb\":{\"@id\":\"https:\\\/\\\/smartfense.com\\\/es-ar\\\/productos\\\/plataforma\\\/boton-reporte-phishing\\\/#breadcrumb\"},\"inLanguage\":\"es-AR\",\"potentialAction\":[{\"@type\":\"ReadAction\",\"target\":[\"https:\\\/\\\/smartfense.com\\\/es-ar\\\/productos\\\/plataforma\\\/boton-reporte-phishing\\\/\"]}]},{\"@type\":\"ImageObject\",\"inLanguage\":\"es-AR\",\"@id\":\"https:\\\/\\\/smartfense.com\\\/es-ar\\\/productos\\\/plataforma\\\/boton-reporte-phishing\\\/#primaryimage\",\"url\":\"https:\\\/\\\/smartfense.com\\\/wp-content\\\/uploads\\\/2023\\\/08\\\/phishingbutton.png\",\"contentUrl\":\"https:\\\/\\\/smartfense.com\\\/wp-content\\\/uploads\\\/2023\\\/08\\\/phishingbutton.png\",\"width\":2000,\"height\":1730},{\"@type\":\"BreadcrumbList\",\"@id\":\"https:\\\/\\\/smartfense.com\\\/es-ar\\\/productos\\\/plataforma\\\/boton-reporte-phishing\\\/#breadcrumb\",\"itemListElement\":[{\"@type\":\"ListItem\",\"position\":1,\"name\":\"Portada\",\"item\":\"https:\\\/\\\/smartfense.com\\\/es-ar\\\/concientizacion-en-ciberseguridad\\\/\"},{\"@type\":\"ListItem\",\"position\":2,\"name\":\"productos\",\"item\":\"https:\\\/\\\/smartfense.com\\\/es-ar\\\/productos\\\/\"},{\"@type\":\"ListItem\",\"position\":3,\"name\":\"plataforma\",\"item\":\"https:\\\/\\\/smartfense.com\\\/es-ar\\\/productos\\\/plataforma\\\/\"},{\"@type\":\"ListItem\",\"position\":4,\"name\":\"Bot\u00f3n de reporte de Phishing\"}]},{\"@type\":\"WebSite\",\"@id\":\"https:\\\/\\\/smartfense.com\\\/es-ar\\\/#website\",\"url\":\"https:\\\/\\\/smartfense.com\\\/es-ar\\\/\",\"name\":\"SMARTFENSE - Concienciaci\u00f3n en Ciberseguridad\",\"description\":\"\",\"publisher\":{\"@id\":\"https:\\\/\\\/smartfense.com\\\/es-ar\\\/#organization\"},\"potentialAction\":[{\"@type\":\"SearchAction\",\"target\":{\"@type\":\"EntryPoint\",\"urlTemplate\":\"https:\\\/\\\/smartfense.com\\\/es-ar\\\/?s={search_term_string}\"},\"query-input\":{\"@type\":\"PropertyValueSpecification\",\"valueRequired\":true,\"valueName\":\"search_term_string\"}}],\"inLanguage\":\"es-AR\"},{\"@type\":\"Organization\",\"@id\":\"https:\\\/\\\/smartfense.com\\\/es-ar\\\/#organization\",\"name\":\"SMARTFENSE\",\"url\":\"https:\\\/\\\/smartfense.com\\\/es-ar\\\/\",\"logo\":{\"@type\":\"ImageObject\",\"inLanguage\":\"es-AR\",\"@id\":\"https:\\\/\\\/smartfense.com\\\/es-ar\\\/#\\\/schema\\\/logo\\\/image\\\/\",\"url\":\"https:\\\/\\\/smartfense.com\\\/wp-content\\\/uploads\\\/2023\\\/08\\\/logo-smartfense-240x40-1.png\",\"contentUrl\":\"https:\\\/\\\/smartfense.com\\\/wp-content\\\/uploads\\\/2023\\\/08\\\/logo-smartfense-240x40-1.png\",\"width\":241,\"height\":40,\"caption\":\"SMARTFENSE\"},\"image\":{\"@id\":\"https:\\\/\\\/smartfense.com\\\/es-ar\\\/#\\\/schema\\\/logo\\\/image\\\/\"}}]}<\/script>\n ","yoast_head_json":{"title":"Bot\u00f3n de reporte de Phishing - SMARTFENSE - Concientizaci\u00f3n en ciberseguridad","robots":{"index":"index","follow":"follow","max-snippet":"max-snippet:-1","max-image-preview":"max-image-preview:large","max-video-preview":"max-video-preview:-1"},"canonical":"https:\/\/smartfense.com\/es-ar\/productos\/plataforma\/boton-reporte-phishing\/","og_locale":"es_ES","og_type":"article","og_title":"Bot\u00f3n de reporte de Phishing - SMARTFENSE - Concientizaci\u00f3n en ciberseguridad","og_description":"Bot\u00f3n de reporte de Phishing El bot\u00f3n de reporte de Phishing permite a los usuarios de su organizaci\u00f3n alertar posibles casos de Phishing de manera segura, para su posterior an\u00e1lisis [&hellip;]","og_url":"https:\/\/smartfense.com\/es-ar\/productos\/plataforma\/boton-reporte-phishing\/","og_site_name":"SMARTFENSE - Concientizaci\u00f3n en ciberseguridad","article_modified_time":"2023-11-14T16:46:51+00:00","og_image":[{"width":2000,"height":1730,"url":"https:\/\/smartfense.com\/file\/2023\/08\/phishingbutton.png","type":"image\/png"}],"twitter_card":"summary_large_image","twitter_misc":{"Tiempo de lectura":"2 minutos"},"schema":{"@context":"https:\/\/schema.org","@graph":[{"@type":"WebPage","@id":"https:\/\/smartfense.com\/es-ar\/productos\/plataforma\/boton-reporte-phishing\/","url":"https:\/\/smartfense.com\/es-ar\/productos\/plataforma\/boton-reporte-phishing\/","name":"Bot\u00f3n de reporte de Phishing - SMARTFENSE - Concientizaci\u00f3n en ciberseguridad","isPartOf":{"@id":"https:\/\/smartfense.com\/es-ar\/#website"},"primaryImageOfPage":{"@id":"https:\/\/smartfense.com\/es-ar\/productos\/plataforma\/boton-reporte-phishing\/#primaryimage"},"image":{"@id":"https:\/\/smartfense.com\/es-ar\/productos\/plataforma\/boton-reporte-phishing\/#primaryimage"},"thumbnailUrl":"https:\/\/smartfense.com\/file\/2023\/08\/phishingbutton.png","datePublished":"2023-08-18T05:05:18+00:00","dateModified":"2023-11-14T16:46:51+00:00","breadcrumb":{"@id":"https:\/\/smartfense.com\/es-ar\/productos\/plataforma\/boton-reporte-phishing\/#breadcrumb"},"inLanguage":"es-AR","potentialAction":[{"@type":"ReadAction","target":["https:\/\/smartfense.com\/es-ar\/productos\/plataforma\/boton-reporte-phishing\/"]}]},{"@type":"ImageObject","inLanguage":"es-AR","@id":"https:\/\/smartfense.com\/es-ar\/productos\/plataforma\/boton-reporte-phishing\/#primaryimage","url":"https:\/\/smartfense.com\/file\/2023\/08\/phishingbutton.png","contentUrl":"https:\/\/smartfense.com\/file\/2023\/08\/phishingbutton.png","width":2000,"height":1730},{"@type":"BreadcrumbList","@id":"https:\/\/smartfense.com\/es-ar\/productos\/plataforma\/boton-reporte-phishing\/#breadcrumb","itemListElement":[{"@type":"ListItem","position":1,"name":"Portada","item":"https:\/\/smartfense.com\/es-ar\/concientizacion-en-ciberseguridad\/"},{"@type":"ListItem","position":2,"name":"productos","item":"https:\/\/smartfense.com\/es-ar\/productos\/"},{"@type":"ListItem","position":3,"name":"plataforma","item":"https:\/\/smartfense.com\/es-ar\/productos\/plataforma\/"},{"@type":"ListItem","position":4,"name":"Bot\u00f3n de reporte de Phishing"}]},{"@type":"WebSite","@id":"https:\/\/smartfense.com\/es-ar\/#website","url":"https:\/\/smartfense.com\/es-ar\/","name":"SMARTFENSE - Concienciaci\u00f3n en Ciberseguridad","description":"","publisher":{"@id":"https:\/\/smartfense.com\/es-ar\/#organization"},"potentialAction":[{"@type":"SearchAction","target":{"@type":"EntryPoint","urlTemplate":"https:\/\/smartfense.com\/es-ar\/?s={search_term_string}"},"query-input":{"@type":"PropertyValueSpecification","valueRequired":true,"valueName":"search_term_string"}}],"inLanguage":"es-AR"},{"@type":"Organization","@id":"https:\/\/smartfense.com\/es-ar\/#organization","name":"SMARTFENSE","url":"https:\/\/smartfense.com\/es-ar\/","logo":{"@type":"ImageObject","inLanguage":"es-AR","@id":"https:\/\/smartfense.com\/es-ar\/#\/schema\/logo\/image\/","url":"https:\/\/smartfense.com\/file\/2023\/08\/logo-smartfense-240x40-1.png","contentUrl":"https:\/\/smartfense.com\/file\/2023\/08\/logo-smartfense-240x40-1.png","width":241,"height":40,"caption":"SMARTFENSE"},"image":{"@id":"https:\/\/smartfense.com\/es-ar\/#\/schema\/logo\/image\/"}}]}},"_links":{"self":[{"href":"https:\/\/smartfense.com\/es-ar\/wp-json\/wp\/v2\/pages\/11022","targetHints":{"allow":["GET"]}}],"collection":[{"href":"https:\/\/smartfense.com\/es-ar\/wp-json\/wp\/v2\/pages"}],"about":[{"href":"https:\/\/smartfense.com\/es-ar\/wp-json\/wp\/v2\/types\/page"}],"author":[{"embeddable":true,"href":"https:\/\/smartfense.com\/es-ar\/wp-json\/wp\/v2\/users\/1"}],"replies":[{"embeddable":true,"href":"https:\/\/smartfense.com\/es-ar\/wp-json\/wp\/v2\/comments?post=11022"}],"version-history":[{"count":0,"href":"https:\/\/smartfense.com\/es-ar\/wp-json\/wp\/v2\/pages\/11022\/revisions"}],"up":[{"embeddable":true,"href":"https:\/\/smartfense.com\/es-ar\/wp-json\/wp\/v2\/pages\/11934"}],"wp:featuredmedia":[{"embeddable":true,"href":"https:\/\/smartfense.com\/es-ar\/wp-json\/wp\/v2\/media\/11388"}],"wp:attachment":[{"href":"https:\/\/smartfense.com\/es-ar\/wp-json\/wp\/v2\/media?parent=11022"}],"curies":[{"name":"wp","href":"https:\/\/api.w.org\/{rel}","templated":true}]}}