{"id":10546,"date":"2023-08-17T11:21:11","date_gmt":"2023-08-17T09:21:11","guid":{"rendered":"https:\/\/callidusprolab.com\/smartfense\/?page_id=10546"},"modified":"2024-09-18T10:42:09","modified_gmt":"2024-09-18T08:42:09","slug":"gracias","status":"publish","type":"page","link":"https:\/\/smartfense.com\/es-ar\/recursos\/guias-y-whitepapers\/desarmando-a-los-ciberdelincuentes\/gracias\/","title":{"rendered":"Gracias por descargar el Whitepaper: Desarmando a los ciberdelincuentes"},"content":{"rendered":"\t\t<div data-elementor-type=\"wp-page\" data-elementor-id=\"10546\" class=\"elementor elementor-10546 elementor-10544\">\n\t\t\t\t<div class=\"elementor-element elementor-element-baf7a35 e-flex e-con-boxed e-con e-parent\" data-id=\"baf7a35\" data-element_type=\"container\">\n\t\t\t\t\t<div class=\"e-con-inner\">\n\t\t<div class=\"elementor-element elementor-element-0acf31b e-con-full e-flex e-con e-child\" data-id=\"0acf31b\" data-element_type=\"container\">\n\t\t\t\t<div class=\"elementor-element elementor-element-6622698 elementor-widget elementor-widget-text-editor\" data-id=\"6622698\" data-element_type=\"widget\" data-widget_type=\"text-editor.default\">\n\t\t\t\t<div class=\"elementor-widget-container\">\n\t\t\t\t\t\t\t<h3>Tu enlace para descargar el Whitepaper &#8220;Desarmando a los ciberdelincuentes&#8221;.<\/h3>\t\t\t\t\t\t<\/div>\n\t\t\t\t<\/div>\n\t\t\t\t<div class=\"elementor-element elementor-element-24b4efa elementor-widget elementor-widget-html\" data-id=\"24b4efa\" data-element_type=\"widget\" data-widget_type=\"html.default\">\n\t\t\t\t<div class=\"elementor-widget-container\">\n\t\t\t<a href=\"https:\/\/docs.smartfense.com\/DCO0024\/ES-AR\/SMARTFENSE_-_Whitepaper._Desarmando_a_los_ciberdelincuentes:_Herramientas_gratuitas_para_prevenir_ataques_de_Ingenier%C3%ADa_Social.pdf\" class=\"w-btn\">\nDescargar ahora!<\/a>\t\t<\/div>\n\t\t\t\t<\/div>\n\t\t\t\t<div class=\"elementor-element elementor-element-0be5741 elementor-widget elementor-widget-text-editor\" data-id=\"0be5741\" data-element_type=\"widget\" data-widget_type=\"text-editor.default\">\n\t\t\t\t<div class=\"elementor-widget-container\">\n\t\t\t\t\t\t\t<p>Recibir\u00e1s una copia del Whitepaper en un mensaje de correo electr\u00f3nico.<\/p>\t\t\t\t\t\t<\/div>\n\t\t\t\t<\/div>\n\t\t\t\t<\/div>\n\t\t<div class=\"elementor-element elementor-element-dae0d6d e-con-full e-flex elementor-invisible e-con e-child\" data-id=\"dae0d6d\" data-element_type=\"container\" data-settings=\"{&quot;animation&quot;:&quot;fadeInRight&quot;}\">\n\t\t\t\t<div class=\"elementor-element elementor-element-a1d5304 elementor-widget elementor-widget-image\" data-id=\"a1d5304\" data-element_type=\"widget\" data-widget_type=\"image.default\">\n\t\t\t\t<div class=\"elementor-widget-container\">\n\t\t\t\t\t\t\t\t\t\t\t\t\t<img fetchpriority=\"high\" decoding=\"async\" width=\"640\" height=\"336\" src=\"https:\/\/smartfense.com\/file\/2023\/07\/desarmando-ciberdelincuentes-comp-1200px-1024x538.jpg\" class=\"attachment-large size-large wp-image-5161\" alt=\"\" srcset=\"https:\/\/smartfense.com\/file\/2023\/07\/desarmando-ciberdelincuentes-comp-1200px-1024x538.jpg 1024w, https:\/\/smartfense.com\/file\/2023\/07\/desarmando-ciberdelincuentes-comp-1200px-300x158.jpg 300w, https:\/\/smartfense.com\/file\/2023\/07\/desarmando-ciberdelincuentes-comp-1200px-768x403.jpg 768w, https:\/\/smartfense.com\/file\/2023\/07\/desarmando-ciberdelincuentes-comp-1200px.jpg 1200w\" sizes=\"(max-width: 640px) 100vw, 640px\" \/>\t\t\t\t\t\t\t\t\t\t\t\t\t<\/div>\n\t\t\t\t<\/div>\n\t\t\t\t<\/div>\n\t\t\t\t\t<\/div>\n\t\t\t\t<\/div>\n\t\t<div class=\"elementor-element elementor-element-4fbc8a6 e-flex e-con-boxed e-con e-parent\" data-id=\"4fbc8a6\" data-element_type=\"container\" data-settings=\"{&quot;animation&quot;:&quot;none&quot;}\">\n\t\t\t\t\t<div class=\"e-con-inner\">\n\t\t\t\t<div class=\"elementor-element elementor-element-b289a97 elementor-widget elementor-widget-post_list bdevs-el post_list\" data-id=\"b289a97\" data-element_type=\"widget\" data-widget_type=\"post_list.default\">\n\t\t\t\t<div class=\"elementor-widget-container\">\n\t\t\t\n\n\n <section class=\"blog__area pt-60 pb-60 p-relative\">\n\n\n <div class=\"container\">\n\n <div class=\"row\">\n\n <div class=\"col-12\">\n\n <div class=\"section__title-wrapper section__title-wrapper-2 mb-50 wow fadeInUp2 section-padding section-padding-2 p-0\" data-wow-delay=\".3s\">\n\n \n <span class=\"section__pre-title\">Desde nuestro Blog<\/span>\n\n \n\n\n <h2 class=\"section__title section__title-2 bdevs-el-title\">Quieres saber m\u00e1s sobre Ingenier\u00eda Social?<\/h2>\n \n <\/div>\n\n <\/div>\n\n <\/div>\n\n <div class=\"row\">\n\n \n <div class=\"col-xxl-4 col-xl-4 col-lg-4 col-md-6 wow fadeInUp2\" data-wow-delay=\".3s\">\n\n <div class=\"blog__item white-bg mb-30 bdevselement-post-list\">\n\n \n <div class=\"blog__thumb fix w-img\">\n\n <a href=\"https:\/\/smartfense.com\/es-ar\/blog\/por-que-seguimos-cayendo-en-ingenieria-social\/\">\n\n <img decoding=\"async\" src=\"https:\/\/smartfense.com\/file\/2025\/12\/ingenieria-social.jpg\" alt=\"image\">\n\n <\/a>\n\n <\/div>\n\n \n <div class=\"blog__content pt-20\">\n\n \n\n\n <h3 class=\"item_title bdevs-post-title blog__title\"><a href=\"https:\/\/smartfense.com\/es-ar\/blog\/por-que-seguimos-cayendo-en-ingenieria-social\/\">\u00bfPor qu\u00e9 seguimos cayendo en ingenier\u00eda social?<\/a><\/h3><p>Aunque usemos filtros y herramientas de seguridad, la ingenier\u00eda social sigue funcionando por una raz\u00f3n sencilla. No ataca primero a la tecnolog\u00eda; ataca c\u00f3mo decidimos las personas. En muchos incidentes, [&hellip;]\n\n\n \n \n \n\n <\/div>\n\n <\/div>\n\n <\/div>\n\n \n <div class=\"col-xxl-4 col-xl-4 col-lg-4 col-md-6 wow fadeInUp2\" data-wow-delay=\".3s\">\n\n <div class=\"blog__item white-bg mb-30 bdevselement-post-list\">\n\n \n <div class=\"blog__thumb fix w-img\">\n\n <a href=\"https:\/\/smartfense.com\/es-ar\/blog\/como-los-nudges-y-los-momentos-educativos-moldean-el-comportamiento\/\">\n\n <img decoding=\"async\" src=\"https:\/\/smartfense.com\/file\/2025\/03\/nudges.jpg\" alt=\"image\">\n\n <\/a>\n\n <\/div>\n\n \n <div class=\"blog__content pt-20\">\n\n \n\n\n <h3 class=\"item_title bdevs-post-title blog__title\"><a href=\"https:\/\/smartfense.com\/es-ar\/blog\/como-los-nudges-y-los-momentos-educativos-moldean-el-comportamiento\/\">De la prevenci\u00f3n a la correcci\u00f3n: C\u00f3mo los Nudges y los Momentos Educativos moldean el comportamiento<\/a><\/h3><p>Imaginemos que estamos en medio de una monta\u00f1a sin un mapa ni se\u00f1ales claras de direcci\u00f3n. No sabemos exactamente hacia d\u00f3nde ir, pero de repente vemos unas huellas de personas [&hellip;]\n\n\n \n \n \n\n <\/div>\n\n <\/div>\n\n <\/div>\n\n \n <div class=\"col-xxl-4 col-xl-4 col-lg-4 col-md-6 wow fadeInUp2\" data-wow-delay=\".3s\">\n\n <div class=\"blog__item white-bg mb-30 bdevselement-post-list\">\n\n \n <div class=\"blog__thumb fix w-img\">\n\n <a href=\"https:\/\/smartfense.com\/es-ar\/blog\/la-ciberseguridad-comienza-con-las-personas-mauro-graziosi-en-forbes\/\">\n\n <img decoding=\"async\" src=\"https:\/\/smartfense.com\/file\/2025\/01\/Mauro-Graziosi-SMARTFENSE.jpg\" alt=\"image\">\n\n <\/a>\n\n <\/div>\n\n \n <div class=\"blog__content pt-20\">\n\n \n\n\n <h3 class=\"item_title bdevs-post-title blog__title\"><a href=\"https:\/\/smartfense.com\/es-ar\/blog\/la-ciberseguridad-comienza-con-las-personas-mauro-graziosi-en-forbes\/\">La ciberseguridad comienza con las personas: Mauro Graziosi en Forbes<\/a><\/h3><p>Nuestro CEO, Mauro Graziosi, fue entrevistado recientemente por la prestigiosa revista Forbes en un art\u00edculo que toca un tema clave para el futuro de la ciberseguridad: \u201cLas personas son la [&hellip;]\n\n\n \n \n \n\n <\/div>\n\n <\/div>\n\n <\/div>\n\n \n <\/div>\n\n <div class=\"row\">\n\n <div class=\"col-xxl-12 wow fadeInUp2\" data-wow-delay=\".9s\">\n\n <div class=\"blog__more text-center mt-40\">\n\n <a class=\"w-btn w-btn-6 bdevs-btn\" href=\"https:\/\/smartfense.com\/blog\/\" href=\"https:\/\/smartfense.com\/blog\/\">Ir al Blog<\/a>\n <\/div>\n\n <\/div>\n\n <\/div>\n\n <\/div>\n\n <\/section>\n\n\n\n \t\t<\/div>\n\t\t\t\t<\/div>\n\t\t\t\t\t<\/div>\n\t\t\t\t<\/div>\n\t\t\t\t<\/div>\n\t\t","protected":false},"excerpt":{"rendered":"<p>Tu enlace para descargar el Whitepaper &#8220;Desarmando a los ciberdelincuentes&#8221;. Descargar ahora! Recibir\u00e1s una copia del Whitepaper en un mensaje de correo electr\u00f3nico. Desde nuestro Blog Quieres saber m\u00e1s sobre [&hellip;]<\/p>\n","protected":false},"author":1,"featured_media":5161,"parent":9117,"menu_order":0,"comment_status":"closed","ping_status":"closed","template":"elementor_header_footer","meta":{"_acf_changed":false,"footnotes":""},"class_list":["post-10546","page","type-page","status-publish","has-post-thumbnail","hentry"],"acf":[],"yoast_head":" \n<title>Gracias por descargar el Whitepaper: Desarmando a los ciberdelincuentes - SMARTFENSE - Concientizaci\u00f3n en ciberseguridad<\/title>\n<meta name=\"robots\" content=\"index, follow, max-snippet:-1, max-image-preview:large, max-video-preview:-1\" \/>\n<link rel=\"canonical\" href=\"https:\/\/smartfense.com\/es-ar\/recursos\/guias-y-whitepapers\/desarmando-a-los-ciberdelincuentes\/gracias\/\" \/>\n<meta property=\"og:locale\" content=\"es_ES\" \/>\n<meta property=\"og:type\" content=\"article\" \/>\n<meta property=\"og:title\" content=\"Gracias por descargar el Whitepaper: Desarmando a los ciberdelincuentes - SMARTFENSE - Concientizaci\u00f3n en ciberseguridad\" \/>\n<meta property=\"og:description\" content=\"Tu enlace para descargar el Whitepaper &#8220;Desarmando a los ciberdelincuentes&#8221;. Descargar ahora! Recibir\u00e1s una copia del Whitepaper en un mensaje de correo electr\u00f3nico. Desde nuestro Blog Quieres saber m\u00e1s sobre [&hellip;]\" \/>\n<meta property=\"og:url\" content=\"https:\/\/smartfense.com\/es-ar\/recursos\/guias-y-whitepapers\/desarmando-a-los-ciberdelincuentes\/gracias\/\" \/>\n<meta property=\"og:site_name\" content=\"SMARTFENSE - Concientizaci\u00f3n en ciberseguridad\" \/>\n<meta property=\"article:modified_time\" content=\"2024-09-18T08:42:09+00:00\" \/>\n<meta property=\"og:image\" content=\"https:\/\/smartfense.com\/file\/2023\/07\/desarmando-ciberdelincuentes-comp-1200px.jpg\" \/>\n\t<meta property=\"og:image:width\" content=\"1200\" \/>\n\t<meta property=\"og:image:height\" content=\"630\" \/>\n\t<meta property=\"og:image:type\" content=\"image\/jpeg\" \/>\n<meta name=\"twitter:card\" content=\"summary_large_image\" \/>\n<meta name=\"twitter:label1\" content=\"Tiempo de lectura\" \/>\n\t<meta name=\"twitter:data1\" content=\"3 minutos\" \/>\n<script type=\"application\/ld+json\" class=\"yoast-schema-graph\">{\"@context\":\"https:\\\/\\\/schema.org\",\"@graph\":[{\"@type\":\"WebPage\",\"@id\":\"https:\\\/\\\/smartfense.com\\\/es-ar\\\/recursos\\\/guias-y-whitepapers\\\/desarmando-a-los-ciberdelincuentes\\\/gracias\\\/\",\"url\":\"https:\\\/\\\/smartfense.com\\\/es-ar\\\/recursos\\\/guias-y-whitepapers\\\/desarmando-a-los-ciberdelincuentes\\\/gracias\\\/\",\"name\":\"Gracias por descargar el Whitepaper: Desarmando a los ciberdelincuentes - SMARTFENSE - Concientizaci\u00f3n en ciberseguridad\",\"isPartOf\":{\"@id\":\"https:\\\/\\\/smartfense.com\\\/es-ar\\\/#website\"},\"primaryImageOfPage\":{\"@id\":\"https:\\\/\\\/smartfense.com\\\/es-ar\\\/recursos\\\/guias-y-whitepapers\\\/desarmando-a-los-ciberdelincuentes\\\/gracias\\\/#primaryimage\"},\"image\":{\"@id\":\"https:\\\/\\\/smartfense.com\\\/es-ar\\\/recursos\\\/guias-y-whitepapers\\\/desarmando-a-los-ciberdelincuentes\\\/gracias\\\/#primaryimage\"},\"thumbnailUrl\":\"https:\\\/\\\/smartfense.com\\\/wp-content\\\/uploads\\\/2023\\\/07\\\/desarmando-ciberdelincuentes-comp-1200px.jpg\",\"datePublished\":\"2023-08-17T09:21:11+00:00\",\"dateModified\":\"2024-09-18T08:42:09+00:00\",\"breadcrumb\":{\"@id\":\"https:\\\/\\\/smartfense.com\\\/es-ar\\\/recursos\\\/guias-y-whitepapers\\\/desarmando-a-los-ciberdelincuentes\\\/gracias\\\/#breadcrumb\"},\"inLanguage\":\"es-AR\",\"potentialAction\":[{\"@type\":\"ReadAction\",\"target\":[\"https:\\\/\\\/smartfense.com\\\/es-ar\\\/recursos\\\/guias-y-whitepapers\\\/desarmando-a-los-ciberdelincuentes\\\/gracias\\\/\"]}]},{\"@type\":\"ImageObject\",\"inLanguage\":\"es-AR\",\"@id\":\"https:\\\/\\\/smartfense.com\\\/es-ar\\\/recursos\\\/guias-y-whitepapers\\\/desarmando-a-los-ciberdelincuentes\\\/gracias\\\/#primaryimage\",\"url\":\"https:\\\/\\\/smartfense.com\\\/wp-content\\\/uploads\\\/2023\\\/07\\\/desarmando-ciberdelincuentes-comp-1200px.jpg\",\"contentUrl\":\"https:\\\/\\\/smartfense.com\\\/wp-content\\\/uploads\\\/2023\\\/07\\\/desarmando-ciberdelincuentes-comp-1200px.jpg\",\"width\":1200,\"height\":630},{\"@type\":\"BreadcrumbList\",\"@id\":\"https:\\\/\\\/smartfense.com\\\/es-ar\\\/recursos\\\/guias-y-whitepapers\\\/desarmando-a-los-ciberdelincuentes\\\/gracias\\\/#breadcrumb\",\"itemListElement\":[{\"@type\":\"ListItem\",\"position\":1,\"name\":\"Portada\",\"item\":\"https:\\\/\\\/smartfense.com\\\/es-ar\\\/concientizacion-en-ciberseguridad\\\/\"},{\"@type\":\"ListItem\",\"position\":2,\"name\":\"Recursos\",\"item\":\"https:\\\/\\\/smartfense.com\\\/es-ar\\\/recursos\\\/\"},{\"@type\":\"ListItem\",\"position\":3,\"name\":\"Gu\u00edas y Whitepapers\",\"item\":\"https:\\\/\\\/smartfense.com\\\/es-ar\\\/recursos\\\/guias-y-whitepapers\\\/\"},{\"@type\":\"ListItem\",\"position\":4,\"name\":\"Desarmando a los ciberdelincuentes: Herramientas gratuitas para prevenir ataques de Ingenier\u00eda Social\",\"item\":\"https:\\\/\\\/smartfense.com\\\/es-ar\\\/recursos\\\/guias-y-whitepapers\\\/desarmando-a-los-ciberdelincuentes\\\/\"},{\"@type\":\"ListItem\",\"position\":5,\"name\":\"Gracias por descargar el Whitepaper: Desarmando a los ciberdelincuentes\"}]},{\"@type\":\"WebSite\",\"@id\":\"https:\\\/\\\/smartfense.com\\\/es-ar\\\/#website\",\"url\":\"https:\\\/\\\/smartfense.com\\\/es-ar\\\/\",\"name\":\"SMARTFENSE - Concienciaci\u00f3n en Ciberseguridad\",\"description\":\"\",\"publisher\":{\"@id\":\"https:\\\/\\\/smartfense.com\\\/es-ar\\\/#organization\"},\"potentialAction\":[{\"@type\":\"SearchAction\",\"target\":{\"@type\":\"EntryPoint\",\"urlTemplate\":\"https:\\\/\\\/smartfense.com\\\/es-ar\\\/?s={search_term_string}\"},\"query-input\":{\"@type\":\"PropertyValueSpecification\",\"valueRequired\":true,\"valueName\":\"search_term_string\"}}],\"inLanguage\":\"es-AR\"},{\"@type\":\"Organization\",\"@id\":\"https:\\\/\\\/smartfense.com\\\/es-ar\\\/#organization\",\"name\":\"SMARTFENSE\",\"url\":\"https:\\\/\\\/smartfense.com\\\/es-ar\\\/\",\"logo\":{\"@type\":\"ImageObject\",\"inLanguage\":\"es-AR\",\"@id\":\"https:\\\/\\\/smartfense.com\\\/es-ar\\\/#\\\/schema\\\/logo\\\/image\\\/\",\"url\":\"https:\\\/\\\/smartfense.com\\\/wp-content\\\/uploads\\\/2023\\\/08\\\/logo-smartfense-240x40-1.png\",\"contentUrl\":\"https:\\\/\\\/smartfense.com\\\/wp-content\\\/uploads\\\/2023\\\/08\\\/logo-smartfense-240x40-1.png\",\"width\":241,\"height\":40,\"caption\":\"SMARTFENSE\"},\"image\":{\"@id\":\"https:\\\/\\\/smartfense.com\\\/es-ar\\\/#\\\/schema\\\/logo\\\/image\\\/\"}}]}<\/script>\n ","yoast_head_json":{"title":"Gracias por descargar el Whitepaper: Desarmando a los ciberdelincuentes - SMARTFENSE - Concientizaci\u00f3n en ciberseguridad","robots":{"index":"index","follow":"follow","max-snippet":"max-snippet:-1","max-image-preview":"max-image-preview:large","max-video-preview":"max-video-preview:-1"},"canonical":"https:\/\/smartfense.com\/es-ar\/recursos\/guias-y-whitepapers\/desarmando-a-los-ciberdelincuentes\/gracias\/","og_locale":"es_ES","og_type":"article","og_title":"Gracias por descargar el Whitepaper: Desarmando a los ciberdelincuentes - SMARTFENSE - Concientizaci\u00f3n en ciberseguridad","og_description":"Tu enlace para descargar el Whitepaper &#8220;Desarmando a los ciberdelincuentes&#8221;. Descargar ahora! Recibir\u00e1s una copia del Whitepaper en un mensaje de correo electr\u00f3nico. Desde nuestro Blog Quieres saber m\u00e1s sobre [&hellip;]","og_url":"https:\/\/smartfense.com\/es-ar\/recursos\/guias-y-whitepapers\/desarmando-a-los-ciberdelincuentes\/gracias\/","og_site_name":"SMARTFENSE - Concientizaci\u00f3n en ciberseguridad","article_modified_time":"2024-09-18T08:42:09+00:00","og_image":[{"width":1200,"height":630,"url":"https:\/\/smartfense.com\/file\/2023\/07\/desarmando-ciberdelincuentes-comp-1200px.jpg","type":"image\/jpeg"}],"twitter_card":"summary_large_image","twitter_misc":{"Tiempo de lectura":"3 minutos"},"schema":{"@context":"https:\/\/schema.org","@graph":[{"@type":"WebPage","@id":"https:\/\/smartfense.com\/es-ar\/recursos\/guias-y-whitepapers\/desarmando-a-los-ciberdelincuentes\/gracias\/","url":"https:\/\/smartfense.com\/es-ar\/recursos\/guias-y-whitepapers\/desarmando-a-los-ciberdelincuentes\/gracias\/","name":"Gracias por descargar el Whitepaper: Desarmando a los ciberdelincuentes - SMARTFENSE - Concientizaci\u00f3n en ciberseguridad","isPartOf":{"@id":"https:\/\/smartfense.com\/es-ar\/#website"},"primaryImageOfPage":{"@id":"https:\/\/smartfense.com\/es-ar\/recursos\/guias-y-whitepapers\/desarmando-a-los-ciberdelincuentes\/gracias\/#primaryimage"},"image":{"@id":"https:\/\/smartfense.com\/es-ar\/recursos\/guias-y-whitepapers\/desarmando-a-los-ciberdelincuentes\/gracias\/#primaryimage"},"thumbnailUrl":"https:\/\/smartfense.com\/file\/2023\/07\/desarmando-ciberdelincuentes-comp-1200px.jpg","datePublished":"2023-08-17T09:21:11+00:00","dateModified":"2024-09-18T08:42:09+00:00","breadcrumb":{"@id":"https:\/\/smartfense.com\/es-ar\/recursos\/guias-y-whitepapers\/desarmando-a-los-ciberdelincuentes\/gracias\/#breadcrumb"},"inLanguage":"es-AR","potentialAction":[{"@type":"ReadAction","target":["https:\/\/smartfense.com\/es-ar\/recursos\/guias-y-whitepapers\/desarmando-a-los-ciberdelincuentes\/gracias\/"]}]},{"@type":"ImageObject","inLanguage":"es-AR","@id":"https:\/\/smartfense.com\/es-ar\/recursos\/guias-y-whitepapers\/desarmando-a-los-ciberdelincuentes\/gracias\/#primaryimage","url":"https:\/\/smartfense.com\/file\/2023\/07\/desarmando-ciberdelincuentes-comp-1200px.jpg","contentUrl":"https:\/\/smartfense.com\/file\/2023\/07\/desarmando-ciberdelincuentes-comp-1200px.jpg","width":1200,"height":630},{"@type":"BreadcrumbList","@id":"https:\/\/smartfense.com\/es-ar\/recursos\/guias-y-whitepapers\/desarmando-a-los-ciberdelincuentes\/gracias\/#breadcrumb","itemListElement":[{"@type":"ListItem","position":1,"name":"Portada","item":"https:\/\/smartfense.com\/es-ar\/concientizacion-en-ciberseguridad\/"},{"@type":"ListItem","position":2,"name":"Recursos","item":"https:\/\/smartfense.com\/es-ar\/recursos\/"},{"@type":"ListItem","position":3,"name":"Gu\u00edas y Whitepapers","item":"https:\/\/smartfense.com\/es-ar\/recursos\/guias-y-whitepapers\/"},{"@type":"ListItem","position":4,"name":"Desarmando a los ciberdelincuentes: Herramientas gratuitas para prevenir ataques de Ingenier\u00eda Social","item":"https:\/\/smartfense.com\/es-ar\/recursos\/guias-y-whitepapers\/desarmando-a-los-ciberdelincuentes\/"},{"@type":"ListItem","position":5,"name":"Gracias por descargar el Whitepaper: Desarmando a los ciberdelincuentes"}]},{"@type":"WebSite","@id":"https:\/\/smartfense.com\/es-ar\/#website","url":"https:\/\/smartfense.com\/es-ar\/","name":"SMARTFENSE - Concienciaci\u00f3n en Ciberseguridad","description":"","publisher":{"@id":"https:\/\/smartfense.com\/es-ar\/#organization"},"potentialAction":[{"@type":"SearchAction","target":{"@type":"EntryPoint","urlTemplate":"https:\/\/smartfense.com\/es-ar\/?s={search_term_string}"},"query-input":{"@type":"PropertyValueSpecification","valueRequired":true,"valueName":"search_term_string"}}],"inLanguage":"es-AR"},{"@type":"Organization","@id":"https:\/\/smartfense.com\/es-ar\/#organization","name":"SMARTFENSE","url":"https:\/\/smartfense.com\/es-ar\/","logo":{"@type":"ImageObject","inLanguage":"es-AR","@id":"https:\/\/smartfense.com\/es-ar\/#\/schema\/logo\/image\/","url":"https:\/\/smartfense.com\/file\/2023\/08\/logo-smartfense-240x40-1.png","contentUrl":"https:\/\/smartfense.com\/file\/2023\/08\/logo-smartfense-240x40-1.png","width":241,"height":40,"caption":"SMARTFENSE"},"image":{"@id":"https:\/\/smartfense.com\/es-ar\/#\/schema\/logo\/image\/"}}]}},"_links":{"self":[{"href":"https:\/\/smartfense.com\/es-ar\/wp-json\/wp\/v2\/pages\/10546","targetHints":{"allow":["GET"]}}],"collection":[{"href":"https:\/\/smartfense.com\/es-ar\/wp-json\/wp\/v2\/pages"}],"about":[{"href":"https:\/\/smartfense.com\/es-ar\/wp-json\/wp\/v2\/types\/page"}],"author":[{"embeddable":true,"href":"https:\/\/smartfense.com\/es-ar\/wp-json\/wp\/v2\/users\/1"}],"replies":[{"embeddable":true,"href":"https:\/\/smartfense.com\/es-ar\/wp-json\/wp\/v2\/comments?post=10546"}],"version-history":[{"count":4,"href":"https:\/\/smartfense.com\/es-ar\/wp-json\/wp\/v2\/pages\/10546\/revisions"}],"predecessor-version":[{"id":29418,"href":"https:\/\/smartfense.com\/es-ar\/wp-json\/wp\/v2\/pages\/10546\/revisions\/29418"}],"up":[{"embeddable":true,"href":"https:\/\/smartfense.com\/es-ar\/wp-json\/wp\/v2\/pages\/9117"}],"wp:featuredmedia":[{"embeddable":true,"href":"https:\/\/smartfense.com\/es-ar\/wp-json\/wp\/v2\/media\/5161"}],"wp:attachment":[{"href":"https:\/\/smartfense.com\/es-ar\/wp-json\/wp\/v2\/media?parent=10546"}],"curies":[{"name":"wp","href":"https:\/\/api.w.org\/{rel}","templated":true}]}}